{"id":5690,"date":"2022-02-22T19:29:41","date_gmt":"2022-02-22T19:29:41","guid":{"rendered":"http:\/\/aplusintelligence.ctechnology.ao\/?page_id=5690"},"modified":"2022-04-24T15:54:50","modified_gmt":"2022-04-24T15:54:50","slug":"sobre-nos","status":"publish","type":"page","link":"https:\/\/cyberlogics.ao\/index.php\/sobre-nos\/","title":{"rendered":"Sobre nos"},"content":{"rendered":"\t\t<div data-elementor-type=\"wp-page\" data-elementor-id=\"5690\" class=\"elementor elementor-5690\">\n\t\t\t\t\t\t<section class=\"elementor-section elementor-top-section elementor-element elementor-element-2eb80bb elementor-section-stretched elementor-section-boxed elementor-section-height-default elementor-section-height-default\" data-id=\"2eb80bb\" data-element_type=\"section\" data-e-type=\"section\" data-settings=\"{&quot;stretch_section&quot;:&quot;section-stretched&quot;,&quot;background_background&quot;:&quot;classic&quot;}\">\n\t\t\t\t\t\t<div class=\"elementor-container elementor-column-gap-default\">\n\t\t\t\t\t<div class=\"elementor-column elementor-col-100 elementor-top-column elementor-element elementor-element-854fe1b\" data-id=\"854fe1b\" data-element_type=\"column\" data-e-type=\"column\">\n\t\t\t<div class=\"elementor-widget-wrap elementor-element-populated\">\n\t\t\t\t\t\t<div class=\"elementor-element elementor-element-b5130ef elementor-widget elementor-widget-heading\" data-id=\"b5130ef\" data-element_type=\"widget\" data-e-type=\"widget\" data-widget_type=\"heading.default\">\n\t\t\t\t<div class=\"elementor-widget-container\">\n\t\t\t\t\t<h2 class=\"elementor-heading-title elementor-size-default\">CyberLogics - Technologies Lda.<\/h2>\t\t\t\t<\/div>\n\t\t\t\t<\/div>\n\t\t\t\t<div class=\"elementor-element elementor-element-c4d9a08 elementor-widget-divider--view-line elementor-widget elementor-widget-divider\" data-id=\"c4d9a08\" data-element_type=\"widget\" data-e-type=\"widget\" data-widget_type=\"divider.default\">\n\t\t\t\t<div class=\"elementor-widget-container\">\n\t\t\t\t\t\t\t<div class=\"elementor-divider\">\n\t\t\t<span class=\"elementor-divider-separator\">\n\t\t\t\t\t\t<\/span>\n\t\t<\/div>\n\t\t\t\t\t\t<\/div>\n\t\t\t\t<\/div>\n\t\t\t\t<div class=\"elementor-element elementor-element-e3b48e3 elementor-widget elementor-widget-text-editor\" data-id=\"e3b48e3\" data-element_type=\"widget\" data-e-type=\"widget\" data-widget_type=\"text-editor.default\">\n\t\t\t\t<div class=\"elementor-widget-container\">\n\t\t\t\t\t\t\t\t\t<p>A Cyberlogics &#8211; Technologies: \u00e9 uma empresa dedicada \u00e0s \u00e1reas de inform\u00e1tica, seguran\u00e7a eletr\u00f3nica, desenvolvimento e comercializa\u00e7\u00e3o de material de escrit\u00f3rio (papelaria) que iniciou a sua atividade em 2018.<\/p><p>A sua equipa \u00e9 formada por profissionais com forma\u00e7\u00e3o e v\u00e1rios anos de experi\u00eancia nas \u00e1reas de inform\u00e1tica, redes, seguran\u00e7a e telecomunica\u00e7\u00f5es, permitindo criar solu\u00e7\u00f5es funcionais, eficazes e duradouras para os seus clientes.<\/p><p>Na nossa loja (online), poder\u00e1 encontrar uma vasta gama de produtos de excelente qualidade e uma equipa simp\u00e1tica \u00e0 sua disposi\u00e7\u00e3o para o ajudar a encontrar o que precisa.<\/p><p><strong>Objectivos Principais:\u00a0<\/strong><br \/>Satisfazer as expectativas e necessidades dos clientes, oferecendo uma alta qualidade nos produtos, um servi\u00e7o directo e am\u00e1vel. E desta forma ser para todos os clientes a melhor decis\u00e3o no momento de adquirir os seus produtos.<\/p><p><strong>Valores e Princ\u00edpios:<\/strong><\/p><p>\u25cf Satisfa\u00e7\u00e3o do Cliente<\/p><p>\u25cf Honestidade Pessoal e Laboral<\/p><p>\u25cf Responsabilidade<\/p><p>\u25cf Trabalho em Equipa<\/p>\t\t\t\t\t\t\t\t<\/div>\n\t\t\t\t<\/div>\n\t\t\t\t\t<\/div>\n\t\t<\/div>\n\t\t\t\t\t<\/div>\n\t\t<\/section>\n\t\t\t\t<\/div>\n\t\t","protected":false},"excerpt":{"rendered":"<p>CyberLogics &#8211; Technologies Lda. A Cyberlogics &#8211; Technologies: \u00e9 uma empresa dedicada \u00e0s \u00e1reas de inform\u00e1tica, seguran\u00e7a eletr\u00f3nica, desenvolvimento e comercializa\u00e7\u00e3o de material de escrit\u00f3rio (papelaria) que iniciou a sua<\/p>\n","protected":false},"author":1,"featured_media":0,"parent":0,"menu_order":0,"comment_status":"closed","ping_status":"closed","template":"","meta":{"_joinchat":[],"footnotes":""},"class_list":["post-5690","page","type-page","status-publish","hentry"],"yoast_head":"<!-- This site is optimized with the Yoast SEO plugin v27.4 - https:\/\/yoast.com\/product\/yoast-seo-wordpress\/ -->\n<title>Sobre nos - Cyberlogics Technologies Angola<\/title>\n<meta name=\"robots\" content=\"index, follow, max-snippet:-1, max-image-preview:large, max-video-preview:-1\" \/>\n<link rel=\"canonical\" href=\"https:\/\/cyberlogics.ao\/index.php\/sobre-nos\/\" \/>\n<meta property=\"og:locale\" content=\"pt_PT\" \/>\n<meta property=\"og:type\" content=\"article\" \/>\n<meta property=\"og:title\" content=\"Sobre nos - Cyberlogics Technologies Angola\" \/>\n<meta property=\"og:description\" content=\"CyberLogics &#8211; Technologies Lda. A Cyberlogics &#8211; Technologies: \u00e9 uma empresa dedicada \u00e0s \u00e1reas de inform\u00e1tica, seguran\u00e7a eletr\u00f3nica, desenvolvimento e comercializa\u00e7\u00e3o de material de escrit\u00f3rio (papelaria) que iniciou a sua\" \/>\n<meta property=\"og:url\" content=\"https:\/\/cyberlogics.ao\/index.php\/sobre-nos\/\" \/>\n<meta property=\"og:site_name\" content=\"Cyberlogics Technologies Angola\" \/>\n<meta property=\"article:modified_time\" content=\"2022-04-24T15:54:50+00:00\" \/>\n<meta name=\"twitter:card\" content=\"summary_large_image\" \/>\n<meta name=\"twitter:label1\" content=\"Tempo estimado de leitura\" \/>\n\t<meta name=\"twitter:data1\" content=\"1 minuto\" \/>\n<script type=\"application\/ld+json\" class=\"yoast-schema-graph\">{\"@context\":\"https:\\\/\\\/schema.org\",\"@graph\":[{\"@type\":\"WebPage\",\"@id\":\"https:\\\/\\\/cyberlogics.ao\\\/index.php\\\/sobre-nos\\\/\",\"url\":\"https:\\\/\\\/cyberlogics.ao\\\/index.php\\\/sobre-nos\\\/\",\"name\":\"Sobre nos - Cyberlogics Technologies Angola\",\"isPartOf\":{\"@id\":\"https:\\\/\\\/cyberlogics.ao\\\/#website\"},\"datePublished\":\"2022-02-22T19:29:41+00:00\",\"dateModified\":\"2022-04-24T15:54:50+00:00\",\"breadcrumb\":{\"@id\":\"https:\\\/\\\/cyberlogics.ao\\\/index.php\\\/sobre-nos\\\/#breadcrumb\"},\"inLanguage\":\"pt-PT\",\"potentialAction\":[{\"@type\":\"ReadAction\",\"target\":[\"https:\\\/\\\/cyberlogics.ao\\\/index.php\\\/sobre-nos\\\/\"]}]},{\"@type\":\"BreadcrumbList\",\"@id\":\"https:\\\/\\\/cyberlogics.ao\\\/index.php\\\/sobre-nos\\\/#breadcrumb\",\"itemListElement\":[{\"@type\":\"ListItem\",\"position\":1,\"name\":\"In\u00edcio\",\"item\":\"https:\\\/\\\/cyberlogics.ao\\\/\"},{\"@type\":\"ListItem\",\"position\":2,\"name\":\"Sobre nos\"}]},{\"@type\":\"WebSite\",\"@id\":\"https:\\\/\\\/cyberlogics.ao\\\/#website\",\"url\":\"https:\\\/\\\/cyberlogics.ao\\\/\",\"name\":\"Cyberlogics Technologies Angola\",\"description\":\"Loja Online de Licen\u00e7as de Softwares e Inform\u00e1tica\",\"publisher\":{\"@id\":\"https:\\\/\\\/cyberlogics.ao\\\/#organization\"},\"potentialAction\":[{\"@type\":\"SearchAction\",\"target\":{\"@type\":\"EntryPoint\",\"urlTemplate\":\"https:\\\/\\\/cyberlogics.ao\\\/?s={search_term_string}\"},\"query-input\":{\"@type\":\"PropertyValueSpecification\",\"valueRequired\":true,\"valueName\":\"search_term_string\"}}],\"inLanguage\":\"pt-PT\"},{\"@type\":\"Organization\",\"@id\":\"https:\\\/\\\/cyberlogics.ao\\\/#organization\",\"name\":\"Cyberlogics Ao Technologies - Loja Online de Licen\u00e7as de Softwares e Inform\u00e1tica\",\"url\":\"https:\\\/\\\/cyberlogics.ao\\\/\",\"logo\":{\"@type\":\"ImageObject\",\"inLanguage\":\"pt-PT\",\"@id\":\"https:\\\/\\\/cyberlogics.ao\\\/#\\\/schema\\\/logo\\\/image\\\/\",\"url\":\"https:\\\/\\\/cyberlogics.ao\\\/wp-content\\\/uploads\\\/2022\\\/04\\\/CT-logo.png\",\"contentUrl\":\"https:\\\/\\\/cyberlogics.ao\\\/wp-content\\\/uploads\\\/2022\\\/04\\\/CT-logo.png\",\"width\":190,\"height\":75,\"caption\":\"Cyberlogics Ao Technologies - Loja Online de Licen\u00e7as de Softwares e Inform\u00e1tica\"},\"image\":{\"@id\":\"https:\\\/\\\/cyberlogics.ao\\\/#\\\/schema\\\/logo\\\/image\\\/\"}}]}<\/script>\n<!-- \/ Yoast SEO plugin. -->","yoast_head_json":{"title":"Sobre nos - Cyberlogics Technologies Angola","robots":{"index":"index","follow":"follow","max-snippet":"max-snippet:-1","max-image-preview":"max-image-preview:large","max-video-preview":"max-video-preview:-1"},"canonical":"https:\/\/cyberlogics.ao\/index.php\/sobre-nos\/","og_locale":"pt_PT","og_type":"article","og_title":"Sobre nos - Cyberlogics Technologies Angola","og_description":"CyberLogics &#8211; Technologies Lda. A Cyberlogics &#8211; Technologies: \u00e9 uma empresa dedicada \u00e0s \u00e1reas de inform\u00e1tica, seguran\u00e7a eletr\u00f3nica, desenvolvimento e comercializa\u00e7\u00e3o de material de escrit\u00f3rio (papelaria) que iniciou a sua","og_url":"https:\/\/cyberlogics.ao\/index.php\/sobre-nos\/","og_site_name":"Cyberlogics Technologies Angola","article_modified_time":"2022-04-24T15:54:50+00:00","twitter_card":"summary_large_image","twitter_misc":{"Tempo estimado de leitura":"1 minuto"},"schema":{"@context":"https:\/\/schema.org","@graph":[{"@type":"WebPage","@id":"https:\/\/cyberlogics.ao\/index.php\/sobre-nos\/","url":"https:\/\/cyberlogics.ao\/index.php\/sobre-nos\/","name":"Sobre nos - Cyberlogics Technologies Angola","isPartOf":{"@id":"https:\/\/cyberlogics.ao\/#website"},"datePublished":"2022-02-22T19:29:41+00:00","dateModified":"2022-04-24T15:54:50+00:00","breadcrumb":{"@id":"https:\/\/cyberlogics.ao\/index.php\/sobre-nos\/#breadcrumb"},"inLanguage":"pt-PT","potentialAction":[{"@type":"ReadAction","target":["https:\/\/cyberlogics.ao\/index.php\/sobre-nos\/"]}]},{"@type":"BreadcrumbList","@id":"https:\/\/cyberlogics.ao\/index.php\/sobre-nos\/#breadcrumb","itemListElement":[{"@type":"ListItem","position":1,"name":"In\u00edcio","item":"https:\/\/cyberlogics.ao\/"},{"@type":"ListItem","position":2,"name":"Sobre nos"}]},{"@type":"WebSite","@id":"https:\/\/cyberlogics.ao\/#website","url":"https:\/\/cyberlogics.ao\/","name":"Cyberlogics Technologies Angola","description":"Loja Online de Licen\u00e7as de Softwares e Inform\u00e1tica","publisher":{"@id":"https:\/\/cyberlogics.ao\/#organization"},"potentialAction":[{"@type":"SearchAction","target":{"@type":"EntryPoint","urlTemplate":"https:\/\/cyberlogics.ao\/?s={search_term_string}"},"query-input":{"@type":"PropertyValueSpecification","valueRequired":true,"valueName":"search_term_string"}}],"inLanguage":"pt-PT"},{"@type":"Organization","@id":"https:\/\/cyberlogics.ao\/#organization","name":"Cyberlogics Ao Technologies - Loja Online de Licen\u00e7as de Softwares e Inform\u00e1tica","url":"https:\/\/cyberlogics.ao\/","logo":{"@type":"ImageObject","inLanguage":"pt-PT","@id":"https:\/\/cyberlogics.ao\/#\/schema\/logo\/image\/","url":"https:\/\/cyberlogics.ao\/wp-content\/uploads\/2022\/04\/CT-logo.png","contentUrl":"https:\/\/cyberlogics.ao\/wp-content\/uploads\/2022\/04\/CT-logo.png","width":190,"height":75,"caption":"Cyberlogics Ao Technologies - Loja Online de Licen\u00e7as de Softwares e Inform\u00e1tica"},"image":{"@id":"https:\/\/cyberlogics.ao\/#\/schema\/logo\/image\/"}}]}},"_links":{"self":[{"href":"https:\/\/cyberlogics.ao\/index.php\/wp-json\/wp\/v2\/pages\/5690","targetHints":{"allow":["GET"]}}],"collection":[{"href":"https:\/\/cyberlogics.ao\/index.php\/wp-json\/wp\/v2\/pages"}],"about":[{"href":"https:\/\/cyberlogics.ao\/index.php\/wp-json\/wp\/v2\/types\/page"}],"author":[{"embeddable":true,"href":"https:\/\/cyberlogics.ao\/index.php\/wp-json\/wp\/v2\/users\/1"}],"replies":[{"embeddable":true,"href":"https:\/\/cyberlogics.ao\/index.php\/wp-json\/wp\/v2\/comments?post=5690"}],"version-history":[{"count":17,"href":"https:\/\/cyberlogics.ao\/index.php\/wp-json\/wp\/v2\/pages\/5690\/revisions"}],"predecessor-version":[{"id":6104,"href":"https:\/\/cyberlogics.ao\/index.php\/wp-json\/wp\/v2\/pages\/5690\/revisions\/6104"}],"wp:attachment":[{"href":"https:\/\/cyberlogics.ao\/index.php\/wp-json\/wp\/v2\/media?parent=5690"}],"curies":[{"name":"wp","href":"https:\/\/api.w.org\/{rel}","templated":true}]}}