{"id":10116,"date":"2025-09-30T14:00:02","date_gmt":"2025-09-30T14:00:02","guid":{"rendered":"https:\/\/cyberlogics.ao\/?post_type=product&#038;p=10116"},"modified":"2025-09-30T14:00:02","modified_gmt":"2025-09-30T14:00:02","slug":"modulo-patch-pannel-24-pt-cat5e-cat-6-ftp-preto","status":"publish","type":"product","link":"https:\/\/cyberlogics.ao\/index.php\/product\/modulo-patch-pannel-24-pt-cat5e-cat-6-ftp-preto\/","title":{"rendered":"MODULO PATCH PANNEL-24 PT CAT5E\/CAT 6 FTP PRETO"},"content":{"rendered":"<p>O Patch Panel modular UTP da WP CABLING Professional foi projetado para facilitar uma interven\u00e7\u00e3o t\u00e9cnica nos conectores keystone mesmo ap\u00f3s a instala\u00e7\u00e3o, gra\u00e7as aos m\u00f3dulos remov\u00edveis na parte frontal.\u00a0Ele \u00e9 dividido em quatro m\u00f3dulos de 6 portas para um total de 24 portas e \u00e9 compat\u00edvel com conectores sem ferramentas WP Cabling Categoria 5e, 6 e 6a.\u00a0Uma bandeja de gerenciamento traseira remov\u00edvel com posi\u00e7\u00f5es de bra\u00e7adeiras de cabos projetadas especificamente \u00e9 fornecida com cada painel, que \u00e9 instalado sem a necessidade de ferramentas ou fixa\u00e7\u00f5es, bastando encaix\u00e1-lo no lugar.<\/p>\n","protected":false},"excerpt":{"rendered":"<p id=\"product_reference\"><label>Part-Number:<\/label>\u00a0<span class=\"editable\">WPC-PAN-BUP24<\/span><\/p>\n","protected":false},"featured_media":10117,"comment_status":"open","ping_status":"closed","template":"","meta":{"_joinchat":[]},"product_brand":[],"product_cat":[753,735],"product_tag":[],"class_list":{"0":"post-10116","1":"product","2":"type-product","3":"status-publish","4":"has-post-thumbnail","6":"product_cat-acessorios-bastidores","7":"product_cat-patch-pannel-acessorios-ativos","9":"first","10":"instock","11":"shipping-taxable","12":"purchasable","13":"product-type-simple"},"yoast_head":"<!-- This site is optimized with the Yoast SEO plugin v27.4 - https:\/\/yoast.com\/product\/yoast-seo-wordpress\/ -->\n<title>MODULO PATCH PANNEL-24 PT CAT5E\/CAT 6 FTP PRETO - Cyberlogics Technologies Angola<\/title>\n<meta name=\"description\" content=\"A Maior Loja Online de Angola de Licen\u00e7as Microsoft Office | Chaves Sistemas Operativos Windows | Antiv\u00edrus | Cloud Adobe | Inform\u00e1tica &amp; Servidores | Softwares de Gest\u00e3o ERP | Gaming Hardware | UPS e Baterias &amp; Muito Mais...\" \/>\n<meta name=\"robots\" content=\"index, follow, max-snippet:-1, max-image-preview:large, max-video-preview:-1\" \/>\n<link rel=\"canonical\" href=\"https:\/\/cyberlogics.ao\/index.php\/product\/modulo-patch-pannel-24-pt-cat5e-cat-6-ftp-preto\/\" \/>\n<meta property=\"og:locale\" content=\"pt_PT\" \/>\n<meta property=\"og:type\" content=\"article\" \/>\n<meta property=\"og:title\" content=\"MODULO PATCH PANNEL-24 PT CAT5E\/CAT 6 FTP PRETO - Cyberlogics Technologies Angola\" \/>\n<meta property=\"og:description\" content=\"A Maior Loja Online de Angola de Licen\u00e7as Microsoft Office | Chaves Sistemas Operativos Windows | Antiv\u00edrus | Cloud Adobe | Inform\u00e1tica &amp; Servidores | Softwares de Gest\u00e3o ERP | Gaming Hardware | UPS e Baterias &amp; Muito Mais...\" \/>\n<meta property=\"og:url\" content=\"https:\/\/cyberlogics.ao\/index.php\/product\/modulo-patch-pannel-24-pt-cat5e-cat-6-ftp-preto\/\" \/>\n<meta property=\"og:site_name\" content=\"Cyberlogics Technologies Angola\" \/>\n<meta property=\"og:image\" content=\"http:\/\/cyberlogics.ao\/wp-content\/uploads\/2025\/09\/modulo-patch-pannel-24-pt-cat5ecat-6-ftp-preto.jpg\" \/>\n\t<meta property=\"og:image:width\" content=\"400\" \/>\n\t<meta property=\"og:image:height\" content=\"400\" \/>\n\t<meta property=\"og:image:type\" content=\"image\/jpeg\" \/>\n<meta name=\"twitter:card\" content=\"summary_large_image\" \/>\n<script type=\"application\/ld+json\" class=\"yoast-schema-graph\">{\"@context\":\"https:\\\/\\\/schema.org\",\"@graph\":[{\"@type\":\"WebPage\",\"@id\":\"https:\\\/\\\/cyberlogics.ao\\\/index.php\\\/product\\\/modulo-patch-pannel-24-pt-cat5e-cat-6-ftp-preto\\\/\",\"url\":\"https:\\\/\\\/cyberlogics.ao\\\/index.php\\\/product\\\/modulo-patch-pannel-24-pt-cat5e-cat-6-ftp-preto\\\/\",\"name\":\"MODULO PATCH PANNEL-24 PT CAT5E\\\/CAT 6 FTP PRETO - Cyberlogics Technologies Angola\",\"isPartOf\":{\"@id\":\"https:\\\/\\\/cyberlogics.ao\\\/#website\"},\"primaryImageOfPage\":{\"@id\":\"https:\\\/\\\/cyberlogics.ao\\\/index.php\\\/product\\\/modulo-patch-pannel-24-pt-cat5e-cat-6-ftp-preto\\\/#primaryimage\"},\"image\":{\"@id\":\"https:\\\/\\\/cyberlogics.ao\\\/index.php\\\/product\\\/modulo-patch-pannel-24-pt-cat5e-cat-6-ftp-preto\\\/#primaryimage\"},\"thumbnailUrl\":\"https:\\\/\\\/cyberlogics.ao\\\/wp-content\\\/uploads\\\/2025\\\/09\\\/modulo-patch-pannel-24-pt-cat5ecat-6-ftp-preto.jpg\",\"datePublished\":\"2025-09-30T14:00:02+00:00\",\"description\":\"A Maior Loja Online de Angola de Licen\u00e7as Microsoft Office | Chaves Sistemas Operativos Windows | Antiv\u00edrus | Cloud Adobe | Inform\u00e1tica & Servidores | Softwares de Gest\u00e3o ERP | Gaming Hardware | UPS e Baterias & Muito Mais...\",\"breadcrumb\":{\"@id\":\"https:\\\/\\\/cyberlogics.ao\\\/index.php\\\/product\\\/modulo-patch-pannel-24-pt-cat5e-cat-6-ftp-preto\\\/#breadcrumb\"},\"inLanguage\":\"pt-PT\",\"potentialAction\":[{\"@type\":\"ReadAction\",\"target\":[\"https:\\\/\\\/cyberlogics.ao\\\/index.php\\\/product\\\/modulo-patch-pannel-24-pt-cat5e-cat-6-ftp-preto\\\/\"]}]},{\"@type\":\"ImageObject\",\"inLanguage\":\"pt-PT\",\"@id\":\"https:\\\/\\\/cyberlogics.ao\\\/index.php\\\/product\\\/modulo-patch-pannel-24-pt-cat5e-cat-6-ftp-preto\\\/#primaryimage\",\"url\":\"https:\\\/\\\/cyberlogics.ao\\\/wp-content\\\/uploads\\\/2025\\\/09\\\/modulo-patch-pannel-24-pt-cat5ecat-6-ftp-preto.jpg\",\"contentUrl\":\"https:\\\/\\\/cyberlogics.ao\\\/wp-content\\\/uploads\\\/2025\\\/09\\\/modulo-patch-pannel-24-pt-cat5ecat-6-ftp-preto.jpg\",\"width\":400,\"height\":400},{\"@type\":\"BreadcrumbList\",\"@id\":\"https:\\\/\\\/cyberlogics.ao\\\/index.php\\\/product\\\/modulo-patch-pannel-24-pt-cat5e-cat-6-ftp-preto\\\/#breadcrumb\",\"itemListElement\":[{\"@type\":\"ListItem\",\"position\":1,\"name\":\"In\u00edcio\",\"item\":\"https:\\\/\\\/cyberlogics.ao\\\/\"},{\"@type\":\"ListItem\",\"position\":2,\"name\":\"Produtos\",\"item\":\"https:\\\/\\\/cyberlogics.ao\\\/index.php\\\/shop-2\\\/\"},{\"@type\":\"ListItem\",\"position\":3,\"name\":\"MODULO PATCH PANNEL-24 PT CAT5E\\\/CAT 6 FTP PRETO\"}]},{\"@type\":\"WebSite\",\"@id\":\"https:\\\/\\\/cyberlogics.ao\\\/#website\",\"url\":\"https:\\\/\\\/cyberlogics.ao\\\/\",\"name\":\"Cyberlogics Technologies Angola\",\"description\":\"Loja Online de Licen\u00e7as de Softwares e Inform\u00e1tica\",\"publisher\":{\"@id\":\"https:\\\/\\\/cyberlogics.ao\\\/#organization\"},\"potentialAction\":[{\"@type\":\"SearchAction\",\"target\":{\"@type\":\"EntryPoint\",\"urlTemplate\":\"https:\\\/\\\/cyberlogics.ao\\\/?s={search_term_string}\"},\"query-input\":{\"@type\":\"PropertyValueSpecification\",\"valueRequired\":true,\"valueName\":\"search_term_string\"}}],\"inLanguage\":\"pt-PT\"},{\"@type\":\"Organization\",\"@id\":\"https:\\\/\\\/cyberlogics.ao\\\/#organization\",\"name\":\"Cyberlogics Ao Technologies - Loja Online de Licen\u00e7as de Softwares e Inform\u00e1tica\",\"url\":\"https:\\\/\\\/cyberlogics.ao\\\/\",\"logo\":{\"@type\":\"ImageObject\",\"inLanguage\":\"pt-PT\",\"@id\":\"https:\\\/\\\/cyberlogics.ao\\\/#\\\/schema\\\/logo\\\/image\\\/\",\"url\":\"https:\\\/\\\/cyberlogics.ao\\\/wp-content\\\/uploads\\\/2022\\\/04\\\/CT-logo.png\",\"contentUrl\":\"https:\\\/\\\/cyberlogics.ao\\\/wp-content\\\/uploads\\\/2022\\\/04\\\/CT-logo.png\",\"width\":190,\"height\":75,\"caption\":\"Cyberlogics Ao Technologies - Loja Online de Licen\u00e7as de Softwares e Inform\u00e1tica\"},\"image\":{\"@id\":\"https:\\\/\\\/cyberlogics.ao\\\/#\\\/schema\\\/logo\\\/image\\\/\"}}]}<\/script>\n<!-- \/ Yoast SEO plugin. -->","yoast_head_json":{"title":"MODULO PATCH PANNEL-24 PT CAT5E\/CAT 6 FTP PRETO - Cyberlogics Technologies Angola","description":"A Maior Loja Online de Angola de Licen\u00e7as Microsoft Office | Chaves Sistemas Operativos Windows | Antiv\u00edrus | Cloud Adobe | Inform\u00e1tica & Servidores | Softwares de Gest\u00e3o ERP | Gaming Hardware | UPS e Baterias & Muito Mais...","robots":{"index":"index","follow":"follow","max-snippet":"max-snippet:-1","max-image-preview":"max-image-preview:large","max-video-preview":"max-video-preview:-1"},"canonical":"https:\/\/cyberlogics.ao\/index.php\/product\/modulo-patch-pannel-24-pt-cat5e-cat-6-ftp-preto\/","og_locale":"pt_PT","og_type":"article","og_title":"MODULO PATCH PANNEL-24 PT CAT5E\/CAT 6 FTP PRETO - Cyberlogics Technologies Angola","og_description":"A Maior Loja Online de Angola de Licen\u00e7as Microsoft Office | Chaves Sistemas Operativos Windows | Antiv\u00edrus | Cloud Adobe | Inform\u00e1tica & Servidores | Softwares de Gest\u00e3o ERP | Gaming Hardware | UPS e Baterias & Muito Mais...","og_url":"https:\/\/cyberlogics.ao\/index.php\/product\/modulo-patch-pannel-24-pt-cat5e-cat-6-ftp-preto\/","og_site_name":"Cyberlogics Technologies Angola","og_image":[{"width":400,"height":400,"url":"http:\/\/cyberlogics.ao\/wp-content\/uploads\/2025\/09\/modulo-patch-pannel-24-pt-cat5ecat-6-ftp-preto.jpg","type":"image\/jpeg"}],"twitter_card":"summary_large_image","schema":{"@context":"https:\/\/schema.org","@graph":[{"@type":"WebPage","@id":"https:\/\/cyberlogics.ao\/index.php\/product\/modulo-patch-pannel-24-pt-cat5e-cat-6-ftp-preto\/","url":"https:\/\/cyberlogics.ao\/index.php\/product\/modulo-patch-pannel-24-pt-cat5e-cat-6-ftp-preto\/","name":"MODULO PATCH PANNEL-24 PT CAT5E\/CAT 6 FTP PRETO - Cyberlogics Technologies Angola","isPartOf":{"@id":"https:\/\/cyberlogics.ao\/#website"},"primaryImageOfPage":{"@id":"https:\/\/cyberlogics.ao\/index.php\/product\/modulo-patch-pannel-24-pt-cat5e-cat-6-ftp-preto\/#primaryimage"},"image":{"@id":"https:\/\/cyberlogics.ao\/index.php\/product\/modulo-patch-pannel-24-pt-cat5e-cat-6-ftp-preto\/#primaryimage"},"thumbnailUrl":"https:\/\/cyberlogics.ao\/wp-content\/uploads\/2025\/09\/modulo-patch-pannel-24-pt-cat5ecat-6-ftp-preto.jpg","datePublished":"2025-09-30T14:00:02+00:00","description":"A Maior Loja Online de Angola de Licen\u00e7as Microsoft Office | Chaves Sistemas Operativos Windows | Antiv\u00edrus | Cloud Adobe | Inform\u00e1tica & Servidores | Softwares de Gest\u00e3o ERP | Gaming Hardware | UPS e Baterias & Muito Mais...","breadcrumb":{"@id":"https:\/\/cyberlogics.ao\/index.php\/product\/modulo-patch-pannel-24-pt-cat5e-cat-6-ftp-preto\/#breadcrumb"},"inLanguage":"pt-PT","potentialAction":[{"@type":"ReadAction","target":["https:\/\/cyberlogics.ao\/index.php\/product\/modulo-patch-pannel-24-pt-cat5e-cat-6-ftp-preto\/"]}]},{"@type":"ImageObject","inLanguage":"pt-PT","@id":"https:\/\/cyberlogics.ao\/index.php\/product\/modulo-patch-pannel-24-pt-cat5e-cat-6-ftp-preto\/#primaryimage","url":"https:\/\/cyberlogics.ao\/wp-content\/uploads\/2025\/09\/modulo-patch-pannel-24-pt-cat5ecat-6-ftp-preto.jpg","contentUrl":"https:\/\/cyberlogics.ao\/wp-content\/uploads\/2025\/09\/modulo-patch-pannel-24-pt-cat5ecat-6-ftp-preto.jpg","width":400,"height":400},{"@type":"BreadcrumbList","@id":"https:\/\/cyberlogics.ao\/index.php\/product\/modulo-patch-pannel-24-pt-cat5e-cat-6-ftp-preto\/#breadcrumb","itemListElement":[{"@type":"ListItem","position":1,"name":"In\u00edcio","item":"https:\/\/cyberlogics.ao\/"},{"@type":"ListItem","position":2,"name":"Produtos","item":"https:\/\/cyberlogics.ao\/index.php\/shop-2\/"},{"@type":"ListItem","position":3,"name":"MODULO PATCH PANNEL-24 PT CAT5E\/CAT 6 FTP PRETO"}]},{"@type":"WebSite","@id":"https:\/\/cyberlogics.ao\/#website","url":"https:\/\/cyberlogics.ao\/","name":"Cyberlogics Technologies Angola","description":"Loja Online de Licen\u00e7as de Softwares e Inform\u00e1tica","publisher":{"@id":"https:\/\/cyberlogics.ao\/#organization"},"potentialAction":[{"@type":"SearchAction","target":{"@type":"EntryPoint","urlTemplate":"https:\/\/cyberlogics.ao\/?s={search_term_string}"},"query-input":{"@type":"PropertyValueSpecification","valueRequired":true,"valueName":"search_term_string"}}],"inLanguage":"pt-PT"},{"@type":"Organization","@id":"https:\/\/cyberlogics.ao\/#organization","name":"Cyberlogics Ao Technologies - Loja Online de Licen\u00e7as de Softwares e Inform\u00e1tica","url":"https:\/\/cyberlogics.ao\/","logo":{"@type":"ImageObject","inLanguage":"pt-PT","@id":"https:\/\/cyberlogics.ao\/#\/schema\/logo\/image\/","url":"https:\/\/cyberlogics.ao\/wp-content\/uploads\/2022\/04\/CT-logo.png","contentUrl":"https:\/\/cyberlogics.ao\/wp-content\/uploads\/2022\/04\/CT-logo.png","width":190,"height":75,"caption":"Cyberlogics Ao Technologies - Loja Online de Licen\u00e7as de Softwares e Inform\u00e1tica"},"image":{"@id":"https:\/\/cyberlogics.ao\/#\/schema\/logo\/image\/"}}]}},"_links":{"self":[{"href":"https:\/\/cyberlogics.ao\/index.php\/wp-json\/wp\/v2\/product\/10116","targetHints":{"allow":["GET"]}}],"collection":[{"href":"https:\/\/cyberlogics.ao\/index.php\/wp-json\/wp\/v2\/product"}],"about":[{"href":"https:\/\/cyberlogics.ao\/index.php\/wp-json\/wp\/v2\/types\/product"}],"replies":[{"embeddable":true,"href":"https:\/\/cyberlogics.ao\/index.php\/wp-json\/wp\/v2\/comments?post=10116"}],"wp:featuredmedia":[{"embeddable":true,"href":"https:\/\/cyberlogics.ao\/index.php\/wp-json\/wp\/v2\/media\/10117"}],"wp:attachment":[{"href":"https:\/\/cyberlogics.ao\/index.php\/wp-json\/wp\/v2\/media?parent=10116"}],"wp:term":[{"taxonomy":"product_brand","embeddable":true,"href":"https:\/\/cyberlogics.ao\/index.php\/wp-json\/wp\/v2\/product_brand?post=10116"},{"taxonomy":"product_cat","embeddable":true,"href":"https:\/\/cyberlogics.ao\/index.php\/wp-json\/wp\/v2\/product_cat?post=10116"},{"taxonomy":"product_tag","embeddable":true,"href":"https:\/\/cyberlogics.ao\/index.php\/wp-json\/wp\/v2\/product_tag?post=10116"}],"curies":[{"name":"wp","href":"https:\/\/api.w.org\/{rel}","templated":true}]}}