{"id":10159,"date":"2025-10-01T12:43:22","date_gmt":"2025-10-01T12:43:22","guid":{"rendered":"https:\/\/cyberlogics.ao\/?post_type=product&#038;p=10159"},"modified":"2025-12-10T08:31:31","modified_gmt":"2025-12-10T08:31:31","slug":"hd-ext-2-5-480-gb-ssd-type-c-ironkey-kingston","status":"publish","type":"product","link":"https:\/\/cyberlogics.ao\/index.php\/product\/hd-ext-2-5-480-gb-ssd-type-c-ironkey-kingston\/","title":{"rendered":"HD EXT 2.5&#8242; 480 GB SSD TYPE-C IRONKEY KINGSTON"},"content":{"rendered":"<div class=\"c-heading\">\n<div class=\"c-heading__block\">\n<div class=\"c-heading__block__header\">\n<h1 id=\"headline\">Kingston IronKey Vault Privacy 80 SSD Externo<span class=\"u-txt-subhead\">Certificado FIPS 197 e criptografado XTS-AES de 256 bits<\/span><\/h1>\n<\/div>\n<\/div>\n<\/div>\n<div class=\"l-inner\">\n<div class=\"s-productLite__intro\">\n<p>O SSD Externo IronKey\u2122 Vault Privacy 80 da Kingston \u00e9 o primeiro SSD externo criptografado por hardware independente do sistema operacional inovador da Kingston com tela sens\u00edvel ao toque para prote\u00e7\u00e3o de dados.\u00a0O VP80ES protege contra ataques de For\u00e7a Bruta e BadUSB com firmware assinado digitalmente.\u00a0A prote\u00e7\u00e3o contra ataques de for\u00e7a bruta criptografa a unidade se as senhas de administrador e usu\u00e1rio forem inseridas incorretamente 15 vezes\u00a0\u00a0seguidas por padr\u00e3o.\u00a0A unidade \u00e9 certificada FIPS 197 com criptografia XTS-AES de 256 bits usando um microprocessador seguro certificado Common Criteria EAL5+ (CC EAL5+) e \u00e9 compat\u00edvel com TAA.<\/p>\n<p>T\u00e3o inato quanto desbloquear um smartphone e simples transfer\u00eancias de arquivos de arrastar e soltar, o VP80ES foi projetado para proteger os dados e ao mesmo tempo ser f\u00e1cil de usar.\u00a0Apresentando uma tela de toque colorida intuitiva e op\u00e7\u00e3o de senha m\u00faltipla (Admin e Usu\u00e1rio) com PIN num\u00e9rico ou modos de senha, o Vault Privacy 80ES \u00e9 superior ao uso da Internet e servi\u00e7os de nuvem para proteger os dados.<\/p>\n<p>Sejam informa\u00e7\u00f5es importantes da empresa, documentos de clientes ou imagens e v\u00eddeos de alta resolu\u00e7\u00e3o, a unidade \u00e9 ideal para pequenas e m\u00e9dias empresas (SMB) a criadores de conte\u00fado.\u00a0Ele vem com dois cabos adaptadores USB 3.2 Gen 1, USB Type-C\u00ae\u00a0\u00a0para Type-A e Type-C para Type-C, para facilitar a conex\u00e3o com computadores e outros dispositivos.\u00a0O VP80ES \u00e9 o companheiro perfeito quando voc\u00ea precisa de dados e conte\u00fado seguros em campo ou em tr\u00e2nsito para permitir produtividade port\u00e1til e conveni\u00eancia, tudo na palma da sua m\u00e3o.<\/p>\n<p>O administrador pode habilitar uma senha de usu\u00e1rio e configurar op\u00e7\u00f5es de seguran\u00e7a, como configurar os requisitos de senha definindo o n\u00famero m\u00e1ximo de tentativas compartilhadas, comprimento m\u00ednimo de senha de 6 a 64 caracteres e regras de senha alfanum\u00e9rica.\u00a0Al\u00e9m disso, voc\u00ea pode utilizar o caractere &#8216;espa\u00e7o&#8217;, tornando mais f\u00e1cil lembrar uma frase secreta como uma lista de palavras, uma cita\u00e7\u00e3o memor\u00e1vel ou letras de uma m\u00fasica favorita.\u00a0Caso contr\u00e1rio, use o PIN pad para desbloquear exatamente como faria em um dispositivo m\u00f3vel e para reduzir as tentativas de login com falha e a frustra\u00e7\u00e3o tocando no bot\u00e3o &#8220;olho&#8221; para visualizar a senha conforme digitada.<\/p>\n<p>Como um recurso adicional, quando uma senha de usu\u00e1rio \u00e9 esquecida, a senha de administrador pode ser usada para acessar dados e restaurar o acesso de usu\u00e1rio.<\/p>\n<\/div>\n<ul id=\"features\" class=\"u-m0 u-p0 u-list-unstyled s-productLite__features\">\n<li>\n<div class=\"svg-bullet\"><\/div>\n<p>Certificado FIPS 197 com criptografia XTS-AES de 256 bits<\/li>\n<li>\n<div class=\"svg-bullet\"><\/div>\n<p>Tela de toque intuitiva \u00fanica<\/li>\n<li>\n<div class=\"svg-bullet\"><\/div>\n<p>Op\u00e7\u00e3o de senha m\u00faltipla (Admin\/Usu\u00e1rio) com modos PIN\/Passphrase<\/li>\n<li>\n<div class=\"svg-bullet\"><\/div>\n<p>Regras de senha configur\u00e1veis<\/li>\n<li>\n<div class=\"svg-bullet\"><\/div>\n<p>Modos duplos somente leitura (prote\u00e7\u00e3o contra grava\u00e7\u00e3o) para prote\u00e7\u00e3o contra malware<\/li>\n<\/ul>\n<\/div>\n","protected":false},"excerpt":{"rendered":"<p><label>Marca:<\/label>\u00a0<span class=\"editable\">KINGSTON<\/span><br \/>\n<label>Part-Number:<\/label>\u00a0<span class=\"editable\">IKVP80ES\/480G<\/span><\/p>\n","protected":false},"featured_media":10161,"comment_status":"open","ping_status":"closed","template":"","meta":{"_joinchat":[]},"product_brand":[832],"product_cat":[341,342],"product_tag":[],"class_list":{"0":"post-10159","1":"product","2":"type-product","3":"status-publish","4":"has-post-thumbnail","6":"product_brand-kingston","7":"product_cat-armazenamentos","8":"product_cat-discos-externos","10":"first","11":"instock","12":"shipping-taxable","13":"purchasable","14":"product-type-simple"},"yoast_head":"<!-- This site is optimized with the Yoast SEO plugin v27.5 - https:\/\/yoast.com\/product\/yoast-seo-wordpress\/ -->\n<title>HD EXT 2.5&#039; 480 GB SSD TYPE-C IRONKEY KINGSTON - Cyberlogics Technologies Angola<\/title>\n<meta name=\"description\" content=\"A Maior Loja Online de Angola de Licen\u00e7as Microsoft Office | Chaves Sistemas Operativos Windows | Antiv\u00edrus | Cloud Adobe | Inform\u00e1tica &amp; Servidores | Softwares de Gest\u00e3o ERP | Gaming Hardware | UPS e Baterias &amp; Muito Mais...\" \/>\n<meta name=\"robots\" content=\"index, follow, max-snippet:-1, max-image-preview:large, max-video-preview:-1\" \/>\n<link rel=\"canonical\" href=\"https:\/\/cyberlogics.ao\/index.php\/product\/hd-ext-2-5-480-gb-ssd-type-c-ironkey-kingston\/\" \/>\n<meta property=\"og:locale\" content=\"pt_PT\" \/>\n<meta property=\"og:type\" content=\"article\" \/>\n<meta property=\"og:title\" content=\"HD EXT 2.5&#039; 480 GB SSD TYPE-C IRONKEY KINGSTON - Cyberlogics Technologies Angola\" \/>\n<meta property=\"og:description\" content=\"A Maior Loja Online de Angola de Licen\u00e7as Microsoft Office | Chaves Sistemas Operativos Windows | Antiv\u00edrus | Cloud Adobe | Inform\u00e1tica &amp; Servidores | Softwares de Gest\u00e3o ERP | Gaming Hardware | UPS e Baterias &amp; Muito Mais...\" \/>\n<meta property=\"og:url\" content=\"https:\/\/cyberlogics.ao\/index.php\/product\/hd-ext-2-5-480-gb-ssd-type-c-ironkey-kingston\/\" \/>\n<meta property=\"og:site_name\" content=\"Cyberlogics Technologies Angola\" \/>\n<meta property=\"article:modified_time\" content=\"2025-12-10T08:31:31+00:00\" \/>\n<meta property=\"og:image\" content=\"http:\/\/cyberlogics.ao\/wp-content\/uploads\/2025\/10\/hd-ext-25-480-gb-ssd-type-c-ironkey-kingston.jpg\" \/>\n\t<meta property=\"og:image:width\" content=\"135\" \/>\n\t<meta property=\"og:image:height\" content=\"135\" \/>\n\t<meta property=\"og:image:type\" content=\"image\/jpeg\" \/>\n<meta name=\"twitter:card\" content=\"summary_large_image\" \/>\n<meta name=\"twitter:label1\" content=\"Tempo estimado de leitura\" \/>\n\t<meta name=\"twitter:data1\" content=\"2 minutos\" \/>\n<script type=\"application\/ld+json\" class=\"yoast-schema-graph\">{\"@context\":\"https:\\\/\\\/schema.org\",\"@graph\":[{\"@type\":\"WebPage\",\"@id\":\"https:\\\/\\\/cyberlogics.ao\\\/index.php\\\/product\\\/hd-ext-2-5-480-gb-ssd-type-c-ironkey-kingston\\\/\",\"url\":\"https:\\\/\\\/cyberlogics.ao\\\/index.php\\\/product\\\/hd-ext-2-5-480-gb-ssd-type-c-ironkey-kingston\\\/\",\"name\":\"HD EXT 2.5' 480 GB SSD TYPE-C IRONKEY KINGSTON - Cyberlogics Technologies Angola\",\"isPartOf\":{\"@id\":\"https:\\\/\\\/cyberlogics.ao\\\/#website\"},\"primaryImageOfPage\":{\"@id\":\"https:\\\/\\\/cyberlogics.ao\\\/index.php\\\/product\\\/hd-ext-2-5-480-gb-ssd-type-c-ironkey-kingston\\\/#primaryimage\"},\"image\":{\"@id\":\"https:\\\/\\\/cyberlogics.ao\\\/index.php\\\/product\\\/hd-ext-2-5-480-gb-ssd-type-c-ironkey-kingston\\\/#primaryimage\"},\"thumbnailUrl\":\"https:\\\/\\\/cyberlogics.ao\\\/wp-content\\\/uploads\\\/2025\\\/10\\\/hd-ext-25-480-gb-ssd-type-c-ironkey-kingston.jpg\",\"datePublished\":\"2025-10-01T12:43:22+00:00\",\"dateModified\":\"2025-12-10T08:31:31+00:00\",\"description\":\"A Maior Loja Online de Angola de Licen\u00e7as Microsoft Office | Chaves Sistemas Operativos Windows | Antiv\u00edrus | Cloud Adobe | Inform\u00e1tica & Servidores | Softwares de Gest\u00e3o ERP | Gaming Hardware | UPS e Baterias & Muito Mais...\",\"breadcrumb\":{\"@id\":\"https:\\\/\\\/cyberlogics.ao\\\/index.php\\\/product\\\/hd-ext-2-5-480-gb-ssd-type-c-ironkey-kingston\\\/#breadcrumb\"},\"inLanguage\":\"pt-PT\",\"potentialAction\":[{\"@type\":\"ReadAction\",\"target\":[\"https:\\\/\\\/cyberlogics.ao\\\/index.php\\\/product\\\/hd-ext-2-5-480-gb-ssd-type-c-ironkey-kingston\\\/\"]}]},{\"@type\":\"ImageObject\",\"inLanguage\":\"pt-PT\",\"@id\":\"https:\\\/\\\/cyberlogics.ao\\\/index.php\\\/product\\\/hd-ext-2-5-480-gb-ssd-type-c-ironkey-kingston\\\/#primaryimage\",\"url\":\"https:\\\/\\\/cyberlogics.ao\\\/wp-content\\\/uploads\\\/2025\\\/10\\\/hd-ext-25-480-gb-ssd-type-c-ironkey-kingston.jpg\",\"contentUrl\":\"https:\\\/\\\/cyberlogics.ao\\\/wp-content\\\/uploads\\\/2025\\\/10\\\/hd-ext-25-480-gb-ssd-type-c-ironkey-kingston.jpg\",\"width\":135,\"height\":135},{\"@type\":\"BreadcrumbList\",\"@id\":\"https:\\\/\\\/cyberlogics.ao\\\/index.php\\\/product\\\/hd-ext-2-5-480-gb-ssd-type-c-ironkey-kingston\\\/#breadcrumb\",\"itemListElement\":[{\"@type\":\"ListItem\",\"position\":1,\"name\":\"In\u00edcio\",\"item\":\"https:\\\/\\\/cyberlogics.ao\\\/\"},{\"@type\":\"ListItem\",\"position\":2,\"name\":\"Produtos\",\"item\":\"https:\\\/\\\/cyberlogics.ao\\\/index.php\\\/shop-2\\\/\"},{\"@type\":\"ListItem\",\"position\":3,\"name\":\"HD EXT 2.5&#8242; 480 GB SSD TYPE-C IRONKEY KINGSTON\"}]},{\"@type\":\"WebSite\",\"@id\":\"https:\\\/\\\/cyberlogics.ao\\\/#website\",\"url\":\"https:\\\/\\\/cyberlogics.ao\\\/\",\"name\":\"Cyberlogics Technologies Angola\",\"description\":\"Loja Online de Licen\u00e7as de Softwares e Inform\u00e1tica\",\"publisher\":{\"@id\":\"https:\\\/\\\/cyberlogics.ao\\\/#organization\"},\"potentialAction\":[{\"@type\":\"SearchAction\",\"target\":{\"@type\":\"EntryPoint\",\"urlTemplate\":\"https:\\\/\\\/cyberlogics.ao\\\/?s={search_term_string}\"},\"query-input\":{\"@type\":\"PropertyValueSpecification\",\"valueRequired\":true,\"valueName\":\"search_term_string\"}}],\"inLanguage\":\"pt-PT\"},{\"@type\":\"Organization\",\"@id\":\"https:\\\/\\\/cyberlogics.ao\\\/#organization\",\"name\":\"Cyberlogics Ao Technologies - Loja Online de Licen\u00e7as de Softwares e Inform\u00e1tica\",\"url\":\"https:\\\/\\\/cyberlogics.ao\\\/\",\"logo\":{\"@type\":\"ImageObject\",\"inLanguage\":\"pt-PT\",\"@id\":\"https:\\\/\\\/cyberlogics.ao\\\/#\\\/schema\\\/logo\\\/image\\\/\",\"url\":\"https:\\\/\\\/cyberlogics.ao\\\/wp-content\\\/uploads\\\/2022\\\/04\\\/CT-logo.png\",\"contentUrl\":\"https:\\\/\\\/cyberlogics.ao\\\/wp-content\\\/uploads\\\/2022\\\/04\\\/CT-logo.png\",\"width\":190,\"height\":75,\"caption\":\"Cyberlogics Ao Technologies - Loja Online de Licen\u00e7as de Softwares e Inform\u00e1tica\"},\"image\":{\"@id\":\"https:\\\/\\\/cyberlogics.ao\\\/#\\\/schema\\\/logo\\\/image\\\/\"}}]}<\/script>\n<!-- \/ Yoast SEO plugin. -->","yoast_head_json":{"title":"HD EXT 2.5' 480 GB SSD TYPE-C IRONKEY KINGSTON - Cyberlogics Technologies Angola","description":"A Maior Loja Online de Angola de Licen\u00e7as Microsoft Office | Chaves Sistemas Operativos Windows | Antiv\u00edrus | Cloud Adobe | Inform\u00e1tica & Servidores | Softwares de Gest\u00e3o ERP | Gaming Hardware | UPS e Baterias & Muito Mais...","robots":{"index":"index","follow":"follow","max-snippet":"max-snippet:-1","max-image-preview":"max-image-preview:large","max-video-preview":"max-video-preview:-1"},"canonical":"https:\/\/cyberlogics.ao\/index.php\/product\/hd-ext-2-5-480-gb-ssd-type-c-ironkey-kingston\/","og_locale":"pt_PT","og_type":"article","og_title":"HD EXT 2.5' 480 GB SSD TYPE-C IRONKEY KINGSTON - Cyberlogics Technologies Angola","og_description":"A Maior Loja Online de Angola de Licen\u00e7as Microsoft Office | Chaves Sistemas Operativos Windows | Antiv\u00edrus | Cloud Adobe | Inform\u00e1tica & Servidores | Softwares de Gest\u00e3o ERP | Gaming Hardware | UPS e Baterias & Muito Mais...","og_url":"https:\/\/cyberlogics.ao\/index.php\/product\/hd-ext-2-5-480-gb-ssd-type-c-ironkey-kingston\/","og_site_name":"Cyberlogics Technologies Angola","article_modified_time":"2025-12-10T08:31:31+00:00","og_image":[{"width":135,"height":135,"url":"http:\/\/cyberlogics.ao\/wp-content\/uploads\/2025\/10\/hd-ext-25-480-gb-ssd-type-c-ironkey-kingston.jpg","type":"image\/jpeg"}],"twitter_card":"summary_large_image","twitter_misc":{"Tempo estimado de leitura":"2 minutos"},"schema":{"@context":"https:\/\/schema.org","@graph":[{"@type":"WebPage","@id":"https:\/\/cyberlogics.ao\/index.php\/product\/hd-ext-2-5-480-gb-ssd-type-c-ironkey-kingston\/","url":"https:\/\/cyberlogics.ao\/index.php\/product\/hd-ext-2-5-480-gb-ssd-type-c-ironkey-kingston\/","name":"HD EXT 2.5' 480 GB SSD TYPE-C IRONKEY KINGSTON - Cyberlogics Technologies Angola","isPartOf":{"@id":"https:\/\/cyberlogics.ao\/#website"},"primaryImageOfPage":{"@id":"https:\/\/cyberlogics.ao\/index.php\/product\/hd-ext-2-5-480-gb-ssd-type-c-ironkey-kingston\/#primaryimage"},"image":{"@id":"https:\/\/cyberlogics.ao\/index.php\/product\/hd-ext-2-5-480-gb-ssd-type-c-ironkey-kingston\/#primaryimage"},"thumbnailUrl":"https:\/\/cyberlogics.ao\/wp-content\/uploads\/2025\/10\/hd-ext-25-480-gb-ssd-type-c-ironkey-kingston.jpg","datePublished":"2025-10-01T12:43:22+00:00","dateModified":"2025-12-10T08:31:31+00:00","description":"A Maior Loja Online de Angola de Licen\u00e7as Microsoft Office | Chaves Sistemas Operativos Windows | Antiv\u00edrus | Cloud Adobe | Inform\u00e1tica & Servidores | Softwares de Gest\u00e3o ERP | Gaming Hardware | UPS e Baterias & Muito Mais...","breadcrumb":{"@id":"https:\/\/cyberlogics.ao\/index.php\/product\/hd-ext-2-5-480-gb-ssd-type-c-ironkey-kingston\/#breadcrumb"},"inLanguage":"pt-PT","potentialAction":[{"@type":"ReadAction","target":["https:\/\/cyberlogics.ao\/index.php\/product\/hd-ext-2-5-480-gb-ssd-type-c-ironkey-kingston\/"]}]},{"@type":"ImageObject","inLanguage":"pt-PT","@id":"https:\/\/cyberlogics.ao\/index.php\/product\/hd-ext-2-5-480-gb-ssd-type-c-ironkey-kingston\/#primaryimage","url":"https:\/\/cyberlogics.ao\/wp-content\/uploads\/2025\/10\/hd-ext-25-480-gb-ssd-type-c-ironkey-kingston.jpg","contentUrl":"https:\/\/cyberlogics.ao\/wp-content\/uploads\/2025\/10\/hd-ext-25-480-gb-ssd-type-c-ironkey-kingston.jpg","width":135,"height":135},{"@type":"BreadcrumbList","@id":"https:\/\/cyberlogics.ao\/index.php\/product\/hd-ext-2-5-480-gb-ssd-type-c-ironkey-kingston\/#breadcrumb","itemListElement":[{"@type":"ListItem","position":1,"name":"In\u00edcio","item":"https:\/\/cyberlogics.ao\/"},{"@type":"ListItem","position":2,"name":"Produtos","item":"https:\/\/cyberlogics.ao\/index.php\/shop-2\/"},{"@type":"ListItem","position":3,"name":"HD EXT 2.5&#8242; 480 GB SSD TYPE-C IRONKEY KINGSTON"}]},{"@type":"WebSite","@id":"https:\/\/cyberlogics.ao\/#website","url":"https:\/\/cyberlogics.ao\/","name":"Cyberlogics Technologies Angola","description":"Loja Online de Licen\u00e7as de Softwares e Inform\u00e1tica","publisher":{"@id":"https:\/\/cyberlogics.ao\/#organization"},"potentialAction":[{"@type":"SearchAction","target":{"@type":"EntryPoint","urlTemplate":"https:\/\/cyberlogics.ao\/?s={search_term_string}"},"query-input":{"@type":"PropertyValueSpecification","valueRequired":true,"valueName":"search_term_string"}}],"inLanguage":"pt-PT"},{"@type":"Organization","@id":"https:\/\/cyberlogics.ao\/#organization","name":"Cyberlogics Ao Technologies - Loja Online de Licen\u00e7as de Softwares e Inform\u00e1tica","url":"https:\/\/cyberlogics.ao\/","logo":{"@type":"ImageObject","inLanguage":"pt-PT","@id":"https:\/\/cyberlogics.ao\/#\/schema\/logo\/image\/","url":"https:\/\/cyberlogics.ao\/wp-content\/uploads\/2022\/04\/CT-logo.png","contentUrl":"https:\/\/cyberlogics.ao\/wp-content\/uploads\/2022\/04\/CT-logo.png","width":190,"height":75,"caption":"Cyberlogics Ao Technologies - Loja Online de Licen\u00e7as de Softwares e Inform\u00e1tica"},"image":{"@id":"https:\/\/cyberlogics.ao\/#\/schema\/logo\/image\/"}}]}},"_links":{"self":[{"href":"https:\/\/cyberlogics.ao\/index.php\/wp-json\/wp\/v2\/product\/10159","targetHints":{"allow":["GET"]}}],"collection":[{"href":"https:\/\/cyberlogics.ao\/index.php\/wp-json\/wp\/v2\/product"}],"about":[{"href":"https:\/\/cyberlogics.ao\/index.php\/wp-json\/wp\/v2\/types\/product"}],"replies":[{"embeddable":true,"href":"https:\/\/cyberlogics.ao\/index.php\/wp-json\/wp\/v2\/comments?post=10159"}],"wp:featuredmedia":[{"embeddable":true,"href":"https:\/\/cyberlogics.ao\/index.php\/wp-json\/wp\/v2\/media\/10161"}],"wp:attachment":[{"href":"https:\/\/cyberlogics.ao\/index.php\/wp-json\/wp\/v2\/media?parent=10159"}],"wp:term":[{"taxonomy":"product_brand","embeddable":true,"href":"https:\/\/cyberlogics.ao\/index.php\/wp-json\/wp\/v2\/product_brand?post=10159"},{"taxonomy":"product_cat","embeddable":true,"href":"https:\/\/cyberlogics.ao\/index.php\/wp-json\/wp\/v2\/product_cat?post=10159"},{"taxonomy":"product_tag","embeddable":true,"href":"https:\/\/cyberlogics.ao\/index.php\/wp-json\/wp\/v2\/product_tag?post=10159"}],"curies":[{"name":"wp","href":"https:\/\/api.w.org\/{rel}","templated":true}]}}