{"id":10182,"date":"2025-10-01T14:21:48","date_gmt":"2025-10-01T14:21:48","guid":{"rendered":"https:\/\/cyberlogics.ao\/?post_type=product&#038;p=10182"},"modified":"2025-12-10T09:12:44","modified_gmt":"2025-12-10T09:12:44","slug":"caixa-ext-ewent-usb-3-2-usb-c-c-e-usb-c-a-m","status":"publish","type":"product","link":"https:\/\/cyberlogics.ao\/index.php\/product\/caixa-ext-ewent-usb-3-2-usb-c-c-e-usb-c-a-m\/","title":{"rendered":"CAIXA EXT. EWENT USB 3.2 USB C-C E USB C-A (M)"},"content":{"rendered":"<p><b>Proteja o seu SSD M.2 NVMe\/PCIe com a resistente caixa de alum\u00ednio port\u00e1til para SSD M.2 NVMe\/PCIe USB-C 3.2 Gen2 EW7025. A caixa EW7025 \u00e9 f\u00e1cil de transportar gra\u00e7as \u00e0 sua leveza e ao tamanho de bolso. A caixa suporta SSD M.2 NVMe com conector M. USB 3.2 Gen2 e UASP garantem r\u00e1pidas transfer\u00eancias de ficheiros.<br \/>\n<\/b><br \/>\n<b>Caixa compacta e resistente<br \/>\n<\/b>O seu SSD M.2 NVMe\/PCIe estar\u00e1 protegido dentro da caixa resistente de alum\u00ednio EW7025. A caixa \u00e9 leve e com tamanho de bolso para que possa transport\u00e1-la facilmente.<\/p>\n<p><b>Adequada para SSD NVMe com conector M<br \/>\n<\/b>O seu SSD M.2 NVMe tem um conector M? Coloque o SSD M.2 NVMe facilmente na caixa. Utilize um SSD M.2 NVMe\/PCIe de at\u00e9 80 mm.<\/p>\n<p><b>USB 3.2 Gen2<br \/>\n<\/b>A caixa EW7025 \u00e9 alimentada por USB com USB 3.2 Gen2 e suporta UASP (USB Attached SCSI-Protocol). Estas caracter\u00edsticas garantem transfer\u00eancias de dados de alta velocidade. A caixa \u00e9 retrocompat\u00edvel com USB 3.0 e 2.0.<\/p>\n<p><b>Pronto a utilizar em apenas 2 minutos<br \/>\n<\/b>A caixa em alum\u00ednio para SSD inclui um cabo USB-C para USB-C e um cabo USB-C para USB-A. O seu SSD M.2 NVMe\/PCIe estar\u00e1 pronto a utilizar em apenas alguns minutos.<\/p>\n<p>Ewent EW7025. Tipo de produto: Compartimento SSD. Quantidade de armazenamento de drives compat\u00edveis: 1, Tamanho de armazenamento de drive: M.2, Interfaces de armazenamento suportadas: M.2, Capacidade m\u00e1xima de armazenamento: 4 TB. Taxa de transfer\u00eancia de dados: 10 Gbit\/s. Cor do produto: Cinzento. Tipo de conetor USB: USB Type-C<\/p>\n","protected":false},"excerpt":{"rendered":"<p id=\"product_reference\"><label>Marca:<\/label>\u00a0<span class=\"editable\">Ewent<\/span><br \/>\n<label>Part-Number:<\/label>\u00a0<span class=\"editable\">EW7025<\/span><\/p>\n<div id=\"short_description_block\">\n<div id=\"short_description_content\" class=\"rte align_justify\">\n<p>Ewent EW7025, Compartimento SSD, M.2, M.2, 10 Gbit\/s, Conetividade USB, Cinzento<\/p>\n<\/div>\n<\/div>\n","protected":false},"featured_media":10185,"comment_status":"open","ping_status":"closed","template":"","meta":{"_joinchat":[]},"product_brand":[835],"product_cat":[341,342],"product_tag":[],"class_list":{"0":"post-10182","1":"product","2":"type-product","3":"status-publish","4":"has-post-thumbnail","6":"product_brand-ewent","7":"product_cat-armazenamentos","8":"product_cat-discos-externos","10":"first","11":"instock","12":"shipping-taxable","13":"purchasable","14":"product-type-simple"},"yoast_head":"<!-- This site is optimized with the Yoast SEO plugin v27.4 - https:\/\/yoast.com\/product\/yoast-seo-wordpress\/ -->\n<title>CAIXA EXT. EWENT USB 3.2 USB C-C E USB C-A (M) - Cyberlogics Technologies Angola<\/title>\n<meta name=\"description\" content=\"A Maior Loja Online de Angola de Licen\u00e7as Microsoft Office | Chaves Sistemas Operativos Windows | Antiv\u00edrus | Cloud Adobe | Inform\u00e1tica &amp; Servidores | Softwares de Gest\u00e3o ERP | Gaming Hardware | UPS e Baterias &amp; Muito Mais...\" \/>\n<meta name=\"robots\" content=\"index, follow, max-snippet:-1, max-image-preview:large, max-video-preview:-1\" \/>\n<link rel=\"canonical\" href=\"https:\/\/cyberlogics.ao\/index.php\/product\/caixa-ext-ewent-usb-3-2-usb-c-c-e-usb-c-a-m\/\" \/>\n<meta property=\"og:locale\" content=\"pt_PT\" \/>\n<meta property=\"og:type\" content=\"article\" \/>\n<meta property=\"og:title\" content=\"CAIXA EXT. EWENT USB 3.2 USB C-C E USB C-A (M) - Cyberlogics Technologies Angola\" \/>\n<meta property=\"og:description\" content=\"A Maior Loja Online de Angola de Licen\u00e7as Microsoft Office | Chaves Sistemas Operativos Windows | Antiv\u00edrus | Cloud Adobe | Inform\u00e1tica &amp; Servidores | Softwares de Gest\u00e3o ERP | Gaming Hardware | UPS e Baterias &amp; Muito Mais...\" \/>\n<meta property=\"og:url\" content=\"https:\/\/cyberlogics.ao\/index.php\/product\/caixa-ext-ewent-usb-3-2-usb-c-c-e-usb-c-a-m\/\" \/>\n<meta property=\"og:site_name\" content=\"Cyberlogics Technologies Angola\" \/>\n<meta property=\"article:modified_time\" content=\"2025-12-10T09:12:44+00:00\" \/>\n<meta property=\"og:image\" content=\"http:\/\/cyberlogics.ao\/wp-content\/uploads\/2025\/10\/caixa-ext-ewent-usb-32-usb-c-c-e-usb-c-a-m-3.jpg\" \/>\n\t<meta property=\"og:image:width\" content=\"135\" \/>\n\t<meta property=\"og:image:height\" content=\"135\" \/>\n\t<meta property=\"og:image:type\" content=\"image\/jpeg\" \/>\n<meta name=\"twitter:card\" content=\"summary_large_image\" \/>\n<meta name=\"twitter:label1\" content=\"Tempo estimado de leitura\" \/>\n\t<meta name=\"twitter:data1\" content=\"1 minuto\" \/>\n<script type=\"application\/ld+json\" class=\"yoast-schema-graph\">{\"@context\":\"https:\\\/\\\/schema.org\",\"@graph\":[{\"@type\":\"WebPage\",\"@id\":\"https:\\\/\\\/cyberlogics.ao\\\/index.php\\\/product\\\/caixa-ext-ewent-usb-3-2-usb-c-c-e-usb-c-a-m\\\/\",\"url\":\"https:\\\/\\\/cyberlogics.ao\\\/index.php\\\/product\\\/caixa-ext-ewent-usb-3-2-usb-c-c-e-usb-c-a-m\\\/\",\"name\":\"CAIXA EXT. EWENT USB 3.2 USB C-C E USB C-A (M) - Cyberlogics Technologies Angola\",\"isPartOf\":{\"@id\":\"https:\\\/\\\/cyberlogics.ao\\\/#website\"},\"primaryImageOfPage\":{\"@id\":\"https:\\\/\\\/cyberlogics.ao\\\/index.php\\\/product\\\/caixa-ext-ewent-usb-3-2-usb-c-c-e-usb-c-a-m\\\/#primaryimage\"},\"image\":{\"@id\":\"https:\\\/\\\/cyberlogics.ao\\\/index.php\\\/product\\\/caixa-ext-ewent-usb-3-2-usb-c-c-e-usb-c-a-m\\\/#primaryimage\"},\"thumbnailUrl\":\"https:\\\/\\\/cyberlogics.ao\\\/wp-content\\\/uploads\\\/2025\\\/10\\\/caixa-ext-ewent-usb-32-usb-c-c-e-usb-c-a-m-3.jpg\",\"datePublished\":\"2025-10-01T14:21:48+00:00\",\"dateModified\":\"2025-12-10T09:12:44+00:00\",\"description\":\"A Maior Loja Online de Angola de Licen\u00e7as Microsoft Office | Chaves Sistemas Operativos Windows | Antiv\u00edrus | Cloud Adobe | Inform\u00e1tica & Servidores | Softwares de Gest\u00e3o ERP | Gaming Hardware | UPS e Baterias & Muito Mais...\",\"breadcrumb\":{\"@id\":\"https:\\\/\\\/cyberlogics.ao\\\/index.php\\\/product\\\/caixa-ext-ewent-usb-3-2-usb-c-c-e-usb-c-a-m\\\/#breadcrumb\"},\"inLanguage\":\"pt-PT\",\"potentialAction\":[{\"@type\":\"ReadAction\",\"target\":[\"https:\\\/\\\/cyberlogics.ao\\\/index.php\\\/product\\\/caixa-ext-ewent-usb-3-2-usb-c-c-e-usb-c-a-m\\\/\"]}]},{\"@type\":\"ImageObject\",\"inLanguage\":\"pt-PT\",\"@id\":\"https:\\\/\\\/cyberlogics.ao\\\/index.php\\\/product\\\/caixa-ext-ewent-usb-3-2-usb-c-c-e-usb-c-a-m\\\/#primaryimage\",\"url\":\"https:\\\/\\\/cyberlogics.ao\\\/wp-content\\\/uploads\\\/2025\\\/10\\\/caixa-ext-ewent-usb-32-usb-c-c-e-usb-c-a-m-3.jpg\",\"contentUrl\":\"https:\\\/\\\/cyberlogics.ao\\\/wp-content\\\/uploads\\\/2025\\\/10\\\/caixa-ext-ewent-usb-32-usb-c-c-e-usb-c-a-m-3.jpg\",\"width\":135,\"height\":135},{\"@type\":\"BreadcrumbList\",\"@id\":\"https:\\\/\\\/cyberlogics.ao\\\/index.php\\\/product\\\/caixa-ext-ewent-usb-3-2-usb-c-c-e-usb-c-a-m\\\/#breadcrumb\",\"itemListElement\":[{\"@type\":\"ListItem\",\"position\":1,\"name\":\"In\u00edcio\",\"item\":\"https:\\\/\\\/cyberlogics.ao\\\/\"},{\"@type\":\"ListItem\",\"position\":2,\"name\":\"Produtos\",\"item\":\"https:\\\/\\\/cyberlogics.ao\\\/index.php\\\/shop-2\\\/\"},{\"@type\":\"ListItem\",\"position\":3,\"name\":\"CAIXA EXT. EWENT USB 3.2 USB C-C E USB C-A (M)\"}]},{\"@type\":\"WebSite\",\"@id\":\"https:\\\/\\\/cyberlogics.ao\\\/#website\",\"url\":\"https:\\\/\\\/cyberlogics.ao\\\/\",\"name\":\"Cyberlogics Technologies Angola\",\"description\":\"Loja Online de Licen\u00e7as de Softwares e Inform\u00e1tica\",\"publisher\":{\"@id\":\"https:\\\/\\\/cyberlogics.ao\\\/#organization\"},\"potentialAction\":[{\"@type\":\"SearchAction\",\"target\":{\"@type\":\"EntryPoint\",\"urlTemplate\":\"https:\\\/\\\/cyberlogics.ao\\\/?s={search_term_string}\"},\"query-input\":{\"@type\":\"PropertyValueSpecification\",\"valueRequired\":true,\"valueName\":\"search_term_string\"}}],\"inLanguage\":\"pt-PT\"},{\"@type\":\"Organization\",\"@id\":\"https:\\\/\\\/cyberlogics.ao\\\/#organization\",\"name\":\"Cyberlogics Ao Technologies - Loja Online de Licen\u00e7as de Softwares e Inform\u00e1tica\",\"url\":\"https:\\\/\\\/cyberlogics.ao\\\/\",\"logo\":{\"@type\":\"ImageObject\",\"inLanguage\":\"pt-PT\",\"@id\":\"https:\\\/\\\/cyberlogics.ao\\\/#\\\/schema\\\/logo\\\/image\\\/\",\"url\":\"https:\\\/\\\/cyberlogics.ao\\\/wp-content\\\/uploads\\\/2022\\\/04\\\/CT-logo.png\",\"contentUrl\":\"https:\\\/\\\/cyberlogics.ao\\\/wp-content\\\/uploads\\\/2022\\\/04\\\/CT-logo.png\",\"width\":190,\"height\":75,\"caption\":\"Cyberlogics Ao Technologies - Loja Online de Licen\u00e7as de Softwares e Inform\u00e1tica\"},\"image\":{\"@id\":\"https:\\\/\\\/cyberlogics.ao\\\/#\\\/schema\\\/logo\\\/image\\\/\"}}]}<\/script>\n<!-- \/ Yoast SEO plugin. -->","yoast_head_json":{"title":"CAIXA EXT. EWENT USB 3.2 USB C-C E USB C-A (M) - Cyberlogics Technologies Angola","description":"A Maior Loja Online de Angola de Licen\u00e7as Microsoft Office | Chaves Sistemas Operativos Windows | Antiv\u00edrus | Cloud Adobe | Inform\u00e1tica & Servidores | Softwares de Gest\u00e3o ERP | Gaming Hardware | UPS e Baterias & Muito Mais...","robots":{"index":"index","follow":"follow","max-snippet":"max-snippet:-1","max-image-preview":"max-image-preview:large","max-video-preview":"max-video-preview:-1"},"canonical":"https:\/\/cyberlogics.ao\/index.php\/product\/caixa-ext-ewent-usb-3-2-usb-c-c-e-usb-c-a-m\/","og_locale":"pt_PT","og_type":"article","og_title":"CAIXA EXT. EWENT USB 3.2 USB C-C E USB C-A (M) - Cyberlogics Technologies Angola","og_description":"A Maior Loja Online de Angola de Licen\u00e7as Microsoft Office | Chaves Sistemas Operativos Windows | Antiv\u00edrus | Cloud Adobe | Inform\u00e1tica & Servidores | Softwares de Gest\u00e3o ERP | Gaming Hardware | UPS e Baterias & Muito Mais...","og_url":"https:\/\/cyberlogics.ao\/index.php\/product\/caixa-ext-ewent-usb-3-2-usb-c-c-e-usb-c-a-m\/","og_site_name":"Cyberlogics Technologies Angola","article_modified_time":"2025-12-10T09:12:44+00:00","og_image":[{"width":135,"height":135,"url":"http:\/\/cyberlogics.ao\/wp-content\/uploads\/2025\/10\/caixa-ext-ewent-usb-32-usb-c-c-e-usb-c-a-m-3.jpg","type":"image\/jpeg"}],"twitter_card":"summary_large_image","twitter_misc":{"Tempo estimado de leitura":"1 minuto"},"schema":{"@context":"https:\/\/schema.org","@graph":[{"@type":"WebPage","@id":"https:\/\/cyberlogics.ao\/index.php\/product\/caixa-ext-ewent-usb-3-2-usb-c-c-e-usb-c-a-m\/","url":"https:\/\/cyberlogics.ao\/index.php\/product\/caixa-ext-ewent-usb-3-2-usb-c-c-e-usb-c-a-m\/","name":"CAIXA EXT. EWENT USB 3.2 USB C-C E USB C-A (M) - Cyberlogics Technologies Angola","isPartOf":{"@id":"https:\/\/cyberlogics.ao\/#website"},"primaryImageOfPage":{"@id":"https:\/\/cyberlogics.ao\/index.php\/product\/caixa-ext-ewent-usb-3-2-usb-c-c-e-usb-c-a-m\/#primaryimage"},"image":{"@id":"https:\/\/cyberlogics.ao\/index.php\/product\/caixa-ext-ewent-usb-3-2-usb-c-c-e-usb-c-a-m\/#primaryimage"},"thumbnailUrl":"https:\/\/cyberlogics.ao\/wp-content\/uploads\/2025\/10\/caixa-ext-ewent-usb-32-usb-c-c-e-usb-c-a-m-3.jpg","datePublished":"2025-10-01T14:21:48+00:00","dateModified":"2025-12-10T09:12:44+00:00","description":"A Maior Loja Online de Angola de Licen\u00e7as Microsoft Office | Chaves Sistemas Operativos Windows | Antiv\u00edrus | Cloud Adobe | Inform\u00e1tica & Servidores | Softwares de Gest\u00e3o ERP | Gaming Hardware | UPS e Baterias & Muito Mais...","breadcrumb":{"@id":"https:\/\/cyberlogics.ao\/index.php\/product\/caixa-ext-ewent-usb-3-2-usb-c-c-e-usb-c-a-m\/#breadcrumb"},"inLanguage":"pt-PT","potentialAction":[{"@type":"ReadAction","target":["https:\/\/cyberlogics.ao\/index.php\/product\/caixa-ext-ewent-usb-3-2-usb-c-c-e-usb-c-a-m\/"]}]},{"@type":"ImageObject","inLanguage":"pt-PT","@id":"https:\/\/cyberlogics.ao\/index.php\/product\/caixa-ext-ewent-usb-3-2-usb-c-c-e-usb-c-a-m\/#primaryimage","url":"https:\/\/cyberlogics.ao\/wp-content\/uploads\/2025\/10\/caixa-ext-ewent-usb-32-usb-c-c-e-usb-c-a-m-3.jpg","contentUrl":"https:\/\/cyberlogics.ao\/wp-content\/uploads\/2025\/10\/caixa-ext-ewent-usb-32-usb-c-c-e-usb-c-a-m-3.jpg","width":135,"height":135},{"@type":"BreadcrumbList","@id":"https:\/\/cyberlogics.ao\/index.php\/product\/caixa-ext-ewent-usb-3-2-usb-c-c-e-usb-c-a-m\/#breadcrumb","itemListElement":[{"@type":"ListItem","position":1,"name":"In\u00edcio","item":"https:\/\/cyberlogics.ao\/"},{"@type":"ListItem","position":2,"name":"Produtos","item":"https:\/\/cyberlogics.ao\/index.php\/shop-2\/"},{"@type":"ListItem","position":3,"name":"CAIXA EXT. EWENT USB 3.2 USB C-C E USB C-A (M)"}]},{"@type":"WebSite","@id":"https:\/\/cyberlogics.ao\/#website","url":"https:\/\/cyberlogics.ao\/","name":"Cyberlogics Technologies Angola","description":"Loja Online de Licen\u00e7as de Softwares e Inform\u00e1tica","publisher":{"@id":"https:\/\/cyberlogics.ao\/#organization"},"potentialAction":[{"@type":"SearchAction","target":{"@type":"EntryPoint","urlTemplate":"https:\/\/cyberlogics.ao\/?s={search_term_string}"},"query-input":{"@type":"PropertyValueSpecification","valueRequired":true,"valueName":"search_term_string"}}],"inLanguage":"pt-PT"},{"@type":"Organization","@id":"https:\/\/cyberlogics.ao\/#organization","name":"Cyberlogics Ao Technologies - Loja Online de Licen\u00e7as de Softwares e Inform\u00e1tica","url":"https:\/\/cyberlogics.ao\/","logo":{"@type":"ImageObject","inLanguage":"pt-PT","@id":"https:\/\/cyberlogics.ao\/#\/schema\/logo\/image\/","url":"https:\/\/cyberlogics.ao\/wp-content\/uploads\/2022\/04\/CT-logo.png","contentUrl":"https:\/\/cyberlogics.ao\/wp-content\/uploads\/2022\/04\/CT-logo.png","width":190,"height":75,"caption":"Cyberlogics Ao Technologies - Loja Online de Licen\u00e7as de Softwares e Inform\u00e1tica"},"image":{"@id":"https:\/\/cyberlogics.ao\/#\/schema\/logo\/image\/"}}]}},"_links":{"self":[{"href":"https:\/\/cyberlogics.ao\/index.php\/wp-json\/wp\/v2\/product\/10182","targetHints":{"allow":["GET"]}}],"collection":[{"href":"https:\/\/cyberlogics.ao\/index.php\/wp-json\/wp\/v2\/product"}],"about":[{"href":"https:\/\/cyberlogics.ao\/index.php\/wp-json\/wp\/v2\/types\/product"}],"replies":[{"embeddable":true,"href":"https:\/\/cyberlogics.ao\/index.php\/wp-json\/wp\/v2\/comments?post=10182"}],"wp:featuredmedia":[{"embeddable":true,"href":"https:\/\/cyberlogics.ao\/index.php\/wp-json\/wp\/v2\/media\/10185"}],"wp:attachment":[{"href":"https:\/\/cyberlogics.ao\/index.php\/wp-json\/wp\/v2\/media?parent=10182"}],"wp:term":[{"taxonomy":"product_brand","embeddable":true,"href":"https:\/\/cyberlogics.ao\/index.php\/wp-json\/wp\/v2\/product_brand?post=10182"},{"taxonomy":"product_cat","embeddable":true,"href":"https:\/\/cyberlogics.ao\/index.php\/wp-json\/wp\/v2\/product_cat?post=10182"},{"taxonomy":"product_tag","embeddable":true,"href":"https:\/\/cyberlogics.ao\/index.php\/wp-json\/wp\/v2\/product_tag?post=10182"}],"curies":[{"name":"wp","href":"https:\/\/api.w.org\/{rel}","templated":true}]}}