{"id":10351,"date":"2025-10-17T12:25:19","date_gmt":"2025-10-17T12:25:19","guid":{"rendered":"https:\/\/cyberlogics.ao\/?post_type=product&#038;p=10351"},"modified":"2025-10-17T12:25:19","modified_gmt":"2025-10-17T12:25:19","slug":"hpe-smart-array-p822-2gb-sas-controller","status":"publish","type":"product","link":"https:\/\/cyberlogics.ao\/index.php\/product\/hpe-smart-array-p822-2gb-sas-controller\/","title":{"rendered":"HPE SMART ARRAY P822\/2GB SAS CONTROLLER"},"content":{"rendered":"<p><span class=\"roboto_black11\">Vis\u00e3o geral:<\/span><br \/>\n<span class=\"roboto_black11\">O HP Smart Array P822 \u00e9 o controlador RAID Serial Attached SCSI (SAS) da HP de 24 portas com PCI-e 3.0.\u00a0Este controlador RAID SAS de alto desempenho fornece altos n\u00edveis de confiabilidade para servidores HP, atrav\u00e9s do suporte \u00e0s tecnologias SAS de 6 Gb \/ s e SATA de 6 Gb \/ s, FBWC de 2 GB e recursos avan\u00e7ados de RAID.\u00a0Este controlador \u00e9 fornecido de f\u00e1brica com uma chave de licen\u00e7a do Smart Array Advanced Pack 2.0 e suporta at\u00e9 227<\/span><\/p>\n<p>&nbsp;<\/p>\n<table class=\"product_info_spec\" width=\"100%\" cellspacing=\"0\" cellpadding=\"1\" bgcolor=\"#FFFFFF\">\n<tbody>\n<tr>\n<td class=\"roboto_black11\" colspan=\"2\" nowrap=\"nowrap\">Especifica\u00e7\u00f5es:<\/td>\n<\/tr>\n<tr bgcolor=\"#ffffff\">\n<td class=\"roboto_black11\" width=\"45%\">Categoria<\/td>\n<td class=\"roboto_black11\">Controlador Proliant<\/td>\n<\/tr>\n<tr bgcolor=\"#f8f8f8\">\n<td class=\"roboto_black11\">Subcategoria<\/td>\n<td class=\"roboto_black11\">Matriz inteligente<\/td>\n<\/tr>\n<tr bgcolor=\"#ffffff\">\n<td class=\"roboto_black11\">Gera\u00e7\u00e3o<\/td>\n<td class=\"roboto_black11\">P822 \/ 2GB<\/td>\n<\/tr>\n<tr bgcolor=\"#f8f8f8\">\n<td class=\"roboto_black11\"><\/td>\n<td class=\"roboto_black11\"><\/td>\n<\/tr>\n<tr bgcolor=\"#ffffff\">\n<td class=\"roboto_black11\"><\/td>\n<td class=\"roboto_black11\"><\/td>\n<\/tr>\n<tr bgcolor=\"#f8f8f8\">\n<td class=\"roboto_black11\">Fabricante<\/td>\n<td class=\"roboto_black11\">HP<\/td>\n<\/tr>\n<tr bgcolor=\"#ffffff\">\n<td class=\"roboto_black11\">Tipo de Produto<\/td>\n<td class=\"roboto_black11\">Controlador de armazenamento<\/td>\n<\/tr>\n<tr bgcolor=\"#f8f8f8\">\n<td class=\"roboto_black11\">Interface do host<\/td>\n<td class=\"roboto_black11\">PCI Express 3.0 x8<\/td>\n<\/tr>\n<tr bgcolor=\"#ffffff\">\n<td class=\"roboto_black11\">Tipo de interface do controlador<\/td>\n<td class=\"roboto_black11\">Serial ATA \/ 600, SCSI conectado em s\u00e9rie<\/td>\n<\/tr>\n<tr bgcolor=\"#f8f8f8\">\n<td class=\"roboto_black11\">Taxa de transfer\u00eancia de dados<\/td>\n<td class=\"roboto_black11\">768MB \/ s<\/td>\n<\/tr>\n<tr bgcolor=\"#ffffff\">\n<td class=\"roboto_black11\">Tamanho do buffer<\/td>\n<td class=\"roboto_black11\"><\/td>\n<\/tr>\n<tr bgcolor=\"#f8f8f8\">\n<td class=\"roboto_black11\">N\u00edvel RAID<\/td>\n<td class=\"roboto_black11\">0, 1, 5, 6, 50, 60, 1 + 0, JBOB, 1 ADM<\/td>\n<\/tr>\n<tr bgcolor=\"#ffffff\">\n<td class=\"roboto_black11\">Suporte ao Drive<\/td>\n<td class=\"roboto_black11\">At\u00e9 227<\/td>\n<\/tr>\n<tr bgcolor=\"#f8f8f8\">\n<td class=\"roboto_black11\">Mem\u00f3ria<\/td>\n<td class=\"roboto_black11\">SDRAM DDR3 ECC de 2 GB<\/td>\n<\/tr>\n<tr bgcolor=\"#ffffff\">\n<td class=\"roboto_black11\">Fator de forma<\/td>\n<td class=\"roboto_black11\">Placa de encaixe de meia altura e meia altura<\/td>\n<\/tr>\n<\/tbody>\n<\/table>\n","protected":false},"excerpt":{"rendered":"<p><label>Marca:<\/label>\u00a0<span class=\"editable\">HP<\/span><br \/>\n<label>Part-Number:<\/label>\u00a0<span class=\"editable\">615418-B21<\/span><\/p>\n","protected":false},"featured_media":10352,"comment_status":"open","ping_status":"closed","template":"","meta":{"_joinchat":[]},"product_brand":[],"product_cat":[335,792],"product_tag":[],"class_list":{"0":"post-10351","1":"product","2":"type-product","3":"status-publish","4":"has-post-thumbnail","6":"product_cat-acessorios-2","7":"product_cat-servidores-e-storage","9":"first","10":"instock","11":"shipping-taxable","12":"purchasable","13":"product-type-simple"},"yoast_head":"<!-- This site is optimized with the Yoast SEO plugin v27.5 - https:\/\/yoast.com\/product\/yoast-seo-wordpress\/ -->\n<title>HPE SMART ARRAY P822\/2GB SAS CONTROLLER - Cyberlogics Technologies Angola<\/title>\n<meta name=\"description\" content=\"A Maior Loja Online de Angola de Licen\u00e7as Microsoft Office | Chaves Sistemas Operativos Windows | Antiv\u00edrus | Cloud Adobe | Inform\u00e1tica &amp; Servidores | Softwares de Gest\u00e3o ERP | Gaming Hardware | UPS e Baterias &amp; Muito Mais...\" \/>\n<meta name=\"robots\" content=\"index, follow, max-snippet:-1, max-image-preview:large, max-video-preview:-1\" \/>\n<link rel=\"canonical\" href=\"https:\/\/cyberlogics.ao\/index.php\/product\/hpe-smart-array-p822-2gb-sas-controller\/\" \/>\n<meta property=\"og:locale\" content=\"pt_PT\" \/>\n<meta property=\"og:type\" content=\"article\" \/>\n<meta property=\"og:title\" content=\"HPE SMART ARRAY P822\/2GB SAS CONTROLLER - Cyberlogics Technologies Angola\" \/>\n<meta property=\"og:description\" content=\"A Maior Loja Online de Angola de Licen\u00e7as Microsoft Office | Chaves Sistemas Operativos Windows | Antiv\u00edrus | Cloud Adobe | Inform\u00e1tica &amp; Servidores | Softwares de Gest\u00e3o ERP | Gaming Hardware | UPS e Baterias &amp; Muito Mais...\" \/>\n<meta property=\"og:url\" content=\"https:\/\/cyberlogics.ao\/index.php\/product\/hpe-smart-array-p822-2gb-sas-controller\/\" \/>\n<meta property=\"og:site_name\" content=\"Cyberlogics Technologies Angola\" \/>\n<meta property=\"og:image\" content=\"http:\/\/cyberlogics.ao\/wp-content\/uploads\/2025\/10\/hpe-smart-array-p8222gb-sas-controller.jpg\" \/>\n\t<meta property=\"og:image:width\" content=\"400\" \/>\n\t<meta property=\"og:image:height\" content=\"400\" \/>\n\t<meta property=\"og:image:type\" content=\"image\/jpeg\" \/>\n<meta name=\"twitter:card\" content=\"summary_large_image\" \/>\n<meta name=\"twitter:label1\" content=\"Tempo estimado de leitura\" \/>\n\t<meta name=\"twitter:data1\" content=\"1 minuto\" \/>\n<script type=\"application\/ld+json\" class=\"yoast-schema-graph\">{\"@context\":\"https:\\\/\\\/schema.org\",\"@graph\":[{\"@type\":\"WebPage\",\"@id\":\"https:\\\/\\\/cyberlogics.ao\\\/index.php\\\/product\\\/hpe-smart-array-p822-2gb-sas-controller\\\/\",\"url\":\"https:\\\/\\\/cyberlogics.ao\\\/index.php\\\/product\\\/hpe-smart-array-p822-2gb-sas-controller\\\/\",\"name\":\"HPE SMART ARRAY P822\\\/2GB SAS CONTROLLER - Cyberlogics Technologies Angola\",\"isPartOf\":{\"@id\":\"https:\\\/\\\/cyberlogics.ao\\\/#website\"},\"primaryImageOfPage\":{\"@id\":\"https:\\\/\\\/cyberlogics.ao\\\/index.php\\\/product\\\/hpe-smart-array-p822-2gb-sas-controller\\\/#primaryimage\"},\"image\":{\"@id\":\"https:\\\/\\\/cyberlogics.ao\\\/index.php\\\/product\\\/hpe-smart-array-p822-2gb-sas-controller\\\/#primaryimage\"},\"thumbnailUrl\":\"https:\\\/\\\/cyberlogics.ao\\\/wp-content\\\/uploads\\\/2025\\\/10\\\/hpe-smart-array-p8222gb-sas-controller.jpg\",\"datePublished\":\"2025-10-17T12:25:19+00:00\",\"description\":\"A Maior Loja Online de Angola de Licen\u00e7as Microsoft Office | Chaves Sistemas Operativos Windows | Antiv\u00edrus | Cloud Adobe | Inform\u00e1tica & Servidores | Softwares de Gest\u00e3o ERP | Gaming Hardware | UPS e Baterias & Muito Mais...\",\"breadcrumb\":{\"@id\":\"https:\\\/\\\/cyberlogics.ao\\\/index.php\\\/product\\\/hpe-smart-array-p822-2gb-sas-controller\\\/#breadcrumb\"},\"inLanguage\":\"pt-PT\",\"potentialAction\":[{\"@type\":\"ReadAction\",\"target\":[\"https:\\\/\\\/cyberlogics.ao\\\/index.php\\\/product\\\/hpe-smart-array-p822-2gb-sas-controller\\\/\"]}]},{\"@type\":\"ImageObject\",\"inLanguage\":\"pt-PT\",\"@id\":\"https:\\\/\\\/cyberlogics.ao\\\/index.php\\\/product\\\/hpe-smart-array-p822-2gb-sas-controller\\\/#primaryimage\",\"url\":\"https:\\\/\\\/cyberlogics.ao\\\/wp-content\\\/uploads\\\/2025\\\/10\\\/hpe-smart-array-p8222gb-sas-controller.jpg\",\"contentUrl\":\"https:\\\/\\\/cyberlogics.ao\\\/wp-content\\\/uploads\\\/2025\\\/10\\\/hpe-smart-array-p8222gb-sas-controller.jpg\",\"width\":400,\"height\":400},{\"@type\":\"BreadcrumbList\",\"@id\":\"https:\\\/\\\/cyberlogics.ao\\\/index.php\\\/product\\\/hpe-smart-array-p822-2gb-sas-controller\\\/#breadcrumb\",\"itemListElement\":[{\"@type\":\"ListItem\",\"position\":1,\"name\":\"In\u00edcio\",\"item\":\"https:\\\/\\\/cyberlogics.ao\\\/\"},{\"@type\":\"ListItem\",\"position\":2,\"name\":\"Produtos\",\"item\":\"https:\\\/\\\/cyberlogics.ao\\\/index.php\\\/shop-2\\\/\"},{\"@type\":\"ListItem\",\"position\":3,\"name\":\"HPE SMART ARRAY P822\\\/2GB SAS CONTROLLER\"}]},{\"@type\":\"WebSite\",\"@id\":\"https:\\\/\\\/cyberlogics.ao\\\/#website\",\"url\":\"https:\\\/\\\/cyberlogics.ao\\\/\",\"name\":\"Cyberlogics Technologies Angola\",\"description\":\"Loja Online de Licen\u00e7as de Softwares e Inform\u00e1tica\",\"publisher\":{\"@id\":\"https:\\\/\\\/cyberlogics.ao\\\/#organization\"},\"potentialAction\":[{\"@type\":\"SearchAction\",\"target\":{\"@type\":\"EntryPoint\",\"urlTemplate\":\"https:\\\/\\\/cyberlogics.ao\\\/?s={search_term_string}\"},\"query-input\":{\"@type\":\"PropertyValueSpecification\",\"valueRequired\":true,\"valueName\":\"search_term_string\"}}],\"inLanguage\":\"pt-PT\"},{\"@type\":\"Organization\",\"@id\":\"https:\\\/\\\/cyberlogics.ao\\\/#organization\",\"name\":\"Cyberlogics Ao Technologies - Loja Online de Licen\u00e7as de Softwares e Inform\u00e1tica\",\"url\":\"https:\\\/\\\/cyberlogics.ao\\\/\",\"logo\":{\"@type\":\"ImageObject\",\"inLanguage\":\"pt-PT\",\"@id\":\"https:\\\/\\\/cyberlogics.ao\\\/#\\\/schema\\\/logo\\\/image\\\/\",\"url\":\"https:\\\/\\\/cyberlogics.ao\\\/wp-content\\\/uploads\\\/2022\\\/04\\\/CT-logo.png\",\"contentUrl\":\"https:\\\/\\\/cyberlogics.ao\\\/wp-content\\\/uploads\\\/2022\\\/04\\\/CT-logo.png\",\"width\":190,\"height\":75,\"caption\":\"Cyberlogics Ao Technologies - Loja Online de Licen\u00e7as de Softwares e Inform\u00e1tica\"},\"image\":{\"@id\":\"https:\\\/\\\/cyberlogics.ao\\\/#\\\/schema\\\/logo\\\/image\\\/\"}}]}<\/script>\n<!-- \/ Yoast SEO plugin. -->","yoast_head_json":{"title":"HPE SMART ARRAY P822\/2GB SAS CONTROLLER - Cyberlogics Technologies Angola","description":"A Maior Loja Online de Angola de Licen\u00e7as Microsoft Office | Chaves Sistemas Operativos Windows | Antiv\u00edrus | Cloud Adobe | Inform\u00e1tica & Servidores | Softwares de Gest\u00e3o ERP | Gaming Hardware | UPS e Baterias & Muito Mais...","robots":{"index":"index","follow":"follow","max-snippet":"max-snippet:-1","max-image-preview":"max-image-preview:large","max-video-preview":"max-video-preview:-1"},"canonical":"https:\/\/cyberlogics.ao\/index.php\/product\/hpe-smart-array-p822-2gb-sas-controller\/","og_locale":"pt_PT","og_type":"article","og_title":"HPE SMART ARRAY P822\/2GB SAS CONTROLLER - Cyberlogics Technologies Angola","og_description":"A Maior Loja Online de Angola de Licen\u00e7as Microsoft Office | Chaves Sistemas Operativos Windows | Antiv\u00edrus | Cloud Adobe | Inform\u00e1tica & Servidores | Softwares de Gest\u00e3o ERP | Gaming Hardware | UPS e Baterias & Muito Mais...","og_url":"https:\/\/cyberlogics.ao\/index.php\/product\/hpe-smart-array-p822-2gb-sas-controller\/","og_site_name":"Cyberlogics Technologies Angola","og_image":[{"width":400,"height":400,"url":"http:\/\/cyberlogics.ao\/wp-content\/uploads\/2025\/10\/hpe-smart-array-p8222gb-sas-controller.jpg","type":"image\/jpeg"}],"twitter_card":"summary_large_image","twitter_misc":{"Tempo estimado de leitura":"1 minuto"},"schema":{"@context":"https:\/\/schema.org","@graph":[{"@type":"WebPage","@id":"https:\/\/cyberlogics.ao\/index.php\/product\/hpe-smart-array-p822-2gb-sas-controller\/","url":"https:\/\/cyberlogics.ao\/index.php\/product\/hpe-smart-array-p822-2gb-sas-controller\/","name":"HPE SMART ARRAY P822\/2GB SAS CONTROLLER - Cyberlogics Technologies Angola","isPartOf":{"@id":"https:\/\/cyberlogics.ao\/#website"},"primaryImageOfPage":{"@id":"https:\/\/cyberlogics.ao\/index.php\/product\/hpe-smart-array-p822-2gb-sas-controller\/#primaryimage"},"image":{"@id":"https:\/\/cyberlogics.ao\/index.php\/product\/hpe-smart-array-p822-2gb-sas-controller\/#primaryimage"},"thumbnailUrl":"https:\/\/cyberlogics.ao\/wp-content\/uploads\/2025\/10\/hpe-smart-array-p8222gb-sas-controller.jpg","datePublished":"2025-10-17T12:25:19+00:00","description":"A Maior Loja Online de Angola de Licen\u00e7as Microsoft Office | Chaves Sistemas Operativos Windows | Antiv\u00edrus | Cloud Adobe | Inform\u00e1tica & Servidores | Softwares de Gest\u00e3o ERP | Gaming Hardware | UPS e Baterias & Muito Mais...","breadcrumb":{"@id":"https:\/\/cyberlogics.ao\/index.php\/product\/hpe-smart-array-p822-2gb-sas-controller\/#breadcrumb"},"inLanguage":"pt-PT","potentialAction":[{"@type":"ReadAction","target":["https:\/\/cyberlogics.ao\/index.php\/product\/hpe-smart-array-p822-2gb-sas-controller\/"]}]},{"@type":"ImageObject","inLanguage":"pt-PT","@id":"https:\/\/cyberlogics.ao\/index.php\/product\/hpe-smart-array-p822-2gb-sas-controller\/#primaryimage","url":"https:\/\/cyberlogics.ao\/wp-content\/uploads\/2025\/10\/hpe-smart-array-p8222gb-sas-controller.jpg","contentUrl":"https:\/\/cyberlogics.ao\/wp-content\/uploads\/2025\/10\/hpe-smart-array-p8222gb-sas-controller.jpg","width":400,"height":400},{"@type":"BreadcrumbList","@id":"https:\/\/cyberlogics.ao\/index.php\/product\/hpe-smart-array-p822-2gb-sas-controller\/#breadcrumb","itemListElement":[{"@type":"ListItem","position":1,"name":"In\u00edcio","item":"https:\/\/cyberlogics.ao\/"},{"@type":"ListItem","position":2,"name":"Produtos","item":"https:\/\/cyberlogics.ao\/index.php\/shop-2\/"},{"@type":"ListItem","position":3,"name":"HPE SMART ARRAY P822\/2GB SAS CONTROLLER"}]},{"@type":"WebSite","@id":"https:\/\/cyberlogics.ao\/#website","url":"https:\/\/cyberlogics.ao\/","name":"Cyberlogics Technologies Angola","description":"Loja Online de Licen\u00e7as de Softwares e Inform\u00e1tica","publisher":{"@id":"https:\/\/cyberlogics.ao\/#organization"},"potentialAction":[{"@type":"SearchAction","target":{"@type":"EntryPoint","urlTemplate":"https:\/\/cyberlogics.ao\/?s={search_term_string}"},"query-input":{"@type":"PropertyValueSpecification","valueRequired":true,"valueName":"search_term_string"}}],"inLanguage":"pt-PT"},{"@type":"Organization","@id":"https:\/\/cyberlogics.ao\/#organization","name":"Cyberlogics Ao Technologies - Loja Online de Licen\u00e7as de Softwares e Inform\u00e1tica","url":"https:\/\/cyberlogics.ao\/","logo":{"@type":"ImageObject","inLanguage":"pt-PT","@id":"https:\/\/cyberlogics.ao\/#\/schema\/logo\/image\/","url":"https:\/\/cyberlogics.ao\/wp-content\/uploads\/2022\/04\/CT-logo.png","contentUrl":"https:\/\/cyberlogics.ao\/wp-content\/uploads\/2022\/04\/CT-logo.png","width":190,"height":75,"caption":"Cyberlogics Ao Technologies - Loja Online de Licen\u00e7as de Softwares e Inform\u00e1tica"},"image":{"@id":"https:\/\/cyberlogics.ao\/#\/schema\/logo\/image\/"}}]}},"_links":{"self":[{"href":"https:\/\/cyberlogics.ao\/index.php\/wp-json\/wp\/v2\/product\/10351","targetHints":{"allow":["GET"]}}],"collection":[{"href":"https:\/\/cyberlogics.ao\/index.php\/wp-json\/wp\/v2\/product"}],"about":[{"href":"https:\/\/cyberlogics.ao\/index.php\/wp-json\/wp\/v2\/types\/product"}],"replies":[{"embeddable":true,"href":"https:\/\/cyberlogics.ao\/index.php\/wp-json\/wp\/v2\/comments?post=10351"}],"wp:featuredmedia":[{"embeddable":true,"href":"https:\/\/cyberlogics.ao\/index.php\/wp-json\/wp\/v2\/media\/10352"}],"wp:attachment":[{"href":"https:\/\/cyberlogics.ao\/index.php\/wp-json\/wp\/v2\/media?parent=10351"}],"wp:term":[{"taxonomy":"product_brand","embeddable":true,"href":"https:\/\/cyberlogics.ao\/index.php\/wp-json\/wp\/v2\/product_brand?post=10351"},{"taxonomy":"product_cat","embeddable":true,"href":"https:\/\/cyberlogics.ao\/index.php\/wp-json\/wp\/v2\/product_cat?post=10351"},{"taxonomy":"product_tag","embeddable":true,"href":"https:\/\/cyberlogics.ao\/index.php\/wp-json\/wp\/v2\/product_tag?post=10351"}],"curies":[{"name":"wp","href":"https:\/\/api.w.org\/{rel}","templated":true}]}}