{"id":10353,"date":"2025-10-17T12:28:53","date_gmt":"2025-10-17T12:28:53","guid":{"rendered":"https:\/\/cyberlogics.ao\/?post_type=product&#038;p=10353"},"modified":"2025-10-17T12:28:54","modified_gmt":"2025-10-17T12:28:54","slug":"hpe-600gb-10k-12g-sff-sc-ds-2-5in-sas","status":"publish","type":"product","link":"https:\/\/cyberlogics.ao\/index.php\/product\/hpe-600gb-10k-12g-sff-sc-ds-2-5in-sas\/","title":{"rendered":"HPE 600GB 10K 12G SFF SC DS 2.5IN SAS"},"content":{"rendered":"<p>Disco r\u00edgido hot-plug<br \/>\nHP 600GB SFF SAS 12Gb \/ s 10K RPM<br \/>\n512e Enterprise (ENT) Disco r\u00edgido hot-plug assinado digitalmente (DS)<br \/>\nem G8 G9 G10 (Gen8 Gen9 Gen10) Suporte SmartDrive (SC)<br \/>\n(como na foto)<br \/>\npara HP G8 Servidores SAS Proliant G9 G10 e selecione Matrizes de armazenamento<br \/>\nN\u00famero de s\u00e9rie e firmware<br \/>\noriginais da HP<\/p>\n<p>&nbsp;<\/p>\n<table class=\"product_info_spec\" width=\"100%\" cellspacing=\"0\" cellpadding=\"1\" bgcolor=\"#FFFFFF\">\n<tbody>\n<tr>\n<td class=\"roboto_black11\" colspan=\"2\" nowrap=\"nowrap\">Especifica\u00e7\u00f5es:<\/td>\n<\/tr>\n<tr bgcolor=\"#ffffff\">\n<td class=\"roboto_black11\" width=\"45%\">Categoria<\/td>\n<td class=\"roboto_black11\">Disco r\u00edgido Proliant<\/td>\n<\/tr>\n<tr bgcolor=\"#f8f8f8\">\n<td class=\"roboto_black11\">Subcategoria<\/td>\n<td class=\"roboto_black11\">10K<\/td>\n<\/tr>\n<tr bgcolor=\"#ffffff\">\n<td class=\"roboto_black11\">Gera\u00e7\u00e3o<\/td>\n<td class=\"roboto_black11\">SAS SC<\/td>\n<\/tr>\n<tr bgcolor=\"#f8f8f8\">\n<td class=\"roboto_black11\">N\u00famero da pe\u00e7a<\/td>\n<td class=\"roboto_black11\">872477-B21<\/td>\n<\/tr>\n<tr bgcolor=\"#ffffff\">\n<td class=\"roboto_black11\">ID dos produtos<\/td>\n<td class=\"roboto_black11\">489565<\/td>\n<\/tr>\n<tr bgcolor=\"#f8f8f8\">\n<td class=\"roboto_black11\">Tipo<\/td>\n<td class=\"roboto_black11\">Disco r\u00edgido &#8211; Hot-Swap<\/td>\n<\/tr>\n<tr bgcolor=\"#ffffff\">\n<td class=\"roboto_black11\">Capacidade<\/td>\n<td class=\"roboto_black11\">600GB<\/td>\n<\/tr>\n<tr bgcolor=\"#f8f8f8\">\n<td class=\"roboto_black11\">Tipo de interface<\/td>\n<td class=\"roboto_black11\">SCSI anexado serial<\/td>\n<\/tr>\n<tr bgcolor=\"#ffffff\">\n<td class=\"roboto_black11\">Velocidade do eixo<\/td>\n<td class=\"roboto_black11\">10000RPM<\/td>\n<\/tr>\n<tr bgcolor=\"#f8f8f8\">\n<td class=\"roboto_black11\">Taxa de transfer\u00eancia de dados<\/td>\n<td class=\"roboto_black11\">12G<\/td>\n<\/tr>\n<tr bgcolor=\"#ffffff\">\n<td class=\"roboto_black11\">Bytes por setor<\/td>\n<td class=\"roboto_black11\">512e<\/td>\n<\/tr>\n<\/tbody>\n<\/table>\n","protected":false},"excerpt":{"rendered":"<p><label>Marca:<\/label>\u00a0<span class=\"editable\">Hewlett Packard Enterprise<\/span><br \/>\n<label>Part-Number:<\/label>\u00a0<span class=\"editable\">872477-B21<\/span><\/p>\n","protected":false},"featured_media":10354,"comment_status":"open","ping_status":"closed","template":"","meta":{"_joinchat":[]},"product_brand":[],"product_cat":[335,792],"product_tag":[],"class_list":{"0":"post-10353","1":"product","2":"type-product","3":"status-publish","4":"has-post-thumbnail","6":"product_cat-acessorios-2","7":"product_cat-servidores-e-storage","9":"first","10":"instock","11":"shipping-taxable","12":"purchasable","13":"product-type-simple"},"yoast_head":"<!-- This site is optimized with the Yoast SEO plugin v27.4 - https:\/\/yoast.com\/product\/yoast-seo-wordpress\/ -->\n<title>HPE 600GB 10K 12G SFF SC DS 2.5IN SAS - Cyberlogics Technologies Angola<\/title>\n<meta name=\"description\" content=\"A Maior Loja Online de Angola de Licen\u00e7as Microsoft Office | Chaves Sistemas Operativos Windows | Antiv\u00edrus | Cloud Adobe | Inform\u00e1tica &amp; Servidores | Softwares de Gest\u00e3o ERP | Gaming Hardware | UPS e Baterias &amp; Muito Mais...\" \/>\n<meta name=\"robots\" content=\"index, follow, max-snippet:-1, max-image-preview:large, max-video-preview:-1\" \/>\n<link rel=\"canonical\" href=\"https:\/\/cyberlogics.ao\/index.php\/product\/hpe-600gb-10k-12g-sff-sc-ds-2-5in-sas\/\" \/>\n<meta property=\"og:locale\" content=\"pt_PT\" \/>\n<meta property=\"og:type\" content=\"article\" \/>\n<meta property=\"og:title\" content=\"HPE 600GB 10K 12G SFF SC DS 2.5IN SAS - Cyberlogics Technologies Angola\" \/>\n<meta property=\"og:description\" content=\"A Maior Loja Online de Angola de Licen\u00e7as Microsoft Office | Chaves Sistemas Operativos Windows | Antiv\u00edrus | Cloud Adobe | Inform\u00e1tica &amp; Servidores | Softwares de Gest\u00e3o ERP | Gaming Hardware | UPS e Baterias &amp; Muito Mais...\" \/>\n<meta property=\"og:url\" content=\"https:\/\/cyberlogics.ao\/index.php\/product\/hpe-600gb-10k-12g-sff-sc-ds-2-5in-sas\/\" \/>\n<meta property=\"og:site_name\" content=\"Cyberlogics Technologies Angola\" \/>\n<meta property=\"article:modified_time\" content=\"2025-10-17T12:28:54+00:00\" \/>\n<meta property=\"og:image\" content=\"http:\/\/cyberlogics.ao\/wp-content\/uploads\/2025\/10\/hpe-600gb-10k-12g-sff-sc-ds-25in-sas.jpg\" \/>\n\t<meta property=\"og:image:width\" content=\"400\" \/>\n\t<meta property=\"og:image:height\" content=\"400\" \/>\n\t<meta property=\"og:image:type\" content=\"image\/jpeg\" \/>\n<meta name=\"twitter:card\" content=\"summary_large_image\" \/>\n<meta name=\"twitter:label1\" content=\"Tempo estimado de leitura\" \/>\n\t<meta name=\"twitter:data1\" content=\"1 minuto\" \/>\n<script type=\"application\/ld+json\" class=\"yoast-schema-graph\">{\"@context\":\"https:\\\/\\\/schema.org\",\"@graph\":[{\"@type\":\"WebPage\",\"@id\":\"https:\\\/\\\/cyberlogics.ao\\\/index.php\\\/product\\\/hpe-600gb-10k-12g-sff-sc-ds-2-5in-sas\\\/\",\"url\":\"https:\\\/\\\/cyberlogics.ao\\\/index.php\\\/product\\\/hpe-600gb-10k-12g-sff-sc-ds-2-5in-sas\\\/\",\"name\":\"HPE 600GB 10K 12G SFF SC DS 2.5IN SAS - Cyberlogics Technologies Angola\",\"isPartOf\":{\"@id\":\"https:\\\/\\\/cyberlogics.ao\\\/#website\"},\"primaryImageOfPage\":{\"@id\":\"https:\\\/\\\/cyberlogics.ao\\\/index.php\\\/product\\\/hpe-600gb-10k-12g-sff-sc-ds-2-5in-sas\\\/#primaryimage\"},\"image\":{\"@id\":\"https:\\\/\\\/cyberlogics.ao\\\/index.php\\\/product\\\/hpe-600gb-10k-12g-sff-sc-ds-2-5in-sas\\\/#primaryimage\"},\"thumbnailUrl\":\"https:\\\/\\\/cyberlogics.ao\\\/wp-content\\\/uploads\\\/2025\\\/10\\\/hpe-600gb-10k-12g-sff-sc-ds-25in-sas.jpg\",\"datePublished\":\"2025-10-17T12:28:53+00:00\",\"dateModified\":\"2025-10-17T12:28:54+00:00\",\"description\":\"A Maior Loja Online de Angola de Licen\u00e7as Microsoft Office | Chaves Sistemas Operativos Windows | Antiv\u00edrus | Cloud Adobe | Inform\u00e1tica & Servidores | Softwares de Gest\u00e3o ERP | Gaming Hardware | UPS e Baterias & Muito Mais...\",\"breadcrumb\":{\"@id\":\"https:\\\/\\\/cyberlogics.ao\\\/index.php\\\/product\\\/hpe-600gb-10k-12g-sff-sc-ds-2-5in-sas\\\/#breadcrumb\"},\"inLanguage\":\"pt-PT\",\"potentialAction\":[{\"@type\":\"ReadAction\",\"target\":[\"https:\\\/\\\/cyberlogics.ao\\\/index.php\\\/product\\\/hpe-600gb-10k-12g-sff-sc-ds-2-5in-sas\\\/\"]}]},{\"@type\":\"ImageObject\",\"inLanguage\":\"pt-PT\",\"@id\":\"https:\\\/\\\/cyberlogics.ao\\\/index.php\\\/product\\\/hpe-600gb-10k-12g-sff-sc-ds-2-5in-sas\\\/#primaryimage\",\"url\":\"https:\\\/\\\/cyberlogics.ao\\\/wp-content\\\/uploads\\\/2025\\\/10\\\/hpe-600gb-10k-12g-sff-sc-ds-25in-sas.jpg\",\"contentUrl\":\"https:\\\/\\\/cyberlogics.ao\\\/wp-content\\\/uploads\\\/2025\\\/10\\\/hpe-600gb-10k-12g-sff-sc-ds-25in-sas.jpg\",\"width\":400,\"height\":400},{\"@type\":\"BreadcrumbList\",\"@id\":\"https:\\\/\\\/cyberlogics.ao\\\/index.php\\\/product\\\/hpe-600gb-10k-12g-sff-sc-ds-2-5in-sas\\\/#breadcrumb\",\"itemListElement\":[{\"@type\":\"ListItem\",\"position\":1,\"name\":\"In\u00edcio\",\"item\":\"https:\\\/\\\/cyberlogics.ao\\\/\"},{\"@type\":\"ListItem\",\"position\":2,\"name\":\"Produtos\",\"item\":\"https:\\\/\\\/cyberlogics.ao\\\/index.php\\\/shop-2\\\/\"},{\"@type\":\"ListItem\",\"position\":3,\"name\":\"HPE 600GB 10K 12G SFF SC DS 2.5IN SAS\"}]},{\"@type\":\"WebSite\",\"@id\":\"https:\\\/\\\/cyberlogics.ao\\\/#website\",\"url\":\"https:\\\/\\\/cyberlogics.ao\\\/\",\"name\":\"Cyberlogics Technologies Angola\",\"description\":\"Loja Online de Licen\u00e7as de Softwares e Inform\u00e1tica\",\"publisher\":{\"@id\":\"https:\\\/\\\/cyberlogics.ao\\\/#organization\"},\"potentialAction\":[{\"@type\":\"SearchAction\",\"target\":{\"@type\":\"EntryPoint\",\"urlTemplate\":\"https:\\\/\\\/cyberlogics.ao\\\/?s={search_term_string}\"},\"query-input\":{\"@type\":\"PropertyValueSpecification\",\"valueRequired\":true,\"valueName\":\"search_term_string\"}}],\"inLanguage\":\"pt-PT\"},{\"@type\":\"Organization\",\"@id\":\"https:\\\/\\\/cyberlogics.ao\\\/#organization\",\"name\":\"Cyberlogics Ao Technologies - Loja Online de Licen\u00e7as de Softwares e Inform\u00e1tica\",\"url\":\"https:\\\/\\\/cyberlogics.ao\\\/\",\"logo\":{\"@type\":\"ImageObject\",\"inLanguage\":\"pt-PT\",\"@id\":\"https:\\\/\\\/cyberlogics.ao\\\/#\\\/schema\\\/logo\\\/image\\\/\",\"url\":\"https:\\\/\\\/cyberlogics.ao\\\/wp-content\\\/uploads\\\/2022\\\/04\\\/CT-logo.png\",\"contentUrl\":\"https:\\\/\\\/cyberlogics.ao\\\/wp-content\\\/uploads\\\/2022\\\/04\\\/CT-logo.png\",\"width\":190,\"height\":75,\"caption\":\"Cyberlogics Ao Technologies - Loja Online de Licen\u00e7as de Softwares e Inform\u00e1tica\"},\"image\":{\"@id\":\"https:\\\/\\\/cyberlogics.ao\\\/#\\\/schema\\\/logo\\\/image\\\/\"}}]}<\/script>\n<!-- \/ Yoast SEO plugin. -->","yoast_head_json":{"title":"HPE 600GB 10K 12G SFF SC DS 2.5IN SAS - Cyberlogics Technologies Angola","description":"A Maior Loja Online de Angola de Licen\u00e7as Microsoft Office | Chaves Sistemas Operativos Windows | Antiv\u00edrus | Cloud Adobe | Inform\u00e1tica & Servidores | Softwares de Gest\u00e3o ERP | Gaming Hardware | UPS e Baterias & Muito Mais...","robots":{"index":"index","follow":"follow","max-snippet":"max-snippet:-1","max-image-preview":"max-image-preview:large","max-video-preview":"max-video-preview:-1"},"canonical":"https:\/\/cyberlogics.ao\/index.php\/product\/hpe-600gb-10k-12g-sff-sc-ds-2-5in-sas\/","og_locale":"pt_PT","og_type":"article","og_title":"HPE 600GB 10K 12G SFF SC DS 2.5IN SAS - Cyberlogics Technologies Angola","og_description":"A Maior Loja Online de Angola de Licen\u00e7as Microsoft Office | Chaves Sistemas Operativos Windows | Antiv\u00edrus | Cloud Adobe | Inform\u00e1tica & Servidores | Softwares de Gest\u00e3o ERP | Gaming Hardware | UPS e Baterias & Muito Mais...","og_url":"https:\/\/cyberlogics.ao\/index.php\/product\/hpe-600gb-10k-12g-sff-sc-ds-2-5in-sas\/","og_site_name":"Cyberlogics Technologies Angola","article_modified_time":"2025-10-17T12:28:54+00:00","og_image":[{"width":400,"height":400,"url":"http:\/\/cyberlogics.ao\/wp-content\/uploads\/2025\/10\/hpe-600gb-10k-12g-sff-sc-ds-25in-sas.jpg","type":"image\/jpeg"}],"twitter_card":"summary_large_image","twitter_misc":{"Tempo estimado de leitura":"1 minuto"},"schema":{"@context":"https:\/\/schema.org","@graph":[{"@type":"WebPage","@id":"https:\/\/cyberlogics.ao\/index.php\/product\/hpe-600gb-10k-12g-sff-sc-ds-2-5in-sas\/","url":"https:\/\/cyberlogics.ao\/index.php\/product\/hpe-600gb-10k-12g-sff-sc-ds-2-5in-sas\/","name":"HPE 600GB 10K 12G SFF SC DS 2.5IN SAS - Cyberlogics Technologies Angola","isPartOf":{"@id":"https:\/\/cyberlogics.ao\/#website"},"primaryImageOfPage":{"@id":"https:\/\/cyberlogics.ao\/index.php\/product\/hpe-600gb-10k-12g-sff-sc-ds-2-5in-sas\/#primaryimage"},"image":{"@id":"https:\/\/cyberlogics.ao\/index.php\/product\/hpe-600gb-10k-12g-sff-sc-ds-2-5in-sas\/#primaryimage"},"thumbnailUrl":"https:\/\/cyberlogics.ao\/wp-content\/uploads\/2025\/10\/hpe-600gb-10k-12g-sff-sc-ds-25in-sas.jpg","datePublished":"2025-10-17T12:28:53+00:00","dateModified":"2025-10-17T12:28:54+00:00","description":"A Maior Loja Online de Angola de Licen\u00e7as Microsoft Office | Chaves Sistemas Operativos Windows | Antiv\u00edrus | Cloud Adobe | Inform\u00e1tica & Servidores | Softwares de Gest\u00e3o ERP | Gaming Hardware | UPS e Baterias & Muito Mais...","breadcrumb":{"@id":"https:\/\/cyberlogics.ao\/index.php\/product\/hpe-600gb-10k-12g-sff-sc-ds-2-5in-sas\/#breadcrumb"},"inLanguage":"pt-PT","potentialAction":[{"@type":"ReadAction","target":["https:\/\/cyberlogics.ao\/index.php\/product\/hpe-600gb-10k-12g-sff-sc-ds-2-5in-sas\/"]}]},{"@type":"ImageObject","inLanguage":"pt-PT","@id":"https:\/\/cyberlogics.ao\/index.php\/product\/hpe-600gb-10k-12g-sff-sc-ds-2-5in-sas\/#primaryimage","url":"https:\/\/cyberlogics.ao\/wp-content\/uploads\/2025\/10\/hpe-600gb-10k-12g-sff-sc-ds-25in-sas.jpg","contentUrl":"https:\/\/cyberlogics.ao\/wp-content\/uploads\/2025\/10\/hpe-600gb-10k-12g-sff-sc-ds-25in-sas.jpg","width":400,"height":400},{"@type":"BreadcrumbList","@id":"https:\/\/cyberlogics.ao\/index.php\/product\/hpe-600gb-10k-12g-sff-sc-ds-2-5in-sas\/#breadcrumb","itemListElement":[{"@type":"ListItem","position":1,"name":"In\u00edcio","item":"https:\/\/cyberlogics.ao\/"},{"@type":"ListItem","position":2,"name":"Produtos","item":"https:\/\/cyberlogics.ao\/index.php\/shop-2\/"},{"@type":"ListItem","position":3,"name":"HPE 600GB 10K 12G SFF SC DS 2.5IN SAS"}]},{"@type":"WebSite","@id":"https:\/\/cyberlogics.ao\/#website","url":"https:\/\/cyberlogics.ao\/","name":"Cyberlogics Technologies Angola","description":"Loja Online de Licen\u00e7as de Softwares e Inform\u00e1tica","publisher":{"@id":"https:\/\/cyberlogics.ao\/#organization"},"potentialAction":[{"@type":"SearchAction","target":{"@type":"EntryPoint","urlTemplate":"https:\/\/cyberlogics.ao\/?s={search_term_string}"},"query-input":{"@type":"PropertyValueSpecification","valueRequired":true,"valueName":"search_term_string"}}],"inLanguage":"pt-PT"},{"@type":"Organization","@id":"https:\/\/cyberlogics.ao\/#organization","name":"Cyberlogics Ao Technologies - Loja Online de Licen\u00e7as de Softwares e Inform\u00e1tica","url":"https:\/\/cyberlogics.ao\/","logo":{"@type":"ImageObject","inLanguage":"pt-PT","@id":"https:\/\/cyberlogics.ao\/#\/schema\/logo\/image\/","url":"https:\/\/cyberlogics.ao\/wp-content\/uploads\/2022\/04\/CT-logo.png","contentUrl":"https:\/\/cyberlogics.ao\/wp-content\/uploads\/2022\/04\/CT-logo.png","width":190,"height":75,"caption":"Cyberlogics Ao Technologies - Loja Online de Licen\u00e7as de Softwares e Inform\u00e1tica"},"image":{"@id":"https:\/\/cyberlogics.ao\/#\/schema\/logo\/image\/"}}]}},"_links":{"self":[{"href":"https:\/\/cyberlogics.ao\/index.php\/wp-json\/wp\/v2\/product\/10353","targetHints":{"allow":["GET"]}}],"collection":[{"href":"https:\/\/cyberlogics.ao\/index.php\/wp-json\/wp\/v2\/product"}],"about":[{"href":"https:\/\/cyberlogics.ao\/index.php\/wp-json\/wp\/v2\/types\/product"}],"replies":[{"embeddable":true,"href":"https:\/\/cyberlogics.ao\/index.php\/wp-json\/wp\/v2\/comments?post=10353"}],"wp:featuredmedia":[{"embeddable":true,"href":"https:\/\/cyberlogics.ao\/index.php\/wp-json\/wp\/v2\/media\/10354"}],"wp:attachment":[{"href":"https:\/\/cyberlogics.ao\/index.php\/wp-json\/wp\/v2\/media?parent=10353"}],"wp:term":[{"taxonomy":"product_brand","embeddable":true,"href":"https:\/\/cyberlogics.ao\/index.php\/wp-json\/wp\/v2\/product_brand?post=10353"},{"taxonomy":"product_cat","embeddable":true,"href":"https:\/\/cyberlogics.ao\/index.php\/wp-json\/wp\/v2\/product_cat?post=10353"},{"taxonomy":"product_tag","embeddable":true,"href":"https:\/\/cyberlogics.ao\/index.php\/wp-json\/wp\/v2\/product_tag?post=10353"}],"curies":[{"name":"wp","href":"https:\/\/api.w.org\/{rel}","templated":true}]}}