{"id":10403,"date":"2025-10-27T10:38:47","date_gmt":"2025-10-27T10:38:47","guid":{"rendered":"https:\/\/cyberlogics.ao\/?post_type=product&#038;p=10403"},"modified":"2025-10-27T10:38:47","modified_gmt":"2025-10-27T10:38:47","slug":"cisco-nexus-n3k-c3172pq-10ge-48x-10gb-sfp-6x-40-gb-qsfp-switch-19-1u-rack-2x-psu-4x-fan-layer-3-totalmente-gerenciado","status":"publish","type":"product","link":"https:\/\/cyberlogics.ao\/index.php\/product\/cisco-nexus-n3k-c3172pq-10ge-48x-10gb-sfp-6x-40-gb-qsfp-switch-19-1u-rack-2x-psu-4x-fan-layer-3-totalmente-gerenciado\/","title":{"rendered":"Cisco Nexus N3K-C3172PQ-10GE 48x 10Gb SFP+ 6x 40 Gb QSFP+ Switch 19&#8243; 1U Rack 2x PSU 4x FAN Layer 3 totalmente gerenciado"},"content":{"rendered":"<div class=\"product_description_list\">\n<div class=\"description_line\"><strong>Fornecedor \/ OEM:<\/strong><span>Cisco\/<\/span><\/div>\n<div class=\"description_line\"><strong>Tipo:<\/strong><span>Comutador de rede<\/span><\/div>\n<div class=\"description_line\"><strong>Tipo:<\/strong><span>19&#8243; 1 ELE<\/span><\/div>\n<div class=\"description_line\"><strong>Modelo:<\/strong><span>N3K-C3172PQ-10GE \/<\/span><\/div>\n<div class=\"description_line\"><strong>PartNr:<\/strong><span>N3K-C3172PQ-10GE C3172PQ<\/span><\/div>\n<div class=\"description_line\"><strong>Portas:<\/strong><span>54 portas 10 Gb + 40 Gb SFP + QSFP +<\/span><\/div>\n<div class=\"description_line\"><strong>Especifica\u00e7\u00f5es:<\/strong><span>Top-of-Rack, Comuta\u00e7\u00e3o<\/p>\n<p>de Data Center 48 x SFP+ &amp; 6 x 40 Gigabit QSFP+<\/p>\n<p>Fornece comuta\u00e7\u00e3o de Camadas 2 e 3 de at\u00e9 1,4 Tbps.<\/span><\/div>\n<div id=\"zstand\"><strong>Condi\u00e7\u00e3o do item:\u00a0<\/strong>reformado, Grau A. O item foi completamente testado \/ reformado.<\/div>\n<\/div>\n<div id=\"eupsvo\"><strong>Informa\u00e7\u00f5es do fabricante:<\/strong><\/p>\n<div>\n<div>Cisco Systems GmbH 300 Leste da Tasm\u00e2nia Drive S\u00e3o Jos\u00e9, CA 95134 EUA<\/div>\n<div>https:\/\/www.cisco.com\/c\/de_de\/about\/contact-cisco.html<\/div>\n<\/div>\n<div>\n<div>Cisco Systems GmbH Anel de estacionamento 20 85748 Garching Deutschland<\/div>\n<div>https:\/\/www.cisco.com\/c\/de_de\/about\/contact-cisco.html<\/div>\n<\/div>\n<\/div>\n","protected":false},"excerpt":{"rendered":"<h1>Cisco Nexus N3K-C3172PQ-10GE 48x 10Gb SFP+ 6x 40 Gb QSFP+ Switch 19&#8243; 1U Rack 2x PSU 4x FAN Layer 3 totalmente gerenciado<\/h1>\n","protected":false},"featured_media":10408,"comment_status":"open","ping_status":"closed","template":"","meta":{"_joinchat":[]},"product_brand":[],"product_cat":[794,793,307],"product_tag":[],"class_list":{"0":"post-10403","1":"product","2":"type-product","3":"status-publish","4":"has-post-thumbnail","6":"product_cat-cisco-nexus-redes","7":"product_cat-cisco-nexus","8":"product_cat-redes","10":"first","11":"instock","12":"shipping-taxable","13":"purchasable","14":"product-type-simple"},"yoast_head":"<!-- This site is optimized with the Yoast SEO plugin v27.3 - https:\/\/yoast.com\/product\/yoast-seo-wordpress\/ -->\n<title>Cisco Nexus N3K-C3172PQ-10GE 48x 10Gb SFP+ 6x 40 Gb QSFP+ Switch 19&quot; 1U Rack 2x PSU 4x FAN Layer 3 totalmente gerenciado - Cyberlogics Technologies Angola<\/title>\n<meta name=\"description\" content=\"A Maior Loja Online de Angola de Licen\u00e7as Microsoft Office | Chaves Sistemas Operativos Windows | Antiv\u00edrus | Cloud Adobe | Inform\u00e1tica &amp; Servidores | Softwares de Gest\u00e3o ERP | Gaming Hardware | UPS e Baterias &amp; Muito Mais...\" \/>\n<meta name=\"robots\" content=\"index, follow, max-snippet:-1, max-image-preview:large, max-video-preview:-1\" \/>\n<link rel=\"canonical\" href=\"https:\/\/cyberlogics.ao\/index.php\/product\/cisco-nexus-n3k-c3172pq-10ge-48x-10gb-sfp-6x-40-gb-qsfp-switch-19-1u-rack-2x-psu-4x-fan-layer-3-totalmente-gerenciado\/\" \/>\n<meta property=\"og:locale\" content=\"pt_PT\" \/>\n<meta property=\"og:type\" content=\"article\" \/>\n<meta property=\"og:title\" content=\"Cisco Nexus N3K-C3172PQ-10GE 48x 10Gb SFP+ 6x 40 Gb QSFP+ Switch 19&quot; 1U Rack 2x PSU 4x FAN Layer 3 totalmente gerenciado - Cyberlogics Technologies Angola\" \/>\n<meta property=\"og:description\" content=\"A Maior Loja Online de Angola de Licen\u00e7as Microsoft Office | Chaves Sistemas Operativos Windows | Antiv\u00edrus | Cloud Adobe | Inform\u00e1tica &amp; Servidores | Softwares de Gest\u00e3o ERP | Gaming Hardware | UPS e Baterias &amp; Muito Mais...\" \/>\n<meta property=\"og:url\" content=\"https:\/\/cyberlogics.ao\/index.php\/product\/cisco-nexus-n3k-c3172pq-10ge-48x-10gb-sfp-6x-40-gb-qsfp-switch-19-1u-rack-2x-psu-4x-fan-layer-3-totalmente-gerenciado\/\" \/>\n<meta property=\"og:site_name\" content=\"Cyberlogics Technologies Angola\" \/>\n<meta property=\"og:image\" content=\"http:\/\/cyberlogics.ao\/wp-content\/uploads\/2025\/10\/cisco-nexus-3172pq-10gbe-switch-19-1u-rack-48x-1-10gbe-rj-45-copper-6x-40-gbe-qsfp-n3k-c3172pq-10ge-2x-psu-4x-fan-laye-fully-managed-17581-m-4.jpg\" \/>\n\t<meta property=\"og:image:width\" content=\"140\" \/>\n\t<meta property=\"og:image:height\" content=\"87\" \/>\n\t<meta property=\"og:image:type\" content=\"image\/jpeg\" \/>\n<meta name=\"twitter:card\" content=\"summary_large_image\" \/>\n<meta name=\"twitter:label1\" content=\"Tempo estimado de leitura\" \/>\n\t<meta name=\"twitter:data1\" content=\"1 minuto\" \/>\n<script type=\"application\/ld+json\" class=\"yoast-schema-graph\">{\"@context\":\"https:\\\/\\\/schema.org\",\"@graph\":[{\"@type\":\"WebPage\",\"@id\":\"https:\\\/\\\/cyberlogics.ao\\\/index.php\\\/product\\\/cisco-nexus-n3k-c3172pq-10ge-48x-10gb-sfp-6x-40-gb-qsfp-switch-19-1u-rack-2x-psu-4x-fan-layer-3-totalmente-gerenciado\\\/\",\"url\":\"https:\\\/\\\/cyberlogics.ao\\\/index.php\\\/product\\\/cisco-nexus-n3k-c3172pq-10ge-48x-10gb-sfp-6x-40-gb-qsfp-switch-19-1u-rack-2x-psu-4x-fan-layer-3-totalmente-gerenciado\\\/\",\"name\":\"Cisco Nexus N3K-C3172PQ-10GE 48x 10Gb SFP+ 6x 40 Gb QSFP+ Switch 19\\\" 1U Rack 2x PSU 4x FAN Layer 3 totalmente gerenciado - Cyberlogics Technologies Angola\",\"isPartOf\":{\"@id\":\"https:\\\/\\\/cyberlogics.ao\\\/#website\"},\"primaryImageOfPage\":{\"@id\":\"https:\\\/\\\/cyberlogics.ao\\\/index.php\\\/product\\\/cisco-nexus-n3k-c3172pq-10ge-48x-10gb-sfp-6x-40-gb-qsfp-switch-19-1u-rack-2x-psu-4x-fan-layer-3-totalmente-gerenciado\\\/#primaryimage\"},\"image\":{\"@id\":\"https:\\\/\\\/cyberlogics.ao\\\/index.php\\\/product\\\/cisco-nexus-n3k-c3172pq-10ge-48x-10gb-sfp-6x-40-gb-qsfp-switch-19-1u-rack-2x-psu-4x-fan-layer-3-totalmente-gerenciado\\\/#primaryimage\"},\"thumbnailUrl\":\"https:\\\/\\\/cyberlogics.ao\\\/wp-content\\\/uploads\\\/2025\\\/10\\\/cisco-nexus-3172pq-10gbe-switch-19-1u-rack-48x-1-10gbe-rj-45-copper-6x-40-gbe-qsfp-n3k-c3172pq-10ge-2x-psu-4x-fan-laye-fully-managed-17581-m-4.jpg\",\"datePublished\":\"2025-10-27T10:38:47+00:00\",\"description\":\"A Maior Loja Online de Angola de Licen\u00e7as Microsoft Office | Chaves Sistemas Operativos Windows | Antiv\u00edrus | Cloud Adobe | Inform\u00e1tica & Servidores | Softwares de Gest\u00e3o ERP | Gaming Hardware | UPS e Baterias & Muito Mais...\",\"breadcrumb\":{\"@id\":\"https:\\\/\\\/cyberlogics.ao\\\/index.php\\\/product\\\/cisco-nexus-n3k-c3172pq-10ge-48x-10gb-sfp-6x-40-gb-qsfp-switch-19-1u-rack-2x-psu-4x-fan-layer-3-totalmente-gerenciado\\\/#breadcrumb\"},\"inLanguage\":\"pt-PT\",\"potentialAction\":[{\"@type\":\"ReadAction\",\"target\":[\"https:\\\/\\\/cyberlogics.ao\\\/index.php\\\/product\\\/cisco-nexus-n3k-c3172pq-10ge-48x-10gb-sfp-6x-40-gb-qsfp-switch-19-1u-rack-2x-psu-4x-fan-layer-3-totalmente-gerenciado\\\/\"]}]},{\"@type\":\"ImageObject\",\"inLanguage\":\"pt-PT\",\"@id\":\"https:\\\/\\\/cyberlogics.ao\\\/index.php\\\/product\\\/cisco-nexus-n3k-c3172pq-10ge-48x-10gb-sfp-6x-40-gb-qsfp-switch-19-1u-rack-2x-psu-4x-fan-layer-3-totalmente-gerenciado\\\/#primaryimage\",\"url\":\"https:\\\/\\\/cyberlogics.ao\\\/wp-content\\\/uploads\\\/2025\\\/10\\\/cisco-nexus-3172pq-10gbe-switch-19-1u-rack-48x-1-10gbe-rj-45-copper-6x-40-gbe-qsfp-n3k-c3172pq-10ge-2x-psu-4x-fan-laye-fully-managed-17581-m-4.jpg\",\"contentUrl\":\"https:\\\/\\\/cyberlogics.ao\\\/wp-content\\\/uploads\\\/2025\\\/10\\\/cisco-nexus-3172pq-10gbe-switch-19-1u-rack-48x-1-10gbe-rj-45-copper-6x-40-gbe-qsfp-n3k-c3172pq-10ge-2x-psu-4x-fan-laye-fully-managed-17581-m-4.jpg\",\"width\":140,\"height\":87},{\"@type\":\"BreadcrumbList\",\"@id\":\"https:\\\/\\\/cyberlogics.ao\\\/index.php\\\/product\\\/cisco-nexus-n3k-c3172pq-10ge-48x-10gb-sfp-6x-40-gb-qsfp-switch-19-1u-rack-2x-psu-4x-fan-layer-3-totalmente-gerenciado\\\/#breadcrumb\",\"itemListElement\":[{\"@type\":\"ListItem\",\"position\":1,\"name\":\"In\u00edcio\",\"item\":\"https:\\\/\\\/cyberlogics.ao\\\/\"},{\"@type\":\"ListItem\",\"position\":2,\"name\":\"Produtos\",\"item\":\"https:\\\/\\\/cyberlogics.ao\\\/index.php\\\/shop-2\\\/\"},{\"@type\":\"ListItem\",\"position\":3,\"name\":\"Cisco Nexus N3K-C3172PQ-10GE 48x 10Gb SFP+ 6x 40 Gb QSFP+ Switch 19&#8243; 1U Rack 2x PSU 4x FAN Layer 3 totalmente gerenciado\"}]},{\"@type\":\"WebSite\",\"@id\":\"https:\\\/\\\/cyberlogics.ao\\\/#website\",\"url\":\"https:\\\/\\\/cyberlogics.ao\\\/\",\"name\":\"Cyberlogics Technologies Angola\",\"description\":\"Loja Online de Licen\u00e7as de Softwares e Inform\u00e1tica\",\"publisher\":{\"@id\":\"https:\\\/\\\/cyberlogics.ao\\\/#organization\"},\"potentialAction\":[{\"@type\":\"SearchAction\",\"target\":{\"@type\":\"EntryPoint\",\"urlTemplate\":\"https:\\\/\\\/cyberlogics.ao\\\/?s={search_term_string}\"},\"query-input\":{\"@type\":\"PropertyValueSpecification\",\"valueRequired\":true,\"valueName\":\"search_term_string\"}}],\"inLanguage\":\"pt-PT\"},{\"@type\":\"Organization\",\"@id\":\"https:\\\/\\\/cyberlogics.ao\\\/#organization\",\"name\":\"Cyberlogics Ao Technologies - Loja Online de Licen\u00e7as de Softwares e Inform\u00e1tica\",\"url\":\"https:\\\/\\\/cyberlogics.ao\\\/\",\"logo\":{\"@type\":\"ImageObject\",\"inLanguage\":\"pt-PT\",\"@id\":\"https:\\\/\\\/cyberlogics.ao\\\/#\\\/schema\\\/logo\\\/image\\\/\",\"url\":\"https:\\\/\\\/cyberlogics.ao\\\/wp-content\\\/uploads\\\/2022\\\/04\\\/CT-logo.png\",\"contentUrl\":\"https:\\\/\\\/cyberlogics.ao\\\/wp-content\\\/uploads\\\/2022\\\/04\\\/CT-logo.png\",\"width\":190,\"height\":75,\"caption\":\"Cyberlogics Ao Technologies - Loja Online de Licen\u00e7as de Softwares e Inform\u00e1tica\"},\"image\":{\"@id\":\"https:\\\/\\\/cyberlogics.ao\\\/#\\\/schema\\\/logo\\\/image\\\/\"}}]}<\/script>\n<!-- \/ Yoast SEO plugin. -->","yoast_head_json":{"title":"Cisco Nexus N3K-C3172PQ-10GE 48x 10Gb SFP+ 6x 40 Gb QSFP+ Switch 19\" 1U Rack 2x PSU 4x FAN Layer 3 totalmente gerenciado - Cyberlogics Technologies Angola","description":"A Maior Loja Online de Angola de Licen\u00e7as Microsoft Office | Chaves Sistemas Operativos Windows | Antiv\u00edrus | Cloud Adobe | Inform\u00e1tica & Servidores | Softwares de Gest\u00e3o ERP | Gaming Hardware | UPS e Baterias & Muito Mais...","robots":{"index":"index","follow":"follow","max-snippet":"max-snippet:-1","max-image-preview":"max-image-preview:large","max-video-preview":"max-video-preview:-1"},"canonical":"https:\/\/cyberlogics.ao\/index.php\/product\/cisco-nexus-n3k-c3172pq-10ge-48x-10gb-sfp-6x-40-gb-qsfp-switch-19-1u-rack-2x-psu-4x-fan-layer-3-totalmente-gerenciado\/","og_locale":"pt_PT","og_type":"article","og_title":"Cisco Nexus N3K-C3172PQ-10GE 48x 10Gb SFP+ 6x 40 Gb QSFP+ Switch 19\" 1U Rack 2x PSU 4x FAN Layer 3 totalmente gerenciado - Cyberlogics Technologies Angola","og_description":"A Maior Loja Online de Angola de Licen\u00e7as Microsoft Office | Chaves Sistemas Operativos Windows | Antiv\u00edrus | Cloud Adobe | Inform\u00e1tica & Servidores | Softwares de Gest\u00e3o ERP | Gaming Hardware | UPS e Baterias & Muito Mais...","og_url":"https:\/\/cyberlogics.ao\/index.php\/product\/cisco-nexus-n3k-c3172pq-10ge-48x-10gb-sfp-6x-40-gb-qsfp-switch-19-1u-rack-2x-psu-4x-fan-layer-3-totalmente-gerenciado\/","og_site_name":"Cyberlogics Technologies Angola","og_image":[{"width":140,"height":87,"url":"http:\/\/cyberlogics.ao\/wp-content\/uploads\/2025\/10\/cisco-nexus-3172pq-10gbe-switch-19-1u-rack-48x-1-10gbe-rj-45-copper-6x-40-gbe-qsfp-n3k-c3172pq-10ge-2x-psu-4x-fan-laye-fully-managed-17581-m-4.jpg","type":"image\/jpeg"}],"twitter_card":"summary_large_image","twitter_misc":{"Tempo estimado de leitura":"1 minuto"},"schema":{"@context":"https:\/\/schema.org","@graph":[{"@type":"WebPage","@id":"https:\/\/cyberlogics.ao\/index.php\/product\/cisco-nexus-n3k-c3172pq-10ge-48x-10gb-sfp-6x-40-gb-qsfp-switch-19-1u-rack-2x-psu-4x-fan-layer-3-totalmente-gerenciado\/","url":"https:\/\/cyberlogics.ao\/index.php\/product\/cisco-nexus-n3k-c3172pq-10ge-48x-10gb-sfp-6x-40-gb-qsfp-switch-19-1u-rack-2x-psu-4x-fan-layer-3-totalmente-gerenciado\/","name":"Cisco Nexus N3K-C3172PQ-10GE 48x 10Gb SFP+ 6x 40 Gb QSFP+ Switch 19\" 1U Rack 2x PSU 4x FAN Layer 3 totalmente gerenciado - Cyberlogics Technologies Angola","isPartOf":{"@id":"https:\/\/cyberlogics.ao\/#website"},"primaryImageOfPage":{"@id":"https:\/\/cyberlogics.ao\/index.php\/product\/cisco-nexus-n3k-c3172pq-10ge-48x-10gb-sfp-6x-40-gb-qsfp-switch-19-1u-rack-2x-psu-4x-fan-layer-3-totalmente-gerenciado\/#primaryimage"},"image":{"@id":"https:\/\/cyberlogics.ao\/index.php\/product\/cisco-nexus-n3k-c3172pq-10ge-48x-10gb-sfp-6x-40-gb-qsfp-switch-19-1u-rack-2x-psu-4x-fan-layer-3-totalmente-gerenciado\/#primaryimage"},"thumbnailUrl":"https:\/\/cyberlogics.ao\/wp-content\/uploads\/2025\/10\/cisco-nexus-3172pq-10gbe-switch-19-1u-rack-48x-1-10gbe-rj-45-copper-6x-40-gbe-qsfp-n3k-c3172pq-10ge-2x-psu-4x-fan-laye-fully-managed-17581-m-4.jpg","datePublished":"2025-10-27T10:38:47+00:00","description":"A Maior Loja Online de Angola de Licen\u00e7as Microsoft Office | Chaves Sistemas Operativos Windows | Antiv\u00edrus | Cloud Adobe | Inform\u00e1tica & Servidores | Softwares de Gest\u00e3o ERP | Gaming Hardware | UPS e Baterias & Muito Mais...","breadcrumb":{"@id":"https:\/\/cyberlogics.ao\/index.php\/product\/cisco-nexus-n3k-c3172pq-10ge-48x-10gb-sfp-6x-40-gb-qsfp-switch-19-1u-rack-2x-psu-4x-fan-layer-3-totalmente-gerenciado\/#breadcrumb"},"inLanguage":"pt-PT","potentialAction":[{"@type":"ReadAction","target":["https:\/\/cyberlogics.ao\/index.php\/product\/cisco-nexus-n3k-c3172pq-10ge-48x-10gb-sfp-6x-40-gb-qsfp-switch-19-1u-rack-2x-psu-4x-fan-layer-3-totalmente-gerenciado\/"]}]},{"@type":"ImageObject","inLanguage":"pt-PT","@id":"https:\/\/cyberlogics.ao\/index.php\/product\/cisco-nexus-n3k-c3172pq-10ge-48x-10gb-sfp-6x-40-gb-qsfp-switch-19-1u-rack-2x-psu-4x-fan-layer-3-totalmente-gerenciado\/#primaryimage","url":"https:\/\/cyberlogics.ao\/wp-content\/uploads\/2025\/10\/cisco-nexus-3172pq-10gbe-switch-19-1u-rack-48x-1-10gbe-rj-45-copper-6x-40-gbe-qsfp-n3k-c3172pq-10ge-2x-psu-4x-fan-laye-fully-managed-17581-m-4.jpg","contentUrl":"https:\/\/cyberlogics.ao\/wp-content\/uploads\/2025\/10\/cisco-nexus-3172pq-10gbe-switch-19-1u-rack-48x-1-10gbe-rj-45-copper-6x-40-gbe-qsfp-n3k-c3172pq-10ge-2x-psu-4x-fan-laye-fully-managed-17581-m-4.jpg","width":140,"height":87},{"@type":"BreadcrumbList","@id":"https:\/\/cyberlogics.ao\/index.php\/product\/cisco-nexus-n3k-c3172pq-10ge-48x-10gb-sfp-6x-40-gb-qsfp-switch-19-1u-rack-2x-psu-4x-fan-layer-3-totalmente-gerenciado\/#breadcrumb","itemListElement":[{"@type":"ListItem","position":1,"name":"In\u00edcio","item":"https:\/\/cyberlogics.ao\/"},{"@type":"ListItem","position":2,"name":"Produtos","item":"https:\/\/cyberlogics.ao\/index.php\/shop-2\/"},{"@type":"ListItem","position":3,"name":"Cisco Nexus N3K-C3172PQ-10GE 48x 10Gb SFP+ 6x 40 Gb QSFP+ Switch 19&#8243; 1U Rack 2x PSU 4x FAN Layer 3 totalmente gerenciado"}]},{"@type":"WebSite","@id":"https:\/\/cyberlogics.ao\/#website","url":"https:\/\/cyberlogics.ao\/","name":"Cyberlogics Technologies Angola","description":"Loja Online de Licen\u00e7as de Softwares e Inform\u00e1tica","publisher":{"@id":"https:\/\/cyberlogics.ao\/#organization"},"potentialAction":[{"@type":"SearchAction","target":{"@type":"EntryPoint","urlTemplate":"https:\/\/cyberlogics.ao\/?s={search_term_string}"},"query-input":{"@type":"PropertyValueSpecification","valueRequired":true,"valueName":"search_term_string"}}],"inLanguage":"pt-PT"},{"@type":"Organization","@id":"https:\/\/cyberlogics.ao\/#organization","name":"Cyberlogics Ao Technologies - Loja Online de Licen\u00e7as de Softwares e Inform\u00e1tica","url":"https:\/\/cyberlogics.ao\/","logo":{"@type":"ImageObject","inLanguage":"pt-PT","@id":"https:\/\/cyberlogics.ao\/#\/schema\/logo\/image\/","url":"https:\/\/cyberlogics.ao\/wp-content\/uploads\/2022\/04\/CT-logo.png","contentUrl":"https:\/\/cyberlogics.ao\/wp-content\/uploads\/2022\/04\/CT-logo.png","width":190,"height":75,"caption":"Cyberlogics Ao Technologies - Loja Online de Licen\u00e7as de Softwares e Inform\u00e1tica"},"image":{"@id":"https:\/\/cyberlogics.ao\/#\/schema\/logo\/image\/"}}]}},"_links":{"self":[{"href":"https:\/\/cyberlogics.ao\/index.php\/wp-json\/wp\/v2\/product\/10403","targetHints":{"allow":["GET"]}}],"collection":[{"href":"https:\/\/cyberlogics.ao\/index.php\/wp-json\/wp\/v2\/product"}],"about":[{"href":"https:\/\/cyberlogics.ao\/index.php\/wp-json\/wp\/v2\/types\/product"}],"replies":[{"embeddable":true,"href":"https:\/\/cyberlogics.ao\/index.php\/wp-json\/wp\/v2\/comments?post=10403"}],"wp:featuredmedia":[{"embeddable":true,"href":"https:\/\/cyberlogics.ao\/index.php\/wp-json\/wp\/v2\/media\/10408"}],"wp:attachment":[{"href":"https:\/\/cyberlogics.ao\/index.php\/wp-json\/wp\/v2\/media?parent=10403"}],"wp:term":[{"taxonomy":"product_brand","embeddable":true,"href":"https:\/\/cyberlogics.ao\/index.php\/wp-json\/wp\/v2\/product_brand?post=10403"},{"taxonomy":"product_cat","embeddable":true,"href":"https:\/\/cyberlogics.ao\/index.php\/wp-json\/wp\/v2\/product_cat?post=10403"},{"taxonomy":"product_tag","embeddable":true,"href":"https:\/\/cyberlogics.ao\/index.php\/wp-json\/wp\/v2\/product_tag?post=10403"}],"curies":[{"name":"wp","href":"https:\/\/api.w.org\/{rel}","templated":true}]}}