{"id":10415,"date":"2025-10-27T11:00:47","date_gmt":"2025-10-27T11:00:47","guid":{"rendered":"https:\/\/cyberlogics.ao\/?post_type=product&#038;p=10415"},"modified":"2025-10-27T11:00:47","modified_gmt":"2025-10-27T11:00:47","slug":"cisco-c240-m5-24x-25-sff-2x-intel-xeon-escalavel-lga3647-ddr4-ecc-raid-2x-psu-2u-19-servidor-em-rack-cto","status":"publish","type":"product","link":"https:\/\/cyberlogics.ao\/index.php\/product\/cisco-c240-m5-24x-25-sff-2x-intel-xeon-escalavel-lga3647-ddr4-ecc-raid-2x-psu-2u-19-servidor-em-rack-cto\/","title":{"rendered":"Cisco C240 M5 24x 2,5&#8243; SFF 2x Intel XEON Escal\u00e1vel LGA3647 DDR4 ECC Raid 2x PSU 2U 19&#8243; Servidor em Rack -CTO-"},"content":{"rendered":"<p><a href=\"https:\/\/www.serverschmiede.com\/en\/server\/cisco\/ucs-c220-c240\/\"><span class=\"backarrow\"><i class=\"fa fa-chevron-left\" aria-hidden=\"true\"><\/i>\u00a0Voltar<\/span><\/a><\/p>\n<h1>Cisco C240 M5 24x 2,5&#8243; SFF 2x Intel XEON Escal\u00e1vel LGA3647 DDR4 ECC Raid 2x PSU 2U 19&#8243; Servidor em Rack -CTO-<\/h1>\n<div id=\"product_info_left\">\n<div class=\"gallery\">\n<div class=\"lSSlideOuter\">\n<div class=\"lSSlideWrapper usingCss\">\n<ul id=\"lightSlider\" class=\"lightSlider lsGrab lSSlide\">\n<li class=\"lslide active\" data-thumb=\"\/images\/product_images\/icon\/cisco-c240-m5-24x-25-sff-2x-intel-xeon-scalable-lga3647-ddr4-ecc-raid-2x-psu-2u-19-rack-server-cto-.jpg\"><\/li>\n<li class=\"lslide\" data-thumb=\"\/images\/product_images\/icon\/cisco-c240-m5-24x-25-sff-2x-intel-xeon-scalable-lga3647-ddr4-ecc-raid-2x-psu-2u-19-rack-server-cto--19370-m-1.jpg\"><\/li>\n<li class=\"lslide\" data-thumb=\"\/images\/product_images\/icon\/cisco-c240-m5-24x-25-sff-2x-intel-xeon-scalable-lga3647-ddr4-ecc-raid-2x-psu-2u-19-rack-server-cto--19370-m-2.jpg\"><\/li>\n<li class=\"lslide\" data-thumb=\"\/images\/product_images\/icon\/cisco-c240-m5-24x-25-sff-2x-intel-xeon-scalable-lga3647-ddr4-ecc-raid-2x-psu-2u-19-rack-server-cto--19370-m-3.jpg\"><\/li>\n<li class=\"lslide\" data-thumb=\"\/images\/product_images\/icon\/cisco-c240-m5-24x-25-sff-2x-intel-xeon-scalable-lga3647-ddr4-ecc-raid-2x-psu-2u-19-rack-server-cto--19370-m-4.jpg\"><\/li>\n<li class=\"lslide\" data-thumb=\"\/images\/product_images\/icon\/cisco-c240-m5-24x-25-sff-2x-intel-xeon-scalable-lga3647-ddr4-ecc-raid-2x-psu-2u-19-rack-server-cto--19370-m-5.jpg\"><\/li>\n<li class=\"lslide\" data-thumb=\"\/images\/product_images\/icon\/cisco-c240-m5-24x-25-sff-2x-intel-xeon-scalable-lga3647-ddr4-ecc-raid-2x-psu-2u-19-rack-server-cto--19370-m-6.jpg\"><\/li>\n<\/ul>\n<\/div>\n<\/div>\n<\/div>\n<div id=\"product_description\">\n<div class=\"toggler_content\">\n<p>&nbsp;<\/p>\n<div class=\"product_description_list product_description_server\">\n<div class=\"description_line\"><strong>Fornecedor:\u00a0<\/strong>Cisco<\/div>\n<div class=\"description_line\"><strong>Tipo de unidade:\u00a0<\/strong>Servidor<\/div>\n<div class=\"description_line\"><strong>Tipo:\u00a0<\/strong>19&#8243; 2 HE<\/div>\n<div class=\"description_line\"><strong>Modelo:\u00a0<\/strong>UCS C240 M5<\/div>\n<div class=\"description_line\"><strong>Baias de HDD:\u00a0<\/strong>24x baias de HDD HotSwap SAS\/S-ATA Backplane<br \/>\nsem HDDs ou bandejas selecionadas n\u00e3o s\u00e3o bandejas de HDD inclu\u00eddas na entrega<\/div>\n<div class=\"description_line\"><strong>Unidade \u00f3ptica:\u00a0<\/strong>ohne<\/div>\n<div class=\"description_line\"><strong>Rede:\u00a0<\/strong>Duas portas Ethernet Intel x550 10GBASE-T<\/div>\n<div class=\"description_line\"><strong>Interfaces internas:<\/strong><br \/>\n2x CPU Intel FCLGA3647 Sockel f\u00fcr Skalierbare Intel\u00ae Xeon\u00ae Prozessoren &#8211; bis 28 Core CPU<br \/>\nIntel\u00ae C621 Series Chipset<br \/>\n24x DDR4 288pin ECC DIMM bancos de at\u00e9 3TB RAM2x Interface<\/p>\n<p>Riser 1x PCIe 3.0 x16 perfil baixo<br \/>\n1x PCIe 3.0 x8 Perfil<\/p>\n<p>completo 1x slot<br \/>\nFlexibleLOM 1x conector<br \/>\nUSB 3.0 1x slot<br \/>\npara cart\u00e3o MicroSD 2x S-ATA<\/p>\n<\/div>\n<div class=\"description_line\"><strong>Interfaces externas:<\/strong><br \/>\n3x USB 3.0 (1x frontal)<br \/>\n2x 1GbE LAN RJ-45 Cobre<br \/>\n1x RJ-45 Porta<br \/>\nde gerenciamento de servidor 1x VGA 15pol. D-SUB<\/div>\n<div class=\"description_line\"><strong>Placa de v\u00eddeo:\u00a0<\/strong>integrada<\/div>\n<div class=\"description_line\"><strong>Unidades de pot\u00eancia:\u00a0<\/strong>2x fonte de alimenta\u00e7\u00e3o HP HotSwap<\/div>\n<div class=\"description_line\"><strong>Sistemas operacionais compat\u00edveis:<\/strong><br \/>\n<b>Windows:<\/b>\u00a0Windows Server 2016, 2019, 2022*; Windows 10, 11*<br \/>\n*\u00e9 necess\u00e1rio<br \/>\num m\u00f3dulo TPM compat\u00edvel\u00a0<b>Virtualisierung:<\/b>\u00a0vmware ; Citrix ; Microsoft Hyper-V ; Proxmoxx; Linux KVM<br \/>\n<b>Linux Betriebssysteme:<\/b>\u00a0Linux Suse, Linux RHEL (RedHat), Debian, Fedora etc.<\/div>\n<div id=\"zstand\"><strong>Condi\u00e7\u00e3o do item:\u00a0<\/strong>reformado, Grau A<br \/>\nCada dispositivo foi limpo e cuidadosamente verificado antes da entrega. O firmware gratuito mais recente dispon\u00edvel foi atualizado no systembios, no controlador de armazenamento, rede e gerenciamento.<\/div>\n<div class=\"description_line description_text\"><\/div>\n<\/div>\n<div id=\"eupsvo\">\n<p><strong>Informa\u00e7\u00f5es do fabricante:<\/strong><\/p>\n<div>\n<div>Cisco Systems GmbH 300 Leste da Tasm\u00e2nia Drive S\u00e3o Jos\u00e9, CA 95134 EUA<\/div>\n<div>https:\/\/www.cisco.com\/c\/de_de\/about\/contact-cisco.html<\/div>\n<\/div>\n<div>\n<div>Cisco Systems GmbH Anel de estacionamento 20 85748 Garching Deutschland<\/div>\n<div>https:\/\/www.cisco.com\/c\/de_de\/about\/contact-cisco.html<\/div>\n<\/div>\n<\/div>\n<\/div>\n<\/div>\n<\/div>\n","protected":false},"excerpt":{"rendered":"<h1>Cisco C240 M5 24x 2,5&#8243; SFF 2x Intel XEON Escal\u00e1vel LGA3647 DDR4 ECC Raid 2x PSU 2U 19&#8243; Servidor em Rack -CTO-<\/h1>\n","protected":false},"featured_media":10423,"comment_status":"open","ping_status":"closed","template":"","meta":{"_joinchat":[]},"product_brand":[],"product_cat":[796,115],"product_tag":[],"class_list":{"0":"post-10415","1":"product","2":"type-product","3":"status-publish","4":"has-post-thumbnail","6":"product_cat-cisco-systems","7":"product_cat-servidores","9":"first","10":"instock","11":"shipping-taxable","12":"purchasable","13":"product-type-simple"},"yoast_head":"<!-- This site is optimized with the Yoast SEO plugin v27.4 - https:\/\/yoast.com\/product\/yoast-seo-wordpress\/ -->\n<title>Cisco C240 M5 24x 2,5&quot; SFF 2x Intel XEON Escal\u00e1vel LGA3647 DDR4 ECC Raid 2x PSU 2U 19&quot; Servidor em Rack -CTO- Cyberlogics Technologies Angola<\/title>\n<meta name=\"description\" content=\"A Maior Loja Online de Angola de Licen\u00e7as Microsoft Office | Chaves Sistemas Operativos Windows | Antiv\u00edrus | Cloud Adobe | Inform\u00e1tica &amp; Servidores | Softwares de Gest\u00e3o ERP | Gaming Hardware | UPS e Baterias &amp; Muito Mais...\" \/>\n<meta name=\"robots\" content=\"index, follow, max-snippet:-1, max-image-preview:large, max-video-preview:-1\" \/>\n<link rel=\"canonical\" href=\"https:\/\/cyberlogics.ao\/index.php\/product\/cisco-c240-m5-24x-25-sff-2x-intel-xeon-escalavel-lga3647-ddr4-ecc-raid-2x-psu-2u-19-servidor-em-rack-cto\/\" \/>\n<meta property=\"og:locale\" content=\"pt_PT\" \/>\n<meta property=\"og:type\" content=\"article\" \/>\n<meta property=\"og:title\" content=\"Cisco C240 M5 24x 2,5&quot; SFF 2x Intel XEON Escal\u00e1vel LGA3647 DDR4 ECC Raid 2x PSU 2U 19&quot; Servidor em Rack -CTO- Cyberlogics Technologies Angola\" \/>\n<meta property=\"og:description\" content=\"A Maior Loja Online de Angola de Licen\u00e7as Microsoft Office | Chaves Sistemas Operativos Windows | Antiv\u00edrus | Cloud Adobe | Inform\u00e1tica &amp; Servidores | Softwares de Gest\u00e3o ERP | Gaming Hardware | UPS e Baterias &amp; Muito Mais...\" \/>\n<meta property=\"og:url\" content=\"https:\/\/cyberlogics.ao\/index.php\/product\/cisco-c240-m5-24x-25-sff-2x-intel-xeon-escalavel-lga3647-ddr4-ecc-raid-2x-psu-2u-19-servidor-em-rack-cto\/\" \/>\n<meta property=\"og:site_name\" content=\"Cyberlogics Technologies Angola\" \/>\n<meta property=\"og:image\" content=\"http:\/\/cyberlogics.ao\/wp-content\/uploads\/2025\/10\/cisco-c240-m5-24x-25-sff-2x-intel-xeon-scalable-lga3647-ddr4-ecc-raid-2x-psu-2u-19-rack-server-cto-19370-m-6.jpg\" \/>\n\t<meta property=\"og:image:width\" content=\"140\" \/>\n\t<meta property=\"og:image:height\" content=\"88\" \/>\n\t<meta property=\"og:image:type\" content=\"image\/jpeg\" \/>\n<meta name=\"twitter:card\" content=\"summary_large_image\" \/>\n<meta name=\"twitter:label1\" content=\"Tempo estimado de leitura\" \/>\n\t<meta name=\"twitter:data1\" content=\"1 minuto\" \/>\n<script type=\"application\/ld+json\" class=\"yoast-schema-graph\">{\"@context\":\"https:\\\/\\\/schema.org\",\"@graph\":[{\"@type\":\"WebPage\",\"@id\":\"https:\\\/\\\/cyberlogics.ao\\\/index.php\\\/product\\\/cisco-c240-m5-24x-25-sff-2x-intel-xeon-escalavel-lga3647-ddr4-ecc-raid-2x-psu-2u-19-servidor-em-rack-cto\\\/\",\"url\":\"https:\\\/\\\/cyberlogics.ao\\\/index.php\\\/product\\\/cisco-c240-m5-24x-25-sff-2x-intel-xeon-escalavel-lga3647-ddr4-ecc-raid-2x-psu-2u-19-servidor-em-rack-cto\\\/\",\"name\":\"Cisco C240 M5 24x 2,5\\\" SFF 2x Intel XEON Escal\u00e1vel LGA3647 DDR4 ECC Raid 2x PSU 2U 19\\\" Servidor em Rack -CTO- Cyberlogics Technologies Angola\",\"isPartOf\":{\"@id\":\"https:\\\/\\\/cyberlogics.ao\\\/#website\"},\"primaryImageOfPage\":{\"@id\":\"https:\\\/\\\/cyberlogics.ao\\\/index.php\\\/product\\\/cisco-c240-m5-24x-25-sff-2x-intel-xeon-escalavel-lga3647-ddr4-ecc-raid-2x-psu-2u-19-servidor-em-rack-cto\\\/#primaryimage\"},\"image\":{\"@id\":\"https:\\\/\\\/cyberlogics.ao\\\/index.php\\\/product\\\/cisco-c240-m5-24x-25-sff-2x-intel-xeon-escalavel-lga3647-ddr4-ecc-raid-2x-psu-2u-19-servidor-em-rack-cto\\\/#primaryimage\"},\"thumbnailUrl\":\"https:\\\/\\\/cyberlogics.ao\\\/wp-content\\\/uploads\\\/2025\\\/10\\\/cisco-c240-m5-24x-25-sff-2x-intel-xeon-scalable-lga3647-ddr4-ecc-raid-2x-psu-2u-19-rack-server-cto-19370-m-6.jpg\",\"datePublished\":\"2025-10-27T11:00:47+00:00\",\"description\":\"A Maior Loja Online de Angola de Licen\u00e7as Microsoft Office | Chaves Sistemas Operativos Windows | Antiv\u00edrus | Cloud Adobe | Inform\u00e1tica & Servidores | Softwares de Gest\u00e3o ERP | Gaming Hardware | UPS e Baterias & Muito Mais...\",\"breadcrumb\":{\"@id\":\"https:\\\/\\\/cyberlogics.ao\\\/index.php\\\/product\\\/cisco-c240-m5-24x-25-sff-2x-intel-xeon-escalavel-lga3647-ddr4-ecc-raid-2x-psu-2u-19-servidor-em-rack-cto\\\/#breadcrumb\"},\"inLanguage\":\"pt-PT\",\"potentialAction\":[{\"@type\":\"ReadAction\",\"target\":[\"https:\\\/\\\/cyberlogics.ao\\\/index.php\\\/product\\\/cisco-c240-m5-24x-25-sff-2x-intel-xeon-escalavel-lga3647-ddr4-ecc-raid-2x-psu-2u-19-servidor-em-rack-cto\\\/\"]}]},{\"@type\":\"ImageObject\",\"inLanguage\":\"pt-PT\",\"@id\":\"https:\\\/\\\/cyberlogics.ao\\\/index.php\\\/product\\\/cisco-c240-m5-24x-25-sff-2x-intel-xeon-escalavel-lga3647-ddr4-ecc-raid-2x-psu-2u-19-servidor-em-rack-cto\\\/#primaryimage\",\"url\":\"https:\\\/\\\/cyberlogics.ao\\\/wp-content\\\/uploads\\\/2025\\\/10\\\/cisco-c240-m5-24x-25-sff-2x-intel-xeon-scalable-lga3647-ddr4-ecc-raid-2x-psu-2u-19-rack-server-cto-19370-m-6.jpg\",\"contentUrl\":\"https:\\\/\\\/cyberlogics.ao\\\/wp-content\\\/uploads\\\/2025\\\/10\\\/cisco-c240-m5-24x-25-sff-2x-intel-xeon-scalable-lga3647-ddr4-ecc-raid-2x-psu-2u-19-rack-server-cto-19370-m-6.jpg\",\"width\":140,\"height\":88},{\"@type\":\"BreadcrumbList\",\"@id\":\"https:\\\/\\\/cyberlogics.ao\\\/index.php\\\/product\\\/cisco-c240-m5-24x-25-sff-2x-intel-xeon-escalavel-lga3647-ddr4-ecc-raid-2x-psu-2u-19-servidor-em-rack-cto\\\/#breadcrumb\",\"itemListElement\":[{\"@type\":\"ListItem\",\"position\":1,\"name\":\"In\u00edcio\",\"item\":\"https:\\\/\\\/cyberlogics.ao\\\/\"},{\"@type\":\"ListItem\",\"position\":2,\"name\":\"Produtos\",\"item\":\"https:\\\/\\\/cyberlogics.ao\\\/index.php\\\/shop-2\\\/\"},{\"@type\":\"ListItem\",\"position\":3,\"name\":\"Cisco C240 M5 24x 2,5&#8243; SFF 2x Intel XEON Escal\u00e1vel LGA3647 DDR4 ECC Raid 2x PSU 2U 19&#8243; Servidor em Rack -CTO-\"}]},{\"@type\":\"WebSite\",\"@id\":\"https:\\\/\\\/cyberlogics.ao\\\/#website\",\"url\":\"https:\\\/\\\/cyberlogics.ao\\\/\",\"name\":\"Cyberlogics Technologies Angola\",\"description\":\"Loja Online de Licen\u00e7as de Softwares e Inform\u00e1tica\",\"publisher\":{\"@id\":\"https:\\\/\\\/cyberlogics.ao\\\/#organization\"},\"potentialAction\":[{\"@type\":\"SearchAction\",\"target\":{\"@type\":\"EntryPoint\",\"urlTemplate\":\"https:\\\/\\\/cyberlogics.ao\\\/?s={search_term_string}\"},\"query-input\":{\"@type\":\"PropertyValueSpecification\",\"valueRequired\":true,\"valueName\":\"search_term_string\"}}],\"inLanguage\":\"pt-PT\"},{\"@type\":\"Organization\",\"@id\":\"https:\\\/\\\/cyberlogics.ao\\\/#organization\",\"name\":\"Cyberlogics Ao Technologies - Loja Online de Licen\u00e7as de Softwares e Inform\u00e1tica\",\"url\":\"https:\\\/\\\/cyberlogics.ao\\\/\",\"logo\":{\"@type\":\"ImageObject\",\"inLanguage\":\"pt-PT\",\"@id\":\"https:\\\/\\\/cyberlogics.ao\\\/#\\\/schema\\\/logo\\\/image\\\/\",\"url\":\"https:\\\/\\\/cyberlogics.ao\\\/wp-content\\\/uploads\\\/2022\\\/04\\\/CT-logo.png\",\"contentUrl\":\"https:\\\/\\\/cyberlogics.ao\\\/wp-content\\\/uploads\\\/2022\\\/04\\\/CT-logo.png\",\"width\":190,\"height\":75,\"caption\":\"Cyberlogics Ao Technologies - Loja Online de Licen\u00e7as de Softwares e Inform\u00e1tica\"},\"image\":{\"@id\":\"https:\\\/\\\/cyberlogics.ao\\\/#\\\/schema\\\/logo\\\/image\\\/\"}}]}<\/script>\n<!-- \/ Yoast SEO plugin. -->","yoast_head_json":{"title":"Cisco C240 M5 24x 2,5\" SFF 2x Intel XEON Escal\u00e1vel LGA3647 DDR4 ECC Raid 2x PSU 2U 19\" Servidor em Rack -CTO- Cyberlogics Technologies Angola","description":"A Maior Loja Online de Angola de Licen\u00e7as Microsoft Office | Chaves Sistemas Operativos Windows | Antiv\u00edrus | Cloud Adobe | Inform\u00e1tica & Servidores | Softwares de Gest\u00e3o ERP | Gaming Hardware | UPS e Baterias & Muito Mais...","robots":{"index":"index","follow":"follow","max-snippet":"max-snippet:-1","max-image-preview":"max-image-preview:large","max-video-preview":"max-video-preview:-1"},"canonical":"https:\/\/cyberlogics.ao\/index.php\/product\/cisco-c240-m5-24x-25-sff-2x-intel-xeon-escalavel-lga3647-ddr4-ecc-raid-2x-psu-2u-19-servidor-em-rack-cto\/","og_locale":"pt_PT","og_type":"article","og_title":"Cisco C240 M5 24x 2,5\" SFF 2x Intel XEON Escal\u00e1vel LGA3647 DDR4 ECC Raid 2x PSU 2U 19\" Servidor em Rack -CTO- Cyberlogics Technologies Angola","og_description":"A Maior Loja Online de Angola de Licen\u00e7as Microsoft Office | Chaves Sistemas Operativos Windows | Antiv\u00edrus | Cloud Adobe | Inform\u00e1tica & Servidores | Softwares de Gest\u00e3o ERP | Gaming Hardware | UPS e Baterias & Muito Mais...","og_url":"https:\/\/cyberlogics.ao\/index.php\/product\/cisco-c240-m5-24x-25-sff-2x-intel-xeon-escalavel-lga3647-ddr4-ecc-raid-2x-psu-2u-19-servidor-em-rack-cto\/","og_site_name":"Cyberlogics Technologies Angola","og_image":[{"width":140,"height":88,"url":"http:\/\/cyberlogics.ao\/wp-content\/uploads\/2025\/10\/cisco-c240-m5-24x-25-sff-2x-intel-xeon-scalable-lga3647-ddr4-ecc-raid-2x-psu-2u-19-rack-server-cto-19370-m-6.jpg","type":"image\/jpeg"}],"twitter_card":"summary_large_image","twitter_misc":{"Tempo estimado de leitura":"1 minuto"},"schema":{"@context":"https:\/\/schema.org","@graph":[{"@type":"WebPage","@id":"https:\/\/cyberlogics.ao\/index.php\/product\/cisco-c240-m5-24x-25-sff-2x-intel-xeon-escalavel-lga3647-ddr4-ecc-raid-2x-psu-2u-19-servidor-em-rack-cto\/","url":"https:\/\/cyberlogics.ao\/index.php\/product\/cisco-c240-m5-24x-25-sff-2x-intel-xeon-escalavel-lga3647-ddr4-ecc-raid-2x-psu-2u-19-servidor-em-rack-cto\/","name":"Cisco C240 M5 24x 2,5\" SFF 2x Intel XEON Escal\u00e1vel LGA3647 DDR4 ECC Raid 2x PSU 2U 19\" Servidor em Rack -CTO- Cyberlogics Technologies Angola","isPartOf":{"@id":"https:\/\/cyberlogics.ao\/#website"},"primaryImageOfPage":{"@id":"https:\/\/cyberlogics.ao\/index.php\/product\/cisco-c240-m5-24x-25-sff-2x-intel-xeon-escalavel-lga3647-ddr4-ecc-raid-2x-psu-2u-19-servidor-em-rack-cto\/#primaryimage"},"image":{"@id":"https:\/\/cyberlogics.ao\/index.php\/product\/cisco-c240-m5-24x-25-sff-2x-intel-xeon-escalavel-lga3647-ddr4-ecc-raid-2x-psu-2u-19-servidor-em-rack-cto\/#primaryimage"},"thumbnailUrl":"https:\/\/cyberlogics.ao\/wp-content\/uploads\/2025\/10\/cisco-c240-m5-24x-25-sff-2x-intel-xeon-scalable-lga3647-ddr4-ecc-raid-2x-psu-2u-19-rack-server-cto-19370-m-6.jpg","datePublished":"2025-10-27T11:00:47+00:00","description":"A Maior Loja Online de Angola de Licen\u00e7as Microsoft Office | Chaves Sistemas Operativos Windows | Antiv\u00edrus | Cloud Adobe | Inform\u00e1tica & Servidores | Softwares de Gest\u00e3o ERP | Gaming Hardware | UPS e Baterias & Muito Mais...","breadcrumb":{"@id":"https:\/\/cyberlogics.ao\/index.php\/product\/cisco-c240-m5-24x-25-sff-2x-intel-xeon-escalavel-lga3647-ddr4-ecc-raid-2x-psu-2u-19-servidor-em-rack-cto\/#breadcrumb"},"inLanguage":"pt-PT","potentialAction":[{"@type":"ReadAction","target":["https:\/\/cyberlogics.ao\/index.php\/product\/cisco-c240-m5-24x-25-sff-2x-intel-xeon-escalavel-lga3647-ddr4-ecc-raid-2x-psu-2u-19-servidor-em-rack-cto\/"]}]},{"@type":"ImageObject","inLanguage":"pt-PT","@id":"https:\/\/cyberlogics.ao\/index.php\/product\/cisco-c240-m5-24x-25-sff-2x-intel-xeon-escalavel-lga3647-ddr4-ecc-raid-2x-psu-2u-19-servidor-em-rack-cto\/#primaryimage","url":"https:\/\/cyberlogics.ao\/wp-content\/uploads\/2025\/10\/cisco-c240-m5-24x-25-sff-2x-intel-xeon-scalable-lga3647-ddr4-ecc-raid-2x-psu-2u-19-rack-server-cto-19370-m-6.jpg","contentUrl":"https:\/\/cyberlogics.ao\/wp-content\/uploads\/2025\/10\/cisco-c240-m5-24x-25-sff-2x-intel-xeon-scalable-lga3647-ddr4-ecc-raid-2x-psu-2u-19-rack-server-cto-19370-m-6.jpg","width":140,"height":88},{"@type":"BreadcrumbList","@id":"https:\/\/cyberlogics.ao\/index.php\/product\/cisco-c240-m5-24x-25-sff-2x-intel-xeon-escalavel-lga3647-ddr4-ecc-raid-2x-psu-2u-19-servidor-em-rack-cto\/#breadcrumb","itemListElement":[{"@type":"ListItem","position":1,"name":"In\u00edcio","item":"https:\/\/cyberlogics.ao\/"},{"@type":"ListItem","position":2,"name":"Produtos","item":"https:\/\/cyberlogics.ao\/index.php\/shop-2\/"},{"@type":"ListItem","position":3,"name":"Cisco C240 M5 24x 2,5&#8243; SFF 2x Intel XEON Escal\u00e1vel LGA3647 DDR4 ECC Raid 2x PSU 2U 19&#8243; Servidor em Rack -CTO-"}]},{"@type":"WebSite","@id":"https:\/\/cyberlogics.ao\/#website","url":"https:\/\/cyberlogics.ao\/","name":"Cyberlogics Technologies Angola","description":"Loja Online de Licen\u00e7as de Softwares e Inform\u00e1tica","publisher":{"@id":"https:\/\/cyberlogics.ao\/#organization"},"potentialAction":[{"@type":"SearchAction","target":{"@type":"EntryPoint","urlTemplate":"https:\/\/cyberlogics.ao\/?s={search_term_string}"},"query-input":{"@type":"PropertyValueSpecification","valueRequired":true,"valueName":"search_term_string"}}],"inLanguage":"pt-PT"},{"@type":"Organization","@id":"https:\/\/cyberlogics.ao\/#organization","name":"Cyberlogics Ao Technologies - Loja Online de Licen\u00e7as de Softwares e Inform\u00e1tica","url":"https:\/\/cyberlogics.ao\/","logo":{"@type":"ImageObject","inLanguage":"pt-PT","@id":"https:\/\/cyberlogics.ao\/#\/schema\/logo\/image\/","url":"https:\/\/cyberlogics.ao\/wp-content\/uploads\/2022\/04\/CT-logo.png","contentUrl":"https:\/\/cyberlogics.ao\/wp-content\/uploads\/2022\/04\/CT-logo.png","width":190,"height":75,"caption":"Cyberlogics Ao Technologies - Loja Online de Licen\u00e7as de Softwares e Inform\u00e1tica"},"image":{"@id":"https:\/\/cyberlogics.ao\/#\/schema\/logo\/image\/"}}]}},"_links":{"self":[{"href":"https:\/\/cyberlogics.ao\/index.php\/wp-json\/wp\/v2\/product\/10415","targetHints":{"allow":["GET"]}}],"collection":[{"href":"https:\/\/cyberlogics.ao\/index.php\/wp-json\/wp\/v2\/product"}],"about":[{"href":"https:\/\/cyberlogics.ao\/index.php\/wp-json\/wp\/v2\/types\/product"}],"replies":[{"embeddable":true,"href":"https:\/\/cyberlogics.ao\/index.php\/wp-json\/wp\/v2\/comments?post=10415"}],"wp:featuredmedia":[{"embeddable":true,"href":"https:\/\/cyberlogics.ao\/index.php\/wp-json\/wp\/v2\/media\/10423"}],"wp:attachment":[{"href":"https:\/\/cyberlogics.ao\/index.php\/wp-json\/wp\/v2\/media?parent=10415"}],"wp:term":[{"taxonomy":"product_brand","embeddable":true,"href":"https:\/\/cyberlogics.ao\/index.php\/wp-json\/wp\/v2\/product_brand?post=10415"},{"taxonomy":"product_cat","embeddable":true,"href":"https:\/\/cyberlogics.ao\/index.php\/wp-json\/wp\/v2\/product_cat?post=10415"},{"taxonomy":"product_tag","embeddable":true,"href":"https:\/\/cyberlogics.ao\/index.php\/wp-json\/wp\/v2\/product_tag?post=10415"}],"curies":[{"name":"wp","href":"https:\/\/api.w.org\/{rel}","templated":true}]}}