{"id":10431,"date":"2025-10-27T11:30:38","date_gmt":"2025-10-27T11:30:38","guid":{"rendered":"https:\/\/cyberlogics.ao\/?post_type=product&#038;p=10431"},"modified":"2025-10-27T11:32:22","modified_gmt":"2025-10-27T11:32:22","slug":"servidor-intel-r2224wftzs-19-2u-8x-sff-25-sas-nvme-u-2-2x-intel-xeon-escalavel-lga3647-ddr4-ecc-raid-2x-psu","status":"publish","type":"product","link":"https:\/\/cyberlogics.ao\/index.php\/product\/servidor-intel-r2224wftzs-19-2u-8x-sff-25-sas-nvme-u-2-2x-intel-xeon-escalavel-lga3647-ddr4-ecc-raid-2x-psu\/","title":{"rendered":"Servidor Intel R2224WFTZS 19&#8243; 2U 8x SFF 2,5&#8243; SAS NVME U.2 2x Intel XEON escal\u00e1vel LGA3647 DDR4 ECC Raid 2x PSU"},"content":{"rendered":"<div class=\"product_description_list product_description_server\">\n<div class=\"description_line\"><strong>Fornecedor:\u00a0<\/strong>Intelig\u00eancia<\/div>\n<div class=\"description_line\"><strong>Tipo de unidade:\u00a0<\/strong>Servidor<\/div>\n<div class=\"description_line\"><strong>Tipo:\u00a0<\/strong>19&#8243; 2 HE<\/div>\n<div class=\"description_line\"><strong>Modelo:\u00a0<\/strong>R2000WFR<\/div>\n<div class=\"description_line\"><strong>Baias de HDD:\u00a0<\/strong>8x baias de HDD HotSwap SAS\/S-ATA 12Gb\/6Gb + NVMe U.2 (m\u00e1x. 4x) Backplane<br \/>\nsem HDDs ou bandejas selecionadas n\u00e3o s\u00e3o bandejas de HDD inclu\u00eddas na entrega<\/div>\n<div class=\"description_line\"><strong>Unidade \u00f3ptica:\u00a0<\/strong>ohne<\/div>\n<div class=\"description_line\"><strong>Rede:\u00a0<\/strong>2x 10GbE RJ-45 Dual Port cooper<\/div>\n<div class=\"description_line\"><strong>Interfaces internas:<\/strong><br \/>\nPlaca principal para servidor Intel Wolf Pass S2600WFT:2x FCLGA3647 CPU Intel Sockel f\u00fcr Skalierbare Intel Xeon Prozessoren &#8211; bis CPU<br \/>\nde 28 n\u00facleos Chipset Intel C624 Series<br \/>\n24x DDR4 288pin ECC DIMM bancos de at\u00e9 3 TB de RAM<br \/>\n5x PCIe x8 Full Profile<br \/>\n2x PCIe x8 Low<br \/>\n3x USB 3.0, 2x SATA<\/div>\n<div class=\"description_line\"><strong>Interfaces externas:<\/strong><br \/>\n3x USB 3.0<br \/>\n1x USB 2.0 (frontal)<br \/>\n1x RJ-45 Porta<br \/>\nSeriell 1x Porta<br \/>\nde Gerenciamento RJ-45 2x RJ-45 10Gbe Porta<br \/>\nLAN 1x VGA 15pol. D-SUB<\/div>\n<div class=\"description_line\"><strong>Placa de v\u00eddeo:\u00a0<\/strong>integrada<\/div>\n<div class=\"description_line\"><strong>Unidades de pot\u00eancia:\u00a0<\/strong>at\u00e9 2x fonte de alimenta\u00e7\u00e3o Intel 1300W Hotswap<\/div>\n<div class=\"description_line\"><strong>Sistemas operacionais compat\u00edveis:<\/strong><br \/>\n<b>Windows:<\/b>\u00a0Windows Server 2016, 2019, 2022*; Windows 10, 11*<br \/>\n*\u00e9 necess\u00e1rio<br \/>\num m\u00f3dulo TPM compat\u00edvel\u00a0<b>Virtualisierung:<\/b>\u00a0vmware ; Citrix ; Microsoft Hyper-V ; Proxmoxx; Linux KVM<br \/>\n<b>Linux Betriebssysteme:<\/b>\u00a0Linux Suse, Linux RHEL (RedHat), Debian, Fedora etc.<\/div>\n<div id=\"zstand\"><strong>Condi\u00e7\u00e3o do item:\u00a0<\/strong>reformado, Grau A<br \/>\nCada dispositivo foi limpo e cuidadosamente verificado antes da entrega. O firmware gratuito mais recente dispon\u00edvel foi atualizado no systembios, no controlador de armazenamento, rede e gerenciamento.<\/div>\n<div class=\"description_line description_text\"><\/div>\n<\/div>\n<div id=\"eupsvo\">\n<p><strong>Informa\u00e7\u00f5es do fabricante:<\/strong><\/p>\n<div>\n<div>info.de@intel.com<\/div>\n<div>Intel Deutschland GmbH Am Campeon 10 85579 Neubiberg Deutschland<\/div>\n<\/div>\n<\/div>\n","protected":false},"excerpt":{"rendered":"<h1>Servidor Intel R2224WFTZS 19&#8243; 2U 8x SFF 2,5&#8243; SAS NVME U.2 2x Intel XEON escal\u00e1vel LGA3647 DDR4 ECC Raid 2x PSU<\/h1>\n","protected":false},"featured_media":10438,"comment_status":"open","ping_status":"closed","template":"","meta":{"_joinchat":[]},"product_brand":[],"product_cat":[798,115],"product_tag":[],"class_list":{"0":"post-10431","1":"product","2":"type-product","3":"status-publish","4":"has-post-thumbnail","6":"product_cat-servidor-intel","7":"product_cat-servidores","9":"first","10":"instock","11":"shipping-taxable","12":"purchasable","13":"product-type-simple"},"yoast_head":"<!-- This site is optimized with the Yoast SEO plugin v27.4 - https:\/\/yoast.com\/product\/yoast-seo-wordpress\/ -->\n<title>Servidor Intel R2224WFTZS 19&quot; 2U 8x SFF 2,5&quot; SAS NVME U.2 2x Intel XEON escal\u00e1vel LGA3647 DDR4 ECC Raid 2x PSU - Cyberlogics Technologies Angola<\/title>\n<meta name=\"description\" content=\"A Maior Loja Online de Angola de Licen\u00e7as Microsoft Office | Chaves Sistemas Operativos Windows | Antiv\u00edrus | Cloud Adobe | Inform\u00e1tica &amp; Servidores | Softwares de Gest\u00e3o ERP | Gaming Hardware | UPS e Baterias &amp; Muito Mais...\" \/>\n<meta name=\"robots\" content=\"index, follow, max-snippet:-1, max-image-preview:large, max-video-preview:-1\" \/>\n<link rel=\"canonical\" href=\"https:\/\/cyberlogics.ao\/index.php\/product\/servidor-intel-r2224wftzs-19-2u-8x-sff-25-sas-nvme-u-2-2x-intel-xeon-escalavel-lga3647-ddr4-ecc-raid-2x-psu\/\" \/>\n<meta property=\"og:locale\" content=\"pt_PT\" \/>\n<meta property=\"og:type\" content=\"article\" \/>\n<meta property=\"og:title\" content=\"Servidor Intel R2224WFTZS 19&quot; 2U 8x SFF 2,5&quot; SAS NVME U.2 2x Intel XEON escal\u00e1vel LGA3647 DDR4 ECC Raid 2x PSU - Cyberlogics Technologies Angola\" \/>\n<meta property=\"og:description\" content=\"A Maior Loja Online de Angola de Licen\u00e7as Microsoft Office | Chaves Sistemas Operativos Windows | Antiv\u00edrus | Cloud Adobe | Inform\u00e1tica &amp; Servidores | Softwares de Gest\u00e3o ERP | Gaming Hardware | UPS e Baterias &amp; Muito Mais...\" \/>\n<meta property=\"og:url\" content=\"https:\/\/cyberlogics.ao\/index.php\/product\/servidor-intel-r2224wftzs-19-2u-8x-sff-25-sas-nvme-u-2-2x-intel-xeon-escalavel-lga3647-ddr4-ecc-raid-2x-psu\/\" \/>\n<meta property=\"og:site_name\" content=\"Cyberlogics Technologies Angola\" \/>\n<meta property=\"article:modified_time\" content=\"2025-10-27T11:32:22+00:00\" \/>\n<meta property=\"og:image\" content=\"http:\/\/cyberlogics.ao\/wp-content\/uploads\/2025\/10\/intel-r2224wftzs-19-2u-8x-sff-25-sas-nvme-u2-2x-intel-xeon-scalable-lga3647-ddr4-ecc-raid-2x-psu-server-20168-m-5-1.jpg\" \/>\n\t<meta property=\"og:image:width\" content=\"524\" \/>\n\t<meta property=\"og:image:height\" content=\"327\" \/>\n\t<meta property=\"og:image:type\" content=\"image\/jpeg\" \/>\n<meta name=\"twitter:card\" content=\"summary_large_image\" \/>\n<meta name=\"twitter:label1\" content=\"Tempo estimado de leitura\" \/>\n\t<meta name=\"twitter:data1\" content=\"1 minuto\" \/>\n<script type=\"application\/ld+json\" class=\"yoast-schema-graph\">{\"@context\":\"https:\\\/\\\/schema.org\",\"@graph\":[{\"@type\":\"WebPage\",\"@id\":\"https:\\\/\\\/cyberlogics.ao\\\/index.php\\\/product\\\/servidor-intel-r2224wftzs-19-2u-8x-sff-25-sas-nvme-u-2-2x-intel-xeon-escalavel-lga3647-ddr4-ecc-raid-2x-psu\\\/\",\"url\":\"https:\\\/\\\/cyberlogics.ao\\\/index.php\\\/product\\\/servidor-intel-r2224wftzs-19-2u-8x-sff-25-sas-nvme-u-2-2x-intel-xeon-escalavel-lga3647-ddr4-ecc-raid-2x-psu\\\/\",\"name\":\"Servidor Intel R2224WFTZS 19\\\" 2U 8x SFF 2,5\\\" SAS NVME U.2 2x Intel XEON escal\u00e1vel LGA3647 DDR4 ECC Raid 2x PSU - Cyberlogics Technologies Angola\",\"isPartOf\":{\"@id\":\"https:\\\/\\\/cyberlogics.ao\\\/#website\"},\"primaryImageOfPage\":{\"@id\":\"https:\\\/\\\/cyberlogics.ao\\\/index.php\\\/product\\\/servidor-intel-r2224wftzs-19-2u-8x-sff-25-sas-nvme-u-2-2x-intel-xeon-escalavel-lga3647-ddr4-ecc-raid-2x-psu\\\/#primaryimage\"},\"image\":{\"@id\":\"https:\\\/\\\/cyberlogics.ao\\\/index.php\\\/product\\\/servidor-intel-r2224wftzs-19-2u-8x-sff-25-sas-nvme-u-2-2x-intel-xeon-escalavel-lga3647-ddr4-ecc-raid-2x-psu\\\/#primaryimage\"},\"thumbnailUrl\":\"https:\\\/\\\/cyberlogics.ao\\\/wp-content\\\/uploads\\\/2025\\\/10\\\/intel-r2224wftzs-19-2u-8x-sff-25-sas-nvme-u2-2x-intel-xeon-scalable-lga3647-ddr4-ecc-raid-2x-psu-server-20168-m-5-1.jpg\",\"datePublished\":\"2025-10-27T11:30:38+00:00\",\"dateModified\":\"2025-10-27T11:32:22+00:00\",\"description\":\"A Maior Loja Online de Angola de Licen\u00e7as Microsoft Office | Chaves Sistemas Operativos Windows | Antiv\u00edrus | Cloud Adobe | Inform\u00e1tica & Servidores | Softwares de Gest\u00e3o ERP | Gaming Hardware | UPS e Baterias & Muito Mais...\",\"breadcrumb\":{\"@id\":\"https:\\\/\\\/cyberlogics.ao\\\/index.php\\\/product\\\/servidor-intel-r2224wftzs-19-2u-8x-sff-25-sas-nvme-u-2-2x-intel-xeon-escalavel-lga3647-ddr4-ecc-raid-2x-psu\\\/#breadcrumb\"},\"inLanguage\":\"pt-PT\",\"potentialAction\":[{\"@type\":\"ReadAction\",\"target\":[\"https:\\\/\\\/cyberlogics.ao\\\/index.php\\\/product\\\/servidor-intel-r2224wftzs-19-2u-8x-sff-25-sas-nvme-u-2-2x-intel-xeon-escalavel-lga3647-ddr4-ecc-raid-2x-psu\\\/\"]}]},{\"@type\":\"ImageObject\",\"inLanguage\":\"pt-PT\",\"@id\":\"https:\\\/\\\/cyberlogics.ao\\\/index.php\\\/product\\\/servidor-intel-r2224wftzs-19-2u-8x-sff-25-sas-nvme-u-2-2x-intel-xeon-escalavel-lga3647-ddr4-ecc-raid-2x-psu\\\/#primaryimage\",\"url\":\"https:\\\/\\\/cyberlogics.ao\\\/wp-content\\\/uploads\\\/2025\\\/10\\\/intel-r2224wftzs-19-2u-8x-sff-25-sas-nvme-u2-2x-intel-xeon-scalable-lga3647-ddr4-ecc-raid-2x-psu-server-20168-m-5-1.jpg\",\"contentUrl\":\"https:\\\/\\\/cyberlogics.ao\\\/wp-content\\\/uploads\\\/2025\\\/10\\\/intel-r2224wftzs-19-2u-8x-sff-25-sas-nvme-u2-2x-intel-xeon-scalable-lga3647-ddr4-ecc-raid-2x-psu-server-20168-m-5-1.jpg\",\"width\":524,\"height\":327},{\"@type\":\"BreadcrumbList\",\"@id\":\"https:\\\/\\\/cyberlogics.ao\\\/index.php\\\/product\\\/servidor-intel-r2224wftzs-19-2u-8x-sff-25-sas-nvme-u-2-2x-intel-xeon-escalavel-lga3647-ddr4-ecc-raid-2x-psu\\\/#breadcrumb\",\"itemListElement\":[{\"@type\":\"ListItem\",\"position\":1,\"name\":\"In\u00edcio\",\"item\":\"https:\\\/\\\/cyberlogics.ao\\\/\"},{\"@type\":\"ListItem\",\"position\":2,\"name\":\"Produtos\",\"item\":\"https:\\\/\\\/cyberlogics.ao\\\/index.php\\\/shop-2\\\/\"},{\"@type\":\"ListItem\",\"position\":3,\"name\":\"Servidor Intel R2224WFTZS 19&#8243; 2U 8x SFF 2,5&#8243; SAS NVME U.2 2x Intel XEON escal\u00e1vel LGA3647 DDR4 ECC Raid 2x PSU\"}]},{\"@type\":\"WebSite\",\"@id\":\"https:\\\/\\\/cyberlogics.ao\\\/#website\",\"url\":\"https:\\\/\\\/cyberlogics.ao\\\/\",\"name\":\"Cyberlogics Technologies Angola\",\"description\":\"Loja Online de Licen\u00e7as de Softwares e Inform\u00e1tica\",\"publisher\":{\"@id\":\"https:\\\/\\\/cyberlogics.ao\\\/#organization\"},\"potentialAction\":[{\"@type\":\"SearchAction\",\"target\":{\"@type\":\"EntryPoint\",\"urlTemplate\":\"https:\\\/\\\/cyberlogics.ao\\\/?s={search_term_string}\"},\"query-input\":{\"@type\":\"PropertyValueSpecification\",\"valueRequired\":true,\"valueName\":\"search_term_string\"}}],\"inLanguage\":\"pt-PT\"},{\"@type\":\"Organization\",\"@id\":\"https:\\\/\\\/cyberlogics.ao\\\/#organization\",\"name\":\"Cyberlogics Ao Technologies - Loja Online de Licen\u00e7as de Softwares e Inform\u00e1tica\",\"url\":\"https:\\\/\\\/cyberlogics.ao\\\/\",\"logo\":{\"@type\":\"ImageObject\",\"inLanguage\":\"pt-PT\",\"@id\":\"https:\\\/\\\/cyberlogics.ao\\\/#\\\/schema\\\/logo\\\/image\\\/\",\"url\":\"https:\\\/\\\/cyberlogics.ao\\\/wp-content\\\/uploads\\\/2022\\\/04\\\/CT-logo.png\",\"contentUrl\":\"https:\\\/\\\/cyberlogics.ao\\\/wp-content\\\/uploads\\\/2022\\\/04\\\/CT-logo.png\",\"width\":190,\"height\":75,\"caption\":\"Cyberlogics Ao Technologies - Loja Online de Licen\u00e7as de Softwares e Inform\u00e1tica\"},\"image\":{\"@id\":\"https:\\\/\\\/cyberlogics.ao\\\/#\\\/schema\\\/logo\\\/image\\\/\"}}]}<\/script>\n<!-- \/ Yoast SEO plugin. -->","yoast_head_json":{"title":"Servidor Intel R2224WFTZS 19\" 2U 8x SFF 2,5\" SAS NVME U.2 2x Intel XEON escal\u00e1vel LGA3647 DDR4 ECC Raid 2x PSU - Cyberlogics Technologies Angola","description":"A Maior Loja Online de Angola de Licen\u00e7as Microsoft Office | Chaves Sistemas Operativos Windows | Antiv\u00edrus | Cloud Adobe | Inform\u00e1tica & Servidores | Softwares de Gest\u00e3o ERP | Gaming Hardware | UPS e Baterias & Muito Mais...","robots":{"index":"index","follow":"follow","max-snippet":"max-snippet:-1","max-image-preview":"max-image-preview:large","max-video-preview":"max-video-preview:-1"},"canonical":"https:\/\/cyberlogics.ao\/index.php\/product\/servidor-intel-r2224wftzs-19-2u-8x-sff-25-sas-nvme-u-2-2x-intel-xeon-escalavel-lga3647-ddr4-ecc-raid-2x-psu\/","og_locale":"pt_PT","og_type":"article","og_title":"Servidor Intel R2224WFTZS 19\" 2U 8x SFF 2,5\" SAS NVME U.2 2x Intel XEON escal\u00e1vel LGA3647 DDR4 ECC Raid 2x PSU - Cyberlogics Technologies Angola","og_description":"A Maior Loja Online de Angola de Licen\u00e7as Microsoft Office | Chaves Sistemas Operativos Windows | Antiv\u00edrus | Cloud Adobe | Inform\u00e1tica & Servidores | Softwares de Gest\u00e3o ERP | Gaming Hardware | UPS e Baterias & Muito Mais...","og_url":"https:\/\/cyberlogics.ao\/index.php\/product\/servidor-intel-r2224wftzs-19-2u-8x-sff-25-sas-nvme-u-2-2x-intel-xeon-escalavel-lga3647-ddr4-ecc-raid-2x-psu\/","og_site_name":"Cyberlogics Technologies Angola","article_modified_time":"2025-10-27T11:32:22+00:00","og_image":[{"width":524,"height":327,"url":"http:\/\/cyberlogics.ao\/wp-content\/uploads\/2025\/10\/intel-r2224wftzs-19-2u-8x-sff-25-sas-nvme-u2-2x-intel-xeon-scalable-lga3647-ddr4-ecc-raid-2x-psu-server-20168-m-5-1.jpg","type":"image\/jpeg"}],"twitter_card":"summary_large_image","twitter_misc":{"Tempo estimado de leitura":"1 minuto"},"schema":{"@context":"https:\/\/schema.org","@graph":[{"@type":"WebPage","@id":"https:\/\/cyberlogics.ao\/index.php\/product\/servidor-intel-r2224wftzs-19-2u-8x-sff-25-sas-nvme-u-2-2x-intel-xeon-escalavel-lga3647-ddr4-ecc-raid-2x-psu\/","url":"https:\/\/cyberlogics.ao\/index.php\/product\/servidor-intel-r2224wftzs-19-2u-8x-sff-25-sas-nvme-u-2-2x-intel-xeon-escalavel-lga3647-ddr4-ecc-raid-2x-psu\/","name":"Servidor Intel R2224WFTZS 19\" 2U 8x SFF 2,5\" SAS NVME U.2 2x Intel XEON escal\u00e1vel LGA3647 DDR4 ECC Raid 2x PSU - Cyberlogics Technologies Angola","isPartOf":{"@id":"https:\/\/cyberlogics.ao\/#website"},"primaryImageOfPage":{"@id":"https:\/\/cyberlogics.ao\/index.php\/product\/servidor-intel-r2224wftzs-19-2u-8x-sff-25-sas-nvme-u-2-2x-intel-xeon-escalavel-lga3647-ddr4-ecc-raid-2x-psu\/#primaryimage"},"image":{"@id":"https:\/\/cyberlogics.ao\/index.php\/product\/servidor-intel-r2224wftzs-19-2u-8x-sff-25-sas-nvme-u-2-2x-intel-xeon-escalavel-lga3647-ddr4-ecc-raid-2x-psu\/#primaryimage"},"thumbnailUrl":"https:\/\/cyberlogics.ao\/wp-content\/uploads\/2025\/10\/intel-r2224wftzs-19-2u-8x-sff-25-sas-nvme-u2-2x-intel-xeon-scalable-lga3647-ddr4-ecc-raid-2x-psu-server-20168-m-5-1.jpg","datePublished":"2025-10-27T11:30:38+00:00","dateModified":"2025-10-27T11:32:22+00:00","description":"A Maior Loja Online de Angola de Licen\u00e7as Microsoft Office | Chaves Sistemas Operativos Windows | Antiv\u00edrus | Cloud Adobe | Inform\u00e1tica & Servidores | Softwares de Gest\u00e3o ERP | Gaming Hardware | UPS e Baterias & Muito Mais...","breadcrumb":{"@id":"https:\/\/cyberlogics.ao\/index.php\/product\/servidor-intel-r2224wftzs-19-2u-8x-sff-25-sas-nvme-u-2-2x-intel-xeon-escalavel-lga3647-ddr4-ecc-raid-2x-psu\/#breadcrumb"},"inLanguage":"pt-PT","potentialAction":[{"@type":"ReadAction","target":["https:\/\/cyberlogics.ao\/index.php\/product\/servidor-intel-r2224wftzs-19-2u-8x-sff-25-sas-nvme-u-2-2x-intel-xeon-escalavel-lga3647-ddr4-ecc-raid-2x-psu\/"]}]},{"@type":"ImageObject","inLanguage":"pt-PT","@id":"https:\/\/cyberlogics.ao\/index.php\/product\/servidor-intel-r2224wftzs-19-2u-8x-sff-25-sas-nvme-u-2-2x-intel-xeon-escalavel-lga3647-ddr4-ecc-raid-2x-psu\/#primaryimage","url":"https:\/\/cyberlogics.ao\/wp-content\/uploads\/2025\/10\/intel-r2224wftzs-19-2u-8x-sff-25-sas-nvme-u2-2x-intel-xeon-scalable-lga3647-ddr4-ecc-raid-2x-psu-server-20168-m-5-1.jpg","contentUrl":"https:\/\/cyberlogics.ao\/wp-content\/uploads\/2025\/10\/intel-r2224wftzs-19-2u-8x-sff-25-sas-nvme-u2-2x-intel-xeon-scalable-lga3647-ddr4-ecc-raid-2x-psu-server-20168-m-5-1.jpg","width":524,"height":327},{"@type":"BreadcrumbList","@id":"https:\/\/cyberlogics.ao\/index.php\/product\/servidor-intel-r2224wftzs-19-2u-8x-sff-25-sas-nvme-u-2-2x-intel-xeon-escalavel-lga3647-ddr4-ecc-raid-2x-psu\/#breadcrumb","itemListElement":[{"@type":"ListItem","position":1,"name":"In\u00edcio","item":"https:\/\/cyberlogics.ao\/"},{"@type":"ListItem","position":2,"name":"Produtos","item":"https:\/\/cyberlogics.ao\/index.php\/shop-2\/"},{"@type":"ListItem","position":3,"name":"Servidor Intel R2224WFTZS 19&#8243; 2U 8x SFF 2,5&#8243; SAS NVME U.2 2x Intel XEON escal\u00e1vel LGA3647 DDR4 ECC Raid 2x PSU"}]},{"@type":"WebSite","@id":"https:\/\/cyberlogics.ao\/#website","url":"https:\/\/cyberlogics.ao\/","name":"Cyberlogics Technologies Angola","description":"Loja Online de Licen\u00e7as de Softwares e Inform\u00e1tica","publisher":{"@id":"https:\/\/cyberlogics.ao\/#organization"},"potentialAction":[{"@type":"SearchAction","target":{"@type":"EntryPoint","urlTemplate":"https:\/\/cyberlogics.ao\/?s={search_term_string}"},"query-input":{"@type":"PropertyValueSpecification","valueRequired":true,"valueName":"search_term_string"}}],"inLanguage":"pt-PT"},{"@type":"Organization","@id":"https:\/\/cyberlogics.ao\/#organization","name":"Cyberlogics Ao Technologies - Loja Online de Licen\u00e7as de Softwares e Inform\u00e1tica","url":"https:\/\/cyberlogics.ao\/","logo":{"@type":"ImageObject","inLanguage":"pt-PT","@id":"https:\/\/cyberlogics.ao\/#\/schema\/logo\/image\/","url":"https:\/\/cyberlogics.ao\/wp-content\/uploads\/2022\/04\/CT-logo.png","contentUrl":"https:\/\/cyberlogics.ao\/wp-content\/uploads\/2022\/04\/CT-logo.png","width":190,"height":75,"caption":"Cyberlogics Ao Technologies - Loja Online de Licen\u00e7as de Softwares e Inform\u00e1tica"},"image":{"@id":"https:\/\/cyberlogics.ao\/#\/schema\/logo\/image\/"}}]}},"_links":{"self":[{"href":"https:\/\/cyberlogics.ao\/index.php\/wp-json\/wp\/v2\/product\/10431","targetHints":{"allow":["GET"]}}],"collection":[{"href":"https:\/\/cyberlogics.ao\/index.php\/wp-json\/wp\/v2\/product"}],"about":[{"href":"https:\/\/cyberlogics.ao\/index.php\/wp-json\/wp\/v2\/types\/product"}],"replies":[{"embeddable":true,"href":"https:\/\/cyberlogics.ao\/index.php\/wp-json\/wp\/v2\/comments?post=10431"}],"wp:featuredmedia":[{"embeddable":true,"href":"https:\/\/cyberlogics.ao\/index.php\/wp-json\/wp\/v2\/media\/10438"}],"wp:attachment":[{"href":"https:\/\/cyberlogics.ao\/index.php\/wp-json\/wp\/v2\/media?parent=10431"}],"wp:term":[{"taxonomy":"product_brand","embeddable":true,"href":"https:\/\/cyberlogics.ao\/index.php\/wp-json\/wp\/v2\/product_brand?post=10431"},{"taxonomy":"product_cat","embeddable":true,"href":"https:\/\/cyberlogics.ao\/index.php\/wp-json\/wp\/v2\/product_cat?post=10431"},{"taxonomy":"product_tag","embeddable":true,"href":"https:\/\/cyberlogics.ao\/index.php\/wp-json\/wp\/v2\/product_tag?post=10431"}],"curies":[{"name":"wp","href":"https:\/\/api.w.org\/{rel}","templated":true}]}}