{"id":10440,"date":"2025-10-27T12:00:08","date_gmt":"2025-10-27T12:00:08","guid":{"rendered":"https:\/\/cyberlogics.ao\/?post_type=product&#038;p=10440"},"modified":"2025-10-27T12:00:08","modified_gmt":"2025-10-27T12:00:08","slug":"fujitsu-primergy-rx2540-m6-servidor-16x-25-sff-2x-intel-xeon-escalavel-lga4189-ddr4-ecc-raid-2x-psu","status":"publish","type":"product","link":"https:\/\/cyberlogics.ao\/index.php\/product\/fujitsu-primergy-rx2540-m6-servidor-16x-25-sff-2x-intel-xeon-escalavel-lga4189-ddr4-ecc-raid-2x-psu\/","title":{"rendered":"Fujitsu Primergy RX2540 M6 Servidor 16x 2,5&#8243; SFF 2x Intel XEON Escal\u00e1vel LGA4189 DDR4 ECC Raid 2x PSU"},"content":{"rendered":"<div class=\"product_description_list product_description_server\">\n<div class=\"description_line\"><span><strong>Fornecedor:\u00a0<\/strong>Fujitsu<\/span><\/div>\n<div class=\"description_line\"><span><strong>Tipo de unidade:\u00a0<\/strong>Servidor<\/span><\/div>\n<div class=\"description_line\"><span><strong>Tipo:\u00a0<\/strong>19&#8243; 2 HE<\/span><\/div>\n<div class=\"description_line\"><span><strong>Modelo:\u00a0<\/strong>Primergy RX2540 M6<\/span><\/div>\n<div class=\"description_line\"><span><strong>Baias de HDD:\u00a0<\/strong>16x baias de HDD HotSwap SAS\/S-ATA Backplane<br \/>\nsem HDDs ou bandejas selecionadas n\u00e3o s\u00e3o bandejas de HDD inclu\u00eddas na entrega<\/span><\/div>\n<div class=\"description_line\"><span><strong>Unidade \u00f3ptica:\u00a0<\/strong>ohne<\/span><\/div>\n<div class=\"description_line\"><span><strong>Rede:\u00a0<\/strong>opcional selecion\u00e1vel<\/span><\/div>\n<div class=\"description_line\"><span><strong>Interfaces internas:<\/strong><br \/>\n2x FCLGA4189 Intel CPU Sockel f\u00fcr 3. Gera\u00e7\u00e3o Skalierbare Intel\u00ae Xeon\u00ae Prozessoren &#8211; bis 40 Core CPU<br \/>\nIntel\u00ae C621A Series Chipset<br \/>\n32x DDR4 288pin ECC DIMM bancos de at\u00e9 12TB RAM (Max. 8 Canais com PMem-Modulen pro CPU vorbelegt)<\/p>\n<p>PCI-Express 4.0 x8: 3x Low-Profile (2. Prozessor f\u00fcr Steckplatz 4 erforderlich)<br \/>\nPCI-Express 4.0 x16: 4x Low-Profile (2. Prozessor f\u00fcr Steckplatz 6 und 8 erforderlich)<\/p>\n<p>3x SFF-8087 SR100i Storage Controller SATA (2x NVMe) Software Raid (somente Windows)<br \/>\n1x m\u00f3dulos OCP Slot<br \/>\n1x conector<br \/>\nUSB 3.0 1x slot<br \/>\npara cart\u00e3o MicroSD 2x S-ATA<\/p>\n<p>1x PCIe Gen4 x8-Steckplatz ist nur f\u00fcr einen Modular RAID-Controller reserviert und kann mit einem solchen belegt werden, sofern konfiguriert.<br \/>\nWichtig:<br \/>\n3x PCIe-Steckpl\u00e4tze werden mit dem ersten Prozessor unterst\u00fctzt.<br \/>\n4x PCIe-Steckpl\u00e4tze werden mit zwei Prozessoren unterst\u00fctzt.<br \/>\nEine optionale PCIe-Riser-Karte erweitert die Anzahl der Steckpl\u00e4tze um 2x (m\u00e1x. 8 insgesamt) und unterst\u00fctzt m\u00e1x. 4x Steckpl\u00e4tze voller H\u00f6he<\/p>\n<p>As controladoras SAS de 8 portas s\u00f3 podem ser selecionadas com o kit de controladora de armazenamento integrado (8 unidades SAS\/SATA ser\u00e3o suportadas pela controladora SAS e 8 unidades SATA ser\u00e3o suportadas pelo chipset integrado)<\/span><\/div>\n<div class=\"description_line\"><span><strong>Interfaces externas:<\/strong><br \/>\n3x USB 3.0 (1x frontal)<br \/>\n1x Dynamic LoM via OCP-Steckplatz; compat\u00edvel com OCPv3<br \/>\nopcional:<br \/>\n4x Ethernet de 1 Gbit\/s (RJ45)<br \/>\n2x Ethernet de 10 Gbit\/s (RJ45)<br \/>\n4x Ethernet de 10 Gbit\/s (RJ45)<br \/>\n2x SFP de 10 Gbit\/s<br \/>\n+ 4x SFP de 10 Gbit\/s<br \/>\n+ 2x QSFP28<br \/>\nde 25 Gbit\/s 2x QSFP28<br \/>\nde 100 Gbit\/s 1x RJ-45 Servermanagement iRMC S5 (atualiz\u00e1vel para Advanced para Enterprise)<br \/>\n1x VGA 15pol. D-SUB<\/span><\/div>\n<div class=\"description_line\"><span><strong>Placa de v\u00eddeo:\u00a0<\/strong>integrada<\/span><\/div>\n<div class=\"description_line\"><span><strong>Unidades de pot\u00eancia:\u00a0<\/strong>1x \/ 2x Fonte de alimenta\u00e7\u00e3o Fujitsu HotSwap<\/span><\/div>\n<div class=\"description_line\"><strong>Peso l\u00edquido:\u00a0<\/strong>15,7 kg<\/div>\n<div class=\"description_line\"><strong>Profundidade de instala\u00e7\u00e3o:\u00a0<\/strong>82 cm<\/div>\n<div class=\"description_line\"><strong>Dimens\u00f5es:\u00a0<\/strong>C: 83 cm | B: 48,5 cm | A: 8,8 cm<\/div>\n<div class=\"description_line\"><span><strong>Sistemas operacionais compat\u00edveis:<\/strong><br \/>\n<b>Windows:<\/b>\u00a0Windows Server 2016, 2019, 2022*; Windows 10, 11*<br \/>\n*\u00e9 necess\u00e1rio<br \/>\num m\u00f3dulo TPM compat\u00edvel\u00a0<b>Virtualisierung:<\/b>\u00a0vmware ; Citrix ; Microsoft Hyper-V ; Proxmoxx; Linux KVM<br \/>\n<b>Linux Betriebssysteme:<\/b>\u00a0Linux Suse, Linux RHEL (RedHat), Debian, Fedora etc.<\/span><\/div>\n<div id=\"zstand\"><span><strong>Condi\u00e7\u00e3o do item:\u00a0<\/strong>reformado, Grau A<br \/>\nCada dispositivo foi limpo e cuidadosamente verificado antes da entrega. O firmware gratuito mais recente dispon\u00edvel foi atualizado no systembios, no controlador de armazenamento, rede e gerenciamento.<\/span><\/div>\n<div class=\"description_line description_text\"><\/div>\n<\/div>\n<div id=\"eupsvo\"><strong>Informa\u00e7\u00f5es do fabricante:<\/strong><\/p>\n<div>\n<div>Fujitsu Technology Solutions GmbH Mies-van-der-Rohe-Stra\u00dfe 8 80807 M\u00fcnchen Deutschland<\/div>\n<div>https:\/\/support.ts.fujitsu.com\/IndexContact.asp?LNG=de<\/div>\n<\/div>\n<\/div>\n","protected":false},"excerpt":{"rendered":"<h1>Fujitsu Primergy RX2540 M6 Servidor 16x 2,5&#8243; SFF 2x Intel XEON Escal\u00e1vel LGA4189 DDR4 ECC Raid 2x PSU<\/h1>\n","protected":false},"featured_media":10441,"comment_status":"open","ping_status":"closed","template":"","meta":{"_joinchat":[]},"product_brand":[],"product_cat":[799,115],"product_tag":[],"class_list":{"0":"post-10440","1":"product","2":"type-product","3":"status-publish","4":"has-post-thumbnail","6":"product_cat-fujitsu-primergy","7":"product_cat-servidores","9":"first","10":"instock","11":"shipping-taxable","12":"purchasable","13":"product-type-simple"},"yoast_head":"<!-- This site is optimized with the Yoast SEO plugin v27.4 - https:\/\/yoast.com\/product\/yoast-seo-wordpress\/ -->\n<title>Fujitsu Primergy RX2540 M6 Servidor 16x 2,5&quot; SFF 2x Intel XEON Escal\u00e1vel LGA4189 DDR4 ECC Raid 2x PSU - Cyberlogics Technologies Angola<\/title>\n<meta name=\"description\" content=\"A Maior Loja Online de Angola de Licen\u00e7as Microsoft Office | Chaves Sistemas Operativos Windows | Antiv\u00edrus | Cloud Adobe | Inform\u00e1tica &amp; Servidores | Softwares de Gest\u00e3o ERP | Gaming Hardware | UPS e Baterias &amp; Muito Mais...\" \/>\n<meta name=\"robots\" content=\"index, follow, max-snippet:-1, max-image-preview:large, max-video-preview:-1\" \/>\n<link rel=\"canonical\" href=\"https:\/\/cyberlogics.ao\/index.php\/product\/fujitsu-primergy-rx2540-m6-servidor-16x-25-sff-2x-intel-xeon-escalavel-lga4189-ddr4-ecc-raid-2x-psu\/\" \/>\n<meta property=\"og:locale\" content=\"pt_PT\" \/>\n<meta property=\"og:type\" content=\"article\" \/>\n<meta property=\"og:title\" content=\"Fujitsu Primergy RX2540 M6 Servidor 16x 2,5&quot; SFF 2x Intel XEON Escal\u00e1vel LGA4189 DDR4 ECC Raid 2x PSU - Cyberlogics Technologies Angola\" \/>\n<meta property=\"og:description\" content=\"A Maior Loja Online de Angola de Licen\u00e7as Microsoft Office | Chaves Sistemas Operativos Windows | Antiv\u00edrus | Cloud Adobe | Inform\u00e1tica &amp; Servidores | Softwares de Gest\u00e3o ERP | Gaming Hardware | UPS e Baterias &amp; Muito Mais...\" \/>\n<meta property=\"og:url\" content=\"https:\/\/cyberlogics.ao\/index.php\/product\/fujitsu-primergy-rx2540-m6-servidor-16x-25-sff-2x-intel-xeon-escalavel-lga4189-ddr4-ecc-raid-2x-psu\/\" \/>\n<meta property=\"og:site_name\" content=\"Cyberlogics Technologies Angola\" \/>\n<meta property=\"og:image\" content=\"http:\/\/cyberlogics.ao\/wp-content\/uploads\/2025\/10\/fujitsu-rx2540-m6-server-16x-25-sff-2x-intel-xeon-scalable-lga4189-ddr4-ecc-raid-2x-psu-2u-19-rack-new-19372-m-5.jpg\" \/>\n\t<meta property=\"og:image:width\" content=\"524\" \/>\n\t<meta property=\"og:image:height\" content=\"327\" \/>\n\t<meta property=\"og:image:type\" content=\"image\/jpeg\" \/>\n<meta name=\"twitter:card\" content=\"summary_large_image\" \/>\n<meta name=\"twitter:label1\" content=\"Tempo estimado de leitura\" \/>\n\t<meta name=\"twitter:data1\" content=\"2 minutos\" \/>\n<script type=\"application\/ld+json\" class=\"yoast-schema-graph\">{\"@context\":\"https:\\\/\\\/schema.org\",\"@graph\":[{\"@type\":\"WebPage\",\"@id\":\"https:\\\/\\\/cyberlogics.ao\\\/index.php\\\/product\\\/fujitsu-primergy-rx2540-m6-servidor-16x-25-sff-2x-intel-xeon-escalavel-lga4189-ddr4-ecc-raid-2x-psu\\\/\",\"url\":\"https:\\\/\\\/cyberlogics.ao\\\/index.php\\\/product\\\/fujitsu-primergy-rx2540-m6-servidor-16x-25-sff-2x-intel-xeon-escalavel-lga4189-ddr4-ecc-raid-2x-psu\\\/\",\"name\":\"Fujitsu Primergy RX2540 M6 Servidor 16x 2,5\\\" SFF 2x Intel XEON Escal\u00e1vel LGA4189 DDR4 ECC Raid 2x PSU - Cyberlogics Technologies Angola\",\"isPartOf\":{\"@id\":\"https:\\\/\\\/cyberlogics.ao\\\/#website\"},\"primaryImageOfPage\":{\"@id\":\"https:\\\/\\\/cyberlogics.ao\\\/index.php\\\/product\\\/fujitsu-primergy-rx2540-m6-servidor-16x-25-sff-2x-intel-xeon-escalavel-lga4189-ddr4-ecc-raid-2x-psu\\\/#primaryimage\"},\"image\":{\"@id\":\"https:\\\/\\\/cyberlogics.ao\\\/index.php\\\/product\\\/fujitsu-primergy-rx2540-m6-servidor-16x-25-sff-2x-intel-xeon-escalavel-lga4189-ddr4-ecc-raid-2x-psu\\\/#primaryimage\"},\"thumbnailUrl\":\"https:\\\/\\\/cyberlogics.ao\\\/wp-content\\\/uploads\\\/2025\\\/10\\\/fujitsu-rx2540-m6-server-16x-25-sff-2x-intel-xeon-scalable-lga4189-ddr4-ecc-raid-2x-psu-2u-19-rack-new-19372-m-5.jpg\",\"datePublished\":\"2025-10-27T12:00:08+00:00\",\"description\":\"A Maior Loja Online de Angola de Licen\u00e7as Microsoft Office | Chaves Sistemas Operativos Windows | Antiv\u00edrus | Cloud Adobe | Inform\u00e1tica & Servidores | Softwares de Gest\u00e3o ERP | Gaming Hardware | UPS e Baterias & Muito Mais...\",\"breadcrumb\":{\"@id\":\"https:\\\/\\\/cyberlogics.ao\\\/index.php\\\/product\\\/fujitsu-primergy-rx2540-m6-servidor-16x-25-sff-2x-intel-xeon-escalavel-lga4189-ddr4-ecc-raid-2x-psu\\\/#breadcrumb\"},\"inLanguage\":\"pt-PT\",\"potentialAction\":[{\"@type\":\"ReadAction\",\"target\":[\"https:\\\/\\\/cyberlogics.ao\\\/index.php\\\/product\\\/fujitsu-primergy-rx2540-m6-servidor-16x-25-sff-2x-intel-xeon-escalavel-lga4189-ddr4-ecc-raid-2x-psu\\\/\"]}]},{\"@type\":\"ImageObject\",\"inLanguage\":\"pt-PT\",\"@id\":\"https:\\\/\\\/cyberlogics.ao\\\/index.php\\\/product\\\/fujitsu-primergy-rx2540-m6-servidor-16x-25-sff-2x-intel-xeon-escalavel-lga4189-ddr4-ecc-raid-2x-psu\\\/#primaryimage\",\"url\":\"https:\\\/\\\/cyberlogics.ao\\\/wp-content\\\/uploads\\\/2025\\\/10\\\/fujitsu-rx2540-m6-server-16x-25-sff-2x-intel-xeon-scalable-lga4189-ddr4-ecc-raid-2x-psu-2u-19-rack-new-19372-m-5.jpg\",\"contentUrl\":\"https:\\\/\\\/cyberlogics.ao\\\/wp-content\\\/uploads\\\/2025\\\/10\\\/fujitsu-rx2540-m6-server-16x-25-sff-2x-intel-xeon-scalable-lga4189-ddr4-ecc-raid-2x-psu-2u-19-rack-new-19372-m-5.jpg\",\"width\":524,\"height\":327},{\"@type\":\"BreadcrumbList\",\"@id\":\"https:\\\/\\\/cyberlogics.ao\\\/index.php\\\/product\\\/fujitsu-primergy-rx2540-m6-servidor-16x-25-sff-2x-intel-xeon-escalavel-lga4189-ddr4-ecc-raid-2x-psu\\\/#breadcrumb\",\"itemListElement\":[{\"@type\":\"ListItem\",\"position\":1,\"name\":\"In\u00edcio\",\"item\":\"https:\\\/\\\/cyberlogics.ao\\\/\"},{\"@type\":\"ListItem\",\"position\":2,\"name\":\"Produtos\",\"item\":\"https:\\\/\\\/cyberlogics.ao\\\/index.php\\\/shop-2\\\/\"},{\"@type\":\"ListItem\",\"position\":3,\"name\":\"Fujitsu Primergy RX2540 M6 Servidor 16x 2,5&#8243; SFF 2x Intel XEON Escal\u00e1vel LGA4189 DDR4 ECC Raid 2x PSU\"}]},{\"@type\":\"WebSite\",\"@id\":\"https:\\\/\\\/cyberlogics.ao\\\/#website\",\"url\":\"https:\\\/\\\/cyberlogics.ao\\\/\",\"name\":\"Cyberlogics Technologies Angola\",\"description\":\"Loja Online de Licen\u00e7as de Softwares e Inform\u00e1tica\",\"publisher\":{\"@id\":\"https:\\\/\\\/cyberlogics.ao\\\/#organization\"},\"potentialAction\":[{\"@type\":\"SearchAction\",\"target\":{\"@type\":\"EntryPoint\",\"urlTemplate\":\"https:\\\/\\\/cyberlogics.ao\\\/?s={search_term_string}\"},\"query-input\":{\"@type\":\"PropertyValueSpecification\",\"valueRequired\":true,\"valueName\":\"search_term_string\"}}],\"inLanguage\":\"pt-PT\"},{\"@type\":\"Organization\",\"@id\":\"https:\\\/\\\/cyberlogics.ao\\\/#organization\",\"name\":\"Cyberlogics Ao Technologies - Loja Online de Licen\u00e7as de Softwares e Inform\u00e1tica\",\"url\":\"https:\\\/\\\/cyberlogics.ao\\\/\",\"logo\":{\"@type\":\"ImageObject\",\"inLanguage\":\"pt-PT\",\"@id\":\"https:\\\/\\\/cyberlogics.ao\\\/#\\\/schema\\\/logo\\\/image\\\/\",\"url\":\"https:\\\/\\\/cyberlogics.ao\\\/wp-content\\\/uploads\\\/2022\\\/04\\\/CT-logo.png\",\"contentUrl\":\"https:\\\/\\\/cyberlogics.ao\\\/wp-content\\\/uploads\\\/2022\\\/04\\\/CT-logo.png\",\"width\":190,\"height\":75,\"caption\":\"Cyberlogics Ao Technologies - Loja Online de Licen\u00e7as de Softwares e Inform\u00e1tica\"},\"image\":{\"@id\":\"https:\\\/\\\/cyberlogics.ao\\\/#\\\/schema\\\/logo\\\/image\\\/\"}}]}<\/script>\n<!-- \/ Yoast SEO plugin. -->","yoast_head_json":{"title":"Fujitsu Primergy RX2540 M6 Servidor 16x 2,5\" SFF 2x Intel XEON Escal\u00e1vel LGA4189 DDR4 ECC Raid 2x PSU - Cyberlogics Technologies Angola","description":"A Maior Loja Online de Angola de Licen\u00e7as Microsoft Office | Chaves Sistemas Operativos Windows | Antiv\u00edrus | Cloud Adobe | Inform\u00e1tica & Servidores | Softwares de Gest\u00e3o ERP | Gaming Hardware | UPS e Baterias & Muito Mais...","robots":{"index":"index","follow":"follow","max-snippet":"max-snippet:-1","max-image-preview":"max-image-preview:large","max-video-preview":"max-video-preview:-1"},"canonical":"https:\/\/cyberlogics.ao\/index.php\/product\/fujitsu-primergy-rx2540-m6-servidor-16x-25-sff-2x-intel-xeon-escalavel-lga4189-ddr4-ecc-raid-2x-psu\/","og_locale":"pt_PT","og_type":"article","og_title":"Fujitsu Primergy RX2540 M6 Servidor 16x 2,5\" SFF 2x Intel XEON Escal\u00e1vel LGA4189 DDR4 ECC Raid 2x PSU - Cyberlogics Technologies Angola","og_description":"A Maior Loja Online de Angola de Licen\u00e7as Microsoft Office | Chaves Sistemas Operativos Windows | Antiv\u00edrus | Cloud Adobe | Inform\u00e1tica & Servidores | Softwares de Gest\u00e3o ERP | Gaming Hardware | UPS e Baterias & Muito Mais...","og_url":"https:\/\/cyberlogics.ao\/index.php\/product\/fujitsu-primergy-rx2540-m6-servidor-16x-25-sff-2x-intel-xeon-escalavel-lga4189-ddr4-ecc-raid-2x-psu\/","og_site_name":"Cyberlogics Technologies Angola","og_image":[{"width":524,"height":327,"url":"http:\/\/cyberlogics.ao\/wp-content\/uploads\/2025\/10\/fujitsu-rx2540-m6-server-16x-25-sff-2x-intel-xeon-scalable-lga4189-ddr4-ecc-raid-2x-psu-2u-19-rack-new-19372-m-5.jpg","type":"image\/jpeg"}],"twitter_card":"summary_large_image","twitter_misc":{"Tempo estimado de leitura":"2 minutos"},"schema":{"@context":"https:\/\/schema.org","@graph":[{"@type":"WebPage","@id":"https:\/\/cyberlogics.ao\/index.php\/product\/fujitsu-primergy-rx2540-m6-servidor-16x-25-sff-2x-intel-xeon-escalavel-lga4189-ddr4-ecc-raid-2x-psu\/","url":"https:\/\/cyberlogics.ao\/index.php\/product\/fujitsu-primergy-rx2540-m6-servidor-16x-25-sff-2x-intel-xeon-escalavel-lga4189-ddr4-ecc-raid-2x-psu\/","name":"Fujitsu Primergy RX2540 M6 Servidor 16x 2,5\" SFF 2x Intel XEON Escal\u00e1vel LGA4189 DDR4 ECC Raid 2x PSU - Cyberlogics Technologies Angola","isPartOf":{"@id":"https:\/\/cyberlogics.ao\/#website"},"primaryImageOfPage":{"@id":"https:\/\/cyberlogics.ao\/index.php\/product\/fujitsu-primergy-rx2540-m6-servidor-16x-25-sff-2x-intel-xeon-escalavel-lga4189-ddr4-ecc-raid-2x-psu\/#primaryimage"},"image":{"@id":"https:\/\/cyberlogics.ao\/index.php\/product\/fujitsu-primergy-rx2540-m6-servidor-16x-25-sff-2x-intel-xeon-escalavel-lga4189-ddr4-ecc-raid-2x-psu\/#primaryimage"},"thumbnailUrl":"https:\/\/cyberlogics.ao\/wp-content\/uploads\/2025\/10\/fujitsu-rx2540-m6-server-16x-25-sff-2x-intel-xeon-scalable-lga4189-ddr4-ecc-raid-2x-psu-2u-19-rack-new-19372-m-5.jpg","datePublished":"2025-10-27T12:00:08+00:00","description":"A Maior Loja Online de Angola de Licen\u00e7as Microsoft Office | Chaves Sistemas Operativos Windows | Antiv\u00edrus | Cloud Adobe | Inform\u00e1tica & Servidores | Softwares de Gest\u00e3o ERP | Gaming Hardware | UPS e Baterias & Muito Mais...","breadcrumb":{"@id":"https:\/\/cyberlogics.ao\/index.php\/product\/fujitsu-primergy-rx2540-m6-servidor-16x-25-sff-2x-intel-xeon-escalavel-lga4189-ddr4-ecc-raid-2x-psu\/#breadcrumb"},"inLanguage":"pt-PT","potentialAction":[{"@type":"ReadAction","target":["https:\/\/cyberlogics.ao\/index.php\/product\/fujitsu-primergy-rx2540-m6-servidor-16x-25-sff-2x-intel-xeon-escalavel-lga4189-ddr4-ecc-raid-2x-psu\/"]}]},{"@type":"ImageObject","inLanguage":"pt-PT","@id":"https:\/\/cyberlogics.ao\/index.php\/product\/fujitsu-primergy-rx2540-m6-servidor-16x-25-sff-2x-intel-xeon-escalavel-lga4189-ddr4-ecc-raid-2x-psu\/#primaryimage","url":"https:\/\/cyberlogics.ao\/wp-content\/uploads\/2025\/10\/fujitsu-rx2540-m6-server-16x-25-sff-2x-intel-xeon-scalable-lga4189-ddr4-ecc-raid-2x-psu-2u-19-rack-new-19372-m-5.jpg","contentUrl":"https:\/\/cyberlogics.ao\/wp-content\/uploads\/2025\/10\/fujitsu-rx2540-m6-server-16x-25-sff-2x-intel-xeon-scalable-lga4189-ddr4-ecc-raid-2x-psu-2u-19-rack-new-19372-m-5.jpg","width":524,"height":327},{"@type":"BreadcrumbList","@id":"https:\/\/cyberlogics.ao\/index.php\/product\/fujitsu-primergy-rx2540-m6-servidor-16x-25-sff-2x-intel-xeon-escalavel-lga4189-ddr4-ecc-raid-2x-psu\/#breadcrumb","itemListElement":[{"@type":"ListItem","position":1,"name":"In\u00edcio","item":"https:\/\/cyberlogics.ao\/"},{"@type":"ListItem","position":2,"name":"Produtos","item":"https:\/\/cyberlogics.ao\/index.php\/shop-2\/"},{"@type":"ListItem","position":3,"name":"Fujitsu Primergy RX2540 M6 Servidor 16x 2,5&#8243; SFF 2x Intel XEON Escal\u00e1vel LGA4189 DDR4 ECC Raid 2x PSU"}]},{"@type":"WebSite","@id":"https:\/\/cyberlogics.ao\/#website","url":"https:\/\/cyberlogics.ao\/","name":"Cyberlogics Technologies Angola","description":"Loja Online de Licen\u00e7as de Softwares e Inform\u00e1tica","publisher":{"@id":"https:\/\/cyberlogics.ao\/#organization"},"potentialAction":[{"@type":"SearchAction","target":{"@type":"EntryPoint","urlTemplate":"https:\/\/cyberlogics.ao\/?s={search_term_string}"},"query-input":{"@type":"PropertyValueSpecification","valueRequired":true,"valueName":"search_term_string"}}],"inLanguage":"pt-PT"},{"@type":"Organization","@id":"https:\/\/cyberlogics.ao\/#organization","name":"Cyberlogics Ao Technologies - Loja Online de Licen\u00e7as de Softwares e Inform\u00e1tica","url":"https:\/\/cyberlogics.ao\/","logo":{"@type":"ImageObject","inLanguage":"pt-PT","@id":"https:\/\/cyberlogics.ao\/#\/schema\/logo\/image\/","url":"https:\/\/cyberlogics.ao\/wp-content\/uploads\/2022\/04\/CT-logo.png","contentUrl":"https:\/\/cyberlogics.ao\/wp-content\/uploads\/2022\/04\/CT-logo.png","width":190,"height":75,"caption":"Cyberlogics Ao Technologies - Loja Online de Licen\u00e7as de Softwares e Inform\u00e1tica"},"image":{"@id":"https:\/\/cyberlogics.ao\/#\/schema\/logo\/image\/"}}]}},"_links":{"self":[{"href":"https:\/\/cyberlogics.ao\/index.php\/wp-json\/wp\/v2\/product\/10440","targetHints":{"allow":["GET"]}}],"collection":[{"href":"https:\/\/cyberlogics.ao\/index.php\/wp-json\/wp\/v2\/product"}],"about":[{"href":"https:\/\/cyberlogics.ao\/index.php\/wp-json\/wp\/v2\/types\/product"}],"replies":[{"embeddable":true,"href":"https:\/\/cyberlogics.ao\/index.php\/wp-json\/wp\/v2\/comments?post=10440"}],"wp:featuredmedia":[{"embeddable":true,"href":"https:\/\/cyberlogics.ao\/index.php\/wp-json\/wp\/v2\/media\/10441"}],"wp:attachment":[{"href":"https:\/\/cyberlogics.ao\/index.php\/wp-json\/wp\/v2\/media?parent=10440"}],"wp:term":[{"taxonomy":"product_brand","embeddable":true,"href":"https:\/\/cyberlogics.ao\/index.php\/wp-json\/wp\/v2\/product_brand?post=10440"},{"taxonomy":"product_cat","embeddable":true,"href":"https:\/\/cyberlogics.ao\/index.php\/wp-json\/wp\/v2\/product_cat?post=10440"},{"taxonomy":"product_tag","embeddable":true,"href":"https:\/\/cyberlogics.ao\/index.php\/wp-json\/wp\/v2\/product_tag?post=10440"}],"curies":[{"name":"wp","href":"https:\/\/api.w.org\/{rel}","templated":true}]}}