{"id":10448,"date":"2025-10-27T12:12:04","date_gmt":"2025-10-27T12:12:04","guid":{"rendered":"https:\/\/cyberlogics.ao\/?post_type=product&#038;p=10448"},"modified":"2025-10-27T12:12:04","modified_gmt":"2025-10-27T12:12:04","slug":"servidor-supermicro-cse-847b-x11dph-t-4u-36x-35-sas-12g-lff-2x-25-sff-2x-intel-xeon-escalavel-lga3647-2x-10gbe-2x-psu-cto","status":"publish","type":"product","link":"https:\/\/cyberlogics.ao\/index.php\/product\/servidor-supermicro-cse-847b-x11dph-t-4u-36x-35-sas-12g-lff-2x-25-sff-2x-intel-xeon-escalavel-lga3647-2x-10gbe-2x-psu-cto\/","title":{"rendered":"Servidor Supermicro CSE-847B X11DPH-T 4U 36x 3,5&#8243; SAS 12G LFF + 2x 2,5&#8243; SFF 2x Intel XEON Escal\u00e1vel LGA3647 2x 10GbE 2x PSU -CTO-"},"content":{"rendered":"<div class=\"product_description_list product_description_server\">\n<div class=\"description_line\"><span><strong>Fornecedor:\u00a0<\/strong>Supermicro<\/span><\/div>\n<div class=\"description_line\"><span><strong>Tipo de unidade:\u00a0<\/strong>Servidor<\/span><\/div>\n<div class=\"description_line\"><span><strong>Tipo:\u00a0<\/strong>19&#8243; 4 HE<\/span><\/div>\n<div class=\"description_line\"><span><strong>Modelo:\u00a0<\/strong>CSE-847B<\/span><\/div>\n<div class=\"description_line\"><span><strong>Baias de HDD:\u00a0<\/strong>38x baias de HDD HotSwap SAS\/S-ATA Backplane<br \/>\nsem HDDs ou bandejas selecionadas n\u00e3o s\u00e3o bandejas de HDD inclu\u00eddas na entrega<\/span><\/div>\n<div class=\"description_line\"><span><strong>Unidade \u00f3ptica:\u00a0<\/strong>ohne<\/span><\/div>\n<div class=\"description_line\"><span><strong>Rede:\u00a0<\/strong>2x controlador Ethernet 10GbE X722 + X557 RJ-45<\/span><\/div>\n<div class=\"description_line\"><span><strong>Interfaces internas:<\/strong><br \/>\n<b>informa\u00e7\u00f5es<\/b><br \/>\n2x CPU Sockel LGA3647 Intel CPU Sockel para 2x processadores<br \/>\nescal\u00e1veis Intel Xeon 16x slots DIMM DDR4 de 288 pinos at\u00e9 2 TB de RAM<br \/>\nChipset Intel\u00ae C622 Series\u00a0<b>Slots<\/b><\/p>\n<p>PCIe CPU1:<br \/>\nSlot 1 PCIe 3.0 x8 &#8211; x8 Conector Meia altura, meio comprimento<br \/>\nSlot 3 PCIe 3.0 x16 &#8211; x16 Conector Meia altura, meio comprimento<br \/>\nSlot 6 PCIe 3.0 x8 &#8211; x8 Conector Meia altura, Meio comprimento<br \/>\nSlot 7 PCIe 3.0 x8 &#8211; x8 Conector Meia altura, Meio comprimento<\/p>\n<p>CPU2:<br \/>\nSlot 5 PCIe 3.0 x16 &#8211; x16 Conector Meia altura, Meio comprimento<br \/>\nSlot 4 PCIe 3.0 x16 &#8211; x16 Conector Meia altura, Meio comprimento<br \/>\nSlot 2 PCIe 3.0 x16 &#8211; x16 Conector Interfaces de meia altura,\u00a0<b>meio comprimento<\/b><\/p>\n<p>2x Interface NVMe PCIe 3.0 x4 M.2 Formato: 2242\/2260\/2280\/22110 (Raid 0 \/ Raid 1)<br \/>\n2x SFF-8087 SATA apenas Portas<br \/>\n3x USB 3.2 Gen1 1x<br \/>\nCabe\u00e7alho TPM<br \/>\n2x Portas<\/p>\n<p>SATA\u00a0<b>Backplane e Chassi<\/b><br \/>\n36 x 3.5&#8243; hot-swap SAS\/SATA drive bay com SES3<br \/>\n<b>24 portas 4U SAS3 12Gbps single-expander backplane (frente) BPN-SAS3-846EL1<\/b><br \/>\n<b>Backplane de expansor \u00fanico SAS3 12Gbps 2U de 12 portas (traseiro) BPN-SAS3-826EL1-N4 (suporte a 4x NVMe via AOC e cabos opcionais)<\/b><br \/>\n2x compartimento de unidade SAS\/SATA hot-swap de 2,5&#8243;<\/span><\/div>\n<div class=\"description_line\"><span><strong>Interfaces externas:<\/strong><br \/>\n4 portas USB 3.0<br \/>\n2 portas<br \/>\nRJ45 10GbE RJ-45 1 porta<br \/>\nLAN IPMI dedicada RJ45 1 VGA 15pol. D-SUB<br \/>\n1x interface<br \/>\nSeriell RS232 2x SFF-8644 SAS externo<\/p>\n<p>36x 3.5&#8243; Hot-swap SAS\/SATA LFF HDD Baia<br \/>\n2x 2,5&#8243; Hot-swap SAS\/SATA LFF HDD Dimens\u00f5es da baia<\/p>\n<p>H\/W\/D: 178mm x 437mm x 699mm<\/span><\/div>\n<div class=\"description_line\"><span><strong>Placa de v\u00eddeo:\u00a0<\/strong>Aspeed AST2400 BMC integrada<\/span><\/div>\n<div class=\"description_line\"><span><strong>Unidades de pot\u00eancia:\u00a0<\/strong>fonte de alimenta\u00e7\u00e3o redundante de at\u00e9 2x<\/span><\/div>\n<div class=\"description_line\"><strong>Peso l\u00edquido:\u00a0<\/strong>22,8 kg<\/div>\n<div class=\"description_line\"><strong>Profundidade de instala\u00e7\u00e3o:\u00a0<\/strong>70 cm<\/div>\n<div class=\"description_line\"><strong>Dimens\u00f5es:\u00a0<\/strong>C: 75 cm | B: 48,3 cm | A: 17,7 cm<\/div>\n<div class=\"description_line\"><span><strong>Sistemas operacionais compat\u00edveis:<\/strong><br \/>\n<b>Windows:<\/b>\u00a0Windows Server 2016, 2019, 2022*; Windows 10, 11*<br \/>\n*\u00e9 necess\u00e1rio<br \/>\num m\u00f3dulo TPM compat\u00edvel\u00a0<b>Virtualisierung:<\/b>\u00a0vmware ; Citrix ; Microsoft Hyper-V ; Proxmoxx; Linux KVM<br \/>\n<b>Linux Betriebssysteme:<\/b>\u00a0Linux Suse, Linux RHEL (RedHat), Debian, Fedora etc.<\/span><\/div>\n<div id=\"zstand\"><span><strong>Condi\u00e7\u00e3o do item:\u00a0<\/strong>reformado, Grau A<br \/>\nCada dispositivo foi limpo e cuidadosamente verificado antes da entrega. O firmware gratuito mais recente dispon\u00edvel foi atualizado no systembios, no controlador de armazenamento, rede e gerenciamento.<\/span><\/div>\n<div class=\"description_line description_text\"><\/div>\n<\/div>\n<p>&nbsp;<\/p>\n<h2>(DE)<br \/>\nServidor em rack 4U X11DPH-T CSE-847B da Supermicro<\/h2>\n<p>&nbsp;<\/p>\n<p>Dieser Server bietet enorme Speicherkapazit\u00e4t und leistungsstarke Rechenleistung f\u00fcr anspruchsvolle Unternehmensanwendungen.<\/p>\n<p>Ausgestattet mit Platz f\u00fcr zwei Intel Xeon Scalable Prozessoren im Dual-Betrieb und unterst\u00fctzt von 36x 3,5&#8221; SAS 12G LFF-Laufwerkssch\u00e4chten sowie 2x 2,5&#8221; SFF-Laufwerken, erm\u00f6glicht dieser Server flexible Speicherl\u00f6sungen mit hoher Datenverf\u00fcgbarkeit.<br \/>\nDie integrierten 2x 10GbE-Netzwerkanschl\u00fcsse sorgen f\u00fcr schnelle und zuverl\u00e4ssige Konnektivit\u00e4t.<\/p>\n<p>Mit dualen Netzteilen (PSU) gew\u00e4hrleistet der Supermicro-Server maximale Ausfallsicherheit und unterbrechungsfreien Betrieb, ideal f\u00fcr datenintensive Workloads, Virtualisierung und Cloud-Umgebungen.<\/p>\n<p>&nbsp;<\/p>\n<h2>(EN)<br \/>\nServidor em rack 4U X11DPH-T CSE-847B da Supermicro<\/h2>\n<p>&nbsp;<\/p>\n<p>Equipado com at\u00e9 dois processadores escal\u00e1veis Intel Xeon em um soquete duplo e 36 compartimentos de unidade SAS 12G LFF de 3,5&#8243;, este servidor oferece imensa capacidade de armazenamento e desempenho de computa\u00e7\u00e3o poderoso.<\/p>\n<p>Com 2 unidades SFF adicionais de 2,5&#8243; e suporte RAID integrado, garante solu\u00e7\u00f5es de armazenamento flex\u00edveis com alta disponibilidade de dados.<\/p>\n<p>As 2 portas de rede de 10 GbE oferecem conectividade r\u00e1pida e confi\u00e1vel, enquanto as fontes de alimenta\u00e7\u00e3o duplas (PSU) garantem o m\u00e1ximo de tempo de atividade e redund\u00e2ncia.<br \/>\nEste servidor 4U CSE-847B X11DPH-T da Supermicro \u00e9 ideal para cargas de trabalho com uso intensivo de dados, virtualiza\u00e7\u00e3o e ambientes em nuvem, fornecendo desempenho e confiabilidade.<\/p>\n<div id=\"eupsvo\"><strong>Informa\u00e7\u00f5es do fabricante:<\/strong><\/p>\n<div>\n<div>Support_Europe@Supermicro.com<\/div>\n<div>Super Micro Computador, Inc. Het Sterrenbeeld 28 5215 ML, s-Hertogenbosch Niederlande<\/div>\n<\/div>\n<div>\n<div>Super Micro Computador, Inc. Avenida Rock 980 S\u00e3o Jos\u00e9, CA 95131 EUA<\/div>\n<\/div>\n<\/div>\n","protected":false},"excerpt":{"rendered":"<h1>Servidor Supermicro CSE-847B X11DPH-T 4U 36x 3,5&#8243; SAS 12G LFF + 2x 2,5&#8243; SFF 2x Intel XEON Escal\u00e1vel LGA3647 2x 10GbE 2x PSU -CTO-<\/h1>\n","protected":false},"featured_media":10449,"comment_status":"open","ping_status":"closed","template":"","meta":{"_joinchat":[]},"product_brand":[],"product_cat":[115],"product_tag":[],"class_list":{"0":"post-10448","1":"product","2":"type-product","3":"status-publish","4":"has-post-thumbnail","6":"product_cat-servidores","8":"first","9":"instock","10":"shipping-taxable","11":"purchasable","12":"product-type-simple"},"yoast_head":"<!-- This site is optimized with the Yoast SEO plugin v27.4 - https:\/\/yoast.com\/product\/yoast-seo-wordpress\/ -->\n<title>Servidor Supermicro CSE-847B X11DPH-T 4U 36x 3,5&quot; SAS 12G LFF + 2x 2,5&quot; SFF 2x Intel XEON Escal\u00e1vel LGA3647 2x 10GbE 2x PSU -CTO- Cyberlogics Technologies Angola<\/title>\n<meta name=\"description\" content=\"A Maior Loja Online de Angola de Licen\u00e7as Microsoft Office | Chaves Sistemas Operativos Windows | Antiv\u00edrus | Cloud Adobe | Inform\u00e1tica &amp; Servidores | Softwares de Gest\u00e3o ERP | Gaming Hardware | UPS e Baterias &amp; Muito Mais...\" \/>\n<meta name=\"robots\" content=\"index, follow, max-snippet:-1, max-image-preview:large, max-video-preview:-1\" \/>\n<link rel=\"canonical\" href=\"https:\/\/cyberlogics.ao\/index.php\/product\/servidor-supermicro-cse-847b-x11dph-t-4u-36x-35-sas-12g-lff-2x-25-sff-2x-intel-xeon-escalavel-lga3647-2x-10gbe-2x-psu-cto\/\" \/>\n<meta property=\"og:locale\" content=\"pt_PT\" \/>\n<meta property=\"og:type\" content=\"article\" \/>\n<meta property=\"og:title\" content=\"Servidor Supermicro CSE-847B X11DPH-T 4U 36x 3,5&quot; SAS 12G LFF + 2x 2,5&quot; SFF 2x Intel XEON Escal\u00e1vel LGA3647 2x 10GbE 2x PSU -CTO- Cyberlogics Technologies Angola\" \/>\n<meta property=\"og:description\" content=\"A Maior Loja Online de Angola de Licen\u00e7as Microsoft Office | Chaves Sistemas Operativos Windows | Antiv\u00edrus | Cloud Adobe | Inform\u00e1tica &amp; Servidores | Softwares de Gest\u00e3o ERP | Gaming Hardware | UPS e Baterias &amp; Muito Mais...\" \/>\n<meta property=\"og:url\" content=\"https:\/\/cyberlogics.ao\/index.php\/product\/servidor-supermicro-cse-847b-x11dph-t-4u-36x-35-sas-12g-lff-2x-25-sff-2x-intel-xeon-escalavel-lga3647-2x-10gbe-2x-psu-cto\/\" \/>\n<meta property=\"og:site_name\" content=\"Cyberlogics Technologies Angola\" \/>\n<meta property=\"og:image\" content=\"http:\/\/cyberlogics.ao\/wp-content\/uploads\/2025\/10\/supermicro-cse-847b-x11dph-t-4u-server-36x-35-sas-12g-lff-2x-25-sff-2x-intel-xeon-scalable-lga3647-2x-10gbe-2x-psu-cto-20922-m-5-1.jpg\" \/>\n\t<meta property=\"og:image:width\" content=\"524\" \/>\n\t<meta property=\"og:image:height\" content=\"295\" \/>\n\t<meta property=\"og:image:type\" content=\"image\/jpeg\" \/>\n<meta name=\"twitter:card\" content=\"summary_large_image\" \/>\n<meta name=\"twitter:label1\" content=\"Tempo estimado de leitura\" \/>\n\t<meta name=\"twitter:data1\" content=\"3 minutos\" \/>\n<script type=\"application\/ld+json\" class=\"yoast-schema-graph\">{\"@context\":\"https:\\\/\\\/schema.org\",\"@graph\":[{\"@type\":\"WebPage\",\"@id\":\"https:\\\/\\\/cyberlogics.ao\\\/index.php\\\/product\\\/servidor-supermicro-cse-847b-x11dph-t-4u-36x-35-sas-12g-lff-2x-25-sff-2x-intel-xeon-escalavel-lga3647-2x-10gbe-2x-psu-cto\\\/\",\"url\":\"https:\\\/\\\/cyberlogics.ao\\\/index.php\\\/product\\\/servidor-supermicro-cse-847b-x11dph-t-4u-36x-35-sas-12g-lff-2x-25-sff-2x-intel-xeon-escalavel-lga3647-2x-10gbe-2x-psu-cto\\\/\",\"name\":\"Servidor Supermicro CSE-847B X11DPH-T 4U 36x 3,5\\\" SAS 12G LFF + 2x 2,5\\\" SFF 2x Intel XEON Escal\u00e1vel LGA3647 2x 10GbE 2x PSU -CTO- Cyberlogics Technologies Angola\",\"isPartOf\":{\"@id\":\"https:\\\/\\\/cyberlogics.ao\\\/#website\"},\"primaryImageOfPage\":{\"@id\":\"https:\\\/\\\/cyberlogics.ao\\\/index.php\\\/product\\\/servidor-supermicro-cse-847b-x11dph-t-4u-36x-35-sas-12g-lff-2x-25-sff-2x-intel-xeon-escalavel-lga3647-2x-10gbe-2x-psu-cto\\\/#primaryimage\"},\"image\":{\"@id\":\"https:\\\/\\\/cyberlogics.ao\\\/index.php\\\/product\\\/servidor-supermicro-cse-847b-x11dph-t-4u-36x-35-sas-12g-lff-2x-25-sff-2x-intel-xeon-escalavel-lga3647-2x-10gbe-2x-psu-cto\\\/#primaryimage\"},\"thumbnailUrl\":\"https:\\\/\\\/cyberlogics.ao\\\/wp-content\\\/uploads\\\/2025\\\/10\\\/supermicro-cse-847b-x11dph-t-4u-server-36x-35-sas-12g-lff-2x-25-sff-2x-intel-xeon-scalable-lga3647-2x-10gbe-2x-psu-cto-20922-m-5-1.jpg\",\"datePublished\":\"2025-10-27T12:12:04+00:00\",\"description\":\"A Maior Loja Online de Angola de Licen\u00e7as Microsoft Office | Chaves Sistemas Operativos Windows | Antiv\u00edrus | Cloud Adobe | Inform\u00e1tica & Servidores | Softwares de Gest\u00e3o ERP | Gaming Hardware | UPS e Baterias & Muito Mais...\",\"breadcrumb\":{\"@id\":\"https:\\\/\\\/cyberlogics.ao\\\/index.php\\\/product\\\/servidor-supermicro-cse-847b-x11dph-t-4u-36x-35-sas-12g-lff-2x-25-sff-2x-intel-xeon-escalavel-lga3647-2x-10gbe-2x-psu-cto\\\/#breadcrumb\"},\"inLanguage\":\"pt-PT\",\"potentialAction\":[{\"@type\":\"ReadAction\",\"target\":[\"https:\\\/\\\/cyberlogics.ao\\\/index.php\\\/product\\\/servidor-supermicro-cse-847b-x11dph-t-4u-36x-35-sas-12g-lff-2x-25-sff-2x-intel-xeon-escalavel-lga3647-2x-10gbe-2x-psu-cto\\\/\"]}]},{\"@type\":\"ImageObject\",\"inLanguage\":\"pt-PT\",\"@id\":\"https:\\\/\\\/cyberlogics.ao\\\/index.php\\\/product\\\/servidor-supermicro-cse-847b-x11dph-t-4u-36x-35-sas-12g-lff-2x-25-sff-2x-intel-xeon-escalavel-lga3647-2x-10gbe-2x-psu-cto\\\/#primaryimage\",\"url\":\"https:\\\/\\\/cyberlogics.ao\\\/wp-content\\\/uploads\\\/2025\\\/10\\\/supermicro-cse-847b-x11dph-t-4u-server-36x-35-sas-12g-lff-2x-25-sff-2x-intel-xeon-scalable-lga3647-2x-10gbe-2x-psu-cto-20922-m-5-1.jpg\",\"contentUrl\":\"https:\\\/\\\/cyberlogics.ao\\\/wp-content\\\/uploads\\\/2025\\\/10\\\/supermicro-cse-847b-x11dph-t-4u-server-36x-35-sas-12g-lff-2x-25-sff-2x-intel-xeon-scalable-lga3647-2x-10gbe-2x-psu-cto-20922-m-5-1.jpg\",\"width\":524,\"height\":295},{\"@type\":\"BreadcrumbList\",\"@id\":\"https:\\\/\\\/cyberlogics.ao\\\/index.php\\\/product\\\/servidor-supermicro-cse-847b-x11dph-t-4u-36x-35-sas-12g-lff-2x-25-sff-2x-intel-xeon-escalavel-lga3647-2x-10gbe-2x-psu-cto\\\/#breadcrumb\",\"itemListElement\":[{\"@type\":\"ListItem\",\"position\":1,\"name\":\"In\u00edcio\",\"item\":\"https:\\\/\\\/cyberlogics.ao\\\/\"},{\"@type\":\"ListItem\",\"position\":2,\"name\":\"Produtos\",\"item\":\"https:\\\/\\\/cyberlogics.ao\\\/index.php\\\/shop-2\\\/\"},{\"@type\":\"ListItem\",\"position\":3,\"name\":\"Servidor Supermicro CSE-847B X11DPH-T 4U 36x 3,5&#8243; SAS 12G LFF + 2x 2,5&#8243; SFF 2x Intel XEON Escal\u00e1vel LGA3647 2x 10GbE 2x PSU -CTO-\"}]},{\"@type\":\"WebSite\",\"@id\":\"https:\\\/\\\/cyberlogics.ao\\\/#website\",\"url\":\"https:\\\/\\\/cyberlogics.ao\\\/\",\"name\":\"Cyberlogics Technologies Angola\",\"description\":\"Loja Online de Licen\u00e7as de Softwares e Inform\u00e1tica\",\"publisher\":{\"@id\":\"https:\\\/\\\/cyberlogics.ao\\\/#organization\"},\"potentialAction\":[{\"@type\":\"SearchAction\",\"target\":{\"@type\":\"EntryPoint\",\"urlTemplate\":\"https:\\\/\\\/cyberlogics.ao\\\/?s={search_term_string}\"},\"query-input\":{\"@type\":\"PropertyValueSpecification\",\"valueRequired\":true,\"valueName\":\"search_term_string\"}}],\"inLanguage\":\"pt-PT\"},{\"@type\":\"Organization\",\"@id\":\"https:\\\/\\\/cyberlogics.ao\\\/#organization\",\"name\":\"Cyberlogics Ao Technologies - Loja Online de Licen\u00e7as de Softwares e Inform\u00e1tica\",\"url\":\"https:\\\/\\\/cyberlogics.ao\\\/\",\"logo\":{\"@type\":\"ImageObject\",\"inLanguage\":\"pt-PT\",\"@id\":\"https:\\\/\\\/cyberlogics.ao\\\/#\\\/schema\\\/logo\\\/image\\\/\",\"url\":\"https:\\\/\\\/cyberlogics.ao\\\/wp-content\\\/uploads\\\/2022\\\/04\\\/CT-logo.png\",\"contentUrl\":\"https:\\\/\\\/cyberlogics.ao\\\/wp-content\\\/uploads\\\/2022\\\/04\\\/CT-logo.png\",\"width\":190,\"height\":75,\"caption\":\"Cyberlogics Ao Technologies - Loja Online de Licen\u00e7as de Softwares e Inform\u00e1tica\"},\"image\":{\"@id\":\"https:\\\/\\\/cyberlogics.ao\\\/#\\\/schema\\\/logo\\\/image\\\/\"}}]}<\/script>\n<!-- \/ Yoast SEO plugin. -->","yoast_head_json":{"title":"Servidor Supermicro CSE-847B X11DPH-T 4U 36x 3,5\" SAS 12G LFF + 2x 2,5\" SFF 2x Intel XEON Escal\u00e1vel LGA3647 2x 10GbE 2x PSU -CTO- Cyberlogics Technologies Angola","description":"A Maior Loja Online de Angola de Licen\u00e7as Microsoft Office | Chaves Sistemas Operativos Windows | Antiv\u00edrus | Cloud Adobe | Inform\u00e1tica & Servidores | Softwares de Gest\u00e3o ERP | Gaming Hardware | UPS e Baterias & Muito Mais...","robots":{"index":"index","follow":"follow","max-snippet":"max-snippet:-1","max-image-preview":"max-image-preview:large","max-video-preview":"max-video-preview:-1"},"canonical":"https:\/\/cyberlogics.ao\/index.php\/product\/servidor-supermicro-cse-847b-x11dph-t-4u-36x-35-sas-12g-lff-2x-25-sff-2x-intel-xeon-escalavel-lga3647-2x-10gbe-2x-psu-cto\/","og_locale":"pt_PT","og_type":"article","og_title":"Servidor Supermicro CSE-847B X11DPH-T 4U 36x 3,5\" SAS 12G LFF + 2x 2,5\" SFF 2x Intel XEON Escal\u00e1vel LGA3647 2x 10GbE 2x PSU -CTO- Cyberlogics Technologies Angola","og_description":"A Maior Loja Online de Angola de Licen\u00e7as Microsoft Office | Chaves Sistemas Operativos Windows | Antiv\u00edrus | Cloud Adobe | Inform\u00e1tica & Servidores | Softwares de Gest\u00e3o ERP | Gaming Hardware | UPS e Baterias & Muito Mais...","og_url":"https:\/\/cyberlogics.ao\/index.php\/product\/servidor-supermicro-cse-847b-x11dph-t-4u-36x-35-sas-12g-lff-2x-25-sff-2x-intel-xeon-escalavel-lga3647-2x-10gbe-2x-psu-cto\/","og_site_name":"Cyberlogics Technologies Angola","og_image":[{"width":524,"height":295,"url":"http:\/\/cyberlogics.ao\/wp-content\/uploads\/2025\/10\/supermicro-cse-847b-x11dph-t-4u-server-36x-35-sas-12g-lff-2x-25-sff-2x-intel-xeon-scalable-lga3647-2x-10gbe-2x-psu-cto-20922-m-5-1.jpg","type":"image\/jpeg"}],"twitter_card":"summary_large_image","twitter_misc":{"Tempo estimado de leitura":"3 minutos"},"schema":{"@context":"https:\/\/schema.org","@graph":[{"@type":"WebPage","@id":"https:\/\/cyberlogics.ao\/index.php\/product\/servidor-supermicro-cse-847b-x11dph-t-4u-36x-35-sas-12g-lff-2x-25-sff-2x-intel-xeon-escalavel-lga3647-2x-10gbe-2x-psu-cto\/","url":"https:\/\/cyberlogics.ao\/index.php\/product\/servidor-supermicro-cse-847b-x11dph-t-4u-36x-35-sas-12g-lff-2x-25-sff-2x-intel-xeon-escalavel-lga3647-2x-10gbe-2x-psu-cto\/","name":"Servidor Supermicro CSE-847B X11DPH-T 4U 36x 3,5\" SAS 12G LFF + 2x 2,5\" SFF 2x Intel XEON Escal\u00e1vel LGA3647 2x 10GbE 2x PSU -CTO- Cyberlogics Technologies Angola","isPartOf":{"@id":"https:\/\/cyberlogics.ao\/#website"},"primaryImageOfPage":{"@id":"https:\/\/cyberlogics.ao\/index.php\/product\/servidor-supermicro-cse-847b-x11dph-t-4u-36x-35-sas-12g-lff-2x-25-sff-2x-intel-xeon-escalavel-lga3647-2x-10gbe-2x-psu-cto\/#primaryimage"},"image":{"@id":"https:\/\/cyberlogics.ao\/index.php\/product\/servidor-supermicro-cse-847b-x11dph-t-4u-36x-35-sas-12g-lff-2x-25-sff-2x-intel-xeon-escalavel-lga3647-2x-10gbe-2x-psu-cto\/#primaryimage"},"thumbnailUrl":"https:\/\/cyberlogics.ao\/wp-content\/uploads\/2025\/10\/supermicro-cse-847b-x11dph-t-4u-server-36x-35-sas-12g-lff-2x-25-sff-2x-intel-xeon-scalable-lga3647-2x-10gbe-2x-psu-cto-20922-m-5-1.jpg","datePublished":"2025-10-27T12:12:04+00:00","description":"A Maior Loja Online de Angola de Licen\u00e7as Microsoft Office | Chaves Sistemas Operativos Windows | Antiv\u00edrus | Cloud Adobe | Inform\u00e1tica & Servidores | Softwares de Gest\u00e3o ERP | Gaming Hardware | UPS e Baterias & Muito Mais...","breadcrumb":{"@id":"https:\/\/cyberlogics.ao\/index.php\/product\/servidor-supermicro-cse-847b-x11dph-t-4u-36x-35-sas-12g-lff-2x-25-sff-2x-intel-xeon-escalavel-lga3647-2x-10gbe-2x-psu-cto\/#breadcrumb"},"inLanguage":"pt-PT","potentialAction":[{"@type":"ReadAction","target":["https:\/\/cyberlogics.ao\/index.php\/product\/servidor-supermicro-cse-847b-x11dph-t-4u-36x-35-sas-12g-lff-2x-25-sff-2x-intel-xeon-escalavel-lga3647-2x-10gbe-2x-psu-cto\/"]}]},{"@type":"ImageObject","inLanguage":"pt-PT","@id":"https:\/\/cyberlogics.ao\/index.php\/product\/servidor-supermicro-cse-847b-x11dph-t-4u-36x-35-sas-12g-lff-2x-25-sff-2x-intel-xeon-escalavel-lga3647-2x-10gbe-2x-psu-cto\/#primaryimage","url":"https:\/\/cyberlogics.ao\/wp-content\/uploads\/2025\/10\/supermicro-cse-847b-x11dph-t-4u-server-36x-35-sas-12g-lff-2x-25-sff-2x-intel-xeon-scalable-lga3647-2x-10gbe-2x-psu-cto-20922-m-5-1.jpg","contentUrl":"https:\/\/cyberlogics.ao\/wp-content\/uploads\/2025\/10\/supermicro-cse-847b-x11dph-t-4u-server-36x-35-sas-12g-lff-2x-25-sff-2x-intel-xeon-scalable-lga3647-2x-10gbe-2x-psu-cto-20922-m-5-1.jpg","width":524,"height":295},{"@type":"BreadcrumbList","@id":"https:\/\/cyberlogics.ao\/index.php\/product\/servidor-supermicro-cse-847b-x11dph-t-4u-36x-35-sas-12g-lff-2x-25-sff-2x-intel-xeon-escalavel-lga3647-2x-10gbe-2x-psu-cto\/#breadcrumb","itemListElement":[{"@type":"ListItem","position":1,"name":"In\u00edcio","item":"https:\/\/cyberlogics.ao\/"},{"@type":"ListItem","position":2,"name":"Produtos","item":"https:\/\/cyberlogics.ao\/index.php\/shop-2\/"},{"@type":"ListItem","position":3,"name":"Servidor Supermicro CSE-847B X11DPH-T 4U 36x 3,5&#8243; SAS 12G LFF + 2x 2,5&#8243; SFF 2x Intel XEON Escal\u00e1vel LGA3647 2x 10GbE 2x PSU -CTO-"}]},{"@type":"WebSite","@id":"https:\/\/cyberlogics.ao\/#website","url":"https:\/\/cyberlogics.ao\/","name":"Cyberlogics Technologies Angola","description":"Loja Online de Licen\u00e7as de Softwares e Inform\u00e1tica","publisher":{"@id":"https:\/\/cyberlogics.ao\/#organization"},"potentialAction":[{"@type":"SearchAction","target":{"@type":"EntryPoint","urlTemplate":"https:\/\/cyberlogics.ao\/?s={search_term_string}"},"query-input":{"@type":"PropertyValueSpecification","valueRequired":true,"valueName":"search_term_string"}}],"inLanguage":"pt-PT"},{"@type":"Organization","@id":"https:\/\/cyberlogics.ao\/#organization","name":"Cyberlogics Ao Technologies - Loja Online de Licen\u00e7as de Softwares e Inform\u00e1tica","url":"https:\/\/cyberlogics.ao\/","logo":{"@type":"ImageObject","inLanguage":"pt-PT","@id":"https:\/\/cyberlogics.ao\/#\/schema\/logo\/image\/","url":"https:\/\/cyberlogics.ao\/wp-content\/uploads\/2022\/04\/CT-logo.png","contentUrl":"https:\/\/cyberlogics.ao\/wp-content\/uploads\/2022\/04\/CT-logo.png","width":190,"height":75,"caption":"Cyberlogics Ao Technologies - Loja Online de Licen\u00e7as de Softwares e Inform\u00e1tica"},"image":{"@id":"https:\/\/cyberlogics.ao\/#\/schema\/logo\/image\/"}}]}},"_links":{"self":[{"href":"https:\/\/cyberlogics.ao\/index.php\/wp-json\/wp\/v2\/product\/10448","targetHints":{"allow":["GET"]}}],"collection":[{"href":"https:\/\/cyberlogics.ao\/index.php\/wp-json\/wp\/v2\/product"}],"about":[{"href":"https:\/\/cyberlogics.ao\/index.php\/wp-json\/wp\/v2\/types\/product"}],"replies":[{"embeddable":true,"href":"https:\/\/cyberlogics.ao\/index.php\/wp-json\/wp\/v2\/comments?post=10448"}],"wp:featuredmedia":[{"embeddable":true,"href":"https:\/\/cyberlogics.ao\/index.php\/wp-json\/wp\/v2\/media\/10449"}],"wp:attachment":[{"href":"https:\/\/cyberlogics.ao\/index.php\/wp-json\/wp\/v2\/media?parent=10448"}],"wp:term":[{"taxonomy":"product_brand","embeddable":true,"href":"https:\/\/cyberlogics.ao\/index.php\/wp-json\/wp\/v2\/product_brand?post=10448"},{"taxonomy":"product_cat","embeddable":true,"href":"https:\/\/cyberlogics.ao\/index.php\/wp-json\/wp\/v2\/product_cat?post=10448"},{"taxonomy":"product_tag","embeddable":true,"href":"https:\/\/cyberlogics.ao\/index.php\/wp-json\/wp\/v2\/product_tag?post=10448"}],"curies":[{"name":"wp","href":"https:\/\/api.w.org\/{rel}","templated":true}]}}