{"id":10465,"date":"2025-10-27T12:58:30","date_gmt":"2025-10-27T12:58:30","guid":{"rendered":"https:\/\/cyberlogics.ao\/?post_type=product&#038;p=10465"},"modified":"2025-10-27T12:58:30","modified_gmt":"2025-10-27T12:58:30","slug":"fujitsu-primergy-rx2530-m5-19-1u-server-4x-35-lff-2x-intel-xeon-lga3647-scalable-sas-raid-2x-psu-vmware-ready","status":"publish","type":"product","link":"https:\/\/cyberlogics.ao\/index.php\/product\/fujitsu-primergy-rx2530-m5-19-1u-server-4x-35-lff-2x-intel-xeon-lga3647-scalable-sas-raid-2x-psu-vmware-ready\/","title":{"rendered":"Fujitsu Primergy RX2530 M5 19&#8243; 1U Server 4x 3,5&#8243; LFF 2x Intel XEON LGA3647 Scalable SAS Raid 2x PSU vmware ready"},"content":{"rendered":"<p><strong>Fornecedor:\u00a0<\/strong>Fujitsu<\/p>\n<div id=\"product_info_left\">\n<div id=\"product_description\">\n<div class=\"toggler_content\">\n<div class=\"product_description_list product_description_server\">\n<div class=\"description_line\"><span><strong>Tipo de unidade:\u00a0<\/strong>Servidor<\/span><\/div>\n<div class=\"description_line\"><span><strong>Tipo:\u00a0<\/strong>19&#8243; 1 ELE<\/span><\/div>\n<div class=\"description_line\"><span><strong>Modelo:\u00a0<\/strong>Primergy RX2530 M5<\/span><\/div>\n<div class=\"description_line\"><span><strong>Baias de HDD:\u00a0<\/strong>4x baias de HDD HotSwap SAS\/S-ATA Backplane<br \/>\nsem HDDs ou bandejas selecionadas n\u00e3o s\u00e3o bandejas de HDD inclu\u00eddas na entrega<\/span><\/div>\n<div class=\"description_line\"><span><strong>Unidade \u00f3ptica:\u00a0<\/strong>ohne<\/span><\/div>\n<div class=\"description_line\"><span><strong>Rede:\u00a0<\/strong>2x Gigabit-LAN RJ-45 10\/100\/1000 Mbit (integrado)<\/span><\/div>\n<div class=\"description_line\"><span><strong>Interfaces internas:<\/strong><br \/>\n2x FCLGA3647 Intel CPU Sockel para CPUs<br \/>\nXEON Scalable Gen 2 24x DDR4 240pin ECC DIMM banks (12 DIMMs por CPU, 6 canais com 2 slots por canal) At\u00e9 3TB<br \/>\nIntel C624 Chipsatz<br \/>\nOnboard 8x S-ATA 6Gbit\/s RAID Controller (RAID 0,1) para at\u00e9 8x drives S-ATA dispon\u00edveis<br \/>\n2x PCIe x8 Low Profile<br \/>\n1x PCIe x16 Low Profile<br \/>\n1x canal SATA para ODD<br \/>\n1x USB 3.0<\/span><\/div>\n<div class=\"description_line\"><span><strong>Interfaces externas:<\/strong><br \/>\n4 x USB 3.0 (2x frontal, 2x traseira)<br \/>\n2x RJ-45 LAN Gigabit 10\/100\/1000 Mbit<br \/>\n1x porta LAN de gerenciamento dedicada para iRMC S5 (10\/100\/1000 Mbit \/ s)<br \/>\n1x VGA 15pol. Interface<br \/>\nD-SUB<br \/>\n1x Seriell RS232\u00a0<strong>Gerenciamento:\u00a0<\/strong>IRMC5 Advanced KVM, opcional: redirecionamento de v\u00eddeo remoto ativo<\/span><\/div>\n<div class=\"description_line\"><span><strong>Placa de v\u00eddeo:\u00a0<\/strong>integrada<\/span><\/div>\n<div class=\"description_line\"><span><strong>Unidades de pot\u00eancia:\u00a0<\/strong>2x fonte de alimenta\u00e7\u00e3o Fujitsu HotSwap<\/span><\/div>\n<div class=\"description_line\"><strong>Dimens\u00f5es:\u00a0<\/strong>C: 77,2 cm | B: 48,3 cm | A: 4,3 cm<\/div>\n<div class=\"description_line\"><span><strong>Sistemas operacionais compat\u00edveis:<\/strong><br \/>\n<b>Windows:<\/b>\u00a0Windows Server 2016, 2019, 2022*; Windows 10, 11*<br \/>\n*\u00e9 necess\u00e1rio<br \/>\num m\u00f3dulo TPM compat\u00edvel\u00a0<b>Virtualisierung:<\/b>\u00a0vmware ; Citrix ; Microsoft Hyper-V ; Proxmoxx; Linux KVM<br \/>\n<b>Linux Betriebssysteme:<\/b>\u00a0Linux Suse, Linux RHEL (RedHat), Debian, Fedora etc.<\/span><\/div>\n<div id=\"zstand\"><span><strong>Condi\u00e7\u00e3o do item:\u00a0<\/strong>reformado, Grau A<br \/>\nCada dispositivo foi limpo e cuidadosamente verificado antes da entrega. O firmware gratuito mais recente dispon\u00edvel foi atualizado no systembios, no controlador de armazenamento, rede e gerenciamento.<\/span><\/div>\n<div class=\"description_line description_text\"><\/div>\n<\/div>\n<div id=\"eupsvo\"><strong>Informa\u00e7\u00f5es do fabricante:<\/strong><\/p>\n<div>\n<div>Fujitsu Technology Solutions GmbH Mies-van-der-Rohe-Stra\u00dfe 8 80807 M\u00fcnchen Deutschland<\/div>\n<div>https:\/\/support.ts.fujitsu.com\/IndexContact.asp?LNG=de<\/div>\n<\/div>\n<\/div>\n<\/div>\n<\/div>\n<\/div>\n","protected":false},"excerpt":{"rendered":"<h1>Fujitsu Primergy RX2530 M5 19&#8243; 1U Server 4x 3,5&#8243; LFF 2x Intel XEON LGA3647 Scalable SAS Raid 2x PSU vmware ready<\/h1>\n","protected":false},"featured_media":10466,"comment_status":"open","ping_status":"closed","template":"","meta":{"_joinchat":[]},"product_brand":[],"product_cat":[802,115],"product_tag":[],"class_list":{"0":"post-10465","1":"product","2":"type-product","3":"status-publish","4":"has-post-thumbnail","6":"product_cat-fujitsu-primergy-rx2530","7":"product_cat-servidores","9":"first","10":"instock","11":"shipping-taxable","12":"purchasable","13":"product-type-simple"},"yoast_head":"<!-- This site is optimized with the Yoast SEO plugin v27.4 - https:\/\/yoast.com\/product\/yoast-seo-wordpress\/ -->\n<title>Fujitsu Primergy RX2530 M5 19&quot; 1U Server 4x 3,5&quot; LFF 2x Intel XEON LGA3647 Scalable SAS Raid 2x PSU vmware ready - Cyberlogics Technologies Angola<\/title>\n<meta name=\"description\" content=\"A Maior Loja Online de Angola de Licen\u00e7as Microsoft Office | Chaves Sistemas Operativos Windows | Antiv\u00edrus | Cloud Adobe | Inform\u00e1tica &amp; Servidores | Softwares de Gest\u00e3o ERP | Gaming Hardware | UPS e Baterias &amp; Muito Mais...\" \/>\n<meta name=\"robots\" content=\"index, follow, max-snippet:-1, max-image-preview:large, max-video-preview:-1\" \/>\n<link rel=\"canonical\" href=\"https:\/\/cyberlogics.ao\/index.php\/product\/fujitsu-primergy-rx2530-m5-19-1u-server-4x-35-lff-2x-intel-xeon-lga3647-scalable-sas-raid-2x-psu-vmware-ready\/\" \/>\n<meta property=\"og:locale\" content=\"pt_PT\" \/>\n<meta property=\"og:type\" content=\"article\" \/>\n<meta property=\"og:title\" content=\"Fujitsu Primergy RX2530 M5 19&quot; 1U Server 4x 3,5&quot; LFF 2x Intel XEON LGA3647 Scalable SAS Raid 2x PSU vmware ready - Cyberlogics Technologies Angola\" \/>\n<meta property=\"og:description\" content=\"A Maior Loja Online de Angola de Licen\u00e7as Microsoft Office | Chaves Sistemas Operativos Windows | Antiv\u00edrus | Cloud Adobe | Inform\u00e1tica &amp; Servidores | Softwares de Gest\u00e3o ERP | Gaming Hardware | UPS e Baterias &amp; Muito Mais...\" \/>\n<meta property=\"og:url\" content=\"https:\/\/cyberlogics.ao\/index.php\/product\/fujitsu-primergy-rx2530-m5-19-1u-server-4x-35-lff-2x-intel-xeon-lga3647-scalable-sas-raid-2x-psu-vmware-ready\/\" \/>\n<meta property=\"og:site_name\" content=\"Cyberlogics Technologies Angola\" \/>\n<meta property=\"og:image\" content=\"http:\/\/cyberlogics.ao\/wp-content\/uploads\/2025\/10\/fujitsu-primergy-rx2530-m5-19-1u-server-4x-35-sff-2x-intel-xeon-lga3647-scalable-sas-raid-2x-psu-vmware-ready-24794-m-4.jpg\" \/>\n\t<meta property=\"og:image:width\" content=\"140\" \/>\n\t<meta property=\"og:image:height\" content=\"88\" \/>\n\t<meta property=\"og:image:type\" content=\"image\/jpeg\" \/>\n<meta name=\"twitter:card\" content=\"summary_large_image\" \/>\n<meta name=\"twitter:label1\" content=\"Tempo estimado de leitura\" \/>\n\t<meta name=\"twitter:data1\" content=\"1 minuto\" \/>\n<script type=\"application\/ld+json\" class=\"yoast-schema-graph\">{\"@context\":\"https:\\\/\\\/schema.org\",\"@graph\":[{\"@type\":\"WebPage\",\"@id\":\"https:\\\/\\\/cyberlogics.ao\\\/index.php\\\/product\\\/fujitsu-primergy-rx2530-m5-19-1u-server-4x-35-lff-2x-intel-xeon-lga3647-scalable-sas-raid-2x-psu-vmware-ready\\\/\",\"url\":\"https:\\\/\\\/cyberlogics.ao\\\/index.php\\\/product\\\/fujitsu-primergy-rx2530-m5-19-1u-server-4x-35-lff-2x-intel-xeon-lga3647-scalable-sas-raid-2x-psu-vmware-ready\\\/\",\"name\":\"Fujitsu Primergy RX2530 M5 19\\\" 1U Server 4x 3,5\\\" LFF 2x Intel XEON LGA3647 Scalable SAS Raid 2x PSU vmware ready - Cyberlogics Technologies Angola\",\"isPartOf\":{\"@id\":\"https:\\\/\\\/cyberlogics.ao\\\/#website\"},\"primaryImageOfPage\":{\"@id\":\"https:\\\/\\\/cyberlogics.ao\\\/index.php\\\/product\\\/fujitsu-primergy-rx2530-m5-19-1u-server-4x-35-lff-2x-intel-xeon-lga3647-scalable-sas-raid-2x-psu-vmware-ready\\\/#primaryimage\"},\"image\":{\"@id\":\"https:\\\/\\\/cyberlogics.ao\\\/index.php\\\/product\\\/fujitsu-primergy-rx2530-m5-19-1u-server-4x-35-lff-2x-intel-xeon-lga3647-scalable-sas-raid-2x-psu-vmware-ready\\\/#primaryimage\"},\"thumbnailUrl\":\"https:\\\/\\\/cyberlogics.ao\\\/wp-content\\\/uploads\\\/2025\\\/10\\\/fujitsu-primergy-rx2530-m5-19-1u-server-4x-35-sff-2x-intel-xeon-lga3647-scalable-sas-raid-2x-psu-vmware-ready-24794-m-4.jpg\",\"datePublished\":\"2025-10-27T12:58:30+00:00\",\"description\":\"A Maior Loja Online de Angola de Licen\u00e7as Microsoft Office | Chaves Sistemas Operativos Windows | Antiv\u00edrus | Cloud Adobe | Inform\u00e1tica & Servidores | Softwares de Gest\u00e3o ERP | Gaming Hardware | UPS e Baterias & Muito Mais...\",\"breadcrumb\":{\"@id\":\"https:\\\/\\\/cyberlogics.ao\\\/index.php\\\/product\\\/fujitsu-primergy-rx2530-m5-19-1u-server-4x-35-lff-2x-intel-xeon-lga3647-scalable-sas-raid-2x-psu-vmware-ready\\\/#breadcrumb\"},\"inLanguage\":\"pt-PT\",\"potentialAction\":[{\"@type\":\"ReadAction\",\"target\":[\"https:\\\/\\\/cyberlogics.ao\\\/index.php\\\/product\\\/fujitsu-primergy-rx2530-m5-19-1u-server-4x-35-lff-2x-intel-xeon-lga3647-scalable-sas-raid-2x-psu-vmware-ready\\\/\"]}]},{\"@type\":\"ImageObject\",\"inLanguage\":\"pt-PT\",\"@id\":\"https:\\\/\\\/cyberlogics.ao\\\/index.php\\\/product\\\/fujitsu-primergy-rx2530-m5-19-1u-server-4x-35-lff-2x-intel-xeon-lga3647-scalable-sas-raid-2x-psu-vmware-ready\\\/#primaryimage\",\"url\":\"https:\\\/\\\/cyberlogics.ao\\\/wp-content\\\/uploads\\\/2025\\\/10\\\/fujitsu-primergy-rx2530-m5-19-1u-server-4x-35-sff-2x-intel-xeon-lga3647-scalable-sas-raid-2x-psu-vmware-ready-24794-m-4.jpg\",\"contentUrl\":\"https:\\\/\\\/cyberlogics.ao\\\/wp-content\\\/uploads\\\/2025\\\/10\\\/fujitsu-primergy-rx2530-m5-19-1u-server-4x-35-sff-2x-intel-xeon-lga3647-scalable-sas-raid-2x-psu-vmware-ready-24794-m-4.jpg\",\"width\":140,\"height\":88},{\"@type\":\"BreadcrumbList\",\"@id\":\"https:\\\/\\\/cyberlogics.ao\\\/index.php\\\/product\\\/fujitsu-primergy-rx2530-m5-19-1u-server-4x-35-lff-2x-intel-xeon-lga3647-scalable-sas-raid-2x-psu-vmware-ready\\\/#breadcrumb\",\"itemListElement\":[{\"@type\":\"ListItem\",\"position\":1,\"name\":\"In\u00edcio\",\"item\":\"https:\\\/\\\/cyberlogics.ao\\\/\"},{\"@type\":\"ListItem\",\"position\":2,\"name\":\"Produtos\",\"item\":\"https:\\\/\\\/cyberlogics.ao\\\/index.php\\\/shop-2\\\/\"},{\"@type\":\"ListItem\",\"position\":3,\"name\":\"Fujitsu Primergy RX2530 M5 19&#8243; 1U Server 4x 3,5&#8243; LFF 2x Intel XEON LGA3647 Scalable SAS Raid 2x PSU vmware ready\"}]},{\"@type\":\"WebSite\",\"@id\":\"https:\\\/\\\/cyberlogics.ao\\\/#website\",\"url\":\"https:\\\/\\\/cyberlogics.ao\\\/\",\"name\":\"Cyberlogics Technologies Angola\",\"description\":\"Loja Online de Licen\u00e7as de Softwares e Inform\u00e1tica\",\"publisher\":{\"@id\":\"https:\\\/\\\/cyberlogics.ao\\\/#organization\"},\"potentialAction\":[{\"@type\":\"SearchAction\",\"target\":{\"@type\":\"EntryPoint\",\"urlTemplate\":\"https:\\\/\\\/cyberlogics.ao\\\/?s={search_term_string}\"},\"query-input\":{\"@type\":\"PropertyValueSpecification\",\"valueRequired\":true,\"valueName\":\"search_term_string\"}}],\"inLanguage\":\"pt-PT\"},{\"@type\":\"Organization\",\"@id\":\"https:\\\/\\\/cyberlogics.ao\\\/#organization\",\"name\":\"Cyberlogics Ao Technologies - Loja Online de Licen\u00e7as de Softwares e Inform\u00e1tica\",\"url\":\"https:\\\/\\\/cyberlogics.ao\\\/\",\"logo\":{\"@type\":\"ImageObject\",\"inLanguage\":\"pt-PT\",\"@id\":\"https:\\\/\\\/cyberlogics.ao\\\/#\\\/schema\\\/logo\\\/image\\\/\",\"url\":\"https:\\\/\\\/cyberlogics.ao\\\/wp-content\\\/uploads\\\/2022\\\/04\\\/CT-logo.png\",\"contentUrl\":\"https:\\\/\\\/cyberlogics.ao\\\/wp-content\\\/uploads\\\/2022\\\/04\\\/CT-logo.png\",\"width\":190,\"height\":75,\"caption\":\"Cyberlogics Ao Technologies - Loja Online de Licen\u00e7as de Softwares e Inform\u00e1tica\"},\"image\":{\"@id\":\"https:\\\/\\\/cyberlogics.ao\\\/#\\\/schema\\\/logo\\\/image\\\/\"}}]}<\/script>\n<!-- \/ Yoast SEO plugin. -->","yoast_head_json":{"title":"Fujitsu Primergy RX2530 M5 19\" 1U Server 4x 3,5\" LFF 2x Intel XEON LGA3647 Scalable SAS Raid 2x PSU vmware ready - Cyberlogics Technologies Angola","description":"A Maior Loja Online de Angola de Licen\u00e7as Microsoft Office | Chaves Sistemas Operativos Windows | Antiv\u00edrus | Cloud Adobe | Inform\u00e1tica & Servidores | Softwares de Gest\u00e3o ERP | Gaming Hardware | UPS e Baterias & Muito Mais...","robots":{"index":"index","follow":"follow","max-snippet":"max-snippet:-1","max-image-preview":"max-image-preview:large","max-video-preview":"max-video-preview:-1"},"canonical":"https:\/\/cyberlogics.ao\/index.php\/product\/fujitsu-primergy-rx2530-m5-19-1u-server-4x-35-lff-2x-intel-xeon-lga3647-scalable-sas-raid-2x-psu-vmware-ready\/","og_locale":"pt_PT","og_type":"article","og_title":"Fujitsu Primergy RX2530 M5 19\" 1U Server 4x 3,5\" LFF 2x Intel XEON LGA3647 Scalable SAS Raid 2x PSU vmware ready - Cyberlogics Technologies Angola","og_description":"A Maior Loja Online de Angola de Licen\u00e7as Microsoft Office | Chaves Sistemas Operativos Windows | Antiv\u00edrus | Cloud Adobe | Inform\u00e1tica & Servidores | Softwares de Gest\u00e3o ERP | Gaming Hardware | UPS e Baterias & Muito Mais...","og_url":"https:\/\/cyberlogics.ao\/index.php\/product\/fujitsu-primergy-rx2530-m5-19-1u-server-4x-35-lff-2x-intel-xeon-lga3647-scalable-sas-raid-2x-psu-vmware-ready\/","og_site_name":"Cyberlogics Technologies Angola","og_image":[{"width":140,"height":88,"url":"http:\/\/cyberlogics.ao\/wp-content\/uploads\/2025\/10\/fujitsu-primergy-rx2530-m5-19-1u-server-4x-35-sff-2x-intel-xeon-lga3647-scalable-sas-raid-2x-psu-vmware-ready-24794-m-4.jpg","type":"image\/jpeg"}],"twitter_card":"summary_large_image","twitter_misc":{"Tempo estimado de leitura":"1 minuto"},"schema":{"@context":"https:\/\/schema.org","@graph":[{"@type":"WebPage","@id":"https:\/\/cyberlogics.ao\/index.php\/product\/fujitsu-primergy-rx2530-m5-19-1u-server-4x-35-lff-2x-intel-xeon-lga3647-scalable-sas-raid-2x-psu-vmware-ready\/","url":"https:\/\/cyberlogics.ao\/index.php\/product\/fujitsu-primergy-rx2530-m5-19-1u-server-4x-35-lff-2x-intel-xeon-lga3647-scalable-sas-raid-2x-psu-vmware-ready\/","name":"Fujitsu Primergy RX2530 M5 19\" 1U Server 4x 3,5\" LFF 2x Intel XEON LGA3647 Scalable SAS Raid 2x PSU vmware ready - Cyberlogics Technologies Angola","isPartOf":{"@id":"https:\/\/cyberlogics.ao\/#website"},"primaryImageOfPage":{"@id":"https:\/\/cyberlogics.ao\/index.php\/product\/fujitsu-primergy-rx2530-m5-19-1u-server-4x-35-lff-2x-intel-xeon-lga3647-scalable-sas-raid-2x-psu-vmware-ready\/#primaryimage"},"image":{"@id":"https:\/\/cyberlogics.ao\/index.php\/product\/fujitsu-primergy-rx2530-m5-19-1u-server-4x-35-lff-2x-intel-xeon-lga3647-scalable-sas-raid-2x-psu-vmware-ready\/#primaryimage"},"thumbnailUrl":"https:\/\/cyberlogics.ao\/wp-content\/uploads\/2025\/10\/fujitsu-primergy-rx2530-m5-19-1u-server-4x-35-sff-2x-intel-xeon-lga3647-scalable-sas-raid-2x-psu-vmware-ready-24794-m-4.jpg","datePublished":"2025-10-27T12:58:30+00:00","description":"A Maior Loja Online de Angola de Licen\u00e7as Microsoft Office | Chaves Sistemas Operativos Windows | Antiv\u00edrus | Cloud Adobe | Inform\u00e1tica & Servidores | Softwares de Gest\u00e3o ERP | Gaming Hardware | UPS e Baterias & Muito Mais...","breadcrumb":{"@id":"https:\/\/cyberlogics.ao\/index.php\/product\/fujitsu-primergy-rx2530-m5-19-1u-server-4x-35-lff-2x-intel-xeon-lga3647-scalable-sas-raid-2x-psu-vmware-ready\/#breadcrumb"},"inLanguage":"pt-PT","potentialAction":[{"@type":"ReadAction","target":["https:\/\/cyberlogics.ao\/index.php\/product\/fujitsu-primergy-rx2530-m5-19-1u-server-4x-35-lff-2x-intel-xeon-lga3647-scalable-sas-raid-2x-psu-vmware-ready\/"]}]},{"@type":"ImageObject","inLanguage":"pt-PT","@id":"https:\/\/cyberlogics.ao\/index.php\/product\/fujitsu-primergy-rx2530-m5-19-1u-server-4x-35-lff-2x-intel-xeon-lga3647-scalable-sas-raid-2x-psu-vmware-ready\/#primaryimage","url":"https:\/\/cyberlogics.ao\/wp-content\/uploads\/2025\/10\/fujitsu-primergy-rx2530-m5-19-1u-server-4x-35-sff-2x-intel-xeon-lga3647-scalable-sas-raid-2x-psu-vmware-ready-24794-m-4.jpg","contentUrl":"https:\/\/cyberlogics.ao\/wp-content\/uploads\/2025\/10\/fujitsu-primergy-rx2530-m5-19-1u-server-4x-35-sff-2x-intel-xeon-lga3647-scalable-sas-raid-2x-psu-vmware-ready-24794-m-4.jpg","width":140,"height":88},{"@type":"BreadcrumbList","@id":"https:\/\/cyberlogics.ao\/index.php\/product\/fujitsu-primergy-rx2530-m5-19-1u-server-4x-35-lff-2x-intel-xeon-lga3647-scalable-sas-raid-2x-psu-vmware-ready\/#breadcrumb","itemListElement":[{"@type":"ListItem","position":1,"name":"In\u00edcio","item":"https:\/\/cyberlogics.ao\/"},{"@type":"ListItem","position":2,"name":"Produtos","item":"https:\/\/cyberlogics.ao\/index.php\/shop-2\/"},{"@type":"ListItem","position":3,"name":"Fujitsu Primergy RX2530 M5 19&#8243; 1U Server 4x 3,5&#8243; LFF 2x Intel XEON LGA3647 Scalable SAS Raid 2x PSU vmware ready"}]},{"@type":"WebSite","@id":"https:\/\/cyberlogics.ao\/#website","url":"https:\/\/cyberlogics.ao\/","name":"Cyberlogics Technologies Angola","description":"Loja Online de Licen\u00e7as de Softwares e Inform\u00e1tica","publisher":{"@id":"https:\/\/cyberlogics.ao\/#organization"},"potentialAction":[{"@type":"SearchAction","target":{"@type":"EntryPoint","urlTemplate":"https:\/\/cyberlogics.ao\/?s={search_term_string}"},"query-input":{"@type":"PropertyValueSpecification","valueRequired":true,"valueName":"search_term_string"}}],"inLanguage":"pt-PT"},{"@type":"Organization","@id":"https:\/\/cyberlogics.ao\/#organization","name":"Cyberlogics Ao Technologies - Loja Online de Licen\u00e7as de Softwares e Inform\u00e1tica","url":"https:\/\/cyberlogics.ao\/","logo":{"@type":"ImageObject","inLanguage":"pt-PT","@id":"https:\/\/cyberlogics.ao\/#\/schema\/logo\/image\/","url":"https:\/\/cyberlogics.ao\/wp-content\/uploads\/2022\/04\/CT-logo.png","contentUrl":"https:\/\/cyberlogics.ao\/wp-content\/uploads\/2022\/04\/CT-logo.png","width":190,"height":75,"caption":"Cyberlogics Ao Technologies - Loja Online de Licen\u00e7as de Softwares e Inform\u00e1tica"},"image":{"@id":"https:\/\/cyberlogics.ao\/#\/schema\/logo\/image\/"}}]}},"_links":{"self":[{"href":"https:\/\/cyberlogics.ao\/index.php\/wp-json\/wp\/v2\/product\/10465","targetHints":{"allow":["GET"]}}],"collection":[{"href":"https:\/\/cyberlogics.ao\/index.php\/wp-json\/wp\/v2\/product"}],"about":[{"href":"https:\/\/cyberlogics.ao\/index.php\/wp-json\/wp\/v2\/types\/product"}],"replies":[{"embeddable":true,"href":"https:\/\/cyberlogics.ao\/index.php\/wp-json\/wp\/v2\/comments?post=10465"}],"wp:featuredmedia":[{"embeddable":true,"href":"https:\/\/cyberlogics.ao\/index.php\/wp-json\/wp\/v2\/media\/10466"}],"wp:attachment":[{"href":"https:\/\/cyberlogics.ao\/index.php\/wp-json\/wp\/v2\/media?parent=10465"}],"wp:term":[{"taxonomy":"product_brand","embeddable":true,"href":"https:\/\/cyberlogics.ao\/index.php\/wp-json\/wp\/v2\/product_brand?post=10465"},{"taxonomy":"product_cat","embeddable":true,"href":"https:\/\/cyberlogics.ao\/index.php\/wp-json\/wp\/v2\/product_cat?post=10465"},{"taxonomy":"product_tag","embeddable":true,"href":"https:\/\/cyberlogics.ao\/index.php\/wp-json\/wp\/v2\/product_tag?post=10465"}],"curies":[{"name":"wp","href":"https:\/\/api.w.org\/{rel}","templated":true}]}}