{"id":10481,"date":"2025-10-28T13:06:59","date_gmt":"2025-10-28T13:06:59","guid":{"rendered":"https:\/\/cyberlogics.ao\/?post_type=product&#038;p=10481"},"modified":"2025-10-28T13:06:59","modified_gmt":"2025-10-28T13:06:59","slug":"cabo-de-cobre-cisco-3m-dac-10gb-sfp-kabel-passivo-sfp-h10gb-cu3m-conectado-direto","status":"publish","type":"product","link":"https:\/\/cyberlogics.ao\/index.php\/product\/cabo-de-cobre-cisco-3m-dac-10gb-sfp-kabel-passivo-sfp-h10gb-cu3m-conectado-direto\/","title":{"rendered":"Cabo de cobre Cisco 3m DAC 10Gb SFP+ Kabel Passivo SFP-H10GB-CU3M Conectado Direto"},"content":{"rendered":"<div class=\"product_description_list\">\n<div class=\"description_line\"><strong>Fornecedor:<\/strong><span>Cisco<\/span><\/div>\n<div class=\"description_line\"><strong>Tipo:<\/strong><span>Transceptor GBIC-Kabel<\/span><\/div>\n<div class=\"description_line\"><strong>Modelo:<\/strong><span>SFP-H10GB-CU3M<\/span><\/div>\n<div class=\"description_line\"><strong>PN:<\/strong><span>COPQAA6JAB 37-0961-01<\/span><\/div>\n<div class=\"description_line\"><strong>Comprimento:<\/strong><span>3m<\/span><\/div>\n<div class=\"description_line\"><strong>Interfaces:<\/strong><span>SFP+ SFP+<\/span><\/div>\n<div class=\"description_line description_text\">Cisco SFP-H10GB-<\/div>\n<div id=\"zstand\"><strong>Condi\u00e7\u00e3o do item:\u00a0<\/strong>reformado, Grau A. O item foi completamente testado \/ reformado.<\/div>\n<\/div>\n<div id=\"eupsvo\"><strong>Informa\u00e7\u00f5es do fabricante:<\/strong><\/p>\n<div>\n<div>Cisco Systems GmbH 300 Leste da Tasm\u00e2nia Drive S\u00e3o Jos\u00e9, CA 95134 EUA<\/div>\n<div>https:\/\/www.cisco.com\/c\/de_de\/about\/contact-cisco.html<\/div>\n<\/div>\n<div>\n<div>Cisco Systems GmbH Anel de estacionamento 20 85748 Garching Deutschland<\/div>\n<div>https:\/\/www.cisco.com\/c\/de_de\/about\/contact-cisco.html<\/div>\n<\/div>\n<\/div>\n","protected":false},"excerpt":{"rendered":"<div class=\"product_description_list\">\n<div class=\"description_line\"><strong>Fornecedor:<\/strong><span>Cisco<\/span><\/div>\n<div class=\"description_line\"><strong>Tipo:<\/strong><span>Transceptor GBIC-Kabel<\/span><\/div>\n<div class=\"description_line\"><strong>Modelo:<\/strong><span>SFP-H10GB-CU3M<\/span><\/div>\n<div class=\"description_line\"><strong>PN:<\/strong><span>COPQAA6JAB 37-0961-01<\/span><\/div>\n<div class=\"description_line\"><strong>Comprimento:<\/strong><span>3m<\/span><\/div>\n<div class=\"description_line\"><strong>Interfaces:<\/strong><span>SFP+ SFP+<\/span><\/div>\n<div class=\"description_line description_text\">Cisco SFP-H10GB-<\/div>\n<div id=\"zstand\"><strong>Condi\u00e7\u00e3o do item:\u00a0<\/strong>reformado, Grau A. O item foi completamente testado \/ reformado.<\/div>\n<\/div>\n<div id=\"eupsvo\"><strong>Informa\u00e7\u00f5es do fabricante:<\/strong><\/p>\n<div>\n<div>Cisco Systems GmbH 300 Leste da Tasm\u00e2nia Drive S\u00e3o Jos\u00e9, CA 95134 EUA<\/div>\n<div>https:\/\/www.cisco.com\/c\/de_de\/about\/contact-cisco.html<\/div>\n<\/div>\n<div>\n<div>Cisco Systems GmbH Anel de estacionamento 20 85748 Garching Deutschland<\/div>\n<div>https:\/\/www.cisco.com\/c\/de_de\/about\/contact-cisco.html<\/div>\n<\/div>\n<\/div>\n","protected":false},"featured_media":10482,"comment_status":"open","ping_status":"closed","template":"","meta":{"_joinchat":[]},"product_brand":[],"product_cat":[805,307],"product_tag":[],"class_list":{"0":"post-10481","1":"product","2":"type-product","3":"status-publish","4":"has-post-thumbnail","6":"product_cat-cabo-de-cobre-cisco-transceptor-gbic-kabel","7":"product_cat-redes","9":"first","10":"instock","11":"shipping-taxable","12":"purchasable","13":"product-type-simple"},"yoast_head":"<!-- This site is optimized with the Yoast SEO plugin v27.3 - https:\/\/yoast.com\/product\/yoast-seo-wordpress\/ -->\n<title>Cabo de cobre Cisco 3m DAC 10Gb SFP+ Kabel Passivo SFP-H10GB-CU3M Conectado Direto - Cyberlogics Technologies Angola<\/title>\n<meta name=\"description\" content=\"A Maior Loja Online de Angola de Licen\u00e7as Microsoft Office | Chaves Sistemas Operativos Windows | Antiv\u00edrus | Cloud Adobe | Inform\u00e1tica &amp; Servidores | Softwares de Gest\u00e3o ERP | Gaming Hardware | UPS e Baterias &amp; Muito Mais...\" \/>\n<meta name=\"robots\" content=\"index, follow, max-snippet:-1, max-image-preview:large, max-video-preview:-1\" \/>\n<link rel=\"canonical\" href=\"https:\/\/cyberlogics.ao\/index.php\/product\/cabo-de-cobre-cisco-3m-dac-10gb-sfp-kabel-passivo-sfp-h10gb-cu3m-conectado-direto\/\" \/>\n<meta property=\"og:locale\" content=\"pt_PT\" \/>\n<meta property=\"og:type\" content=\"article\" \/>\n<meta property=\"og:title\" content=\"Cabo de cobre Cisco 3m DAC 10Gb SFP+ Kabel Passivo SFP-H10GB-CU3M Conectado Direto - Cyberlogics Technologies Angola\" \/>\n<meta property=\"og:description\" content=\"A Maior Loja Online de Angola de Licen\u00e7as Microsoft Office | Chaves Sistemas Operativos Windows | Antiv\u00edrus | Cloud Adobe | Inform\u00e1tica &amp; Servidores | Softwares de Gest\u00e3o ERP | Gaming Hardware | UPS e Baterias &amp; Muito Mais...\" \/>\n<meta property=\"og:url\" content=\"https:\/\/cyberlogics.ao\/index.php\/product\/cabo-de-cobre-cisco-3m-dac-10gb-sfp-kabel-passivo-sfp-h10gb-cu3m-conectado-direto\/\" \/>\n<meta property=\"og:site_name\" content=\"Cyberlogics Technologies Angola\" \/>\n<meta property=\"og:image\" content=\"http:\/\/cyberlogics.ao\/wp-content\/uploads\/2025\/10\/cisco-3m-dac-cooper-cable-10gb-sfp-kabel-passive-sfp-h10gb-cu3m-direct-attached-2668-m-1.jpg\" \/>\n\t<meta property=\"og:image:width\" content=\"140\" \/>\n\t<meta property=\"og:image:height\" content=\"88\" \/>\n\t<meta property=\"og:image:type\" content=\"image\/jpeg\" \/>\n<meta name=\"twitter:card\" content=\"summary_large_image\" \/>\n<script type=\"application\/ld+json\" class=\"yoast-schema-graph\">{\"@context\":\"https:\\\/\\\/schema.org\",\"@graph\":[{\"@type\":\"WebPage\",\"@id\":\"https:\\\/\\\/cyberlogics.ao\\\/index.php\\\/product\\\/cabo-de-cobre-cisco-3m-dac-10gb-sfp-kabel-passivo-sfp-h10gb-cu3m-conectado-direto\\\/\",\"url\":\"https:\\\/\\\/cyberlogics.ao\\\/index.php\\\/product\\\/cabo-de-cobre-cisco-3m-dac-10gb-sfp-kabel-passivo-sfp-h10gb-cu3m-conectado-direto\\\/\",\"name\":\"Cabo de cobre Cisco 3m DAC 10Gb SFP+ Kabel Passivo SFP-H10GB-CU3M Conectado Direto - Cyberlogics Technologies Angola\",\"isPartOf\":{\"@id\":\"https:\\\/\\\/cyberlogics.ao\\\/#website\"},\"primaryImageOfPage\":{\"@id\":\"https:\\\/\\\/cyberlogics.ao\\\/index.php\\\/product\\\/cabo-de-cobre-cisco-3m-dac-10gb-sfp-kabel-passivo-sfp-h10gb-cu3m-conectado-direto\\\/#primaryimage\"},\"image\":{\"@id\":\"https:\\\/\\\/cyberlogics.ao\\\/index.php\\\/product\\\/cabo-de-cobre-cisco-3m-dac-10gb-sfp-kabel-passivo-sfp-h10gb-cu3m-conectado-direto\\\/#primaryimage\"},\"thumbnailUrl\":\"https:\\\/\\\/cyberlogics.ao\\\/wp-content\\\/uploads\\\/2025\\\/10\\\/cisco-3m-dac-cooper-cable-10gb-sfp-kabel-passive-sfp-h10gb-cu3m-direct-attached-2668-m-1.jpg\",\"datePublished\":\"2025-10-28T13:06:59+00:00\",\"description\":\"A Maior Loja Online de Angola de Licen\u00e7as Microsoft Office | Chaves Sistemas Operativos Windows | Antiv\u00edrus | Cloud Adobe | Inform\u00e1tica & Servidores | Softwares de Gest\u00e3o ERP | Gaming Hardware | UPS e Baterias & Muito Mais...\",\"breadcrumb\":{\"@id\":\"https:\\\/\\\/cyberlogics.ao\\\/index.php\\\/product\\\/cabo-de-cobre-cisco-3m-dac-10gb-sfp-kabel-passivo-sfp-h10gb-cu3m-conectado-direto\\\/#breadcrumb\"},\"inLanguage\":\"pt-PT\",\"potentialAction\":[{\"@type\":\"ReadAction\",\"target\":[\"https:\\\/\\\/cyberlogics.ao\\\/index.php\\\/product\\\/cabo-de-cobre-cisco-3m-dac-10gb-sfp-kabel-passivo-sfp-h10gb-cu3m-conectado-direto\\\/\"]}]},{\"@type\":\"ImageObject\",\"inLanguage\":\"pt-PT\",\"@id\":\"https:\\\/\\\/cyberlogics.ao\\\/index.php\\\/product\\\/cabo-de-cobre-cisco-3m-dac-10gb-sfp-kabel-passivo-sfp-h10gb-cu3m-conectado-direto\\\/#primaryimage\",\"url\":\"https:\\\/\\\/cyberlogics.ao\\\/wp-content\\\/uploads\\\/2025\\\/10\\\/cisco-3m-dac-cooper-cable-10gb-sfp-kabel-passive-sfp-h10gb-cu3m-direct-attached-2668-m-1.jpg\",\"contentUrl\":\"https:\\\/\\\/cyberlogics.ao\\\/wp-content\\\/uploads\\\/2025\\\/10\\\/cisco-3m-dac-cooper-cable-10gb-sfp-kabel-passive-sfp-h10gb-cu3m-direct-attached-2668-m-1.jpg\",\"width\":140,\"height\":88},{\"@type\":\"BreadcrumbList\",\"@id\":\"https:\\\/\\\/cyberlogics.ao\\\/index.php\\\/product\\\/cabo-de-cobre-cisco-3m-dac-10gb-sfp-kabel-passivo-sfp-h10gb-cu3m-conectado-direto\\\/#breadcrumb\",\"itemListElement\":[{\"@type\":\"ListItem\",\"position\":1,\"name\":\"In\u00edcio\",\"item\":\"https:\\\/\\\/cyberlogics.ao\\\/\"},{\"@type\":\"ListItem\",\"position\":2,\"name\":\"Produtos\",\"item\":\"https:\\\/\\\/cyberlogics.ao\\\/index.php\\\/shop-2\\\/\"},{\"@type\":\"ListItem\",\"position\":3,\"name\":\"Cabo de cobre Cisco 3m DAC 10Gb SFP+ Kabel Passivo SFP-H10GB-CU3M Conectado Direto\"}]},{\"@type\":\"WebSite\",\"@id\":\"https:\\\/\\\/cyberlogics.ao\\\/#website\",\"url\":\"https:\\\/\\\/cyberlogics.ao\\\/\",\"name\":\"Cyberlogics Technologies Angola\",\"description\":\"Loja Online de Licen\u00e7as de Softwares e Inform\u00e1tica\",\"publisher\":{\"@id\":\"https:\\\/\\\/cyberlogics.ao\\\/#organization\"},\"potentialAction\":[{\"@type\":\"SearchAction\",\"target\":{\"@type\":\"EntryPoint\",\"urlTemplate\":\"https:\\\/\\\/cyberlogics.ao\\\/?s={search_term_string}\"},\"query-input\":{\"@type\":\"PropertyValueSpecification\",\"valueRequired\":true,\"valueName\":\"search_term_string\"}}],\"inLanguage\":\"pt-PT\"},{\"@type\":\"Organization\",\"@id\":\"https:\\\/\\\/cyberlogics.ao\\\/#organization\",\"name\":\"Cyberlogics Ao Technologies - Loja Online de Licen\u00e7as de Softwares e Inform\u00e1tica\",\"url\":\"https:\\\/\\\/cyberlogics.ao\\\/\",\"logo\":{\"@type\":\"ImageObject\",\"inLanguage\":\"pt-PT\",\"@id\":\"https:\\\/\\\/cyberlogics.ao\\\/#\\\/schema\\\/logo\\\/image\\\/\",\"url\":\"https:\\\/\\\/cyberlogics.ao\\\/wp-content\\\/uploads\\\/2022\\\/04\\\/CT-logo.png\",\"contentUrl\":\"https:\\\/\\\/cyberlogics.ao\\\/wp-content\\\/uploads\\\/2022\\\/04\\\/CT-logo.png\",\"width\":190,\"height\":75,\"caption\":\"Cyberlogics Ao Technologies - Loja Online de Licen\u00e7as de Softwares e Inform\u00e1tica\"},\"image\":{\"@id\":\"https:\\\/\\\/cyberlogics.ao\\\/#\\\/schema\\\/logo\\\/image\\\/\"}}]}<\/script>\n<!-- \/ Yoast SEO plugin. -->","yoast_head_json":{"title":"Cabo de cobre Cisco 3m DAC 10Gb SFP+ Kabel Passivo SFP-H10GB-CU3M Conectado Direto - Cyberlogics Technologies Angola","description":"A Maior Loja Online de Angola de Licen\u00e7as Microsoft Office | Chaves Sistemas Operativos Windows | Antiv\u00edrus | Cloud Adobe | Inform\u00e1tica & Servidores | Softwares de Gest\u00e3o ERP | Gaming Hardware | UPS e Baterias & Muito Mais...","robots":{"index":"index","follow":"follow","max-snippet":"max-snippet:-1","max-image-preview":"max-image-preview:large","max-video-preview":"max-video-preview:-1"},"canonical":"https:\/\/cyberlogics.ao\/index.php\/product\/cabo-de-cobre-cisco-3m-dac-10gb-sfp-kabel-passivo-sfp-h10gb-cu3m-conectado-direto\/","og_locale":"pt_PT","og_type":"article","og_title":"Cabo de cobre Cisco 3m DAC 10Gb SFP+ Kabel Passivo SFP-H10GB-CU3M Conectado Direto - Cyberlogics Technologies Angola","og_description":"A Maior Loja Online de Angola de Licen\u00e7as Microsoft Office | Chaves Sistemas Operativos Windows | Antiv\u00edrus | Cloud Adobe | Inform\u00e1tica & Servidores | Softwares de Gest\u00e3o ERP | Gaming Hardware | UPS e Baterias & Muito Mais...","og_url":"https:\/\/cyberlogics.ao\/index.php\/product\/cabo-de-cobre-cisco-3m-dac-10gb-sfp-kabel-passivo-sfp-h10gb-cu3m-conectado-direto\/","og_site_name":"Cyberlogics Technologies Angola","og_image":[{"width":140,"height":88,"url":"http:\/\/cyberlogics.ao\/wp-content\/uploads\/2025\/10\/cisco-3m-dac-cooper-cable-10gb-sfp-kabel-passive-sfp-h10gb-cu3m-direct-attached-2668-m-1.jpg","type":"image\/jpeg"}],"twitter_card":"summary_large_image","schema":{"@context":"https:\/\/schema.org","@graph":[{"@type":"WebPage","@id":"https:\/\/cyberlogics.ao\/index.php\/product\/cabo-de-cobre-cisco-3m-dac-10gb-sfp-kabel-passivo-sfp-h10gb-cu3m-conectado-direto\/","url":"https:\/\/cyberlogics.ao\/index.php\/product\/cabo-de-cobre-cisco-3m-dac-10gb-sfp-kabel-passivo-sfp-h10gb-cu3m-conectado-direto\/","name":"Cabo de cobre Cisco 3m DAC 10Gb SFP+ Kabel Passivo SFP-H10GB-CU3M Conectado Direto - Cyberlogics Technologies Angola","isPartOf":{"@id":"https:\/\/cyberlogics.ao\/#website"},"primaryImageOfPage":{"@id":"https:\/\/cyberlogics.ao\/index.php\/product\/cabo-de-cobre-cisco-3m-dac-10gb-sfp-kabel-passivo-sfp-h10gb-cu3m-conectado-direto\/#primaryimage"},"image":{"@id":"https:\/\/cyberlogics.ao\/index.php\/product\/cabo-de-cobre-cisco-3m-dac-10gb-sfp-kabel-passivo-sfp-h10gb-cu3m-conectado-direto\/#primaryimage"},"thumbnailUrl":"https:\/\/cyberlogics.ao\/wp-content\/uploads\/2025\/10\/cisco-3m-dac-cooper-cable-10gb-sfp-kabel-passive-sfp-h10gb-cu3m-direct-attached-2668-m-1.jpg","datePublished":"2025-10-28T13:06:59+00:00","description":"A Maior Loja Online de Angola de Licen\u00e7as Microsoft Office | Chaves Sistemas Operativos Windows | Antiv\u00edrus | Cloud Adobe | Inform\u00e1tica & Servidores | Softwares de Gest\u00e3o ERP | Gaming Hardware | UPS e Baterias & Muito Mais...","breadcrumb":{"@id":"https:\/\/cyberlogics.ao\/index.php\/product\/cabo-de-cobre-cisco-3m-dac-10gb-sfp-kabel-passivo-sfp-h10gb-cu3m-conectado-direto\/#breadcrumb"},"inLanguage":"pt-PT","potentialAction":[{"@type":"ReadAction","target":["https:\/\/cyberlogics.ao\/index.php\/product\/cabo-de-cobre-cisco-3m-dac-10gb-sfp-kabel-passivo-sfp-h10gb-cu3m-conectado-direto\/"]}]},{"@type":"ImageObject","inLanguage":"pt-PT","@id":"https:\/\/cyberlogics.ao\/index.php\/product\/cabo-de-cobre-cisco-3m-dac-10gb-sfp-kabel-passivo-sfp-h10gb-cu3m-conectado-direto\/#primaryimage","url":"https:\/\/cyberlogics.ao\/wp-content\/uploads\/2025\/10\/cisco-3m-dac-cooper-cable-10gb-sfp-kabel-passive-sfp-h10gb-cu3m-direct-attached-2668-m-1.jpg","contentUrl":"https:\/\/cyberlogics.ao\/wp-content\/uploads\/2025\/10\/cisco-3m-dac-cooper-cable-10gb-sfp-kabel-passive-sfp-h10gb-cu3m-direct-attached-2668-m-1.jpg","width":140,"height":88},{"@type":"BreadcrumbList","@id":"https:\/\/cyberlogics.ao\/index.php\/product\/cabo-de-cobre-cisco-3m-dac-10gb-sfp-kabel-passivo-sfp-h10gb-cu3m-conectado-direto\/#breadcrumb","itemListElement":[{"@type":"ListItem","position":1,"name":"In\u00edcio","item":"https:\/\/cyberlogics.ao\/"},{"@type":"ListItem","position":2,"name":"Produtos","item":"https:\/\/cyberlogics.ao\/index.php\/shop-2\/"},{"@type":"ListItem","position":3,"name":"Cabo de cobre Cisco 3m DAC 10Gb SFP+ Kabel Passivo SFP-H10GB-CU3M Conectado Direto"}]},{"@type":"WebSite","@id":"https:\/\/cyberlogics.ao\/#website","url":"https:\/\/cyberlogics.ao\/","name":"Cyberlogics Technologies Angola","description":"Loja Online de Licen\u00e7as de Softwares e Inform\u00e1tica","publisher":{"@id":"https:\/\/cyberlogics.ao\/#organization"},"potentialAction":[{"@type":"SearchAction","target":{"@type":"EntryPoint","urlTemplate":"https:\/\/cyberlogics.ao\/?s={search_term_string}"},"query-input":{"@type":"PropertyValueSpecification","valueRequired":true,"valueName":"search_term_string"}}],"inLanguage":"pt-PT"},{"@type":"Organization","@id":"https:\/\/cyberlogics.ao\/#organization","name":"Cyberlogics Ao Technologies - Loja Online de Licen\u00e7as de Softwares e Inform\u00e1tica","url":"https:\/\/cyberlogics.ao\/","logo":{"@type":"ImageObject","inLanguage":"pt-PT","@id":"https:\/\/cyberlogics.ao\/#\/schema\/logo\/image\/","url":"https:\/\/cyberlogics.ao\/wp-content\/uploads\/2022\/04\/CT-logo.png","contentUrl":"https:\/\/cyberlogics.ao\/wp-content\/uploads\/2022\/04\/CT-logo.png","width":190,"height":75,"caption":"Cyberlogics Ao Technologies - Loja Online de Licen\u00e7as de Softwares e Inform\u00e1tica"},"image":{"@id":"https:\/\/cyberlogics.ao\/#\/schema\/logo\/image\/"}}]}},"_links":{"self":[{"href":"https:\/\/cyberlogics.ao\/index.php\/wp-json\/wp\/v2\/product\/10481","targetHints":{"allow":["GET"]}}],"collection":[{"href":"https:\/\/cyberlogics.ao\/index.php\/wp-json\/wp\/v2\/product"}],"about":[{"href":"https:\/\/cyberlogics.ao\/index.php\/wp-json\/wp\/v2\/types\/product"}],"replies":[{"embeddable":true,"href":"https:\/\/cyberlogics.ao\/index.php\/wp-json\/wp\/v2\/comments?post=10481"}],"wp:featuredmedia":[{"embeddable":true,"href":"https:\/\/cyberlogics.ao\/index.php\/wp-json\/wp\/v2\/media\/10482"}],"wp:attachment":[{"href":"https:\/\/cyberlogics.ao\/index.php\/wp-json\/wp\/v2\/media?parent=10481"}],"wp:term":[{"taxonomy":"product_brand","embeddable":true,"href":"https:\/\/cyberlogics.ao\/index.php\/wp-json\/wp\/v2\/product_brand?post=10481"},{"taxonomy":"product_cat","embeddable":true,"href":"https:\/\/cyberlogics.ao\/index.php\/wp-json\/wp\/v2\/product_cat?post=10481"},{"taxonomy":"product_tag","embeddable":true,"href":"https:\/\/cyberlogics.ao\/index.php\/wp-json\/wp\/v2\/product_tag?post=10481"}],"curies":[{"name":"wp","href":"https:\/\/api.w.org\/{rel}","templated":true}]}}