{"id":10509,"date":"2025-10-28T14:03:12","date_gmt":"2025-10-28T14:03:12","guid":{"rendered":"https:\/\/cyberlogics.ao\/?post_type=product&#038;p=10509"},"modified":"2025-10-28T14:03:13","modified_gmt":"2025-10-28T14:03:13","slug":"arista-7048t-7050t-s-7050qx-32-psu-fan-kit-de-fluxo-de-ar-azul-fluxo-de-ar-de-tras-para-frente","status":"publish","type":"product","link":"https:\/\/cyberlogics.ao\/index.php\/product\/arista-7048t-7050t-s-7050qx-32-psu-fan-kit-de-fluxo-de-ar-azul-fluxo-de-ar-de-tras-para-frente\/","title":{"rendered":"Arista 7048T 7050T\/S 7050QX-32 PSU FAN Kit de Fluxo de Ar azul &#8211; Fluxo de ar de tr\u00e1s para frente"},"content":{"rendered":"<div class=\"product_description_list\">\n<div class=\"description_line\"><strong>Fornecedor:<\/strong><span>Arista<\/span><\/div>\n<div class=\"description_line\"><strong>Tipo de unidade:<\/strong><span>Extens\u00e3o do switch<\/span><\/div>\n<div class=\"description_line\"><strong>Modelo:<\/strong><span>Kit de tr\u00e1s para frente<\/span><\/div>\n<div class=\"description_line\"><strong>PN:<\/strong><\/div>\n<div class=\"description_line\"><strong>Sa\u00edda:<\/strong><span>W<\/span><\/div>\n<div class=\"description_line description_text\"><strong>Compatibilidade:<\/strong><span>f\u00fcr Arista 7048T 7050T\/S Switche<\/span><\/div>\n<div id=\"zstand\"><strong>Condi\u00e7\u00e3o do item:\u00a0<\/strong>reformado, Grau A. O item foi completamente testado \/ reformado.<\/div>\n<\/div>\n<div id=\"eupsvo\"><strong>Informa\u00e7\u00f5es do fabricante:<\/strong><\/p>\n<div>\n<div>support@arista.com<\/div>\n<div>Redes Arista Amelia-Mary-Earhart-Stra\u00dfe 8 60549 Frankfurt am Main Deutschland<\/div>\n<\/div>\n<div>\n<div>emea-sales@arista.com<\/div>\n<div>Redes Arista Amelia-Mary-Earhart-Stra\u00dfe 8 60549 Frankfurt am Main Deutschland<\/div>\n<\/div>\n<\/div>\n<p>&nbsp;<\/p>\n<p><strong>Componentes inclu\u00eddos:<\/strong><\/p>\n<ul class=\"components\">\n<li><span><strong>Fonte de alimenta\u00e7\u00e3o<br \/>\n<\/strong>2 x Arista 460W PSU Netzteil blau DS460S-3 para 7124 7050 7048 7050QX-32 Interruptor de fluxo de ar traseiro para frontal<\/span><\/li>\n<li><span><strong>Ventoinha<br \/>\nda CPU<\/strong>\u00a04 x Arista L\u00fcfter Cooler blau azul ASY-00246 FAN-7000-R de tr\u00e1s para frente para DCS 7124 7050 7048 Switch<\/span><\/li>\n<\/ul>\n","protected":false},"excerpt":{"rendered":"<div class=\"product_description_list\">\n<div class=\"description_line\"><strong>Fornecedor:<\/strong><span>Arista<\/span><\/div>\n<div class=\"description_line\"><strong>Tipo de unidade:<\/strong><span>Extens\u00e3o do switch<\/span><\/div>\n<div class=\"description_line\"><strong>Modelo:<\/strong><span>Kit de tr\u00e1s para frente<\/span><\/div>\n<div class=\"description_line\"><strong>PN:<\/strong><\/div>\n<div class=\"description_line\"><strong>Sa\u00edda:<\/strong><span>W<\/span><\/div>\n<div class=\"description_line description_text\"><strong>Compatibilidade:<\/strong><span>f\u00fcr Arista 7048T 7050T\/S Switche<\/span><\/div>\n<div id=\"zstand\"><strong>Condi\u00e7\u00e3o do item:\u00a0<\/strong>reformado, Grau A. O item foi completamente testado \/ reformado.<\/div>\n<\/div>\n<div id=\"eupsvo\"><strong>Informa\u00e7\u00f5es do fabricante:<\/strong><\/p>\n<div>\n<div>support@arista.com<\/div>\n<div>Redes Arista Amelia-Mary-Earhart-Stra\u00dfe 8 60549 Frankfurt am Main Deutschland<\/div>\n<\/div>\n<div>\n<div>emea-sales@arista.com<\/div>\n<div>Redes Arista Amelia-Mary-Earhart-Stra\u00dfe 8 60549 Frankfurt am Main Deutschland<\/div>\n<\/div>\n<\/div>\n<p>&nbsp;<\/p>\n<p><strong>Componentes inclu\u00eddos:<\/strong><\/p>\n<ul class=\"components\">\n<li><span><strong>Fonte de alimenta\u00e7\u00e3o<br \/>\n<\/strong>2 x Arista 460W PSU Netzteil blau DS460S-3 para 7124 7050 7048 7050QX-32 Interruptor de fluxo de ar traseiro para frontal<\/span><\/li>\n<li><span><strong>Ventoinha<br \/>\nda CPU<\/strong>\u00a04 x Arista L\u00fcfter Cooler blau azul ASY-00246 FAN-7000-R de tr\u00e1s para frente para DCS 7124 7050 7048 Switch<\/span><\/li>\n<\/ul>\n","protected":false},"featured_media":10511,"comment_status":"open","ping_status":"closed","template":"","meta":{"_joinchat":[]},"product_brand":[],"product_cat":[811,307],"product_tag":[],"class_list":{"0":"post-10509","1":"product","2":"type-product","3":"status-publish","4":"has-post-thumbnail","6":"product_cat-extensao-do-switch-arista","7":"product_cat-redes","9":"first","10":"instock","11":"shipping-taxable","12":"purchasable","13":"product-type-simple"},"yoast_head":"<!-- This site is optimized with the Yoast SEO plugin v27.3 - https:\/\/yoast.com\/product\/yoast-seo-wordpress\/ -->\n<title>Arista 7048T 7050T\/S 7050QX-32 PSU FAN Kit de Fluxo de Ar azul - Fluxo de ar de tr\u00e1s para frente - Cyberlogics Technologies Angola<\/title>\n<meta name=\"description\" content=\"A Maior Loja Online de Angola de Licen\u00e7as Microsoft Office | Chaves Sistemas Operativos Windows | Antiv\u00edrus | Cloud Adobe | Inform\u00e1tica &amp; Servidores | Softwares de Gest\u00e3o ERP | Gaming Hardware | UPS e Baterias &amp; Muito Mais...\" \/>\n<meta name=\"robots\" content=\"index, follow, max-snippet:-1, max-image-preview:large, max-video-preview:-1\" \/>\n<link rel=\"canonical\" href=\"https:\/\/cyberlogics.ao\/index.php\/product\/arista-7048t-7050t-s-7050qx-32-psu-fan-kit-de-fluxo-de-ar-azul-fluxo-de-ar-de-tras-para-frente\/\" \/>\n<meta property=\"og:locale\" content=\"pt_PT\" \/>\n<meta property=\"og:type\" content=\"article\" \/>\n<meta property=\"og:title\" content=\"Arista 7048T 7050T\/S 7050QX-32 PSU FAN Kit de Fluxo de Ar azul - Fluxo de ar de tr\u00e1s para frente - Cyberlogics Technologies Angola\" \/>\n<meta property=\"og:description\" content=\"A Maior Loja Online de Angola de Licen\u00e7as Microsoft Office | Chaves Sistemas Operativos Windows | Antiv\u00edrus | Cloud Adobe | Inform\u00e1tica &amp; Servidores | Softwares de Gest\u00e3o ERP | Gaming Hardware | UPS e Baterias &amp; Muito Mais...\" \/>\n<meta property=\"og:url\" content=\"https:\/\/cyberlogics.ao\/index.php\/product\/arista-7048t-7050t-s-7050qx-32-psu-fan-kit-de-fluxo-de-ar-azul-fluxo-de-ar-de-tras-para-frente\/\" \/>\n<meta property=\"og:site_name\" content=\"Cyberlogics Technologies Angola\" \/>\n<meta property=\"article:modified_time\" content=\"2025-10-28T14:03:13+00:00\" \/>\n<meta property=\"og:image\" content=\"http:\/\/cyberlogics.ao\/wp-content\/uploads\/2025\/10\/arista-7048t-7050t-s-air-inlet-kit-blau.jpg\" \/>\n\t<meta property=\"og:image:width\" content=\"140\" \/>\n\t<meta property=\"og:image:height\" content=\"87\" \/>\n\t<meta property=\"og:image:type\" content=\"image\/jpeg\" \/>\n<meta name=\"twitter:card\" content=\"summary_large_image\" \/>\n<meta name=\"twitter:label1\" content=\"Tempo estimado de leitura\" \/>\n\t<meta name=\"twitter:data1\" content=\"1 minuto\" \/>\n<script type=\"application\/ld+json\" class=\"yoast-schema-graph\">{\"@context\":\"https:\\\/\\\/schema.org\",\"@graph\":[{\"@type\":\"WebPage\",\"@id\":\"https:\\\/\\\/cyberlogics.ao\\\/index.php\\\/product\\\/arista-7048t-7050t-s-7050qx-32-psu-fan-kit-de-fluxo-de-ar-azul-fluxo-de-ar-de-tras-para-frente\\\/\",\"url\":\"https:\\\/\\\/cyberlogics.ao\\\/index.php\\\/product\\\/arista-7048t-7050t-s-7050qx-32-psu-fan-kit-de-fluxo-de-ar-azul-fluxo-de-ar-de-tras-para-frente\\\/\",\"name\":\"Arista 7048T 7050T\\\/S 7050QX-32 PSU FAN Kit de Fluxo de Ar azul - Fluxo de ar de tr\u00e1s para frente - Cyberlogics Technologies Angola\",\"isPartOf\":{\"@id\":\"https:\\\/\\\/cyberlogics.ao\\\/#website\"},\"primaryImageOfPage\":{\"@id\":\"https:\\\/\\\/cyberlogics.ao\\\/index.php\\\/product\\\/arista-7048t-7050t-s-7050qx-32-psu-fan-kit-de-fluxo-de-ar-azul-fluxo-de-ar-de-tras-para-frente\\\/#primaryimage\"},\"image\":{\"@id\":\"https:\\\/\\\/cyberlogics.ao\\\/index.php\\\/product\\\/arista-7048t-7050t-s-7050qx-32-psu-fan-kit-de-fluxo-de-ar-azul-fluxo-de-ar-de-tras-para-frente\\\/#primaryimage\"},\"thumbnailUrl\":\"https:\\\/\\\/cyberlogics.ao\\\/wp-content\\\/uploads\\\/2025\\\/10\\\/arista-7048t-7050t-s-air-inlet-kit-blau.jpg\",\"datePublished\":\"2025-10-28T14:03:12+00:00\",\"dateModified\":\"2025-10-28T14:03:13+00:00\",\"description\":\"A Maior Loja Online de Angola de Licen\u00e7as Microsoft Office | Chaves Sistemas Operativos Windows | Antiv\u00edrus | Cloud Adobe | Inform\u00e1tica & Servidores | Softwares de Gest\u00e3o ERP | Gaming Hardware | UPS e Baterias & Muito Mais...\",\"breadcrumb\":{\"@id\":\"https:\\\/\\\/cyberlogics.ao\\\/index.php\\\/product\\\/arista-7048t-7050t-s-7050qx-32-psu-fan-kit-de-fluxo-de-ar-azul-fluxo-de-ar-de-tras-para-frente\\\/#breadcrumb\"},\"inLanguage\":\"pt-PT\",\"potentialAction\":[{\"@type\":\"ReadAction\",\"target\":[\"https:\\\/\\\/cyberlogics.ao\\\/index.php\\\/product\\\/arista-7048t-7050t-s-7050qx-32-psu-fan-kit-de-fluxo-de-ar-azul-fluxo-de-ar-de-tras-para-frente\\\/\"]}]},{\"@type\":\"ImageObject\",\"inLanguage\":\"pt-PT\",\"@id\":\"https:\\\/\\\/cyberlogics.ao\\\/index.php\\\/product\\\/arista-7048t-7050t-s-7050qx-32-psu-fan-kit-de-fluxo-de-ar-azul-fluxo-de-ar-de-tras-para-frente\\\/#primaryimage\",\"url\":\"https:\\\/\\\/cyberlogics.ao\\\/wp-content\\\/uploads\\\/2025\\\/10\\\/arista-7048t-7050t-s-air-inlet-kit-blau.jpg\",\"contentUrl\":\"https:\\\/\\\/cyberlogics.ao\\\/wp-content\\\/uploads\\\/2025\\\/10\\\/arista-7048t-7050t-s-air-inlet-kit-blau.jpg\",\"width\":140,\"height\":87},{\"@type\":\"BreadcrumbList\",\"@id\":\"https:\\\/\\\/cyberlogics.ao\\\/index.php\\\/product\\\/arista-7048t-7050t-s-7050qx-32-psu-fan-kit-de-fluxo-de-ar-azul-fluxo-de-ar-de-tras-para-frente\\\/#breadcrumb\",\"itemListElement\":[{\"@type\":\"ListItem\",\"position\":1,\"name\":\"In\u00edcio\",\"item\":\"https:\\\/\\\/cyberlogics.ao\\\/\"},{\"@type\":\"ListItem\",\"position\":2,\"name\":\"Produtos\",\"item\":\"https:\\\/\\\/cyberlogics.ao\\\/index.php\\\/shop-2\\\/\"},{\"@type\":\"ListItem\",\"position\":3,\"name\":\"Arista 7048T 7050T\\\/S 7050QX-32 PSU FAN Kit de Fluxo de Ar azul &#8211; Fluxo de ar de tr\u00e1s para frente\"}]},{\"@type\":\"WebSite\",\"@id\":\"https:\\\/\\\/cyberlogics.ao\\\/#website\",\"url\":\"https:\\\/\\\/cyberlogics.ao\\\/\",\"name\":\"Cyberlogics Technologies Angola\",\"description\":\"Loja Online de Licen\u00e7as de Softwares e Inform\u00e1tica\",\"publisher\":{\"@id\":\"https:\\\/\\\/cyberlogics.ao\\\/#organization\"},\"potentialAction\":[{\"@type\":\"SearchAction\",\"target\":{\"@type\":\"EntryPoint\",\"urlTemplate\":\"https:\\\/\\\/cyberlogics.ao\\\/?s={search_term_string}\"},\"query-input\":{\"@type\":\"PropertyValueSpecification\",\"valueRequired\":true,\"valueName\":\"search_term_string\"}}],\"inLanguage\":\"pt-PT\"},{\"@type\":\"Organization\",\"@id\":\"https:\\\/\\\/cyberlogics.ao\\\/#organization\",\"name\":\"Cyberlogics Ao Technologies - Loja Online de Licen\u00e7as de Softwares e Inform\u00e1tica\",\"url\":\"https:\\\/\\\/cyberlogics.ao\\\/\",\"logo\":{\"@type\":\"ImageObject\",\"inLanguage\":\"pt-PT\",\"@id\":\"https:\\\/\\\/cyberlogics.ao\\\/#\\\/schema\\\/logo\\\/image\\\/\",\"url\":\"https:\\\/\\\/cyberlogics.ao\\\/wp-content\\\/uploads\\\/2022\\\/04\\\/CT-logo.png\",\"contentUrl\":\"https:\\\/\\\/cyberlogics.ao\\\/wp-content\\\/uploads\\\/2022\\\/04\\\/CT-logo.png\",\"width\":190,\"height\":75,\"caption\":\"Cyberlogics Ao Technologies - Loja Online de Licen\u00e7as de Softwares e Inform\u00e1tica\"},\"image\":{\"@id\":\"https:\\\/\\\/cyberlogics.ao\\\/#\\\/schema\\\/logo\\\/image\\\/\"}}]}<\/script>\n<!-- \/ Yoast SEO plugin. -->","yoast_head_json":{"title":"Arista 7048T 7050T\/S 7050QX-32 PSU FAN Kit de Fluxo de Ar azul - Fluxo de ar de tr\u00e1s para frente - Cyberlogics Technologies Angola","description":"A Maior Loja Online de Angola de Licen\u00e7as Microsoft Office | Chaves Sistemas Operativos Windows | Antiv\u00edrus | Cloud Adobe | Inform\u00e1tica & Servidores | Softwares de Gest\u00e3o ERP | Gaming Hardware | UPS e Baterias & Muito Mais...","robots":{"index":"index","follow":"follow","max-snippet":"max-snippet:-1","max-image-preview":"max-image-preview:large","max-video-preview":"max-video-preview:-1"},"canonical":"https:\/\/cyberlogics.ao\/index.php\/product\/arista-7048t-7050t-s-7050qx-32-psu-fan-kit-de-fluxo-de-ar-azul-fluxo-de-ar-de-tras-para-frente\/","og_locale":"pt_PT","og_type":"article","og_title":"Arista 7048T 7050T\/S 7050QX-32 PSU FAN Kit de Fluxo de Ar azul - Fluxo de ar de tr\u00e1s para frente - Cyberlogics Technologies Angola","og_description":"A Maior Loja Online de Angola de Licen\u00e7as Microsoft Office | Chaves Sistemas Operativos Windows | Antiv\u00edrus | Cloud Adobe | Inform\u00e1tica & Servidores | Softwares de Gest\u00e3o ERP | Gaming Hardware | UPS e Baterias & Muito Mais...","og_url":"https:\/\/cyberlogics.ao\/index.php\/product\/arista-7048t-7050t-s-7050qx-32-psu-fan-kit-de-fluxo-de-ar-azul-fluxo-de-ar-de-tras-para-frente\/","og_site_name":"Cyberlogics Technologies Angola","article_modified_time":"2025-10-28T14:03:13+00:00","og_image":[{"width":140,"height":87,"url":"http:\/\/cyberlogics.ao\/wp-content\/uploads\/2025\/10\/arista-7048t-7050t-s-air-inlet-kit-blau.jpg","type":"image\/jpeg"}],"twitter_card":"summary_large_image","twitter_misc":{"Tempo estimado de leitura":"1 minuto"},"schema":{"@context":"https:\/\/schema.org","@graph":[{"@type":"WebPage","@id":"https:\/\/cyberlogics.ao\/index.php\/product\/arista-7048t-7050t-s-7050qx-32-psu-fan-kit-de-fluxo-de-ar-azul-fluxo-de-ar-de-tras-para-frente\/","url":"https:\/\/cyberlogics.ao\/index.php\/product\/arista-7048t-7050t-s-7050qx-32-psu-fan-kit-de-fluxo-de-ar-azul-fluxo-de-ar-de-tras-para-frente\/","name":"Arista 7048T 7050T\/S 7050QX-32 PSU FAN Kit de Fluxo de Ar azul - Fluxo de ar de tr\u00e1s para frente - Cyberlogics Technologies Angola","isPartOf":{"@id":"https:\/\/cyberlogics.ao\/#website"},"primaryImageOfPage":{"@id":"https:\/\/cyberlogics.ao\/index.php\/product\/arista-7048t-7050t-s-7050qx-32-psu-fan-kit-de-fluxo-de-ar-azul-fluxo-de-ar-de-tras-para-frente\/#primaryimage"},"image":{"@id":"https:\/\/cyberlogics.ao\/index.php\/product\/arista-7048t-7050t-s-7050qx-32-psu-fan-kit-de-fluxo-de-ar-azul-fluxo-de-ar-de-tras-para-frente\/#primaryimage"},"thumbnailUrl":"https:\/\/cyberlogics.ao\/wp-content\/uploads\/2025\/10\/arista-7048t-7050t-s-air-inlet-kit-blau.jpg","datePublished":"2025-10-28T14:03:12+00:00","dateModified":"2025-10-28T14:03:13+00:00","description":"A Maior Loja Online de Angola de Licen\u00e7as Microsoft Office | Chaves Sistemas Operativos Windows | Antiv\u00edrus | Cloud Adobe | Inform\u00e1tica & Servidores | Softwares de Gest\u00e3o ERP | Gaming Hardware | UPS e Baterias & Muito Mais...","breadcrumb":{"@id":"https:\/\/cyberlogics.ao\/index.php\/product\/arista-7048t-7050t-s-7050qx-32-psu-fan-kit-de-fluxo-de-ar-azul-fluxo-de-ar-de-tras-para-frente\/#breadcrumb"},"inLanguage":"pt-PT","potentialAction":[{"@type":"ReadAction","target":["https:\/\/cyberlogics.ao\/index.php\/product\/arista-7048t-7050t-s-7050qx-32-psu-fan-kit-de-fluxo-de-ar-azul-fluxo-de-ar-de-tras-para-frente\/"]}]},{"@type":"ImageObject","inLanguage":"pt-PT","@id":"https:\/\/cyberlogics.ao\/index.php\/product\/arista-7048t-7050t-s-7050qx-32-psu-fan-kit-de-fluxo-de-ar-azul-fluxo-de-ar-de-tras-para-frente\/#primaryimage","url":"https:\/\/cyberlogics.ao\/wp-content\/uploads\/2025\/10\/arista-7048t-7050t-s-air-inlet-kit-blau.jpg","contentUrl":"https:\/\/cyberlogics.ao\/wp-content\/uploads\/2025\/10\/arista-7048t-7050t-s-air-inlet-kit-blau.jpg","width":140,"height":87},{"@type":"BreadcrumbList","@id":"https:\/\/cyberlogics.ao\/index.php\/product\/arista-7048t-7050t-s-7050qx-32-psu-fan-kit-de-fluxo-de-ar-azul-fluxo-de-ar-de-tras-para-frente\/#breadcrumb","itemListElement":[{"@type":"ListItem","position":1,"name":"In\u00edcio","item":"https:\/\/cyberlogics.ao\/"},{"@type":"ListItem","position":2,"name":"Produtos","item":"https:\/\/cyberlogics.ao\/index.php\/shop-2\/"},{"@type":"ListItem","position":3,"name":"Arista 7048T 7050T\/S 7050QX-32 PSU FAN Kit de Fluxo de Ar azul &#8211; Fluxo de ar de tr\u00e1s para frente"}]},{"@type":"WebSite","@id":"https:\/\/cyberlogics.ao\/#website","url":"https:\/\/cyberlogics.ao\/","name":"Cyberlogics Technologies Angola","description":"Loja Online de Licen\u00e7as de Softwares e Inform\u00e1tica","publisher":{"@id":"https:\/\/cyberlogics.ao\/#organization"},"potentialAction":[{"@type":"SearchAction","target":{"@type":"EntryPoint","urlTemplate":"https:\/\/cyberlogics.ao\/?s={search_term_string}"},"query-input":{"@type":"PropertyValueSpecification","valueRequired":true,"valueName":"search_term_string"}}],"inLanguage":"pt-PT"},{"@type":"Organization","@id":"https:\/\/cyberlogics.ao\/#organization","name":"Cyberlogics Ao Technologies - Loja Online de Licen\u00e7as de Softwares e Inform\u00e1tica","url":"https:\/\/cyberlogics.ao\/","logo":{"@type":"ImageObject","inLanguage":"pt-PT","@id":"https:\/\/cyberlogics.ao\/#\/schema\/logo\/image\/","url":"https:\/\/cyberlogics.ao\/wp-content\/uploads\/2022\/04\/CT-logo.png","contentUrl":"https:\/\/cyberlogics.ao\/wp-content\/uploads\/2022\/04\/CT-logo.png","width":190,"height":75,"caption":"Cyberlogics Ao Technologies - Loja Online de Licen\u00e7as de Softwares e Inform\u00e1tica"},"image":{"@id":"https:\/\/cyberlogics.ao\/#\/schema\/logo\/image\/"}}]}},"_links":{"self":[{"href":"https:\/\/cyberlogics.ao\/index.php\/wp-json\/wp\/v2\/product\/10509","targetHints":{"allow":["GET"]}}],"collection":[{"href":"https:\/\/cyberlogics.ao\/index.php\/wp-json\/wp\/v2\/product"}],"about":[{"href":"https:\/\/cyberlogics.ao\/index.php\/wp-json\/wp\/v2\/types\/product"}],"replies":[{"embeddable":true,"href":"https:\/\/cyberlogics.ao\/index.php\/wp-json\/wp\/v2\/comments?post=10509"}],"wp:featuredmedia":[{"embeddable":true,"href":"https:\/\/cyberlogics.ao\/index.php\/wp-json\/wp\/v2\/media\/10511"}],"wp:attachment":[{"href":"https:\/\/cyberlogics.ao\/index.php\/wp-json\/wp\/v2\/media?parent=10509"}],"wp:term":[{"taxonomy":"product_brand","embeddable":true,"href":"https:\/\/cyberlogics.ao\/index.php\/wp-json\/wp\/v2\/product_brand?post=10509"},{"taxonomy":"product_cat","embeddable":true,"href":"https:\/\/cyberlogics.ao\/index.php\/wp-json\/wp\/v2\/product_cat?post=10509"},{"taxonomy":"product_tag","embeddable":true,"href":"https:\/\/cyberlogics.ao\/index.php\/wp-json\/wp\/v2\/product_tag?post=10509"}],"curies":[{"name":"wp","href":"https:\/\/api.w.org\/{rel}","templated":true}]}}