{"id":10533,"date":"2025-10-29T11:49:49","date_gmt":"2025-10-29T11:49:49","guid":{"rendered":"https:\/\/cyberlogics.ao\/?post_type=product&#038;p=10533"},"modified":"2025-10-29T11:49:49","modified_gmt":"2025-10-29T11:49:49","slug":"3x-armazenamento-node-ceph-petasan-proxmox-3x-57x-hdd-de-35-6u-cse-829u-x10dru-i-847e16-rjbod1","status":"publish","type":"product","link":"https:\/\/cyberlogics.ao\/index.php\/product\/3x-armazenamento-node-ceph-petasan-proxmox-3x-57x-hdd-de-35-6u-cse-829u-x10dru-i-847e16-rjbod1\/","title":{"rendered":"3x Armazenamento Node Ceph PetaSAN Proxmox 3x 57x HDD de 3,5&#8243; 6U CSE-829U X10DRU-i+ 847E16-RJBOD1"},"content":{"rendered":"<div id=\"product_info_left\">\n<div id=\"product_description\">\n<div class=\"toggler_content\">\n<p>&nbsp;<\/p>\n<div class=\"description_line\"><strong>Hersteller:<\/strong><span>Supermicro<\/span><\/div>\n<div class=\"description_line\"><strong><span>Bauart:\u00a0<u>3x<\/u><\/span><\/strong><span>19&#8243; 6HE (1x CSE 829U 2HE + 1x JBOD Storage 4HE)<\/span><\/div>\n<div class=\"description_line\"><strong><span>Baias de HDD Festplatten:\u00a0<u>3x<\/u><\/span><\/strong><br \/>\n<span>57x HotSwap Festplatten Einschub SAS\/S-ATA Backplane<\/span><\/div>\n<div class=\"description_line\"><strong>Dispositivo de armazenamento:<\/strong><br \/>\n<span>PetaSAN ou ProxMox<\/span><\/div>\n<div class=\"description_line\"><strong>Interfaces internas:\u00a0<u>3x<\/u><\/strong><br \/>\n<span>2x CPU Sockel 2011-3 Intel Xeon E5-2600 v3\/v4 series processor<br \/>\n24x DDR4 288pin ECC DIMM Bancos de at\u00e9 3 TB RAM<br \/>\nChipset Intel\u00ae C612<br \/>\nIPMI 2.0 integrado e KVM com LAN<br \/>\ndedicada 3x PCIe 3.0 (x16) Full Profile<br \/>\n1x PCIe 3.0 (x8) Low Profile<br \/>\n<u>* 1x PCIe 3.0 (x8) estagi\u00e1rio &#8211; para IT LSI 9305 16i Controller<\/u><br \/>\n10x SATA3 (6Gbps); RAID 0, 1, 5, 10<br \/>\n3x USB 3.0 (2 traseiros, 1 Tipo A)<br \/>\n1x Cabe\u00e7alho TPM &amp; Chip ambos<\/span><\/div>\n<div class=\"description_line\"><strong>Interfaces externas:\u00a0<u>3x<\/u><\/strong><br \/>\n<span>2x USB 3.0 (2 traseiras)<br \/>\n4x RJ-45 LAN Gigabit 100\/1000\/10.0000 Mbit<br \/>\n1x RJ45 Porta<br \/>\nLAN IPMI Dedicada 1x VGA 15pol. Interface D-SUB<br \/>\n1x Seriell RS232<br \/>\n<u>* interfaces adicionais opcionais no configurador<\/u><\/span><\/div>\n<div class=\"description_line\"><strong>Equipamento:<\/strong><br \/>\n<span>2HE 12x 3,5&#8243; LFF HDD HotSwap Bays 12G 6G SAS 6G S-ATA \/ SAS3 Expander Backplane BPN-SAS3-826EL1<br \/>\n+<br \/>\n4HE 45x 3.5&#8243; LFF HDD HotSwap Bays 6G SAS 6G S-ATA para solu\u00e7\u00e3o JBOD (24 frontais + 21 traseiras)<\/span><\/div>\n<div class=\"description_line\"><strong>Servi\u00e7os dispon\u00edveis:<\/strong><br \/>\n<span>Pacote: iSCSI &#8211; SMB\/CIFS &#8211; RBD<br \/>\nProxMox: iSCSI &#8211; RBD &#8211; M\u00e1quinas Virtuais Qemu\/KVM &amp; Container Linux<\/span><\/div>\n<\/div>\n<\/div>\n<\/div>\n","protected":false},"excerpt":{"rendered":"<div class=\"description_line\"><strong>Hersteller:<\/strong>Supermicro<\/div>\n<div class=\"description_line\"><strong>Bauart:\u00a0<u>3x<\/u><\/strong>19&#8243; 6HE (1x CSE 829U 2HE + 1x JBOD Storage 4HE)<\/div>\n<div class=\"description_line\"><strong>Baias de HDD Festplatten:\u00a0<u>3x<\/u><\/strong><br \/>\n57x HotSwap Festplatten Einschub SAS\/S-ATA Backplane<\/div>\n<div class=\"description_line\"><strong>Dispositivo de armazenamento:<\/strong><br \/>\nPetaSAN ou ProxMox<\/div>\n<div class=\"description_line\"><strong>Interfaces internas:\u00a0<u>3x<\/u><\/strong><br \/>\n2x CPU Sockel 2011-3 Intel Xeon E5-2600 v3\/v4 series processor<br \/>\n24x DDR4 288pin ECC DIMM Bancos de at\u00e9 3 TB RAM<br \/>\nChipset Intel\u00ae C612<br \/>\nIPMI 2.0 integrado e KVM com LAN<br \/>\ndedicada 3x PCIe 3.0 (x16) Full Profile<br \/>\n1x PCIe 3.0 (x8) Low Profile<br \/>\n<u>* 1x PCIe 3.0 (x8) estagi\u00e1rio &#8211; para IT LSI 9305 16i Controller<\/u><br \/>\n10x SATA3 (6Gbps); RAID 0, 1, 5, 10<br \/>\n3x USB 3.0 (2 traseiros, 1 Tipo A)<br \/>\n1x Cabe\u00e7alho TPM &amp; Chip ambos<\/div>\n<div class=\"description_line\"><strong>Interfaces externas:\u00a0<u>3x<\/u><\/strong><br \/>\n2x USB 3.0 (2 traseiras)<br \/>\n4x RJ-45 LAN Gigabit 100\/1000\/10.0000 Mbit<br \/>\n1x RJ45 Porta<br \/>\nLAN IPMI Dedicada 1x VGA 15pol. Interface D-SUB<br \/>\n1x Seriell RS232<br \/>\n<u>* interfaces adicionais opcionais no configurador<\/u><\/div>\n<div class=\"description_line\"><strong>Equipamento:<\/strong><br \/>\n2HE 12x 3,5&#8243; LFF HDD HotSwap Bays 12G 6G SAS 6G S-ATA \/ SAS3 Expander Backplane BPN-SAS3-826EL1<br \/>\n+<br \/>\n4HE 45x 3.5&#8243; LFF HDD HotSwap Bays 6G SAS 6G S-ATA para solu\u00e7\u00e3o JBOD (24 frontais + 21 traseiras)<\/div>\n<div class=\"description_line\"><strong>Servi\u00e7os dispon\u00edveis:<\/strong><br \/>\nPacote: iSCSI &#8211; SMB\/CIFS &#8211; RBD<br \/>\nProxMox: iSCSI &#8211; RBD &#8211; M\u00e1quinas Virtuais Qemu\/KVM &amp; Container Linux<\/div>\n","protected":false},"featured_media":10535,"comment_status":"open","ping_status":"closed","template":"","meta":{"_joinchat":[]},"product_brand":[],"product_cat":[235,816,648],"product_tag":[],"class_list":{"0":"post-10533","1":"product","2":"type-product","3":"status-publish","4":"has-post-thumbnail","6":"product_cat-armazenamento","7":"product_cat-armazenamento-node-ceph-armazenamento","8":"product_cat-suporte-2-monitores","10":"first","11":"instock","12":"shipping-taxable","13":"purchasable","14":"product-type-simple"},"yoast_head":"<!-- This site is optimized with the Yoast SEO plugin v27.4 - https:\/\/yoast.com\/product\/yoast-seo-wordpress\/ -->\n<title>3x Armazenamento Node Ceph PetaSAN Proxmox 3x 57x HDD de 3,5&quot; 6U CSE-829U X10DRU-i+ 847E16-RJBOD1 - Cyberlogics Technologies Angola<\/title>\n<meta name=\"description\" content=\"A Maior Loja Online de Angola de Licen\u00e7as Microsoft Office | Chaves Sistemas Operativos Windows | Antiv\u00edrus | Cloud Adobe | Inform\u00e1tica &amp; Servidores | Softwares de Gest\u00e3o ERP | Gaming Hardware | UPS e Baterias &amp; Muito Mais...\" \/>\n<meta name=\"robots\" content=\"index, follow, max-snippet:-1, max-image-preview:large, max-video-preview:-1\" \/>\n<link rel=\"canonical\" href=\"https:\/\/cyberlogics.ao\/index.php\/product\/3x-armazenamento-node-ceph-petasan-proxmox-3x-57x-hdd-de-35-6u-cse-829u-x10dru-i-847e16-rjbod1\/\" \/>\n<meta property=\"og:locale\" content=\"pt_PT\" \/>\n<meta property=\"og:type\" content=\"article\" \/>\n<meta property=\"og:title\" content=\"3x Armazenamento Node Ceph PetaSAN Proxmox 3x 57x HDD de 3,5&quot; 6U CSE-829U X10DRU-i+ 847E16-RJBOD1 - Cyberlogics Technologies Angola\" \/>\n<meta property=\"og:description\" content=\"A Maior Loja Online de Angola de Licen\u00e7as Microsoft Office | Chaves Sistemas Operativos Windows | Antiv\u00edrus | Cloud Adobe | Inform\u00e1tica &amp; Servidores | Softwares de Gest\u00e3o ERP | Gaming Hardware | UPS e Baterias &amp; Muito Mais...\" \/>\n<meta property=\"og:url\" content=\"https:\/\/cyberlogics.ao\/index.php\/product\/3x-armazenamento-node-ceph-petasan-proxmox-3x-57x-hdd-de-35-6u-cse-829u-x10dru-i-847e16-rjbod1\/\" \/>\n<meta property=\"og:site_name\" content=\"Cyberlogics Technologies Angola\" \/>\n<meta property=\"og:image\" content=\"http:\/\/cyberlogics.ao\/wp-content\/uploads\/2025\/10\/3x-node-ceph-storage-3x-57x-35-hdd-6u-cse-829u-x10dru-i-847e16-rjbod1-11094-m-1.jpg\" \/>\n\t<meta property=\"og:image:width\" content=\"140\" \/>\n\t<meta property=\"og:image:height\" content=\"87\" \/>\n\t<meta property=\"og:image:type\" content=\"image\/jpeg\" \/>\n<meta name=\"twitter:card\" content=\"summary_large_image\" \/>\n<meta name=\"twitter:label1\" content=\"Tempo estimado de leitura\" \/>\n\t<meta name=\"twitter:data1\" content=\"1 minuto\" \/>\n<script type=\"application\/ld+json\" class=\"yoast-schema-graph\">{\"@context\":\"https:\\\/\\\/schema.org\",\"@graph\":[{\"@type\":\"WebPage\",\"@id\":\"https:\\\/\\\/cyberlogics.ao\\\/index.php\\\/product\\\/3x-armazenamento-node-ceph-petasan-proxmox-3x-57x-hdd-de-35-6u-cse-829u-x10dru-i-847e16-rjbod1\\\/\",\"url\":\"https:\\\/\\\/cyberlogics.ao\\\/index.php\\\/product\\\/3x-armazenamento-node-ceph-petasan-proxmox-3x-57x-hdd-de-35-6u-cse-829u-x10dru-i-847e16-rjbod1\\\/\",\"name\":\"3x Armazenamento Node Ceph PetaSAN Proxmox 3x 57x HDD de 3,5\\\" 6U CSE-829U X10DRU-i+ 847E16-RJBOD1 - Cyberlogics Technologies Angola\",\"isPartOf\":{\"@id\":\"https:\\\/\\\/cyberlogics.ao\\\/#website\"},\"primaryImageOfPage\":{\"@id\":\"https:\\\/\\\/cyberlogics.ao\\\/index.php\\\/product\\\/3x-armazenamento-node-ceph-petasan-proxmox-3x-57x-hdd-de-35-6u-cse-829u-x10dru-i-847e16-rjbod1\\\/#primaryimage\"},\"image\":{\"@id\":\"https:\\\/\\\/cyberlogics.ao\\\/index.php\\\/product\\\/3x-armazenamento-node-ceph-petasan-proxmox-3x-57x-hdd-de-35-6u-cse-829u-x10dru-i-847e16-rjbod1\\\/#primaryimage\"},\"thumbnailUrl\":\"https:\\\/\\\/cyberlogics.ao\\\/wp-content\\\/uploads\\\/2025\\\/10\\\/3x-node-ceph-storage-3x-57x-35-hdd-6u-cse-829u-x10dru-i-847e16-rjbod1-11094-m-1.jpg\",\"datePublished\":\"2025-10-29T11:49:49+00:00\",\"description\":\"A Maior Loja Online de Angola de Licen\u00e7as Microsoft Office | Chaves Sistemas Operativos Windows | Antiv\u00edrus | Cloud Adobe | Inform\u00e1tica & Servidores | Softwares de Gest\u00e3o ERP | Gaming Hardware | UPS e Baterias & Muito Mais...\",\"breadcrumb\":{\"@id\":\"https:\\\/\\\/cyberlogics.ao\\\/index.php\\\/product\\\/3x-armazenamento-node-ceph-petasan-proxmox-3x-57x-hdd-de-35-6u-cse-829u-x10dru-i-847e16-rjbod1\\\/#breadcrumb\"},\"inLanguage\":\"pt-PT\",\"potentialAction\":[{\"@type\":\"ReadAction\",\"target\":[\"https:\\\/\\\/cyberlogics.ao\\\/index.php\\\/product\\\/3x-armazenamento-node-ceph-petasan-proxmox-3x-57x-hdd-de-35-6u-cse-829u-x10dru-i-847e16-rjbod1\\\/\"]}]},{\"@type\":\"ImageObject\",\"inLanguage\":\"pt-PT\",\"@id\":\"https:\\\/\\\/cyberlogics.ao\\\/index.php\\\/product\\\/3x-armazenamento-node-ceph-petasan-proxmox-3x-57x-hdd-de-35-6u-cse-829u-x10dru-i-847e16-rjbod1\\\/#primaryimage\",\"url\":\"https:\\\/\\\/cyberlogics.ao\\\/wp-content\\\/uploads\\\/2025\\\/10\\\/3x-node-ceph-storage-3x-57x-35-hdd-6u-cse-829u-x10dru-i-847e16-rjbod1-11094-m-1.jpg\",\"contentUrl\":\"https:\\\/\\\/cyberlogics.ao\\\/wp-content\\\/uploads\\\/2025\\\/10\\\/3x-node-ceph-storage-3x-57x-35-hdd-6u-cse-829u-x10dru-i-847e16-rjbod1-11094-m-1.jpg\",\"width\":140,\"height\":87},{\"@type\":\"BreadcrumbList\",\"@id\":\"https:\\\/\\\/cyberlogics.ao\\\/index.php\\\/product\\\/3x-armazenamento-node-ceph-petasan-proxmox-3x-57x-hdd-de-35-6u-cse-829u-x10dru-i-847e16-rjbod1\\\/#breadcrumb\",\"itemListElement\":[{\"@type\":\"ListItem\",\"position\":1,\"name\":\"In\u00edcio\",\"item\":\"https:\\\/\\\/cyberlogics.ao\\\/\"},{\"@type\":\"ListItem\",\"position\":2,\"name\":\"Produtos\",\"item\":\"https:\\\/\\\/cyberlogics.ao\\\/index.php\\\/shop-2\\\/\"},{\"@type\":\"ListItem\",\"position\":3,\"name\":\"3x Armazenamento Node Ceph PetaSAN Proxmox 3x 57x HDD de 3,5&#8243; 6U CSE-829U X10DRU-i+ 847E16-RJBOD1\"}]},{\"@type\":\"WebSite\",\"@id\":\"https:\\\/\\\/cyberlogics.ao\\\/#website\",\"url\":\"https:\\\/\\\/cyberlogics.ao\\\/\",\"name\":\"Cyberlogics Technologies Angola\",\"description\":\"Loja Online de Licen\u00e7as de Softwares e Inform\u00e1tica\",\"publisher\":{\"@id\":\"https:\\\/\\\/cyberlogics.ao\\\/#organization\"},\"potentialAction\":[{\"@type\":\"SearchAction\",\"target\":{\"@type\":\"EntryPoint\",\"urlTemplate\":\"https:\\\/\\\/cyberlogics.ao\\\/?s={search_term_string}\"},\"query-input\":{\"@type\":\"PropertyValueSpecification\",\"valueRequired\":true,\"valueName\":\"search_term_string\"}}],\"inLanguage\":\"pt-PT\"},{\"@type\":\"Organization\",\"@id\":\"https:\\\/\\\/cyberlogics.ao\\\/#organization\",\"name\":\"Cyberlogics Ao Technologies - Loja Online de Licen\u00e7as de Softwares e Inform\u00e1tica\",\"url\":\"https:\\\/\\\/cyberlogics.ao\\\/\",\"logo\":{\"@type\":\"ImageObject\",\"inLanguage\":\"pt-PT\",\"@id\":\"https:\\\/\\\/cyberlogics.ao\\\/#\\\/schema\\\/logo\\\/image\\\/\",\"url\":\"https:\\\/\\\/cyberlogics.ao\\\/wp-content\\\/uploads\\\/2022\\\/04\\\/CT-logo.png\",\"contentUrl\":\"https:\\\/\\\/cyberlogics.ao\\\/wp-content\\\/uploads\\\/2022\\\/04\\\/CT-logo.png\",\"width\":190,\"height\":75,\"caption\":\"Cyberlogics Ao Technologies - Loja Online de Licen\u00e7as de Softwares e Inform\u00e1tica\"},\"image\":{\"@id\":\"https:\\\/\\\/cyberlogics.ao\\\/#\\\/schema\\\/logo\\\/image\\\/\"}}]}<\/script>\n<!-- \/ Yoast SEO plugin. -->","yoast_head_json":{"title":"3x Armazenamento Node Ceph PetaSAN Proxmox 3x 57x HDD de 3,5\" 6U CSE-829U X10DRU-i+ 847E16-RJBOD1 - Cyberlogics Technologies Angola","description":"A Maior Loja Online de Angola de Licen\u00e7as Microsoft Office | Chaves Sistemas Operativos Windows | Antiv\u00edrus | Cloud Adobe | Inform\u00e1tica & Servidores | Softwares de Gest\u00e3o ERP | Gaming Hardware | UPS e Baterias & Muito Mais...","robots":{"index":"index","follow":"follow","max-snippet":"max-snippet:-1","max-image-preview":"max-image-preview:large","max-video-preview":"max-video-preview:-1"},"canonical":"https:\/\/cyberlogics.ao\/index.php\/product\/3x-armazenamento-node-ceph-petasan-proxmox-3x-57x-hdd-de-35-6u-cse-829u-x10dru-i-847e16-rjbod1\/","og_locale":"pt_PT","og_type":"article","og_title":"3x Armazenamento Node Ceph PetaSAN Proxmox 3x 57x HDD de 3,5\" 6U CSE-829U X10DRU-i+ 847E16-RJBOD1 - Cyberlogics Technologies Angola","og_description":"A Maior Loja Online de Angola de Licen\u00e7as Microsoft Office | Chaves Sistemas Operativos Windows | Antiv\u00edrus | Cloud Adobe | Inform\u00e1tica & Servidores | Softwares de Gest\u00e3o ERP | Gaming Hardware | UPS e Baterias & Muito Mais...","og_url":"https:\/\/cyberlogics.ao\/index.php\/product\/3x-armazenamento-node-ceph-petasan-proxmox-3x-57x-hdd-de-35-6u-cse-829u-x10dru-i-847e16-rjbod1\/","og_site_name":"Cyberlogics Technologies Angola","og_image":[{"width":140,"height":87,"url":"http:\/\/cyberlogics.ao\/wp-content\/uploads\/2025\/10\/3x-node-ceph-storage-3x-57x-35-hdd-6u-cse-829u-x10dru-i-847e16-rjbod1-11094-m-1.jpg","type":"image\/jpeg"}],"twitter_card":"summary_large_image","twitter_misc":{"Tempo estimado de leitura":"1 minuto"},"schema":{"@context":"https:\/\/schema.org","@graph":[{"@type":"WebPage","@id":"https:\/\/cyberlogics.ao\/index.php\/product\/3x-armazenamento-node-ceph-petasan-proxmox-3x-57x-hdd-de-35-6u-cse-829u-x10dru-i-847e16-rjbod1\/","url":"https:\/\/cyberlogics.ao\/index.php\/product\/3x-armazenamento-node-ceph-petasan-proxmox-3x-57x-hdd-de-35-6u-cse-829u-x10dru-i-847e16-rjbod1\/","name":"3x Armazenamento Node Ceph PetaSAN Proxmox 3x 57x HDD de 3,5\" 6U CSE-829U X10DRU-i+ 847E16-RJBOD1 - Cyberlogics Technologies Angola","isPartOf":{"@id":"https:\/\/cyberlogics.ao\/#website"},"primaryImageOfPage":{"@id":"https:\/\/cyberlogics.ao\/index.php\/product\/3x-armazenamento-node-ceph-petasan-proxmox-3x-57x-hdd-de-35-6u-cse-829u-x10dru-i-847e16-rjbod1\/#primaryimage"},"image":{"@id":"https:\/\/cyberlogics.ao\/index.php\/product\/3x-armazenamento-node-ceph-petasan-proxmox-3x-57x-hdd-de-35-6u-cse-829u-x10dru-i-847e16-rjbod1\/#primaryimage"},"thumbnailUrl":"https:\/\/cyberlogics.ao\/wp-content\/uploads\/2025\/10\/3x-node-ceph-storage-3x-57x-35-hdd-6u-cse-829u-x10dru-i-847e16-rjbod1-11094-m-1.jpg","datePublished":"2025-10-29T11:49:49+00:00","description":"A Maior Loja Online de Angola de Licen\u00e7as Microsoft Office | Chaves Sistemas Operativos Windows | Antiv\u00edrus | Cloud Adobe | Inform\u00e1tica & Servidores | Softwares de Gest\u00e3o ERP | Gaming Hardware | UPS e Baterias & Muito Mais...","breadcrumb":{"@id":"https:\/\/cyberlogics.ao\/index.php\/product\/3x-armazenamento-node-ceph-petasan-proxmox-3x-57x-hdd-de-35-6u-cse-829u-x10dru-i-847e16-rjbod1\/#breadcrumb"},"inLanguage":"pt-PT","potentialAction":[{"@type":"ReadAction","target":["https:\/\/cyberlogics.ao\/index.php\/product\/3x-armazenamento-node-ceph-petasan-proxmox-3x-57x-hdd-de-35-6u-cse-829u-x10dru-i-847e16-rjbod1\/"]}]},{"@type":"ImageObject","inLanguage":"pt-PT","@id":"https:\/\/cyberlogics.ao\/index.php\/product\/3x-armazenamento-node-ceph-petasan-proxmox-3x-57x-hdd-de-35-6u-cse-829u-x10dru-i-847e16-rjbod1\/#primaryimage","url":"https:\/\/cyberlogics.ao\/wp-content\/uploads\/2025\/10\/3x-node-ceph-storage-3x-57x-35-hdd-6u-cse-829u-x10dru-i-847e16-rjbod1-11094-m-1.jpg","contentUrl":"https:\/\/cyberlogics.ao\/wp-content\/uploads\/2025\/10\/3x-node-ceph-storage-3x-57x-35-hdd-6u-cse-829u-x10dru-i-847e16-rjbod1-11094-m-1.jpg","width":140,"height":87},{"@type":"BreadcrumbList","@id":"https:\/\/cyberlogics.ao\/index.php\/product\/3x-armazenamento-node-ceph-petasan-proxmox-3x-57x-hdd-de-35-6u-cse-829u-x10dru-i-847e16-rjbod1\/#breadcrumb","itemListElement":[{"@type":"ListItem","position":1,"name":"In\u00edcio","item":"https:\/\/cyberlogics.ao\/"},{"@type":"ListItem","position":2,"name":"Produtos","item":"https:\/\/cyberlogics.ao\/index.php\/shop-2\/"},{"@type":"ListItem","position":3,"name":"3x Armazenamento Node Ceph PetaSAN Proxmox 3x 57x HDD de 3,5&#8243; 6U CSE-829U X10DRU-i+ 847E16-RJBOD1"}]},{"@type":"WebSite","@id":"https:\/\/cyberlogics.ao\/#website","url":"https:\/\/cyberlogics.ao\/","name":"Cyberlogics Technologies Angola","description":"Loja Online de Licen\u00e7as de Softwares e Inform\u00e1tica","publisher":{"@id":"https:\/\/cyberlogics.ao\/#organization"},"potentialAction":[{"@type":"SearchAction","target":{"@type":"EntryPoint","urlTemplate":"https:\/\/cyberlogics.ao\/?s={search_term_string}"},"query-input":{"@type":"PropertyValueSpecification","valueRequired":true,"valueName":"search_term_string"}}],"inLanguage":"pt-PT"},{"@type":"Organization","@id":"https:\/\/cyberlogics.ao\/#organization","name":"Cyberlogics Ao Technologies - Loja Online de Licen\u00e7as de Softwares e Inform\u00e1tica","url":"https:\/\/cyberlogics.ao\/","logo":{"@type":"ImageObject","inLanguage":"pt-PT","@id":"https:\/\/cyberlogics.ao\/#\/schema\/logo\/image\/","url":"https:\/\/cyberlogics.ao\/wp-content\/uploads\/2022\/04\/CT-logo.png","contentUrl":"https:\/\/cyberlogics.ao\/wp-content\/uploads\/2022\/04\/CT-logo.png","width":190,"height":75,"caption":"Cyberlogics Ao Technologies - Loja Online de Licen\u00e7as de Softwares e Inform\u00e1tica"},"image":{"@id":"https:\/\/cyberlogics.ao\/#\/schema\/logo\/image\/"}}]}},"_links":{"self":[{"href":"https:\/\/cyberlogics.ao\/index.php\/wp-json\/wp\/v2\/product\/10533","targetHints":{"allow":["GET"]}}],"collection":[{"href":"https:\/\/cyberlogics.ao\/index.php\/wp-json\/wp\/v2\/product"}],"about":[{"href":"https:\/\/cyberlogics.ao\/index.php\/wp-json\/wp\/v2\/types\/product"}],"replies":[{"embeddable":true,"href":"https:\/\/cyberlogics.ao\/index.php\/wp-json\/wp\/v2\/comments?post=10533"}],"wp:featuredmedia":[{"embeddable":true,"href":"https:\/\/cyberlogics.ao\/index.php\/wp-json\/wp\/v2\/media\/10535"}],"wp:attachment":[{"href":"https:\/\/cyberlogics.ao\/index.php\/wp-json\/wp\/v2\/media?parent=10533"}],"wp:term":[{"taxonomy":"product_brand","embeddable":true,"href":"https:\/\/cyberlogics.ao\/index.php\/wp-json\/wp\/v2\/product_brand?post=10533"},{"taxonomy":"product_cat","embeddable":true,"href":"https:\/\/cyberlogics.ao\/index.php\/wp-json\/wp\/v2\/product_cat?post=10533"},{"taxonomy":"product_tag","embeddable":true,"href":"https:\/\/cyberlogics.ao\/index.php\/wp-json\/wp\/v2\/product_tag?post=10533"}],"curies":[{"name":"wp","href":"https:\/\/api.w.org\/{rel}","templated":true}]}}