{"id":10544,"date":"2025-10-29T12:03:00","date_gmt":"2025-10-29T12:03:00","guid":{"rendered":"https:\/\/cyberlogics.ao\/?post_type=product&#038;p=10544"},"modified":"2025-10-29T12:03:00","modified_gmt":"2025-10-29T12:03:00","slug":"servidor-de-armazenamento-nas-com-truenas-community-edition-e-zfs-hp-apollo-4510-gen10-g10-19-4u-60x-35-lff-sas-2x-25-sff-2x-intel-3647-ddr4-ecc-raid-4x-psu","status":"publish","type":"product","link":"https:\/\/cyberlogics.ao\/index.php\/product\/servidor-de-armazenamento-nas-com-truenas-community-edition-e-zfs-hp-apollo-4510-gen10-g10-19-4u-60x-35-lff-sas-2x-25-sff-2x-intel-3647-ddr4-ecc-raid-4x-psu\/","title":{"rendered":"Servidor de armazenamento NAS com TrueNAS Community Edition e ZFS &#8211; HP Apollo 4510 Gen10 G10 19&#8243; 4U 60x 3,5&#8243; LFF SAS 2x 2,5&#8243; SFF 2x Intel 3647 DDR4 ECC Raid 4x PSU"},"content":{"rendered":"<p><strong>Componentes inclu\u00eddos:<\/strong><\/p>\n<ul class=\"components\">\n<li><span><strong>SSD<br \/>\n<\/strong>2 x 240GB 2,5&#8243; SSD +NOVO+<\/span><\/li>\n<\/ul>\n<p>&nbsp;<\/p>\n<div class=\"product_description_list product_description_server\">\n<div class=\"description_line\"><span><strong>Fornecedor:\u00a0<\/strong>HP<\/span><\/div>\n<div class=\"description_line\"><span><strong>Tipo de unidade:\u00a0<\/strong>Servidor<\/span><\/div>\n<div class=\"description_line\"><span><strong>Tipo:\u00a0<\/strong>19&#8243; 4 HE<\/span><\/div>\n<div class=\"description_line\"><span><strong>Modelo:\u00a0<\/strong>Apollo 4510 Gen10<\/span><\/div>\n<div class=\"description_line\"><span><strong>Baias de HDD:\u00a0<\/strong>60x baias de HDD HotSwap de 3,5&#8243; Backplane<br \/>\nSAS\/SATA 12Gb\/6Gb 2x baias de HDD HotSwap de 2,5&#8243; SAS\/SATA\/NVMe<br \/>\nsem HDDs ou bandejas selecionadas n\u00e3o est\u00e3o inclu\u00eddas na entrega<\/span><\/div>\n<div class=\"description_line\"><span><strong>Unidade \u00f3ptica:\u00a0<\/strong>ohne<\/span><\/div>\n<div class=\"description_line\"><span><strong>Rede:\u00a0<\/strong>Adaptador Ethernet de 2 portas HPE Embedded de 1 Gb<\/span><\/div>\n<div class=\"description_line\"><span><strong>Interfaces internas:<\/strong><br \/>\n2x FCLGA3647 Intel CPU Socket Scalable Gen1\/2 at\u00e9 150W TDP<br \/>\nIntel C621 Series Chipset<br \/>\n16x DDR4 288pin ECC DIMM banks at\u00e9 1TB RAM<br \/>\nN\u00f3: HP XL450 Gen10<\/p>\n<p>padr\u00e3o Riser:<\/p>\n<p>2x x16 PCIe 3.0 Full Profile \/ Half Length<br \/>\n1x x16 PCIe 3.0 Low Profile \/ Half Length<br \/>\n1x slot<\/p>\n<p>FlexibleLOM 2x M.2 PCIe 2280\/22110<br \/>\n1x slot<\/p>\n<p>Frontal:<br \/>\n2x SFF SAS *\/SATA \/ NVMe<br \/>\nde 2,5&#8243; (SATA SW RAID via S100i (somente Windows) poss\u00edvel)<br \/>\n(* SAS requer controlador AROC opcional, selecion\u00e1vel em expans\u00f5es de servidor)<\/p>\n<p>Interno:<br \/>\n60x LFF SAS \/ SATA de 3,5&#8243; via placa expansor*<br \/>\n(* requer controlador SAS, selecion\u00e1vel no adaptador de armazenamento principal)<\/span><\/div>\n<div class=\"description_line\"><span><strong>Interfaces externas:<\/strong><br \/>\nFrontal:<br \/>\n1x iLO USB<br \/>\n1x conector<\/p>\n<p>de cabo de diagn\u00f3stico SUV Traseira via m\u00f3dulo de gerenciamento:<br \/>\n2x iLO RJ-45<br \/>\n1x Conector APM para Apollo Platform Manager Kit<br \/>\n1x Servi\u00e7o mini USB<br \/>\n2x 1 Gb RJ-45<\/span><\/div>\n<div class=\"description_line\"><span><strong>Placa de v\u00eddeo:\u00a0<\/strong>integrada<\/span><\/div>\n<div class=\"description_line\"><span><strong>Unidades de pot\u00eancia:\u00a0<\/strong>at\u00e9 4x fonte de alimenta\u00e7\u00e3o HP HotSwap<\/span><\/div>\n<div class=\"description_line\"><span><strong>Sistemas operacionais compat\u00edveis:<\/strong><br \/>\n<b>Windows:<\/b>\u00a0Windows Server 2016, 2019, 2022*; Windows 10, 11*<br \/>\n*\u00e9 necess\u00e1rio<br \/>\num m\u00f3dulo TPM compat\u00edvel\u00a0<b>Virtualisierung:<\/b>\u00a0vmware ; Citrix ; Microsoft Hyper-V ; Proxmoxx; Linux KVM<br \/>\n<b>Linux Betriebssysteme:<\/b>\u00a0Linux Suse, Linux RHEL (RedHat), Debian, Fedora etc.<\/span><\/div>\n<div id=\"zstand\"><span><strong>Condi\u00e7\u00e3o do item:\u00a0<\/strong>reformado, Grau A<br \/>\nCada dispositivo foi limpo e cuidadosamente verificado antes da entrega. O firmware gratuito mais recente dispon\u00edvel foi atualizado no systembios, no controlador de armazenamento, rede e gerenciamento.<\/span><\/div>\n<div class=\"description_line description_text\"><\/div>\n<\/div>\n<div id=\"eupsvo\"><strong>Informa\u00e7\u00f5es do fabricante:<\/strong><\/p>\n<div>\n<div>enterprise.kunden@hpe.com<\/div>\n<div>HP Alemanha Herrenberger Stra\u00dfe 140 71034 B\u00f6blingen Deutschland<\/div>\n<\/div>\n<\/div>\n","protected":false},"excerpt":{"rendered":"<p><strong>Componentes inclu\u00eddos:<\/strong><\/p>\n<ul class=\"components\">\n<li><span><strong>SSD<br \/>\n<\/strong>2 x 240GB 2,5&#8243; SSD +NOVO+<\/span><\/li>\n<\/ul>\n<p>&nbsp;<\/p>\n<div class=\"product_description_list product_description_server\">\n<div class=\"description_line\"><span><strong>Fornecedor:\u00a0<\/strong>HP<\/span><\/div>\n<div class=\"description_line\"><span><strong>Tipo de unidade:\u00a0<\/strong>Servidor<\/span><\/div>\n<div class=\"description_line\"><span><strong>Tipo:\u00a0<\/strong>19&#8243; 4 HE<\/span><\/div>\n<div class=\"description_line\"><span><strong>Modelo:\u00a0<\/strong>Apollo 4510 Gen10<\/span><\/div>\n<div class=\"description_line\"><span><strong>Baias de HDD:\u00a0<\/strong>60x baias de HDD HotSwap de 3,5&#8243; Backplane<br \/>\nSAS\/SATA 12Gb\/6Gb 2x baias de HDD HotSwap de 2,5&#8243; SAS\/SATA\/NVMe<br \/>\nsem HDDs ou bandejas selecionadas n\u00e3o est\u00e3o inclu\u00eddas na entrega<\/span><\/div>\n<div class=\"description_line\"><span><strong>Unidade \u00f3ptica:\u00a0<\/strong>ohne<\/span><\/div>\n<div class=\"description_line\"><span><strong>Rede:\u00a0<\/strong>Adaptador Ethernet de 2 portas HPE Embedded de 1 Gb<\/span><\/div>\n<div class=\"description_line\"><span><strong>Interfaces internas:<\/strong><br \/>\n2x FCLGA3647 Intel CPU Socket Scalable Gen1\/2 at\u00e9 150W TDP<br \/>\nIntel C621 Series Chipset<br \/>\n16x DDR4 288pin ECC DIMM banks at\u00e9 1TB RAM<br \/>\nN\u00f3: HP XL450 Gen10<\/p>\n<p>padr\u00e3o Riser:<\/p>\n<p>2x x16 PCIe 3.0 Full Profile \/ Half Length<br \/>\n1x x16 PCIe 3.0 Low Profile \/ Half Length<br \/>\n1x slot<\/p>\n<p>FlexibleLOM 2x M.2 PCIe 2280\/22110<br \/>\n1x slot<\/p>\n<p>Frontal:<br \/>\n2x SFF SAS *\/SATA \/ NVMe<br \/>\nde 2,5&#8243; (SATA SW RAID via S100i (somente Windows) poss\u00edvel)<br \/>\n(* SAS requer controlador AROC opcional, selecion\u00e1vel em expans\u00f5es de servidor)<\/p>\n<p>Interno:<br \/>\n60x LFF SAS \/ SATA de 3,5&#8243; via placa expansor*<br \/>\n(* requer controlador SAS, selecion\u00e1vel no adaptador de armazenamento principal)<\/span><\/div>\n<div class=\"description_line\"><span><strong>Interfaces externas:<\/strong><br \/>\nFrontal:<br \/>\n1x iLO USB<br \/>\n1x conector<\/p>\n<p>de cabo de diagn\u00f3stico SUV Traseira via m\u00f3dulo de gerenciamento:<br \/>\n2x iLO RJ-45<br \/>\n1x Conector APM para Apollo Platform Manager Kit<br \/>\n1x Servi\u00e7o mini USB<br \/>\n2x 1 Gb RJ-45<\/span><\/div>\n<div class=\"description_line\"><span><strong>Placa de v\u00eddeo:\u00a0<\/strong>integrada<\/span><\/div>\n<div class=\"description_line\"><span><strong>Unidades de pot\u00eancia:\u00a0<\/strong>at\u00e9 4x fonte de alimenta\u00e7\u00e3o HP HotSwap<\/span><\/div>\n<div class=\"description_line\"><span><strong>Sistemas operacionais compat\u00edveis:<\/strong><br \/>\n<b>Windows:<\/b>\u00a0Windows Server 2016, 2019, 2022*; Windows 10, 11*<br \/>\n*\u00e9 necess\u00e1rio<br \/>\num m\u00f3dulo TPM compat\u00edvel\u00a0<b>Virtualisierung:<\/b>\u00a0vmware ; Citrix ; Microsoft Hyper-V ; Proxmoxx; Linux KVM<br \/>\n<b>Linux Betriebssysteme:<\/b>\u00a0Linux Suse, Linux RHEL (RedHat), Debian, Fedora etc.<\/span><\/div>\n<div id=\"zstand\"><span><strong>Condi\u00e7\u00e3o do item:\u00a0<\/strong>reformado, Grau A<br \/>\nCada dispositivo foi limpo e cuidadosamente verificado antes da entrega. O firmware gratuito mais recente dispon\u00edvel foi atualizado no systembios, no controlador de armazenamento, rede e gerenciamento.<\/span><\/div>\n<div class=\"description_line description_text\"><\/div>\n<\/div>\n<div id=\"eupsvo\"><strong>Informa\u00e7\u00f5es do fabricante:<\/strong><\/p>\n<div>\n<div>enterprise.kunden@hpe.com<\/div>\n<div>HP Alemanha Herrenberger Stra\u00dfe 140 71034 B\u00f6blingen Deutschland<\/div>\n<\/div>\n<\/div>\n","protected":false},"featured_media":10545,"comment_status":"open","ping_status":"closed","template":"","meta":{"_joinchat":[]},"product_brand":[],"product_cat":[341,817],"product_tag":[],"class_list":{"0":"post-10544","1":"product","2":"type-product","3":"status-publish","4":"has-post-thumbnail","6":"product_cat-armazenamentos","7":"product_cat-servidor-de-armazenamento-nas","9":"first","10":"instock","11":"shipping-taxable","12":"purchasable","13":"product-type-simple"},"yoast_head":"<!-- This site is optimized with the Yoast SEO plugin v27.5 - https:\/\/yoast.com\/product\/yoast-seo-wordpress\/ -->\n<title>Servidor de armazenamento NAS com TrueNAS Community Edition e ZFS - HP Apollo 4510 Gen10 G10 19&quot; 4U 60x 3,5&quot; LFF SAS 2x 2,5&quot; SFF 2x Intel 3647 DDR4 ECC Raid 4x PSU - Cyberlogics Technologies Angola<\/title>\n<meta name=\"description\" content=\"A Maior Loja Online de Angola de Licen\u00e7as Microsoft Office | Chaves Sistemas Operativos Windows | Antiv\u00edrus | Cloud Adobe | Inform\u00e1tica &amp; Servidores | Softwares de Gest\u00e3o ERP | Gaming Hardware | UPS e Baterias &amp; Muito Mais...\" \/>\n<meta name=\"robots\" content=\"index, follow, max-snippet:-1, max-image-preview:large, max-video-preview:-1\" \/>\n<link rel=\"canonical\" href=\"https:\/\/cyberlogics.ao\/index.php\/product\/servidor-de-armazenamento-nas-com-truenas-community-edition-e-zfs-hp-apollo-4510-gen10-g10-19-4u-60x-35-lff-sas-2x-25-sff-2x-intel-3647-ddr4-ecc-raid-4x-psu\/\" \/>\n<meta property=\"og:locale\" content=\"pt_PT\" \/>\n<meta property=\"og:type\" content=\"article\" \/>\n<meta property=\"og:title\" content=\"Servidor de armazenamento NAS com TrueNAS Community Edition e ZFS - HP Apollo 4510 Gen10 G10 19&quot; 4U 60x 3,5&quot; LFF SAS 2x 2,5&quot; SFF 2x Intel 3647 DDR4 ECC Raid 4x PSU - Cyberlogics Technologies Angola\" \/>\n<meta property=\"og:description\" content=\"A Maior Loja Online de Angola de Licen\u00e7as Microsoft Office | Chaves Sistemas Operativos Windows | Antiv\u00edrus | Cloud Adobe | Inform\u00e1tica &amp; Servidores | Softwares de Gest\u00e3o ERP | Gaming Hardware | UPS e Baterias &amp; Muito Mais...\" \/>\n<meta property=\"og:url\" content=\"https:\/\/cyberlogics.ao\/index.php\/product\/servidor-de-armazenamento-nas-com-truenas-community-edition-e-zfs-hp-apollo-4510-gen10-g10-19-4u-60x-35-lff-sas-2x-25-sff-2x-intel-3647-ddr4-ecc-raid-4x-psu\/\" \/>\n<meta property=\"og:site_name\" content=\"Cyberlogics Technologies Angola\" \/>\n<meta property=\"og:image\" content=\"http:\/\/cyberlogics.ao\/wp-content\/uploads\/2025\/10\/no_img_.jpg\" \/>\n\t<meta property=\"og:image:width\" content=\"295\" \/>\n\t<meta property=\"og:image:height\" content=\"295\" \/>\n\t<meta property=\"og:image:type\" content=\"image\/jpeg\" \/>\n<meta name=\"twitter:card\" content=\"summary_large_image\" \/>\n<meta name=\"twitter:label1\" content=\"Tempo estimado de leitura\" \/>\n\t<meta name=\"twitter:data1\" content=\"2 minutos\" \/>\n<script type=\"application\/ld+json\" class=\"yoast-schema-graph\">{\"@context\":\"https:\\\/\\\/schema.org\",\"@graph\":[{\"@type\":\"WebPage\",\"@id\":\"https:\\\/\\\/cyberlogics.ao\\\/index.php\\\/product\\\/servidor-de-armazenamento-nas-com-truenas-community-edition-e-zfs-hp-apollo-4510-gen10-g10-19-4u-60x-35-lff-sas-2x-25-sff-2x-intel-3647-ddr4-ecc-raid-4x-psu\\\/\",\"url\":\"https:\\\/\\\/cyberlogics.ao\\\/index.php\\\/product\\\/servidor-de-armazenamento-nas-com-truenas-community-edition-e-zfs-hp-apollo-4510-gen10-g10-19-4u-60x-35-lff-sas-2x-25-sff-2x-intel-3647-ddr4-ecc-raid-4x-psu\\\/\",\"name\":\"Servidor de armazenamento NAS com TrueNAS Community Edition e ZFS - HP Apollo 4510 Gen10 G10 19\\\" 4U 60x 3,5\\\" LFF SAS 2x 2,5\\\" SFF 2x Intel 3647 DDR4 ECC Raid 4x PSU - Cyberlogics Technologies Angola\",\"isPartOf\":{\"@id\":\"https:\\\/\\\/cyberlogics.ao\\\/#website\"},\"primaryImageOfPage\":{\"@id\":\"https:\\\/\\\/cyberlogics.ao\\\/index.php\\\/product\\\/servidor-de-armazenamento-nas-com-truenas-community-edition-e-zfs-hp-apollo-4510-gen10-g10-19-4u-60x-35-lff-sas-2x-25-sff-2x-intel-3647-ddr4-ecc-raid-4x-psu\\\/#primaryimage\"},\"image\":{\"@id\":\"https:\\\/\\\/cyberlogics.ao\\\/index.php\\\/product\\\/servidor-de-armazenamento-nas-com-truenas-community-edition-e-zfs-hp-apollo-4510-gen10-g10-19-4u-60x-35-lff-sas-2x-25-sff-2x-intel-3647-ddr4-ecc-raid-4x-psu\\\/#primaryimage\"},\"thumbnailUrl\":\"https:\\\/\\\/cyberlogics.ao\\\/wp-content\\\/uploads\\\/2025\\\/10\\\/no_img_.jpg\",\"datePublished\":\"2025-10-29T12:03:00+00:00\",\"description\":\"A Maior Loja Online de Angola de Licen\u00e7as Microsoft Office | Chaves Sistemas Operativos Windows | Antiv\u00edrus | Cloud Adobe | Inform\u00e1tica & Servidores | Softwares de Gest\u00e3o ERP | Gaming Hardware | UPS e Baterias & Muito Mais...\",\"breadcrumb\":{\"@id\":\"https:\\\/\\\/cyberlogics.ao\\\/index.php\\\/product\\\/servidor-de-armazenamento-nas-com-truenas-community-edition-e-zfs-hp-apollo-4510-gen10-g10-19-4u-60x-35-lff-sas-2x-25-sff-2x-intel-3647-ddr4-ecc-raid-4x-psu\\\/#breadcrumb\"},\"inLanguage\":\"pt-PT\",\"potentialAction\":[{\"@type\":\"ReadAction\",\"target\":[\"https:\\\/\\\/cyberlogics.ao\\\/index.php\\\/product\\\/servidor-de-armazenamento-nas-com-truenas-community-edition-e-zfs-hp-apollo-4510-gen10-g10-19-4u-60x-35-lff-sas-2x-25-sff-2x-intel-3647-ddr4-ecc-raid-4x-psu\\\/\"]}]},{\"@type\":\"ImageObject\",\"inLanguage\":\"pt-PT\",\"@id\":\"https:\\\/\\\/cyberlogics.ao\\\/index.php\\\/product\\\/servidor-de-armazenamento-nas-com-truenas-community-edition-e-zfs-hp-apollo-4510-gen10-g10-19-4u-60x-35-lff-sas-2x-25-sff-2x-intel-3647-ddr4-ecc-raid-4x-psu\\\/#primaryimage\",\"url\":\"https:\\\/\\\/cyberlogics.ao\\\/wp-content\\\/uploads\\\/2025\\\/10\\\/no_img_.jpg\",\"contentUrl\":\"https:\\\/\\\/cyberlogics.ao\\\/wp-content\\\/uploads\\\/2025\\\/10\\\/no_img_.jpg\",\"width\":295,\"height\":295},{\"@type\":\"BreadcrumbList\",\"@id\":\"https:\\\/\\\/cyberlogics.ao\\\/index.php\\\/product\\\/servidor-de-armazenamento-nas-com-truenas-community-edition-e-zfs-hp-apollo-4510-gen10-g10-19-4u-60x-35-lff-sas-2x-25-sff-2x-intel-3647-ddr4-ecc-raid-4x-psu\\\/#breadcrumb\",\"itemListElement\":[{\"@type\":\"ListItem\",\"position\":1,\"name\":\"In\u00edcio\",\"item\":\"https:\\\/\\\/cyberlogics.ao\\\/\"},{\"@type\":\"ListItem\",\"position\":2,\"name\":\"Produtos\",\"item\":\"https:\\\/\\\/cyberlogics.ao\\\/index.php\\\/shop-2\\\/\"},{\"@type\":\"ListItem\",\"position\":3,\"name\":\"Servidor de armazenamento NAS com TrueNAS Community Edition e ZFS &#8211; HP Apollo 4510 Gen10 G10 19&#8243; 4U 60x 3,5&#8243; LFF SAS 2x 2,5&#8243; SFF 2x Intel 3647 DDR4 ECC Raid 4x PSU\"}]},{\"@type\":\"WebSite\",\"@id\":\"https:\\\/\\\/cyberlogics.ao\\\/#website\",\"url\":\"https:\\\/\\\/cyberlogics.ao\\\/\",\"name\":\"Cyberlogics Technologies Angola\",\"description\":\"Loja Online de Licen\u00e7as de Softwares e Inform\u00e1tica\",\"publisher\":{\"@id\":\"https:\\\/\\\/cyberlogics.ao\\\/#organization\"},\"potentialAction\":[{\"@type\":\"SearchAction\",\"target\":{\"@type\":\"EntryPoint\",\"urlTemplate\":\"https:\\\/\\\/cyberlogics.ao\\\/?s={search_term_string}\"},\"query-input\":{\"@type\":\"PropertyValueSpecification\",\"valueRequired\":true,\"valueName\":\"search_term_string\"}}],\"inLanguage\":\"pt-PT\"},{\"@type\":\"Organization\",\"@id\":\"https:\\\/\\\/cyberlogics.ao\\\/#organization\",\"name\":\"Cyberlogics Ao Technologies - Loja Online de Licen\u00e7as de Softwares e Inform\u00e1tica\",\"url\":\"https:\\\/\\\/cyberlogics.ao\\\/\",\"logo\":{\"@type\":\"ImageObject\",\"inLanguage\":\"pt-PT\",\"@id\":\"https:\\\/\\\/cyberlogics.ao\\\/#\\\/schema\\\/logo\\\/image\\\/\",\"url\":\"https:\\\/\\\/cyberlogics.ao\\\/wp-content\\\/uploads\\\/2022\\\/04\\\/CT-logo.png\",\"contentUrl\":\"https:\\\/\\\/cyberlogics.ao\\\/wp-content\\\/uploads\\\/2022\\\/04\\\/CT-logo.png\",\"width\":190,\"height\":75,\"caption\":\"Cyberlogics Ao Technologies - Loja Online de Licen\u00e7as de Softwares e Inform\u00e1tica\"},\"image\":{\"@id\":\"https:\\\/\\\/cyberlogics.ao\\\/#\\\/schema\\\/logo\\\/image\\\/\"}}]}<\/script>\n<!-- \/ Yoast SEO plugin. -->","yoast_head_json":{"title":"Servidor de armazenamento NAS com TrueNAS Community Edition e ZFS - HP Apollo 4510 Gen10 G10 19\" 4U 60x 3,5\" LFF SAS 2x 2,5\" SFF 2x Intel 3647 DDR4 ECC Raid 4x PSU - Cyberlogics Technologies Angola","description":"A Maior Loja Online de Angola de Licen\u00e7as Microsoft Office | Chaves Sistemas Operativos Windows | Antiv\u00edrus | Cloud Adobe | Inform\u00e1tica & Servidores | Softwares de Gest\u00e3o ERP | Gaming Hardware | UPS e Baterias & Muito Mais...","robots":{"index":"index","follow":"follow","max-snippet":"max-snippet:-1","max-image-preview":"max-image-preview:large","max-video-preview":"max-video-preview:-1"},"canonical":"https:\/\/cyberlogics.ao\/index.php\/product\/servidor-de-armazenamento-nas-com-truenas-community-edition-e-zfs-hp-apollo-4510-gen10-g10-19-4u-60x-35-lff-sas-2x-25-sff-2x-intel-3647-ddr4-ecc-raid-4x-psu\/","og_locale":"pt_PT","og_type":"article","og_title":"Servidor de armazenamento NAS com TrueNAS Community Edition e ZFS - HP Apollo 4510 Gen10 G10 19\" 4U 60x 3,5\" LFF SAS 2x 2,5\" SFF 2x Intel 3647 DDR4 ECC Raid 4x PSU - Cyberlogics Technologies Angola","og_description":"A Maior Loja Online de Angola de Licen\u00e7as Microsoft Office | Chaves Sistemas Operativos Windows | Antiv\u00edrus | Cloud Adobe | Inform\u00e1tica & Servidores | Softwares de Gest\u00e3o ERP | Gaming Hardware | UPS e Baterias & Muito Mais...","og_url":"https:\/\/cyberlogics.ao\/index.php\/product\/servidor-de-armazenamento-nas-com-truenas-community-edition-e-zfs-hp-apollo-4510-gen10-g10-19-4u-60x-35-lff-sas-2x-25-sff-2x-intel-3647-ddr4-ecc-raid-4x-psu\/","og_site_name":"Cyberlogics Technologies Angola","og_image":[{"width":295,"height":295,"url":"http:\/\/cyberlogics.ao\/wp-content\/uploads\/2025\/10\/no_img_.jpg","type":"image\/jpeg"}],"twitter_card":"summary_large_image","twitter_misc":{"Tempo estimado de leitura":"2 minutos"},"schema":{"@context":"https:\/\/schema.org","@graph":[{"@type":"WebPage","@id":"https:\/\/cyberlogics.ao\/index.php\/product\/servidor-de-armazenamento-nas-com-truenas-community-edition-e-zfs-hp-apollo-4510-gen10-g10-19-4u-60x-35-lff-sas-2x-25-sff-2x-intel-3647-ddr4-ecc-raid-4x-psu\/","url":"https:\/\/cyberlogics.ao\/index.php\/product\/servidor-de-armazenamento-nas-com-truenas-community-edition-e-zfs-hp-apollo-4510-gen10-g10-19-4u-60x-35-lff-sas-2x-25-sff-2x-intel-3647-ddr4-ecc-raid-4x-psu\/","name":"Servidor de armazenamento NAS com TrueNAS Community Edition e ZFS - HP Apollo 4510 Gen10 G10 19\" 4U 60x 3,5\" LFF SAS 2x 2,5\" SFF 2x Intel 3647 DDR4 ECC Raid 4x PSU - Cyberlogics Technologies Angola","isPartOf":{"@id":"https:\/\/cyberlogics.ao\/#website"},"primaryImageOfPage":{"@id":"https:\/\/cyberlogics.ao\/index.php\/product\/servidor-de-armazenamento-nas-com-truenas-community-edition-e-zfs-hp-apollo-4510-gen10-g10-19-4u-60x-35-lff-sas-2x-25-sff-2x-intel-3647-ddr4-ecc-raid-4x-psu\/#primaryimage"},"image":{"@id":"https:\/\/cyberlogics.ao\/index.php\/product\/servidor-de-armazenamento-nas-com-truenas-community-edition-e-zfs-hp-apollo-4510-gen10-g10-19-4u-60x-35-lff-sas-2x-25-sff-2x-intel-3647-ddr4-ecc-raid-4x-psu\/#primaryimage"},"thumbnailUrl":"https:\/\/cyberlogics.ao\/wp-content\/uploads\/2025\/10\/no_img_.jpg","datePublished":"2025-10-29T12:03:00+00:00","description":"A Maior Loja Online de Angola de Licen\u00e7as Microsoft Office | Chaves Sistemas Operativos Windows | Antiv\u00edrus | Cloud Adobe | Inform\u00e1tica & Servidores | Softwares de Gest\u00e3o ERP | Gaming Hardware | UPS e Baterias & Muito Mais...","breadcrumb":{"@id":"https:\/\/cyberlogics.ao\/index.php\/product\/servidor-de-armazenamento-nas-com-truenas-community-edition-e-zfs-hp-apollo-4510-gen10-g10-19-4u-60x-35-lff-sas-2x-25-sff-2x-intel-3647-ddr4-ecc-raid-4x-psu\/#breadcrumb"},"inLanguage":"pt-PT","potentialAction":[{"@type":"ReadAction","target":["https:\/\/cyberlogics.ao\/index.php\/product\/servidor-de-armazenamento-nas-com-truenas-community-edition-e-zfs-hp-apollo-4510-gen10-g10-19-4u-60x-35-lff-sas-2x-25-sff-2x-intel-3647-ddr4-ecc-raid-4x-psu\/"]}]},{"@type":"ImageObject","inLanguage":"pt-PT","@id":"https:\/\/cyberlogics.ao\/index.php\/product\/servidor-de-armazenamento-nas-com-truenas-community-edition-e-zfs-hp-apollo-4510-gen10-g10-19-4u-60x-35-lff-sas-2x-25-sff-2x-intel-3647-ddr4-ecc-raid-4x-psu\/#primaryimage","url":"https:\/\/cyberlogics.ao\/wp-content\/uploads\/2025\/10\/no_img_.jpg","contentUrl":"https:\/\/cyberlogics.ao\/wp-content\/uploads\/2025\/10\/no_img_.jpg","width":295,"height":295},{"@type":"BreadcrumbList","@id":"https:\/\/cyberlogics.ao\/index.php\/product\/servidor-de-armazenamento-nas-com-truenas-community-edition-e-zfs-hp-apollo-4510-gen10-g10-19-4u-60x-35-lff-sas-2x-25-sff-2x-intel-3647-ddr4-ecc-raid-4x-psu\/#breadcrumb","itemListElement":[{"@type":"ListItem","position":1,"name":"In\u00edcio","item":"https:\/\/cyberlogics.ao\/"},{"@type":"ListItem","position":2,"name":"Produtos","item":"https:\/\/cyberlogics.ao\/index.php\/shop-2\/"},{"@type":"ListItem","position":3,"name":"Servidor de armazenamento NAS com TrueNAS Community Edition e ZFS &#8211; HP Apollo 4510 Gen10 G10 19&#8243; 4U 60x 3,5&#8243; LFF SAS 2x 2,5&#8243; SFF 2x Intel 3647 DDR4 ECC Raid 4x PSU"}]},{"@type":"WebSite","@id":"https:\/\/cyberlogics.ao\/#website","url":"https:\/\/cyberlogics.ao\/","name":"Cyberlogics Technologies Angola","description":"Loja Online de Licen\u00e7as de Softwares e Inform\u00e1tica","publisher":{"@id":"https:\/\/cyberlogics.ao\/#organization"},"potentialAction":[{"@type":"SearchAction","target":{"@type":"EntryPoint","urlTemplate":"https:\/\/cyberlogics.ao\/?s={search_term_string}"},"query-input":{"@type":"PropertyValueSpecification","valueRequired":true,"valueName":"search_term_string"}}],"inLanguage":"pt-PT"},{"@type":"Organization","@id":"https:\/\/cyberlogics.ao\/#organization","name":"Cyberlogics Ao Technologies - Loja Online de Licen\u00e7as de Softwares e Inform\u00e1tica","url":"https:\/\/cyberlogics.ao\/","logo":{"@type":"ImageObject","inLanguage":"pt-PT","@id":"https:\/\/cyberlogics.ao\/#\/schema\/logo\/image\/","url":"https:\/\/cyberlogics.ao\/wp-content\/uploads\/2022\/04\/CT-logo.png","contentUrl":"https:\/\/cyberlogics.ao\/wp-content\/uploads\/2022\/04\/CT-logo.png","width":190,"height":75,"caption":"Cyberlogics Ao Technologies - Loja Online de Licen\u00e7as de Softwares e Inform\u00e1tica"},"image":{"@id":"https:\/\/cyberlogics.ao\/#\/schema\/logo\/image\/"}}]}},"_links":{"self":[{"href":"https:\/\/cyberlogics.ao\/index.php\/wp-json\/wp\/v2\/product\/10544","targetHints":{"allow":["GET"]}}],"collection":[{"href":"https:\/\/cyberlogics.ao\/index.php\/wp-json\/wp\/v2\/product"}],"about":[{"href":"https:\/\/cyberlogics.ao\/index.php\/wp-json\/wp\/v2\/types\/product"}],"replies":[{"embeddable":true,"href":"https:\/\/cyberlogics.ao\/index.php\/wp-json\/wp\/v2\/comments?post=10544"}],"wp:featuredmedia":[{"embeddable":true,"href":"https:\/\/cyberlogics.ao\/index.php\/wp-json\/wp\/v2\/media\/10545"}],"wp:attachment":[{"href":"https:\/\/cyberlogics.ao\/index.php\/wp-json\/wp\/v2\/media?parent=10544"}],"wp:term":[{"taxonomy":"product_brand","embeddable":true,"href":"https:\/\/cyberlogics.ao\/index.php\/wp-json\/wp\/v2\/product_brand?post=10544"},{"taxonomy":"product_cat","embeddable":true,"href":"https:\/\/cyberlogics.ao\/index.php\/wp-json\/wp\/v2\/product_cat?post=10544"},{"taxonomy":"product_tag","embeddable":true,"href":"https:\/\/cyberlogics.ao\/index.php\/wp-json\/wp\/v2\/product_tag?post=10544"}],"curies":[{"name":"wp","href":"https:\/\/api.w.org\/{rel}","templated":true}]}}