{"id":10546,"date":"2025-10-29T12:11:05","date_gmt":"2025-10-29T12:11:05","guid":{"rendered":"https:\/\/cyberlogics.ao\/?post_type=product&#038;p=10546"},"modified":"2025-10-29T12:11:05","modified_gmt":"2025-10-29T12:11:05","slug":"servidor-de-armazenamento-nas-com-truenas-community-edition-e-zfs-hp-proliant-dl380-gen10-armazenamento-hp-3par-19-storeserv-8000-8x-nvme-32x-25-sff-ssd-ssd-hdd","status":"publish","type":"product","link":"https:\/\/cyberlogics.ao\/index.php\/product\/servidor-de-armazenamento-nas-com-truenas-community-edition-e-zfs-hp-proliant-dl380-gen10-armazenamento-hp-3par-19-storeserv-8000-8x-nvme-32x-25-sff-ssd-ssd-hdd\/","title":{"rendered":"Servidor de armazenamento NAS com TrueNAS Community Edition e ZFS &#8211; HP ProLiant DL380 Gen10 + Armazenamento HP 3Par 19&#8243; StoreServ 8000 &#8211; 8x NVMe + 32x 2,5&#8243; SFF SSD SSD HDD"},"content":{"rendered":"<section>\n<h1>Servidor de armazenamento TrueNAS Community Edition<\/h1>\n<p><strong>Solu\u00e7\u00e3o pronta para uso totalmente configurada.<\/strong><\/p>\n<p>Hardware completo, incluindo cabeamento e instala\u00e7\u00e3o de software pr\u00e9-configurado.<\/p>\n<p>Al\u00e9m dos componentes listados abaixo, voc\u00ea pode personalizar o hardware individualmente usando o configurador \u00e0 direita.<\/p>\n<h2>Enthaltene Komponenten:<\/h2>\n<ul class=\"components\">\n<li><span><strong>Servidor:<\/strong>\u00a0Servidor HP ProLiant DL380 Gen10 G10 2U, 8x SAS + 8x U.2 NVMe, 2.5&#8243; SFF, 2 LGA3647 escal\u00e1veis Intel XEON, 2 PSU<\/span><\/li>\n<li><span><strong>Armazenamento:<\/strong>\u00a0HP 3Par 19&#8243; StoreServ 8000 Armazenamento 24x 2,5&#8243; SFF HDD SSD 2x JBOD 12G SAS Controller 4x SFF-8644 2x PSU (ZFS, Ceph, NAS, SAN, DAS)<\/span><\/li>\n<li><span><strong>PSUs de armazenamento:<\/strong>\u00a02x HP 3Par M6720 M6710 580W PSU Netzteil 682373-001<\/span><\/li>\n<li><span><strong>Cabos de alimenta\u00e7\u00e3o de armazenamento:<\/strong>\u00a02x conector IEC Kaltger\u00e4tekabel ca. 1,40m C13 &#8211; Schuko 10A<\/span><\/li>\n<li><span><strong>Cabos SAS de armazenamento:<\/strong>\u00a02x cabo HP 1m extern 12G SAS Kabel 2x SFF-8644 Armazenamento + Biblioteca de fitas 716195-B21<\/span><\/li>\n<li><span><strong>Trilhos de rack:<\/strong>\u00a01x 19&#8243; 1HE Universal Gleitschienen Rackmount Rail Rails Kit tiefenvariabel 67,5 &#8211; 75 cm<\/span><\/li>\n<\/ul>\n<\/section>\n<p>TrueNAS \u00e9 uma marca comercial da iXsystems, Inc<\/p>\n","protected":false},"excerpt":{"rendered":"<section>\n<h1>Servidor de armazenamento TrueNAS Community Edition<\/h1>\n<p><strong>Solu\u00e7\u00e3o pronta para uso totalmente configurada.<\/strong><\/p>\n<p>Hardware completo, incluindo cabeamento e instala\u00e7\u00e3o de software pr\u00e9-configurado.<\/p>\n<p>Al\u00e9m dos componentes listados abaixo, voc\u00ea pode personalizar o hardware individualmente usando o configurador \u00e0 direita.<\/p>\n<h2>Enthaltene Komponenten:<\/h2>\n<ul class=\"components\">\n<li><span><strong>Servidor:<\/strong>\u00a0Servidor HP ProLiant DL380 Gen10 G10 2U, 8x SAS + 8x U.2 NVMe, 2.5&#8243; SFF, 2 LGA3647 escal\u00e1veis Intel XEON, 2 PSU<\/span><\/li>\n<li><span><strong>Armazenamento:<\/strong>\u00a0HP 3Par 19&#8243; StoreServ 8000 Armazenamento 24x 2,5&#8243; SFF HDD SSD 2x JBOD 12G SAS Controller 4x SFF-8644 2x PSU (ZFS, Ceph, NAS, SAN, DAS)<\/span><\/li>\n<li><span><strong>PSUs de armazenamento:<\/strong>\u00a02x HP 3Par M6720 M6710 580W PSU Netzteil 682373-001<\/span><\/li>\n<li><span><strong>Cabos de alimenta\u00e7\u00e3o de armazenamento:<\/strong>\u00a02x conector IEC Kaltger\u00e4tekabel ca. 1,40m C13 &#8211; Schuko 10A<\/span><\/li>\n<li><span><strong>Cabos SAS de armazenamento:<\/strong>\u00a02x cabo HP 1m extern 12G SAS Kabel 2x SFF-8644 Armazenamento + Biblioteca de fitas 716195-B21<\/span><\/li>\n<li><span><strong>Trilhos de rack:<\/strong>\u00a01x 19&#8243; 1HE Universal Gleitschienen Rackmount Rail Rails Kit tiefenvariabel 67,5 &#8211; 75 cm<\/span><\/li>\n<\/ul>\n<\/section>\n<p>TrueNAS \u00e9 uma marca comercial da iXsystems, Inc<\/p>\n","protected":false},"featured_media":10547,"comment_status":"open","ping_status":"closed","template":"","meta":{"_joinchat":[]},"product_brand":[],"product_cat":[341,817],"product_tag":[],"class_list":{"0":"post-10546","1":"product","2":"type-product","3":"status-publish","4":"has-post-thumbnail","6":"product_cat-armazenamentos","7":"product_cat-servidor-de-armazenamento-nas","9":"first","10":"instock","11":"shipping-taxable","12":"purchasable","13":"product-type-simple"},"yoast_head":"<!-- This site is optimized with the Yoast SEO plugin v27.4 - https:\/\/yoast.com\/product\/yoast-seo-wordpress\/ -->\n<title>Servidor de armazenamento NAS com TrueNAS Community Edition e ZFS - HP ProLiant DL380 Gen10 + Armazenamento HP 3Par 19&quot; StoreServ 8000 - 8x NVMe + 32x 2,5&quot; SFF SSD SSD HDD - Cyberlogics Technologies Angola<\/title>\n<meta name=\"description\" content=\"A Maior Loja Online de Angola de Licen\u00e7as Microsoft Office | Chaves Sistemas Operativos Windows | Antiv\u00edrus | Cloud Adobe | Inform\u00e1tica &amp; Servidores | Softwares de Gest\u00e3o ERP | Gaming Hardware | UPS e Baterias &amp; Muito Mais...\" \/>\n<meta name=\"robots\" content=\"index, follow, max-snippet:-1, max-image-preview:large, max-video-preview:-1\" \/>\n<link rel=\"canonical\" href=\"https:\/\/cyberlogics.ao\/index.php\/product\/servidor-de-armazenamento-nas-com-truenas-community-edition-e-zfs-hp-proliant-dl380-gen10-armazenamento-hp-3par-19-storeserv-8000-8x-nvme-32x-25-sff-ssd-ssd-hdd\/\" \/>\n<meta property=\"og:locale\" content=\"pt_PT\" \/>\n<meta property=\"og:type\" content=\"article\" \/>\n<meta property=\"og:title\" content=\"Servidor de armazenamento NAS com TrueNAS Community Edition e ZFS - HP ProLiant DL380 Gen10 + Armazenamento HP 3Par 19&quot; StoreServ 8000 - 8x NVMe + 32x 2,5&quot; SFF SSD SSD HDD - Cyberlogics Technologies Angola\" \/>\n<meta property=\"og:description\" content=\"A Maior Loja Online de Angola de Licen\u00e7as Microsoft Office | Chaves Sistemas Operativos Windows | Antiv\u00edrus | Cloud Adobe | Inform\u00e1tica &amp; Servidores | Softwares de Gest\u00e3o ERP | Gaming Hardware | UPS e Baterias &amp; Muito Mais...\" \/>\n<meta property=\"og:url\" content=\"https:\/\/cyberlogics.ao\/index.php\/product\/servidor-de-armazenamento-nas-com-truenas-community-edition-e-zfs-hp-proliant-dl380-gen10-armazenamento-hp-3par-19-storeserv-8000-8x-nvme-32x-25-sff-ssd-ssd-hdd\/\" \/>\n<meta property=\"og:site_name\" content=\"Cyberlogics Technologies Angola\" \/>\n<meta property=\"og:image\" content=\"http:\/\/cyberlogics.ao\/wp-content\/uploads\/2025\/10\/truenas-zfs-nas-storage-server-hp-proliant-dl380-gen10-hp-3par-19-storeserv-8000-storage-8x-nvme-32x-25-sff-sas-ssd-hdd.jpg\" \/>\n\t<meta property=\"og:image:width\" content=\"140\" \/>\n\t<meta property=\"og:image:height\" content=\"87\" \/>\n\t<meta property=\"og:image:type\" content=\"image\/jpeg\" \/>\n<meta name=\"twitter:card\" content=\"summary_large_image\" \/>\n<meta name=\"twitter:label1\" content=\"Tempo estimado de leitura\" \/>\n\t<meta name=\"twitter:data1\" content=\"1 minuto\" \/>\n<script type=\"application\/ld+json\" class=\"yoast-schema-graph\">{\"@context\":\"https:\\\/\\\/schema.org\",\"@graph\":[{\"@type\":\"WebPage\",\"@id\":\"https:\\\/\\\/cyberlogics.ao\\\/index.php\\\/product\\\/servidor-de-armazenamento-nas-com-truenas-community-edition-e-zfs-hp-proliant-dl380-gen10-armazenamento-hp-3par-19-storeserv-8000-8x-nvme-32x-25-sff-ssd-ssd-hdd\\\/\",\"url\":\"https:\\\/\\\/cyberlogics.ao\\\/index.php\\\/product\\\/servidor-de-armazenamento-nas-com-truenas-community-edition-e-zfs-hp-proliant-dl380-gen10-armazenamento-hp-3par-19-storeserv-8000-8x-nvme-32x-25-sff-ssd-ssd-hdd\\\/\",\"name\":\"Servidor de armazenamento NAS com TrueNAS Community Edition e ZFS - HP ProLiant DL380 Gen10 + Armazenamento HP 3Par 19\\\" StoreServ 8000 - 8x NVMe + 32x 2,5\\\" SFF SSD SSD HDD - Cyberlogics Technologies Angola\",\"isPartOf\":{\"@id\":\"https:\\\/\\\/cyberlogics.ao\\\/#website\"},\"primaryImageOfPage\":{\"@id\":\"https:\\\/\\\/cyberlogics.ao\\\/index.php\\\/product\\\/servidor-de-armazenamento-nas-com-truenas-community-edition-e-zfs-hp-proliant-dl380-gen10-armazenamento-hp-3par-19-storeserv-8000-8x-nvme-32x-25-sff-ssd-ssd-hdd\\\/#primaryimage\"},\"image\":{\"@id\":\"https:\\\/\\\/cyberlogics.ao\\\/index.php\\\/product\\\/servidor-de-armazenamento-nas-com-truenas-community-edition-e-zfs-hp-proliant-dl380-gen10-armazenamento-hp-3par-19-storeserv-8000-8x-nvme-32x-25-sff-ssd-ssd-hdd\\\/#primaryimage\"},\"thumbnailUrl\":\"https:\\\/\\\/cyberlogics.ao\\\/wp-content\\\/uploads\\\/2025\\\/10\\\/truenas-zfs-nas-storage-server-hp-proliant-dl380-gen10-hp-3par-19-storeserv-8000-storage-8x-nvme-32x-25-sff-sas-ssd-hdd.jpg\",\"datePublished\":\"2025-10-29T12:11:05+00:00\",\"description\":\"A Maior Loja Online de Angola de Licen\u00e7as Microsoft Office | Chaves Sistemas Operativos Windows | Antiv\u00edrus | Cloud Adobe | Inform\u00e1tica & Servidores | Softwares de Gest\u00e3o ERP | Gaming Hardware | UPS e Baterias & Muito Mais...\",\"breadcrumb\":{\"@id\":\"https:\\\/\\\/cyberlogics.ao\\\/index.php\\\/product\\\/servidor-de-armazenamento-nas-com-truenas-community-edition-e-zfs-hp-proliant-dl380-gen10-armazenamento-hp-3par-19-storeserv-8000-8x-nvme-32x-25-sff-ssd-ssd-hdd\\\/#breadcrumb\"},\"inLanguage\":\"pt-PT\",\"potentialAction\":[{\"@type\":\"ReadAction\",\"target\":[\"https:\\\/\\\/cyberlogics.ao\\\/index.php\\\/product\\\/servidor-de-armazenamento-nas-com-truenas-community-edition-e-zfs-hp-proliant-dl380-gen10-armazenamento-hp-3par-19-storeserv-8000-8x-nvme-32x-25-sff-ssd-ssd-hdd\\\/\"]}]},{\"@type\":\"ImageObject\",\"inLanguage\":\"pt-PT\",\"@id\":\"https:\\\/\\\/cyberlogics.ao\\\/index.php\\\/product\\\/servidor-de-armazenamento-nas-com-truenas-community-edition-e-zfs-hp-proliant-dl380-gen10-armazenamento-hp-3par-19-storeserv-8000-8x-nvme-32x-25-sff-ssd-ssd-hdd\\\/#primaryimage\",\"url\":\"https:\\\/\\\/cyberlogics.ao\\\/wp-content\\\/uploads\\\/2025\\\/10\\\/truenas-zfs-nas-storage-server-hp-proliant-dl380-gen10-hp-3par-19-storeserv-8000-storage-8x-nvme-32x-25-sff-sas-ssd-hdd.jpg\",\"contentUrl\":\"https:\\\/\\\/cyberlogics.ao\\\/wp-content\\\/uploads\\\/2025\\\/10\\\/truenas-zfs-nas-storage-server-hp-proliant-dl380-gen10-hp-3par-19-storeserv-8000-storage-8x-nvme-32x-25-sff-sas-ssd-hdd.jpg\",\"width\":140,\"height\":87},{\"@type\":\"BreadcrumbList\",\"@id\":\"https:\\\/\\\/cyberlogics.ao\\\/index.php\\\/product\\\/servidor-de-armazenamento-nas-com-truenas-community-edition-e-zfs-hp-proliant-dl380-gen10-armazenamento-hp-3par-19-storeserv-8000-8x-nvme-32x-25-sff-ssd-ssd-hdd\\\/#breadcrumb\",\"itemListElement\":[{\"@type\":\"ListItem\",\"position\":1,\"name\":\"In\u00edcio\",\"item\":\"https:\\\/\\\/cyberlogics.ao\\\/\"},{\"@type\":\"ListItem\",\"position\":2,\"name\":\"Produtos\",\"item\":\"https:\\\/\\\/cyberlogics.ao\\\/index.php\\\/shop-2\\\/\"},{\"@type\":\"ListItem\",\"position\":3,\"name\":\"Servidor de armazenamento NAS com TrueNAS Community Edition e ZFS &#8211; HP ProLiant DL380 Gen10 + Armazenamento HP 3Par 19&#8243; StoreServ 8000 &#8211; 8x NVMe + 32x 2,5&#8243; SFF SSD SSD HDD\"}]},{\"@type\":\"WebSite\",\"@id\":\"https:\\\/\\\/cyberlogics.ao\\\/#website\",\"url\":\"https:\\\/\\\/cyberlogics.ao\\\/\",\"name\":\"Cyberlogics Technologies Angola\",\"description\":\"Loja Online de Licen\u00e7as de Softwares e Inform\u00e1tica\",\"publisher\":{\"@id\":\"https:\\\/\\\/cyberlogics.ao\\\/#organization\"},\"potentialAction\":[{\"@type\":\"SearchAction\",\"target\":{\"@type\":\"EntryPoint\",\"urlTemplate\":\"https:\\\/\\\/cyberlogics.ao\\\/?s={search_term_string}\"},\"query-input\":{\"@type\":\"PropertyValueSpecification\",\"valueRequired\":true,\"valueName\":\"search_term_string\"}}],\"inLanguage\":\"pt-PT\"},{\"@type\":\"Organization\",\"@id\":\"https:\\\/\\\/cyberlogics.ao\\\/#organization\",\"name\":\"Cyberlogics Ao Technologies - Loja Online de Licen\u00e7as de Softwares e Inform\u00e1tica\",\"url\":\"https:\\\/\\\/cyberlogics.ao\\\/\",\"logo\":{\"@type\":\"ImageObject\",\"inLanguage\":\"pt-PT\",\"@id\":\"https:\\\/\\\/cyberlogics.ao\\\/#\\\/schema\\\/logo\\\/image\\\/\",\"url\":\"https:\\\/\\\/cyberlogics.ao\\\/wp-content\\\/uploads\\\/2022\\\/04\\\/CT-logo.png\",\"contentUrl\":\"https:\\\/\\\/cyberlogics.ao\\\/wp-content\\\/uploads\\\/2022\\\/04\\\/CT-logo.png\",\"width\":190,\"height\":75,\"caption\":\"Cyberlogics Ao Technologies - Loja Online de Licen\u00e7as de Softwares e Inform\u00e1tica\"},\"image\":{\"@id\":\"https:\\\/\\\/cyberlogics.ao\\\/#\\\/schema\\\/logo\\\/image\\\/\"}}]}<\/script>\n<!-- \/ Yoast SEO plugin. -->","yoast_head_json":{"title":"Servidor de armazenamento NAS com TrueNAS Community Edition e ZFS - HP ProLiant DL380 Gen10 + Armazenamento HP 3Par 19\" StoreServ 8000 - 8x NVMe + 32x 2,5\" SFF SSD SSD HDD - Cyberlogics Technologies Angola","description":"A Maior Loja Online de Angola de Licen\u00e7as Microsoft Office | Chaves Sistemas Operativos Windows | Antiv\u00edrus | Cloud Adobe | Inform\u00e1tica & Servidores | Softwares de Gest\u00e3o ERP | Gaming Hardware | UPS e Baterias & Muito Mais...","robots":{"index":"index","follow":"follow","max-snippet":"max-snippet:-1","max-image-preview":"max-image-preview:large","max-video-preview":"max-video-preview:-1"},"canonical":"https:\/\/cyberlogics.ao\/index.php\/product\/servidor-de-armazenamento-nas-com-truenas-community-edition-e-zfs-hp-proliant-dl380-gen10-armazenamento-hp-3par-19-storeserv-8000-8x-nvme-32x-25-sff-ssd-ssd-hdd\/","og_locale":"pt_PT","og_type":"article","og_title":"Servidor de armazenamento NAS com TrueNAS Community Edition e ZFS - HP ProLiant DL380 Gen10 + Armazenamento HP 3Par 19\" StoreServ 8000 - 8x NVMe + 32x 2,5\" SFF SSD SSD HDD - Cyberlogics Technologies Angola","og_description":"A Maior Loja Online de Angola de Licen\u00e7as Microsoft Office | Chaves Sistemas Operativos Windows | Antiv\u00edrus | Cloud Adobe | Inform\u00e1tica & Servidores | Softwares de Gest\u00e3o ERP | Gaming Hardware | UPS e Baterias & Muito Mais...","og_url":"https:\/\/cyberlogics.ao\/index.php\/product\/servidor-de-armazenamento-nas-com-truenas-community-edition-e-zfs-hp-proliant-dl380-gen10-armazenamento-hp-3par-19-storeserv-8000-8x-nvme-32x-25-sff-ssd-ssd-hdd\/","og_site_name":"Cyberlogics Technologies Angola","og_image":[{"width":140,"height":87,"url":"http:\/\/cyberlogics.ao\/wp-content\/uploads\/2025\/10\/truenas-zfs-nas-storage-server-hp-proliant-dl380-gen10-hp-3par-19-storeserv-8000-storage-8x-nvme-32x-25-sff-sas-ssd-hdd.jpg","type":"image\/jpeg"}],"twitter_card":"summary_large_image","twitter_misc":{"Tempo estimado de leitura":"1 minuto"},"schema":{"@context":"https:\/\/schema.org","@graph":[{"@type":"WebPage","@id":"https:\/\/cyberlogics.ao\/index.php\/product\/servidor-de-armazenamento-nas-com-truenas-community-edition-e-zfs-hp-proliant-dl380-gen10-armazenamento-hp-3par-19-storeserv-8000-8x-nvme-32x-25-sff-ssd-ssd-hdd\/","url":"https:\/\/cyberlogics.ao\/index.php\/product\/servidor-de-armazenamento-nas-com-truenas-community-edition-e-zfs-hp-proliant-dl380-gen10-armazenamento-hp-3par-19-storeserv-8000-8x-nvme-32x-25-sff-ssd-ssd-hdd\/","name":"Servidor de armazenamento NAS com TrueNAS Community Edition e ZFS - HP ProLiant DL380 Gen10 + Armazenamento HP 3Par 19\" StoreServ 8000 - 8x NVMe + 32x 2,5\" SFF SSD SSD HDD - Cyberlogics Technologies Angola","isPartOf":{"@id":"https:\/\/cyberlogics.ao\/#website"},"primaryImageOfPage":{"@id":"https:\/\/cyberlogics.ao\/index.php\/product\/servidor-de-armazenamento-nas-com-truenas-community-edition-e-zfs-hp-proliant-dl380-gen10-armazenamento-hp-3par-19-storeserv-8000-8x-nvme-32x-25-sff-ssd-ssd-hdd\/#primaryimage"},"image":{"@id":"https:\/\/cyberlogics.ao\/index.php\/product\/servidor-de-armazenamento-nas-com-truenas-community-edition-e-zfs-hp-proliant-dl380-gen10-armazenamento-hp-3par-19-storeserv-8000-8x-nvme-32x-25-sff-ssd-ssd-hdd\/#primaryimage"},"thumbnailUrl":"https:\/\/cyberlogics.ao\/wp-content\/uploads\/2025\/10\/truenas-zfs-nas-storage-server-hp-proliant-dl380-gen10-hp-3par-19-storeserv-8000-storage-8x-nvme-32x-25-sff-sas-ssd-hdd.jpg","datePublished":"2025-10-29T12:11:05+00:00","description":"A Maior Loja Online de Angola de Licen\u00e7as Microsoft Office | Chaves Sistemas Operativos Windows | Antiv\u00edrus | Cloud Adobe | Inform\u00e1tica & Servidores | Softwares de Gest\u00e3o ERP | Gaming Hardware | UPS e Baterias & Muito Mais...","breadcrumb":{"@id":"https:\/\/cyberlogics.ao\/index.php\/product\/servidor-de-armazenamento-nas-com-truenas-community-edition-e-zfs-hp-proliant-dl380-gen10-armazenamento-hp-3par-19-storeserv-8000-8x-nvme-32x-25-sff-ssd-ssd-hdd\/#breadcrumb"},"inLanguage":"pt-PT","potentialAction":[{"@type":"ReadAction","target":["https:\/\/cyberlogics.ao\/index.php\/product\/servidor-de-armazenamento-nas-com-truenas-community-edition-e-zfs-hp-proliant-dl380-gen10-armazenamento-hp-3par-19-storeserv-8000-8x-nvme-32x-25-sff-ssd-ssd-hdd\/"]}]},{"@type":"ImageObject","inLanguage":"pt-PT","@id":"https:\/\/cyberlogics.ao\/index.php\/product\/servidor-de-armazenamento-nas-com-truenas-community-edition-e-zfs-hp-proliant-dl380-gen10-armazenamento-hp-3par-19-storeserv-8000-8x-nvme-32x-25-sff-ssd-ssd-hdd\/#primaryimage","url":"https:\/\/cyberlogics.ao\/wp-content\/uploads\/2025\/10\/truenas-zfs-nas-storage-server-hp-proliant-dl380-gen10-hp-3par-19-storeserv-8000-storage-8x-nvme-32x-25-sff-sas-ssd-hdd.jpg","contentUrl":"https:\/\/cyberlogics.ao\/wp-content\/uploads\/2025\/10\/truenas-zfs-nas-storage-server-hp-proliant-dl380-gen10-hp-3par-19-storeserv-8000-storage-8x-nvme-32x-25-sff-sas-ssd-hdd.jpg","width":140,"height":87},{"@type":"BreadcrumbList","@id":"https:\/\/cyberlogics.ao\/index.php\/product\/servidor-de-armazenamento-nas-com-truenas-community-edition-e-zfs-hp-proliant-dl380-gen10-armazenamento-hp-3par-19-storeserv-8000-8x-nvme-32x-25-sff-ssd-ssd-hdd\/#breadcrumb","itemListElement":[{"@type":"ListItem","position":1,"name":"In\u00edcio","item":"https:\/\/cyberlogics.ao\/"},{"@type":"ListItem","position":2,"name":"Produtos","item":"https:\/\/cyberlogics.ao\/index.php\/shop-2\/"},{"@type":"ListItem","position":3,"name":"Servidor de armazenamento NAS com TrueNAS Community Edition e ZFS &#8211; HP ProLiant DL380 Gen10 + Armazenamento HP 3Par 19&#8243; StoreServ 8000 &#8211; 8x NVMe + 32x 2,5&#8243; SFF SSD SSD HDD"}]},{"@type":"WebSite","@id":"https:\/\/cyberlogics.ao\/#website","url":"https:\/\/cyberlogics.ao\/","name":"Cyberlogics Technologies Angola","description":"Loja Online de Licen\u00e7as de Softwares e Inform\u00e1tica","publisher":{"@id":"https:\/\/cyberlogics.ao\/#organization"},"potentialAction":[{"@type":"SearchAction","target":{"@type":"EntryPoint","urlTemplate":"https:\/\/cyberlogics.ao\/?s={search_term_string}"},"query-input":{"@type":"PropertyValueSpecification","valueRequired":true,"valueName":"search_term_string"}}],"inLanguage":"pt-PT"},{"@type":"Organization","@id":"https:\/\/cyberlogics.ao\/#organization","name":"Cyberlogics Ao Technologies - Loja Online de Licen\u00e7as de Softwares e Inform\u00e1tica","url":"https:\/\/cyberlogics.ao\/","logo":{"@type":"ImageObject","inLanguage":"pt-PT","@id":"https:\/\/cyberlogics.ao\/#\/schema\/logo\/image\/","url":"https:\/\/cyberlogics.ao\/wp-content\/uploads\/2022\/04\/CT-logo.png","contentUrl":"https:\/\/cyberlogics.ao\/wp-content\/uploads\/2022\/04\/CT-logo.png","width":190,"height":75,"caption":"Cyberlogics Ao Technologies - Loja Online de Licen\u00e7as de Softwares e Inform\u00e1tica"},"image":{"@id":"https:\/\/cyberlogics.ao\/#\/schema\/logo\/image\/"}}]}},"_links":{"self":[{"href":"https:\/\/cyberlogics.ao\/index.php\/wp-json\/wp\/v2\/product\/10546","targetHints":{"allow":["GET"]}}],"collection":[{"href":"https:\/\/cyberlogics.ao\/index.php\/wp-json\/wp\/v2\/product"}],"about":[{"href":"https:\/\/cyberlogics.ao\/index.php\/wp-json\/wp\/v2\/types\/product"}],"replies":[{"embeddable":true,"href":"https:\/\/cyberlogics.ao\/index.php\/wp-json\/wp\/v2\/comments?post=10546"}],"wp:featuredmedia":[{"embeddable":true,"href":"https:\/\/cyberlogics.ao\/index.php\/wp-json\/wp\/v2\/media\/10547"}],"wp:attachment":[{"href":"https:\/\/cyberlogics.ao\/index.php\/wp-json\/wp\/v2\/media?parent=10546"}],"wp:term":[{"taxonomy":"product_brand","embeddable":true,"href":"https:\/\/cyberlogics.ao\/index.php\/wp-json\/wp\/v2\/product_brand?post=10546"},{"taxonomy":"product_cat","embeddable":true,"href":"https:\/\/cyberlogics.ao\/index.php\/wp-json\/wp\/v2\/product_cat?post=10546"},{"taxonomy":"product_tag","embeddable":true,"href":"https:\/\/cyberlogics.ao\/index.php\/wp-json\/wp\/v2\/product_tag?post=10546"}],"curies":[{"name":"wp","href":"https:\/\/api.w.org\/{rel}","templated":true}]}}