{"id":10559,"date":"2025-10-30T10:12:19","date_gmt":"2025-10-30T10:12:19","guid":{"rendered":"https:\/\/cyberlogics.ao\/?post_type=product&#038;p=10559"},"modified":"2025-10-30T10:12:20","modified_gmt":"2025-10-30T10:12:20","slug":"servidor-de-armazenamento-nas-com-truenas-community-edition-e-zfs-supermicro-cse-819u-x10dru-i-19-1u-4x-35-lff","status":"publish","type":"product","link":"https:\/\/cyberlogics.ao\/index.php\/product\/servidor-de-armazenamento-nas-com-truenas-community-edition-e-zfs-supermicro-cse-819u-x10dru-i-19-1u-4x-35-lff\/","title":{"rendered":"Servidor de armazenamento NAS com TrueNAS Community Edition e ZFS &#8211; Supermicro CSE-819U X10DRU-i+ 19&#8243; 1U 4x 3,5&#8243; LFF"},"content":{"rendered":"<p>&nbsp;<\/p>\n<div id=\"product_info_left\">\n<div id=\"product_description\">\n<div class=\"toggler_content\">\n<div class=\"product_description_list product_description_server\">\n<div class=\"description_line\"><span><strong>Fornecedor:\u00a0<\/strong>Supermicro<\/span><\/div>\n<div class=\"description_line\"><span><strong>Tipo:\u00a0<\/strong>19&#8243; 1 ELE<\/span><\/div>\n<div class=\"description_line\"><span><strong>Modelo:\u00a0<\/strong>Supermicro CSE-819U X10DRU-i+ 19&#8243; 1U 4x 3,5&#8243; LFF<\/span><\/div>\n<div class=\"description_line\"><span><strong>Baias de HDD Festplatten\u00a0<\/strong>4x HotSwap HDD Bays 3Gb\/6Gb Backplane &#8211; sem hdds selecionados, sem bandejas de hdd inclu\u00eddas<\/span><\/div>\n<div class=\"description_line\"><span><strong>Dispositivo de armazenamento:<\/strong><br \/>\nTrueNAS Community Edition pr\u00e9-instalado em USB-Stick interno<\/span><\/div>\n<div class=\"description_line\"><span><strong>Interfaces internas:<\/strong><br \/>\n2x CPU Sockel 2011-3 Intel Xeon E5-2600 v3\/v4 series<br \/>\nprocessor 24x DDR4 288pin ECC DIMM Bancos de at\u00e9 3 TB de RAM<br \/>\nChipset Intel\u00ae C612<br \/>\nIPMI 2.0 e KVM integrados com LAN<br \/>\ndedicada 1x PCIe 3.0 (x8) Low Profile<br \/>\n2x PCIe 3.0 (x16) Full Profile<br \/>\n3x USB 3.0 (2 traseiros, 1 Tipo A)<br \/>\n1x Cabe\u00e7alho TPM &amp; Chip ambos<br \/>\n4x 3,5&#8243; LFF HDD HotSwap Bays 6G SAS 6G S-ATA<\/span><\/div>\n<div class=\"description_line\"><span><strong>Interfaces externas:<\/strong><br \/>\n2x USB 3.0<br \/>\n2x USB 3.0 (2 traseiras)<br \/>\n4x RJ-45 LAN Gigabit 100\/1000\/10.000 Mbit via AOC-UR-i4XT<br \/>\n1x RJ-45 Gerenciamento de servidor Porta<br \/>\nIPMI 1x VGA<br \/>\n1x Interface Seriell RS232<br \/>\n* interfaces opcionais de interface im Konfigurator<\/span><\/div>\n<div class=\"description_line\"><span><strong>Servi\u00e7os dispon\u00edveis:<\/strong><br \/>\nSMB \/ CIFS<br \/>\niSCSI, FC, NFS<br \/>\nFTP, WebDAV, rsync<\/span><\/div>\n<div id=\"zstand\"><strong>Condi\u00e7\u00e3o do item:\u00a0<\/strong>reformado, Grau A<br \/>\nCada dispositivo foi limpo e cuidadosamente verificado antes da entrega. O firmware gratuito mais recente dispon\u00edvel foi atualizado no systembios, no controlador de armazenamento, rede e gerenciamento.<\/div>\n<\/div>\n<p>TrueNAS \u00e9 uma marca comercial da iXsystems, Inc<\/p>\n<\/div>\n<\/div>\n<\/div>\n","protected":false},"excerpt":{"rendered":"<div class=\"product_description_list product_description_server\">\n<div class=\"description_line\"><strong>Fornecedor:\u00a0<\/strong>Supermicro<\/div>\n<div class=\"description_line\"><strong>Tipo:\u00a0<\/strong>19&#8243; 1 ELE<\/div>\n<div class=\"description_line\"><strong>Modelo:\u00a0<\/strong>Supermicro CSE-819U X10DRU-i+ 19&#8243; 1U 4x 3,5&#8243; LFF<\/div>\n<div class=\"description_line\"><strong>Baias de HDD Festplatten\u00a0<\/strong>4x HotSwap HDD Bays 3Gb\/6Gb Backplane &#8211; sem hdds selecionados, sem bandejas de hdd inclu\u00eddas<\/div>\n<div class=\"description_line\"><strong>Dispositivo de armazenamento:<\/strong><br \/>\nTrueNAS Community Edition pr\u00e9-instalado em USB-Stick interno<\/div>\n<div class=\"description_line\"><strong>Interfaces internas:<\/strong><br \/>\n2x CPU Sockel 2011-3 Intel Xeon E5-2600 v3\/v4 series<br \/>\nprocessor 24x DDR4 288pin ECC DIMM Bancos de at\u00e9 3 TB de RAM<br \/>\nChipset Intel\u00ae C612<br \/>\nIPMI 2.0 e KVM integrados com LAN<br \/>\ndedicada 1x PCIe 3.0 (x8) Low Profile<br \/>\n2x PCIe 3.0 (x16) Full Profile<br \/>\n3x USB 3.0 (2 traseiros, 1 Tipo A)<br \/>\n1x Cabe\u00e7alho TPM &amp; Chip ambos<br \/>\n4x 3,5&#8243; LFF HDD HotSwap Bays 6G SAS 6G S-ATA<\/div>\n<div class=\"description_line\"><strong>Interfaces externas:<\/strong><br \/>\n2x USB 3.0<br \/>\n2x USB 3.0 (2 traseiras)<br \/>\n4x RJ-45 LAN Gigabit 100\/1000\/10.000 Mbit via AOC-UR-i4XT<br \/>\n1x RJ-45 Gerenciamento de servidor Porta<br \/>\nIPMI 1x VGA<br \/>\n1x Interface Seriell RS232<br \/>\n* interfaces opcionais de interface im Konfigurator<\/div>\n<div class=\"description_line\"><strong>Servi\u00e7os dispon\u00edveis:<\/strong><br \/>\nSMB \/ CIFS<br \/>\niSCSI, FC, NFS<br \/>\nFTP, WebDAV, rsync<\/div>\n<div id=\"zstand\"><strong>Condi\u00e7\u00e3o do item:\u00a0<\/strong>reformado, Grau A<br \/>\nCada dispositivo foi limpo e cuidadosamente verificado antes da entrega. O firmware gratuito mais recente dispon\u00edvel foi atualizado no systembios, no controlador de armazenamento, rede e gerenciamento.<\/div>\n<\/div>\n<p>TrueNAS \u00e9 uma marca comercial da iXsystems, Inc<\/p>\n","protected":false},"featured_media":10562,"comment_status":"open","ping_status":"closed","template":"","meta":{"_joinchat":[]},"product_brand":[],"product_cat":[341,817],"product_tag":[],"class_list":{"0":"post-10559","1":"product","2":"type-product","3":"status-publish","4":"has-post-thumbnail","6":"product_cat-armazenamentos","7":"product_cat-servidor-de-armazenamento-nas","9":"first","10":"instock","11":"shipping-taxable","12":"purchasable","13":"product-type-simple"},"yoast_head":"<!-- This site is optimized with the Yoast SEO plugin v27.4 - https:\/\/yoast.com\/product\/yoast-seo-wordpress\/ -->\n<title>Servidor de armazenamento NAS com TrueNAS Community Edition e ZFS - Supermicro CSE-819U X10DRU-i+ 19&quot; 1U 4x 3,5&quot; LFF - Cyberlogics Technologies Angola<\/title>\n<meta name=\"description\" content=\"A Maior Loja Online de Angola de Licen\u00e7as Microsoft Office | Chaves Sistemas Operativos Windows | Antiv\u00edrus | Cloud Adobe | Inform\u00e1tica &amp; Servidores | Softwares de Gest\u00e3o ERP | Gaming Hardware | UPS e Baterias &amp; Muito Mais...\" \/>\n<meta name=\"robots\" content=\"index, follow, max-snippet:-1, max-image-preview:large, max-video-preview:-1\" \/>\n<link rel=\"canonical\" href=\"https:\/\/cyberlogics.ao\/index.php\/product\/servidor-de-armazenamento-nas-com-truenas-community-edition-e-zfs-supermicro-cse-819u-x10dru-i-19-1u-4x-35-lff\/\" \/>\n<meta property=\"og:locale\" content=\"pt_PT\" \/>\n<meta property=\"og:type\" content=\"article\" \/>\n<meta property=\"og:title\" content=\"Servidor de armazenamento NAS com TrueNAS Community Edition e ZFS - Supermicro CSE-819U X10DRU-i+ 19&quot; 1U 4x 3,5&quot; LFF - Cyberlogics Technologies Angola\" \/>\n<meta property=\"og:description\" content=\"A Maior Loja Online de Angola de Licen\u00e7as Microsoft Office | Chaves Sistemas Operativos Windows | Antiv\u00edrus | Cloud Adobe | Inform\u00e1tica &amp; Servidores | Softwares de Gest\u00e3o ERP | Gaming Hardware | UPS e Baterias &amp; Muito Mais...\" \/>\n<meta property=\"og:url\" content=\"https:\/\/cyberlogics.ao\/index.php\/product\/servidor-de-armazenamento-nas-com-truenas-community-edition-e-zfs-supermicro-cse-819u-x10dru-i-19-1u-4x-35-lff\/\" \/>\n<meta property=\"og:site_name\" content=\"Cyberlogics Technologies Angola\" \/>\n<meta property=\"article:modified_time\" content=\"2025-10-30T10:12:20+00:00\" \/>\n<meta property=\"og:image\" content=\"http:\/\/cyberlogics.ao\/wp-content\/uploads\/2025\/10\/freenas-zfs-storage-server-supermicro-cse-819u-x10dru-i-19-1u-4x-35-lff-11322-m-2.jpg\" \/>\n\t<meta property=\"og:image:width\" content=\"140\" \/>\n\t<meta property=\"og:image:height\" content=\"88\" \/>\n\t<meta property=\"og:image:type\" content=\"image\/jpeg\" \/>\n<meta name=\"twitter:card\" content=\"summary_large_image\" \/>\n<meta name=\"twitter:label1\" content=\"Tempo estimado de leitura\" \/>\n\t<meta name=\"twitter:data1\" content=\"1 minuto\" \/>\n<script type=\"application\/ld+json\" class=\"yoast-schema-graph\">{\"@context\":\"https:\\\/\\\/schema.org\",\"@graph\":[{\"@type\":\"WebPage\",\"@id\":\"https:\\\/\\\/cyberlogics.ao\\\/index.php\\\/product\\\/servidor-de-armazenamento-nas-com-truenas-community-edition-e-zfs-supermicro-cse-819u-x10dru-i-19-1u-4x-35-lff\\\/\",\"url\":\"https:\\\/\\\/cyberlogics.ao\\\/index.php\\\/product\\\/servidor-de-armazenamento-nas-com-truenas-community-edition-e-zfs-supermicro-cse-819u-x10dru-i-19-1u-4x-35-lff\\\/\",\"name\":\"Servidor de armazenamento NAS com TrueNAS Community Edition e ZFS - Supermicro CSE-819U X10DRU-i+ 19\\\" 1U 4x 3,5\\\" LFF - Cyberlogics Technologies Angola\",\"isPartOf\":{\"@id\":\"https:\\\/\\\/cyberlogics.ao\\\/#website\"},\"primaryImageOfPage\":{\"@id\":\"https:\\\/\\\/cyberlogics.ao\\\/index.php\\\/product\\\/servidor-de-armazenamento-nas-com-truenas-community-edition-e-zfs-supermicro-cse-819u-x10dru-i-19-1u-4x-35-lff\\\/#primaryimage\"},\"image\":{\"@id\":\"https:\\\/\\\/cyberlogics.ao\\\/index.php\\\/product\\\/servidor-de-armazenamento-nas-com-truenas-community-edition-e-zfs-supermicro-cse-819u-x10dru-i-19-1u-4x-35-lff\\\/#primaryimage\"},\"thumbnailUrl\":\"https:\\\/\\\/cyberlogics.ao\\\/wp-content\\\/uploads\\\/2025\\\/10\\\/freenas-zfs-storage-server-supermicro-cse-819u-x10dru-i-19-1u-4x-35-lff-11322-m-2.jpg\",\"datePublished\":\"2025-10-30T10:12:19+00:00\",\"dateModified\":\"2025-10-30T10:12:20+00:00\",\"description\":\"A Maior Loja Online de Angola de Licen\u00e7as Microsoft Office | Chaves Sistemas Operativos Windows | Antiv\u00edrus | Cloud Adobe | Inform\u00e1tica & Servidores | Softwares de Gest\u00e3o ERP | Gaming Hardware | UPS e Baterias & Muito Mais...\",\"breadcrumb\":{\"@id\":\"https:\\\/\\\/cyberlogics.ao\\\/index.php\\\/product\\\/servidor-de-armazenamento-nas-com-truenas-community-edition-e-zfs-supermicro-cse-819u-x10dru-i-19-1u-4x-35-lff\\\/#breadcrumb\"},\"inLanguage\":\"pt-PT\",\"potentialAction\":[{\"@type\":\"ReadAction\",\"target\":[\"https:\\\/\\\/cyberlogics.ao\\\/index.php\\\/product\\\/servidor-de-armazenamento-nas-com-truenas-community-edition-e-zfs-supermicro-cse-819u-x10dru-i-19-1u-4x-35-lff\\\/\"]}]},{\"@type\":\"ImageObject\",\"inLanguage\":\"pt-PT\",\"@id\":\"https:\\\/\\\/cyberlogics.ao\\\/index.php\\\/product\\\/servidor-de-armazenamento-nas-com-truenas-community-edition-e-zfs-supermicro-cse-819u-x10dru-i-19-1u-4x-35-lff\\\/#primaryimage\",\"url\":\"https:\\\/\\\/cyberlogics.ao\\\/wp-content\\\/uploads\\\/2025\\\/10\\\/freenas-zfs-storage-server-supermicro-cse-819u-x10dru-i-19-1u-4x-35-lff-11322-m-2.jpg\",\"contentUrl\":\"https:\\\/\\\/cyberlogics.ao\\\/wp-content\\\/uploads\\\/2025\\\/10\\\/freenas-zfs-storage-server-supermicro-cse-819u-x10dru-i-19-1u-4x-35-lff-11322-m-2.jpg\",\"width\":140,\"height\":88},{\"@type\":\"BreadcrumbList\",\"@id\":\"https:\\\/\\\/cyberlogics.ao\\\/index.php\\\/product\\\/servidor-de-armazenamento-nas-com-truenas-community-edition-e-zfs-supermicro-cse-819u-x10dru-i-19-1u-4x-35-lff\\\/#breadcrumb\",\"itemListElement\":[{\"@type\":\"ListItem\",\"position\":1,\"name\":\"In\u00edcio\",\"item\":\"https:\\\/\\\/cyberlogics.ao\\\/\"},{\"@type\":\"ListItem\",\"position\":2,\"name\":\"Produtos\",\"item\":\"https:\\\/\\\/cyberlogics.ao\\\/index.php\\\/shop-2\\\/\"},{\"@type\":\"ListItem\",\"position\":3,\"name\":\"Servidor de armazenamento NAS com TrueNAS Community Edition e ZFS &#8211; Supermicro CSE-819U X10DRU-i+ 19&#8243; 1U 4x 3,5&#8243; LFF\"}]},{\"@type\":\"WebSite\",\"@id\":\"https:\\\/\\\/cyberlogics.ao\\\/#website\",\"url\":\"https:\\\/\\\/cyberlogics.ao\\\/\",\"name\":\"Cyberlogics Technologies Angola\",\"description\":\"Loja Online de Licen\u00e7as de Softwares e Inform\u00e1tica\",\"publisher\":{\"@id\":\"https:\\\/\\\/cyberlogics.ao\\\/#organization\"},\"potentialAction\":[{\"@type\":\"SearchAction\",\"target\":{\"@type\":\"EntryPoint\",\"urlTemplate\":\"https:\\\/\\\/cyberlogics.ao\\\/?s={search_term_string}\"},\"query-input\":{\"@type\":\"PropertyValueSpecification\",\"valueRequired\":true,\"valueName\":\"search_term_string\"}}],\"inLanguage\":\"pt-PT\"},{\"@type\":\"Organization\",\"@id\":\"https:\\\/\\\/cyberlogics.ao\\\/#organization\",\"name\":\"Cyberlogics Ao Technologies - Loja Online de Licen\u00e7as de Softwares e Inform\u00e1tica\",\"url\":\"https:\\\/\\\/cyberlogics.ao\\\/\",\"logo\":{\"@type\":\"ImageObject\",\"inLanguage\":\"pt-PT\",\"@id\":\"https:\\\/\\\/cyberlogics.ao\\\/#\\\/schema\\\/logo\\\/image\\\/\",\"url\":\"https:\\\/\\\/cyberlogics.ao\\\/wp-content\\\/uploads\\\/2022\\\/04\\\/CT-logo.png\",\"contentUrl\":\"https:\\\/\\\/cyberlogics.ao\\\/wp-content\\\/uploads\\\/2022\\\/04\\\/CT-logo.png\",\"width\":190,\"height\":75,\"caption\":\"Cyberlogics Ao Technologies - Loja Online de Licen\u00e7as de Softwares e Inform\u00e1tica\"},\"image\":{\"@id\":\"https:\\\/\\\/cyberlogics.ao\\\/#\\\/schema\\\/logo\\\/image\\\/\"}}]}<\/script>\n<!-- \/ Yoast SEO plugin. -->","yoast_head_json":{"title":"Servidor de armazenamento NAS com TrueNAS Community Edition e ZFS - Supermicro CSE-819U X10DRU-i+ 19\" 1U 4x 3,5\" LFF - Cyberlogics Technologies Angola","description":"A Maior Loja Online de Angola de Licen\u00e7as Microsoft Office | Chaves Sistemas Operativos Windows | Antiv\u00edrus | Cloud Adobe | Inform\u00e1tica & Servidores | Softwares de Gest\u00e3o ERP | Gaming Hardware | UPS e Baterias & Muito Mais...","robots":{"index":"index","follow":"follow","max-snippet":"max-snippet:-1","max-image-preview":"max-image-preview:large","max-video-preview":"max-video-preview:-1"},"canonical":"https:\/\/cyberlogics.ao\/index.php\/product\/servidor-de-armazenamento-nas-com-truenas-community-edition-e-zfs-supermicro-cse-819u-x10dru-i-19-1u-4x-35-lff\/","og_locale":"pt_PT","og_type":"article","og_title":"Servidor de armazenamento NAS com TrueNAS Community Edition e ZFS - Supermicro CSE-819U X10DRU-i+ 19\" 1U 4x 3,5\" LFF - Cyberlogics Technologies Angola","og_description":"A Maior Loja Online de Angola de Licen\u00e7as Microsoft Office | Chaves Sistemas Operativos Windows | Antiv\u00edrus | Cloud Adobe | Inform\u00e1tica & Servidores | Softwares de Gest\u00e3o ERP | Gaming Hardware | UPS e Baterias & Muito Mais...","og_url":"https:\/\/cyberlogics.ao\/index.php\/product\/servidor-de-armazenamento-nas-com-truenas-community-edition-e-zfs-supermicro-cse-819u-x10dru-i-19-1u-4x-35-lff\/","og_site_name":"Cyberlogics Technologies Angola","article_modified_time":"2025-10-30T10:12:20+00:00","og_image":[{"width":140,"height":88,"url":"http:\/\/cyberlogics.ao\/wp-content\/uploads\/2025\/10\/freenas-zfs-storage-server-supermicro-cse-819u-x10dru-i-19-1u-4x-35-lff-11322-m-2.jpg","type":"image\/jpeg"}],"twitter_card":"summary_large_image","twitter_misc":{"Tempo estimado de leitura":"1 minuto"},"schema":{"@context":"https:\/\/schema.org","@graph":[{"@type":"WebPage","@id":"https:\/\/cyberlogics.ao\/index.php\/product\/servidor-de-armazenamento-nas-com-truenas-community-edition-e-zfs-supermicro-cse-819u-x10dru-i-19-1u-4x-35-lff\/","url":"https:\/\/cyberlogics.ao\/index.php\/product\/servidor-de-armazenamento-nas-com-truenas-community-edition-e-zfs-supermicro-cse-819u-x10dru-i-19-1u-4x-35-lff\/","name":"Servidor de armazenamento NAS com TrueNAS Community Edition e ZFS - Supermicro CSE-819U X10DRU-i+ 19\" 1U 4x 3,5\" LFF - Cyberlogics Technologies Angola","isPartOf":{"@id":"https:\/\/cyberlogics.ao\/#website"},"primaryImageOfPage":{"@id":"https:\/\/cyberlogics.ao\/index.php\/product\/servidor-de-armazenamento-nas-com-truenas-community-edition-e-zfs-supermicro-cse-819u-x10dru-i-19-1u-4x-35-lff\/#primaryimage"},"image":{"@id":"https:\/\/cyberlogics.ao\/index.php\/product\/servidor-de-armazenamento-nas-com-truenas-community-edition-e-zfs-supermicro-cse-819u-x10dru-i-19-1u-4x-35-lff\/#primaryimage"},"thumbnailUrl":"https:\/\/cyberlogics.ao\/wp-content\/uploads\/2025\/10\/freenas-zfs-storage-server-supermicro-cse-819u-x10dru-i-19-1u-4x-35-lff-11322-m-2.jpg","datePublished":"2025-10-30T10:12:19+00:00","dateModified":"2025-10-30T10:12:20+00:00","description":"A Maior Loja Online de Angola de Licen\u00e7as Microsoft Office | Chaves Sistemas Operativos Windows | Antiv\u00edrus | Cloud Adobe | Inform\u00e1tica & Servidores | Softwares de Gest\u00e3o ERP | Gaming Hardware | UPS e Baterias & Muito Mais...","breadcrumb":{"@id":"https:\/\/cyberlogics.ao\/index.php\/product\/servidor-de-armazenamento-nas-com-truenas-community-edition-e-zfs-supermicro-cse-819u-x10dru-i-19-1u-4x-35-lff\/#breadcrumb"},"inLanguage":"pt-PT","potentialAction":[{"@type":"ReadAction","target":["https:\/\/cyberlogics.ao\/index.php\/product\/servidor-de-armazenamento-nas-com-truenas-community-edition-e-zfs-supermicro-cse-819u-x10dru-i-19-1u-4x-35-lff\/"]}]},{"@type":"ImageObject","inLanguage":"pt-PT","@id":"https:\/\/cyberlogics.ao\/index.php\/product\/servidor-de-armazenamento-nas-com-truenas-community-edition-e-zfs-supermicro-cse-819u-x10dru-i-19-1u-4x-35-lff\/#primaryimage","url":"https:\/\/cyberlogics.ao\/wp-content\/uploads\/2025\/10\/freenas-zfs-storage-server-supermicro-cse-819u-x10dru-i-19-1u-4x-35-lff-11322-m-2.jpg","contentUrl":"https:\/\/cyberlogics.ao\/wp-content\/uploads\/2025\/10\/freenas-zfs-storage-server-supermicro-cse-819u-x10dru-i-19-1u-4x-35-lff-11322-m-2.jpg","width":140,"height":88},{"@type":"BreadcrumbList","@id":"https:\/\/cyberlogics.ao\/index.php\/product\/servidor-de-armazenamento-nas-com-truenas-community-edition-e-zfs-supermicro-cse-819u-x10dru-i-19-1u-4x-35-lff\/#breadcrumb","itemListElement":[{"@type":"ListItem","position":1,"name":"In\u00edcio","item":"https:\/\/cyberlogics.ao\/"},{"@type":"ListItem","position":2,"name":"Produtos","item":"https:\/\/cyberlogics.ao\/index.php\/shop-2\/"},{"@type":"ListItem","position":3,"name":"Servidor de armazenamento NAS com TrueNAS Community Edition e ZFS &#8211; Supermicro CSE-819U X10DRU-i+ 19&#8243; 1U 4x 3,5&#8243; LFF"}]},{"@type":"WebSite","@id":"https:\/\/cyberlogics.ao\/#website","url":"https:\/\/cyberlogics.ao\/","name":"Cyberlogics Technologies Angola","description":"Loja Online de Licen\u00e7as de Softwares e Inform\u00e1tica","publisher":{"@id":"https:\/\/cyberlogics.ao\/#organization"},"potentialAction":[{"@type":"SearchAction","target":{"@type":"EntryPoint","urlTemplate":"https:\/\/cyberlogics.ao\/?s={search_term_string}"},"query-input":{"@type":"PropertyValueSpecification","valueRequired":true,"valueName":"search_term_string"}}],"inLanguage":"pt-PT"},{"@type":"Organization","@id":"https:\/\/cyberlogics.ao\/#organization","name":"Cyberlogics Ao Technologies - Loja Online de Licen\u00e7as de Softwares e Inform\u00e1tica","url":"https:\/\/cyberlogics.ao\/","logo":{"@type":"ImageObject","inLanguage":"pt-PT","@id":"https:\/\/cyberlogics.ao\/#\/schema\/logo\/image\/","url":"https:\/\/cyberlogics.ao\/wp-content\/uploads\/2022\/04\/CT-logo.png","contentUrl":"https:\/\/cyberlogics.ao\/wp-content\/uploads\/2022\/04\/CT-logo.png","width":190,"height":75,"caption":"Cyberlogics Ao Technologies - Loja Online de Licen\u00e7as de Softwares e Inform\u00e1tica"},"image":{"@id":"https:\/\/cyberlogics.ao\/#\/schema\/logo\/image\/"}}]}},"_links":{"self":[{"href":"https:\/\/cyberlogics.ao\/index.php\/wp-json\/wp\/v2\/product\/10559","targetHints":{"allow":["GET"]}}],"collection":[{"href":"https:\/\/cyberlogics.ao\/index.php\/wp-json\/wp\/v2\/product"}],"about":[{"href":"https:\/\/cyberlogics.ao\/index.php\/wp-json\/wp\/v2\/types\/product"}],"replies":[{"embeddable":true,"href":"https:\/\/cyberlogics.ao\/index.php\/wp-json\/wp\/v2\/comments?post=10559"}],"wp:featuredmedia":[{"embeddable":true,"href":"https:\/\/cyberlogics.ao\/index.php\/wp-json\/wp\/v2\/media\/10562"}],"wp:attachment":[{"href":"https:\/\/cyberlogics.ao\/index.php\/wp-json\/wp\/v2\/media?parent=10559"}],"wp:term":[{"taxonomy":"product_brand","embeddable":true,"href":"https:\/\/cyberlogics.ao\/index.php\/wp-json\/wp\/v2\/product_brand?post=10559"},{"taxonomy":"product_cat","embeddable":true,"href":"https:\/\/cyberlogics.ao\/index.php\/wp-json\/wp\/v2\/product_cat?post=10559"},{"taxonomy":"product_tag","embeddable":true,"href":"https:\/\/cyberlogics.ao\/index.php\/wp-json\/wp\/v2\/product_tag?post=10559"}],"curies":[{"name":"wp","href":"https:\/\/api.w.org\/{rel}","templated":true}]}}