{"id":10563,"date":"2025-10-30T10:31:12","date_gmt":"2025-10-30T10:31:12","guid":{"rendered":"https:\/\/cyberlogics.ao\/?post_type=product&#038;p=10563"},"modified":"2025-10-30T10:31:12","modified_gmt":"2025-10-30T10:31:12","slug":"servidor-de-armazenamento-nas-com-truenas-community-edition-e-zfs-supermicro-cse-829u-x10dru-i-19-2u-12x-35-lff-ddr4-ecc-raid-4x-10gbe-x540-2x-psu","status":"publish","type":"product","link":"https:\/\/cyberlogics.ao\/index.php\/product\/servidor-de-armazenamento-nas-com-truenas-community-edition-e-zfs-supermicro-cse-829u-x10dru-i-19-2u-12x-35-lff-ddr4-ecc-raid-4x-10gbe-x540-2x-psu\/","title":{"rendered":"Servidor de armazenamento NAS com TrueNAS Community Edition e ZFS &#8211; Supermicro CSE-829U X10DRU-i+ 19&#8243; 2U 12x 3,5&#8243; LFF DDR4 ECC Raid 4x 10GbE X540 2x PSU"},"content":{"rendered":"<div class=\"product_description_list product_description_server\">\n<div class=\"description_line\"><span><strong>Fornecedor:\u00a0<\/strong>Supermicro<\/span><\/div>\n<div class=\"description_line\"><span><strong>Tipo de unidade:\u00a0<\/strong>Servidor<\/span><\/div>\n<div class=\"description_line\"><span><strong>Tipo:\u00a0<\/strong>19&#8243; 2 HE<\/span><\/div>\n<div class=\"description_line\"><span><strong>Modelo:\u00a0<\/strong>CSE 829U X10DRU-i+ Rev 1.01<\/span><\/div>\n<div class=\"description_line\"><span><strong>Baias de HDD:\u00a0<\/strong>12x baias de HDD HotSwap SAS\/S-ATA Backplane<br \/>\nsem HDDs ou bandejas selecionadas n\u00e3o s\u00e3o bandejas de HDD inclu\u00eddas na entrega<\/span><\/div>\n<div class=\"description_line\"><span><strong>Unidade \u00f3ptica:\u00a0<\/strong>ohne<\/span><\/div>\n<div class=\"description_line\"><span><strong>Rede:\u00a0<\/strong><b>4x Intel X540 10 GbE Ethernet cooper LAN (RJ-45)<\/b><\/span><\/div>\n<div class=\"description_line\"><span><strong>Interfaces internas:<\/strong><br \/>\n2x CPU Sockel 2011-3 Processador<br \/>\nIntel Xeon E5-2600 s\u00e9rie v3\/v4 24x DDR4 288pin ECC DIMM Bancos de at\u00e9 3 TB de RAM<br \/>\nChipset Intel\u00ae C612<br \/>\nIPMI 2.0 e KVM integrados com LAN<br \/>\ndedicada 2x PCIe 3.0 (x16) Full Profile<br \/>\n1x PCIe 3.0 (x8) Low Profile<br \/>\n1x PCIe 3.0 (x8) estagi\u00e1rio<br \/>\n10x SATA3 (6Gbps); RAID 0, 1, 5, 10<br \/>\n3x USB 3.0 (2 traseiros, 1 Tipo A)<br \/>\n1x Cabe\u00e7alho TPM &amp; Chip ambos<br \/>\n12x 3,5&#8243; LFF HDD HotSwap Bays 12G SAS 6G S-ATA \/ SAS3 Expander Backplane BPN-SAS3-826EL1<\/span><\/div>\n<div class=\"description_line\"><span><strong>Interfaces externas:<\/strong><br \/>\n2x USB 3.0 (2 traseiras)<br \/>\n4x RJ-45 LAN Gigabit 100\/1000\/10.0000 Mbit<br \/>\n1x RJ45 Porta<br \/>\nLAN IPMI dedicada 1x VGA 15pol. Interface D-SUB<br \/>\n1x Seriell RS232<\/span><\/div>\n<div class=\"description_line\"><span><strong>Placa de v\u00eddeo:\u00a0<\/strong>Aspeed AST2400 BMC integrada<\/span><\/div>\n<div class=\"description_line\"><span><strong>Unidades de pot\u00eancia:\u00a0<\/strong>2 fontes de alimenta\u00e7\u00e3o HotSwap de 1000 W<\/span><\/div>\n<div class=\"description_line\"><span><strong>Sistemas operacionais compat\u00edveis:<\/strong><br \/>\n<b>Windows:<\/b>\u00a0Windows Server 2016, 2019, 2022*; Windows 10, 11*<br \/>\n*\u00e9 necess\u00e1rio<br \/>\num m\u00f3dulo TPM compat\u00edvel\u00a0<b>Virtualisierung:<\/b>\u00a0vmware ; Citrix ; Microsoft Hyper-V ; Proxmoxx; Linux KVM<br \/>\n<b>Linux Betriebssysteme:<\/b>\u00a0Linux Suse, Linux RHEL (RedHat), Debian, Fedora etc.<\/span><\/div>\n<div id=\"zstand\"><span><strong>Condi\u00e7\u00e3o do item:\u00a0<\/strong>reformado, Grau A<br \/>\nCada dispositivo foi limpo e cuidadosamente verificado antes da entrega. O firmware gratuito mais recente dispon\u00edvel foi atualizado no systembios, no controlador de armazenamento, rede e gerenciamento.<\/span><\/div>\n<div class=\"description_line description_text\"><\/div>\n<\/div>\n<p>TrueNAS \u00e9 uma marca comercial da iXsystems, Inc<\/p>\n<div id=\"eupsvo\"><strong>Informa\u00e7\u00f5es do fabricante:<\/strong><\/p>\n<div>\n<div>Support_Europe@Supermicro.com<\/div>\n<div>Super Micro Computador, Inc. Het Sterrenbeeld 28 5215 ML, s-Hertogenbosch Niederlande<\/div>\n<\/div>\n<div>\n<div>Super Micro Computador, Inc. Avenida Rock 980 S\u00e3o Jos\u00e9, CA 95131 EUA<\/div>\n<\/div>\n<\/div>\n","protected":false},"excerpt":{"rendered":"<div class=\"product_description_list product_description_server\">\n<div class=\"description_line\"><span><strong>Fornecedor:\u00a0<\/strong>Supermicro<\/span><\/div>\n<div class=\"description_line\"><span><strong>Tipo de unidade:\u00a0<\/strong>Servidor<\/span><\/div>\n<div class=\"description_line\"><span><strong>Tipo:\u00a0<\/strong>19&#8243; 2 HE<\/span><\/div>\n<div class=\"description_line\"><span><strong>Modelo:\u00a0<\/strong>CSE 829U X10DRU-i+ Rev 1.01<\/span><\/div>\n<div class=\"description_line\"><span><strong>Baias de HDD:\u00a0<\/strong>12x baias de HDD HotSwap SAS\/S-ATA Backplane<br \/>\nsem HDDs ou bandejas selecionadas n\u00e3o s\u00e3o bandejas de HDD inclu\u00eddas na entrega<\/span><\/div>\n<div class=\"description_line\"><span><strong>Unidade \u00f3ptica:\u00a0<\/strong>ohne<\/span><\/div>\n<div class=\"description_line\"><span><strong>Rede:\u00a0<\/strong><b>4x Intel X540 10 GbE Ethernet cooper LAN (RJ-45)<\/b><\/span><\/div>\n<div class=\"description_line\"><span><strong>Interfaces internas:<\/strong><br \/>\n2x CPU Sockel 2011-3 Processador<br \/>\nIntel Xeon E5-2600 s\u00e9rie v3\/v4 24x DDR4 288pin ECC DIMM Bancos de at\u00e9 3 TB de RAM<br \/>\nChipset Intel\u00ae C612<br \/>\nIPMI 2.0 e KVM integrados com LAN<br \/>\ndedicada 2x PCIe 3.0 (x16) Full Profile<br \/>\n1x PCIe 3.0 (x8) Low Profile<br \/>\n1x PCIe 3.0 (x8) estagi\u00e1rio<br \/>\n10x SATA3 (6Gbps); RAID 0, 1, 5, 10<br \/>\n3x USB 3.0 (2 traseiros, 1 Tipo A)<br \/>\n1x Cabe\u00e7alho TPM &amp; Chip ambos<br \/>\n12x 3,5&#8243; LFF HDD HotSwap Bays 12G SAS 6G S-ATA \/ SAS3 Expander Backplane BPN-SAS3-826EL1<\/span><\/div>\n<div class=\"description_line\"><span><strong>Interfaces externas:<\/strong><br \/>\n2x USB 3.0 (2 traseiras)<br \/>\n4x RJ-45 LAN Gigabit 100\/1000\/10.0000 Mbit<br \/>\n1x RJ45 Porta<br \/>\nLAN IPMI dedicada 1x VGA 15pol. Interface D-SUB<br \/>\n1x Seriell RS232<\/span><\/div>\n<div class=\"description_line\"><span><strong>Placa de v\u00eddeo:\u00a0<\/strong>Aspeed AST2400 BMC integrada<\/span><\/div>\n<div class=\"description_line\"><span><strong>Unidades de pot\u00eancia:\u00a0<\/strong>2 fontes de alimenta\u00e7\u00e3o HotSwap de 1000 W<\/span><\/div>\n<div class=\"description_line\"><span><strong>Sistemas operacionais compat\u00edveis:<\/strong><br \/>\n<b>Windows:<\/b>\u00a0Windows Server 2016, 2019, 2022*; Windows 10, 11*<br \/>\n*\u00e9 necess\u00e1rio<br \/>\num m\u00f3dulo TPM compat\u00edvel\u00a0<b>Virtualisierung:<\/b>\u00a0vmware ; Citrix ; Microsoft Hyper-V ; Proxmoxx; Linux KVM<br \/>\n<b>Linux Betriebssysteme:<\/b>\u00a0Linux Suse, Linux RHEL (RedHat), Debian, Fedora etc.<\/span><\/div>\n<div id=\"zstand\"><span><strong>Condi\u00e7\u00e3o do item:\u00a0<\/strong>reformado, Grau A<br \/>\nCada dispositivo foi limpo e cuidadosamente verificado antes da entrega. O firmware gratuito mais recente dispon\u00edvel foi atualizado no systembios, no controlador de armazenamento, rede e gerenciamento.<\/span><\/div>\n<div class=\"description_line description_text\"><\/div>\n<\/div>\n<p>TrueNAS \u00e9 uma marca comercial da iXsystems, Inc<\/p>\n<div id=\"eupsvo\"><strong>Informa\u00e7\u00f5es do fabricante:<\/strong><\/p>\n<div>\n<div>Support_Europe@Supermicro.com<\/div>\n<div>Super Micro Computador, Inc. Het Sterrenbeeld 28 5215 ML, s-Hertogenbosch Niederlande<\/div>\n<\/div>\n<div>\n<div>Super Micro Computador, Inc. Avenida Rock 980 S\u00e3o Jos\u00e9, CA 95131 EUA<\/div>\n<\/div>\n<\/div>\n","protected":false},"featured_media":10565,"comment_status":"open","ping_status":"closed","template":"","meta":{"_joinchat":[]},"product_brand":[],"product_cat":[341,817],"product_tag":[],"class_list":{"0":"post-10563","1":"product","2":"type-product","3":"status-publish","4":"has-post-thumbnail","6":"product_cat-armazenamentos","7":"product_cat-servidor-de-armazenamento-nas","9":"first","10":"instock","11":"shipping-taxable","12":"purchasable","13":"product-type-simple"},"yoast_head":"<!-- This site is optimized with the Yoast SEO plugin v27.5 - https:\/\/yoast.com\/product\/yoast-seo-wordpress\/ -->\n<title>Servidor de armazenamento NAS com TrueNAS Community Edition e ZFS - Supermicro CSE-829U X10DRU-i+ 19&quot; 2U 12x 3,5&quot; LFF DDR4 ECC Raid 4x 10GbE X540 2x PSU - Cyberlogics Technologies Angola<\/title>\n<meta name=\"description\" content=\"A Maior Loja Online de Angola de Licen\u00e7as Microsoft Office | Chaves Sistemas Operativos Windows | Antiv\u00edrus | Cloud Adobe | Inform\u00e1tica &amp; Servidores | Softwares de Gest\u00e3o ERP | Gaming Hardware | UPS e Baterias &amp; Muito Mais...\" \/>\n<meta name=\"robots\" content=\"index, follow, max-snippet:-1, max-image-preview:large, max-video-preview:-1\" \/>\n<link rel=\"canonical\" href=\"https:\/\/cyberlogics.ao\/index.php\/product\/servidor-de-armazenamento-nas-com-truenas-community-edition-e-zfs-supermicro-cse-829u-x10dru-i-19-2u-12x-35-lff-ddr4-ecc-raid-4x-10gbe-x540-2x-psu\/\" \/>\n<meta property=\"og:locale\" content=\"pt_PT\" \/>\n<meta property=\"og:type\" content=\"article\" \/>\n<meta property=\"og:title\" content=\"Servidor de armazenamento NAS com TrueNAS Community Edition e ZFS - Supermicro CSE-829U X10DRU-i+ 19&quot; 2U 12x 3,5&quot; LFF DDR4 ECC Raid 4x 10GbE X540 2x PSU - Cyberlogics Technologies Angola\" \/>\n<meta property=\"og:description\" content=\"A Maior Loja Online de Angola de Licen\u00e7as Microsoft Office | Chaves Sistemas Operativos Windows | Antiv\u00edrus | Cloud Adobe | Inform\u00e1tica &amp; Servidores | Softwares de Gest\u00e3o ERP | Gaming Hardware | UPS e Baterias &amp; Muito Mais...\" \/>\n<meta property=\"og:url\" content=\"https:\/\/cyberlogics.ao\/index.php\/product\/servidor-de-armazenamento-nas-com-truenas-community-edition-e-zfs-supermicro-cse-829u-x10dru-i-19-2u-12x-35-lff-ddr4-ecc-raid-4x-10gbe-x540-2x-psu\/\" \/>\n<meta property=\"og:site_name\" content=\"Cyberlogics Technologies Angola\" \/>\n<meta property=\"og:image\" content=\"http:\/\/cyberlogics.ao\/wp-content\/uploads\/2025\/10\/truenas-zfs-nas-storage-server-supermicro-cse-829u-x10dru-i-19-2u-12x-35-lff-ddr4-ecc-raid-4x-10gbe-x540-2x-psu-15110-m-1-1.jpg\" \/>\n\t<meta property=\"og:image:width\" content=\"140\" \/>\n\t<meta property=\"og:image:height\" content=\"88\" \/>\n\t<meta property=\"og:image:type\" content=\"image\/jpeg\" \/>\n<meta name=\"twitter:card\" content=\"summary_large_image\" \/>\n<meta name=\"twitter:label1\" content=\"Tempo estimado de leitura\" \/>\n\t<meta name=\"twitter:data1\" content=\"1 minuto\" \/>\n<script type=\"application\/ld+json\" class=\"yoast-schema-graph\">{\"@context\":\"https:\\\/\\\/schema.org\",\"@graph\":[{\"@type\":\"WebPage\",\"@id\":\"https:\\\/\\\/cyberlogics.ao\\\/index.php\\\/product\\\/servidor-de-armazenamento-nas-com-truenas-community-edition-e-zfs-supermicro-cse-829u-x10dru-i-19-2u-12x-35-lff-ddr4-ecc-raid-4x-10gbe-x540-2x-psu\\\/\",\"url\":\"https:\\\/\\\/cyberlogics.ao\\\/index.php\\\/product\\\/servidor-de-armazenamento-nas-com-truenas-community-edition-e-zfs-supermicro-cse-829u-x10dru-i-19-2u-12x-35-lff-ddr4-ecc-raid-4x-10gbe-x540-2x-psu\\\/\",\"name\":\"Servidor de armazenamento NAS com TrueNAS Community Edition e ZFS - Supermicro CSE-829U X10DRU-i+ 19\\\" 2U 12x 3,5\\\" LFF DDR4 ECC Raid 4x 10GbE X540 2x PSU - Cyberlogics Technologies Angola\",\"isPartOf\":{\"@id\":\"https:\\\/\\\/cyberlogics.ao\\\/#website\"},\"primaryImageOfPage\":{\"@id\":\"https:\\\/\\\/cyberlogics.ao\\\/index.php\\\/product\\\/servidor-de-armazenamento-nas-com-truenas-community-edition-e-zfs-supermicro-cse-829u-x10dru-i-19-2u-12x-35-lff-ddr4-ecc-raid-4x-10gbe-x540-2x-psu\\\/#primaryimage\"},\"image\":{\"@id\":\"https:\\\/\\\/cyberlogics.ao\\\/index.php\\\/product\\\/servidor-de-armazenamento-nas-com-truenas-community-edition-e-zfs-supermicro-cse-829u-x10dru-i-19-2u-12x-35-lff-ddr4-ecc-raid-4x-10gbe-x540-2x-psu\\\/#primaryimage\"},\"thumbnailUrl\":\"https:\\\/\\\/cyberlogics.ao\\\/wp-content\\\/uploads\\\/2025\\\/10\\\/truenas-zfs-nas-storage-server-supermicro-cse-829u-x10dru-i-19-2u-12x-35-lff-ddr4-ecc-raid-4x-10gbe-x540-2x-psu-15110-m-1-1.jpg\",\"datePublished\":\"2025-10-30T10:31:12+00:00\",\"description\":\"A Maior Loja Online de Angola de Licen\u00e7as Microsoft Office | Chaves Sistemas Operativos Windows | Antiv\u00edrus | Cloud Adobe | Inform\u00e1tica & Servidores | Softwares de Gest\u00e3o ERP | Gaming Hardware | UPS e Baterias & Muito Mais...\",\"breadcrumb\":{\"@id\":\"https:\\\/\\\/cyberlogics.ao\\\/index.php\\\/product\\\/servidor-de-armazenamento-nas-com-truenas-community-edition-e-zfs-supermicro-cse-829u-x10dru-i-19-2u-12x-35-lff-ddr4-ecc-raid-4x-10gbe-x540-2x-psu\\\/#breadcrumb\"},\"inLanguage\":\"pt-PT\",\"potentialAction\":[{\"@type\":\"ReadAction\",\"target\":[\"https:\\\/\\\/cyberlogics.ao\\\/index.php\\\/product\\\/servidor-de-armazenamento-nas-com-truenas-community-edition-e-zfs-supermicro-cse-829u-x10dru-i-19-2u-12x-35-lff-ddr4-ecc-raid-4x-10gbe-x540-2x-psu\\\/\"]}]},{\"@type\":\"ImageObject\",\"inLanguage\":\"pt-PT\",\"@id\":\"https:\\\/\\\/cyberlogics.ao\\\/index.php\\\/product\\\/servidor-de-armazenamento-nas-com-truenas-community-edition-e-zfs-supermicro-cse-829u-x10dru-i-19-2u-12x-35-lff-ddr4-ecc-raid-4x-10gbe-x540-2x-psu\\\/#primaryimage\",\"url\":\"https:\\\/\\\/cyberlogics.ao\\\/wp-content\\\/uploads\\\/2025\\\/10\\\/truenas-zfs-nas-storage-server-supermicro-cse-829u-x10dru-i-19-2u-12x-35-lff-ddr4-ecc-raid-4x-10gbe-x540-2x-psu-15110-m-1-1.jpg\",\"contentUrl\":\"https:\\\/\\\/cyberlogics.ao\\\/wp-content\\\/uploads\\\/2025\\\/10\\\/truenas-zfs-nas-storage-server-supermicro-cse-829u-x10dru-i-19-2u-12x-35-lff-ddr4-ecc-raid-4x-10gbe-x540-2x-psu-15110-m-1-1.jpg\",\"width\":140,\"height\":88},{\"@type\":\"BreadcrumbList\",\"@id\":\"https:\\\/\\\/cyberlogics.ao\\\/index.php\\\/product\\\/servidor-de-armazenamento-nas-com-truenas-community-edition-e-zfs-supermicro-cse-829u-x10dru-i-19-2u-12x-35-lff-ddr4-ecc-raid-4x-10gbe-x540-2x-psu\\\/#breadcrumb\",\"itemListElement\":[{\"@type\":\"ListItem\",\"position\":1,\"name\":\"In\u00edcio\",\"item\":\"https:\\\/\\\/cyberlogics.ao\\\/\"},{\"@type\":\"ListItem\",\"position\":2,\"name\":\"Produtos\",\"item\":\"https:\\\/\\\/cyberlogics.ao\\\/index.php\\\/shop-2\\\/\"},{\"@type\":\"ListItem\",\"position\":3,\"name\":\"Servidor de armazenamento NAS com TrueNAS Community Edition e ZFS &#8211; Supermicro CSE-829U X10DRU-i+ 19&#8243; 2U 12x 3,5&#8243; LFF DDR4 ECC Raid 4x 10GbE X540 2x PSU\"}]},{\"@type\":\"WebSite\",\"@id\":\"https:\\\/\\\/cyberlogics.ao\\\/#website\",\"url\":\"https:\\\/\\\/cyberlogics.ao\\\/\",\"name\":\"Cyberlogics Technologies Angola\",\"description\":\"Loja Online de Licen\u00e7as de Softwares e Inform\u00e1tica\",\"publisher\":{\"@id\":\"https:\\\/\\\/cyberlogics.ao\\\/#organization\"},\"potentialAction\":[{\"@type\":\"SearchAction\",\"target\":{\"@type\":\"EntryPoint\",\"urlTemplate\":\"https:\\\/\\\/cyberlogics.ao\\\/?s={search_term_string}\"},\"query-input\":{\"@type\":\"PropertyValueSpecification\",\"valueRequired\":true,\"valueName\":\"search_term_string\"}}],\"inLanguage\":\"pt-PT\"},{\"@type\":\"Organization\",\"@id\":\"https:\\\/\\\/cyberlogics.ao\\\/#organization\",\"name\":\"Cyberlogics Ao Technologies - Loja Online de Licen\u00e7as de Softwares e Inform\u00e1tica\",\"url\":\"https:\\\/\\\/cyberlogics.ao\\\/\",\"logo\":{\"@type\":\"ImageObject\",\"inLanguage\":\"pt-PT\",\"@id\":\"https:\\\/\\\/cyberlogics.ao\\\/#\\\/schema\\\/logo\\\/image\\\/\",\"url\":\"https:\\\/\\\/cyberlogics.ao\\\/wp-content\\\/uploads\\\/2022\\\/04\\\/CT-logo.png\",\"contentUrl\":\"https:\\\/\\\/cyberlogics.ao\\\/wp-content\\\/uploads\\\/2022\\\/04\\\/CT-logo.png\",\"width\":190,\"height\":75,\"caption\":\"Cyberlogics Ao Technologies - Loja Online de Licen\u00e7as de Softwares e Inform\u00e1tica\"},\"image\":{\"@id\":\"https:\\\/\\\/cyberlogics.ao\\\/#\\\/schema\\\/logo\\\/image\\\/\"}}]}<\/script>\n<!-- \/ Yoast SEO plugin. -->","yoast_head_json":{"title":"Servidor de armazenamento NAS com TrueNAS Community Edition e ZFS - Supermicro CSE-829U X10DRU-i+ 19\" 2U 12x 3,5\" LFF DDR4 ECC Raid 4x 10GbE X540 2x PSU - Cyberlogics Technologies Angola","description":"A Maior Loja Online de Angola de Licen\u00e7as Microsoft Office | Chaves Sistemas Operativos Windows | Antiv\u00edrus | Cloud Adobe | Inform\u00e1tica & Servidores | Softwares de Gest\u00e3o ERP | Gaming Hardware | UPS e Baterias & Muito Mais...","robots":{"index":"index","follow":"follow","max-snippet":"max-snippet:-1","max-image-preview":"max-image-preview:large","max-video-preview":"max-video-preview:-1"},"canonical":"https:\/\/cyberlogics.ao\/index.php\/product\/servidor-de-armazenamento-nas-com-truenas-community-edition-e-zfs-supermicro-cse-829u-x10dru-i-19-2u-12x-35-lff-ddr4-ecc-raid-4x-10gbe-x540-2x-psu\/","og_locale":"pt_PT","og_type":"article","og_title":"Servidor de armazenamento NAS com TrueNAS Community Edition e ZFS - Supermicro CSE-829U X10DRU-i+ 19\" 2U 12x 3,5\" LFF DDR4 ECC Raid 4x 10GbE X540 2x PSU - Cyberlogics Technologies Angola","og_description":"A Maior Loja Online de Angola de Licen\u00e7as Microsoft Office | Chaves Sistemas Operativos Windows | Antiv\u00edrus | Cloud Adobe | Inform\u00e1tica & Servidores | Softwares de Gest\u00e3o ERP | Gaming Hardware | UPS e Baterias & Muito Mais...","og_url":"https:\/\/cyberlogics.ao\/index.php\/product\/servidor-de-armazenamento-nas-com-truenas-community-edition-e-zfs-supermicro-cse-829u-x10dru-i-19-2u-12x-35-lff-ddr4-ecc-raid-4x-10gbe-x540-2x-psu\/","og_site_name":"Cyberlogics Technologies Angola","og_image":[{"width":140,"height":88,"url":"http:\/\/cyberlogics.ao\/wp-content\/uploads\/2025\/10\/truenas-zfs-nas-storage-server-supermicro-cse-829u-x10dru-i-19-2u-12x-35-lff-ddr4-ecc-raid-4x-10gbe-x540-2x-psu-15110-m-1-1.jpg","type":"image\/jpeg"}],"twitter_card":"summary_large_image","twitter_misc":{"Tempo estimado de leitura":"1 minuto"},"schema":{"@context":"https:\/\/schema.org","@graph":[{"@type":"WebPage","@id":"https:\/\/cyberlogics.ao\/index.php\/product\/servidor-de-armazenamento-nas-com-truenas-community-edition-e-zfs-supermicro-cse-829u-x10dru-i-19-2u-12x-35-lff-ddr4-ecc-raid-4x-10gbe-x540-2x-psu\/","url":"https:\/\/cyberlogics.ao\/index.php\/product\/servidor-de-armazenamento-nas-com-truenas-community-edition-e-zfs-supermicro-cse-829u-x10dru-i-19-2u-12x-35-lff-ddr4-ecc-raid-4x-10gbe-x540-2x-psu\/","name":"Servidor de armazenamento NAS com TrueNAS Community Edition e ZFS - Supermicro CSE-829U X10DRU-i+ 19\" 2U 12x 3,5\" LFF DDR4 ECC Raid 4x 10GbE X540 2x PSU - Cyberlogics Technologies Angola","isPartOf":{"@id":"https:\/\/cyberlogics.ao\/#website"},"primaryImageOfPage":{"@id":"https:\/\/cyberlogics.ao\/index.php\/product\/servidor-de-armazenamento-nas-com-truenas-community-edition-e-zfs-supermicro-cse-829u-x10dru-i-19-2u-12x-35-lff-ddr4-ecc-raid-4x-10gbe-x540-2x-psu\/#primaryimage"},"image":{"@id":"https:\/\/cyberlogics.ao\/index.php\/product\/servidor-de-armazenamento-nas-com-truenas-community-edition-e-zfs-supermicro-cse-829u-x10dru-i-19-2u-12x-35-lff-ddr4-ecc-raid-4x-10gbe-x540-2x-psu\/#primaryimage"},"thumbnailUrl":"https:\/\/cyberlogics.ao\/wp-content\/uploads\/2025\/10\/truenas-zfs-nas-storage-server-supermicro-cse-829u-x10dru-i-19-2u-12x-35-lff-ddr4-ecc-raid-4x-10gbe-x540-2x-psu-15110-m-1-1.jpg","datePublished":"2025-10-30T10:31:12+00:00","description":"A Maior Loja Online de Angola de Licen\u00e7as Microsoft Office | Chaves Sistemas Operativos Windows | Antiv\u00edrus | Cloud Adobe | Inform\u00e1tica & Servidores | Softwares de Gest\u00e3o ERP | Gaming Hardware | UPS e Baterias & Muito Mais...","breadcrumb":{"@id":"https:\/\/cyberlogics.ao\/index.php\/product\/servidor-de-armazenamento-nas-com-truenas-community-edition-e-zfs-supermicro-cse-829u-x10dru-i-19-2u-12x-35-lff-ddr4-ecc-raid-4x-10gbe-x540-2x-psu\/#breadcrumb"},"inLanguage":"pt-PT","potentialAction":[{"@type":"ReadAction","target":["https:\/\/cyberlogics.ao\/index.php\/product\/servidor-de-armazenamento-nas-com-truenas-community-edition-e-zfs-supermicro-cse-829u-x10dru-i-19-2u-12x-35-lff-ddr4-ecc-raid-4x-10gbe-x540-2x-psu\/"]}]},{"@type":"ImageObject","inLanguage":"pt-PT","@id":"https:\/\/cyberlogics.ao\/index.php\/product\/servidor-de-armazenamento-nas-com-truenas-community-edition-e-zfs-supermicro-cse-829u-x10dru-i-19-2u-12x-35-lff-ddr4-ecc-raid-4x-10gbe-x540-2x-psu\/#primaryimage","url":"https:\/\/cyberlogics.ao\/wp-content\/uploads\/2025\/10\/truenas-zfs-nas-storage-server-supermicro-cse-829u-x10dru-i-19-2u-12x-35-lff-ddr4-ecc-raid-4x-10gbe-x540-2x-psu-15110-m-1-1.jpg","contentUrl":"https:\/\/cyberlogics.ao\/wp-content\/uploads\/2025\/10\/truenas-zfs-nas-storage-server-supermicro-cse-829u-x10dru-i-19-2u-12x-35-lff-ddr4-ecc-raid-4x-10gbe-x540-2x-psu-15110-m-1-1.jpg","width":140,"height":88},{"@type":"BreadcrumbList","@id":"https:\/\/cyberlogics.ao\/index.php\/product\/servidor-de-armazenamento-nas-com-truenas-community-edition-e-zfs-supermicro-cse-829u-x10dru-i-19-2u-12x-35-lff-ddr4-ecc-raid-4x-10gbe-x540-2x-psu\/#breadcrumb","itemListElement":[{"@type":"ListItem","position":1,"name":"In\u00edcio","item":"https:\/\/cyberlogics.ao\/"},{"@type":"ListItem","position":2,"name":"Produtos","item":"https:\/\/cyberlogics.ao\/index.php\/shop-2\/"},{"@type":"ListItem","position":3,"name":"Servidor de armazenamento NAS com TrueNAS Community Edition e ZFS &#8211; Supermicro CSE-829U X10DRU-i+ 19&#8243; 2U 12x 3,5&#8243; LFF DDR4 ECC Raid 4x 10GbE X540 2x PSU"}]},{"@type":"WebSite","@id":"https:\/\/cyberlogics.ao\/#website","url":"https:\/\/cyberlogics.ao\/","name":"Cyberlogics Technologies Angola","description":"Loja Online de Licen\u00e7as de Softwares e Inform\u00e1tica","publisher":{"@id":"https:\/\/cyberlogics.ao\/#organization"},"potentialAction":[{"@type":"SearchAction","target":{"@type":"EntryPoint","urlTemplate":"https:\/\/cyberlogics.ao\/?s={search_term_string}"},"query-input":{"@type":"PropertyValueSpecification","valueRequired":true,"valueName":"search_term_string"}}],"inLanguage":"pt-PT"},{"@type":"Organization","@id":"https:\/\/cyberlogics.ao\/#organization","name":"Cyberlogics Ao Technologies - Loja Online de Licen\u00e7as de Softwares e Inform\u00e1tica","url":"https:\/\/cyberlogics.ao\/","logo":{"@type":"ImageObject","inLanguage":"pt-PT","@id":"https:\/\/cyberlogics.ao\/#\/schema\/logo\/image\/","url":"https:\/\/cyberlogics.ao\/wp-content\/uploads\/2022\/04\/CT-logo.png","contentUrl":"https:\/\/cyberlogics.ao\/wp-content\/uploads\/2022\/04\/CT-logo.png","width":190,"height":75,"caption":"Cyberlogics Ao Technologies - Loja Online de Licen\u00e7as de Softwares e Inform\u00e1tica"},"image":{"@id":"https:\/\/cyberlogics.ao\/#\/schema\/logo\/image\/"}}]}},"_links":{"self":[{"href":"https:\/\/cyberlogics.ao\/index.php\/wp-json\/wp\/v2\/product\/10563","targetHints":{"allow":["GET"]}}],"collection":[{"href":"https:\/\/cyberlogics.ao\/index.php\/wp-json\/wp\/v2\/product"}],"about":[{"href":"https:\/\/cyberlogics.ao\/index.php\/wp-json\/wp\/v2\/types\/product"}],"replies":[{"embeddable":true,"href":"https:\/\/cyberlogics.ao\/index.php\/wp-json\/wp\/v2\/comments?post=10563"}],"wp:featuredmedia":[{"embeddable":true,"href":"https:\/\/cyberlogics.ao\/index.php\/wp-json\/wp\/v2\/media\/10565"}],"wp:attachment":[{"href":"https:\/\/cyberlogics.ao\/index.php\/wp-json\/wp\/v2\/media?parent=10563"}],"wp:term":[{"taxonomy":"product_brand","embeddable":true,"href":"https:\/\/cyberlogics.ao\/index.php\/wp-json\/wp\/v2\/product_brand?post=10563"},{"taxonomy":"product_cat","embeddable":true,"href":"https:\/\/cyberlogics.ao\/index.php\/wp-json\/wp\/v2\/product_cat?post=10563"},{"taxonomy":"product_tag","embeddable":true,"href":"https:\/\/cyberlogics.ao\/index.php\/wp-json\/wp\/v2\/product_tag?post=10563"}],"curies":[{"name":"wp","href":"https:\/\/api.w.org\/{rel}","templated":true}]}}