{"id":10569,"date":"2025-10-30T10:42:52","date_gmt":"2025-10-30T10:42:52","guid":{"rendered":"https:\/\/cyberlogics.ao\/?post_type=product&#038;p=10569"},"modified":"2025-10-30T10:42:52","modified_gmt":"2025-10-30T10:42:52","slug":"servidor-de-armazenamento-nas-com-truenas-community-edition-e-zfs-supermicro-cse-829u-x10dru-i-19-2u-ddr4-4x-10gbe-hp-19-m6720-jbod-storage-36x-35-lff-hdd-ssd","status":"publish","type":"product","link":"https:\/\/cyberlogics.ao\/index.php\/product\/servidor-de-armazenamento-nas-com-truenas-community-edition-e-zfs-supermicro-cse-829u-x10dru-i-19-2u-ddr4-4x-10gbe-hp-19-m6720-jbod-storage-36x-35-lff-hdd-ssd\/","title":{"rendered":"Servidor de armazenamento NAS com TrueNAS Community Edition e ZFS &#8211; Supermicro CSE-829U X10DRU-i+ 19&#8243; 2U DDR4 4x 10GbE + HP 19&#8243; M6720 JBOD Storage &#8211; 36x 3,5&#8243; LFF HDD SSD"},"content":{"rendered":"<div class=\"description_line\"><strong>Hersteller:<\/strong><span>Supermicro \/ HP<\/span><\/div>\n<div class=\"description_line\"><strong>Bauart:<\/strong><span>19&#8243; 6HE (1x CSE 829U 2HE + 1x JBOD Storage 4HE)<\/span><\/div>\n<div class=\"description_line\"><strong>Baias de HDD Festplatten:<\/strong><br \/>\n<span>36x HotSwap Festplatten Einschub SAS\/S-ATA Backplane<\/span><\/p>\n<\/div>\n<div class=\"description_line\"><strong>Dispositivo de armazenamento:<\/strong><br \/>\n<span>Vers\u00f5es TrueNAS Community Edition para 2x SSDs de 120GB em Mirror\/Raidz1<\/span><\/div>\n<div class=\"description_line\"><strong>Interne Schnittstellen:<\/strong><br \/>\n<span>2x CPU Sockel 2011-3 Intel Xeon E5-2600 v3\/v4 series processor<br \/>\n24x DDR4 288pin ECC DIMM Bancos de at\u00e9 3 TB RAM<br \/>\nChipset Intel\u00ae C612<br \/>\nIPMI 2.0 integrado e KVM com LAN<br \/>\ndedicada 3x PCIe 3.0 (x16) Full Profile<br \/>\n1x PCIe 3.0 (x8) Low Profile<br \/>\n<u>* 1x PCIe 3.0 (x8) estagi\u00e1rio &#8211; para IT LSI 9305 16i Controller<\/u><br \/>\n10x SATA3 (6Gbps); RAID 0, 1, 5, 10<br \/>\n3x USB 3.0 (2 traseiros, 1 Tipo A)<br \/>\n1x Cabe\u00e7alho TPM &amp; Chip ambos<\/span><\/div>\n<div class=\"description_line\"><strong>Externe Schnittstellen:<\/strong><br \/>\n<span>2x USB 3.0 (2 traseiras)<br \/>\n4x RJ-45 LAN Gigabit 100\/1000\/10.0000 Mbit<br \/>\n1x RJ45 Porta<br \/>\nLAN IPMI Dedicada 1x VGA 15pol. Interface D-SUB<br \/>\n1x Seriell RS232<br \/>\n<u>* weitere Schnittstellen im Konfigurator opcional<\/u><\/span><\/div>\n<div class=\"description_line\"><strong>Equipamento:<\/strong><br \/>\n<span>2HE 12x 3,5&#8243; LFF HDD HotSwap Bays 12G 6G SAS 6G S-ATA \/ SAS3 Expander Backplane BPN-SAS3-826EL1<br \/>\n+<br \/>\n4HE 24x 3.5&#8243; LFF HDD HotSwap Bays 6G SAS 6G S-ATA para solu\u00e7\u00e3o JBOD*<br \/>\n*O intermedi\u00e1rio HDD \u00e9 necess\u00e1rio para unidades SATA<\/span><\/div>\n<div class=\"description_line\"><strong>Verf\u00fcgbare Dienste:<\/strong><br \/>\n<span>SMB\/CIFS<br \/>\niSCSI, FC, NFS<br \/>\nFTP, WebDAV, rsync<\/span><\/div>\n<p>TrueNAS \u00e9 uma marca comercial da iXsystems, Inc<\/p>\n","protected":false},"excerpt":{"rendered":"<div class=\"description_line\"><strong>Hersteller:<\/strong><span>Supermicro \/ HP<\/span><\/div>\n<div class=\"description_line\"><strong>Bauart:<\/strong><span>19&#8243; 6HE (1x CSE 829U 2HE + 1x JBOD Storage 4HE)<\/span><\/div>\n<div class=\"description_line\"><strong>Baias de HDD Festplatten:<\/strong><br \/>\n<span>36x HotSwap Festplatten Einschub SAS\/S-ATA Backplane<\/span><\/p>\n<\/div>\n<div class=\"description_line\"><strong>Dispositivo de armazenamento:<\/strong><br \/>\n<span>Vers\u00f5es TrueNAS Community Edition para 2x SSDs de 120GB em Mirror\/Raidz1<\/span><\/div>\n<div class=\"description_line\"><strong>Interne Schnittstellen:<\/strong><br \/>\n<span>2x CPU Sockel 2011-3 Intel Xeon E5-2600 v3\/v4 series processor<br \/>\n24x DDR4 288pin ECC DIMM Bancos de at\u00e9 3 TB RAM<br \/>\nChipset Intel\u00ae C612<br \/>\nIPMI 2.0 integrado e KVM com LAN<br \/>\ndedicada 3x PCIe 3.0 (x16) Full Profile<br \/>\n1x PCIe 3.0 (x8) Low Profile<br \/>\n<u>* 1x PCIe 3.0 (x8) estagi\u00e1rio &#8211; para IT LSI 9305 16i Controller<\/u><br \/>\n10x SATA3 (6Gbps); RAID 0, 1, 5, 10<br \/>\n3x USB 3.0 (2 traseiros, 1 Tipo A)<br \/>\n1x Cabe\u00e7alho TPM &amp; Chip ambos<\/span><\/div>\n<div class=\"description_line\"><strong>Externe Schnittstellen:<\/strong><br \/>\n<span>2x USB 3.0 (2 traseiras)<br \/>\n4x RJ-45 LAN Gigabit 100\/1000\/10.0000 Mbit<br \/>\n1x RJ45 Porta<br \/>\nLAN IPMI Dedicada 1x VGA 15pol. Interface D-SUB<br \/>\n1x Seriell RS232<br \/>\n<u>* weitere Schnittstellen im Konfigurator opcional<\/u><\/span><\/div>\n<div class=\"description_line\"><strong>Equipamento:<\/strong><br \/>\n<span>2HE 12x 3,5&#8243; LFF HDD HotSwap Bays 12G 6G SAS 6G S-ATA \/ SAS3 Expander Backplane BPN-SAS3-826EL1<br \/>\n+<br \/>\n4HE 24x 3.5&#8243; LFF HDD HotSwap Bays 6G SAS 6G S-ATA para solu\u00e7\u00e3o JBOD*<br \/>\n*O intermedi\u00e1rio HDD \u00e9 necess\u00e1rio para unidades SATA<\/span><\/div>\n<div class=\"description_line\"><strong>Verf\u00fcgbare Dienste:<\/strong><br \/>\n<span>SMB\/CIFS<br \/>\niSCSI, FC, NFS<br \/>\nFTP, WebDAV, rsync<\/span><\/div>\n<p>TrueNAS \u00e9 uma marca comercial da iXsystems, Inc<\/p>\n","protected":false},"featured_media":10570,"comment_status":"open","ping_status":"closed","template":"","meta":{"_joinchat":[]},"product_brand":[],"product_cat":[341,817],"product_tag":[],"class_list":{"0":"post-10569","1":"product","2":"type-product","3":"status-publish","4":"has-post-thumbnail","6":"product_cat-armazenamentos","7":"product_cat-servidor-de-armazenamento-nas","9":"first","10":"instock","11":"shipping-taxable","12":"purchasable","13":"product-type-simple"},"yoast_head":"<!-- This site is optimized with the Yoast SEO plugin v27.4 - https:\/\/yoast.com\/product\/yoast-seo-wordpress\/ -->\n<title>Servidor de armazenamento NAS com TrueNAS Community Edition e ZFS - Supermicro CSE-829U X10DRU-i+ 19&quot; 2U DDR4 4x 10GbE + HP 19&quot; M6720 JBOD Storage - 36x 3,5&quot; LFF HDD SSD - Cyberlogics Technologies Angola<\/title>\n<meta name=\"description\" content=\"A Maior Loja Online de Angola de Licen\u00e7as Microsoft Office | Chaves Sistemas Operativos Windows | Antiv\u00edrus | Cloud Adobe | Inform\u00e1tica &amp; Servidores | Softwares de Gest\u00e3o ERP | Gaming Hardware | UPS e Baterias &amp; Muito Mais...\" \/>\n<meta name=\"robots\" content=\"index, follow, max-snippet:-1, max-image-preview:large, max-video-preview:-1\" \/>\n<link rel=\"canonical\" href=\"https:\/\/cyberlogics.ao\/index.php\/product\/servidor-de-armazenamento-nas-com-truenas-community-edition-e-zfs-supermicro-cse-829u-x10dru-i-19-2u-ddr4-4x-10gbe-hp-19-m6720-jbod-storage-36x-35-lff-hdd-ssd\/\" \/>\n<meta property=\"og:locale\" content=\"pt_PT\" \/>\n<meta property=\"og:type\" content=\"article\" \/>\n<meta property=\"og:title\" content=\"Servidor de armazenamento NAS com TrueNAS Community Edition e ZFS - Supermicro CSE-829U X10DRU-i+ 19&quot; 2U DDR4 4x 10GbE + HP 19&quot; M6720 JBOD Storage - 36x 3,5&quot; LFF HDD SSD - Cyberlogics Technologies Angola\" \/>\n<meta property=\"og:description\" content=\"A Maior Loja Online de Angola de Licen\u00e7as Microsoft Office | Chaves Sistemas Operativos Windows | Antiv\u00edrus | Cloud Adobe | Inform\u00e1tica &amp; Servidores | Softwares de Gest\u00e3o ERP | Gaming Hardware | UPS e Baterias &amp; Muito Mais...\" \/>\n<meta property=\"og:url\" content=\"https:\/\/cyberlogics.ao\/index.php\/product\/servidor-de-armazenamento-nas-com-truenas-community-edition-e-zfs-supermicro-cse-829u-x10dru-i-19-2u-ddr4-4x-10gbe-hp-19-m6720-jbod-storage-36x-35-lff-hdd-ssd\/\" \/>\n<meta property=\"og:site_name\" content=\"Cyberlogics Technologies Angola\" \/>\n<meta property=\"og:image\" content=\"http:\/\/cyberlogics.ao\/wp-content\/uploads\/2025\/10\/truenas-zfs-nas-storage-server-supermicro-cse-829u-x10dru-i-19-2u-ddr4-4x-10gbe-hp-19-m6720-jbod-storage-36x-35-lff-hdd-ssd.jpg\" \/>\n\t<meta property=\"og:image:width\" content=\"140\" \/>\n\t<meta property=\"og:image:height\" content=\"87\" \/>\n\t<meta property=\"og:image:type\" content=\"image\/jpeg\" \/>\n<meta name=\"twitter:card\" content=\"summary_large_image\" \/>\n<meta name=\"twitter:label1\" content=\"Tempo estimado de leitura\" \/>\n\t<meta name=\"twitter:data1\" content=\"1 minuto\" \/>\n<script type=\"application\/ld+json\" class=\"yoast-schema-graph\">{\"@context\":\"https:\\\/\\\/schema.org\",\"@graph\":[{\"@type\":\"WebPage\",\"@id\":\"https:\\\/\\\/cyberlogics.ao\\\/index.php\\\/product\\\/servidor-de-armazenamento-nas-com-truenas-community-edition-e-zfs-supermicro-cse-829u-x10dru-i-19-2u-ddr4-4x-10gbe-hp-19-m6720-jbod-storage-36x-35-lff-hdd-ssd\\\/\",\"url\":\"https:\\\/\\\/cyberlogics.ao\\\/index.php\\\/product\\\/servidor-de-armazenamento-nas-com-truenas-community-edition-e-zfs-supermicro-cse-829u-x10dru-i-19-2u-ddr4-4x-10gbe-hp-19-m6720-jbod-storage-36x-35-lff-hdd-ssd\\\/\",\"name\":\"Servidor de armazenamento NAS com TrueNAS Community Edition e ZFS - Supermicro CSE-829U X10DRU-i+ 19\\\" 2U DDR4 4x 10GbE + HP 19\\\" M6720 JBOD Storage - 36x 3,5\\\" LFF HDD SSD - Cyberlogics Technologies Angola\",\"isPartOf\":{\"@id\":\"https:\\\/\\\/cyberlogics.ao\\\/#website\"},\"primaryImageOfPage\":{\"@id\":\"https:\\\/\\\/cyberlogics.ao\\\/index.php\\\/product\\\/servidor-de-armazenamento-nas-com-truenas-community-edition-e-zfs-supermicro-cse-829u-x10dru-i-19-2u-ddr4-4x-10gbe-hp-19-m6720-jbod-storage-36x-35-lff-hdd-ssd\\\/#primaryimage\"},\"image\":{\"@id\":\"https:\\\/\\\/cyberlogics.ao\\\/index.php\\\/product\\\/servidor-de-armazenamento-nas-com-truenas-community-edition-e-zfs-supermicro-cse-829u-x10dru-i-19-2u-ddr4-4x-10gbe-hp-19-m6720-jbod-storage-36x-35-lff-hdd-ssd\\\/#primaryimage\"},\"thumbnailUrl\":\"https:\\\/\\\/cyberlogics.ao\\\/wp-content\\\/uploads\\\/2025\\\/10\\\/truenas-zfs-nas-storage-server-supermicro-cse-829u-x10dru-i-19-2u-ddr4-4x-10gbe-hp-19-m6720-jbod-storage-36x-35-lff-hdd-ssd.jpg\",\"datePublished\":\"2025-10-30T10:42:52+00:00\",\"description\":\"A Maior Loja Online de Angola de Licen\u00e7as Microsoft Office | Chaves Sistemas Operativos Windows | Antiv\u00edrus | Cloud Adobe | Inform\u00e1tica & Servidores | Softwares de Gest\u00e3o ERP | Gaming Hardware | UPS e Baterias & Muito Mais...\",\"breadcrumb\":{\"@id\":\"https:\\\/\\\/cyberlogics.ao\\\/index.php\\\/product\\\/servidor-de-armazenamento-nas-com-truenas-community-edition-e-zfs-supermicro-cse-829u-x10dru-i-19-2u-ddr4-4x-10gbe-hp-19-m6720-jbod-storage-36x-35-lff-hdd-ssd\\\/#breadcrumb\"},\"inLanguage\":\"pt-PT\",\"potentialAction\":[{\"@type\":\"ReadAction\",\"target\":[\"https:\\\/\\\/cyberlogics.ao\\\/index.php\\\/product\\\/servidor-de-armazenamento-nas-com-truenas-community-edition-e-zfs-supermicro-cse-829u-x10dru-i-19-2u-ddr4-4x-10gbe-hp-19-m6720-jbod-storage-36x-35-lff-hdd-ssd\\\/\"]}]},{\"@type\":\"ImageObject\",\"inLanguage\":\"pt-PT\",\"@id\":\"https:\\\/\\\/cyberlogics.ao\\\/index.php\\\/product\\\/servidor-de-armazenamento-nas-com-truenas-community-edition-e-zfs-supermicro-cse-829u-x10dru-i-19-2u-ddr4-4x-10gbe-hp-19-m6720-jbod-storage-36x-35-lff-hdd-ssd\\\/#primaryimage\",\"url\":\"https:\\\/\\\/cyberlogics.ao\\\/wp-content\\\/uploads\\\/2025\\\/10\\\/truenas-zfs-nas-storage-server-supermicro-cse-829u-x10dru-i-19-2u-ddr4-4x-10gbe-hp-19-m6720-jbod-storage-36x-35-lff-hdd-ssd.jpg\",\"contentUrl\":\"https:\\\/\\\/cyberlogics.ao\\\/wp-content\\\/uploads\\\/2025\\\/10\\\/truenas-zfs-nas-storage-server-supermicro-cse-829u-x10dru-i-19-2u-ddr4-4x-10gbe-hp-19-m6720-jbod-storage-36x-35-lff-hdd-ssd.jpg\",\"width\":140,\"height\":87},{\"@type\":\"BreadcrumbList\",\"@id\":\"https:\\\/\\\/cyberlogics.ao\\\/index.php\\\/product\\\/servidor-de-armazenamento-nas-com-truenas-community-edition-e-zfs-supermicro-cse-829u-x10dru-i-19-2u-ddr4-4x-10gbe-hp-19-m6720-jbod-storage-36x-35-lff-hdd-ssd\\\/#breadcrumb\",\"itemListElement\":[{\"@type\":\"ListItem\",\"position\":1,\"name\":\"In\u00edcio\",\"item\":\"https:\\\/\\\/cyberlogics.ao\\\/\"},{\"@type\":\"ListItem\",\"position\":2,\"name\":\"Produtos\",\"item\":\"https:\\\/\\\/cyberlogics.ao\\\/index.php\\\/shop-2\\\/\"},{\"@type\":\"ListItem\",\"position\":3,\"name\":\"Servidor de armazenamento NAS com TrueNAS Community Edition e ZFS &#8211; Supermicro CSE-829U X10DRU-i+ 19&#8243; 2U DDR4 4x 10GbE + HP 19&#8243; M6720 JBOD Storage &#8211; 36x 3,5&#8243; LFF HDD SSD\"}]},{\"@type\":\"WebSite\",\"@id\":\"https:\\\/\\\/cyberlogics.ao\\\/#website\",\"url\":\"https:\\\/\\\/cyberlogics.ao\\\/\",\"name\":\"Cyberlogics Technologies Angola\",\"description\":\"Loja Online de Licen\u00e7as de Softwares e Inform\u00e1tica\",\"publisher\":{\"@id\":\"https:\\\/\\\/cyberlogics.ao\\\/#organization\"},\"potentialAction\":[{\"@type\":\"SearchAction\",\"target\":{\"@type\":\"EntryPoint\",\"urlTemplate\":\"https:\\\/\\\/cyberlogics.ao\\\/?s={search_term_string}\"},\"query-input\":{\"@type\":\"PropertyValueSpecification\",\"valueRequired\":true,\"valueName\":\"search_term_string\"}}],\"inLanguage\":\"pt-PT\"},{\"@type\":\"Organization\",\"@id\":\"https:\\\/\\\/cyberlogics.ao\\\/#organization\",\"name\":\"Cyberlogics Ao Technologies - Loja Online de Licen\u00e7as de Softwares e Inform\u00e1tica\",\"url\":\"https:\\\/\\\/cyberlogics.ao\\\/\",\"logo\":{\"@type\":\"ImageObject\",\"inLanguage\":\"pt-PT\",\"@id\":\"https:\\\/\\\/cyberlogics.ao\\\/#\\\/schema\\\/logo\\\/image\\\/\",\"url\":\"https:\\\/\\\/cyberlogics.ao\\\/wp-content\\\/uploads\\\/2022\\\/04\\\/CT-logo.png\",\"contentUrl\":\"https:\\\/\\\/cyberlogics.ao\\\/wp-content\\\/uploads\\\/2022\\\/04\\\/CT-logo.png\",\"width\":190,\"height\":75,\"caption\":\"Cyberlogics Ao Technologies - Loja Online de Licen\u00e7as de Softwares e Inform\u00e1tica\"},\"image\":{\"@id\":\"https:\\\/\\\/cyberlogics.ao\\\/#\\\/schema\\\/logo\\\/image\\\/\"}}]}<\/script>\n<!-- \/ Yoast SEO plugin. -->","yoast_head_json":{"title":"Servidor de armazenamento NAS com TrueNAS Community Edition e ZFS - Supermicro CSE-829U X10DRU-i+ 19\" 2U DDR4 4x 10GbE + HP 19\" M6720 JBOD Storage - 36x 3,5\" LFF HDD SSD - Cyberlogics Technologies Angola","description":"A Maior Loja Online de Angola de Licen\u00e7as Microsoft Office | Chaves Sistemas Operativos Windows | Antiv\u00edrus | Cloud Adobe | Inform\u00e1tica & Servidores | Softwares de Gest\u00e3o ERP | Gaming Hardware | UPS e Baterias & Muito Mais...","robots":{"index":"index","follow":"follow","max-snippet":"max-snippet:-1","max-image-preview":"max-image-preview:large","max-video-preview":"max-video-preview:-1"},"canonical":"https:\/\/cyberlogics.ao\/index.php\/product\/servidor-de-armazenamento-nas-com-truenas-community-edition-e-zfs-supermicro-cse-829u-x10dru-i-19-2u-ddr4-4x-10gbe-hp-19-m6720-jbod-storage-36x-35-lff-hdd-ssd\/","og_locale":"pt_PT","og_type":"article","og_title":"Servidor de armazenamento NAS com TrueNAS Community Edition e ZFS - Supermicro CSE-829U X10DRU-i+ 19\" 2U DDR4 4x 10GbE + HP 19\" M6720 JBOD Storage - 36x 3,5\" LFF HDD SSD - Cyberlogics Technologies Angola","og_description":"A Maior Loja Online de Angola de Licen\u00e7as Microsoft Office | Chaves Sistemas Operativos Windows | Antiv\u00edrus | Cloud Adobe | Inform\u00e1tica & Servidores | Softwares de Gest\u00e3o ERP | Gaming Hardware | UPS e Baterias & Muito Mais...","og_url":"https:\/\/cyberlogics.ao\/index.php\/product\/servidor-de-armazenamento-nas-com-truenas-community-edition-e-zfs-supermicro-cse-829u-x10dru-i-19-2u-ddr4-4x-10gbe-hp-19-m6720-jbod-storage-36x-35-lff-hdd-ssd\/","og_site_name":"Cyberlogics Technologies Angola","og_image":[{"width":140,"height":87,"url":"http:\/\/cyberlogics.ao\/wp-content\/uploads\/2025\/10\/truenas-zfs-nas-storage-server-supermicro-cse-829u-x10dru-i-19-2u-ddr4-4x-10gbe-hp-19-m6720-jbod-storage-36x-35-lff-hdd-ssd.jpg","type":"image\/jpeg"}],"twitter_card":"summary_large_image","twitter_misc":{"Tempo estimado de leitura":"1 minuto"},"schema":{"@context":"https:\/\/schema.org","@graph":[{"@type":"WebPage","@id":"https:\/\/cyberlogics.ao\/index.php\/product\/servidor-de-armazenamento-nas-com-truenas-community-edition-e-zfs-supermicro-cse-829u-x10dru-i-19-2u-ddr4-4x-10gbe-hp-19-m6720-jbod-storage-36x-35-lff-hdd-ssd\/","url":"https:\/\/cyberlogics.ao\/index.php\/product\/servidor-de-armazenamento-nas-com-truenas-community-edition-e-zfs-supermicro-cse-829u-x10dru-i-19-2u-ddr4-4x-10gbe-hp-19-m6720-jbod-storage-36x-35-lff-hdd-ssd\/","name":"Servidor de armazenamento NAS com TrueNAS Community Edition e ZFS - Supermicro CSE-829U X10DRU-i+ 19\" 2U DDR4 4x 10GbE + HP 19\" M6720 JBOD Storage - 36x 3,5\" LFF HDD SSD - Cyberlogics Technologies Angola","isPartOf":{"@id":"https:\/\/cyberlogics.ao\/#website"},"primaryImageOfPage":{"@id":"https:\/\/cyberlogics.ao\/index.php\/product\/servidor-de-armazenamento-nas-com-truenas-community-edition-e-zfs-supermicro-cse-829u-x10dru-i-19-2u-ddr4-4x-10gbe-hp-19-m6720-jbod-storage-36x-35-lff-hdd-ssd\/#primaryimage"},"image":{"@id":"https:\/\/cyberlogics.ao\/index.php\/product\/servidor-de-armazenamento-nas-com-truenas-community-edition-e-zfs-supermicro-cse-829u-x10dru-i-19-2u-ddr4-4x-10gbe-hp-19-m6720-jbod-storage-36x-35-lff-hdd-ssd\/#primaryimage"},"thumbnailUrl":"https:\/\/cyberlogics.ao\/wp-content\/uploads\/2025\/10\/truenas-zfs-nas-storage-server-supermicro-cse-829u-x10dru-i-19-2u-ddr4-4x-10gbe-hp-19-m6720-jbod-storage-36x-35-lff-hdd-ssd.jpg","datePublished":"2025-10-30T10:42:52+00:00","description":"A Maior Loja Online de Angola de Licen\u00e7as Microsoft Office | Chaves Sistemas Operativos Windows | Antiv\u00edrus | Cloud Adobe | Inform\u00e1tica & Servidores | Softwares de Gest\u00e3o ERP | Gaming Hardware | UPS e Baterias & Muito Mais...","breadcrumb":{"@id":"https:\/\/cyberlogics.ao\/index.php\/product\/servidor-de-armazenamento-nas-com-truenas-community-edition-e-zfs-supermicro-cse-829u-x10dru-i-19-2u-ddr4-4x-10gbe-hp-19-m6720-jbod-storage-36x-35-lff-hdd-ssd\/#breadcrumb"},"inLanguage":"pt-PT","potentialAction":[{"@type":"ReadAction","target":["https:\/\/cyberlogics.ao\/index.php\/product\/servidor-de-armazenamento-nas-com-truenas-community-edition-e-zfs-supermicro-cse-829u-x10dru-i-19-2u-ddr4-4x-10gbe-hp-19-m6720-jbod-storage-36x-35-lff-hdd-ssd\/"]}]},{"@type":"ImageObject","inLanguage":"pt-PT","@id":"https:\/\/cyberlogics.ao\/index.php\/product\/servidor-de-armazenamento-nas-com-truenas-community-edition-e-zfs-supermicro-cse-829u-x10dru-i-19-2u-ddr4-4x-10gbe-hp-19-m6720-jbod-storage-36x-35-lff-hdd-ssd\/#primaryimage","url":"https:\/\/cyberlogics.ao\/wp-content\/uploads\/2025\/10\/truenas-zfs-nas-storage-server-supermicro-cse-829u-x10dru-i-19-2u-ddr4-4x-10gbe-hp-19-m6720-jbod-storage-36x-35-lff-hdd-ssd.jpg","contentUrl":"https:\/\/cyberlogics.ao\/wp-content\/uploads\/2025\/10\/truenas-zfs-nas-storage-server-supermicro-cse-829u-x10dru-i-19-2u-ddr4-4x-10gbe-hp-19-m6720-jbod-storage-36x-35-lff-hdd-ssd.jpg","width":140,"height":87},{"@type":"BreadcrumbList","@id":"https:\/\/cyberlogics.ao\/index.php\/product\/servidor-de-armazenamento-nas-com-truenas-community-edition-e-zfs-supermicro-cse-829u-x10dru-i-19-2u-ddr4-4x-10gbe-hp-19-m6720-jbod-storage-36x-35-lff-hdd-ssd\/#breadcrumb","itemListElement":[{"@type":"ListItem","position":1,"name":"In\u00edcio","item":"https:\/\/cyberlogics.ao\/"},{"@type":"ListItem","position":2,"name":"Produtos","item":"https:\/\/cyberlogics.ao\/index.php\/shop-2\/"},{"@type":"ListItem","position":3,"name":"Servidor de armazenamento NAS com TrueNAS Community Edition e ZFS &#8211; Supermicro CSE-829U X10DRU-i+ 19&#8243; 2U DDR4 4x 10GbE + HP 19&#8243; M6720 JBOD Storage &#8211; 36x 3,5&#8243; LFF HDD SSD"}]},{"@type":"WebSite","@id":"https:\/\/cyberlogics.ao\/#website","url":"https:\/\/cyberlogics.ao\/","name":"Cyberlogics Technologies Angola","description":"Loja Online de Licen\u00e7as de Softwares e Inform\u00e1tica","publisher":{"@id":"https:\/\/cyberlogics.ao\/#organization"},"potentialAction":[{"@type":"SearchAction","target":{"@type":"EntryPoint","urlTemplate":"https:\/\/cyberlogics.ao\/?s={search_term_string}"},"query-input":{"@type":"PropertyValueSpecification","valueRequired":true,"valueName":"search_term_string"}}],"inLanguage":"pt-PT"},{"@type":"Organization","@id":"https:\/\/cyberlogics.ao\/#organization","name":"Cyberlogics Ao Technologies - Loja Online de Licen\u00e7as de Softwares e Inform\u00e1tica","url":"https:\/\/cyberlogics.ao\/","logo":{"@type":"ImageObject","inLanguage":"pt-PT","@id":"https:\/\/cyberlogics.ao\/#\/schema\/logo\/image\/","url":"https:\/\/cyberlogics.ao\/wp-content\/uploads\/2022\/04\/CT-logo.png","contentUrl":"https:\/\/cyberlogics.ao\/wp-content\/uploads\/2022\/04\/CT-logo.png","width":190,"height":75,"caption":"Cyberlogics Ao Technologies - Loja Online de Licen\u00e7as de Softwares e Inform\u00e1tica"},"image":{"@id":"https:\/\/cyberlogics.ao\/#\/schema\/logo\/image\/"}}]}},"_links":{"self":[{"href":"https:\/\/cyberlogics.ao\/index.php\/wp-json\/wp\/v2\/product\/10569","targetHints":{"allow":["GET"]}}],"collection":[{"href":"https:\/\/cyberlogics.ao\/index.php\/wp-json\/wp\/v2\/product"}],"about":[{"href":"https:\/\/cyberlogics.ao\/index.php\/wp-json\/wp\/v2\/types\/product"}],"replies":[{"embeddable":true,"href":"https:\/\/cyberlogics.ao\/index.php\/wp-json\/wp\/v2\/comments?post=10569"}],"wp:featuredmedia":[{"embeddable":true,"href":"https:\/\/cyberlogics.ao\/index.php\/wp-json\/wp\/v2\/media\/10570"}],"wp:attachment":[{"href":"https:\/\/cyberlogics.ao\/index.php\/wp-json\/wp\/v2\/media?parent=10569"}],"wp:term":[{"taxonomy":"product_brand","embeddable":true,"href":"https:\/\/cyberlogics.ao\/index.php\/wp-json\/wp\/v2\/product_brand?post=10569"},{"taxonomy":"product_cat","embeddable":true,"href":"https:\/\/cyberlogics.ao\/index.php\/wp-json\/wp\/v2\/product_cat?post=10569"},{"taxonomy":"product_tag","embeddable":true,"href":"https:\/\/cyberlogics.ao\/index.php\/wp-json\/wp\/v2\/product_tag?post=10569"}],"curies":[{"name":"wp","href":"https:\/\/api.w.org\/{rel}","templated":true}]}}