{"id":10581,"date":"2025-10-30T11:08:11","date_gmt":"2025-10-30T11:08:11","guid":{"rendered":"https:\/\/cyberlogics.ao\/?post_type=product&#038;p=10581"},"modified":"2025-10-30T11:08:11","modified_gmt":"2025-10-30T11:08:11","slug":"nextcloud-servidor-de-colaboracao-supermicro-cse-819u-x10dru-i-19-1u-4x-35","status":"publish","type":"product","link":"https:\/\/cyberlogics.ao\/index.php\/product\/nextcloud-servidor-de-colaboracao-supermicro-cse-819u-x10dru-i-19-1u-4x-35\/","title":{"rendered":"NextCloud &#8211; Servidor de Colabora\u00e7\u00e3o &#8211; Supermicro CSE-819U X10DRU-i+ 19&#8243; 1U 4x 3,5&#8243;"},"content":{"rendered":"<div id=\"product_info_left\">\n<div class=\"gallery\">\n<div class=\"lSSlideOuter\">\n<div class=\"lSSlideWrapper usingCss\">\n<p>&nbsp;<\/p>\n<\/div>\n<\/div>\n<\/div>\n<div id=\"product_description\">\n<div class=\"toggler_content\">\n<div class=\"product_description_list product_description_server\">\n<div class=\"description_line\"><span><strong>Fornecedor:\u00a0<\/strong>Supermicro<\/span><\/div>\n<div class=\"description_line\"><span><strong>Tipo de unidade:\u00a0<\/strong>Servidor<\/span><\/div>\n<div class=\"description_line\"><span><strong>Tipo:\u00a0<\/strong>19&#8243; 1 ELE<\/span><\/div>\n<div class=\"description_line\"><span><strong>Modelo:\u00a0<\/strong>CSE 829U<\/span><\/div>\n<div class=\"description_line\"><span><strong>Baias de HDD:\u00a0<\/strong>4x baias de HDD HotSwap SAS\/S-ATA Backplane<br \/>\nsem HDDs ou bandejas selecionadas n\u00e3o s\u00e3o bandejas de HDD inclu\u00eddas na entrega<\/span><\/div>\n<div class=\"description_line\"><span><strong>Unidade \u00f3ptica:\u00a0<\/strong>ohne<\/span><\/div>\n<div class=\"description_line\"><span><strong>Rede:\u00a0<\/strong>4x LAN de 1 GBit\/s (RJ-45)<\/span><\/div>\n<div class=\"description_line\"><span><strong>Interfaces internas:<\/strong><br \/>\n2x CPU Sockel 2011-3 Processador<br \/>\nIntel Xeon E5-2600 v3\/v4 series 24x DDR4 288pin ECC DIMM Bancos de at\u00e9 3 TB de RAM<br \/>\nChipset Intel\u00ae C612<br \/>\nIPMI 2.0 e KVM integrados com LAN<br \/>\ndedicada 1x PCIe 3.0 (x8) Low Profile; 2x PCIe 3.0 (x16) Full Profile<br \/>\n(CPU1 + CPU2 \u00e9 necess\u00e1rio para usar controladores PCIe!)<br \/>\n3x USB 3.0 (2 traseiras, 1 Tipo A)<br \/>\n1x Cabe\u00e7alho TPM &amp; Chip ambos 4x<br \/>\n3,5&#8243; LFF HDD HotSwap Bays 6G SAS 6G S-ATA \/ SAS2 Expander Backplane<br \/>\n(CPU1 + CPU2 \u00e9 necess\u00e1rio para usar controladores PCIe)<\/span><\/div>\n<div class=\"description_line\"><span><strong>Interfaces externas:<\/strong><br \/>\n2x USB 3.0 (2 traseiras)<br \/>\n4x RJ-45 LAN Gigabit 100\/1000\/10.000 Mbit via AOC-UR-i4XT<br \/>\n1x RJ45 Porta<br \/>\nLAN IPMI dedicada 1x VGA 15pol. Interface D-SUB<br \/>\n1x Seriell RS232<\/span><\/div>\n<div class=\"description_line\"><span><strong>Placa de v\u00eddeo:\u00a0<\/strong>Aspeed AST2400 BMC integrada<\/span><\/div>\n<div class=\"description_line\"><span><strong>Unidades de pot\u00eancia:\u00a0<\/strong>2x fonte de alimenta\u00e7\u00e3o HotSwap<\/span><\/div>\n<div class=\"description_line\"><span><strong>Sistemas operacionais compat\u00edveis:<\/strong><br \/>\n<b>Windows:<\/b>\u00a0Windows Server 2016, 2019, 2022*; Windows 10, 11*<br \/>\n*\u00e9 necess\u00e1rio<br \/>\num m\u00f3dulo TPM compat\u00edvel\u00a0<b>Virtualisierung:<\/b>\u00a0vmware ; Citrix ; Microsoft Hyper-V ; Proxmoxx; Linux KVM<br \/>\n<b>Linux Betriebssysteme:<\/b>\u00a0Linux Suse, Linux RHEL (RedHat), Debian, Fedora etc.<\/span><\/div>\n<div id=\"zstand\"><span><strong>Condi\u00e7\u00e3o do item:\u00a0<\/strong>reformado, Grau A<br \/>\nCada dispositivo foi limpo e cuidadosamente verificado antes da entrega. O firmware gratuito mais recente dispon\u00edvel foi atualizado no systembios, no controlador de armazenamento, rede e gerenciamento.<\/span><\/div>\n<div class=\"description_line description_text\"><\/div>\n<\/div>\n<div id=\"eupsvo\"><strong>Informa\u00e7\u00f5es do fabricante:<\/strong><\/p>\n<div>\n<div>Support_Europe@Supermicro.com<\/div>\n<div>Super Micro Computador, Inc. Het Sterrenbeeld 28 5215 ML, s-Hertogenbosch Niederlande<\/div>\n<\/div>\n<div>\n<div>Super Micro Computador, Inc. Avenida Rock 980 S\u00e3o Jos\u00e9, CA 95131 EUA<\/div>\n<\/div>\n<\/div>\n<\/div>\n<\/div>\n<\/div>\n","protected":false},"excerpt":{"rendered":"<div class=\"product_description_list product_description_server\">\n<div class=\"description_line\"><strong>Fornecedor:\u00a0<\/strong>Supermicro<\/div>\n<div class=\"description_line\"><strong>Tipo de unidade:\u00a0<\/strong>Servidor<\/div>\n<div class=\"description_line\"><strong>Tipo:\u00a0<\/strong>19&#8243; 1 ELE<\/div>\n<div class=\"description_line\"><strong>Modelo:\u00a0<\/strong>CSE 829U<\/div>\n<div class=\"description_line\"><strong>Baias de HDD:\u00a0<\/strong>4x baias de HDD HotSwap SAS\/S-ATA Backplane<br \/>\nsem HDDs ou bandejas selecionadas n\u00e3o s\u00e3o bandejas de HDD inclu\u00eddas na entrega<\/div>\n<div class=\"description_line\"><strong>Unidade \u00f3ptica:\u00a0<\/strong>ohne<\/div>\n<div class=\"description_line\"><strong>Rede:\u00a0<\/strong>4x LAN de 1 GBit\/s (RJ-45)<\/div>\n<div class=\"description_line\"><strong>Interfaces internas:<\/strong><br \/>\n2x CPU Sockel 2011-3 Processador<br \/>\nIntel Xeon E5-2600 v3\/v4 series 24x DDR4 288pin ECC DIMM Bancos de at\u00e9 3 TB de RAM<br \/>\nChipset Intel\u00ae C612<br \/>\nIPMI 2.0 e KVM integrados com LAN<br \/>\ndedicada 1x PCIe 3.0 (x8) Low Profile; 2x PCIe 3.0 (x16) Full Profile<br \/>\n(CPU1 + CPU2 \u00e9 necess\u00e1rio para usar controladores PCIe!)<br \/>\n3x USB 3.0 (2 traseiras, 1 Tipo A)<br \/>\n1x Cabe\u00e7alho TPM &amp; Chip ambos 4x<br \/>\n3,5&#8243; LFF HDD HotSwap Bays 6G SAS 6G S-ATA \/ SAS2 Expander Backplane<br \/>\n(CPU1 + CPU2 \u00e9 necess\u00e1rio para usar controladores PCIe)<\/div>\n<div class=\"description_line\"><strong>Interfaces externas:<\/strong><br \/>\n2x USB 3.0 (2 traseiras)<br \/>\n4x RJ-45 LAN Gigabit 100\/1000\/10.000 Mbit via AOC-UR-i4XT<br \/>\n1x RJ45 Porta<br \/>\nLAN IPMI dedicada 1x VGA 15pol. Interface D-SUB<br \/>\n1x Seriell RS232<\/div>\n<div class=\"description_line\"><strong>Placa de v\u00eddeo:\u00a0<\/strong>Aspeed AST2400 BMC integrada<\/div>\n<div class=\"description_line\"><strong>Unidades de pot\u00eancia:\u00a0<\/strong>2x fonte de alimenta\u00e7\u00e3o HotSwap<\/div>\n<div class=\"description_line\"><strong>Sistemas operacionais compat\u00edveis:<\/strong><br \/>\n<b>Windows:<\/b>\u00a0Windows Server 2016, 2019, 2022*; Windows 10, 11*<br \/>\n*\u00e9 necess\u00e1rio<br \/>\num m\u00f3dulo TPM compat\u00edvel\u00a0<b>Virtualisierung:<\/b>\u00a0vmware ; Citrix ; Microsoft Hyper-V ; Proxmoxx; Linux KVM<br \/>\n<b>Linux Betriebssysteme:<\/b>\u00a0Linux Suse, Linux RHEL (RedHat), Debian, Fedora etc.<\/div>\n<div id=\"zstand\"><strong>Condi\u00e7\u00e3o do item:\u00a0<\/strong>reformado, Grau A<br \/>\nCada dispositivo foi limpo e cuidadosamente verificado antes da entrega. O firmware gratuito mais recente dispon\u00edvel foi atualizado no systembios, no controlador de armazenamento, rede e gerenciamento.<\/div>\n<div class=\"description_line description_text\"><\/div>\n<\/div>\n<div id=\"eupsvo\"><strong>Informa\u00e7\u00f5es do fabricante:<\/strong><\/p>\n<div>\n<div>Support_Europe@Supermicro.com<\/div>\n<div>Super Micro Computador, Inc. Het Sterrenbeeld 28 5215 ML, s-Hertogenbosch Niederlande<\/div>\n<\/div>\n<div>\n<div>Super Micro Computador, Inc. Avenida Rock 980 S\u00e3o Jos\u00e9, CA 95131 EUA<\/div>\n<\/div>\n<\/div>\n","protected":false},"featured_media":10582,"comment_status":"open","ping_status":"closed","template":"","meta":{"_joinchat":[]},"product_brand":[],"product_cat":[818,792],"product_tag":[],"class_list":{"0":"post-10581","1":"product","2":"type-product","3":"status-publish","4":"has-post-thumbnail","6":"product_cat-nextcloud-servidor-de-colaboracao-supermicro","7":"product_cat-servidores-e-storage","9":"first","10":"instock","11":"shipping-taxable","12":"purchasable","13":"product-type-simple"},"yoast_head":"<!-- This site is optimized with the Yoast SEO plugin v27.4 - https:\/\/yoast.com\/product\/yoast-seo-wordpress\/ -->\n<title>NextCloud - Servidor de Colabora\u00e7\u00e3o - Supermicro CSE-819U X10DRU-i+ 19&quot; 1U 4x 3,5&quot; - Cyberlogics Technologies Angola<\/title>\n<meta name=\"description\" content=\"A Maior Loja Online de Angola de Licen\u00e7as Microsoft Office | Chaves Sistemas Operativos Windows | Antiv\u00edrus | Cloud Adobe | Inform\u00e1tica &amp; Servidores | Softwares de Gest\u00e3o ERP | Gaming Hardware | UPS e Baterias &amp; Muito Mais...\" \/>\n<meta name=\"robots\" content=\"index, follow, max-snippet:-1, max-image-preview:large, max-video-preview:-1\" \/>\n<link rel=\"canonical\" href=\"https:\/\/cyberlogics.ao\/index.php\/product\/nextcloud-servidor-de-colaboracao-supermicro-cse-819u-x10dru-i-19-1u-4x-35\/\" \/>\n<meta property=\"og:locale\" content=\"pt_PT\" \/>\n<meta property=\"og:type\" content=\"article\" \/>\n<meta property=\"og:title\" content=\"NextCloud - Servidor de Colabora\u00e7\u00e3o - Supermicro CSE-819U X10DRU-i+ 19&quot; 1U 4x 3,5&quot; - Cyberlogics Technologies Angola\" \/>\n<meta property=\"og:description\" content=\"A Maior Loja Online de Angola de Licen\u00e7as Microsoft Office | Chaves Sistemas Operativos Windows | Antiv\u00edrus | Cloud Adobe | Inform\u00e1tica &amp; Servidores | Softwares de Gest\u00e3o ERP | Gaming Hardware | UPS e Baterias &amp; Muito Mais...\" \/>\n<meta property=\"og:url\" content=\"https:\/\/cyberlogics.ao\/index.php\/product\/nextcloud-servidor-de-colaboracao-supermicro-cse-819u-x10dru-i-19-1u-4x-35\/\" \/>\n<meta property=\"og:site_name\" content=\"Cyberlogics Technologies Angola\" \/>\n<meta property=\"og:image\" content=\"http:\/\/cyberlogics.ao\/wp-content\/uploads\/2025\/10\/netxcloud-collaboration-server-supermicro-cse-819u-x10dru-i-19-1u-4x-35.jpg\" \/>\n\t<meta property=\"og:image:width\" content=\"140\" \/>\n\t<meta property=\"og:image:height\" content=\"88\" \/>\n\t<meta property=\"og:image:type\" content=\"image\/jpeg\" \/>\n<meta name=\"twitter:card\" content=\"summary_large_image\" \/>\n<meta name=\"twitter:label1\" content=\"Tempo estimado de leitura\" \/>\n\t<meta name=\"twitter:data1\" content=\"1 minuto\" \/>\n<script type=\"application\/ld+json\" class=\"yoast-schema-graph\">{\"@context\":\"https:\\\/\\\/schema.org\",\"@graph\":[{\"@type\":\"WebPage\",\"@id\":\"https:\\\/\\\/cyberlogics.ao\\\/index.php\\\/product\\\/nextcloud-servidor-de-colaboracao-supermicro-cse-819u-x10dru-i-19-1u-4x-35\\\/\",\"url\":\"https:\\\/\\\/cyberlogics.ao\\\/index.php\\\/product\\\/nextcloud-servidor-de-colaboracao-supermicro-cse-819u-x10dru-i-19-1u-4x-35\\\/\",\"name\":\"NextCloud - Servidor de Colabora\u00e7\u00e3o - Supermicro CSE-819U X10DRU-i+ 19\\\" 1U 4x 3,5\\\" - Cyberlogics Technologies Angola\",\"isPartOf\":{\"@id\":\"https:\\\/\\\/cyberlogics.ao\\\/#website\"},\"primaryImageOfPage\":{\"@id\":\"https:\\\/\\\/cyberlogics.ao\\\/index.php\\\/product\\\/nextcloud-servidor-de-colaboracao-supermicro-cse-819u-x10dru-i-19-1u-4x-35\\\/#primaryimage\"},\"image\":{\"@id\":\"https:\\\/\\\/cyberlogics.ao\\\/index.php\\\/product\\\/nextcloud-servidor-de-colaboracao-supermicro-cse-819u-x10dru-i-19-1u-4x-35\\\/#primaryimage\"},\"thumbnailUrl\":\"https:\\\/\\\/cyberlogics.ao\\\/wp-content\\\/uploads\\\/2025\\\/10\\\/netxcloud-collaboration-server-supermicro-cse-819u-x10dru-i-19-1u-4x-35.jpg\",\"datePublished\":\"2025-10-30T11:08:11+00:00\",\"description\":\"A Maior Loja Online de Angola de Licen\u00e7as Microsoft Office | Chaves Sistemas Operativos Windows | Antiv\u00edrus | Cloud Adobe | Inform\u00e1tica & Servidores | Softwares de Gest\u00e3o ERP | Gaming Hardware | UPS e Baterias & Muito Mais...\",\"breadcrumb\":{\"@id\":\"https:\\\/\\\/cyberlogics.ao\\\/index.php\\\/product\\\/nextcloud-servidor-de-colaboracao-supermicro-cse-819u-x10dru-i-19-1u-4x-35\\\/#breadcrumb\"},\"inLanguage\":\"pt-PT\",\"potentialAction\":[{\"@type\":\"ReadAction\",\"target\":[\"https:\\\/\\\/cyberlogics.ao\\\/index.php\\\/product\\\/nextcloud-servidor-de-colaboracao-supermicro-cse-819u-x10dru-i-19-1u-4x-35\\\/\"]}]},{\"@type\":\"ImageObject\",\"inLanguage\":\"pt-PT\",\"@id\":\"https:\\\/\\\/cyberlogics.ao\\\/index.php\\\/product\\\/nextcloud-servidor-de-colaboracao-supermicro-cse-819u-x10dru-i-19-1u-4x-35\\\/#primaryimage\",\"url\":\"https:\\\/\\\/cyberlogics.ao\\\/wp-content\\\/uploads\\\/2025\\\/10\\\/netxcloud-collaboration-server-supermicro-cse-819u-x10dru-i-19-1u-4x-35.jpg\",\"contentUrl\":\"https:\\\/\\\/cyberlogics.ao\\\/wp-content\\\/uploads\\\/2025\\\/10\\\/netxcloud-collaboration-server-supermicro-cse-819u-x10dru-i-19-1u-4x-35.jpg\",\"width\":140,\"height\":88},{\"@type\":\"BreadcrumbList\",\"@id\":\"https:\\\/\\\/cyberlogics.ao\\\/index.php\\\/product\\\/nextcloud-servidor-de-colaboracao-supermicro-cse-819u-x10dru-i-19-1u-4x-35\\\/#breadcrumb\",\"itemListElement\":[{\"@type\":\"ListItem\",\"position\":1,\"name\":\"In\u00edcio\",\"item\":\"https:\\\/\\\/cyberlogics.ao\\\/\"},{\"@type\":\"ListItem\",\"position\":2,\"name\":\"Produtos\",\"item\":\"https:\\\/\\\/cyberlogics.ao\\\/index.php\\\/shop-2\\\/\"},{\"@type\":\"ListItem\",\"position\":3,\"name\":\"NextCloud &#8211; Servidor de Colabora\u00e7\u00e3o &#8211; Supermicro CSE-819U X10DRU-i+ 19&#8243; 1U 4x 3,5&#8243;\"}]},{\"@type\":\"WebSite\",\"@id\":\"https:\\\/\\\/cyberlogics.ao\\\/#website\",\"url\":\"https:\\\/\\\/cyberlogics.ao\\\/\",\"name\":\"Cyberlogics Technologies Angola\",\"description\":\"Loja Online de Licen\u00e7as de Softwares e Inform\u00e1tica\",\"publisher\":{\"@id\":\"https:\\\/\\\/cyberlogics.ao\\\/#organization\"},\"potentialAction\":[{\"@type\":\"SearchAction\",\"target\":{\"@type\":\"EntryPoint\",\"urlTemplate\":\"https:\\\/\\\/cyberlogics.ao\\\/?s={search_term_string}\"},\"query-input\":{\"@type\":\"PropertyValueSpecification\",\"valueRequired\":true,\"valueName\":\"search_term_string\"}}],\"inLanguage\":\"pt-PT\"},{\"@type\":\"Organization\",\"@id\":\"https:\\\/\\\/cyberlogics.ao\\\/#organization\",\"name\":\"Cyberlogics Ao Technologies - Loja Online de Licen\u00e7as de Softwares e Inform\u00e1tica\",\"url\":\"https:\\\/\\\/cyberlogics.ao\\\/\",\"logo\":{\"@type\":\"ImageObject\",\"inLanguage\":\"pt-PT\",\"@id\":\"https:\\\/\\\/cyberlogics.ao\\\/#\\\/schema\\\/logo\\\/image\\\/\",\"url\":\"https:\\\/\\\/cyberlogics.ao\\\/wp-content\\\/uploads\\\/2022\\\/04\\\/CT-logo.png\",\"contentUrl\":\"https:\\\/\\\/cyberlogics.ao\\\/wp-content\\\/uploads\\\/2022\\\/04\\\/CT-logo.png\",\"width\":190,\"height\":75,\"caption\":\"Cyberlogics Ao Technologies - Loja Online de Licen\u00e7as de Softwares e Inform\u00e1tica\"},\"image\":{\"@id\":\"https:\\\/\\\/cyberlogics.ao\\\/#\\\/schema\\\/logo\\\/image\\\/\"}}]}<\/script>\n<!-- \/ Yoast SEO plugin. -->","yoast_head_json":{"title":"NextCloud - Servidor de Colabora\u00e7\u00e3o - Supermicro CSE-819U X10DRU-i+ 19\" 1U 4x 3,5\" - Cyberlogics Technologies Angola","description":"A Maior Loja Online de Angola de Licen\u00e7as Microsoft Office | Chaves Sistemas Operativos Windows | Antiv\u00edrus | Cloud Adobe | Inform\u00e1tica & Servidores | Softwares de Gest\u00e3o ERP | Gaming Hardware | UPS e Baterias & Muito Mais...","robots":{"index":"index","follow":"follow","max-snippet":"max-snippet:-1","max-image-preview":"max-image-preview:large","max-video-preview":"max-video-preview:-1"},"canonical":"https:\/\/cyberlogics.ao\/index.php\/product\/nextcloud-servidor-de-colaboracao-supermicro-cse-819u-x10dru-i-19-1u-4x-35\/","og_locale":"pt_PT","og_type":"article","og_title":"NextCloud - Servidor de Colabora\u00e7\u00e3o - Supermicro CSE-819U X10DRU-i+ 19\" 1U 4x 3,5\" - Cyberlogics Technologies Angola","og_description":"A Maior Loja Online de Angola de Licen\u00e7as Microsoft Office | Chaves Sistemas Operativos Windows | Antiv\u00edrus | Cloud Adobe | Inform\u00e1tica & Servidores | Softwares de Gest\u00e3o ERP | Gaming Hardware | UPS e Baterias & Muito Mais...","og_url":"https:\/\/cyberlogics.ao\/index.php\/product\/nextcloud-servidor-de-colaboracao-supermicro-cse-819u-x10dru-i-19-1u-4x-35\/","og_site_name":"Cyberlogics Technologies Angola","og_image":[{"width":140,"height":88,"url":"http:\/\/cyberlogics.ao\/wp-content\/uploads\/2025\/10\/netxcloud-collaboration-server-supermicro-cse-819u-x10dru-i-19-1u-4x-35.jpg","type":"image\/jpeg"}],"twitter_card":"summary_large_image","twitter_misc":{"Tempo estimado de leitura":"1 minuto"},"schema":{"@context":"https:\/\/schema.org","@graph":[{"@type":"WebPage","@id":"https:\/\/cyberlogics.ao\/index.php\/product\/nextcloud-servidor-de-colaboracao-supermicro-cse-819u-x10dru-i-19-1u-4x-35\/","url":"https:\/\/cyberlogics.ao\/index.php\/product\/nextcloud-servidor-de-colaboracao-supermicro-cse-819u-x10dru-i-19-1u-4x-35\/","name":"NextCloud - Servidor de Colabora\u00e7\u00e3o - Supermicro CSE-819U X10DRU-i+ 19\" 1U 4x 3,5\" - Cyberlogics Technologies Angola","isPartOf":{"@id":"https:\/\/cyberlogics.ao\/#website"},"primaryImageOfPage":{"@id":"https:\/\/cyberlogics.ao\/index.php\/product\/nextcloud-servidor-de-colaboracao-supermicro-cse-819u-x10dru-i-19-1u-4x-35\/#primaryimage"},"image":{"@id":"https:\/\/cyberlogics.ao\/index.php\/product\/nextcloud-servidor-de-colaboracao-supermicro-cse-819u-x10dru-i-19-1u-4x-35\/#primaryimage"},"thumbnailUrl":"https:\/\/cyberlogics.ao\/wp-content\/uploads\/2025\/10\/netxcloud-collaboration-server-supermicro-cse-819u-x10dru-i-19-1u-4x-35.jpg","datePublished":"2025-10-30T11:08:11+00:00","description":"A Maior Loja Online de Angola de Licen\u00e7as Microsoft Office | Chaves Sistemas Operativos Windows | Antiv\u00edrus | Cloud Adobe | Inform\u00e1tica & Servidores | Softwares de Gest\u00e3o ERP | Gaming Hardware | UPS e Baterias & Muito Mais...","breadcrumb":{"@id":"https:\/\/cyberlogics.ao\/index.php\/product\/nextcloud-servidor-de-colaboracao-supermicro-cse-819u-x10dru-i-19-1u-4x-35\/#breadcrumb"},"inLanguage":"pt-PT","potentialAction":[{"@type":"ReadAction","target":["https:\/\/cyberlogics.ao\/index.php\/product\/nextcloud-servidor-de-colaboracao-supermicro-cse-819u-x10dru-i-19-1u-4x-35\/"]}]},{"@type":"ImageObject","inLanguage":"pt-PT","@id":"https:\/\/cyberlogics.ao\/index.php\/product\/nextcloud-servidor-de-colaboracao-supermicro-cse-819u-x10dru-i-19-1u-4x-35\/#primaryimage","url":"https:\/\/cyberlogics.ao\/wp-content\/uploads\/2025\/10\/netxcloud-collaboration-server-supermicro-cse-819u-x10dru-i-19-1u-4x-35.jpg","contentUrl":"https:\/\/cyberlogics.ao\/wp-content\/uploads\/2025\/10\/netxcloud-collaboration-server-supermicro-cse-819u-x10dru-i-19-1u-4x-35.jpg","width":140,"height":88},{"@type":"BreadcrumbList","@id":"https:\/\/cyberlogics.ao\/index.php\/product\/nextcloud-servidor-de-colaboracao-supermicro-cse-819u-x10dru-i-19-1u-4x-35\/#breadcrumb","itemListElement":[{"@type":"ListItem","position":1,"name":"In\u00edcio","item":"https:\/\/cyberlogics.ao\/"},{"@type":"ListItem","position":2,"name":"Produtos","item":"https:\/\/cyberlogics.ao\/index.php\/shop-2\/"},{"@type":"ListItem","position":3,"name":"NextCloud &#8211; Servidor de Colabora\u00e7\u00e3o &#8211; Supermicro CSE-819U X10DRU-i+ 19&#8243; 1U 4x 3,5&#8243;"}]},{"@type":"WebSite","@id":"https:\/\/cyberlogics.ao\/#website","url":"https:\/\/cyberlogics.ao\/","name":"Cyberlogics Technologies Angola","description":"Loja Online de Licen\u00e7as de Softwares e Inform\u00e1tica","publisher":{"@id":"https:\/\/cyberlogics.ao\/#organization"},"potentialAction":[{"@type":"SearchAction","target":{"@type":"EntryPoint","urlTemplate":"https:\/\/cyberlogics.ao\/?s={search_term_string}"},"query-input":{"@type":"PropertyValueSpecification","valueRequired":true,"valueName":"search_term_string"}}],"inLanguage":"pt-PT"},{"@type":"Organization","@id":"https:\/\/cyberlogics.ao\/#organization","name":"Cyberlogics Ao Technologies - Loja Online de Licen\u00e7as de Softwares e Inform\u00e1tica","url":"https:\/\/cyberlogics.ao\/","logo":{"@type":"ImageObject","inLanguage":"pt-PT","@id":"https:\/\/cyberlogics.ao\/#\/schema\/logo\/image\/","url":"https:\/\/cyberlogics.ao\/wp-content\/uploads\/2022\/04\/CT-logo.png","contentUrl":"https:\/\/cyberlogics.ao\/wp-content\/uploads\/2022\/04\/CT-logo.png","width":190,"height":75,"caption":"Cyberlogics Ao Technologies - Loja Online de Licen\u00e7as de Softwares e Inform\u00e1tica"},"image":{"@id":"https:\/\/cyberlogics.ao\/#\/schema\/logo\/image\/"}}]}},"_links":{"self":[{"href":"https:\/\/cyberlogics.ao\/index.php\/wp-json\/wp\/v2\/product\/10581","targetHints":{"allow":["GET"]}}],"collection":[{"href":"https:\/\/cyberlogics.ao\/index.php\/wp-json\/wp\/v2\/product"}],"about":[{"href":"https:\/\/cyberlogics.ao\/index.php\/wp-json\/wp\/v2\/types\/product"}],"replies":[{"embeddable":true,"href":"https:\/\/cyberlogics.ao\/index.php\/wp-json\/wp\/v2\/comments?post=10581"}],"wp:featuredmedia":[{"embeddable":true,"href":"https:\/\/cyberlogics.ao\/index.php\/wp-json\/wp\/v2\/media\/10582"}],"wp:attachment":[{"href":"https:\/\/cyberlogics.ao\/index.php\/wp-json\/wp\/v2\/media?parent=10581"}],"wp:term":[{"taxonomy":"product_brand","embeddable":true,"href":"https:\/\/cyberlogics.ao\/index.php\/wp-json\/wp\/v2\/product_brand?post=10581"},{"taxonomy":"product_cat","embeddable":true,"href":"https:\/\/cyberlogics.ao\/index.php\/wp-json\/wp\/v2\/product_cat?post=10581"},{"taxonomy":"product_tag","embeddable":true,"href":"https:\/\/cyberlogics.ao\/index.php\/wp-json\/wp\/v2\/product_tag?post=10581"}],"curies":[{"name":"wp","href":"https:\/\/api.w.org\/{rel}","templated":true}]}}