{"id":10624,"date":"2025-11-13T10:47:59","date_gmt":"2025-11-13T10:47:59","guid":{"rendered":"https:\/\/cyberlogics.ao\/?post_type=product&#038;p=10624"},"modified":"2025-11-13T10:47:59","modified_gmt":"2025-11-13T10:47:59","slug":"ubiquiti-unas-pro-nas-rack-2u-cortex-a-cortex-a57-8-gb-cinzento-part-number-unas-pro-ean-810010079251","status":"publish","type":"product","link":"https:\/\/cyberlogics.ao\/index.php\/product\/ubiquiti-unas-pro-nas-rack-2u-cortex-a-cortex-a57-8-gb-cinzento-part-number-unas-pro-ean-810010079251\/","title":{"rendered":"Ubiquiti UNAS Pro NAS Rack (2U) Cortex-A Cortex-A57 8 GB Cinzento Part number: UNAS-Pro EAN: 810010079251"},"content":{"rendered":"<table id=\"product-attribute-specs-table\" class=\"data-table\">\n<tbody>\n<tr>\n<th colspan=\"100%\">Mechanical<\/th>\n<\/tr>\n<tr>\n<td class=\"key\">Dimensions<\/td>\n<td class=\"value\">442 x 325 x 87 mm (17.4 x 12.8 x 3.4&#8243;)<\/td>\n<\/tr>\n<tr>\n<td class=\"key\">Weight<\/td>\n<td class=\"value\">Without mounting brackets: 9.2 kg (20.3 lb)<br \/>\nWith mounting brackets: 9.5 kg (20.8 lb)<\/td>\n<\/tr>\n<tr>\n<td class=\"key\">Enclosure material<\/td>\n<td class=\"value\">SGCC steel<\/td>\n<\/tr>\n<tr>\n<td class=\"key\">Mount material<\/td>\n<td class=\"value\">SGCC steel<\/td>\n<\/tr>\n<tr>\n<th colspan=\"100%\">Hardware<\/th>\n<\/tr>\n<tr>\n<td class=\"key\">Processor<\/td>\n<td class=\"value\">Quad-Core ARM\u00ae Cortex\u00ae-A57 at 1.7 GHz<\/td>\n<\/tr>\n<tr>\n<td class=\"key\">System memory<\/td>\n<td class=\"value\">8 GB<\/td>\n<\/tr>\n<tr>\n<td class=\"key\">Management interface<\/td>\n<td class=\"value\">Ethernet In-Band<\/td>\n<\/tr>\n<tr>\n<td class=\"key\">Networking interface<\/td>\n<td class=\"value\">(1) GbE RJ45 port<br \/>\n(1) 1\/10 GbE SFP+ port<\/td>\n<\/tr>\n<tr>\n<td class=\"key\">RF interface<\/td>\n<td class=\"value\">Bluetooth 4.1<\/td>\n<\/tr>\n<tr>\n<td class=\"key\">Power method<\/td>\n<td class=\"value\">(1) Universal AC input, 100\u2014240V AC, 3A Max., 50\/60 Hz<br \/>\n(1) USP-RPS DC input, 11.5V DC, 13.91A<\/td>\n<\/tr>\n<tr>\n<td class=\"key\">Power supply<\/td>\n<td class=\"value\">AC\/DC, internal, 200W<\/td>\n<\/tr>\n<tr>\n<td class=\"key\">Supported voltage range<\/td>\n<td class=\"value\">100\u2014240V AC<\/td>\n<\/tr>\n<tr>\n<td class=\"key\">Max. power consumption<\/td>\n<td class=\"value\">160W<\/td>\n<\/tr>\n<tr>\n<td class=\"key\">Max. power budget for Drives<\/td>\n<td class=\"value\">135W<\/td>\n<\/tr>\n<tr>\n<td class=\"key\">ESD\/EMP protection<\/td>\n<td class=\"value\">Air: \u00b1 12kV, contact: \u00b1 8kV<\/td>\n<\/tr>\n<tr>\n<td class=\"key\">LCM Display<\/td>\n<td class=\"value\">(1) 1.3&#8243; touchscreen<\/td>\n<\/tr>\n<tr>\n<td class=\"key\">Ambient operating temperature<\/td>\n<td class=\"value\">-5 to 40\u00b0 C (23 to 104\u00b0 F)<\/td>\n<\/tr>\n<tr>\n<td class=\"key\">Ambient operating humidity<\/td>\n<td class=\"value\">5 to 95% noncondensing<\/td>\n<\/tr>\n<tr>\n<td class=\"key\">Certifications<\/td>\n<td class=\"value\">FCC, CE, IC<\/td>\n<\/tr>\n<tr>\n<th colspan=\"100%\">LEDs<\/th>\n<\/tr>\n<tr>\n<td class=\"key\">Ethernet<\/td>\n<td class=\"value\">Green: 1 Gbps<br \/>\nAmber: 10\/100 Mbps<\/td>\n<\/tr>\n<tr>\n<td class=\"key\">SFP+<\/td>\n<td class=\"value\">White: 10 Gbps<br \/>\nGreen: 1 Gbps<\/td>\n<\/tr>\n<tr>\n<td class=\"key\">HDD<\/td>\n<td class=\"value\">White: disk detected<br \/>\nAmber: disk error<\/td>\n<\/tr>\n<tr>\n<td class=\"key\">RPS<\/td>\n<td class=\"value\">Blue: ready<\/td>\n<\/tr>\n<tr>\n<th colspan=\"100%\">Application Requirements<\/th>\n<\/tr>\n<tr>\n<td class=\"key\">UniFi Drive<\/td>\n<td class=\"value\">Version 1.16.0 and later<\/td>\n<\/tr>\n<\/tbody>\n<\/table>\n","protected":false},"excerpt":{"rendered":"<div class=\"attribute-desc-section__attribute attribute-desc-section__attribute--seo-description\">\n<p>NAS montado em rack de 2U com (7) baias para discos de 2,5\/3,5&#8243; e desempenho de 10 Gbps projetado para armazenamento e compartilhamento de arquivos em grande escala.<\/p>\n<\/div>\n<div class=\"attribute-desc-section__attribute attribute-desc-section__attribute--key-features\">\n<div>\n<p>(7) Suporte para HDD \/ SSD de 2.5\/3.5&#8243;<\/p>\n<p>(1) uplink 10G SFP+ e (1) porta GbE RJ45<\/p>\n<p>Prote\u00e7\u00e3o de dados com tecnologia de armazenamento RAID<\/p>\n<p>Pronto para UniFi Power Backup<\/p>\n<p>Ecr\u00e3 t\u00e1til de 1.3&#8243; para gest\u00e3o<\/p>\n<\/div>\n<\/div>\n","protected":false},"featured_media":10625,"comment_status":"open","ping_status":"closed","template":"","meta":{"_joinchat":[]},"product_brand":[],"product_cat":[819,792],"product_tag":[],"class_list":{"0":"post-10624","1":"product","2":"type-product","3":"status-publish","4":"has-post-thumbnail","6":"product_cat-nas-e-servidores-de-armazenamento","7":"product_cat-servidores-e-storage","9":"first","10":"instock","11":"shipping-taxable","12":"purchasable","13":"product-type-simple"},"yoast_head":"<!-- This site is optimized with the Yoast SEO plugin v27.4 - https:\/\/yoast.com\/product\/yoast-seo-wordpress\/ -->\n<title>Ubiquiti UNAS Pro NAS Rack (2U) Cortex-A Cortex-A57 8 GB Cinzento Part number: UNAS-Pro EAN: 810010079251 - Cyberlogics Technologies Angola<\/title>\n<meta name=\"description\" content=\"A Maior Loja Online de Angola de Licen\u00e7as Microsoft Office | Chaves Sistemas Operativos Windows | Antiv\u00edrus | Cloud Adobe | Inform\u00e1tica &amp; Servidores | Softwares de Gest\u00e3o ERP | Gaming Hardware | UPS e Baterias &amp; Muito Mais...\" \/>\n<meta name=\"robots\" content=\"index, follow, max-snippet:-1, max-image-preview:large, max-video-preview:-1\" \/>\n<link rel=\"canonical\" href=\"https:\/\/cyberlogics.ao\/index.php\/product\/ubiquiti-unas-pro-nas-rack-2u-cortex-a-cortex-a57-8-gb-cinzento-part-number-unas-pro-ean-810010079251\/\" \/>\n<meta property=\"og:locale\" content=\"pt_PT\" \/>\n<meta property=\"og:type\" content=\"article\" \/>\n<meta property=\"og:title\" content=\"Ubiquiti UNAS Pro NAS Rack (2U) Cortex-A Cortex-A57 8 GB Cinzento Part number: UNAS-Pro EAN: 810010079251 - Cyberlogics Technologies Angola\" \/>\n<meta property=\"og:description\" content=\"A Maior Loja Online de Angola de Licen\u00e7as Microsoft Office | Chaves Sistemas Operativos Windows | Antiv\u00edrus | Cloud Adobe | Inform\u00e1tica &amp; Servidores | Softwares de Gest\u00e3o ERP | Gaming Hardware | UPS e Baterias &amp; Muito Mais...\" \/>\n<meta property=\"og:url\" content=\"https:\/\/cyberlogics.ao\/index.php\/product\/ubiquiti-unas-pro-nas-rack-2u-cortex-a-cortex-a57-8-gb-cinzento-part-number-unas-pro-ean-810010079251\/\" \/>\n<meta property=\"og:site_name\" content=\"Cyberlogics Technologies Angola\" \/>\n<meta property=\"og:image\" content=\"http:\/\/cyberlogics.ao\/wp-content\/uploads\/2025\/11\/6df5d605e10af34f351ef5f34ef077b4872883e5_1755255__image2_thumb.jpg\" \/>\n\t<meta property=\"og:image:width\" content=\"400\" \/>\n\t<meta property=\"og:image:height\" content=\"400\" \/>\n\t<meta property=\"og:image:type\" content=\"image\/jpeg\" \/>\n<meta name=\"twitter:card\" content=\"summary_large_image\" \/>\n<meta name=\"twitter:label1\" content=\"Tempo estimado de leitura\" \/>\n\t<meta name=\"twitter:data1\" content=\"1 minuto\" \/>\n<script type=\"application\/ld+json\" class=\"yoast-schema-graph\">{\"@context\":\"https:\\\/\\\/schema.org\",\"@graph\":[{\"@type\":\"WebPage\",\"@id\":\"https:\\\/\\\/cyberlogics.ao\\\/index.php\\\/product\\\/ubiquiti-unas-pro-nas-rack-2u-cortex-a-cortex-a57-8-gb-cinzento-part-number-unas-pro-ean-810010079251\\\/\",\"url\":\"https:\\\/\\\/cyberlogics.ao\\\/index.php\\\/product\\\/ubiquiti-unas-pro-nas-rack-2u-cortex-a-cortex-a57-8-gb-cinzento-part-number-unas-pro-ean-810010079251\\\/\",\"name\":\"Ubiquiti UNAS Pro NAS Rack (2U) Cortex-A Cortex-A57 8 GB Cinzento Part number: UNAS-Pro EAN: 810010079251 - Cyberlogics Technologies Angola\",\"isPartOf\":{\"@id\":\"https:\\\/\\\/cyberlogics.ao\\\/#website\"},\"primaryImageOfPage\":{\"@id\":\"https:\\\/\\\/cyberlogics.ao\\\/index.php\\\/product\\\/ubiquiti-unas-pro-nas-rack-2u-cortex-a-cortex-a57-8-gb-cinzento-part-number-unas-pro-ean-810010079251\\\/#primaryimage\"},\"image\":{\"@id\":\"https:\\\/\\\/cyberlogics.ao\\\/index.php\\\/product\\\/ubiquiti-unas-pro-nas-rack-2u-cortex-a-cortex-a57-8-gb-cinzento-part-number-unas-pro-ean-810010079251\\\/#primaryimage\"},\"thumbnailUrl\":\"https:\\\/\\\/cyberlogics.ao\\\/wp-content\\\/uploads\\\/2025\\\/11\\\/6df5d605e10af34f351ef5f34ef077b4872883e5_1755255__image2_thumb.jpg\",\"datePublished\":\"2025-11-13T10:47:59+00:00\",\"description\":\"A Maior Loja Online de Angola de Licen\u00e7as Microsoft Office | Chaves Sistemas Operativos Windows | Antiv\u00edrus | Cloud Adobe | Inform\u00e1tica & Servidores | Softwares de Gest\u00e3o ERP | Gaming Hardware | UPS e Baterias & Muito Mais...\",\"breadcrumb\":{\"@id\":\"https:\\\/\\\/cyberlogics.ao\\\/index.php\\\/product\\\/ubiquiti-unas-pro-nas-rack-2u-cortex-a-cortex-a57-8-gb-cinzento-part-number-unas-pro-ean-810010079251\\\/#breadcrumb\"},\"inLanguage\":\"pt-PT\",\"potentialAction\":[{\"@type\":\"ReadAction\",\"target\":[\"https:\\\/\\\/cyberlogics.ao\\\/index.php\\\/product\\\/ubiquiti-unas-pro-nas-rack-2u-cortex-a-cortex-a57-8-gb-cinzento-part-number-unas-pro-ean-810010079251\\\/\"]}]},{\"@type\":\"ImageObject\",\"inLanguage\":\"pt-PT\",\"@id\":\"https:\\\/\\\/cyberlogics.ao\\\/index.php\\\/product\\\/ubiquiti-unas-pro-nas-rack-2u-cortex-a-cortex-a57-8-gb-cinzento-part-number-unas-pro-ean-810010079251\\\/#primaryimage\",\"url\":\"https:\\\/\\\/cyberlogics.ao\\\/wp-content\\\/uploads\\\/2025\\\/11\\\/6df5d605e10af34f351ef5f34ef077b4872883e5_1755255__image2_thumb.jpg\",\"contentUrl\":\"https:\\\/\\\/cyberlogics.ao\\\/wp-content\\\/uploads\\\/2025\\\/11\\\/6df5d605e10af34f351ef5f34ef077b4872883e5_1755255__image2_thumb.jpg\",\"width\":400,\"height\":400},{\"@type\":\"BreadcrumbList\",\"@id\":\"https:\\\/\\\/cyberlogics.ao\\\/index.php\\\/product\\\/ubiquiti-unas-pro-nas-rack-2u-cortex-a-cortex-a57-8-gb-cinzento-part-number-unas-pro-ean-810010079251\\\/#breadcrumb\",\"itemListElement\":[{\"@type\":\"ListItem\",\"position\":1,\"name\":\"In\u00edcio\",\"item\":\"https:\\\/\\\/cyberlogics.ao\\\/\"},{\"@type\":\"ListItem\",\"position\":2,\"name\":\"Produtos\",\"item\":\"https:\\\/\\\/cyberlogics.ao\\\/index.php\\\/shop-2\\\/\"},{\"@type\":\"ListItem\",\"position\":3,\"name\":\"Ubiquiti UNAS Pro NAS Rack (2U) Cortex-A Cortex-A57 8 GB Cinzento Part number: UNAS-Pro EAN: 810010079251\"}]},{\"@type\":\"WebSite\",\"@id\":\"https:\\\/\\\/cyberlogics.ao\\\/#website\",\"url\":\"https:\\\/\\\/cyberlogics.ao\\\/\",\"name\":\"Cyberlogics Technologies Angola\",\"description\":\"Loja Online de Licen\u00e7as de Softwares e Inform\u00e1tica\",\"publisher\":{\"@id\":\"https:\\\/\\\/cyberlogics.ao\\\/#organization\"},\"potentialAction\":[{\"@type\":\"SearchAction\",\"target\":{\"@type\":\"EntryPoint\",\"urlTemplate\":\"https:\\\/\\\/cyberlogics.ao\\\/?s={search_term_string}\"},\"query-input\":{\"@type\":\"PropertyValueSpecification\",\"valueRequired\":true,\"valueName\":\"search_term_string\"}}],\"inLanguage\":\"pt-PT\"},{\"@type\":\"Organization\",\"@id\":\"https:\\\/\\\/cyberlogics.ao\\\/#organization\",\"name\":\"Cyberlogics Ao Technologies - Loja Online de Licen\u00e7as de Softwares e Inform\u00e1tica\",\"url\":\"https:\\\/\\\/cyberlogics.ao\\\/\",\"logo\":{\"@type\":\"ImageObject\",\"inLanguage\":\"pt-PT\",\"@id\":\"https:\\\/\\\/cyberlogics.ao\\\/#\\\/schema\\\/logo\\\/image\\\/\",\"url\":\"https:\\\/\\\/cyberlogics.ao\\\/wp-content\\\/uploads\\\/2022\\\/04\\\/CT-logo.png\",\"contentUrl\":\"https:\\\/\\\/cyberlogics.ao\\\/wp-content\\\/uploads\\\/2022\\\/04\\\/CT-logo.png\",\"width\":190,\"height\":75,\"caption\":\"Cyberlogics Ao Technologies - Loja Online de Licen\u00e7as de Softwares e Inform\u00e1tica\"},\"image\":{\"@id\":\"https:\\\/\\\/cyberlogics.ao\\\/#\\\/schema\\\/logo\\\/image\\\/\"}}]}<\/script>\n<!-- \/ Yoast SEO plugin. -->","yoast_head_json":{"title":"Ubiquiti UNAS Pro NAS Rack (2U) Cortex-A Cortex-A57 8 GB Cinzento Part number: UNAS-Pro EAN: 810010079251 - Cyberlogics Technologies Angola","description":"A Maior Loja Online de Angola de Licen\u00e7as Microsoft Office | Chaves Sistemas Operativos Windows | Antiv\u00edrus | Cloud Adobe | Inform\u00e1tica & Servidores | Softwares de Gest\u00e3o ERP | Gaming Hardware | UPS e Baterias & Muito Mais...","robots":{"index":"index","follow":"follow","max-snippet":"max-snippet:-1","max-image-preview":"max-image-preview:large","max-video-preview":"max-video-preview:-1"},"canonical":"https:\/\/cyberlogics.ao\/index.php\/product\/ubiquiti-unas-pro-nas-rack-2u-cortex-a-cortex-a57-8-gb-cinzento-part-number-unas-pro-ean-810010079251\/","og_locale":"pt_PT","og_type":"article","og_title":"Ubiquiti UNAS Pro NAS Rack (2U) Cortex-A Cortex-A57 8 GB Cinzento Part number: UNAS-Pro EAN: 810010079251 - Cyberlogics Technologies Angola","og_description":"A Maior Loja Online de Angola de Licen\u00e7as Microsoft Office | Chaves Sistemas Operativos Windows | Antiv\u00edrus | Cloud Adobe | Inform\u00e1tica & Servidores | Softwares de Gest\u00e3o ERP | Gaming Hardware | UPS e Baterias & Muito Mais...","og_url":"https:\/\/cyberlogics.ao\/index.php\/product\/ubiquiti-unas-pro-nas-rack-2u-cortex-a-cortex-a57-8-gb-cinzento-part-number-unas-pro-ean-810010079251\/","og_site_name":"Cyberlogics Technologies Angola","og_image":[{"width":400,"height":400,"url":"http:\/\/cyberlogics.ao\/wp-content\/uploads\/2025\/11\/6df5d605e10af34f351ef5f34ef077b4872883e5_1755255__image2_thumb.jpg","type":"image\/jpeg"}],"twitter_card":"summary_large_image","twitter_misc":{"Tempo estimado de leitura":"1 minuto"},"schema":{"@context":"https:\/\/schema.org","@graph":[{"@type":"WebPage","@id":"https:\/\/cyberlogics.ao\/index.php\/product\/ubiquiti-unas-pro-nas-rack-2u-cortex-a-cortex-a57-8-gb-cinzento-part-number-unas-pro-ean-810010079251\/","url":"https:\/\/cyberlogics.ao\/index.php\/product\/ubiquiti-unas-pro-nas-rack-2u-cortex-a-cortex-a57-8-gb-cinzento-part-number-unas-pro-ean-810010079251\/","name":"Ubiquiti UNAS Pro NAS Rack (2U) Cortex-A Cortex-A57 8 GB Cinzento Part number: UNAS-Pro EAN: 810010079251 - Cyberlogics Technologies Angola","isPartOf":{"@id":"https:\/\/cyberlogics.ao\/#website"},"primaryImageOfPage":{"@id":"https:\/\/cyberlogics.ao\/index.php\/product\/ubiquiti-unas-pro-nas-rack-2u-cortex-a-cortex-a57-8-gb-cinzento-part-number-unas-pro-ean-810010079251\/#primaryimage"},"image":{"@id":"https:\/\/cyberlogics.ao\/index.php\/product\/ubiquiti-unas-pro-nas-rack-2u-cortex-a-cortex-a57-8-gb-cinzento-part-number-unas-pro-ean-810010079251\/#primaryimage"},"thumbnailUrl":"https:\/\/cyberlogics.ao\/wp-content\/uploads\/2025\/11\/6df5d605e10af34f351ef5f34ef077b4872883e5_1755255__image2_thumb.jpg","datePublished":"2025-11-13T10:47:59+00:00","description":"A Maior Loja Online de Angola de Licen\u00e7as Microsoft Office | Chaves Sistemas Operativos Windows | Antiv\u00edrus | Cloud Adobe | Inform\u00e1tica & Servidores | Softwares de Gest\u00e3o ERP | Gaming Hardware | UPS e Baterias & Muito Mais...","breadcrumb":{"@id":"https:\/\/cyberlogics.ao\/index.php\/product\/ubiquiti-unas-pro-nas-rack-2u-cortex-a-cortex-a57-8-gb-cinzento-part-number-unas-pro-ean-810010079251\/#breadcrumb"},"inLanguage":"pt-PT","potentialAction":[{"@type":"ReadAction","target":["https:\/\/cyberlogics.ao\/index.php\/product\/ubiquiti-unas-pro-nas-rack-2u-cortex-a-cortex-a57-8-gb-cinzento-part-number-unas-pro-ean-810010079251\/"]}]},{"@type":"ImageObject","inLanguage":"pt-PT","@id":"https:\/\/cyberlogics.ao\/index.php\/product\/ubiquiti-unas-pro-nas-rack-2u-cortex-a-cortex-a57-8-gb-cinzento-part-number-unas-pro-ean-810010079251\/#primaryimage","url":"https:\/\/cyberlogics.ao\/wp-content\/uploads\/2025\/11\/6df5d605e10af34f351ef5f34ef077b4872883e5_1755255__image2_thumb.jpg","contentUrl":"https:\/\/cyberlogics.ao\/wp-content\/uploads\/2025\/11\/6df5d605e10af34f351ef5f34ef077b4872883e5_1755255__image2_thumb.jpg","width":400,"height":400},{"@type":"BreadcrumbList","@id":"https:\/\/cyberlogics.ao\/index.php\/product\/ubiquiti-unas-pro-nas-rack-2u-cortex-a-cortex-a57-8-gb-cinzento-part-number-unas-pro-ean-810010079251\/#breadcrumb","itemListElement":[{"@type":"ListItem","position":1,"name":"In\u00edcio","item":"https:\/\/cyberlogics.ao\/"},{"@type":"ListItem","position":2,"name":"Produtos","item":"https:\/\/cyberlogics.ao\/index.php\/shop-2\/"},{"@type":"ListItem","position":3,"name":"Ubiquiti UNAS Pro NAS Rack (2U) Cortex-A Cortex-A57 8 GB Cinzento Part number: UNAS-Pro EAN: 810010079251"}]},{"@type":"WebSite","@id":"https:\/\/cyberlogics.ao\/#website","url":"https:\/\/cyberlogics.ao\/","name":"Cyberlogics Technologies Angola","description":"Loja Online de Licen\u00e7as de Softwares e Inform\u00e1tica","publisher":{"@id":"https:\/\/cyberlogics.ao\/#organization"},"potentialAction":[{"@type":"SearchAction","target":{"@type":"EntryPoint","urlTemplate":"https:\/\/cyberlogics.ao\/?s={search_term_string}"},"query-input":{"@type":"PropertyValueSpecification","valueRequired":true,"valueName":"search_term_string"}}],"inLanguage":"pt-PT"},{"@type":"Organization","@id":"https:\/\/cyberlogics.ao\/#organization","name":"Cyberlogics Ao Technologies - Loja Online de Licen\u00e7as de Softwares e Inform\u00e1tica","url":"https:\/\/cyberlogics.ao\/","logo":{"@type":"ImageObject","inLanguage":"pt-PT","@id":"https:\/\/cyberlogics.ao\/#\/schema\/logo\/image\/","url":"https:\/\/cyberlogics.ao\/wp-content\/uploads\/2022\/04\/CT-logo.png","contentUrl":"https:\/\/cyberlogics.ao\/wp-content\/uploads\/2022\/04\/CT-logo.png","width":190,"height":75,"caption":"Cyberlogics Ao Technologies - Loja Online de Licen\u00e7as de Softwares e Inform\u00e1tica"},"image":{"@id":"https:\/\/cyberlogics.ao\/#\/schema\/logo\/image\/"}}]}},"_links":{"self":[{"href":"https:\/\/cyberlogics.ao\/index.php\/wp-json\/wp\/v2\/product\/10624","targetHints":{"allow":["GET"]}}],"collection":[{"href":"https:\/\/cyberlogics.ao\/index.php\/wp-json\/wp\/v2\/product"}],"about":[{"href":"https:\/\/cyberlogics.ao\/index.php\/wp-json\/wp\/v2\/types\/product"}],"replies":[{"embeddable":true,"href":"https:\/\/cyberlogics.ao\/index.php\/wp-json\/wp\/v2\/comments?post=10624"}],"wp:featuredmedia":[{"embeddable":true,"href":"https:\/\/cyberlogics.ao\/index.php\/wp-json\/wp\/v2\/media\/10625"}],"wp:attachment":[{"href":"https:\/\/cyberlogics.ao\/index.php\/wp-json\/wp\/v2\/media?parent=10624"}],"wp:term":[{"taxonomy":"product_brand","embeddable":true,"href":"https:\/\/cyberlogics.ao\/index.php\/wp-json\/wp\/v2\/product_brand?post=10624"},{"taxonomy":"product_cat","embeddable":true,"href":"https:\/\/cyberlogics.ao\/index.php\/wp-json\/wp\/v2\/product_cat?post=10624"},{"taxonomy":"product_tag","embeddable":true,"href":"https:\/\/cyberlogics.ao\/index.php\/wp-json\/wp\/v2\/product_tag?post=10624"}],"curies":[{"name":"wp","href":"https:\/\/api.w.org\/{rel}","templated":true}]}}