{"id":10687,"date":"2025-11-14T10:11:12","date_gmt":"2025-11-14T10:11:12","guid":{"rendered":"https:\/\/cyberlogics.ao\/?post_type=product&#038;p=10687"},"modified":"2025-11-14T10:11:12","modified_gmt":"2025-11-14T10:11:12","slug":"qnap-ts-435xeu-nas-rack-1u-ethernet-lan-black-grey-cn9131-part-number-ts-435xeu-4g-ean-4713213519332","status":"publish","type":"product","link":"https:\/\/cyberlogics.ao\/index.php\/product\/qnap-ts-435xeu-nas-rack-1u-ethernet-lan-black-grey-cn9131-part-number-ts-435xeu-4g-ean-4713213519332\/","title":{"rendered":"QNAP TS-435XEU NAS Rack (1U) Ethernet LAN Black, Grey CN9131 Part number: TS-435XEU-4G EAN: 4713213519332"},"content":{"rendered":"","protected":false},"excerpt":{"rendered":"<p>Pequenas e M\u00e9dias Empresas NAS Rack (1U) Preto, Cinzento<\/p>\n<p>&gt;QNAP QTS 5,0,0<\/p>\n<p>&gt;Quantidade de armazenamento de drives compat\u00edveis: 4 HDD &amp; SSD M.2, Serial ATA II, Serial ATA III<\/p>\n<p>&gt;Marvell CN9131 2,2 GHz<\/p>\n<p>&gt;4 DDR4 Slots de mem\u00f3ria: 1 SO-DIMM<\/p>\n<p>&gt;Ethernet LAN Servidor DHCP Suporta pacotes jumbo Apoio iSCSI Pronto para Wake-on-LAN<\/p>\n<p>&gt;Tipo de refrigera\u00e7\u00e3o: Ativo<\/p>\n<p>&gt;Funcionalidades de c\u00f3pia de seguran\u00e7a: Cloud, iSCSI LUN 100 W<\/p>\n","protected":false},"featured_media":10688,"comment_status":"open","ping_status":"closed","template":"","meta":{"_joinchat":[]},"product_brand":[],"product_cat":[819,792],"product_tag":[],"class_list":{"0":"post-10687","1":"product","2":"type-product","3":"status-publish","4":"has-post-thumbnail","6":"product_cat-nas-e-servidores-de-armazenamento","7":"product_cat-servidores-e-storage","9":"first","10":"instock","11":"shipping-taxable","12":"purchasable","13":"product-type-simple"},"yoast_head":"<!-- This site is optimized with the Yoast SEO plugin v27.4 - https:\/\/yoast.com\/product\/yoast-seo-wordpress\/ -->\n<title>QNAP TS-435XEU NAS Rack (1U) Ethernet LAN Black, Grey CN9131 Part number: TS-435XEU-4G EAN: 4713213519332 - Cyberlogics Technologies Angola<\/title>\n<meta name=\"description\" content=\"A Maior Loja Online de Angola de Licen\u00e7as Microsoft Office | Chaves Sistemas Operativos Windows | Antiv\u00edrus | Cloud Adobe | Inform\u00e1tica &amp; Servidores | Softwares de Gest\u00e3o ERP | Gaming Hardware | UPS e Baterias &amp; Muito Mais...\" \/>\n<meta name=\"robots\" content=\"index, follow, max-snippet:-1, max-image-preview:large, max-video-preview:-1\" \/>\n<link rel=\"canonical\" href=\"https:\/\/cyberlogics.ao\/index.php\/product\/qnap-ts-435xeu-nas-rack-1u-ethernet-lan-black-grey-cn9131-part-number-ts-435xeu-4g-ean-4713213519332\/\" \/>\n<meta property=\"og:locale\" content=\"pt_PT\" \/>\n<meta property=\"og:type\" content=\"article\" \/>\n<meta property=\"og:title\" content=\"QNAP TS-435XEU NAS Rack (1U) Ethernet LAN Black, Grey CN9131 Part number: TS-435XEU-4G EAN: 4713213519332 - Cyberlogics Technologies Angola\" \/>\n<meta property=\"og:description\" content=\"A Maior Loja Online de Angola de Licen\u00e7as Microsoft Office | Chaves Sistemas Operativos Windows | Antiv\u00edrus | Cloud Adobe | Inform\u00e1tica &amp; Servidores | Softwares de Gest\u00e3o ERP | Gaming Hardware | UPS e Baterias &amp; Muito Mais...\" \/>\n<meta property=\"og:url\" content=\"https:\/\/cyberlogics.ao\/index.php\/product\/qnap-ts-435xeu-nas-rack-1u-ethernet-lan-black-grey-cn9131-part-number-ts-435xeu-4g-ean-4713213519332\/\" \/>\n<meta property=\"og:site_name\" content=\"Cyberlogics Technologies Angola\" \/>\n<meta property=\"og:image\" content=\"http:\/\/cyberlogics.ao\/wp-content\/uploads\/2025\/11\/fcc8b206753478e911bdaeab431a025a28bf0299_1677359__image6_thumb.jpg\" \/>\n\t<meta property=\"og:image:width\" content=\"400\" \/>\n\t<meta property=\"og:image:height\" content=\"250\" \/>\n\t<meta property=\"og:image:type\" content=\"image\/jpeg\" \/>\n<meta name=\"twitter:card\" content=\"summary_large_image\" \/>\n<script type=\"application\/ld+json\" class=\"yoast-schema-graph\">{\"@context\":\"https:\\\/\\\/schema.org\",\"@graph\":[{\"@type\":\"WebPage\",\"@id\":\"https:\\\/\\\/cyberlogics.ao\\\/index.php\\\/product\\\/qnap-ts-435xeu-nas-rack-1u-ethernet-lan-black-grey-cn9131-part-number-ts-435xeu-4g-ean-4713213519332\\\/\",\"url\":\"https:\\\/\\\/cyberlogics.ao\\\/index.php\\\/product\\\/qnap-ts-435xeu-nas-rack-1u-ethernet-lan-black-grey-cn9131-part-number-ts-435xeu-4g-ean-4713213519332\\\/\",\"name\":\"QNAP TS-435XEU NAS Rack (1U) Ethernet LAN Black, Grey CN9131 Part number: TS-435XEU-4G EAN: 4713213519332 - Cyberlogics Technologies Angola\",\"isPartOf\":{\"@id\":\"https:\\\/\\\/cyberlogics.ao\\\/#website\"},\"primaryImageOfPage\":{\"@id\":\"https:\\\/\\\/cyberlogics.ao\\\/index.php\\\/product\\\/qnap-ts-435xeu-nas-rack-1u-ethernet-lan-black-grey-cn9131-part-number-ts-435xeu-4g-ean-4713213519332\\\/#primaryimage\"},\"image\":{\"@id\":\"https:\\\/\\\/cyberlogics.ao\\\/index.php\\\/product\\\/qnap-ts-435xeu-nas-rack-1u-ethernet-lan-black-grey-cn9131-part-number-ts-435xeu-4g-ean-4713213519332\\\/#primaryimage\"},\"thumbnailUrl\":\"https:\\\/\\\/cyberlogics.ao\\\/wp-content\\\/uploads\\\/2025\\\/11\\\/fcc8b206753478e911bdaeab431a025a28bf0299_1677359__image6_thumb.jpg\",\"datePublished\":\"2025-11-14T10:11:12+00:00\",\"description\":\"A Maior Loja Online de Angola de Licen\u00e7as Microsoft Office | Chaves Sistemas Operativos Windows | Antiv\u00edrus | Cloud Adobe | Inform\u00e1tica & Servidores | Softwares de Gest\u00e3o ERP | Gaming Hardware | UPS e Baterias & Muito Mais...\",\"breadcrumb\":{\"@id\":\"https:\\\/\\\/cyberlogics.ao\\\/index.php\\\/product\\\/qnap-ts-435xeu-nas-rack-1u-ethernet-lan-black-grey-cn9131-part-number-ts-435xeu-4g-ean-4713213519332\\\/#breadcrumb\"},\"inLanguage\":\"pt-PT\",\"potentialAction\":[{\"@type\":\"ReadAction\",\"target\":[\"https:\\\/\\\/cyberlogics.ao\\\/index.php\\\/product\\\/qnap-ts-435xeu-nas-rack-1u-ethernet-lan-black-grey-cn9131-part-number-ts-435xeu-4g-ean-4713213519332\\\/\"]}]},{\"@type\":\"ImageObject\",\"inLanguage\":\"pt-PT\",\"@id\":\"https:\\\/\\\/cyberlogics.ao\\\/index.php\\\/product\\\/qnap-ts-435xeu-nas-rack-1u-ethernet-lan-black-grey-cn9131-part-number-ts-435xeu-4g-ean-4713213519332\\\/#primaryimage\",\"url\":\"https:\\\/\\\/cyberlogics.ao\\\/wp-content\\\/uploads\\\/2025\\\/11\\\/fcc8b206753478e911bdaeab431a025a28bf0299_1677359__image6_thumb.jpg\",\"contentUrl\":\"https:\\\/\\\/cyberlogics.ao\\\/wp-content\\\/uploads\\\/2025\\\/11\\\/fcc8b206753478e911bdaeab431a025a28bf0299_1677359__image6_thumb.jpg\",\"width\":400,\"height\":250},{\"@type\":\"BreadcrumbList\",\"@id\":\"https:\\\/\\\/cyberlogics.ao\\\/index.php\\\/product\\\/qnap-ts-435xeu-nas-rack-1u-ethernet-lan-black-grey-cn9131-part-number-ts-435xeu-4g-ean-4713213519332\\\/#breadcrumb\",\"itemListElement\":[{\"@type\":\"ListItem\",\"position\":1,\"name\":\"In\u00edcio\",\"item\":\"https:\\\/\\\/cyberlogics.ao\\\/\"},{\"@type\":\"ListItem\",\"position\":2,\"name\":\"Produtos\",\"item\":\"https:\\\/\\\/cyberlogics.ao\\\/index.php\\\/shop-2\\\/\"},{\"@type\":\"ListItem\",\"position\":3,\"name\":\"QNAP TS-435XEU NAS Rack (1U) Ethernet LAN Black, Grey CN9131 Part number: TS-435XEU-4G EAN: 4713213519332\"}]},{\"@type\":\"WebSite\",\"@id\":\"https:\\\/\\\/cyberlogics.ao\\\/#website\",\"url\":\"https:\\\/\\\/cyberlogics.ao\\\/\",\"name\":\"Cyberlogics Technologies Angola\",\"description\":\"Loja Online de Licen\u00e7as de Softwares e Inform\u00e1tica\",\"publisher\":{\"@id\":\"https:\\\/\\\/cyberlogics.ao\\\/#organization\"},\"potentialAction\":[{\"@type\":\"SearchAction\",\"target\":{\"@type\":\"EntryPoint\",\"urlTemplate\":\"https:\\\/\\\/cyberlogics.ao\\\/?s={search_term_string}\"},\"query-input\":{\"@type\":\"PropertyValueSpecification\",\"valueRequired\":true,\"valueName\":\"search_term_string\"}}],\"inLanguage\":\"pt-PT\"},{\"@type\":\"Organization\",\"@id\":\"https:\\\/\\\/cyberlogics.ao\\\/#organization\",\"name\":\"Cyberlogics Ao Technologies - Loja Online de Licen\u00e7as de Softwares e Inform\u00e1tica\",\"url\":\"https:\\\/\\\/cyberlogics.ao\\\/\",\"logo\":{\"@type\":\"ImageObject\",\"inLanguage\":\"pt-PT\",\"@id\":\"https:\\\/\\\/cyberlogics.ao\\\/#\\\/schema\\\/logo\\\/image\\\/\",\"url\":\"https:\\\/\\\/cyberlogics.ao\\\/wp-content\\\/uploads\\\/2022\\\/04\\\/CT-logo.png\",\"contentUrl\":\"https:\\\/\\\/cyberlogics.ao\\\/wp-content\\\/uploads\\\/2022\\\/04\\\/CT-logo.png\",\"width\":190,\"height\":75,\"caption\":\"Cyberlogics Ao Technologies - Loja Online de Licen\u00e7as de Softwares e Inform\u00e1tica\"},\"image\":{\"@id\":\"https:\\\/\\\/cyberlogics.ao\\\/#\\\/schema\\\/logo\\\/image\\\/\"}}]}<\/script>\n<!-- \/ Yoast SEO plugin. -->","yoast_head_json":{"title":"QNAP TS-435XEU NAS Rack (1U) Ethernet LAN Black, Grey CN9131 Part number: TS-435XEU-4G EAN: 4713213519332 - Cyberlogics Technologies Angola","description":"A Maior Loja Online de Angola de Licen\u00e7as Microsoft Office | Chaves Sistemas Operativos Windows | Antiv\u00edrus | Cloud Adobe | Inform\u00e1tica & Servidores | Softwares de Gest\u00e3o ERP | Gaming Hardware | UPS e Baterias & Muito Mais...","robots":{"index":"index","follow":"follow","max-snippet":"max-snippet:-1","max-image-preview":"max-image-preview:large","max-video-preview":"max-video-preview:-1"},"canonical":"https:\/\/cyberlogics.ao\/index.php\/product\/qnap-ts-435xeu-nas-rack-1u-ethernet-lan-black-grey-cn9131-part-number-ts-435xeu-4g-ean-4713213519332\/","og_locale":"pt_PT","og_type":"article","og_title":"QNAP TS-435XEU NAS Rack (1U) Ethernet LAN Black, Grey CN9131 Part number: TS-435XEU-4G EAN: 4713213519332 - Cyberlogics Technologies Angola","og_description":"A Maior Loja Online de Angola de Licen\u00e7as Microsoft Office | Chaves Sistemas Operativos Windows | Antiv\u00edrus | Cloud Adobe | Inform\u00e1tica & Servidores | Softwares de Gest\u00e3o ERP | Gaming Hardware | UPS e Baterias & Muito Mais...","og_url":"https:\/\/cyberlogics.ao\/index.php\/product\/qnap-ts-435xeu-nas-rack-1u-ethernet-lan-black-grey-cn9131-part-number-ts-435xeu-4g-ean-4713213519332\/","og_site_name":"Cyberlogics Technologies Angola","og_image":[{"width":400,"height":250,"url":"http:\/\/cyberlogics.ao\/wp-content\/uploads\/2025\/11\/fcc8b206753478e911bdaeab431a025a28bf0299_1677359__image6_thumb.jpg","type":"image\/jpeg"}],"twitter_card":"summary_large_image","schema":{"@context":"https:\/\/schema.org","@graph":[{"@type":"WebPage","@id":"https:\/\/cyberlogics.ao\/index.php\/product\/qnap-ts-435xeu-nas-rack-1u-ethernet-lan-black-grey-cn9131-part-number-ts-435xeu-4g-ean-4713213519332\/","url":"https:\/\/cyberlogics.ao\/index.php\/product\/qnap-ts-435xeu-nas-rack-1u-ethernet-lan-black-grey-cn9131-part-number-ts-435xeu-4g-ean-4713213519332\/","name":"QNAP TS-435XEU NAS Rack (1U) Ethernet LAN Black, Grey CN9131 Part number: TS-435XEU-4G EAN: 4713213519332 - Cyberlogics Technologies Angola","isPartOf":{"@id":"https:\/\/cyberlogics.ao\/#website"},"primaryImageOfPage":{"@id":"https:\/\/cyberlogics.ao\/index.php\/product\/qnap-ts-435xeu-nas-rack-1u-ethernet-lan-black-grey-cn9131-part-number-ts-435xeu-4g-ean-4713213519332\/#primaryimage"},"image":{"@id":"https:\/\/cyberlogics.ao\/index.php\/product\/qnap-ts-435xeu-nas-rack-1u-ethernet-lan-black-grey-cn9131-part-number-ts-435xeu-4g-ean-4713213519332\/#primaryimage"},"thumbnailUrl":"https:\/\/cyberlogics.ao\/wp-content\/uploads\/2025\/11\/fcc8b206753478e911bdaeab431a025a28bf0299_1677359__image6_thumb.jpg","datePublished":"2025-11-14T10:11:12+00:00","description":"A Maior Loja Online de Angola de Licen\u00e7as Microsoft Office | Chaves Sistemas Operativos Windows | Antiv\u00edrus | Cloud Adobe | Inform\u00e1tica & Servidores | Softwares de Gest\u00e3o ERP | Gaming Hardware | UPS e Baterias & Muito Mais...","breadcrumb":{"@id":"https:\/\/cyberlogics.ao\/index.php\/product\/qnap-ts-435xeu-nas-rack-1u-ethernet-lan-black-grey-cn9131-part-number-ts-435xeu-4g-ean-4713213519332\/#breadcrumb"},"inLanguage":"pt-PT","potentialAction":[{"@type":"ReadAction","target":["https:\/\/cyberlogics.ao\/index.php\/product\/qnap-ts-435xeu-nas-rack-1u-ethernet-lan-black-grey-cn9131-part-number-ts-435xeu-4g-ean-4713213519332\/"]}]},{"@type":"ImageObject","inLanguage":"pt-PT","@id":"https:\/\/cyberlogics.ao\/index.php\/product\/qnap-ts-435xeu-nas-rack-1u-ethernet-lan-black-grey-cn9131-part-number-ts-435xeu-4g-ean-4713213519332\/#primaryimage","url":"https:\/\/cyberlogics.ao\/wp-content\/uploads\/2025\/11\/fcc8b206753478e911bdaeab431a025a28bf0299_1677359__image6_thumb.jpg","contentUrl":"https:\/\/cyberlogics.ao\/wp-content\/uploads\/2025\/11\/fcc8b206753478e911bdaeab431a025a28bf0299_1677359__image6_thumb.jpg","width":400,"height":250},{"@type":"BreadcrumbList","@id":"https:\/\/cyberlogics.ao\/index.php\/product\/qnap-ts-435xeu-nas-rack-1u-ethernet-lan-black-grey-cn9131-part-number-ts-435xeu-4g-ean-4713213519332\/#breadcrumb","itemListElement":[{"@type":"ListItem","position":1,"name":"In\u00edcio","item":"https:\/\/cyberlogics.ao\/"},{"@type":"ListItem","position":2,"name":"Produtos","item":"https:\/\/cyberlogics.ao\/index.php\/shop-2\/"},{"@type":"ListItem","position":3,"name":"QNAP TS-435XEU NAS Rack (1U) Ethernet LAN Black, Grey CN9131 Part number: TS-435XEU-4G EAN: 4713213519332"}]},{"@type":"WebSite","@id":"https:\/\/cyberlogics.ao\/#website","url":"https:\/\/cyberlogics.ao\/","name":"Cyberlogics Technologies Angola","description":"Loja Online de Licen\u00e7as de Softwares e Inform\u00e1tica","publisher":{"@id":"https:\/\/cyberlogics.ao\/#organization"},"potentialAction":[{"@type":"SearchAction","target":{"@type":"EntryPoint","urlTemplate":"https:\/\/cyberlogics.ao\/?s={search_term_string}"},"query-input":{"@type":"PropertyValueSpecification","valueRequired":true,"valueName":"search_term_string"}}],"inLanguage":"pt-PT"},{"@type":"Organization","@id":"https:\/\/cyberlogics.ao\/#organization","name":"Cyberlogics Ao Technologies - Loja Online de Licen\u00e7as de Softwares e Inform\u00e1tica","url":"https:\/\/cyberlogics.ao\/","logo":{"@type":"ImageObject","inLanguage":"pt-PT","@id":"https:\/\/cyberlogics.ao\/#\/schema\/logo\/image\/","url":"https:\/\/cyberlogics.ao\/wp-content\/uploads\/2022\/04\/CT-logo.png","contentUrl":"https:\/\/cyberlogics.ao\/wp-content\/uploads\/2022\/04\/CT-logo.png","width":190,"height":75,"caption":"Cyberlogics Ao Technologies - Loja Online de Licen\u00e7as de Softwares e Inform\u00e1tica"},"image":{"@id":"https:\/\/cyberlogics.ao\/#\/schema\/logo\/image\/"}}]}},"_links":{"self":[{"href":"https:\/\/cyberlogics.ao\/index.php\/wp-json\/wp\/v2\/product\/10687","targetHints":{"allow":["GET"]}}],"collection":[{"href":"https:\/\/cyberlogics.ao\/index.php\/wp-json\/wp\/v2\/product"}],"about":[{"href":"https:\/\/cyberlogics.ao\/index.php\/wp-json\/wp\/v2\/types\/product"}],"replies":[{"embeddable":true,"href":"https:\/\/cyberlogics.ao\/index.php\/wp-json\/wp\/v2\/comments?post=10687"}],"wp:featuredmedia":[{"embeddable":true,"href":"https:\/\/cyberlogics.ao\/index.php\/wp-json\/wp\/v2\/media\/10688"}],"wp:attachment":[{"href":"https:\/\/cyberlogics.ao\/index.php\/wp-json\/wp\/v2\/media?parent=10687"}],"wp:term":[{"taxonomy":"product_brand","embeddable":true,"href":"https:\/\/cyberlogics.ao\/index.php\/wp-json\/wp\/v2\/product_brand?post=10687"},{"taxonomy":"product_cat","embeddable":true,"href":"https:\/\/cyberlogics.ao\/index.php\/wp-json\/wp\/v2\/product_cat?post=10687"},{"taxonomy":"product_tag","embeddable":true,"href":"https:\/\/cyberlogics.ao\/index.php\/wp-json\/wp\/v2\/product_tag?post=10687"}],"curies":[{"name":"wp","href":"https:\/\/api.w.org\/{rel}","templated":true}]}}