{"id":11076,"date":"2025-12-04T09:40:35","date_gmt":"2025-12-04T09:40:35","guid":{"rendered":"https:\/\/cyberlogics.ao\/?post_type=product&#038;p=11076"},"modified":"2025-12-04T09:40:35","modified_gmt":"2025-12-04T09:40:35","slug":"hpe-msa-2060-16gb-fc-lff-taa-compliant-storage-part-number-r9g39b-ean-0190017620831","status":"publish","type":"product","link":"https:\/\/cyberlogics.ao\/index.php\/product\/hpe-msa-2060-16gb-fc-lff-taa-compliant-storage-part-number-r9g39b-ean-0190017620831\/","title":{"rendered":"HPE MSA 2060 16Gb FC LFF TAA-compliant Storage Part number: R9G39B EAN: 0190017620831"},"content":{"rendered":"<div id=\"attribute_technicalSpecification\" class=\"attribute-desc-section \">\n<div id=\"description-specification\" class=\"attribute-desc-section__content\">\n<div class=\"tab-content tab-content-description\">\n<div class=\"new-specification\">\n<div class=\"features-group\">\n<div class=\"features-group-title\">Conectividade<\/div>\n<div class=\"features-group-row\">\n<div class=\"single-feature-label\" data-feature-id=\"icecat_automatic_3316_12\">Portas anfitri\u00e3s<\/div>\n<div class=\"single-feature-value\">\n<div class=\"features-group-row__value-text\">4<\/div>\n<\/div>\n<\/div>\n<div class=\"features-group-row\">\n<div class=\"single-feature-label\" data-feature-id=\"icecat_automatic_2370_12\">Caracter\u00edsticas do Fibre channel (Canal de fibra)<\/div>\n<div class=\"single-feature-value\">\n<div class=\"features-group-row__value-text\">Sim<\/div>\n<\/div>\n<\/div>\n<\/div>\n<div class=\"features-group\">\n<div class=\"features-group-title\">Armazenamento<\/div>\n<div class=\"features-group-row\">\n<div class=\"single-feature-label\" data-feature-id=\"icecat_automatic_16120_47\">Capacidade de armazenamento do disco<\/div>\n<div class=\"single-feature-value\">\n<div class=\"features-group-row__value-text\">12000 GB<\/div>\n<\/div>\n<\/div>\n<div class=\"features-group-row\">\n<div class=\"single-feature-label\" data-feature-id=\"icecat_automatic_16101_47\">Discos de armazenamento instalados<\/div>\n<div class=\"single-feature-value\">\n<div class=\"features-group-row__value-text\">Sim<\/div>\n<\/div>\n<\/div>\n<div class=\"features-group-row\">\n<div class=\"single-feature-label\" data-feature-id=\"icecat_automatic_37180_47\">Capacidade total de armazenamento<\/div>\n<div class=\"single-feature-value\">\n<div class=\"features-group-row__value-text\">72 TB<\/div>\n<\/div>\n<\/div>\n<div class=\"features-group-row\">\n<div class=\"single-feature-label\" data-feature-id=\"icecat_automatic_16115_47\">N\u00famero de unidades de armazenamento instaladas<\/div>\n<div class=\"single-feature-value\">\n<div class=\"features-group-row__value-text\">6<\/div>\n<\/div>\n<\/div>\n<div class=\"features-group-row\">\n<div class=\"single-feature-label\" data-feature-id=\"icecat_automatic_16117_47\">Tipo de unidade de armazenamento instalada<\/div>\n<div class=\"single-feature-value\">\n<div class=\"features-group-row__value-text\">HDD<\/div>\n<\/div>\n<\/div>\n<div class=\"features-group-row\">\n<div class=\"single-feature-label\" data-feature-id=\"icecat_automatic_16118_47\">Tipos de unidade de armazenamento suportados<\/div>\n<div class=\"single-feature-value\">\n<div class=\"features-group-row__value-text\">HDD &amp; SSD<\/div>\n<\/div>\n<\/div>\n<div class=\"features-group-row\">\n<div class=\"single-feature-label\" data-feature-id=\"icecat_automatic_9781_47\">Tamanho de armazenamento de drive<\/div>\n<div class=\"single-feature-value\">\n<div class=\"features-group-row__value-text\">2.5\/3.5<\/div>\n<\/div>\n<\/div>\n<div class=\"features-group-row\">\n<div class=\"single-feature-label\" data-feature-id=\"icecat_automatic_9991_47\">Quantidade de armazenamento de drives compat\u00edveis<\/div>\n<div class=\"single-feature-value\">\n<div class=\"features-group-row__value-text\">24<\/div>\n<\/div>\n<\/div>\n<\/div>\n<div class=\"features-group\">\n<div class=\"features-group-title\">Requisitos do sistema<\/div>\n<div class=\"features-group-row\">\n<div class=\"single-feature-label\" data-feature-id=\"icecat_automatic_7988_8\">Sistema operativo Linux compat\u00edvel<\/div>\n<div class=\"single-feature-value\">\n<div class=\"features-group-row__value-text\">Sim<\/div>\n<\/div>\n<\/div>\n<div class=\"features-group-row\">\n<div class=\"single-feature-label\" data-feature-id=\"icecat_automatic_7989_8\">Sistema operativo Servidor compat\u00edvel<\/div>\n<div class=\"single-feature-value\">\n<div class=\"features-group-row__value-text\">Windows Server 2016, Windows Server 2019, Windows Server 2022, Sim<\/div>\n<\/div>\n<\/div>\n<\/div>\n<div class=\"features-group\">\n<div class=\"features-group-title\">Design<\/div>\n<div class=\"features-group-row\">\n<div class=\"single-feature-label\" data-feature-id=\"icecat_automatic_734_148\">Tipo de chassis<\/div>\n<div class=\"single-feature-value\">\n<div class=\"features-group-row__value-text\">Rack (2U)<\/div>\n<\/div>\n<\/div>\n<\/div>\n<div class=\"features-group\">\n<div class=\"features-group-title\">Sustentabilidade<\/div>\n<div class=\"features-group-row\">\n<div class=\"single-feature-label\" data-feature-id=\"icecat_automatic_42513_279\">Certificados de sustentabilidade<\/div>\n<div class=\"single-feature-value\">\n<div class=\"features-group-row__value-text\">ENERGY STAR<\/div>\n<\/div>\n<\/div>\n<\/div>\n<div class=\"features-group\">\n<div class=\"features-group-title\">Software<\/div>\n<div class=\"features-group-row\">\n<div class=\"single-feature-label\" data-feature-id=\"icecat_automatic_7988_90\">Sistema operativo Linux compat\u00edvel<\/div>\n<div class=\"single-feature-value\">\n<div class=\"features-group-row__value-text\">Sim<\/div>\n<\/div>\n<\/div>\n<div class=\"features-group-row\">\n<div class=\"single-feature-label\" data-feature-id=\"icecat_automatic_7989_90\">Sistema operativo Servidor compat\u00edvel<\/div>\n<div class=\"single-feature-value\">\n<div class=\"features-group-row__value-text\">Sim<\/div>\n<\/div>\n<\/div>\n<\/div>\n<div class=\"features-group\">\n<div class=\"features-group-title\">Pesos e dimens\u00f5es<\/div>\n<div class=\"features-group-row\">\n<div class=\"single-feature-label\" data-feature-id=\"icecat_automatic_94_14\">Peso<\/div>\n<div class=\"single-feature-value\">\n<div class=\"features-group-row__value-text\">5000 g<\/div>\n<\/div>\n<\/div>\n<div class=\"features-group-row\">\n<div class=\"single-feature-label\" data-feature-id=\"icecat_automatic_1650_14\">Profundidade<\/div>\n<div class=\"single-feature-value\">\n<div class=\"features-group-row__value-text\">445 mm<\/div>\n<\/div>\n<\/div>\n<div class=\"features-group-row\">\n<div class=\"single-feature-label\" data-feature-id=\"icecat_automatic_1649_14\">Largura<\/div>\n<div class=\"single-feature-value\">\n<div class=\"features-group-row__value-text\">89 mm<\/div>\n<\/div>\n<\/div>\n<div class=\"features-group-row\">\n<div class=\"single-feature-label\" data-feature-id=\"icecat_automatic_1464_14\">Altura<\/div>\n<div class=\"single-feature-value\">\n<div class=\"features-group-row__value-text\">508 mm<\/div>\n<\/div>\n<\/div>\n<\/div>\n<div class=\"features-group\">\n<div class=\"features-group-title\">Outras caracter\u00edsticas<\/div>\n<div class=\"features-group-row\">\n<div class=\"single-feature-label\" data-feature-id=\"icecat_automatic_2370_146\">Caracter\u00edsticas do Fibre channel (Canal de fibra)<\/div>\n<div class=\"single-feature-value\">\n<div class=\"features-group-row__value-text\">Sim<\/div>\n<\/div>\n<\/div>\n<\/div>\n<\/div>\n<\/div>\n<\/div>\n<\/div>\n<div id=\"attribute_productSafety\" class=\"attribute-desc-section \">\n<div class=\"attribute-desc-section__title\">\n<h2>Seguran\u00e7a do produto<\/h2>\n<\/div>\n<div class=\"attribute-desc-section__content\">\n<div class=\"new-specification\">\n<div class=\"features-group\">\n<div class=\"features-group-title\">Dados do fabricante<\/div>\n<div class=\"features-group-row\">\n<div class=\"single-feature-label\">Nome<\/div>\n<div class=\"single-feature-value\">\n<div class=\"features-group-row__value-text\">Hewlett Packard Enterprise Company (HPE)<\/div>\n<\/div>\n<\/div>\n<div class=\"features-group-row\">\n<div class=\"single-feature-label\">Endere\u00e7o<\/div>\n<div class=\"single-feature-value\">\n<div class=\"features-group-row__value-text\">1701 East Mossy Oaks Road, Spring, Texas 77389, USA<\/div>\n<\/div>\n<\/div>\n<div class=\"features-group-row\">\n<div class=\"single-feature-label\">Site web<\/div>\n<div class=\"single-feature-value\">\n<div class=\"features-group-row__value-text\">http:\/\/www.hpe.com\/<\/div>\n<\/div>\n<\/div>\n<div class=\"features-group-row\">\n<div class=\"single-feature-label\">E-mail<\/div>\n<div class=\"single-feature-value\">\n<div class=\"features-group-row__value-text\">http:\/\/www.hpe.com\/contact-us<\/div>\n<\/div>\n<\/div>\n<\/div>\n<div class=\"features-group\">\n<div class=\"features-group-title\">Entidade respons\u00e1vel<\/div>\n<div class=\"features-group-row\">\n<div class=\"single-feature-label\">Nome<\/div>\n<div class=\"single-feature-value\">\n<div class=\"features-group-row__value-text\">TD SYNNEX<\/div>\n<\/div>\n<\/div>\n<div class=\"features-group-row\">\n<div class=\"single-feature-label\">Endere\u00e7o<\/div>\n<div class=\"single-feature-value\">\n<div class=\"features-group-row__value-text\">Taurusavenue 18, 2132 LS Hoofddorp, Netherlands<\/div>\n<\/div>\n<\/div>\n<div class=\"features-group-row\">\n<div class=\"single-feature-label\">Site web<\/div>\n<div class=\"single-feature-value\">\n<div class=\"features-group-row__value-text\">https:\/\/www.tdsynnex.com\/<\/div>\n<\/div>\n<\/div>\n<div class=\"features-group-row\">\n<div class=\"single-feature-label\">E-mail<\/div>\n<div class=\"single-feature-value\">\n<div class=\"features-group-row__value-text\">info-europe@tdsynnex.com<\/div>\n<\/div>\n<\/div>\n<\/div>\n<\/div>\n<\/div>\n<\/div>\n","protected":false},"excerpt":{"rendered":"<p>Conectividade Portas anfitri\u00e3s 4 Caracter\u00edsticas do Fibre channel (Canal de fibra) Sim Armazenamento Capacidade de armazenamento do disco 12000 GB Discos de armazenamento instalados Sim Capacidade total de armazenamento 72<\/p>\n","protected":false},"featured_media":11077,"comment_status":"open","ping_status":"closed","template":"","meta":{"_joinchat":[]},"product_brand":[],"product_cat":[819,792],"product_tag":[],"class_list":{"0":"post-11076","1":"product","2":"type-product","3":"status-publish","4":"has-post-thumbnail","6":"product_cat-nas-e-servidores-de-armazenamento","7":"product_cat-servidores-e-storage","9":"first","10":"instock","11":"shipping-taxable","12":"purchasable","13":"product-type-simple"},"yoast_head":"<!-- This site is optimized with the Yoast SEO plugin v27.4 - https:\/\/yoast.com\/product\/yoast-seo-wordpress\/ -->\n<title>HPE MSA 2060 16Gb FC LFF TAA-compliant Storage Part number: R9G39B EAN: 0190017620831 - Cyberlogics Technologies Angola<\/title>\n<meta name=\"description\" content=\"A Maior Loja Online de Angola de Licen\u00e7as Microsoft Office | Chaves Sistemas Operativos Windows | Antiv\u00edrus | Cloud Adobe | Inform\u00e1tica &amp; Servidores | Softwares de Gest\u00e3o ERP | Gaming Hardware | UPS e Baterias &amp; Muito Mais...\" \/>\n<meta name=\"robots\" content=\"index, follow, max-snippet:-1, max-image-preview:large, max-video-preview:-1\" \/>\n<link rel=\"canonical\" href=\"https:\/\/cyberlogics.ao\/index.php\/product\/hpe-msa-2060-16gb-fc-lff-taa-compliant-storage-part-number-r9g39b-ean-0190017620831\/\" \/>\n<meta property=\"og:locale\" content=\"pt_PT\" \/>\n<meta property=\"og:type\" content=\"article\" \/>\n<meta property=\"og:title\" content=\"HPE MSA 2060 16Gb FC LFF TAA-compliant Storage Part number: R9G39B EAN: 0190017620831 - Cyberlogics Technologies Angola\" \/>\n<meta property=\"og:description\" content=\"A Maior Loja Online de Angola de Licen\u00e7as Microsoft Office | Chaves Sistemas Operativos Windows | Antiv\u00edrus | Cloud Adobe | Inform\u00e1tica &amp; Servidores | Softwares de Gest\u00e3o ERP | Gaming Hardware | UPS e Baterias &amp; Muito Mais...\" \/>\n<meta property=\"og:url\" content=\"https:\/\/cyberlogics.ao\/index.php\/product\/hpe-msa-2060-16gb-fc-lff-taa-compliant-storage-part-number-r9g39b-ean-0190017620831\/\" \/>\n<meta property=\"og:site_name\" content=\"Cyberlogics Technologies Angola\" \/>\n<meta property=\"og:image\" content=\"http:\/\/cyberlogics.ao\/wp-content\/uploads\/2025\/12\/4b1d2e472eaf15c858c1733f0a7e1eadcafd3932_1697006_HPE_custom_image1.gif\" \/>\n\t<meta property=\"og:image:width\" content=\"998\" \/>\n\t<meta property=\"og:image:height\" content=\"221\" \/>\n\t<meta property=\"og:image:type\" content=\"image\/gif\" \/>\n<meta name=\"twitter:card\" content=\"summary_large_image\" \/>\n<meta name=\"twitter:label1\" content=\"Tempo estimado de leitura\" \/>\n\t<meta name=\"twitter:data1\" content=\"1 minuto\" \/>\n<script type=\"application\/ld+json\" class=\"yoast-schema-graph\">{\"@context\":\"https:\\\/\\\/schema.org\",\"@graph\":[{\"@type\":\"WebPage\",\"@id\":\"https:\\\/\\\/cyberlogics.ao\\\/index.php\\\/product\\\/hpe-msa-2060-16gb-fc-lff-taa-compliant-storage-part-number-r9g39b-ean-0190017620831\\\/\",\"url\":\"https:\\\/\\\/cyberlogics.ao\\\/index.php\\\/product\\\/hpe-msa-2060-16gb-fc-lff-taa-compliant-storage-part-number-r9g39b-ean-0190017620831\\\/\",\"name\":\"HPE MSA 2060 16Gb FC LFF TAA-compliant Storage Part number: R9G39B EAN: 0190017620831 - Cyberlogics Technologies Angola\",\"isPartOf\":{\"@id\":\"https:\\\/\\\/cyberlogics.ao\\\/#website\"},\"primaryImageOfPage\":{\"@id\":\"https:\\\/\\\/cyberlogics.ao\\\/index.php\\\/product\\\/hpe-msa-2060-16gb-fc-lff-taa-compliant-storage-part-number-r9g39b-ean-0190017620831\\\/#primaryimage\"},\"image\":{\"@id\":\"https:\\\/\\\/cyberlogics.ao\\\/index.php\\\/product\\\/hpe-msa-2060-16gb-fc-lff-taa-compliant-storage-part-number-r9g39b-ean-0190017620831\\\/#primaryimage\"},\"thumbnailUrl\":\"https:\\\/\\\/cyberlogics.ao\\\/wp-content\\\/uploads\\\/2025\\\/12\\\/4b1d2e472eaf15c858c1733f0a7e1eadcafd3932_1697006_HPE_custom_image1.gif\",\"datePublished\":\"2025-12-04T09:40:35+00:00\",\"description\":\"A Maior Loja Online de Angola de Licen\u00e7as Microsoft Office | Chaves Sistemas Operativos Windows | Antiv\u00edrus | Cloud Adobe | Inform\u00e1tica & Servidores | Softwares de Gest\u00e3o ERP | Gaming Hardware | UPS e Baterias & Muito Mais...\",\"breadcrumb\":{\"@id\":\"https:\\\/\\\/cyberlogics.ao\\\/index.php\\\/product\\\/hpe-msa-2060-16gb-fc-lff-taa-compliant-storage-part-number-r9g39b-ean-0190017620831\\\/#breadcrumb\"},\"inLanguage\":\"pt-PT\",\"potentialAction\":[{\"@type\":\"ReadAction\",\"target\":[\"https:\\\/\\\/cyberlogics.ao\\\/index.php\\\/product\\\/hpe-msa-2060-16gb-fc-lff-taa-compliant-storage-part-number-r9g39b-ean-0190017620831\\\/\"]}]},{\"@type\":\"ImageObject\",\"inLanguage\":\"pt-PT\",\"@id\":\"https:\\\/\\\/cyberlogics.ao\\\/index.php\\\/product\\\/hpe-msa-2060-16gb-fc-lff-taa-compliant-storage-part-number-r9g39b-ean-0190017620831\\\/#primaryimage\",\"url\":\"https:\\\/\\\/cyberlogics.ao\\\/wp-content\\\/uploads\\\/2025\\\/12\\\/4b1d2e472eaf15c858c1733f0a7e1eadcafd3932_1697006_HPE_custom_image1.gif\",\"contentUrl\":\"https:\\\/\\\/cyberlogics.ao\\\/wp-content\\\/uploads\\\/2025\\\/12\\\/4b1d2e472eaf15c858c1733f0a7e1eadcafd3932_1697006_HPE_custom_image1.gif\",\"width\":998,\"height\":221},{\"@type\":\"BreadcrumbList\",\"@id\":\"https:\\\/\\\/cyberlogics.ao\\\/index.php\\\/product\\\/hpe-msa-2060-16gb-fc-lff-taa-compliant-storage-part-number-r9g39b-ean-0190017620831\\\/#breadcrumb\",\"itemListElement\":[{\"@type\":\"ListItem\",\"position\":1,\"name\":\"In\u00edcio\",\"item\":\"https:\\\/\\\/cyberlogics.ao\\\/\"},{\"@type\":\"ListItem\",\"position\":2,\"name\":\"Produtos\",\"item\":\"https:\\\/\\\/cyberlogics.ao\\\/index.php\\\/shop-2\\\/\"},{\"@type\":\"ListItem\",\"position\":3,\"name\":\"HPE MSA 2060 16Gb FC LFF TAA-compliant Storage Part number: R9G39B EAN: 0190017620831\"}]},{\"@type\":\"WebSite\",\"@id\":\"https:\\\/\\\/cyberlogics.ao\\\/#website\",\"url\":\"https:\\\/\\\/cyberlogics.ao\\\/\",\"name\":\"Cyberlogics Technologies Angola\",\"description\":\"Loja Online de Licen\u00e7as de Softwares e Inform\u00e1tica\",\"publisher\":{\"@id\":\"https:\\\/\\\/cyberlogics.ao\\\/#organization\"},\"potentialAction\":[{\"@type\":\"SearchAction\",\"target\":{\"@type\":\"EntryPoint\",\"urlTemplate\":\"https:\\\/\\\/cyberlogics.ao\\\/?s={search_term_string}\"},\"query-input\":{\"@type\":\"PropertyValueSpecification\",\"valueRequired\":true,\"valueName\":\"search_term_string\"}}],\"inLanguage\":\"pt-PT\"},{\"@type\":\"Organization\",\"@id\":\"https:\\\/\\\/cyberlogics.ao\\\/#organization\",\"name\":\"Cyberlogics Ao Technologies - Loja Online de Licen\u00e7as de Softwares e Inform\u00e1tica\",\"url\":\"https:\\\/\\\/cyberlogics.ao\\\/\",\"logo\":{\"@type\":\"ImageObject\",\"inLanguage\":\"pt-PT\",\"@id\":\"https:\\\/\\\/cyberlogics.ao\\\/#\\\/schema\\\/logo\\\/image\\\/\",\"url\":\"https:\\\/\\\/cyberlogics.ao\\\/wp-content\\\/uploads\\\/2022\\\/04\\\/CT-logo.png\",\"contentUrl\":\"https:\\\/\\\/cyberlogics.ao\\\/wp-content\\\/uploads\\\/2022\\\/04\\\/CT-logo.png\",\"width\":190,\"height\":75,\"caption\":\"Cyberlogics Ao Technologies - Loja Online de Licen\u00e7as de Softwares e Inform\u00e1tica\"},\"image\":{\"@id\":\"https:\\\/\\\/cyberlogics.ao\\\/#\\\/schema\\\/logo\\\/image\\\/\"}}]}<\/script>\n<!-- \/ Yoast SEO plugin. -->","yoast_head_json":{"title":"HPE MSA 2060 16Gb FC LFF TAA-compliant Storage Part number: R9G39B EAN: 0190017620831 - Cyberlogics Technologies Angola","description":"A Maior Loja Online de Angola de Licen\u00e7as Microsoft Office | Chaves Sistemas Operativos Windows | Antiv\u00edrus | Cloud Adobe | Inform\u00e1tica & Servidores | Softwares de Gest\u00e3o ERP | Gaming Hardware | UPS e Baterias & Muito Mais...","robots":{"index":"index","follow":"follow","max-snippet":"max-snippet:-1","max-image-preview":"max-image-preview:large","max-video-preview":"max-video-preview:-1"},"canonical":"https:\/\/cyberlogics.ao\/index.php\/product\/hpe-msa-2060-16gb-fc-lff-taa-compliant-storage-part-number-r9g39b-ean-0190017620831\/","og_locale":"pt_PT","og_type":"article","og_title":"HPE MSA 2060 16Gb FC LFF TAA-compliant Storage Part number: R9G39B EAN: 0190017620831 - Cyberlogics Technologies Angola","og_description":"A Maior Loja Online de Angola de Licen\u00e7as Microsoft Office | Chaves Sistemas Operativos Windows | Antiv\u00edrus | Cloud Adobe | Inform\u00e1tica & Servidores | Softwares de Gest\u00e3o ERP | Gaming Hardware | UPS e Baterias & Muito Mais...","og_url":"https:\/\/cyberlogics.ao\/index.php\/product\/hpe-msa-2060-16gb-fc-lff-taa-compliant-storage-part-number-r9g39b-ean-0190017620831\/","og_site_name":"Cyberlogics Technologies Angola","og_image":[{"width":998,"height":221,"url":"http:\/\/cyberlogics.ao\/wp-content\/uploads\/2025\/12\/4b1d2e472eaf15c858c1733f0a7e1eadcafd3932_1697006_HPE_custom_image1.gif","type":"image\/gif"}],"twitter_card":"summary_large_image","twitter_misc":{"Tempo estimado de leitura":"1 minuto"},"schema":{"@context":"https:\/\/schema.org","@graph":[{"@type":"WebPage","@id":"https:\/\/cyberlogics.ao\/index.php\/product\/hpe-msa-2060-16gb-fc-lff-taa-compliant-storage-part-number-r9g39b-ean-0190017620831\/","url":"https:\/\/cyberlogics.ao\/index.php\/product\/hpe-msa-2060-16gb-fc-lff-taa-compliant-storage-part-number-r9g39b-ean-0190017620831\/","name":"HPE MSA 2060 16Gb FC LFF TAA-compliant Storage Part number: R9G39B EAN: 0190017620831 - Cyberlogics Technologies Angola","isPartOf":{"@id":"https:\/\/cyberlogics.ao\/#website"},"primaryImageOfPage":{"@id":"https:\/\/cyberlogics.ao\/index.php\/product\/hpe-msa-2060-16gb-fc-lff-taa-compliant-storage-part-number-r9g39b-ean-0190017620831\/#primaryimage"},"image":{"@id":"https:\/\/cyberlogics.ao\/index.php\/product\/hpe-msa-2060-16gb-fc-lff-taa-compliant-storage-part-number-r9g39b-ean-0190017620831\/#primaryimage"},"thumbnailUrl":"https:\/\/cyberlogics.ao\/wp-content\/uploads\/2025\/12\/4b1d2e472eaf15c858c1733f0a7e1eadcafd3932_1697006_HPE_custom_image1.gif","datePublished":"2025-12-04T09:40:35+00:00","description":"A Maior Loja Online de Angola de Licen\u00e7as Microsoft Office | Chaves Sistemas Operativos Windows | Antiv\u00edrus | Cloud Adobe | Inform\u00e1tica & Servidores | Softwares de Gest\u00e3o ERP | Gaming Hardware | UPS e Baterias & Muito Mais...","breadcrumb":{"@id":"https:\/\/cyberlogics.ao\/index.php\/product\/hpe-msa-2060-16gb-fc-lff-taa-compliant-storage-part-number-r9g39b-ean-0190017620831\/#breadcrumb"},"inLanguage":"pt-PT","potentialAction":[{"@type":"ReadAction","target":["https:\/\/cyberlogics.ao\/index.php\/product\/hpe-msa-2060-16gb-fc-lff-taa-compliant-storage-part-number-r9g39b-ean-0190017620831\/"]}]},{"@type":"ImageObject","inLanguage":"pt-PT","@id":"https:\/\/cyberlogics.ao\/index.php\/product\/hpe-msa-2060-16gb-fc-lff-taa-compliant-storage-part-number-r9g39b-ean-0190017620831\/#primaryimage","url":"https:\/\/cyberlogics.ao\/wp-content\/uploads\/2025\/12\/4b1d2e472eaf15c858c1733f0a7e1eadcafd3932_1697006_HPE_custom_image1.gif","contentUrl":"https:\/\/cyberlogics.ao\/wp-content\/uploads\/2025\/12\/4b1d2e472eaf15c858c1733f0a7e1eadcafd3932_1697006_HPE_custom_image1.gif","width":998,"height":221},{"@type":"BreadcrumbList","@id":"https:\/\/cyberlogics.ao\/index.php\/product\/hpe-msa-2060-16gb-fc-lff-taa-compliant-storage-part-number-r9g39b-ean-0190017620831\/#breadcrumb","itemListElement":[{"@type":"ListItem","position":1,"name":"In\u00edcio","item":"https:\/\/cyberlogics.ao\/"},{"@type":"ListItem","position":2,"name":"Produtos","item":"https:\/\/cyberlogics.ao\/index.php\/shop-2\/"},{"@type":"ListItem","position":3,"name":"HPE MSA 2060 16Gb FC LFF TAA-compliant Storage Part number: R9G39B EAN: 0190017620831"}]},{"@type":"WebSite","@id":"https:\/\/cyberlogics.ao\/#website","url":"https:\/\/cyberlogics.ao\/","name":"Cyberlogics Technologies Angola","description":"Loja Online de Licen\u00e7as de Softwares e Inform\u00e1tica","publisher":{"@id":"https:\/\/cyberlogics.ao\/#organization"},"potentialAction":[{"@type":"SearchAction","target":{"@type":"EntryPoint","urlTemplate":"https:\/\/cyberlogics.ao\/?s={search_term_string}"},"query-input":{"@type":"PropertyValueSpecification","valueRequired":true,"valueName":"search_term_string"}}],"inLanguage":"pt-PT"},{"@type":"Organization","@id":"https:\/\/cyberlogics.ao\/#organization","name":"Cyberlogics Ao Technologies - Loja Online de Licen\u00e7as de Softwares e Inform\u00e1tica","url":"https:\/\/cyberlogics.ao\/","logo":{"@type":"ImageObject","inLanguage":"pt-PT","@id":"https:\/\/cyberlogics.ao\/#\/schema\/logo\/image\/","url":"https:\/\/cyberlogics.ao\/wp-content\/uploads\/2022\/04\/CT-logo.png","contentUrl":"https:\/\/cyberlogics.ao\/wp-content\/uploads\/2022\/04\/CT-logo.png","width":190,"height":75,"caption":"Cyberlogics Ao Technologies - Loja Online de Licen\u00e7as de Softwares e Inform\u00e1tica"},"image":{"@id":"https:\/\/cyberlogics.ao\/#\/schema\/logo\/image\/"}}]}},"_links":{"self":[{"href":"https:\/\/cyberlogics.ao\/index.php\/wp-json\/wp\/v2\/product\/11076","targetHints":{"allow":["GET"]}}],"collection":[{"href":"https:\/\/cyberlogics.ao\/index.php\/wp-json\/wp\/v2\/product"}],"about":[{"href":"https:\/\/cyberlogics.ao\/index.php\/wp-json\/wp\/v2\/types\/product"}],"replies":[{"embeddable":true,"href":"https:\/\/cyberlogics.ao\/index.php\/wp-json\/wp\/v2\/comments?post=11076"}],"wp:featuredmedia":[{"embeddable":true,"href":"https:\/\/cyberlogics.ao\/index.php\/wp-json\/wp\/v2\/media\/11077"}],"wp:attachment":[{"href":"https:\/\/cyberlogics.ao\/index.php\/wp-json\/wp\/v2\/media?parent=11076"}],"wp:term":[{"taxonomy":"product_brand","embeddable":true,"href":"https:\/\/cyberlogics.ao\/index.php\/wp-json\/wp\/v2\/product_brand?post=11076"},{"taxonomy":"product_cat","embeddable":true,"href":"https:\/\/cyberlogics.ao\/index.php\/wp-json\/wp\/v2\/product_cat?post=11076"},{"taxonomy":"product_tag","embeddable":true,"href":"https:\/\/cyberlogics.ao\/index.php\/wp-json\/wp\/v2\/product_tag?post=11076"}],"curies":[{"name":"wp","href":"https:\/\/api.w.org\/{rel}","templated":true}]}}