{"id":11210,"date":"2025-12-09T14:52:26","date_gmt":"2025-12-09T14:52:26","guid":{"rendered":"https:\/\/cyberlogics.ao\/?post_type=product&#038;p=11210"},"modified":"2025-12-09T14:52:26","modified_gmt":"2025-12-09T14:52:26","slug":"hp-officejet-pro-9720-a3-2-7-adf-a4-scan","status":"publish","type":"product","link":"https:\/\/cyberlogics.ao\/index.php\/product\/hp-officejet-pro-9720-a3-2-7-adf-a4-scan\/","title":{"rendered":"HP OFFICEJET PRO 9720 A3 2.7&#8242; ADF (A4 SCAN)"},"content":{"rendered":"<div class=\"panel page-product-box\">\n<div id=\"prductdesc\" class=\"panel-collapse collapse in\">\n<div class=\"rte panel-inner\">\n<table>\n<tbody>\n<tr>\n<td>Tecnologia de impress\u00e3o<\/td>\n<td>Jato de tinta t\u00e9rmico<\/td>\n<\/tr>\n<tr>\n<td>Impress\u00e3o<\/td>\n<td>Impress\u00e3o a cores<\/td>\n<\/tr>\n<tr>\n<td>Impress\u00e3o Duplex<\/td>\n<td>Sim<\/td>\n<\/tr>\n<tr>\n<td>Resolu\u00e7\u00e3o M\u00e1xima<\/td>\n<td>4800 x 1200 DPI<\/td>\n<\/tr>\n<tr>\n<td>Velocidade de impress\u00e3o (preto, qualidade normal, A4\/US Letter)<\/td>\n<td>22 ppm<\/td>\n<\/tr>\n<tr>\n<td>Modo de impress\u00e3o duplex<\/td>\n<td>Autom\u00e1tico<\/td>\n<\/tr>\n<tr>\n<td>Resolu\u00e7\u00e3o de cor<\/td>\n<td>4800 x 1200 DPI<\/td>\n<\/tr>\n<tr>\n<td>Resolu\u00e7\u00e3o de impress\u00e3o a preto<\/td>\n<td>1200 x 1200 DPI<\/td>\n<\/tr>\n<tr>\n<td>Velocidade de impress\u00e3o (cores, qualidade normal, A4\/US Letter)<\/td>\n<td>18 ppm<\/td>\n<\/tr>\n<tr>\n<td>Velocidade de impress\u00e3o (preto, qualidade de rascunho, A4\/US Letter)<\/td>\n<td>34 ppm<\/td>\n<\/tr>\n<tr>\n<td>Velocidade de impress\u00e3o (cores, qualidade de rascunho, A4\/US Letter)<\/td>\n<td>34 ppm<\/td>\n<\/tr>\n<tr>\n<td>Velocidade de impress\u00e3o (ISO\/IEC 24734) a preto e branco<\/td>\n<td>22 ppm<\/td>\n<\/tr>\n<tr>\n<td>Velocidade de impress\u00e3o (ISO\/IEC 24734) a cores<\/td>\n<td>18 ppm<\/td>\n<\/tr>\n<tr>\n<td>Tempo de impress\u00e3o da primeira p\u00e1gina (preto, normal)<\/td>\n<td>12 s<\/td>\n<\/tr>\n<tr>\n<td>Tempo de impress\u00e3o da primeira p\u00e1gina (cores, normal)<\/td>\n<td>13 s<\/td>\n<\/tr>\n<tr>\n<td>Impress\u00e3o segura<\/td>\n<td>Sim<\/td>\n<\/tr>\n<tr>\n<td>Fun\u00e7\u00e3o de impress\u00e3o de livrete<\/td>\n<td>Sim<\/td>\n<\/tr>\n<tr>\n<td>Impress\u00e3o sem margens<\/td>\n<td>Sim<\/td>\n<\/tr>\n<tr>\n<td>C\u00f3pia<\/td>\n<td>C\u00f3pia a cores<\/td>\n<\/tr>\n<tr>\n<td>Fotocopiadora duplex<\/td>\n<td>Sim<\/td>\n<\/tr>\n<tr>\n<td>Resolu\u00e7\u00e3o de c\u00f3pia m\u00e1xima<\/td>\n<td>600 x 600 DPI<\/td>\n<\/tr>\n<tr>\n<td>Velocidade de c\u00f3pia (preto, qualidade normal, A4)<\/td>\n<td>34 cpm<\/td>\n<\/tr>\n<tr>\n<td>Velocidade de c\u00f3pia (cores, qualidade normal, A4)<\/td>\n<td>26 cpm<\/td>\n<\/tr>\n<tr>\n<td>Velocidade de c\u00f3pia (preto, rascunho, A4)<\/td>\n<td>34 cpm<\/td>\n<\/tr>\n<tr>\n<td>Velocidade de c\u00f3pia (cores, rascunho, A4)<\/td>\n<td>26 cpm<\/td>\n<\/tr>\n<tr>\n<td>N\u00famero m\u00e1ximo de c\u00f3pias<\/td>\n<td>99 c\u00f3pias<\/td>\n<\/tr>\n<tr>\n<td>Dimensionamento da copiadora<\/td>\n<td>25 &#8211; 400%<\/td>\n<\/tr>\n<tr>\n<td>Fun\u00e7\u00e3o de c\u00f3pia de cart\u00e3o de identifica\u00e7\u00e3o<\/td>\n<td>Sim<\/td>\n<\/tr>\n<tr>\n<td>Fun\u00e7\u00e3o auto fit<\/td>\n<td>Sim<\/td>\n<\/tr>\n<tr>\n<td>Digitaliza\u00e7\u00e3o<\/td>\n<td>Digitaliza\u00e7\u00e3o a cores<\/td>\n<\/tr>\n<tr>\n<td>Resolu\u00e7\u00e3o \u00f3ptica de digitaliza\u00e7\u00e3o<\/td>\n<td>1200 x 1200 DPI<\/td>\n<\/tr>\n<tr>\n<td>Tipo de scanner<\/td>\n<td>Scanner de mesa e ADF<\/td>\n<\/tr>\n<tr>\n<td>Resolu\u00e7\u00e3o m\u00e1xima de digitaliza\u00e7\u00e3o<\/td>\n<td>1200 x 1200 DPI<\/td>\n<\/tr>\n<tr>\n<td>\u00c1rea m\u00e1xima de scan<\/td>\n<td>216 x 356 mm<\/td>\n<\/tr>\n<tr>\n<td>Tecnologia de digitaliza\u00e7\u00e3o<\/td>\n<td>CIS<\/td>\n<\/tr>\n<tr>\n<td>Formato de compress\u00e3o de imagens<\/td>\n<td>BMP, JPEG, PNG, TIFF<\/td>\n<\/tr>\n<tr>\n<td>Formatos de documentos compat\u00edveis<\/td>\n<td>PDF<\/td>\n<\/tr>\n<tr>\n<td>Profundidade de entrada de cor<\/td>\n<td>24 bit<\/td>\n<\/tr>\n<tr>\n<td>N\u00edveis de cinza<\/td>\n<td>256<\/td>\n<\/tr>\n<tr>\n<td>Drivers de digitaliza\u00e7\u00e3o<\/td>\n<td>TWAIN<\/td>\n<\/tr>\n<tr>\n<td>Envio de fax<\/td>\n<td>N\u00e3o<\/td>\n<\/tr>\n<tr>\n<td>Ciclo de funcionamento m\u00e1ximo<\/td>\n<td>30000 p\u00e1ginas por m\u00eas<\/td>\n<\/tr>\n<tr>\n<td>Fun\u00e7\u00f5es duplex<\/td>\n<td>C\u00f3pia, Fax, Impress\u00e3o, Digitaliza\u00e7\u00e3o<\/td>\n<\/tr>\n<tr>\n<td>N\u00famero de tinteiros<\/td>\n<td>4<\/td>\n<\/tr>\n<tr>\n<td>Cor(es) dos cartuchos de impress\u00e3o<\/td>\n<td>Preto, Ciano, Magenta, Amarelo<\/td>\n<\/tr>\n<tr>\n<td>Fator de ciclo (recomendado)<\/td>\n<td>250 &#8211; 1500 p\u00e1ginas por m\u00eas<\/td>\n<\/tr>\n<tr>\n<td>Digital sender<\/td>\n<td>Sim<\/td>\n<\/tr>\n<tr>\n<td>Idiomas das p\u00e1ginas de descri\u00e7\u00e3o<\/td>\n<td>PCL 3 GUI<\/td>\n<\/tr>\n<tr>\n<td>Multi-tarefas All-in-One<\/td>\n<td>Sim<\/td>\n<\/tr>\n<tr>\n<td>Pa\u00eds de origem<\/td>\n<td>China<\/td>\n<\/tr>\n<tr>\n<td>Segmento HP<\/td>\n<td>Pequenas e m\u00e9dias empresas<\/td>\n<\/tr>\n<tr>\n<td>Quantidade de bandejas de entrada<\/td>\n<td>1<\/td>\n<\/tr>\n<tr>\n<td>Capacidade de entrada total<\/td>\n<td>250 folhas<\/td>\n<\/tr>\n<tr>\n<td>Capacidade de sa\u00edda total<\/td>\n<td>75 folhas<\/td>\n<\/tr>\n<tr>\n<td>Alimentador autom\u00e1tico de documentos (ADF)<\/td>\n<td>Sim<\/td>\n<\/tr>\n<tr>\n<td>Capacidade do alimentador autom\u00e1tico de documentos<\/td>\n<td>35 folhas<\/td>\n<\/tr>\n<tr>\n<td>Quantidade m\u00e1xima de bandejas de entrada<\/td>\n<td>1<\/td>\n<\/tr>\n<tr>\n<td>Capacidade m\u00e1xima de entrada (folhas)<\/td>\n<td>250 folhas<\/td>\n<\/tr>\n<tr>\n<td>Capacidade m\u00e1xima de sa\u00edda (folhas)<\/td>\n<td>75 folhas<\/td>\n<\/tr>\n<tr>\n<td>Dimens\u00e3o m\u00e1xima de papel ISO A-series<\/td>\n<td>A3<\/td>\n<\/tr>\n<tr>\n<td>Tipos de papel compat\u00edveis com a bandeja<\/td>\n<td>Papel brilhante, Papel matte, Papel de fotografia, Papel simples, Papel reciclado, Papel espesso<\/td>\n<\/tr>\n<tr>\n<td>Tamanhos ISO s\u00e9rie A (A0\u2026A9)<\/td>\n<td>A3, A4, A5, A6<\/td>\n<\/tr>\n<tr>\n<td>\u00c1rea m\u00e1xima de impress\u00e3o<\/td>\n<td>297 x 431.8 mm<\/td>\n<\/tr>\n<tr>\n<td>Tamanhos ISO s\u00e9rie C (C0\u2026C9)<\/td>\n<td>C5, C6<\/td>\n<\/tr>\n<tr>\n<td>Tamanhos de impress\u00e3o de suportes Non-ISO<\/td>\n<td>Cart\u00e3o Hagaki<\/td>\n<\/tr>\n<tr>\n<td>Tamanhos JIS s\u00e9rie B (B0&#8230;B9)<\/td>\n<td>B5<\/td>\n<\/tr>\n<tr>\n<td>Tamanhos de envelope<\/td>\n<td>C5, C6, DL<\/td>\n<\/tr>\n<tr>\n<td>Tamanho do papel de fotografia<\/td>\n<td>10&#215;15 cm<\/td>\n<\/tr>\n<tr>\n<td>Tamanhos de impress\u00e3o sem bordas<\/td>\n<td>A3<\/td>\n<\/tr>\n<tr>\n<td>Largura de papel personalizada<\/td>\n<td>76 &#8211; 297 mm<\/td>\n<\/tr>\n<tr>\n<td>Comprimento de papel personalizado<\/td>\n<td>127 &#8211; 420 mm<\/td>\n<\/tr>\n<tr>\n<td>Peso suportado pela bandeja<\/td>\n<td>34 &#8211; 250 g\/m\u00b2<\/td>\n<\/tr>\n<tr>\n<td>Porta USB<\/td>\n<td>Sim<\/td>\n<\/tr>\n<tr>\n<td>Wi-Fi<\/td>\n<td>Sim<\/td>\n<\/tr>\n<tr>\n<td>Ethernet LAN<\/td>\n<td>Sim<\/td>\n<\/tr>\n<tr>\n<td>Padr\u00f5es Wi-Fi<\/td>\n<td>802.11a, 802.11b, 802.11g, Wi-Fi 4 (802.11n), Wi-Fi 5 (802.11ac)<\/td>\n<\/tr>\n<tr>\n<td>Wi-Fi Direct<\/td>\n<td>Sim<\/td>\n<\/tr>\n<tr>\n<td>Bluetooth<\/td>\n<td>Sim<\/td>\n<\/tr>\n<tr>\n<td>Codifica\u00e7\u00e3o \/ seguran\u00e7a<\/td>\n<td>HTTPS, SSL\/TLS<\/td>\n<\/tr>\n<tr>\n<td>Tecnologia de impress\u00e3o m\u00f3vel<\/td>\n<td>Apple AirPrint, Mopria Print Service<\/td>\n<\/tr>\n<tr>\n<td>Capacidade de mem\u00f3ria interna<\/td>\n<td>512 MB<\/td>\n<\/tr>\n<tr>\n<td>Mem\u00f3ria interna m\u00e1xima<\/td>\n<td>512 MB<\/td>\n<\/tr>\n<tr>\n<td>Processador built-in<\/td>\n<td>Sim<\/td>\n<\/tr>\n<tr>\n<td>Frequ\u00eancia do processador<\/td>\n<td>1200 MHz<\/td>\n<\/tr>\n<tr>\n<td>N\u00edvel de pot\u00eancia sonora (impress\u00e3o)<\/td>\n<td>6,8 dB<\/td>\n<\/tr>\n<tr>\n<td>Cor do produto<\/td>\n<td>Cinzento<\/td>\n<\/tr>\n<tr>\n<td>Posicionamento no mercado<\/td>\n<td>Profissional<\/td>\n<\/tr>\n<tr>\n<td>Visor incorporado<\/td>\n<td>Sim<\/td>\n<\/tr>\n<tr>\n<td>Nome da cor<\/td>\n<td>Cement<\/td>\n<\/tr>\n<tr>\n<td>Visor<\/td>\n<td>CGD<\/td>\n<\/tr>\n<tr>\n<td>Tamanho do ecr\u00e3 na diagonal<\/td>\n<td>6,86 cm (2.7&#8243;)<\/td>\n<\/tr>\n<tr>\n<td>Tipo de controlo<\/td>\n<td>Toque<\/td>\n<\/tr>\n<tr>\n<td>Visor a cores<\/td>\n<td>Sim<\/td>\n<\/tr>\n<tr>\n<td>Consumo de energia (standby)<\/td>\n<td>4,67 W<\/td>\n<\/tr>\n<tr>\n<td>Consumo energ\u00e9tico (suspenso)<\/td>\n<td>1,17 W<\/td>\n<\/tr>\n<tr>\n<td>Consumo de energia (desligado)<\/td>\n<td>0,11 W<\/td>\n<\/tr>\n<tr>\n<td>Voltagem de entrada AC<\/td>\n<td>100 &#8211; 240 V<\/td>\n<\/tr>\n<tr>\n<td>Frequ\u00eancia de entrada AC<\/td>\n<td>50\/60 Hz<\/td>\n<\/tr>\n<tr>\n<td>Sistema operativo Windows compat\u00edvel<\/td>\n<td>Windows 10, Windows 11<\/td>\n<\/tr>\n<tr>\n<td>Sistema operativo Mac compat\u00edvel<\/td>\n<td>Mac OS X 11.0 Big Sur, Mac OS X 12.0 Monterey, Mac OS X 13.0 Ventura<\/td>\n<\/tr>\n<tr>\n<td>Outro sistema operativo compat\u00edvel<\/td>\n<td>ChromeOS, Linux<\/td>\n<\/tr>\n<tr>\n<td>Humidade relativa de funcionamento (H-H)<\/td>\n<td>20 &#8211; 80%<\/td>\n<\/tr>\n<tr>\n<td>Temperatura de funcionamento (T-T)<\/td>\n<td>5 &#8211; 40 \u00b0C<\/td>\n<\/tr>\n<tr>\n<td>Altitude operacional<\/td>\n<td>0 &#8211; 3000 m<\/td>\n<\/tr>\n<tr>\n<td>Altitude n\u00e3o operacional<\/td>\n<td>0 &#8211; 4500 m<\/td>\n<\/tr>\n<tr>\n<td>Certifica\u00e7\u00e3o<\/td>\n<td>CISPR 32:2015+A1:2019\/EN 55032:2015+A11:2020 Class B; CISPR 24:2010+A1:2015\/EN 55024:2010+A1:2015; CISPR 35:2016\/EN 55035:2017+A11:2020; EN IEC 61000-3-2:2019; EN 61000-3-2:2014; EN 61000-3-3:2013+A1:2019; FCC CFR 47, Part 15 Class B\/ICES-003, Issue 7 Class B<\/td>\n<\/tr>\n<tr>\n<td>Produto sustent\u00e1vel<\/td>\n<td>Sim<\/td>\n<\/tr>\n<tr>\n<td>Certificados de sustentabilidade<\/td>\n<td>Forest Stewardship Council (FSC), Post-Consumer Recycled Plastic<\/td>\n<\/tr>\n<tr>\n<td>Largura<\/td>\n<td>581 mm<\/td>\n<\/tr>\n<tr>\n<td>Profundidade<\/td>\n<td>445 mm<\/td>\n<\/tr>\n<tr>\n<td>Altura<\/td>\n<td>306 mm<\/td>\n<\/tr>\n<tr>\n<td>Peso<\/td>\n<td>14,6 kg<\/td>\n<\/tr>\n<tr>\n<td>Comprimento da embalagem<\/td>\n<td>677 mm<\/td>\n<\/tr>\n<tr>\n<td>Profundidade da embalagem<\/td>\n<td>495 mm<\/td>\n<\/tr>\n<tr>\n<td>Altura da embalagem<\/td>\n<td>408 mm<\/td>\n<\/tr>\n<tr>\n<td>Peso da embalagem<\/td>\n<td>19,5 kg<\/td>\n<\/tr>\n<tr>\n<td>Cartucho(s) inclu\u00eddo(s)<\/td>\n<td>Sim<\/td>\n<\/tr>\n<tr>\n<td>Capacidade de tinteiro inclu\u00eddo (preto)<\/td>\n<td>800 p\u00e1ginas<\/td>\n<\/tr>\n<tr>\n<td>Capacidade de tinteiro inclu\u00eddo (CMYK)<\/td>\n<td>420 p\u00e1ginas<\/td>\n<\/tr>\n<tr>\n<td>Cabos<\/td>\n<td>AC<\/td>\n<\/tr>\n<tr>\n<td>Software incorporado<\/td>\n<td>HP Printer Software<\/td>\n<\/tr>\n<tr>\n<td>Peso da palete<\/td>\n<td>373 g<\/td>\n<\/tr>\n<tr>\n<td>Quantidade de camadas por palete<\/td>\n<td>6 unidade(s)<\/td>\n<\/tr>\n<tr>\n<td>Quantidade por palete<\/td>\n<td>18 unidade(s)<\/td>\n<\/tr>\n<tr>\n<td>Caixas principais (exteriores) por camada de palete<\/td>\n<td>3 unidade(s)<\/td>\n<\/tr>\n<tr>\n<td>Requisitos do sistema recomendados<\/td>\n<td>Microsoft\u00ae Windows\u00ae 11, 10: 32-bit or 64-bit; 2 GB available hard disk space; Internet connection; Microsoft\u00ae Internet Explorer or Edge<\/td>\n<\/tr>\n<tr>\n<td>N\u00famero de cabe\u00e7as de impress\u00e3o<\/td>\n<td>4<\/td>\n<\/tr>\n<tr>\n<td>Gama de humidade de funcionamento recomendada<\/td>\n<td>25 &#8211; 75%<\/td>\n<\/tr>\n<tr>\n<td>Dimens\u00f5es da palete (C x L x A)<\/td>\n<td>1220 x 1015 x 2574 mm<\/td>\n<\/tr>\n<tr>\n<td>Dimens\u00f5es Palete (C x L x A) (imperial)<\/td>\n<td>1219,2 x 1016 x 2573 mm (48 x 40 x 101.3&#8243;)<\/td>\n<\/tr>\n<tr>\n<td>Peso da palete (imperial)<\/td>\n<td>372,4 kg (821 lbs)<\/td>\n<\/tr>\n<\/tbody>\n<\/table>\n<\/div>\n<\/div>\n<\/div>\n<div class=\"panel page-product-box\">\n<div class=\"panel-heading\">\n<h4 class=\"page-product-heading\"><a class=\"\" href=\"https:\/\/www.stylus.co.ao\/encomendas\/pt\/impressoras-jacto-de-tinta-e-lasers\/72606-hp-officejet-pro-9720-a3-27-adf-a4-scan-196337487970.html#datasheet\" data-parent=\"#accordion-productinfo\" data-toggle=\"collapse\">Ficha informativa<\/a><\/h4>\n<\/div>\n<div id=\"datasheet\" class=\"panel-collapse in\">\n<div class=\"panel-inner\">\n<div id=\"newDataHook\">\n<section class=\"page-product-box\">\n<table class=\"table-data-sheet\">\n<tbody>\n<tr>\n<th id=\"pfc_table_header\" colspan=\"2\"><strong>Caracter\u00edsticas Principais<\/strong><\/th>\n<\/tr>\n<tr class=\" even\">\n<td>Consum\u00edveis<\/td>\n<td>HP 938 Setup Black Ink Cartridge; HP 938 Setup Cyan Ink Cartridge; HP 938 Setup Magenta Ink Cartridge; HP 938 Setup Yellow Ink<\/td>\n<\/tr>\n<\/tbody>\n<\/table>\n<\/section>\n<\/div>\n<\/div>\n<\/div>\n<\/div>\n","protected":false},"excerpt":{"rendered":"<p id=\"product_reference\"><label>Marca:<\/label>\u00a0<span class=\"editable\">HP<\/span><br \/>\n<label>Part-Number:<\/label>\u00a0<span class=\"editable\">53N94C<\/span><\/p>\n<div id=\"short_description_block\">\n<div id=\"short_description_content\" class=\"rte align_justify\">\n<p>HP OfficeJet Pro 9720 Wide Format All-in-One Printer, Jato de tinta t\u00e9rmico, Impress\u00e3o a cores, 4800 x 1200 DPI, C\u00f3pia a cores, A3, Cinzento<\/p>\n<\/div>\n<\/div>\n","protected":false},"featured_media":11211,"comment_status":"open","ping_status":"closed","template":"","meta":{"_joinchat":[]},"product_brand":[831],"product_cat":[349,378,354],"product_tag":[],"class_list":{"0":"post-11210","1":"product","2":"type-product","3":"status-publish","4":"has-post-thumbnail","6":"product_brand-hp","7":"product_cat-impressoras-e-scanner","8":"product_cat-informatica","9":"product_cat-termica","11":"first","12":"instock","13":"shipping-taxable","14":"purchasable","15":"product-type-simple"},"yoast_head":"<!-- This site is optimized with the Yoast SEO plugin v27.4 - https:\/\/yoast.com\/product\/yoast-seo-wordpress\/ -->\n<title>HP OFFICEJET PRO 9720 A3 2.7&#039; ADF (A4 SCAN) - Cyberlogics Technologies Angola<\/title>\n<meta name=\"description\" content=\"A Maior Loja Online de Angola de Licen\u00e7as Microsoft Office | Chaves Sistemas Operativos Windows | Antiv\u00edrus | Cloud Adobe | Inform\u00e1tica &amp; Servidores | Softwares de Gest\u00e3o ERP | Gaming Hardware | UPS e Baterias &amp; Muito Mais...\" \/>\n<meta name=\"robots\" content=\"index, follow, max-snippet:-1, max-image-preview:large, max-video-preview:-1\" \/>\n<link rel=\"canonical\" href=\"https:\/\/cyberlogics.ao\/index.php\/product\/hp-officejet-pro-9720-a3-2-7-adf-a4-scan\/\" \/>\n<meta property=\"og:locale\" content=\"pt_PT\" \/>\n<meta property=\"og:type\" content=\"article\" \/>\n<meta property=\"og:title\" content=\"HP OFFICEJET PRO 9720 A3 2.7&#039; ADF (A4 SCAN) - Cyberlogics Technologies Angola\" \/>\n<meta property=\"og:description\" content=\"A Maior Loja Online de Angola de Licen\u00e7as Microsoft Office | Chaves Sistemas Operativos Windows | Antiv\u00edrus | Cloud Adobe | Inform\u00e1tica &amp; Servidores | Softwares de Gest\u00e3o ERP | Gaming Hardware | UPS e Baterias &amp; Muito Mais...\" \/>\n<meta property=\"og:url\" content=\"https:\/\/cyberlogics.ao\/index.php\/product\/hp-officejet-pro-9720-a3-2-7-adf-a4-scan\/\" \/>\n<meta property=\"og:site_name\" content=\"Cyberlogics Technologies Angola\" \/>\n<meta property=\"og:image\" content=\"http:\/\/cyberlogics.ao\/wp-content\/uploads\/2025\/12\/hp-officejet-pro-9720-a3-27-adf-a4-scan.png\" \/>\n\t<meta property=\"og:image:width\" content=\"400\" \/>\n\t<meta property=\"og:image:height\" content=\"400\" \/>\n\t<meta property=\"og:image:type\" content=\"image\/png\" \/>\n<meta name=\"twitter:card\" content=\"summary_large_image\" \/>\n<meta name=\"twitter:label1\" content=\"Tempo estimado de leitura\" \/>\n\t<meta name=\"twitter:data1\" content=\"5 minutos\" \/>\n<script type=\"application\/ld+json\" class=\"yoast-schema-graph\">{\"@context\":\"https:\\\/\\\/schema.org\",\"@graph\":[{\"@type\":\"WebPage\",\"@id\":\"https:\\\/\\\/cyberlogics.ao\\\/index.php\\\/product\\\/hp-officejet-pro-9720-a3-2-7-adf-a4-scan\\\/\",\"url\":\"https:\\\/\\\/cyberlogics.ao\\\/index.php\\\/product\\\/hp-officejet-pro-9720-a3-2-7-adf-a4-scan\\\/\",\"name\":\"HP OFFICEJET PRO 9720 A3 2.7' ADF (A4 SCAN) - Cyberlogics Technologies Angola\",\"isPartOf\":{\"@id\":\"https:\\\/\\\/cyberlogics.ao\\\/#website\"},\"primaryImageOfPage\":{\"@id\":\"https:\\\/\\\/cyberlogics.ao\\\/index.php\\\/product\\\/hp-officejet-pro-9720-a3-2-7-adf-a4-scan\\\/#primaryimage\"},\"image\":{\"@id\":\"https:\\\/\\\/cyberlogics.ao\\\/index.php\\\/product\\\/hp-officejet-pro-9720-a3-2-7-adf-a4-scan\\\/#primaryimage\"},\"thumbnailUrl\":\"https:\\\/\\\/cyberlogics.ao\\\/wp-content\\\/uploads\\\/2025\\\/12\\\/hp-officejet-pro-9720-a3-27-adf-a4-scan.png\",\"datePublished\":\"2025-12-09T14:52:26+00:00\",\"description\":\"A Maior Loja Online de Angola de Licen\u00e7as Microsoft Office | Chaves Sistemas Operativos Windows | Antiv\u00edrus | Cloud Adobe | Inform\u00e1tica & Servidores | Softwares de Gest\u00e3o ERP | Gaming Hardware | UPS e Baterias & Muito Mais...\",\"breadcrumb\":{\"@id\":\"https:\\\/\\\/cyberlogics.ao\\\/index.php\\\/product\\\/hp-officejet-pro-9720-a3-2-7-adf-a4-scan\\\/#breadcrumb\"},\"inLanguage\":\"pt-PT\",\"potentialAction\":[{\"@type\":\"ReadAction\",\"target\":[\"https:\\\/\\\/cyberlogics.ao\\\/index.php\\\/product\\\/hp-officejet-pro-9720-a3-2-7-adf-a4-scan\\\/\"]}]},{\"@type\":\"ImageObject\",\"inLanguage\":\"pt-PT\",\"@id\":\"https:\\\/\\\/cyberlogics.ao\\\/index.php\\\/product\\\/hp-officejet-pro-9720-a3-2-7-adf-a4-scan\\\/#primaryimage\",\"url\":\"https:\\\/\\\/cyberlogics.ao\\\/wp-content\\\/uploads\\\/2025\\\/12\\\/hp-officejet-pro-9720-a3-27-adf-a4-scan.png\",\"contentUrl\":\"https:\\\/\\\/cyberlogics.ao\\\/wp-content\\\/uploads\\\/2025\\\/12\\\/hp-officejet-pro-9720-a3-27-adf-a4-scan.png\",\"width\":400,\"height\":400},{\"@type\":\"BreadcrumbList\",\"@id\":\"https:\\\/\\\/cyberlogics.ao\\\/index.php\\\/product\\\/hp-officejet-pro-9720-a3-2-7-adf-a4-scan\\\/#breadcrumb\",\"itemListElement\":[{\"@type\":\"ListItem\",\"position\":1,\"name\":\"In\u00edcio\",\"item\":\"https:\\\/\\\/cyberlogics.ao\\\/\"},{\"@type\":\"ListItem\",\"position\":2,\"name\":\"Produtos\",\"item\":\"https:\\\/\\\/cyberlogics.ao\\\/index.php\\\/shop-2\\\/\"},{\"@type\":\"ListItem\",\"position\":3,\"name\":\"HP OFFICEJET PRO 9720 A3 2.7&#8242; ADF (A4 SCAN)\"}]},{\"@type\":\"WebSite\",\"@id\":\"https:\\\/\\\/cyberlogics.ao\\\/#website\",\"url\":\"https:\\\/\\\/cyberlogics.ao\\\/\",\"name\":\"Cyberlogics Technologies Angola\",\"description\":\"Loja Online de Licen\u00e7as de Softwares e Inform\u00e1tica\",\"publisher\":{\"@id\":\"https:\\\/\\\/cyberlogics.ao\\\/#organization\"},\"potentialAction\":[{\"@type\":\"SearchAction\",\"target\":{\"@type\":\"EntryPoint\",\"urlTemplate\":\"https:\\\/\\\/cyberlogics.ao\\\/?s={search_term_string}\"},\"query-input\":{\"@type\":\"PropertyValueSpecification\",\"valueRequired\":true,\"valueName\":\"search_term_string\"}}],\"inLanguage\":\"pt-PT\"},{\"@type\":\"Organization\",\"@id\":\"https:\\\/\\\/cyberlogics.ao\\\/#organization\",\"name\":\"Cyberlogics Ao Technologies - Loja Online de Licen\u00e7as de Softwares e Inform\u00e1tica\",\"url\":\"https:\\\/\\\/cyberlogics.ao\\\/\",\"logo\":{\"@type\":\"ImageObject\",\"inLanguage\":\"pt-PT\",\"@id\":\"https:\\\/\\\/cyberlogics.ao\\\/#\\\/schema\\\/logo\\\/image\\\/\",\"url\":\"https:\\\/\\\/cyberlogics.ao\\\/wp-content\\\/uploads\\\/2022\\\/04\\\/CT-logo.png\",\"contentUrl\":\"https:\\\/\\\/cyberlogics.ao\\\/wp-content\\\/uploads\\\/2022\\\/04\\\/CT-logo.png\",\"width\":190,\"height\":75,\"caption\":\"Cyberlogics Ao Technologies - Loja Online de Licen\u00e7as de Softwares e Inform\u00e1tica\"},\"image\":{\"@id\":\"https:\\\/\\\/cyberlogics.ao\\\/#\\\/schema\\\/logo\\\/image\\\/\"}}]}<\/script>\n<!-- \/ Yoast SEO plugin. -->","yoast_head_json":{"title":"HP OFFICEJET PRO 9720 A3 2.7' ADF (A4 SCAN) - Cyberlogics Technologies Angola","description":"A Maior Loja Online de Angola de Licen\u00e7as Microsoft Office | Chaves Sistemas Operativos Windows | Antiv\u00edrus | Cloud Adobe | Inform\u00e1tica & Servidores | Softwares de Gest\u00e3o ERP | Gaming Hardware | UPS e Baterias & Muito Mais...","robots":{"index":"index","follow":"follow","max-snippet":"max-snippet:-1","max-image-preview":"max-image-preview:large","max-video-preview":"max-video-preview:-1"},"canonical":"https:\/\/cyberlogics.ao\/index.php\/product\/hp-officejet-pro-9720-a3-2-7-adf-a4-scan\/","og_locale":"pt_PT","og_type":"article","og_title":"HP OFFICEJET PRO 9720 A3 2.7' ADF (A4 SCAN) - Cyberlogics Technologies Angola","og_description":"A Maior Loja Online de Angola de Licen\u00e7as Microsoft Office | Chaves Sistemas Operativos Windows | Antiv\u00edrus | Cloud Adobe | Inform\u00e1tica & Servidores | Softwares de Gest\u00e3o ERP | Gaming Hardware | UPS e Baterias & Muito Mais...","og_url":"https:\/\/cyberlogics.ao\/index.php\/product\/hp-officejet-pro-9720-a3-2-7-adf-a4-scan\/","og_site_name":"Cyberlogics Technologies Angola","og_image":[{"width":400,"height":400,"url":"http:\/\/cyberlogics.ao\/wp-content\/uploads\/2025\/12\/hp-officejet-pro-9720-a3-27-adf-a4-scan.png","type":"image\/png"}],"twitter_card":"summary_large_image","twitter_misc":{"Tempo estimado de leitura":"5 minutos"},"schema":{"@context":"https:\/\/schema.org","@graph":[{"@type":"WebPage","@id":"https:\/\/cyberlogics.ao\/index.php\/product\/hp-officejet-pro-9720-a3-2-7-adf-a4-scan\/","url":"https:\/\/cyberlogics.ao\/index.php\/product\/hp-officejet-pro-9720-a3-2-7-adf-a4-scan\/","name":"HP OFFICEJET PRO 9720 A3 2.7' ADF (A4 SCAN) - Cyberlogics Technologies Angola","isPartOf":{"@id":"https:\/\/cyberlogics.ao\/#website"},"primaryImageOfPage":{"@id":"https:\/\/cyberlogics.ao\/index.php\/product\/hp-officejet-pro-9720-a3-2-7-adf-a4-scan\/#primaryimage"},"image":{"@id":"https:\/\/cyberlogics.ao\/index.php\/product\/hp-officejet-pro-9720-a3-2-7-adf-a4-scan\/#primaryimage"},"thumbnailUrl":"https:\/\/cyberlogics.ao\/wp-content\/uploads\/2025\/12\/hp-officejet-pro-9720-a3-27-adf-a4-scan.png","datePublished":"2025-12-09T14:52:26+00:00","description":"A Maior Loja Online de Angola de Licen\u00e7as Microsoft Office | Chaves Sistemas Operativos Windows | Antiv\u00edrus | Cloud Adobe | Inform\u00e1tica & Servidores | Softwares de Gest\u00e3o ERP | Gaming Hardware | UPS e Baterias & Muito Mais...","breadcrumb":{"@id":"https:\/\/cyberlogics.ao\/index.php\/product\/hp-officejet-pro-9720-a3-2-7-adf-a4-scan\/#breadcrumb"},"inLanguage":"pt-PT","potentialAction":[{"@type":"ReadAction","target":["https:\/\/cyberlogics.ao\/index.php\/product\/hp-officejet-pro-9720-a3-2-7-adf-a4-scan\/"]}]},{"@type":"ImageObject","inLanguage":"pt-PT","@id":"https:\/\/cyberlogics.ao\/index.php\/product\/hp-officejet-pro-9720-a3-2-7-adf-a4-scan\/#primaryimage","url":"https:\/\/cyberlogics.ao\/wp-content\/uploads\/2025\/12\/hp-officejet-pro-9720-a3-27-adf-a4-scan.png","contentUrl":"https:\/\/cyberlogics.ao\/wp-content\/uploads\/2025\/12\/hp-officejet-pro-9720-a3-27-adf-a4-scan.png","width":400,"height":400},{"@type":"BreadcrumbList","@id":"https:\/\/cyberlogics.ao\/index.php\/product\/hp-officejet-pro-9720-a3-2-7-adf-a4-scan\/#breadcrumb","itemListElement":[{"@type":"ListItem","position":1,"name":"In\u00edcio","item":"https:\/\/cyberlogics.ao\/"},{"@type":"ListItem","position":2,"name":"Produtos","item":"https:\/\/cyberlogics.ao\/index.php\/shop-2\/"},{"@type":"ListItem","position":3,"name":"HP OFFICEJET PRO 9720 A3 2.7&#8242; ADF (A4 SCAN)"}]},{"@type":"WebSite","@id":"https:\/\/cyberlogics.ao\/#website","url":"https:\/\/cyberlogics.ao\/","name":"Cyberlogics Technologies Angola","description":"Loja Online de Licen\u00e7as de Softwares e Inform\u00e1tica","publisher":{"@id":"https:\/\/cyberlogics.ao\/#organization"},"potentialAction":[{"@type":"SearchAction","target":{"@type":"EntryPoint","urlTemplate":"https:\/\/cyberlogics.ao\/?s={search_term_string}"},"query-input":{"@type":"PropertyValueSpecification","valueRequired":true,"valueName":"search_term_string"}}],"inLanguage":"pt-PT"},{"@type":"Organization","@id":"https:\/\/cyberlogics.ao\/#organization","name":"Cyberlogics Ao Technologies - Loja Online de Licen\u00e7as de Softwares e Inform\u00e1tica","url":"https:\/\/cyberlogics.ao\/","logo":{"@type":"ImageObject","inLanguage":"pt-PT","@id":"https:\/\/cyberlogics.ao\/#\/schema\/logo\/image\/","url":"https:\/\/cyberlogics.ao\/wp-content\/uploads\/2022\/04\/CT-logo.png","contentUrl":"https:\/\/cyberlogics.ao\/wp-content\/uploads\/2022\/04\/CT-logo.png","width":190,"height":75,"caption":"Cyberlogics Ao Technologies - Loja Online de Licen\u00e7as de Softwares e Inform\u00e1tica"},"image":{"@id":"https:\/\/cyberlogics.ao\/#\/schema\/logo\/image\/"}}]}},"_links":{"self":[{"href":"https:\/\/cyberlogics.ao\/index.php\/wp-json\/wp\/v2\/product\/11210","targetHints":{"allow":["GET"]}}],"collection":[{"href":"https:\/\/cyberlogics.ao\/index.php\/wp-json\/wp\/v2\/product"}],"about":[{"href":"https:\/\/cyberlogics.ao\/index.php\/wp-json\/wp\/v2\/types\/product"}],"replies":[{"embeddable":true,"href":"https:\/\/cyberlogics.ao\/index.php\/wp-json\/wp\/v2\/comments?post=11210"}],"wp:featuredmedia":[{"embeddable":true,"href":"https:\/\/cyberlogics.ao\/index.php\/wp-json\/wp\/v2\/media\/11211"}],"wp:attachment":[{"href":"https:\/\/cyberlogics.ao\/index.php\/wp-json\/wp\/v2\/media?parent=11210"}],"wp:term":[{"taxonomy":"product_brand","embeddable":true,"href":"https:\/\/cyberlogics.ao\/index.php\/wp-json\/wp\/v2\/product_brand?post=11210"},{"taxonomy":"product_cat","embeddable":true,"href":"https:\/\/cyberlogics.ao\/index.php\/wp-json\/wp\/v2\/product_cat?post=11210"},{"taxonomy":"product_tag","embeddable":true,"href":"https:\/\/cyberlogics.ao\/index.php\/wp-json\/wp\/v2\/product_tag?post=11210"}],"curies":[{"name":"wp","href":"https:\/\/api.w.org\/{rel}","templated":true}]}}