{"id":11225,"date":"2025-12-10T10:08:33","date_gmt":"2025-12-10T10:08:33","guid":{"rendered":"https:\/\/cyberlogics.ao\/?post_type=product&#038;p=11225"},"modified":"2025-12-10T10:08:34","modified_gmt":"2025-12-10T10:08:34","slug":"hd-int-3-5-wd-8tb-purple-sata-6gb-s-5400rpm","status":"publish","type":"product","link":"https:\/\/cyberlogics.ao\/index.php\/product\/hd-int-3-5-wd-8tb-purple-sata-6gb-s-5400rpm\/","title":{"rendered":"HD INT 3.5&#8242; WD 8TB PURPLE SATA 6GB\/S 5400RPM"},"content":{"rendered":"<div class=\"cols-6 px-4 mb-8 md:mb-10 column-two \">\n<div class=\"font-bold inheritPara mb-1 word-wrap\">Capacidade<\/div>\n<div class=\"inheritPara text-grey-4\">8 TB<\/div>\n<\/div>\n<div class=\"cols-6 px-4 mb-8 md:mb-10 column-two \">\n<div class=\"font-bold inheritPara mb-1 word-wrap\">Formato<\/div>\n<div class=\"inheritPara text-grey-4\">3.5-Inch<\/div>\n<\/div>\n<div class=\"cols-6 px-4 mb-8 md:mb-10 column-two \">\n<div class=\"font-bold inheritPara mb-1 word-wrap\">Conector<\/div>\n<div class=\"inheritPara text-grey-4\">SATA<\/div>\n<\/div>\n<div class=\"cols-6 px-4 mb-8 md:mb-10 column-two \">\n<div class=\"font-bold inheritPara mb-1 word-wrap\">Interface<\/div>\n<div class=\"inheritPara text-grey-4\">SATA<\/div>\n<\/div>\n<div class=\"cols-6 px-4 mb-8 md:mb-10 column-two \">\n<div class=\"font-bold inheritPara mb-1 word-wrap\">Taxa de transfer\u00eancia<\/div>\n<div class=\"inheritPara text-grey-4\">up to 215MB\/s<\/div>\n<\/div>\n<div class=\"cols-6 px-4 mb-8 md:mb-10 column-two \">\n<div class=\"font-bold inheritPara mb-1 word-wrap\">Disk Speed (RPM)<\/div>\n<div class=\"inheritPara text-grey-4\">5640 RPM<\/div>\n<\/div>\n<div class=\"cols-6 px-4 mb-8 md:mb-10 column-two \">\n<div class=\"font-bold inheritPara mb-1 word-wrap\">Recording Technology<\/div>\n<div class=\"inheritPara text-grey-4\">CMR<\/div>\n<\/div>\n<div class=\"cols-6 px-4 mb-8 md:mb-10 column-two \">\n<div class=\"font-bold inheritPara mb-1 word-wrap\">Cache Size<\/div>\n<div class=\"inheritPara text-grey-4\">256MB<\/div>\n<\/div>\n<div class=\"cols-6 px-4 mb-8 md:mb-10 column-two \">\n<div class=\"font-bold inheritPara mb-1 word-wrap\">Dimens\u00f5es (L x W x H)<\/div>\n<div class=\"inheritPara text-grey-4\">5.79&#8243; x 4&#8243; x 1.03&#8243;<\/div>\n<\/div>\n<div class=\"cols-6 px-4 mb-8 md:mb-10 column-two \">\n<div class=\"font-bold inheritPara mb-1 word-wrap\">Peso<\/div>\n<div class=\"inheritPara text-grey-4\">720gms<\/div>\n<\/div>\n<div class=\"cols-6 px-4 mb-8 md:mb-10 column-two \">\n<div class=\"font-bold inheritPara mb-1 word-wrap\">N\u00famero do modelo<\/div>\n<div class=\"inheritPara text-grey-4\">WD85PURZ<\/div>\n<\/div>\n<div class=\"cols-6 px-4 mb-8 md:mb-10 column-two \">\n<div class=\"font-bold inheritPara mb-1 word-wrap\">Temperatura operacional<\/div>\n<div class=\"inheritPara text-grey-4\">0\u00b0C to 65\u00b0C<\/div>\n<\/div>\n<div class=\"cols-6 px-4 mb-8 md:mb-10 column-two \">\n<div class=\"font-bold inheritPara mb-1 word-wrap\">Non-Operating Temperature<\/div>\n<div class=\"inheritPara text-grey-4\">-40\u00b0C to 70\u00b0C<\/div>\n<\/div>\n<div class=\"cols-6 px-4 mb-8 md:mb-10 column-two prod-tech-spec-last-col\">\n<div class=\"font-bold inheritPara mb-1 word-wrap\">Certifica\u00e7\u00f5es<\/div>\n<div class=\"inheritPara text-grey-4\">BSMI, ICES-003\/NMB-003, CE, FCC, KC, Maghreb, RCM, UKCA, VCCI, CB-Scheme, TUV, UL<\/div>\n<\/div>\n","protected":false},"excerpt":{"rendered":"<p><label>Marca:<\/label>\u00a0<span class=\"editable\">WESTERN DIGITAL<\/span><br \/>\n<label>Part-Number:<\/label>\u00a0<span class=\"editable\">WD85PURZ<\/span><\/p>\n","protected":false},"featured_media":11226,"comment_status":"open","ping_status":"closed","template":"","meta":{"_joinchat":[]},"product_brand":[833],"product_cat":[341,343],"product_tag":[],"class_list":{"0":"post-11225","1":"product","2":"type-product","3":"status-publish","4":"has-post-thumbnail","6":"product_brand-western-digital","7":"product_cat-armazenamentos","8":"product_cat-discos-internos","10":"first","11":"instock","12":"shipping-taxable","13":"purchasable","14":"product-type-simple"},"yoast_head":"<!-- This site is optimized with the Yoast SEO plugin v27.4 - https:\/\/yoast.com\/product\/yoast-seo-wordpress\/ -->\n<title>HD INT 3.5&#039; WD 8TB PURPLE SATA 6GB\/S 5400RPM - Cyberlogics Technologies Angola<\/title>\n<meta name=\"description\" content=\"A Maior Loja Online de Angola de Licen\u00e7as Microsoft Office | Chaves Sistemas Operativos Windows | Antiv\u00edrus | Cloud Adobe | Inform\u00e1tica &amp; Servidores | Softwares de Gest\u00e3o ERP | Gaming Hardware | UPS e Baterias &amp; Muito Mais...\" \/>\n<meta name=\"robots\" content=\"index, follow, max-snippet:-1, max-image-preview:large, max-video-preview:-1\" \/>\n<link rel=\"canonical\" href=\"https:\/\/cyberlogics.ao\/index.php\/product\/hd-int-3-5-wd-8tb-purple-sata-6gb-s-5400rpm\/\" \/>\n<meta property=\"og:locale\" content=\"pt_PT\" \/>\n<meta property=\"og:type\" content=\"article\" \/>\n<meta property=\"og:title\" content=\"HD INT 3.5&#039; WD 8TB PURPLE SATA 6GB\/S 5400RPM - Cyberlogics Technologies Angola\" \/>\n<meta property=\"og:description\" content=\"A Maior Loja Online de Angola de Licen\u00e7as Microsoft Office | Chaves Sistemas Operativos Windows | Antiv\u00edrus | Cloud Adobe | Inform\u00e1tica &amp; Servidores | Softwares de Gest\u00e3o ERP | Gaming Hardware | UPS e Baterias &amp; Muito Mais...\" \/>\n<meta property=\"og:url\" content=\"https:\/\/cyberlogics.ao\/index.php\/product\/hd-int-3-5-wd-8tb-purple-sata-6gb-s-5400rpm\/\" \/>\n<meta property=\"og:site_name\" content=\"Cyberlogics Technologies Angola\" \/>\n<meta property=\"article:modified_time\" content=\"2025-12-10T10:08:34+00:00\" \/>\n<meta property=\"og:image\" content=\"http:\/\/cyberlogics.ao\/wp-content\/uploads\/2025\/12\/hd-int-35-wd-8tb-purple-sata-6gbs-5400rpm.jpg\" \/>\n\t<meta property=\"og:image:width\" content=\"400\" \/>\n\t<meta property=\"og:image:height\" content=\"400\" \/>\n\t<meta property=\"og:image:type\" content=\"image\/jpeg\" \/>\n<meta name=\"twitter:card\" content=\"summary_large_image\" \/>\n<script type=\"application\/ld+json\" class=\"yoast-schema-graph\">{\"@context\":\"https:\\\/\\\/schema.org\",\"@graph\":[{\"@type\":\"WebPage\",\"@id\":\"https:\\\/\\\/cyberlogics.ao\\\/index.php\\\/product\\\/hd-int-3-5-wd-8tb-purple-sata-6gb-s-5400rpm\\\/\",\"url\":\"https:\\\/\\\/cyberlogics.ao\\\/index.php\\\/product\\\/hd-int-3-5-wd-8tb-purple-sata-6gb-s-5400rpm\\\/\",\"name\":\"HD INT 3.5' WD 8TB PURPLE SATA 6GB\\\/S 5400RPM - Cyberlogics Technologies Angola\",\"isPartOf\":{\"@id\":\"https:\\\/\\\/cyberlogics.ao\\\/#website\"},\"primaryImageOfPage\":{\"@id\":\"https:\\\/\\\/cyberlogics.ao\\\/index.php\\\/product\\\/hd-int-3-5-wd-8tb-purple-sata-6gb-s-5400rpm\\\/#primaryimage\"},\"image\":{\"@id\":\"https:\\\/\\\/cyberlogics.ao\\\/index.php\\\/product\\\/hd-int-3-5-wd-8tb-purple-sata-6gb-s-5400rpm\\\/#primaryimage\"},\"thumbnailUrl\":\"https:\\\/\\\/cyberlogics.ao\\\/wp-content\\\/uploads\\\/2025\\\/12\\\/hd-int-35-wd-8tb-purple-sata-6gbs-5400rpm.jpg\",\"datePublished\":\"2025-12-10T10:08:33+00:00\",\"dateModified\":\"2025-12-10T10:08:34+00:00\",\"description\":\"A Maior Loja Online de Angola de Licen\u00e7as Microsoft Office | Chaves Sistemas Operativos Windows | Antiv\u00edrus | Cloud Adobe | Inform\u00e1tica & Servidores | Softwares de Gest\u00e3o ERP | Gaming Hardware | UPS e Baterias & Muito Mais...\",\"breadcrumb\":{\"@id\":\"https:\\\/\\\/cyberlogics.ao\\\/index.php\\\/product\\\/hd-int-3-5-wd-8tb-purple-sata-6gb-s-5400rpm\\\/#breadcrumb\"},\"inLanguage\":\"pt-PT\",\"potentialAction\":[{\"@type\":\"ReadAction\",\"target\":[\"https:\\\/\\\/cyberlogics.ao\\\/index.php\\\/product\\\/hd-int-3-5-wd-8tb-purple-sata-6gb-s-5400rpm\\\/\"]}]},{\"@type\":\"ImageObject\",\"inLanguage\":\"pt-PT\",\"@id\":\"https:\\\/\\\/cyberlogics.ao\\\/index.php\\\/product\\\/hd-int-3-5-wd-8tb-purple-sata-6gb-s-5400rpm\\\/#primaryimage\",\"url\":\"https:\\\/\\\/cyberlogics.ao\\\/wp-content\\\/uploads\\\/2025\\\/12\\\/hd-int-35-wd-8tb-purple-sata-6gbs-5400rpm.jpg\",\"contentUrl\":\"https:\\\/\\\/cyberlogics.ao\\\/wp-content\\\/uploads\\\/2025\\\/12\\\/hd-int-35-wd-8tb-purple-sata-6gbs-5400rpm.jpg\",\"width\":400,\"height\":400},{\"@type\":\"BreadcrumbList\",\"@id\":\"https:\\\/\\\/cyberlogics.ao\\\/index.php\\\/product\\\/hd-int-3-5-wd-8tb-purple-sata-6gb-s-5400rpm\\\/#breadcrumb\",\"itemListElement\":[{\"@type\":\"ListItem\",\"position\":1,\"name\":\"In\u00edcio\",\"item\":\"https:\\\/\\\/cyberlogics.ao\\\/\"},{\"@type\":\"ListItem\",\"position\":2,\"name\":\"Produtos\",\"item\":\"https:\\\/\\\/cyberlogics.ao\\\/index.php\\\/shop-2\\\/\"},{\"@type\":\"ListItem\",\"position\":3,\"name\":\"HD INT 3.5&#8242; WD 8TB PURPLE SATA 6GB\\\/S 5400RPM\"}]},{\"@type\":\"WebSite\",\"@id\":\"https:\\\/\\\/cyberlogics.ao\\\/#website\",\"url\":\"https:\\\/\\\/cyberlogics.ao\\\/\",\"name\":\"Cyberlogics Technologies Angola\",\"description\":\"Loja Online de Licen\u00e7as de Softwares e Inform\u00e1tica\",\"publisher\":{\"@id\":\"https:\\\/\\\/cyberlogics.ao\\\/#organization\"},\"potentialAction\":[{\"@type\":\"SearchAction\",\"target\":{\"@type\":\"EntryPoint\",\"urlTemplate\":\"https:\\\/\\\/cyberlogics.ao\\\/?s={search_term_string}\"},\"query-input\":{\"@type\":\"PropertyValueSpecification\",\"valueRequired\":true,\"valueName\":\"search_term_string\"}}],\"inLanguage\":\"pt-PT\"},{\"@type\":\"Organization\",\"@id\":\"https:\\\/\\\/cyberlogics.ao\\\/#organization\",\"name\":\"Cyberlogics Ao Technologies - Loja Online de Licen\u00e7as de Softwares e Inform\u00e1tica\",\"url\":\"https:\\\/\\\/cyberlogics.ao\\\/\",\"logo\":{\"@type\":\"ImageObject\",\"inLanguage\":\"pt-PT\",\"@id\":\"https:\\\/\\\/cyberlogics.ao\\\/#\\\/schema\\\/logo\\\/image\\\/\",\"url\":\"https:\\\/\\\/cyberlogics.ao\\\/wp-content\\\/uploads\\\/2022\\\/04\\\/CT-logo.png\",\"contentUrl\":\"https:\\\/\\\/cyberlogics.ao\\\/wp-content\\\/uploads\\\/2022\\\/04\\\/CT-logo.png\",\"width\":190,\"height\":75,\"caption\":\"Cyberlogics Ao Technologies - Loja Online de Licen\u00e7as de Softwares e Inform\u00e1tica\"},\"image\":{\"@id\":\"https:\\\/\\\/cyberlogics.ao\\\/#\\\/schema\\\/logo\\\/image\\\/\"}}]}<\/script>\n<!-- \/ Yoast SEO plugin. -->","yoast_head_json":{"title":"HD INT 3.5' WD 8TB PURPLE SATA 6GB\/S 5400RPM - Cyberlogics Technologies Angola","description":"A Maior Loja Online de Angola de Licen\u00e7as Microsoft Office | Chaves Sistemas Operativos Windows | Antiv\u00edrus | Cloud Adobe | Inform\u00e1tica & Servidores | Softwares de Gest\u00e3o ERP | Gaming Hardware | UPS e Baterias & Muito Mais...","robots":{"index":"index","follow":"follow","max-snippet":"max-snippet:-1","max-image-preview":"max-image-preview:large","max-video-preview":"max-video-preview:-1"},"canonical":"https:\/\/cyberlogics.ao\/index.php\/product\/hd-int-3-5-wd-8tb-purple-sata-6gb-s-5400rpm\/","og_locale":"pt_PT","og_type":"article","og_title":"HD INT 3.5' WD 8TB PURPLE SATA 6GB\/S 5400RPM - Cyberlogics Technologies Angola","og_description":"A Maior Loja Online de Angola de Licen\u00e7as Microsoft Office | Chaves Sistemas Operativos Windows | Antiv\u00edrus | Cloud Adobe | Inform\u00e1tica & Servidores | Softwares de Gest\u00e3o ERP | Gaming Hardware | UPS e Baterias & Muito Mais...","og_url":"https:\/\/cyberlogics.ao\/index.php\/product\/hd-int-3-5-wd-8tb-purple-sata-6gb-s-5400rpm\/","og_site_name":"Cyberlogics Technologies Angola","article_modified_time":"2025-12-10T10:08:34+00:00","og_image":[{"width":400,"height":400,"url":"http:\/\/cyberlogics.ao\/wp-content\/uploads\/2025\/12\/hd-int-35-wd-8tb-purple-sata-6gbs-5400rpm.jpg","type":"image\/jpeg"}],"twitter_card":"summary_large_image","schema":{"@context":"https:\/\/schema.org","@graph":[{"@type":"WebPage","@id":"https:\/\/cyberlogics.ao\/index.php\/product\/hd-int-3-5-wd-8tb-purple-sata-6gb-s-5400rpm\/","url":"https:\/\/cyberlogics.ao\/index.php\/product\/hd-int-3-5-wd-8tb-purple-sata-6gb-s-5400rpm\/","name":"HD INT 3.5' WD 8TB PURPLE SATA 6GB\/S 5400RPM - Cyberlogics Technologies Angola","isPartOf":{"@id":"https:\/\/cyberlogics.ao\/#website"},"primaryImageOfPage":{"@id":"https:\/\/cyberlogics.ao\/index.php\/product\/hd-int-3-5-wd-8tb-purple-sata-6gb-s-5400rpm\/#primaryimage"},"image":{"@id":"https:\/\/cyberlogics.ao\/index.php\/product\/hd-int-3-5-wd-8tb-purple-sata-6gb-s-5400rpm\/#primaryimage"},"thumbnailUrl":"https:\/\/cyberlogics.ao\/wp-content\/uploads\/2025\/12\/hd-int-35-wd-8tb-purple-sata-6gbs-5400rpm.jpg","datePublished":"2025-12-10T10:08:33+00:00","dateModified":"2025-12-10T10:08:34+00:00","description":"A Maior Loja Online de Angola de Licen\u00e7as Microsoft Office | Chaves Sistemas Operativos Windows | Antiv\u00edrus | Cloud Adobe | Inform\u00e1tica & Servidores | Softwares de Gest\u00e3o ERP | Gaming Hardware | UPS e Baterias & Muito Mais...","breadcrumb":{"@id":"https:\/\/cyberlogics.ao\/index.php\/product\/hd-int-3-5-wd-8tb-purple-sata-6gb-s-5400rpm\/#breadcrumb"},"inLanguage":"pt-PT","potentialAction":[{"@type":"ReadAction","target":["https:\/\/cyberlogics.ao\/index.php\/product\/hd-int-3-5-wd-8tb-purple-sata-6gb-s-5400rpm\/"]}]},{"@type":"ImageObject","inLanguage":"pt-PT","@id":"https:\/\/cyberlogics.ao\/index.php\/product\/hd-int-3-5-wd-8tb-purple-sata-6gb-s-5400rpm\/#primaryimage","url":"https:\/\/cyberlogics.ao\/wp-content\/uploads\/2025\/12\/hd-int-35-wd-8tb-purple-sata-6gbs-5400rpm.jpg","contentUrl":"https:\/\/cyberlogics.ao\/wp-content\/uploads\/2025\/12\/hd-int-35-wd-8tb-purple-sata-6gbs-5400rpm.jpg","width":400,"height":400},{"@type":"BreadcrumbList","@id":"https:\/\/cyberlogics.ao\/index.php\/product\/hd-int-3-5-wd-8tb-purple-sata-6gb-s-5400rpm\/#breadcrumb","itemListElement":[{"@type":"ListItem","position":1,"name":"In\u00edcio","item":"https:\/\/cyberlogics.ao\/"},{"@type":"ListItem","position":2,"name":"Produtos","item":"https:\/\/cyberlogics.ao\/index.php\/shop-2\/"},{"@type":"ListItem","position":3,"name":"HD INT 3.5&#8242; WD 8TB PURPLE SATA 6GB\/S 5400RPM"}]},{"@type":"WebSite","@id":"https:\/\/cyberlogics.ao\/#website","url":"https:\/\/cyberlogics.ao\/","name":"Cyberlogics Technologies Angola","description":"Loja Online de Licen\u00e7as de Softwares e Inform\u00e1tica","publisher":{"@id":"https:\/\/cyberlogics.ao\/#organization"},"potentialAction":[{"@type":"SearchAction","target":{"@type":"EntryPoint","urlTemplate":"https:\/\/cyberlogics.ao\/?s={search_term_string}"},"query-input":{"@type":"PropertyValueSpecification","valueRequired":true,"valueName":"search_term_string"}}],"inLanguage":"pt-PT"},{"@type":"Organization","@id":"https:\/\/cyberlogics.ao\/#organization","name":"Cyberlogics Ao Technologies - Loja Online de Licen\u00e7as de Softwares e Inform\u00e1tica","url":"https:\/\/cyberlogics.ao\/","logo":{"@type":"ImageObject","inLanguage":"pt-PT","@id":"https:\/\/cyberlogics.ao\/#\/schema\/logo\/image\/","url":"https:\/\/cyberlogics.ao\/wp-content\/uploads\/2022\/04\/CT-logo.png","contentUrl":"https:\/\/cyberlogics.ao\/wp-content\/uploads\/2022\/04\/CT-logo.png","width":190,"height":75,"caption":"Cyberlogics Ao Technologies - Loja Online de Licen\u00e7as de Softwares e Inform\u00e1tica"},"image":{"@id":"https:\/\/cyberlogics.ao\/#\/schema\/logo\/image\/"}}]}},"_links":{"self":[{"href":"https:\/\/cyberlogics.ao\/index.php\/wp-json\/wp\/v2\/product\/11225","targetHints":{"allow":["GET"]}}],"collection":[{"href":"https:\/\/cyberlogics.ao\/index.php\/wp-json\/wp\/v2\/product"}],"about":[{"href":"https:\/\/cyberlogics.ao\/index.php\/wp-json\/wp\/v2\/types\/product"}],"replies":[{"embeddable":true,"href":"https:\/\/cyberlogics.ao\/index.php\/wp-json\/wp\/v2\/comments?post=11225"}],"wp:featuredmedia":[{"embeddable":true,"href":"https:\/\/cyberlogics.ao\/index.php\/wp-json\/wp\/v2\/media\/11226"}],"wp:attachment":[{"href":"https:\/\/cyberlogics.ao\/index.php\/wp-json\/wp\/v2\/media?parent=11225"}],"wp:term":[{"taxonomy":"product_brand","embeddable":true,"href":"https:\/\/cyberlogics.ao\/index.php\/wp-json\/wp\/v2\/product_brand?post=11225"},{"taxonomy":"product_cat","embeddable":true,"href":"https:\/\/cyberlogics.ao\/index.php\/wp-json\/wp\/v2\/product_cat?post=11225"},{"taxonomy":"product_tag","embeddable":true,"href":"https:\/\/cyberlogics.ao\/index.php\/wp-json\/wp\/v2\/product_tag?post=11225"}],"curies":[{"name":"wp","href":"https:\/\/api.w.org\/{rel}","templated":true}]}}