{"id":11280,"date":"2025-12-11T14:13:02","date_gmt":"2025-12-11T14:13:02","guid":{"rendered":"https:\/\/cyberlogics.ao\/?post_type=product&#038;p=11280"},"modified":"2025-12-11T14:13:02","modified_gmt":"2025-12-11T14:13:02","slug":"tv-55-qled-skyworth-4k-uhd-google-tv-60hz","status":"publish","type":"product","link":"https:\/\/cyberlogics.ao\/index.php\/product\/tv-55-qled-skyworth-4k-uhd-google-tv-60hz\/","title":{"rendered":"TV 55&#8242; QLED SKYWORTH 4K UHD GOOGLE TV 60HZ"},"content":{"rendered":"<div id=\"sticky-head\" class=\"sticky-tab-heads-wrapper bg-nero d-flex align-items-center justify-content-center mt-5 mt-lg-0\">\n<div class=\"sticky-tab-heads d-flex justify-content-center flex-column flex-md-row\">TIPO DE EXIBI\u00c7\u00c3O<\/div>\n<\/div>\n<div class=\"sticky-tab-body-wrapper\">\n<div id=\"specification\" class=\"container\">\n<table class=\"table table-bordered\">\n<tbody>\n<tr>\n<td><span dir=\"auto\">Tipo de tela<\/span><\/td>\n<td><span dir=\"auto\">4K UHD<\/span><\/td>\n<td><span dir=\"auto\">Tamanho da tela (polegadas)<\/span><\/td>\n<td><span dir=\"auto\">55&#8243;<\/span><\/td>\n<\/tr>\n<tr>\n<td><span dir=\"auto\">Resolu\u00e7\u00e3o<\/span><\/td>\n<td><span dir=\"auto\">3.840 x 2.160<\/span><\/td>\n<td><span dir=\"auto\">\u00c2ngulo de vis\u00e3o<\/span><\/td>\n<td><span dir=\"auto\">178\u00b0 \/ 178\u00b0<\/span><\/td>\n<\/tr>\n<tr>\n<td><span dir=\"auto\">Brilho<\/span><\/td>\n<td><span dir=\"auto\">300 l\u00eandeas<\/span><\/td>\n<td><span dir=\"auto\">Taxa de atualiza\u00e7\u00e3o<\/span><\/td>\n<td><span dir=\"auto\">60Hz<\/span><\/td>\n<\/tr>\n<\/tbody>\n<\/table>\n<p>&nbsp;<\/p>\n<h4><span dir=\"auto\">QUALIDADE DA IMAGEM<\/span><\/h4>\n<table class=\"table table-bordered\">\n<tbody>\n<tr>\n<td><span dir=\"auto\">CPU<\/span><\/td>\n<td><span dir=\"auto\">A53 Quad Core, 1,5 GHz<\/span><\/td>\n<td><span dir=\"auto\">GPU<\/span><\/td>\n<td><span dir=\"auto\">Mali G52<\/span><\/td>\n<\/tr>\n<tr>\n<td><span dir=\"auto\">HDR 10+<\/span><\/td>\n<td><span dir=\"auto\">Sim<\/span><\/td>\n<td><span dir=\"auto\">HLG<\/span><\/td>\n<td><span dir=\"auto\">Sim<\/span><\/td>\n<\/tr>\n<tr>\n<td><span dir=\"auto\">Dolby Vision<\/span><\/td>\n<td><span dir=\"auto\">Sim<\/span><\/td>\n<td><span dir=\"auto\">Modo de jogo<\/span><\/td>\n<td><span dir=\"auto\">Sim<\/span><\/td>\n<\/tr>\n<\/tbody>\n<\/table>\n<h4><\/h4>\n<h4><span dir=\"auto\">QUALIDADE DE SOM<\/span><\/h4>\n<table class=\"table table-bordered\">\n<tbody>\n<tr>\n<td><span dir=\"auto\">Alto-falante (sa\u00edda de som)<\/span><\/td>\n<td><span dir=\"auto\">20 W (10 W por canal)<\/span><\/td>\n<td><span dir=\"auto\">Canal<\/span><\/td>\n<td><span dir=\"auto\">2,0 canais<\/span><\/td>\n<\/tr>\n<tr>\n<td><span dir=\"auto\">Dire\u00e7\u00e3o<\/span><\/td>\n<td><span dir=\"auto\">Tiro para baixo<\/span><\/td>\n<td><span dir=\"auto\">Som surround<\/span><\/td>\n<td><span dir=\"auto\">Sim<\/span><\/td>\n<\/tr>\n<tr>\n<td><span dir=\"auto\">\u00c1udio Dolby<\/span><\/td>\n<td><span dir=\"auto\">Sim<\/span><\/td>\n<td><span dir=\"auto\">Dolby ATMOS para TV<\/span><\/td>\n<td><span dir=\"auto\">Sim<\/span><\/td>\n<\/tr>\n<tr>\n<td><span dir=\"auto\">Dolby Digital (Decodificador)<\/span><\/td>\n<td><span dir=\"auto\">Sim<\/span><\/td>\n<td><span dir=\"auto\">Dolby Digital Plus (Decodificador)<\/span><\/td>\n<td><span dir=\"auto\">Sim<\/span><\/td>\n<\/tr>\n<\/tbody>\n<\/table>\n<h4><\/h4>\n<h4><span dir=\"auto\">RECURSO ADICIONAL<\/span><\/h4>\n<table class=\"table table-bordered\">\n<tbody>\n<tr>\n<td><span dir=\"auto\">Integra\u00e7\u00e3o do Google Assistente<\/span><\/td>\n<td><span dir=\"auto\">Sim<\/span><\/td>\n<td><span dir=\"auto\">Encontre meu controle remoto<\/span><\/td>\n<td><span dir=\"auto\">Sim<\/span><\/td>\n<\/tr>\n<tr>\n<td><span dir=\"auto\">Chromecast<\/span><\/td>\n<td><span dir=\"auto\">Sim<\/span><\/td>\n<td><\/td>\n<td><\/td>\n<\/tr>\n<\/tbody>\n<\/table>\n<h4><\/h4>\n<h4><span dir=\"auto\">RECURSO INTELIGENTE<\/span><\/h4>\n<div><\/div>\n<table class=\"table table-bordered\">\n<tbody>\n<tr>\n<td><span dir=\"auto\">Sistema operacional (SO)<\/span><\/td>\n<td><span dir=\"auto\">Google TV<\/span><\/td>\n<td><span dir=\"auto\">RAM DDR<\/span><\/td>\n<td><span dir=\"auto\">2 GB<\/span><\/td>\n<\/tr>\n<tr>\n<td><span dir=\"auto\">Mem\u00f3ria Flash<\/span><\/td>\n<td><span dir=\"auto\">16 GB<\/span><\/td>\n<td><span dir=\"auto\">Netflix<\/span><\/td>\n<td><span dir=\"auto\">Sim<\/span><\/td>\n<\/tr>\n<tr>\n<td><span dir=\"auto\">Prime Video<\/span><\/td>\n<td><span dir=\"auto\">Sim<\/span><\/td>\n<td><span dir=\"auto\">HDR do YouTube<\/span><\/td>\n<td><span dir=\"auto\">Sim<\/span><\/td>\n<\/tr>\n<tr>\n<td><span dir=\"auto\">YouTube<\/span><\/td>\n<td><span dir=\"auto\">Sim<\/span><\/td>\n<td><span dir=\"auto\">App Sore<\/span><\/td>\n<td><span dir=\"auto\">Loja Google Play<\/span><\/td>\n<\/tr>\n<\/tbody>\n<\/table>\n<h4><\/h4>\n<h4><span dir=\"auto\">SISTEMA DE TRANSMISS\u00c3O<\/span><\/h4>\n<table class=\"table table-bordered\">\n<tbody>\n<tr>\n<td><span dir=\"auto\">Recep\u00e7\u00e3o de TV Digital<\/span><\/td>\n<td><span dir=\"auto\">Sim<\/span><\/td>\n<td><span dir=\"auto\">Terrestre<\/span><\/td>\n<td><span dir=\"auto\">DVB-T\/T2\/S2<\/span><\/td>\n<\/tr>\n<tr>\n<td><span dir=\"auto\">Cabo<\/span><\/td>\n<td><span dir=\"auto\">DVB-C<\/span><\/td>\n<td><span dir=\"auto\">Recep\u00e7\u00e3o de TV anal\u00f3gica<\/span><\/td>\n<td><span dir=\"auto\">Sim<\/span><\/td>\n<\/tr>\n<\/tbody>\n<\/table>\n<h4><\/h4>\n<h4><span dir=\"auto\">CONECTIVIDADE<\/span><\/h4>\n<table class=\"table table-bordered\">\n<tbody>\n<tr>\n<td><span dir=\"auto\">HDMI<\/span><\/td>\n<td><span dir=\"auto\">3 Nos.<\/span><\/td>\n<td><span dir=\"auto\">ARC (Canal de Retorno de \u00c1udio)<\/span><\/td>\n<td><span dir=\"auto\">Sim<\/span><\/td>\n<\/tr>\n<tr>\n<td><span dir=\"auto\">USB<\/span><\/td>\n<td><span dir=\"auto\">2 Nos.<\/span><\/td>\n<td><span dir=\"auto\">LAN<\/span><\/td>\n<td><span dir=\"auto\">Sim<\/span><\/td>\n<\/tr>\n<tr>\n<td><span dir=\"auto\">Sa\u00edda de \u00e1udio digital \u00f3ptica<\/span><\/td>\n<td><span dir=\"auto\">Sim<\/span><\/td>\n<td><span dir=\"auto\">Wi-Fi de banda dupla<\/span><\/td>\n<td><span dir=\"auto\">Sim<\/span><\/td>\n<\/tr>\n<tr>\n<td><span dir=\"auto\">Bluetooth<\/span><\/td>\n<td><span dir=\"auto\">Sim (V5.1)<\/span><\/td>\n<td><span dir=\"auto\">Bluetooth bidirecional<\/span><\/td>\n<td><span dir=\"auto\">Sim<\/span><\/td>\n<\/tr>\n<\/tbody>\n<\/table>\n<h4><\/h4>\n<h4><span dir=\"auto\">OUTROS<\/span><\/h4>\n<table class=\"table table-bordered\">\n<tbody>\n<tr>\n<td><span dir=\"auto\">Fonte de energia<\/span><\/td>\n<td><span dir=\"auto\">CA 100~240V 50-60Hz<\/span><\/td>\n<td><span dir=\"auto\">Peso sem suporte (kg)<\/span><\/td>\n<td><span dir=\"auto\">11.3<\/span><\/td>\n<\/tr>\n<tr>\n<td><span dir=\"auto\">Peso com suporte (kg)<\/span><\/td>\n<td><span dir=\"auto\">11.6<\/span><\/td>\n<td><span dir=\"auto\">Tamanho sem suporte (LxAxP mm)<\/span><\/td>\n<td><span dir=\"auto\">1225,2 x 717,8 x 91,7<\/span><\/td>\n<\/tr>\n<tr>\n<td><span dir=\"auto\">Tamanho com suporte (LxAxP mm)<\/span><\/td>\n<td><span dir=\"auto\">1225,2 x 776 x 233,3<\/span><\/td>\n<td><\/td>\n<td><\/td>\n<\/tr>\n<\/tbody>\n<\/table>\n<\/div>\n<\/div>\n","protected":false},"excerpt":{"rendered":"<p><label>Marca:<\/label>\u00a0<span class=\"editable\">SKYWORTH<\/span><br \/>\n<label>Part-Number:<\/label>\u00a0<span class=\"editable\">55Q6500G<\/span><\/p>\n","protected":false},"featured_media":11281,"comment_status":"open","ping_status":"closed","template":"","meta":{"_joinchat":[]},"product_brand":[],"product_cat":[405,406],"product_tag":[],"class_list":{"0":"post-11280","1":"product","2":"type-product","3":"status-publish","4":"has-post-thumbnail","6":"product_cat-imagem-e-som","7":"product_cat-televisoes","9":"first","10":"instock","11":"shipping-taxable","12":"purchasable","13":"product-type-simple"},"yoast_head":"<!-- This site is optimized with the Yoast SEO plugin v27.4 - https:\/\/yoast.com\/product\/yoast-seo-wordpress\/ -->\n<title>TV 55&#039; QLED SKYWORTH 4K UHD GOOGLE TV 60HZ - Cyberlogics Technologies Angola<\/title>\n<meta name=\"description\" content=\"A Maior Loja Online de Angola de Licen\u00e7as Microsoft Office | Chaves Sistemas Operativos Windows | Antiv\u00edrus | Cloud Adobe | Inform\u00e1tica &amp; Servidores | Softwares de Gest\u00e3o ERP | Gaming Hardware | UPS e Baterias &amp; Muito Mais...\" \/>\n<meta name=\"robots\" content=\"index, follow, max-snippet:-1, max-image-preview:large, max-video-preview:-1\" \/>\n<link rel=\"canonical\" href=\"https:\/\/cyberlogics.ao\/index.php\/product\/tv-55-qled-skyworth-4k-uhd-google-tv-60hz\/\" \/>\n<meta property=\"og:locale\" content=\"pt_PT\" \/>\n<meta property=\"og:type\" content=\"article\" \/>\n<meta property=\"og:title\" content=\"TV 55&#039; QLED SKYWORTH 4K UHD GOOGLE TV 60HZ - Cyberlogics Technologies Angola\" \/>\n<meta property=\"og:description\" content=\"A Maior Loja Online de Angola de Licen\u00e7as Microsoft Office | Chaves Sistemas Operativos Windows | Antiv\u00edrus | Cloud Adobe | Inform\u00e1tica &amp; Servidores | Softwares de Gest\u00e3o ERP | Gaming Hardware | UPS e Baterias &amp; Muito Mais...\" \/>\n<meta property=\"og:url\" content=\"https:\/\/cyberlogics.ao\/index.php\/product\/tv-55-qled-skyworth-4k-uhd-google-tv-60hz\/\" \/>\n<meta property=\"og:site_name\" content=\"Cyberlogics Technologies Angola\" \/>\n<meta property=\"og:image\" content=\"http:\/\/cyberlogics.ao\/wp-content\/uploads\/2025\/12\/tv-55-qled-skyworth-4k-uhd-google-tv-60hz.png\" \/>\n\t<meta property=\"og:image:width\" content=\"400\" \/>\n\t<meta property=\"og:image:height\" content=\"400\" \/>\n\t<meta property=\"og:image:type\" content=\"image\/png\" \/>\n<meta name=\"twitter:card\" content=\"summary_large_image\" \/>\n<meta name=\"twitter:label1\" content=\"Tempo estimado de leitura\" \/>\n\t<meta name=\"twitter:data1\" content=\"1 minuto\" \/>\n<script type=\"application\/ld+json\" class=\"yoast-schema-graph\">{\"@context\":\"https:\\\/\\\/schema.org\",\"@graph\":[{\"@type\":\"WebPage\",\"@id\":\"https:\\\/\\\/cyberlogics.ao\\\/index.php\\\/product\\\/tv-55-qled-skyworth-4k-uhd-google-tv-60hz\\\/\",\"url\":\"https:\\\/\\\/cyberlogics.ao\\\/index.php\\\/product\\\/tv-55-qled-skyworth-4k-uhd-google-tv-60hz\\\/\",\"name\":\"TV 55' QLED SKYWORTH 4K UHD GOOGLE TV 60HZ - Cyberlogics Technologies Angola\",\"isPartOf\":{\"@id\":\"https:\\\/\\\/cyberlogics.ao\\\/#website\"},\"primaryImageOfPage\":{\"@id\":\"https:\\\/\\\/cyberlogics.ao\\\/index.php\\\/product\\\/tv-55-qled-skyworth-4k-uhd-google-tv-60hz\\\/#primaryimage\"},\"image\":{\"@id\":\"https:\\\/\\\/cyberlogics.ao\\\/index.php\\\/product\\\/tv-55-qled-skyworth-4k-uhd-google-tv-60hz\\\/#primaryimage\"},\"thumbnailUrl\":\"https:\\\/\\\/cyberlogics.ao\\\/wp-content\\\/uploads\\\/2025\\\/12\\\/tv-55-qled-skyworth-4k-uhd-google-tv-60hz.png\",\"datePublished\":\"2025-12-11T14:13:02+00:00\",\"description\":\"A Maior Loja Online de Angola de Licen\u00e7as Microsoft Office | Chaves Sistemas Operativos Windows | Antiv\u00edrus | Cloud Adobe | Inform\u00e1tica & Servidores | Softwares de Gest\u00e3o ERP | Gaming Hardware | UPS e Baterias & Muito Mais...\",\"breadcrumb\":{\"@id\":\"https:\\\/\\\/cyberlogics.ao\\\/index.php\\\/product\\\/tv-55-qled-skyworth-4k-uhd-google-tv-60hz\\\/#breadcrumb\"},\"inLanguage\":\"pt-PT\",\"potentialAction\":[{\"@type\":\"ReadAction\",\"target\":[\"https:\\\/\\\/cyberlogics.ao\\\/index.php\\\/product\\\/tv-55-qled-skyworth-4k-uhd-google-tv-60hz\\\/\"]}]},{\"@type\":\"ImageObject\",\"inLanguage\":\"pt-PT\",\"@id\":\"https:\\\/\\\/cyberlogics.ao\\\/index.php\\\/product\\\/tv-55-qled-skyworth-4k-uhd-google-tv-60hz\\\/#primaryimage\",\"url\":\"https:\\\/\\\/cyberlogics.ao\\\/wp-content\\\/uploads\\\/2025\\\/12\\\/tv-55-qled-skyworth-4k-uhd-google-tv-60hz.png\",\"contentUrl\":\"https:\\\/\\\/cyberlogics.ao\\\/wp-content\\\/uploads\\\/2025\\\/12\\\/tv-55-qled-skyworth-4k-uhd-google-tv-60hz.png\",\"width\":400,\"height\":400},{\"@type\":\"BreadcrumbList\",\"@id\":\"https:\\\/\\\/cyberlogics.ao\\\/index.php\\\/product\\\/tv-55-qled-skyworth-4k-uhd-google-tv-60hz\\\/#breadcrumb\",\"itemListElement\":[{\"@type\":\"ListItem\",\"position\":1,\"name\":\"In\u00edcio\",\"item\":\"https:\\\/\\\/cyberlogics.ao\\\/\"},{\"@type\":\"ListItem\",\"position\":2,\"name\":\"Produtos\",\"item\":\"https:\\\/\\\/cyberlogics.ao\\\/index.php\\\/shop-2\\\/\"},{\"@type\":\"ListItem\",\"position\":3,\"name\":\"TV 55&#8242; QLED SKYWORTH 4K UHD GOOGLE TV 60HZ\"}]},{\"@type\":\"WebSite\",\"@id\":\"https:\\\/\\\/cyberlogics.ao\\\/#website\",\"url\":\"https:\\\/\\\/cyberlogics.ao\\\/\",\"name\":\"Cyberlogics Technologies Angola\",\"description\":\"Loja Online de Licen\u00e7as de Softwares e Inform\u00e1tica\",\"publisher\":{\"@id\":\"https:\\\/\\\/cyberlogics.ao\\\/#organization\"},\"potentialAction\":[{\"@type\":\"SearchAction\",\"target\":{\"@type\":\"EntryPoint\",\"urlTemplate\":\"https:\\\/\\\/cyberlogics.ao\\\/?s={search_term_string}\"},\"query-input\":{\"@type\":\"PropertyValueSpecification\",\"valueRequired\":true,\"valueName\":\"search_term_string\"}}],\"inLanguage\":\"pt-PT\"},{\"@type\":\"Organization\",\"@id\":\"https:\\\/\\\/cyberlogics.ao\\\/#organization\",\"name\":\"Cyberlogics Ao Technologies - Loja Online de Licen\u00e7as de Softwares e Inform\u00e1tica\",\"url\":\"https:\\\/\\\/cyberlogics.ao\\\/\",\"logo\":{\"@type\":\"ImageObject\",\"inLanguage\":\"pt-PT\",\"@id\":\"https:\\\/\\\/cyberlogics.ao\\\/#\\\/schema\\\/logo\\\/image\\\/\",\"url\":\"https:\\\/\\\/cyberlogics.ao\\\/wp-content\\\/uploads\\\/2022\\\/04\\\/CT-logo.png\",\"contentUrl\":\"https:\\\/\\\/cyberlogics.ao\\\/wp-content\\\/uploads\\\/2022\\\/04\\\/CT-logo.png\",\"width\":190,\"height\":75,\"caption\":\"Cyberlogics Ao Technologies - Loja Online de Licen\u00e7as de Softwares e Inform\u00e1tica\"},\"image\":{\"@id\":\"https:\\\/\\\/cyberlogics.ao\\\/#\\\/schema\\\/logo\\\/image\\\/\"}}]}<\/script>\n<!-- \/ Yoast SEO plugin. -->","yoast_head_json":{"title":"TV 55' QLED SKYWORTH 4K UHD GOOGLE TV 60HZ - Cyberlogics Technologies Angola","description":"A Maior Loja Online de Angola de Licen\u00e7as Microsoft Office | Chaves Sistemas Operativos Windows | Antiv\u00edrus | Cloud Adobe | Inform\u00e1tica & Servidores | Softwares de Gest\u00e3o ERP | Gaming Hardware | UPS e Baterias & Muito Mais...","robots":{"index":"index","follow":"follow","max-snippet":"max-snippet:-1","max-image-preview":"max-image-preview:large","max-video-preview":"max-video-preview:-1"},"canonical":"https:\/\/cyberlogics.ao\/index.php\/product\/tv-55-qled-skyworth-4k-uhd-google-tv-60hz\/","og_locale":"pt_PT","og_type":"article","og_title":"TV 55' QLED SKYWORTH 4K UHD GOOGLE TV 60HZ - Cyberlogics Technologies Angola","og_description":"A Maior Loja Online de Angola de Licen\u00e7as Microsoft Office | Chaves Sistemas Operativos Windows | Antiv\u00edrus | Cloud Adobe | Inform\u00e1tica & Servidores | Softwares de Gest\u00e3o ERP | Gaming Hardware | UPS e Baterias & Muito Mais...","og_url":"https:\/\/cyberlogics.ao\/index.php\/product\/tv-55-qled-skyworth-4k-uhd-google-tv-60hz\/","og_site_name":"Cyberlogics Technologies Angola","og_image":[{"width":400,"height":400,"url":"http:\/\/cyberlogics.ao\/wp-content\/uploads\/2025\/12\/tv-55-qled-skyworth-4k-uhd-google-tv-60hz.png","type":"image\/png"}],"twitter_card":"summary_large_image","twitter_misc":{"Tempo estimado de leitura":"1 minuto"},"schema":{"@context":"https:\/\/schema.org","@graph":[{"@type":"WebPage","@id":"https:\/\/cyberlogics.ao\/index.php\/product\/tv-55-qled-skyworth-4k-uhd-google-tv-60hz\/","url":"https:\/\/cyberlogics.ao\/index.php\/product\/tv-55-qled-skyworth-4k-uhd-google-tv-60hz\/","name":"TV 55' QLED SKYWORTH 4K UHD GOOGLE TV 60HZ - Cyberlogics Technologies Angola","isPartOf":{"@id":"https:\/\/cyberlogics.ao\/#website"},"primaryImageOfPage":{"@id":"https:\/\/cyberlogics.ao\/index.php\/product\/tv-55-qled-skyworth-4k-uhd-google-tv-60hz\/#primaryimage"},"image":{"@id":"https:\/\/cyberlogics.ao\/index.php\/product\/tv-55-qled-skyworth-4k-uhd-google-tv-60hz\/#primaryimage"},"thumbnailUrl":"https:\/\/cyberlogics.ao\/wp-content\/uploads\/2025\/12\/tv-55-qled-skyworth-4k-uhd-google-tv-60hz.png","datePublished":"2025-12-11T14:13:02+00:00","description":"A Maior Loja Online de Angola de Licen\u00e7as Microsoft Office | Chaves Sistemas Operativos Windows | Antiv\u00edrus | Cloud Adobe | Inform\u00e1tica & Servidores | Softwares de Gest\u00e3o ERP | Gaming Hardware | UPS e Baterias & Muito Mais...","breadcrumb":{"@id":"https:\/\/cyberlogics.ao\/index.php\/product\/tv-55-qled-skyworth-4k-uhd-google-tv-60hz\/#breadcrumb"},"inLanguage":"pt-PT","potentialAction":[{"@type":"ReadAction","target":["https:\/\/cyberlogics.ao\/index.php\/product\/tv-55-qled-skyworth-4k-uhd-google-tv-60hz\/"]}]},{"@type":"ImageObject","inLanguage":"pt-PT","@id":"https:\/\/cyberlogics.ao\/index.php\/product\/tv-55-qled-skyworth-4k-uhd-google-tv-60hz\/#primaryimage","url":"https:\/\/cyberlogics.ao\/wp-content\/uploads\/2025\/12\/tv-55-qled-skyworth-4k-uhd-google-tv-60hz.png","contentUrl":"https:\/\/cyberlogics.ao\/wp-content\/uploads\/2025\/12\/tv-55-qled-skyworth-4k-uhd-google-tv-60hz.png","width":400,"height":400},{"@type":"BreadcrumbList","@id":"https:\/\/cyberlogics.ao\/index.php\/product\/tv-55-qled-skyworth-4k-uhd-google-tv-60hz\/#breadcrumb","itemListElement":[{"@type":"ListItem","position":1,"name":"In\u00edcio","item":"https:\/\/cyberlogics.ao\/"},{"@type":"ListItem","position":2,"name":"Produtos","item":"https:\/\/cyberlogics.ao\/index.php\/shop-2\/"},{"@type":"ListItem","position":3,"name":"TV 55&#8242; QLED SKYWORTH 4K UHD GOOGLE TV 60HZ"}]},{"@type":"WebSite","@id":"https:\/\/cyberlogics.ao\/#website","url":"https:\/\/cyberlogics.ao\/","name":"Cyberlogics Technologies Angola","description":"Loja Online de Licen\u00e7as de Softwares e Inform\u00e1tica","publisher":{"@id":"https:\/\/cyberlogics.ao\/#organization"},"potentialAction":[{"@type":"SearchAction","target":{"@type":"EntryPoint","urlTemplate":"https:\/\/cyberlogics.ao\/?s={search_term_string}"},"query-input":{"@type":"PropertyValueSpecification","valueRequired":true,"valueName":"search_term_string"}}],"inLanguage":"pt-PT"},{"@type":"Organization","@id":"https:\/\/cyberlogics.ao\/#organization","name":"Cyberlogics Ao Technologies - Loja Online de Licen\u00e7as de Softwares e Inform\u00e1tica","url":"https:\/\/cyberlogics.ao\/","logo":{"@type":"ImageObject","inLanguage":"pt-PT","@id":"https:\/\/cyberlogics.ao\/#\/schema\/logo\/image\/","url":"https:\/\/cyberlogics.ao\/wp-content\/uploads\/2022\/04\/CT-logo.png","contentUrl":"https:\/\/cyberlogics.ao\/wp-content\/uploads\/2022\/04\/CT-logo.png","width":190,"height":75,"caption":"Cyberlogics Ao Technologies - Loja Online de Licen\u00e7as de Softwares e Inform\u00e1tica"},"image":{"@id":"https:\/\/cyberlogics.ao\/#\/schema\/logo\/image\/"}}]}},"_links":{"self":[{"href":"https:\/\/cyberlogics.ao\/index.php\/wp-json\/wp\/v2\/product\/11280","targetHints":{"allow":["GET"]}}],"collection":[{"href":"https:\/\/cyberlogics.ao\/index.php\/wp-json\/wp\/v2\/product"}],"about":[{"href":"https:\/\/cyberlogics.ao\/index.php\/wp-json\/wp\/v2\/types\/product"}],"replies":[{"embeddable":true,"href":"https:\/\/cyberlogics.ao\/index.php\/wp-json\/wp\/v2\/comments?post=11280"}],"wp:featuredmedia":[{"embeddable":true,"href":"https:\/\/cyberlogics.ao\/index.php\/wp-json\/wp\/v2\/media\/11281"}],"wp:attachment":[{"href":"https:\/\/cyberlogics.ao\/index.php\/wp-json\/wp\/v2\/media?parent=11280"}],"wp:term":[{"taxonomy":"product_brand","embeddable":true,"href":"https:\/\/cyberlogics.ao\/index.php\/wp-json\/wp\/v2\/product_brand?post=11280"},{"taxonomy":"product_cat","embeddable":true,"href":"https:\/\/cyberlogics.ao\/index.php\/wp-json\/wp\/v2\/product_cat?post=11280"},{"taxonomy":"product_tag","embeddable":true,"href":"https:\/\/cyberlogics.ao\/index.php\/wp-json\/wp\/v2\/product_tag?post=11280"}],"curies":[{"name":"wp","href":"https:\/\/api.w.org\/{rel}","templated":true}]}}