{"id":11339,"date":"2026-03-01T11:27:52","date_gmt":"2026-03-01T11:27:52","guid":{"rendered":"https:\/\/cyberlogics.ao\/?post_type=product&#038;p=11339"},"modified":"2026-03-01T11:27:52","modified_gmt":"2026-03-01T11:27:52","slug":"sns-only-dell-memory-upgrade-16gb-1rx8-ddr4-udimm-3200mhz-ecc-part-number-ac140401-ean-5397184775042","status":"publish","type":"product","link":"https:\/\/cyberlogics.ao\/index.php\/product\/sns-only-dell-memory-upgrade-16gb-1rx8-ddr4-udimm-3200mhz-ecc-part-number-ac140401-ean-5397184775042\/","title":{"rendered":"SNS only &#8211; Dell Memory Upgrade &#8211; 16GB &#8211; 1Rx8 DDR4 UDIMM 3200MHz ECC Part number: AC140401 EAN: 5397184775042"},"content":{"rendered":"<div id=\"attribute_technicalSpecification\" class=\"attribute-desc-section \">\n<div id=\"description-specification\" class=\"attribute-desc-section__content\">\n<div class=\"tab-content tab-content-description\">\n<div class=\"new-specification\">\n<div class=\"features-group\">\n<div class=\"features-group-title\">Caracter\u00edsticas<\/div>\n<div class=\"features-group-row\">\n<div class=\"single-feature-label\" data-feature-id=\"icecat_automatic_38209_185\">Tipo de mem\u00f3ria armazenada<\/div>\n<div class=\"single-feature-value\">\n<div class=\"features-group-row__value-text\">Unregistered (unbuffered)<\/div>\n<\/div>\n<\/div>\n<div class=\"features-group-row\">\n<div class=\"single-feature-label\" data-feature-id=\"icecat_automatic_16023_185\">Configura\u00e7\u00e3o da mem\u00f3ria (m\u00f3dulos x dimens\u00f5es)<\/div>\n<div class=\"single-feature-value\">\n<div class=\"features-group-row__value-text\">1 x 16 GB<\/div>\n<\/div>\n<\/div>\n<div class=\"features-group-row\">\n<div class=\"single-feature-label\" data-feature-id=\"icecat_automatic_7696_185\">Factor de forma de mem\u00f3ria<\/div>\n<div class=\"single-feature-value\">\n<div class=\"features-group-row__value-text\">288-pin DIMM<\/div>\n<\/div>\n<\/div>\n<div class=\"features-group-row\">\n<div class=\"single-feature-label\" data-feature-id=\"icecat_automatic_1628_185\">ECC<\/div>\n<div class=\"single-feature-value\">\n<div class=\"features-group-row__value-text\">Sim<\/div>\n<\/div>\n<\/div>\n<div class=\"features-group-row\">\n<div class=\"single-feature-label\" data-feature-id=\"icecat_automatic_427_185\">Tipo de mem\u00f3ria interna<\/div>\n<div class=\"single-feature-value\">\n<div class=\"features-group-row__value-text\">DDR4<\/div>\n<\/div>\n<\/div>\n<div class=\"features-group-row\">\n<div class=\"single-feature-label\" data-feature-id=\"icecat_automatic_9163_185\">Componente para<\/div>\n<div class=\"single-feature-value\">\n<div class=\"features-group-row__value-text\">PC\/server<\/div>\n<\/div>\n<\/div>\n<div class=\"features-group-row\">\n<div class=\"single-feature-label\" data-feature-id=\"icecat_automatic_11381_185\">Capacidade da mem\u00f3ria incorporada<\/div>\n<div class=\"single-feature-value\">\n<div class=\"features-group-row__value-text\">16 GB<\/div>\n<\/div>\n<\/div>\n<div class=\"features-group-row\">\n<div class=\"single-feature-label\" data-feature-id=\"icecat_automatic_2900_185\">Velocidade do clock de mem\u00f3ria<\/div>\n<div class=\"single-feature-value\">\n<div class=\"features-group-row__value-text\">3200 MHz<\/div>\n<\/div>\n<\/div>\n<\/div>\n<\/div>\n<\/div>\n<\/div>\n<\/div>\n<div id=\"attribute_productSafety\" class=\"attribute-desc-section \">\n<div class=\"attribute-desc-section__title\">\n<h2>Seguran\u00e7a do produto<\/h2>\n<\/div>\n<div class=\"attribute-desc-section__content\">\n<div class=\"new-specification\">\n<div class=\"features-group\">\n<div class=\"features-group-title\">Dados do fabricante<\/div>\n<div class=\"features-group-row\">\n<div class=\"single-feature-label\">Nome<\/div>\n<div class=\"single-feature-value\">\n<div class=\"features-group-row__value-text\">Dell Technologies<\/div>\n<\/div>\n<\/div>\n<div class=\"features-group-row\">\n<div class=\"single-feature-label\">Endere\u00e7o<\/div>\n<div class=\"single-feature-value\">\n<div class=\"features-group-row__value-text\">One Dell Way, Round Rock, TX 78682, United States<\/div>\n<\/div>\n<\/div>\n<div class=\"features-group-row\">\n<div class=\"single-feature-label\">Site web<\/div>\n<div class=\"single-feature-value\">\n<div class=\"features-group-row__value-text\">https:\/\/www.dell.com\/<\/div>\n<\/div>\n<\/div>\n<div class=\"features-group-row\">\n<div class=\"single-feature-label\">E-mail<\/div>\n<div class=\"single-feature-value\">\n<div class=\"features-group-row__value-text\">info@dell.com<\/div>\n<\/div>\n<\/div>\n<\/div>\n<div class=\"features-group\">\n<div class=\"features-group-title\">Entidade respons\u00e1vel<\/div>\n<div class=\"features-group-row\">\n<div class=\"single-feature-label\">Nome<\/div>\n<div class=\"single-feature-value\">\n<div class=\"features-group-row__value-text\">Dell Technologies Deutschland GmbH<\/div>\n<\/div>\n<\/div>\n<div class=\"features-group-row\">\n<div class=\"single-feature-label\">Endere\u00e7o<\/div>\n<div class=\"single-feature-value\">\n<div class=\"features-group-row__value-text\">Unterschweinstiege 10, 60549 Frankfurt am Main, Germany<\/div>\n<\/div>\n<\/div>\n<div class=\"features-group-row\">\n<div class=\"single-feature-label\">Site web<\/div>\n<div class=\"single-feature-value\">\n<div class=\"features-group-row__value-text\">https:\/\/www.dell.de\/<\/div>\n<\/div>\n<\/div>\n<div class=\"features-group-row\">\n<div class=\"single-feature-label\">E-mail<\/div>\n<div class=\"single-feature-value\">\n<div class=\"features-group-row__value-text\">kontakt@dell.com<\/div>\n<\/div>\n<\/div>\n<\/div>\n<\/div>\n<\/div>\n<\/div>\n","protected":false},"excerpt":{"rendered":"<p>PC\/server 16 GB DDR4<\/p>\n<p>&gt;288-pin DIMM 1 x 16 GB<\/p>\n<p>&gt;ECC<\/p>\n","protected":false},"featured_media":11340,"comment_status":"open","ping_status":"closed","template":"","meta":{"_joinchat":[]},"product_brand":[838],"product_cat":[115,261],"product_tag":[],"class_list":{"0":"post-11339","1":"product","2":"type-product","3":"status-publish","4":"has-post-thumbnail","6":"product_brand-dell","7":"product_cat-servidores","8":"product_cat-servidores-rack","10":"first","11":"instock","12":"shipping-taxable","13":"purchasable","14":"product-type-simple"},"yoast_head":"<!-- This site is optimized with the Yoast SEO plugin v27.3 - https:\/\/yoast.com\/product\/yoast-seo-wordpress\/ -->\n<title>SNS only - Dell Memory Upgrade - 16GB - 1Rx8 DDR4 UDIMM 3200MHz ECC Part number: AC140401 EAN: 5397184775042 - Cyberlogics Technologies Angola<\/title>\n<meta name=\"description\" content=\"A Maior Loja Online de Angola de Licen\u00e7as Microsoft Office | Chaves Sistemas Operativos Windows | Antiv\u00edrus | Cloud Adobe | Inform\u00e1tica &amp; Servidores | Softwares de Gest\u00e3o ERP | Gaming Hardware | UPS e Baterias &amp; Muito Mais...\" \/>\n<meta name=\"robots\" content=\"index, follow, max-snippet:-1, max-image-preview:large, max-video-preview:-1\" \/>\n<link rel=\"canonical\" href=\"https:\/\/cyberlogics.ao\/index.php\/product\/sns-only-dell-memory-upgrade-16gb-1rx8-ddr4-udimm-3200mhz-ecc-part-number-ac140401-ean-5397184775042\/\" \/>\n<meta property=\"og:locale\" content=\"pt_PT\" \/>\n<meta property=\"og:type\" content=\"article\" \/>\n<meta property=\"og:title\" content=\"SNS only - Dell Memory Upgrade - 16GB - 1Rx8 DDR4 UDIMM 3200MHz ECC Part number: AC140401 EAN: 5397184775042 - Cyberlogics Technologies Angola\" \/>\n<meta property=\"og:description\" content=\"A Maior Loja Online de Angola de Licen\u00e7as Microsoft Office | Chaves Sistemas Operativos Windows | Antiv\u00edrus | Cloud Adobe | Inform\u00e1tica &amp; Servidores | Softwares de Gest\u00e3o ERP | Gaming Hardware | UPS e Baterias &amp; Muito Mais...\" \/>\n<meta property=\"og:url\" content=\"https:\/\/cyberlogics.ao\/index.php\/product\/sns-only-dell-memory-upgrade-16gb-1rx8-ddr4-udimm-3200mhz-ecc-part-number-ac140401-ean-5397184775042\/\" \/>\n<meta property=\"og:site_name\" content=\"Cyberlogics Technologies Angola\" \/>\n<meta property=\"og:image\" content=\"http:\/\/cyberlogics.ao\/wp-content\/uploads\/2026\/03\/f6cfccdc639d151a90c2a752c33df3cbea1eccb2_1682622_AC140401_image1.webp\" \/>\n\t<meta property=\"og:image:width\" content=\"523\" \/>\n\t<meta property=\"og:image:height\" content=\"201\" \/>\n\t<meta property=\"og:image:type\" content=\"image\/webp\" \/>\n<meta name=\"twitter:card\" content=\"summary_large_image\" \/>\n<meta name=\"twitter:label1\" content=\"Tempo estimado de leitura\" \/>\n\t<meta name=\"twitter:data1\" content=\"1 minuto\" \/>\n<script type=\"application\/ld+json\" class=\"yoast-schema-graph\">{\"@context\":\"https:\\\/\\\/schema.org\",\"@graph\":[{\"@type\":\"WebPage\",\"@id\":\"https:\\\/\\\/cyberlogics.ao\\\/index.php\\\/product\\\/sns-only-dell-memory-upgrade-16gb-1rx8-ddr4-udimm-3200mhz-ecc-part-number-ac140401-ean-5397184775042\\\/\",\"url\":\"https:\\\/\\\/cyberlogics.ao\\\/index.php\\\/product\\\/sns-only-dell-memory-upgrade-16gb-1rx8-ddr4-udimm-3200mhz-ecc-part-number-ac140401-ean-5397184775042\\\/\",\"name\":\"SNS only - Dell Memory Upgrade - 16GB - 1Rx8 DDR4 UDIMM 3200MHz ECC Part number: AC140401 EAN: 5397184775042 - Cyberlogics Technologies Angola\",\"isPartOf\":{\"@id\":\"https:\\\/\\\/cyberlogics.ao\\\/#website\"},\"primaryImageOfPage\":{\"@id\":\"https:\\\/\\\/cyberlogics.ao\\\/index.php\\\/product\\\/sns-only-dell-memory-upgrade-16gb-1rx8-ddr4-udimm-3200mhz-ecc-part-number-ac140401-ean-5397184775042\\\/#primaryimage\"},\"image\":{\"@id\":\"https:\\\/\\\/cyberlogics.ao\\\/index.php\\\/product\\\/sns-only-dell-memory-upgrade-16gb-1rx8-ddr4-udimm-3200mhz-ecc-part-number-ac140401-ean-5397184775042\\\/#primaryimage\"},\"thumbnailUrl\":\"https:\\\/\\\/cyberlogics.ao\\\/wp-content\\\/uploads\\\/2026\\\/03\\\/f6cfccdc639d151a90c2a752c33df3cbea1eccb2_1682622_AC140401_image1.webp\",\"datePublished\":\"2026-03-01T11:27:52+00:00\",\"description\":\"A Maior Loja Online de Angola de Licen\u00e7as Microsoft Office | Chaves Sistemas Operativos Windows | Antiv\u00edrus | Cloud Adobe | Inform\u00e1tica & Servidores | Softwares de Gest\u00e3o ERP | Gaming Hardware | UPS e Baterias & Muito Mais...\",\"breadcrumb\":{\"@id\":\"https:\\\/\\\/cyberlogics.ao\\\/index.php\\\/product\\\/sns-only-dell-memory-upgrade-16gb-1rx8-ddr4-udimm-3200mhz-ecc-part-number-ac140401-ean-5397184775042\\\/#breadcrumb\"},\"inLanguage\":\"pt-PT\",\"potentialAction\":[{\"@type\":\"ReadAction\",\"target\":[\"https:\\\/\\\/cyberlogics.ao\\\/index.php\\\/product\\\/sns-only-dell-memory-upgrade-16gb-1rx8-ddr4-udimm-3200mhz-ecc-part-number-ac140401-ean-5397184775042\\\/\"]}]},{\"@type\":\"ImageObject\",\"inLanguage\":\"pt-PT\",\"@id\":\"https:\\\/\\\/cyberlogics.ao\\\/index.php\\\/product\\\/sns-only-dell-memory-upgrade-16gb-1rx8-ddr4-udimm-3200mhz-ecc-part-number-ac140401-ean-5397184775042\\\/#primaryimage\",\"url\":\"https:\\\/\\\/cyberlogics.ao\\\/wp-content\\\/uploads\\\/2026\\\/03\\\/f6cfccdc639d151a90c2a752c33df3cbea1eccb2_1682622_AC140401_image1.webp\",\"contentUrl\":\"https:\\\/\\\/cyberlogics.ao\\\/wp-content\\\/uploads\\\/2026\\\/03\\\/f6cfccdc639d151a90c2a752c33df3cbea1eccb2_1682622_AC140401_image1.webp\",\"width\":523,\"height\":201},{\"@type\":\"BreadcrumbList\",\"@id\":\"https:\\\/\\\/cyberlogics.ao\\\/index.php\\\/product\\\/sns-only-dell-memory-upgrade-16gb-1rx8-ddr4-udimm-3200mhz-ecc-part-number-ac140401-ean-5397184775042\\\/#breadcrumb\",\"itemListElement\":[{\"@type\":\"ListItem\",\"position\":1,\"name\":\"In\u00edcio\",\"item\":\"https:\\\/\\\/cyberlogics.ao\\\/\"},{\"@type\":\"ListItem\",\"position\":2,\"name\":\"Produtos\",\"item\":\"https:\\\/\\\/cyberlogics.ao\\\/index.php\\\/shop-2\\\/\"},{\"@type\":\"ListItem\",\"position\":3,\"name\":\"SNS only &#8211; Dell Memory Upgrade &#8211; 16GB &#8211; 1Rx8 DDR4 UDIMM 3200MHz ECC Part number: AC140401 EAN: 5397184775042\"}]},{\"@type\":\"WebSite\",\"@id\":\"https:\\\/\\\/cyberlogics.ao\\\/#website\",\"url\":\"https:\\\/\\\/cyberlogics.ao\\\/\",\"name\":\"Cyberlogics Technologies Angola\",\"description\":\"Loja Online de Licen\u00e7as de Softwares e Inform\u00e1tica\",\"publisher\":{\"@id\":\"https:\\\/\\\/cyberlogics.ao\\\/#organization\"},\"potentialAction\":[{\"@type\":\"SearchAction\",\"target\":{\"@type\":\"EntryPoint\",\"urlTemplate\":\"https:\\\/\\\/cyberlogics.ao\\\/?s={search_term_string}\"},\"query-input\":{\"@type\":\"PropertyValueSpecification\",\"valueRequired\":true,\"valueName\":\"search_term_string\"}}],\"inLanguage\":\"pt-PT\"},{\"@type\":\"Organization\",\"@id\":\"https:\\\/\\\/cyberlogics.ao\\\/#organization\",\"name\":\"Cyberlogics Ao Technologies - Loja Online de Licen\u00e7as de Softwares e Inform\u00e1tica\",\"url\":\"https:\\\/\\\/cyberlogics.ao\\\/\",\"logo\":{\"@type\":\"ImageObject\",\"inLanguage\":\"pt-PT\",\"@id\":\"https:\\\/\\\/cyberlogics.ao\\\/#\\\/schema\\\/logo\\\/image\\\/\",\"url\":\"https:\\\/\\\/cyberlogics.ao\\\/wp-content\\\/uploads\\\/2022\\\/04\\\/CT-logo.png\",\"contentUrl\":\"https:\\\/\\\/cyberlogics.ao\\\/wp-content\\\/uploads\\\/2022\\\/04\\\/CT-logo.png\",\"width\":190,\"height\":75,\"caption\":\"Cyberlogics Ao Technologies - Loja Online de Licen\u00e7as de Softwares e Inform\u00e1tica\"},\"image\":{\"@id\":\"https:\\\/\\\/cyberlogics.ao\\\/#\\\/schema\\\/logo\\\/image\\\/\"}}]}<\/script>\n<!-- \/ Yoast SEO plugin. -->","yoast_head_json":{"title":"SNS only - Dell Memory Upgrade - 16GB - 1Rx8 DDR4 UDIMM 3200MHz ECC Part number: AC140401 EAN: 5397184775042 - Cyberlogics Technologies Angola","description":"A Maior Loja Online de Angola de Licen\u00e7as Microsoft Office | Chaves Sistemas Operativos Windows | Antiv\u00edrus | Cloud Adobe | Inform\u00e1tica & Servidores | Softwares de Gest\u00e3o ERP | Gaming Hardware | UPS e Baterias & Muito Mais...","robots":{"index":"index","follow":"follow","max-snippet":"max-snippet:-1","max-image-preview":"max-image-preview:large","max-video-preview":"max-video-preview:-1"},"canonical":"https:\/\/cyberlogics.ao\/index.php\/product\/sns-only-dell-memory-upgrade-16gb-1rx8-ddr4-udimm-3200mhz-ecc-part-number-ac140401-ean-5397184775042\/","og_locale":"pt_PT","og_type":"article","og_title":"SNS only - Dell Memory Upgrade - 16GB - 1Rx8 DDR4 UDIMM 3200MHz ECC Part number: AC140401 EAN: 5397184775042 - Cyberlogics Technologies Angola","og_description":"A Maior Loja Online de Angola de Licen\u00e7as Microsoft Office | Chaves Sistemas Operativos Windows | Antiv\u00edrus | Cloud Adobe | Inform\u00e1tica & Servidores | Softwares de Gest\u00e3o ERP | Gaming Hardware | UPS e Baterias & Muito Mais...","og_url":"https:\/\/cyberlogics.ao\/index.php\/product\/sns-only-dell-memory-upgrade-16gb-1rx8-ddr4-udimm-3200mhz-ecc-part-number-ac140401-ean-5397184775042\/","og_site_name":"Cyberlogics Technologies Angola","og_image":[{"width":523,"height":201,"url":"http:\/\/cyberlogics.ao\/wp-content\/uploads\/2026\/03\/f6cfccdc639d151a90c2a752c33df3cbea1eccb2_1682622_AC140401_image1.webp","type":"image\/webp"}],"twitter_card":"summary_large_image","twitter_misc":{"Tempo estimado de leitura":"1 minuto"},"schema":{"@context":"https:\/\/schema.org","@graph":[{"@type":"WebPage","@id":"https:\/\/cyberlogics.ao\/index.php\/product\/sns-only-dell-memory-upgrade-16gb-1rx8-ddr4-udimm-3200mhz-ecc-part-number-ac140401-ean-5397184775042\/","url":"https:\/\/cyberlogics.ao\/index.php\/product\/sns-only-dell-memory-upgrade-16gb-1rx8-ddr4-udimm-3200mhz-ecc-part-number-ac140401-ean-5397184775042\/","name":"SNS only - Dell Memory Upgrade - 16GB - 1Rx8 DDR4 UDIMM 3200MHz ECC Part number: AC140401 EAN: 5397184775042 - Cyberlogics Technologies Angola","isPartOf":{"@id":"https:\/\/cyberlogics.ao\/#website"},"primaryImageOfPage":{"@id":"https:\/\/cyberlogics.ao\/index.php\/product\/sns-only-dell-memory-upgrade-16gb-1rx8-ddr4-udimm-3200mhz-ecc-part-number-ac140401-ean-5397184775042\/#primaryimage"},"image":{"@id":"https:\/\/cyberlogics.ao\/index.php\/product\/sns-only-dell-memory-upgrade-16gb-1rx8-ddr4-udimm-3200mhz-ecc-part-number-ac140401-ean-5397184775042\/#primaryimage"},"thumbnailUrl":"https:\/\/cyberlogics.ao\/wp-content\/uploads\/2026\/03\/f6cfccdc639d151a90c2a752c33df3cbea1eccb2_1682622_AC140401_image1.webp","datePublished":"2026-03-01T11:27:52+00:00","description":"A Maior Loja Online de Angola de Licen\u00e7as Microsoft Office | Chaves Sistemas Operativos Windows | Antiv\u00edrus | Cloud Adobe | Inform\u00e1tica & Servidores | Softwares de Gest\u00e3o ERP | Gaming Hardware | UPS e Baterias & Muito Mais...","breadcrumb":{"@id":"https:\/\/cyberlogics.ao\/index.php\/product\/sns-only-dell-memory-upgrade-16gb-1rx8-ddr4-udimm-3200mhz-ecc-part-number-ac140401-ean-5397184775042\/#breadcrumb"},"inLanguage":"pt-PT","potentialAction":[{"@type":"ReadAction","target":["https:\/\/cyberlogics.ao\/index.php\/product\/sns-only-dell-memory-upgrade-16gb-1rx8-ddr4-udimm-3200mhz-ecc-part-number-ac140401-ean-5397184775042\/"]}]},{"@type":"ImageObject","inLanguage":"pt-PT","@id":"https:\/\/cyberlogics.ao\/index.php\/product\/sns-only-dell-memory-upgrade-16gb-1rx8-ddr4-udimm-3200mhz-ecc-part-number-ac140401-ean-5397184775042\/#primaryimage","url":"https:\/\/cyberlogics.ao\/wp-content\/uploads\/2026\/03\/f6cfccdc639d151a90c2a752c33df3cbea1eccb2_1682622_AC140401_image1.webp","contentUrl":"https:\/\/cyberlogics.ao\/wp-content\/uploads\/2026\/03\/f6cfccdc639d151a90c2a752c33df3cbea1eccb2_1682622_AC140401_image1.webp","width":523,"height":201},{"@type":"BreadcrumbList","@id":"https:\/\/cyberlogics.ao\/index.php\/product\/sns-only-dell-memory-upgrade-16gb-1rx8-ddr4-udimm-3200mhz-ecc-part-number-ac140401-ean-5397184775042\/#breadcrumb","itemListElement":[{"@type":"ListItem","position":1,"name":"In\u00edcio","item":"https:\/\/cyberlogics.ao\/"},{"@type":"ListItem","position":2,"name":"Produtos","item":"https:\/\/cyberlogics.ao\/index.php\/shop-2\/"},{"@type":"ListItem","position":3,"name":"SNS only &#8211; Dell Memory Upgrade &#8211; 16GB &#8211; 1Rx8 DDR4 UDIMM 3200MHz ECC Part number: AC140401 EAN: 5397184775042"}]},{"@type":"WebSite","@id":"https:\/\/cyberlogics.ao\/#website","url":"https:\/\/cyberlogics.ao\/","name":"Cyberlogics Technologies Angola","description":"Loja Online de Licen\u00e7as de Softwares e Inform\u00e1tica","publisher":{"@id":"https:\/\/cyberlogics.ao\/#organization"},"potentialAction":[{"@type":"SearchAction","target":{"@type":"EntryPoint","urlTemplate":"https:\/\/cyberlogics.ao\/?s={search_term_string}"},"query-input":{"@type":"PropertyValueSpecification","valueRequired":true,"valueName":"search_term_string"}}],"inLanguage":"pt-PT"},{"@type":"Organization","@id":"https:\/\/cyberlogics.ao\/#organization","name":"Cyberlogics Ao Technologies - Loja Online de Licen\u00e7as de Softwares e Inform\u00e1tica","url":"https:\/\/cyberlogics.ao\/","logo":{"@type":"ImageObject","inLanguage":"pt-PT","@id":"https:\/\/cyberlogics.ao\/#\/schema\/logo\/image\/","url":"https:\/\/cyberlogics.ao\/wp-content\/uploads\/2022\/04\/CT-logo.png","contentUrl":"https:\/\/cyberlogics.ao\/wp-content\/uploads\/2022\/04\/CT-logo.png","width":190,"height":75,"caption":"Cyberlogics Ao Technologies - Loja Online de Licen\u00e7as de Softwares e Inform\u00e1tica"},"image":{"@id":"https:\/\/cyberlogics.ao\/#\/schema\/logo\/image\/"}}]}},"_links":{"self":[{"href":"https:\/\/cyberlogics.ao\/index.php\/wp-json\/wp\/v2\/product\/11339","targetHints":{"allow":["GET"]}}],"collection":[{"href":"https:\/\/cyberlogics.ao\/index.php\/wp-json\/wp\/v2\/product"}],"about":[{"href":"https:\/\/cyberlogics.ao\/index.php\/wp-json\/wp\/v2\/types\/product"}],"replies":[{"embeddable":true,"href":"https:\/\/cyberlogics.ao\/index.php\/wp-json\/wp\/v2\/comments?post=11339"}],"wp:featuredmedia":[{"embeddable":true,"href":"https:\/\/cyberlogics.ao\/index.php\/wp-json\/wp\/v2\/media\/11340"}],"wp:attachment":[{"href":"https:\/\/cyberlogics.ao\/index.php\/wp-json\/wp\/v2\/media?parent=11339"}],"wp:term":[{"taxonomy":"product_brand","embeddable":true,"href":"https:\/\/cyberlogics.ao\/index.php\/wp-json\/wp\/v2\/product_brand?post=11339"},{"taxonomy":"product_cat","embeddable":true,"href":"https:\/\/cyberlogics.ao\/index.php\/wp-json\/wp\/v2\/product_cat?post=11339"},{"taxonomy":"product_tag","embeddable":true,"href":"https:\/\/cyberlogics.ao\/index.php\/wp-json\/wp\/v2\/product_tag?post=11339"}],"curies":[{"name":"wp","href":"https:\/\/api.w.org\/{rel}","templated":true}]}}