{"id":11394,"date":"2026-03-03T12:31:47","date_gmt":"2026-03-03T12:31:47","guid":{"rendered":"https:\/\/cyberlogics.ao\/?post_type=product&#038;p=11394"},"modified":"2026-03-03T13:02:01","modified_gmt":"2026-03-03T13:02:01","slug":"dell-451-bbsy-bateria-part-number-451-bbsy-ean","status":"publish","type":"product","link":"https:\/\/cyberlogics.ao\/index.php\/product\/dell-451-bbsy-bateria-part-number-451-bbsy-ean\/","title":{"rendered":"DELL 451-BBSY Bateria Part number: 451-BBSY EAN: &#8211;"},"content":{"rendered":"<div id=\"attribute_technicalSpecification\" class=\"attribute-desc-section \">\n<div id=\"description-specification\" class=\"attribute-desc-section__content\">\n<div class=\"tab-content tab-content-description\">\n<div class=\"new-specification\">\n<div class=\"features-group\">\n<div class=\"features-group-title\">Caracter\u00edsticas<\/div>\n<div class=\"features-group-row\">\n<div class=\"single-feature-label\" data-feature-id=\"icecat_automatic_31_185\">Tipo<\/div>\n<div class=\"single-feature-value\">\n<div class=\"features-group-row__value-text\">Bateria<\/div>\n<\/div>\n<\/div>\n<div class=\"features-group-row\">\n<div class=\"single-feature-label\" data-feature-id=\"icecat_automatic_1766_185\">Cor do produto<\/div>\n<div class=\"single-feature-value\">\n<div class=\"features-group-row__value-text\">Preto<\/div>\n<\/div>\n<\/div>\n<div class=\"features-group-row\">\n<div class=\"single-feature-label\" data-feature-id=\"icecat_automatic_8156_185\">Compatibilidade da marca<\/div>\n<div class=\"single-feature-value\">\n<div class=\"features-group-row__value-text\">DELL<\/div>\n<\/div>\n<\/div>\n<div class=\"features-group-row\">\n<div class=\"single-feature-label\" data-feature-id=\"icecat_automatic_890_185\">Compatibilidade<\/div>\n<div class=\"single-feature-value\">\n<div class=\"features-group-row__value-text\">Latitude E7270 Latitude E7470<\/div>\n<\/div>\n<\/div>\n<\/div>\n<div class=\"features-group\">\n<div class=\"features-group-title\">Bateria<\/div>\n<div class=\"features-group-row\">\n<div class=\"single-feature-label\" data-feature-id=\"icecat_automatic_434_143\">Tecnologia da bateria<\/div>\n<div class=\"single-feature-value\">\n<div class=\"features-group-row__value-text\">I\u00e3o-l\u00edtio<\/div>\n<\/div>\n<\/div>\n<div class=\"features-group-row\">\n<div class=\"single-feature-label\" data-feature-id=\"icecat_automatic_8519_143\">Capacidade de bateria<\/div>\n<div class=\"single-feature-value\">\n<div class=\"features-group-row__value-text\">55 Wh<\/div>\n<\/div>\n<\/div>\n<div class=\"features-group-row\">\n<div class=\"single-feature-label\" data-feature-id=\"icecat_automatic_1226_143\">N\u00famero de c\u00e9lulas de bateria<\/div>\n<div class=\"single-feature-value\">\n<div class=\"features-group-row__value-text\">4<\/div>\n<\/div>\n<\/div>\n<div class=\"features-group-row\">\n<div class=\"single-feature-label\" data-feature-id=\"adr_classification\">Classifica\u00e7\u00e3o ADR<\/div>\n<div class=\"single-feature-value\">\n<div class=\"features-group-row__value-text\">Li-ion &lt; 300 Wh<\/div>\n<\/div>\n<\/div>\n<\/div>\n<div class=\"features-group\">\n<div class=\"features-group-title\">Embalagem<\/div>\n<div class=\"features-group-row\">\n<div class=\"single-feature-label\" data-feature-id=\"icecat_automatic_20228_67\">Quantidade por conjunto<\/div>\n<div class=\"single-feature-value\">\n<div class=\"features-group-row__value-text\">1.0000<\/div>\n<\/div>\n<\/div>\n<\/div>\n<div class=\"features-group\">\n<div class=\"features-group-title\">Dados log\u00edsticos<\/div>\n<div class=\"features-group-row\">\n<div class=\"single-feature-label\" data-feature-id=\"icecat_automatic_23731_198\">C\u00f3digo de Sistema Harmonizado (HS)<\/div>\n<div class=\"single-feature-value\">\n<div class=\"features-group-row__value-text\">84732990<\/div>\n<\/div>\n<\/div>\n<\/div>\n<\/div>\n<\/div>\n<\/div>\n<\/div>\n<div id=\"attribute_productSafety\" class=\"attribute-desc-section \">\n<div class=\"attribute-desc-section__title\">\n<h2>Seguran\u00e7a do produto<\/h2>\n<\/div>\n<div class=\"attribute-desc-section__content\">\n<div class=\"new-specification\">\n<div class=\"features-group\">\n<div class=\"features-group-title\">Dados do fabricante<\/div>\n<div class=\"features-group-row\">\n<div class=\"single-feature-label\">Nome<\/div>\n<div class=\"single-feature-value\">\n<div class=\"features-group-row__value-text\">Dell Technologies<\/div>\n<\/div>\n<\/div>\n<div class=\"features-group-row\">\n<div class=\"single-feature-label\">Endere\u00e7o<\/div>\n<div class=\"single-feature-value\">\n<div class=\"features-group-row__value-text\">One Dell Way, Round Rock, TX 78682, United States<\/div>\n<\/div>\n<\/div>\n<div class=\"features-group-row\">\n<div class=\"single-feature-label\">Site web<\/div>\n<div class=\"single-feature-value\">\n<div class=\"features-group-row__value-text\">https:\/\/www.dell.com\/<\/div>\n<\/div>\n<\/div>\n<div class=\"features-group-row\">\n<div class=\"single-feature-label\">E-mail<\/div>\n<div class=\"single-feature-value\">\n<div class=\"features-group-row__value-text\">info@dell.com<\/div>\n<\/div>\n<\/div>\n<\/div>\n<div class=\"features-group\">\n<div class=\"features-group-title\">Entidade respons\u00e1vel<\/div>\n<div class=\"features-group-row\">\n<div class=\"single-feature-label\">Nome<\/div>\n<div class=\"single-feature-value\">\n<div class=\"features-group-row__value-text\">Dell Technologies Deutschland GmbH<\/div>\n<\/div>\n<\/div>\n<div class=\"features-group-row\">\n<div class=\"single-feature-label\">Endere\u00e7o<\/div>\n<div class=\"single-feature-value\">\n<div class=\"features-group-row__value-text\">Unterschweinstiege 10, 60549 Frankfurt am Main, Germany<\/div>\n<\/div>\n<\/div>\n<div class=\"features-group-row\">\n<div class=\"single-feature-label\">Site web<\/div>\n<div class=\"single-feature-value\">\n<div class=\"features-group-row__value-text\">https:\/\/www.dell.de\/<\/div>\n<\/div>\n<\/div>\n<div class=\"features-group-row\">\n<div class=\"single-feature-label\">E-mail<\/div>\n<div class=\"single-feature-value\">\n<div class=\"features-group-row__value-text\">kontakt@dell.com<\/div>\n<\/div>\n<\/div>\n<\/div>\n<\/div>\n<\/div>\n<\/div>\n","protected":false},"excerpt":{"rendered":"<p>Bateria<\/p>\n<p>&gt;Compatibilidade da marca: DELL Latitude E7270 Latitude E7470<\/p>\n<p>&gt;Preto<\/p>\n<p>&gt;1 unidade(s)<\/p>\n","protected":false},"featured_media":11395,"comment_status":"open","ping_status":"closed","template":"","meta":{"_joinchat":[]},"product_brand":[838],"product_cat":[294,272],"product_tag":[],"class_list":{"0":"post-11394","1":"product","2":"type-product","3":"status-publish","4":"has-post-thumbnail","6":"product_brand-dell","7":"product_cat-baterias","8":"product_cat-energia","10":"first","11":"instock","12":"sale","13":"shipping-taxable","14":"purchasable","15":"product-type-simple"},"yoast_head":"<!-- This site is optimized with the Yoast SEO plugin v27.3 - https:\/\/yoast.com\/product\/yoast-seo-wordpress\/ -->\n<title>DELL 451-BBSY Bateria Part number: 451-BBSY EAN: - Cyberlogics Technologies Angola<\/title>\n<meta name=\"description\" content=\"A Maior Loja Online de Angola de Licen\u00e7as Microsoft Office | Chaves Sistemas Operativos Windows | Antiv\u00edrus | Cloud Adobe | Inform\u00e1tica &amp; Servidores | Softwares de Gest\u00e3o ERP | Gaming Hardware | UPS e Baterias &amp; Muito Mais...\" \/>\n<meta name=\"robots\" content=\"index, follow, max-snippet:-1, max-image-preview:large, max-video-preview:-1\" \/>\n<link rel=\"canonical\" href=\"https:\/\/cyberlogics.ao\/index.php\/product\/dell-451-bbsy-bateria-part-number-451-bbsy-ean\/\" \/>\n<meta property=\"og:locale\" content=\"pt_PT\" \/>\n<meta property=\"og:type\" content=\"article\" \/>\n<meta property=\"og:title\" content=\"DELL 451-BBSY Bateria Part number: 451-BBSY EAN: - Cyberlogics Technologies Angola\" \/>\n<meta property=\"og:description\" content=\"A Maior Loja Online de Angola de Licen\u00e7as Microsoft Office | Chaves Sistemas Operativos Windows | Antiv\u00edrus | Cloud Adobe | Inform\u00e1tica &amp; Servidores | Softwares de Gest\u00e3o ERP | Gaming Hardware | UPS e Baterias &amp; Muito Mais...\" \/>\n<meta property=\"og:url\" content=\"https:\/\/cyberlogics.ao\/index.php\/product\/dell-451-bbsy-bateria-part-number-451-bbsy-ean\/\" \/>\n<meta property=\"og:site_name\" content=\"Cyberlogics Technologies Angola\" \/>\n<meta property=\"article:modified_time\" content=\"2026-03-03T13:02:01+00:00\" \/>\n<meta property=\"og:image\" content=\"http:\/\/cyberlogics.ao\/wp-content\/uploads\/2026\/03\/bacff57361af86f2559330656ac520ed6e04a8e1_1079969_451_BBSY_image1.webp\" \/>\n\t<meta property=\"og:image:width\" content=\"300\" \/>\n\t<meta property=\"og:image:height\" content=\"300\" \/>\n\t<meta property=\"og:image:type\" content=\"image\/webp\" \/>\n<meta name=\"twitter:card\" content=\"summary_large_image\" \/>\n<meta name=\"twitter:label1\" content=\"Tempo estimado de leitura\" \/>\n\t<meta name=\"twitter:data1\" content=\"1 minuto\" \/>\n<script type=\"application\/ld+json\" class=\"yoast-schema-graph\">{\"@context\":\"https:\\\/\\\/schema.org\",\"@graph\":[{\"@type\":\"WebPage\",\"@id\":\"https:\\\/\\\/cyberlogics.ao\\\/index.php\\\/product\\\/dell-451-bbsy-bateria-part-number-451-bbsy-ean\\\/\",\"url\":\"https:\\\/\\\/cyberlogics.ao\\\/index.php\\\/product\\\/dell-451-bbsy-bateria-part-number-451-bbsy-ean\\\/\",\"name\":\"DELL 451-BBSY Bateria Part number: 451-BBSY EAN: - Cyberlogics Technologies Angola\",\"isPartOf\":{\"@id\":\"https:\\\/\\\/cyberlogics.ao\\\/#website\"},\"primaryImageOfPage\":{\"@id\":\"https:\\\/\\\/cyberlogics.ao\\\/index.php\\\/product\\\/dell-451-bbsy-bateria-part-number-451-bbsy-ean\\\/#primaryimage\"},\"image\":{\"@id\":\"https:\\\/\\\/cyberlogics.ao\\\/index.php\\\/product\\\/dell-451-bbsy-bateria-part-number-451-bbsy-ean\\\/#primaryimage\"},\"thumbnailUrl\":\"https:\\\/\\\/cyberlogics.ao\\\/wp-content\\\/uploads\\\/2026\\\/03\\\/bacff57361af86f2559330656ac520ed6e04a8e1_1079969_451_BBSY_image1.webp\",\"datePublished\":\"2026-03-03T12:31:47+00:00\",\"dateModified\":\"2026-03-03T13:02:01+00:00\",\"description\":\"A Maior Loja Online de Angola de Licen\u00e7as Microsoft Office | Chaves Sistemas Operativos Windows | Antiv\u00edrus | Cloud Adobe | Inform\u00e1tica & Servidores | Softwares de Gest\u00e3o ERP | Gaming Hardware | UPS e Baterias & Muito Mais...\",\"breadcrumb\":{\"@id\":\"https:\\\/\\\/cyberlogics.ao\\\/index.php\\\/product\\\/dell-451-bbsy-bateria-part-number-451-bbsy-ean\\\/#breadcrumb\"},\"inLanguage\":\"pt-PT\",\"potentialAction\":[{\"@type\":\"ReadAction\",\"target\":[\"https:\\\/\\\/cyberlogics.ao\\\/index.php\\\/product\\\/dell-451-bbsy-bateria-part-number-451-bbsy-ean\\\/\"]}]},{\"@type\":\"ImageObject\",\"inLanguage\":\"pt-PT\",\"@id\":\"https:\\\/\\\/cyberlogics.ao\\\/index.php\\\/product\\\/dell-451-bbsy-bateria-part-number-451-bbsy-ean\\\/#primaryimage\",\"url\":\"https:\\\/\\\/cyberlogics.ao\\\/wp-content\\\/uploads\\\/2026\\\/03\\\/bacff57361af86f2559330656ac520ed6e04a8e1_1079969_451_BBSY_image1.webp\",\"contentUrl\":\"https:\\\/\\\/cyberlogics.ao\\\/wp-content\\\/uploads\\\/2026\\\/03\\\/bacff57361af86f2559330656ac520ed6e04a8e1_1079969_451_BBSY_image1.webp\",\"width\":300,\"height\":300},{\"@type\":\"BreadcrumbList\",\"@id\":\"https:\\\/\\\/cyberlogics.ao\\\/index.php\\\/product\\\/dell-451-bbsy-bateria-part-number-451-bbsy-ean\\\/#breadcrumb\",\"itemListElement\":[{\"@type\":\"ListItem\",\"position\":1,\"name\":\"In\u00edcio\",\"item\":\"https:\\\/\\\/cyberlogics.ao\\\/\"},{\"@type\":\"ListItem\",\"position\":2,\"name\":\"Produtos\",\"item\":\"https:\\\/\\\/cyberlogics.ao\\\/index.php\\\/shop-2\\\/\"},{\"@type\":\"ListItem\",\"position\":3,\"name\":\"DELL 451-BBSY Bateria Part number: 451-BBSY EAN: &#8211;\"}]},{\"@type\":\"WebSite\",\"@id\":\"https:\\\/\\\/cyberlogics.ao\\\/#website\",\"url\":\"https:\\\/\\\/cyberlogics.ao\\\/\",\"name\":\"Cyberlogics Technologies Angola\",\"description\":\"Loja Online de Licen\u00e7as de Softwares e Inform\u00e1tica\",\"publisher\":{\"@id\":\"https:\\\/\\\/cyberlogics.ao\\\/#organization\"},\"potentialAction\":[{\"@type\":\"SearchAction\",\"target\":{\"@type\":\"EntryPoint\",\"urlTemplate\":\"https:\\\/\\\/cyberlogics.ao\\\/?s={search_term_string}\"},\"query-input\":{\"@type\":\"PropertyValueSpecification\",\"valueRequired\":true,\"valueName\":\"search_term_string\"}}],\"inLanguage\":\"pt-PT\"},{\"@type\":\"Organization\",\"@id\":\"https:\\\/\\\/cyberlogics.ao\\\/#organization\",\"name\":\"Cyberlogics Ao Technologies - Loja Online de Licen\u00e7as de Softwares e Inform\u00e1tica\",\"url\":\"https:\\\/\\\/cyberlogics.ao\\\/\",\"logo\":{\"@type\":\"ImageObject\",\"inLanguage\":\"pt-PT\",\"@id\":\"https:\\\/\\\/cyberlogics.ao\\\/#\\\/schema\\\/logo\\\/image\\\/\",\"url\":\"https:\\\/\\\/cyberlogics.ao\\\/wp-content\\\/uploads\\\/2022\\\/04\\\/CT-logo.png\",\"contentUrl\":\"https:\\\/\\\/cyberlogics.ao\\\/wp-content\\\/uploads\\\/2022\\\/04\\\/CT-logo.png\",\"width\":190,\"height\":75,\"caption\":\"Cyberlogics Ao Technologies - Loja Online de Licen\u00e7as de Softwares e Inform\u00e1tica\"},\"image\":{\"@id\":\"https:\\\/\\\/cyberlogics.ao\\\/#\\\/schema\\\/logo\\\/image\\\/\"}}]}<\/script>\n<!-- \/ Yoast SEO plugin. -->","yoast_head_json":{"title":"DELL 451-BBSY Bateria Part number: 451-BBSY EAN: - Cyberlogics Technologies Angola","description":"A Maior Loja Online de Angola de Licen\u00e7as Microsoft Office | Chaves Sistemas Operativos Windows | Antiv\u00edrus | Cloud Adobe | Inform\u00e1tica & Servidores | Softwares de Gest\u00e3o ERP | Gaming Hardware | UPS e Baterias & Muito Mais...","robots":{"index":"index","follow":"follow","max-snippet":"max-snippet:-1","max-image-preview":"max-image-preview:large","max-video-preview":"max-video-preview:-1"},"canonical":"https:\/\/cyberlogics.ao\/index.php\/product\/dell-451-bbsy-bateria-part-number-451-bbsy-ean\/","og_locale":"pt_PT","og_type":"article","og_title":"DELL 451-BBSY Bateria Part number: 451-BBSY EAN: - Cyberlogics Technologies Angola","og_description":"A Maior Loja Online de Angola de Licen\u00e7as Microsoft Office | Chaves Sistemas Operativos Windows | Antiv\u00edrus | Cloud Adobe | Inform\u00e1tica & Servidores | Softwares de Gest\u00e3o ERP | Gaming Hardware | UPS e Baterias & Muito Mais...","og_url":"https:\/\/cyberlogics.ao\/index.php\/product\/dell-451-bbsy-bateria-part-number-451-bbsy-ean\/","og_site_name":"Cyberlogics Technologies Angola","article_modified_time":"2026-03-03T13:02:01+00:00","og_image":[{"width":300,"height":300,"url":"http:\/\/cyberlogics.ao\/wp-content\/uploads\/2026\/03\/bacff57361af86f2559330656ac520ed6e04a8e1_1079969_451_BBSY_image1.webp","type":"image\/webp"}],"twitter_card":"summary_large_image","twitter_misc":{"Tempo estimado de leitura":"1 minuto"},"schema":{"@context":"https:\/\/schema.org","@graph":[{"@type":"WebPage","@id":"https:\/\/cyberlogics.ao\/index.php\/product\/dell-451-bbsy-bateria-part-number-451-bbsy-ean\/","url":"https:\/\/cyberlogics.ao\/index.php\/product\/dell-451-bbsy-bateria-part-number-451-bbsy-ean\/","name":"DELL 451-BBSY Bateria Part number: 451-BBSY EAN: - Cyberlogics Technologies Angola","isPartOf":{"@id":"https:\/\/cyberlogics.ao\/#website"},"primaryImageOfPage":{"@id":"https:\/\/cyberlogics.ao\/index.php\/product\/dell-451-bbsy-bateria-part-number-451-bbsy-ean\/#primaryimage"},"image":{"@id":"https:\/\/cyberlogics.ao\/index.php\/product\/dell-451-bbsy-bateria-part-number-451-bbsy-ean\/#primaryimage"},"thumbnailUrl":"https:\/\/cyberlogics.ao\/wp-content\/uploads\/2026\/03\/bacff57361af86f2559330656ac520ed6e04a8e1_1079969_451_BBSY_image1.webp","datePublished":"2026-03-03T12:31:47+00:00","dateModified":"2026-03-03T13:02:01+00:00","description":"A Maior Loja Online de Angola de Licen\u00e7as Microsoft Office | Chaves Sistemas Operativos Windows | Antiv\u00edrus | Cloud Adobe | Inform\u00e1tica & Servidores | Softwares de Gest\u00e3o ERP | Gaming Hardware | UPS e Baterias & Muito Mais...","breadcrumb":{"@id":"https:\/\/cyberlogics.ao\/index.php\/product\/dell-451-bbsy-bateria-part-number-451-bbsy-ean\/#breadcrumb"},"inLanguage":"pt-PT","potentialAction":[{"@type":"ReadAction","target":["https:\/\/cyberlogics.ao\/index.php\/product\/dell-451-bbsy-bateria-part-number-451-bbsy-ean\/"]}]},{"@type":"ImageObject","inLanguage":"pt-PT","@id":"https:\/\/cyberlogics.ao\/index.php\/product\/dell-451-bbsy-bateria-part-number-451-bbsy-ean\/#primaryimage","url":"https:\/\/cyberlogics.ao\/wp-content\/uploads\/2026\/03\/bacff57361af86f2559330656ac520ed6e04a8e1_1079969_451_BBSY_image1.webp","contentUrl":"https:\/\/cyberlogics.ao\/wp-content\/uploads\/2026\/03\/bacff57361af86f2559330656ac520ed6e04a8e1_1079969_451_BBSY_image1.webp","width":300,"height":300},{"@type":"BreadcrumbList","@id":"https:\/\/cyberlogics.ao\/index.php\/product\/dell-451-bbsy-bateria-part-number-451-bbsy-ean\/#breadcrumb","itemListElement":[{"@type":"ListItem","position":1,"name":"In\u00edcio","item":"https:\/\/cyberlogics.ao\/"},{"@type":"ListItem","position":2,"name":"Produtos","item":"https:\/\/cyberlogics.ao\/index.php\/shop-2\/"},{"@type":"ListItem","position":3,"name":"DELL 451-BBSY Bateria Part number: 451-BBSY EAN: &#8211;"}]},{"@type":"WebSite","@id":"https:\/\/cyberlogics.ao\/#website","url":"https:\/\/cyberlogics.ao\/","name":"Cyberlogics Technologies Angola","description":"Loja Online de Licen\u00e7as de Softwares e Inform\u00e1tica","publisher":{"@id":"https:\/\/cyberlogics.ao\/#organization"},"potentialAction":[{"@type":"SearchAction","target":{"@type":"EntryPoint","urlTemplate":"https:\/\/cyberlogics.ao\/?s={search_term_string}"},"query-input":{"@type":"PropertyValueSpecification","valueRequired":true,"valueName":"search_term_string"}}],"inLanguage":"pt-PT"},{"@type":"Organization","@id":"https:\/\/cyberlogics.ao\/#organization","name":"Cyberlogics Ao Technologies - Loja Online de Licen\u00e7as de Softwares e Inform\u00e1tica","url":"https:\/\/cyberlogics.ao\/","logo":{"@type":"ImageObject","inLanguage":"pt-PT","@id":"https:\/\/cyberlogics.ao\/#\/schema\/logo\/image\/","url":"https:\/\/cyberlogics.ao\/wp-content\/uploads\/2022\/04\/CT-logo.png","contentUrl":"https:\/\/cyberlogics.ao\/wp-content\/uploads\/2022\/04\/CT-logo.png","width":190,"height":75,"caption":"Cyberlogics Ao Technologies - Loja Online de Licen\u00e7as de Softwares e Inform\u00e1tica"},"image":{"@id":"https:\/\/cyberlogics.ao\/#\/schema\/logo\/image\/"}}]}},"_links":{"self":[{"href":"https:\/\/cyberlogics.ao\/index.php\/wp-json\/wp\/v2\/product\/11394","targetHints":{"allow":["GET"]}}],"collection":[{"href":"https:\/\/cyberlogics.ao\/index.php\/wp-json\/wp\/v2\/product"}],"about":[{"href":"https:\/\/cyberlogics.ao\/index.php\/wp-json\/wp\/v2\/types\/product"}],"replies":[{"embeddable":true,"href":"https:\/\/cyberlogics.ao\/index.php\/wp-json\/wp\/v2\/comments?post=11394"}],"wp:featuredmedia":[{"embeddable":true,"href":"https:\/\/cyberlogics.ao\/index.php\/wp-json\/wp\/v2\/media\/11395"}],"wp:attachment":[{"href":"https:\/\/cyberlogics.ao\/index.php\/wp-json\/wp\/v2\/media?parent=11394"}],"wp:term":[{"taxonomy":"product_brand","embeddable":true,"href":"https:\/\/cyberlogics.ao\/index.php\/wp-json\/wp\/v2\/product_brand?post=11394"},{"taxonomy":"product_cat","embeddable":true,"href":"https:\/\/cyberlogics.ao\/index.php\/wp-json\/wp\/v2\/product_cat?post=11394"},{"taxonomy":"product_tag","embeddable":true,"href":"https:\/\/cyberlogics.ao\/index.php\/wp-json\/wp\/v2\/product_tag?post=11394"}],"curies":[{"name":"wp","href":"https:\/\/api.w.org\/{rel}","templated":true}]}}