{"id":11409,"date":"2026-03-03T14:03:14","date_gmt":"2026-03-03T14:03:14","guid":{"rendered":"https:\/\/cyberlogics.ao\/?post_type=product&#038;p=11409"},"modified":"2026-03-03T14:03:15","modified_gmt":"2026-03-03T14:03:15","slug":"dell-tm7mv-power-adapter-inverter-indoor-130-w-black-part-number-dell-tm7mv-ean-5397184223185","status":"publish","type":"product","link":"https:\/\/cyberlogics.ao\/index.php\/product\/dell-tm7mv-power-adapter-inverter-indoor-130-w-black-part-number-dell-tm7mv-ean-5397184223185\/","title":{"rendered":"DELL TM7MV power adapter\/inverter Indoor 130 W Black Part number: DELL-TM7MV EAN: 5397184223185"},"content":{"rendered":"<div id=\"attribute_technicalSpecification\" class=\"attribute-desc-section \">\n<div id=\"description-specification\" class=\"attribute-desc-section__content\">\n<div class=\"tab-content tab-content-description\">\n<div class=\"new-specification\">\n<div class=\"features-group\">\n<div class=\"features-group-title\">Desempenho<\/div>\n<div class=\"features-group-row\">\n<div class=\"single-feature-label\" data-feature-id=\"icecat_automatic_10496_184\">Conetividade USB<\/div>\n<div class=\"single-feature-value\">\n<div class=\"features-group-row__value-text\">Sim<\/div>\n<\/div>\n<\/div>\n<div class=\"features-group-row\">\n<div class=\"single-feature-label\" data-feature-id=\"icecat_automatic_1742_184\">Tipo de conetor USB<\/div>\n<div class=\"single-feature-value\">\n<div class=\"features-group-row__value-text\">USB Type-C<\/div>\n<\/div>\n<\/div>\n<div class=\"features-group-row\">\n<div class=\"single-feature-label\" data-feature-id=\"icecat_automatic_22240_184\">Vers\u00e3o do pa\u00eds<\/div>\n<div class=\"single-feature-value\">\n<div class=\"features-group-row__value-text\">Europa<\/div>\n<\/div>\n<\/div>\n<\/div>\n<div class=\"features-group\">\n<div class=\"features-group-title\">Caracter\u00edsticas<\/div>\n<div class=\"features-group-row\">\n<div class=\"single-feature-label\" data-feature-id=\"icecat_automatic_514_185\">Tipo de fonte de alimenta\u00e7\u00e3o<\/div>\n<div class=\"single-feature-value\">\n<div class=\"features-group-row__value-text\">Interior<\/div>\n<\/div>\n<\/div>\n<div class=\"features-group-row\">\n<div class=\"single-feature-label\" data-feature-id=\"icecat_automatic_8276_185\">Tipo de alimenta\u00e7\u00e3o de corrente<\/div>\n<div class=\"single-feature-value\">\n<div class=\"features-group-row__value-text\">AC a DC<\/div>\n<\/div>\n<\/div>\n<div class=\"features-group-row\">\n<div class=\"single-feature-label\" data-feature-id=\"icecat_automatic_8156_185\">Compatibilidade da marca<\/div>\n<div class=\"single-feature-value\">\n<div class=\"features-group-row__value-text\">DELL<\/div>\n<\/div>\n<\/div>\n<div class=\"features-group-row\">\n<div class=\"single-feature-label\" data-feature-id=\"icecat_automatic_5932_185\">Pot\u00eancia de sa\u00edda<\/div>\n<div class=\"single-feature-value\">\n<div class=\"features-group-row__value-text\">130.0000<\/div>\n<\/div>\n<\/div>\n<div class=\"features-group-row\">\n<div class=\"single-feature-label\" data-feature-id=\"icecat_automatic_2585_185\">Prop\u00f3sito<\/div>\n<div class=\"single-feature-value\">\n<div class=\"features-group-row__value-text\">Computador port\u00e1til<\/div>\n<\/div>\n<\/div>\n<\/div>\n<div class=\"features-group\">\n<div class=\"features-group-title\">Design<\/div>\n<div class=\"features-group-row\">\n<div class=\"single-feature-label\" data-feature-id=\"icecat_automatic_1766_148\">Cor do produto<\/div>\n<div class=\"single-feature-value\">\n<div class=\"features-group-row__value-text\">Preto<\/div>\n<\/div>\n<\/div>\n<div class=\"features-group-row\">\n<div class=\"single-feature-label\" data-feature-id=\"icecat_automatic_1501_148\">Indicadores LED<\/div>\n<div class=\"single-feature-value\">\n<div class=\"features-group-row__value-text\">Sim<\/div>\n<\/div>\n<\/div>\n<\/div>\n<div class=\"features-group\">\n<div class=\"features-group-title\">Embalagem<\/div>\n<div class=\"features-group-row\">\n<div class=\"single-feature-label\" data-feature-id=\"icecat_automatic_1830_67\">Cabos<\/div>\n<div class=\"single-feature-value\">\n<div class=\"features-group-row__value-text\">AC<\/div>\n<\/div>\n<\/div>\n<div class=\"features-group-row\">\n<div class=\"single-feature-label\" data-feature-id=\"icecat_automatic_20228_67\">Quantidade por conjunto<\/div>\n<div class=\"single-feature-value\">\n<div class=\"features-group-row__value-text\">1.0000<\/div>\n<\/div>\n<\/div>\n<\/div>\n<div class=\"features-group\">\n<div class=\"features-group-title\">Conte\u00fado da embalagem<\/div>\n<div class=\"features-group-row\">\n<div class=\"single-feature-label\" data-feature-id=\"icecat_automatic_1830_116\">Cabos<\/div>\n<div class=\"single-feature-value\">\n<div class=\"features-group-row__value-text\">AC<\/div>\n<\/div>\n<\/div>\n<div class=\"features-group-row\">\n<div class=\"single-feature-label\" data-feature-id=\"icecat_automatic_20228_116\">Quantidade por conjunto<\/div>\n<div class=\"single-feature-value\">\n<div class=\"features-group-row__value-text\">1.0000<\/div>\n<\/div>\n<\/div>\n<\/div>\n<div class=\"features-group\">\n<div class=\"features-group-title\">Pesos e dimens\u00f5es<\/div>\n<div class=\"features-group-row\">\n<div class=\"single-feature-label\" data-feature-id=\"icecat_automatic_1266_14\">Comprimento do cabo<\/div>\n<div class=\"single-feature-value\">\n<div class=\"features-group-row__value-text\">1.0000<\/div>\n<\/div>\n<\/div>\n<\/div>\n<div class=\"features-group\">\n<div class=\"features-group-title\">Dados log\u00edsticos<\/div>\n<div class=\"features-group-row\">\n<div class=\"single-feature-label\" data-feature-id=\"icecat_automatic_23731_198\">C\u00f3digo de Sistema Harmonizado (HS)<\/div>\n<div class=\"single-feature-value\">\n<div class=\"features-group-row__value-text\">85044095<\/div>\n<\/div>\n<\/div>\n<\/div>\n<\/div>\n<\/div>\n<\/div>\n<\/div>\n<div id=\"attribute_productSafety\" class=\"attribute-desc-section \">\n<div class=\"attribute-desc-section__title\">\n<h2>Seguran\u00e7a do produto<\/h2>\n<\/div>\n<div class=\"attribute-desc-section__content\">\n<div class=\"new-specification\">\n<div class=\"features-group\">\n<div class=\"features-group-title\">Dados do fabricante<\/div>\n<div class=\"features-group-row\">\n<div class=\"single-feature-label\">Nome<\/div>\n<div class=\"single-feature-value\">\n<div class=\"features-group-row__value-text\">Dell Technologies<\/div>\n<\/div>\n<\/div>\n<div class=\"features-group-row\">\n<div class=\"single-feature-label\">Endere\u00e7o<\/div>\n<div class=\"single-feature-value\">\n<div class=\"features-group-row__value-text\">One Dell Way, Round Rock, TX 78682, United States<\/div>\n<\/div>\n<\/div>\n<div class=\"features-group-row\">\n<div class=\"single-feature-label\">Site web<\/div>\n<div class=\"single-feature-value\">\n<div class=\"features-group-row__value-text\">https:\/\/www.dell.com\/<\/div>\n<\/div>\n<\/div>\n<div class=\"features-group-row\">\n<div class=\"single-feature-label\">E-mail<\/div>\n<div class=\"single-feature-value\">\n<div class=\"features-group-row__value-text\">info@dell.com<\/div>\n<\/div>\n<\/div>\n<\/div>\n<div class=\"features-group\">\n<div class=\"features-group-title\">Entidade respons\u00e1vel<\/div>\n<div class=\"features-group-row\">\n<div class=\"single-feature-label\">Nome<\/div>\n<div class=\"single-feature-value\">\n<div class=\"features-group-row__value-text\">Dell Technologies Deutschland GmbH<\/div>\n<\/div>\n<\/div>\n<div class=\"features-group-row\">\n<div class=\"single-feature-label\">Endere\u00e7o<\/div>\n<div class=\"single-feature-value\">\n<div class=\"features-group-row__value-text\">Unterschweinstiege 10, 60549 Frankfurt am Main, Germany<\/div>\n<\/div>\n<\/div>\n<div class=\"features-group-row\">\n<div class=\"single-feature-label\">Site web<\/div>\n<div class=\"single-feature-value\">\n<div class=\"features-group-row__value-text\">https:\/\/www.dell.de\/<\/div>\n<\/div>\n<\/div>\n<div class=\"features-group-row\">\n<div class=\"single-feature-label\">E-mail<\/div>\n<div class=\"single-feature-value\">\n<div class=\"features-group-row__value-text\">kontakt@dell.com<\/div>\n<\/div>\n<\/div>\n<\/div>\n<\/div>\n<\/div>\n<\/div>\n","protected":false},"excerpt":{"rendered":"<p>Tipo de fonte de alimenta\u00e7\u00e3o: Interior<\/p>\n<p>&gt;Pot\u00eancia de sa\u00edda: 130 W<\/p>\n<p>&gt;Prop\u00f3sito: Computador port\u00e1til AC a DC<\/p>\n<p>&gt;Compatibilidade da marca: DELL<\/p>\n<p>&gt;1 unidade(s)<\/p>\n<p>&gt;Preto<\/p>\n","protected":false},"featured_media":11410,"comment_status":"open","ping_status":"closed","template":"","meta":{"_joinchat":[]},"product_brand":[838],"product_cat":[390,521,378],"product_tag":[],"class_list":{"0":"post-11409","1":"product","2":"type-product","3":"status-publish","4":"has-post-thumbnail","6":"product_brand-dell","7":"product_cat-adaptadores","8":"product_cat-dell-servers","9":"product_cat-informatica","11":"first","12":"instock","13":"shipping-taxable","14":"purchasable","15":"product-type-simple"},"yoast_head":"<!-- This site is optimized with the Yoast SEO plugin v27.3 - https:\/\/yoast.com\/product\/yoast-seo-wordpress\/ -->\n<title>DELL TM7MV power adapter\/inverter Indoor 130 W Black Part number: DELL-TM7MV EAN: 5397184223185 - Cyberlogics Technologies Angola<\/title>\n<meta name=\"description\" content=\"A Maior Loja Online de Angola de Licen\u00e7as Microsoft Office | Chaves Sistemas Operativos Windows | Antiv\u00edrus | Cloud Adobe | Inform\u00e1tica &amp; Servidores | Softwares de Gest\u00e3o ERP | Gaming Hardware | UPS e Baterias &amp; Muito Mais...\" \/>\n<meta name=\"robots\" content=\"index, follow, max-snippet:-1, max-image-preview:large, max-video-preview:-1\" \/>\n<link rel=\"canonical\" href=\"https:\/\/cyberlogics.ao\/index.php\/product\/dell-tm7mv-power-adapter-inverter-indoor-130-w-black-part-number-dell-tm7mv-ean-5397184223185\/\" \/>\n<meta property=\"og:locale\" content=\"pt_PT\" \/>\n<meta property=\"og:type\" content=\"article\" \/>\n<meta property=\"og:title\" content=\"DELL TM7MV power adapter\/inverter Indoor 130 W Black Part number: DELL-TM7MV EAN: 5397184223185 - Cyberlogics Technologies Angola\" \/>\n<meta property=\"og:description\" content=\"A Maior Loja Online de Angola de Licen\u00e7as Microsoft Office | Chaves Sistemas Operativos Windows | Antiv\u00edrus | Cloud Adobe | Inform\u00e1tica &amp; Servidores | Softwares de Gest\u00e3o ERP | Gaming Hardware | UPS e Baterias &amp; Muito Mais...\" \/>\n<meta property=\"og:url\" content=\"https:\/\/cyberlogics.ao\/index.php\/product\/dell-tm7mv-power-adapter-inverter-indoor-130-w-black-part-number-dell-tm7mv-ean-5397184223185\/\" \/>\n<meta property=\"og:site_name\" content=\"Cyberlogics Technologies Angola\" \/>\n<meta property=\"article:modified_time\" content=\"2026-03-03T14:03:15+00:00\" \/>\n<meta property=\"og:image\" content=\"http:\/\/cyberlogics.ao\/wp-content\/uploads\/2026\/03\/cfb7c67b5a8e227d3056c01231ed36756595581a_1651874_DELL_TM7MV_image1.webp\" \/>\n\t<meta property=\"og:image:width\" content=\"500\" \/>\n\t<meta property=\"og:image:height\" content=\"500\" \/>\n\t<meta property=\"og:image:type\" content=\"image\/webp\" \/>\n<meta name=\"twitter:card\" content=\"summary_large_image\" \/>\n<meta name=\"twitter:label1\" content=\"Tempo estimado de leitura\" \/>\n\t<meta name=\"twitter:data1\" content=\"1 minuto\" \/>\n<script type=\"application\/ld+json\" class=\"yoast-schema-graph\">{\"@context\":\"https:\\\/\\\/schema.org\",\"@graph\":[{\"@type\":\"WebPage\",\"@id\":\"https:\\\/\\\/cyberlogics.ao\\\/index.php\\\/product\\\/dell-tm7mv-power-adapter-inverter-indoor-130-w-black-part-number-dell-tm7mv-ean-5397184223185\\\/\",\"url\":\"https:\\\/\\\/cyberlogics.ao\\\/index.php\\\/product\\\/dell-tm7mv-power-adapter-inverter-indoor-130-w-black-part-number-dell-tm7mv-ean-5397184223185\\\/\",\"name\":\"DELL TM7MV power adapter\\\/inverter Indoor 130 W Black Part number: DELL-TM7MV EAN: 5397184223185 - Cyberlogics Technologies Angola\",\"isPartOf\":{\"@id\":\"https:\\\/\\\/cyberlogics.ao\\\/#website\"},\"primaryImageOfPage\":{\"@id\":\"https:\\\/\\\/cyberlogics.ao\\\/index.php\\\/product\\\/dell-tm7mv-power-adapter-inverter-indoor-130-w-black-part-number-dell-tm7mv-ean-5397184223185\\\/#primaryimage\"},\"image\":{\"@id\":\"https:\\\/\\\/cyberlogics.ao\\\/index.php\\\/product\\\/dell-tm7mv-power-adapter-inverter-indoor-130-w-black-part-number-dell-tm7mv-ean-5397184223185\\\/#primaryimage\"},\"thumbnailUrl\":\"https:\\\/\\\/cyberlogics.ao\\\/wp-content\\\/uploads\\\/2026\\\/03\\\/cfb7c67b5a8e227d3056c01231ed36756595581a_1651874_DELL_TM7MV_image1.webp\",\"datePublished\":\"2026-03-03T14:03:14+00:00\",\"dateModified\":\"2026-03-03T14:03:15+00:00\",\"description\":\"A Maior Loja Online de Angola de Licen\u00e7as Microsoft Office | Chaves Sistemas Operativos Windows | Antiv\u00edrus | Cloud Adobe | Inform\u00e1tica & Servidores | Softwares de Gest\u00e3o ERP | Gaming Hardware | UPS e Baterias & Muito Mais...\",\"breadcrumb\":{\"@id\":\"https:\\\/\\\/cyberlogics.ao\\\/index.php\\\/product\\\/dell-tm7mv-power-adapter-inverter-indoor-130-w-black-part-number-dell-tm7mv-ean-5397184223185\\\/#breadcrumb\"},\"inLanguage\":\"pt-PT\",\"potentialAction\":[{\"@type\":\"ReadAction\",\"target\":[\"https:\\\/\\\/cyberlogics.ao\\\/index.php\\\/product\\\/dell-tm7mv-power-adapter-inverter-indoor-130-w-black-part-number-dell-tm7mv-ean-5397184223185\\\/\"]}]},{\"@type\":\"ImageObject\",\"inLanguage\":\"pt-PT\",\"@id\":\"https:\\\/\\\/cyberlogics.ao\\\/index.php\\\/product\\\/dell-tm7mv-power-adapter-inverter-indoor-130-w-black-part-number-dell-tm7mv-ean-5397184223185\\\/#primaryimage\",\"url\":\"https:\\\/\\\/cyberlogics.ao\\\/wp-content\\\/uploads\\\/2026\\\/03\\\/cfb7c67b5a8e227d3056c01231ed36756595581a_1651874_DELL_TM7MV_image1.webp\",\"contentUrl\":\"https:\\\/\\\/cyberlogics.ao\\\/wp-content\\\/uploads\\\/2026\\\/03\\\/cfb7c67b5a8e227d3056c01231ed36756595581a_1651874_DELL_TM7MV_image1.webp\",\"width\":500,\"height\":500},{\"@type\":\"BreadcrumbList\",\"@id\":\"https:\\\/\\\/cyberlogics.ao\\\/index.php\\\/product\\\/dell-tm7mv-power-adapter-inverter-indoor-130-w-black-part-number-dell-tm7mv-ean-5397184223185\\\/#breadcrumb\",\"itemListElement\":[{\"@type\":\"ListItem\",\"position\":1,\"name\":\"In\u00edcio\",\"item\":\"https:\\\/\\\/cyberlogics.ao\\\/\"},{\"@type\":\"ListItem\",\"position\":2,\"name\":\"Produtos\",\"item\":\"https:\\\/\\\/cyberlogics.ao\\\/index.php\\\/shop-2\\\/\"},{\"@type\":\"ListItem\",\"position\":3,\"name\":\"DELL TM7MV power adapter\\\/inverter Indoor 130 W Black Part number: DELL-TM7MV EAN: 5397184223185\"}]},{\"@type\":\"WebSite\",\"@id\":\"https:\\\/\\\/cyberlogics.ao\\\/#website\",\"url\":\"https:\\\/\\\/cyberlogics.ao\\\/\",\"name\":\"Cyberlogics Technologies Angola\",\"description\":\"Loja Online de Licen\u00e7as de Softwares e Inform\u00e1tica\",\"publisher\":{\"@id\":\"https:\\\/\\\/cyberlogics.ao\\\/#organization\"},\"potentialAction\":[{\"@type\":\"SearchAction\",\"target\":{\"@type\":\"EntryPoint\",\"urlTemplate\":\"https:\\\/\\\/cyberlogics.ao\\\/?s={search_term_string}\"},\"query-input\":{\"@type\":\"PropertyValueSpecification\",\"valueRequired\":true,\"valueName\":\"search_term_string\"}}],\"inLanguage\":\"pt-PT\"},{\"@type\":\"Organization\",\"@id\":\"https:\\\/\\\/cyberlogics.ao\\\/#organization\",\"name\":\"Cyberlogics Ao Technologies - Loja Online de Licen\u00e7as de Softwares e Inform\u00e1tica\",\"url\":\"https:\\\/\\\/cyberlogics.ao\\\/\",\"logo\":{\"@type\":\"ImageObject\",\"inLanguage\":\"pt-PT\",\"@id\":\"https:\\\/\\\/cyberlogics.ao\\\/#\\\/schema\\\/logo\\\/image\\\/\",\"url\":\"https:\\\/\\\/cyberlogics.ao\\\/wp-content\\\/uploads\\\/2022\\\/04\\\/CT-logo.png\",\"contentUrl\":\"https:\\\/\\\/cyberlogics.ao\\\/wp-content\\\/uploads\\\/2022\\\/04\\\/CT-logo.png\",\"width\":190,\"height\":75,\"caption\":\"Cyberlogics Ao Technologies - Loja Online de Licen\u00e7as de Softwares e Inform\u00e1tica\"},\"image\":{\"@id\":\"https:\\\/\\\/cyberlogics.ao\\\/#\\\/schema\\\/logo\\\/image\\\/\"}}]}<\/script>\n<!-- \/ Yoast SEO plugin. -->","yoast_head_json":{"title":"DELL TM7MV power adapter\/inverter Indoor 130 W Black Part number: DELL-TM7MV EAN: 5397184223185 - Cyberlogics Technologies Angola","description":"A Maior Loja Online de Angola de Licen\u00e7as Microsoft Office | Chaves Sistemas Operativos Windows | Antiv\u00edrus | Cloud Adobe | Inform\u00e1tica & Servidores | Softwares de Gest\u00e3o ERP | Gaming Hardware | UPS e Baterias & Muito Mais...","robots":{"index":"index","follow":"follow","max-snippet":"max-snippet:-1","max-image-preview":"max-image-preview:large","max-video-preview":"max-video-preview:-1"},"canonical":"https:\/\/cyberlogics.ao\/index.php\/product\/dell-tm7mv-power-adapter-inverter-indoor-130-w-black-part-number-dell-tm7mv-ean-5397184223185\/","og_locale":"pt_PT","og_type":"article","og_title":"DELL TM7MV power adapter\/inverter Indoor 130 W Black Part number: DELL-TM7MV EAN: 5397184223185 - Cyberlogics Technologies Angola","og_description":"A Maior Loja Online de Angola de Licen\u00e7as Microsoft Office | Chaves Sistemas Operativos Windows | Antiv\u00edrus | Cloud Adobe | Inform\u00e1tica & Servidores | Softwares de Gest\u00e3o ERP | Gaming Hardware | UPS e Baterias & Muito Mais...","og_url":"https:\/\/cyberlogics.ao\/index.php\/product\/dell-tm7mv-power-adapter-inverter-indoor-130-w-black-part-number-dell-tm7mv-ean-5397184223185\/","og_site_name":"Cyberlogics Technologies Angola","article_modified_time":"2026-03-03T14:03:15+00:00","og_image":[{"width":500,"height":500,"url":"http:\/\/cyberlogics.ao\/wp-content\/uploads\/2026\/03\/cfb7c67b5a8e227d3056c01231ed36756595581a_1651874_DELL_TM7MV_image1.webp","type":"image\/webp"}],"twitter_card":"summary_large_image","twitter_misc":{"Tempo estimado de leitura":"1 minuto"},"schema":{"@context":"https:\/\/schema.org","@graph":[{"@type":"WebPage","@id":"https:\/\/cyberlogics.ao\/index.php\/product\/dell-tm7mv-power-adapter-inverter-indoor-130-w-black-part-number-dell-tm7mv-ean-5397184223185\/","url":"https:\/\/cyberlogics.ao\/index.php\/product\/dell-tm7mv-power-adapter-inverter-indoor-130-w-black-part-number-dell-tm7mv-ean-5397184223185\/","name":"DELL TM7MV power adapter\/inverter Indoor 130 W Black Part number: DELL-TM7MV EAN: 5397184223185 - Cyberlogics Technologies Angola","isPartOf":{"@id":"https:\/\/cyberlogics.ao\/#website"},"primaryImageOfPage":{"@id":"https:\/\/cyberlogics.ao\/index.php\/product\/dell-tm7mv-power-adapter-inverter-indoor-130-w-black-part-number-dell-tm7mv-ean-5397184223185\/#primaryimage"},"image":{"@id":"https:\/\/cyberlogics.ao\/index.php\/product\/dell-tm7mv-power-adapter-inverter-indoor-130-w-black-part-number-dell-tm7mv-ean-5397184223185\/#primaryimage"},"thumbnailUrl":"https:\/\/cyberlogics.ao\/wp-content\/uploads\/2026\/03\/cfb7c67b5a8e227d3056c01231ed36756595581a_1651874_DELL_TM7MV_image1.webp","datePublished":"2026-03-03T14:03:14+00:00","dateModified":"2026-03-03T14:03:15+00:00","description":"A Maior Loja Online de Angola de Licen\u00e7as Microsoft Office | Chaves Sistemas Operativos Windows | Antiv\u00edrus | Cloud Adobe | Inform\u00e1tica & Servidores | Softwares de Gest\u00e3o ERP | Gaming Hardware | UPS e Baterias & Muito Mais...","breadcrumb":{"@id":"https:\/\/cyberlogics.ao\/index.php\/product\/dell-tm7mv-power-adapter-inverter-indoor-130-w-black-part-number-dell-tm7mv-ean-5397184223185\/#breadcrumb"},"inLanguage":"pt-PT","potentialAction":[{"@type":"ReadAction","target":["https:\/\/cyberlogics.ao\/index.php\/product\/dell-tm7mv-power-adapter-inverter-indoor-130-w-black-part-number-dell-tm7mv-ean-5397184223185\/"]}]},{"@type":"ImageObject","inLanguage":"pt-PT","@id":"https:\/\/cyberlogics.ao\/index.php\/product\/dell-tm7mv-power-adapter-inverter-indoor-130-w-black-part-number-dell-tm7mv-ean-5397184223185\/#primaryimage","url":"https:\/\/cyberlogics.ao\/wp-content\/uploads\/2026\/03\/cfb7c67b5a8e227d3056c01231ed36756595581a_1651874_DELL_TM7MV_image1.webp","contentUrl":"https:\/\/cyberlogics.ao\/wp-content\/uploads\/2026\/03\/cfb7c67b5a8e227d3056c01231ed36756595581a_1651874_DELL_TM7MV_image1.webp","width":500,"height":500},{"@type":"BreadcrumbList","@id":"https:\/\/cyberlogics.ao\/index.php\/product\/dell-tm7mv-power-adapter-inverter-indoor-130-w-black-part-number-dell-tm7mv-ean-5397184223185\/#breadcrumb","itemListElement":[{"@type":"ListItem","position":1,"name":"In\u00edcio","item":"https:\/\/cyberlogics.ao\/"},{"@type":"ListItem","position":2,"name":"Produtos","item":"https:\/\/cyberlogics.ao\/index.php\/shop-2\/"},{"@type":"ListItem","position":3,"name":"DELL TM7MV power adapter\/inverter Indoor 130 W Black Part number: DELL-TM7MV EAN: 5397184223185"}]},{"@type":"WebSite","@id":"https:\/\/cyberlogics.ao\/#website","url":"https:\/\/cyberlogics.ao\/","name":"Cyberlogics Technologies Angola","description":"Loja Online de Licen\u00e7as de Softwares e Inform\u00e1tica","publisher":{"@id":"https:\/\/cyberlogics.ao\/#organization"},"potentialAction":[{"@type":"SearchAction","target":{"@type":"EntryPoint","urlTemplate":"https:\/\/cyberlogics.ao\/?s={search_term_string}"},"query-input":{"@type":"PropertyValueSpecification","valueRequired":true,"valueName":"search_term_string"}}],"inLanguage":"pt-PT"},{"@type":"Organization","@id":"https:\/\/cyberlogics.ao\/#organization","name":"Cyberlogics Ao Technologies - Loja Online de Licen\u00e7as de Softwares e Inform\u00e1tica","url":"https:\/\/cyberlogics.ao\/","logo":{"@type":"ImageObject","inLanguage":"pt-PT","@id":"https:\/\/cyberlogics.ao\/#\/schema\/logo\/image\/","url":"https:\/\/cyberlogics.ao\/wp-content\/uploads\/2022\/04\/CT-logo.png","contentUrl":"https:\/\/cyberlogics.ao\/wp-content\/uploads\/2022\/04\/CT-logo.png","width":190,"height":75,"caption":"Cyberlogics Ao Technologies - Loja Online de Licen\u00e7as de Softwares e Inform\u00e1tica"},"image":{"@id":"https:\/\/cyberlogics.ao\/#\/schema\/logo\/image\/"}}]}},"_links":{"self":[{"href":"https:\/\/cyberlogics.ao\/index.php\/wp-json\/wp\/v2\/product\/11409","targetHints":{"allow":["GET"]}}],"collection":[{"href":"https:\/\/cyberlogics.ao\/index.php\/wp-json\/wp\/v2\/product"}],"about":[{"href":"https:\/\/cyberlogics.ao\/index.php\/wp-json\/wp\/v2\/types\/product"}],"replies":[{"embeddable":true,"href":"https:\/\/cyberlogics.ao\/index.php\/wp-json\/wp\/v2\/comments?post=11409"}],"wp:featuredmedia":[{"embeddable":true,"href":"https:\/\/cyberlogics.ao\/index.php\/wp-json\/wp\/v2\/media\/11410"}],"wp:attachment":[{"href":"https:\/\/cyberlogics.ao\/index.php\/wp-json\/wp\/v2\/media?parent=11409"}],"wp:term":[{"taxonomy":"product_brand","embeddable":true,"href":"https:\/\/cyberlogics.ao\/index.php\/wp-json\/wp\/v2\/product_brand?post=11409"},{"taxonomy":"product_cat","embeddable":true,"href":"https:\/\/cyberlogics.ao\/index.php\/wp-json\/wp\/v2\/product_cat?post=11409"},{"taxonomy":"product_tag","embeddable":true,"href":"https:\/\/cyberlogics.ao\/index.php\/wp-json\/wp\/v2\/product_tag?post=11409"}],"curies":[{"name":"wp","href":"https:\/\/api.w.org\/{rel}","templated":true}]}}