{"id":11412,"date":"2026-03-05T17:20:26","date_gmt":"2026-03-05T17:20:26","guid":{"rendered":"https:\/\/cyberlogics.ao\/?post_type=product&#038;p=11412"},"modified":"2026-03-05T17:20:26","modified_gmt":"2026-03-05T17:20:26","slug":"dell-usb-c-mobile-adapter-da310-part-number-dell-da310-ean-5397184513637","status":"publish","type":"product","link":"https:\/\/cyberlogics.ao\/index.php\/product\/dell-usb-c-mobile-adapter-da310-part-number-dell-da310-ean-5397184513637\/","title":{"rendered":"DELL USB-C Mobile Adapter \u2013 DA310 Part number: Dell-DA310 EAN: 5397184513637"},"content":{"rendered":"<div id=\"attribute_technicalSpecification\" class=\"attribute-desc-section \">\n<div id=\"description-specification\" class=\"attribute-desc-section__content\">\n<div class=\"tab-content tab-content-description\">\n<div class=\"new-specification\">\n<div class=\"features-group\">\n<div class=\"features-group-title\">Conectividade<\/div>\n<div class=\"features-group-row\">\n<div class=\"single-feature-label\" data-feature-id=\"icecat_automatic_2377_12\">Interface do host<\/div>\n<div class=\"single-feature-value\">\n<div class=\"features-group-row__value-text\">USB 3.2 Gen 2 (3.1 Gen 2) Type-C<\/div>\n<\/div>\n<\/div>\n<div class=\"features-group-row\">\n<div class=\"single-feature-label\" data-feature-id=\"icecat_automatic_22703_12\">Quantidade de portas USB 3.2 Gen 2 (3.1 Gen 2) Tipo A<\/div>\n<div class=\"single-feature-value\">\n<div class=\"features-group-row__value-text\">2<\/div>\n<\/div>\n<\/div>\n<div class=\"features-group-row\">\n<div class=\"single-feature-label\" data-feature-id=\"icecat_automatic_22704_12\">Quantidade de portas USB 3.2 Gen 2 (3.1 Gen 2) Tipo C<\/div>\n<div class=\"single-feature-value\">\n<div class=\"features-group-row__value-text\">1<\/div>\n<\/div>\n<\/div>\n<div class=\"features-group-row\">\n<div class=\"single-feature-label\" data-feature-id=\"icecat_automatic_1655_12\">Tecnologia de conetividade<\/div>\n<div class=\"single-feature-value\">\n<div class=\"features-group-row__value-text\">Com fios<\/div>\n<\/div>\n<\/div>\n<div class=\"features-group-row\">\n<div class=\"single-feature-label\" data-feature-id=\"icecat_automatic_2323_12\">Quantidade de portas VGA<\/div>\n<div class=\"single-feature-value\">\n<div class=\"features-group-row__value-text\">1<\/div>\n<\/div>\n<\/div>\n<div class=\"features-group-row\">\n<div class=\"single-feature-label\" data-feature-id=\"icecat_automatic_2314_12\">Entrada de microfone<\/div>\n<div class=\"single-feature-value\">\n<div class=\"features-group-row__value-text\">N\u00e3o<\/div>\n<\/div>\n<\/div>\n<div class=\"features-group-row\">\n<div class=\"single-feature-label\" data-feature-id=\"icecat_automatic_3566_12\">Quantidade de portas HDMI<\/div>\n<div class=\"single-feature-value\">\n<div class=\"features-group-row__value-text\">1<\/div>\n<\/div>\n<\/div>\n<div class=\"features-group-row\">\n<div class=\"single-feature-label\" data-feature-id=\"icecat_automatic_5452_12\">Vers\u00e3o HDMI<\/div>\n<div class=\"single-feature-value\">\n<div class=\"features-group-row__value-text\">2.0<\/div>\n<\/div>\n<\/div>\n<div class=\"features-group-row\">\n<div class=\"single-feature-label\" data-feature-id=\"icecat_automatic_11111_12\">Vers\u00e3o DisplayPort<\/div>\n<div class=\"single-feature-value\">\n<div class=\"features-group-row__value-text\">1.4<\/div>\n<\/div>\n<\/div>\n<div class=\"features-group-row\">\n<div class=\"single-feature-label\" data-feature-id=\"icecat_automatic_6611_12\">Quantidade de portas DisplayPort<\/div>\n<div class=\"single-feature-value\">\n<div class=\"features-group-row__value-text\">1<\/div>\n<\/div>\n<\/div>\n<\/div>\n<div class=\"features-group\">\n<div class=\"features-group-title\">Desempenho<\/div>\n<div class=\"features-group-row\">\n<div class=\"single-feature-label\" data-feature-id=\"icecat_automatic_1766_184\">Cor do produto<\/div>\n<div class=\"single-feature-value\">\n<div class=\"features-group-row__value-text\">Prateado<\/div>\n<\/div>\n<\/div>\n<div class=\"features-group-row\">\n<div class=\"single-feature-label\" data-feature-id=\"icecat_automatic_8156_184\">Compatibilidade da marca<\/div>\n<div class=\"single-feature-value\">\n<div class=\"features-group-row__value-text\">Dell<\/div>\n<\/div>\n<\/div>\n<div class=\"features-group-row\">\n<div class=\"single-feature-label\" data-feature-id=\"icecat_automatic_3374_184\">Leitor de cart\u00f5es integrado<\/div>\n<div class=\"single-feature-value\">\n<div class=\"features-group-row__value-text\">N\u00e3o<\/div>\n<\/div>\n<\/div>\n<div class=\"features-group-row\">\n<div class=\"single-feature-label\" data-feature-id=\"icecat_automatic_6153_184\">Resolu\u00e7\u00e3o anal\u00f3gica m\u00e1xima<\/div>\n<div class=\"single-feature-value\">\n<div class=\"features-group-row__value-text\">1920 x 1080<\/div>\n<\/div>\n<\/div>\n<div class=\"features-group-row\">\n<div class=\"single-feature-label\" data-feature-id=\"icecat_automatic_775_184\">Plug and Play<\/div>\n<div class=\"single-feature-value\">\n<div class=\"features-group-row__value-text\">Sim<\/div>\n<\/div>\n<\/div>\n<div class=\"features-group-row\">\n<div class=\"single-feature-label\" data-feature-id=\"icecat_automatic_6154_184\">Resolu\u00e7\u00e3o digital m\u00e1xima<\/div>\n<div class=\"single-feature-value\">\n<div class=\"features-group-row__value-text\">3840 x 2160<\/div>\n<\/div>\n<\/div>\n<div class=\"features-group-row\">\n<div class=\"single-feature-label\" data-feature-id=\"icecat_automatic_890_184\">Compatibilidade<\/div>\n<div class=\"single-feature-value\">\n<div class=\"features-group-row__value-text\">&#8211; Latitude 7420 2-in-1 &#8211; Latitude 5520 &#8211; Latitude 7520 &#8211; Latitude 7320 2-in-1 &#8211; Latitude 5320 2-in-1 &#8211; Latitude 9410 2-in-1 &#8211; Precision 7550 &#8211; Precision 7750 &#8211; Latitude 5420 2-in-1 &#8211; Latitude 3310 &#8211; Precision 3560 &#8211; Latitude 7310 &#8211; Latitude 3310 2-in-1 &#8211; Latitude 9510 &#8211; Latitude 7210 2-in-1 &#8211; Latitude 7410 &#8211; XPS 13 (9310)<\/div>\n<\/div>\n<\/div>\n<\/div>\n<div class=\"features-group\">\n<div class=\"features-group-title\">Rede<\/div>\n<div class=\"features-group-row\">\n<div class=\"single-feature-label\" data-feature-id=\"icecat_automatic_3768_35\">Taxa de transfer\u00eancia de dados Ethernet LAN<\/div>\n<div class=\"single-feature-value\">\n<div class=\"features-group-row__value-text\">10,100,1000 Mbit\/s<\/div>\n<\/div>\n<\/div>\n<div class=\"features-group-row\">\n<div class=\"single-feature-label\" data-feature-id=\"icecat_automatic_1347_35\">Ethernet LAN<\/div>\n<div class=\"single-feature-value\">\n<div class=\"features-group-row__value-text\">Sim<\/div>\n<\/div>\n<\/div>\n<div class=\"features-group-row\">\n<div class=\"single-feature-label\" data-feature-id=\"icecat_automatic_2312_35\">Quantidade de portas Ethernet LAN (RJ-45)<\/div>\n<div class=\"single-feature-value\">\n<div class=\"features-group-row__value-text\">1<\/div>\n<\/div>\n<\/div>\n<div class=\"features-group-row\">\n<div class=\"single-feature-label\" data-feature-id=\"icecat_automatic_2334_35\">Pronto para Wake-on-LAN<\/div>\n<div class=\"single-feature-value\">\n<div class=\"features-group-row__value-text\">Sim<\/div>\n<\/div>\n<\/div>\n<\/div>\n<div class=\"features-group\">\n<div class=\"features-group-title\">Embalagem<\/div>\n<div class=\"features-group-row\">\n<div class=\"single-feature-label\" data-feature-id=\"icecat_automatic_20228_67\">Quantidade por conjunto<\/div>\n<div class=\"single-feature-value\">\n<div class=\"features-group-row__value-text\">1.0000<\/div>\n<\/div>\n<\/div>\n<\/div>\n<div class=\"features-group\">\n<div class=\"features-group-title\">Software<\/div>\n<div class=\"features-group-row\">\n<div class=\"single-feature-label\" data-feature-id=\"icecat_automatic_7986_90\">Sistema operativo Windows compat\u00edvel<\/div>\n<div class=\"single-feature-value\">\n<div class=\"features-group-row__value-text\">Windows 10, Windows 10 Education, Windows 10 Education x64, Windows 10 Enterprise, Windows 10 Enterprise x64, Windows 10 Home, Windows 10 Home x64, Windows 10 IOT Core, Windows 10 IoT Enterprise, Windows 10 Pro, Windows 10 Pro x64, Windows 10 x64<\/div>\n<\/div>\n<\/div>\n<div class=\"features-group-row\">\n<div class=\"single-feature-label\" data-feature-id=\"icecat_automatic_7987_90\">Sistema operativo Mac compat\u00edvel<\/div>\n<div class=\"single-feature-value\">\n<div class=\"features-group-row__value-text\">Sim<\/div>\n<\/div>\n<\/div>\n<div class=\"features-group-row\">\n<div class=\"single-feature-label\" data-feature-id=\"icecat_automatic_7988_90\">Sistema operativo Linux compat\u00edvel<\/div>\n<div class=\"single-feature-value\">\n<div class=\"features-group-row__value-text\">Sim<\/div>\n<\/div>\n<\/div>\n<\/div>\n<div class=\"features-group\">\n<div class=\"features-group-title\">Gest\u00e3o de energia<\/div>\n<div class=\"features-group-row\">\n<div class=\"single-feature-label\" data-feature-id=\"icecat_automatic_1242_27\">Alimenta\u00e7\u00e3o<\/div>\n<div class=\"single-feature-value\">\n<div class=\"features-group-row__value-text\">90.0000<\/div>\n<\/div>\n<\/div>\n<div class=\"features-group-row\">\n<div class=\"single-feature-label\" data-feature-id=\"icecat_automatic_8164_27\">Comprimento de cabo de alimenta\u00e7\u00e3o<\/div>\n<div class=\"single-feature-value\">\n<div class=\"features-group-row__value-text\">0.1200<\/div>\n<\/div>\n<\/div>\n<\/div>\n<div class=\"features-group\">\n<div class=\"features-group-title\">Pesos e dimens\u00f5es<\/div>\n<div class=\"features-group-row\">\n<div class=\"single-feature-label\" data-feature-id=\"icecat_automatic_1650_14\">Profundidade<\/div>\n<div class=\"single-feature-value\">\n<div class=\"features-group-row__value-text\">69.8 mm<\/div>\n<\/div>\n<\/div>\n<div class=\"features-group-row\">\n<div class=\"single-feature-label\" data-feature-id=\"icecat_automatic_1649_14\">Largura<\/div>\n<div class=\"single-feature-value\">\n<div class=\"features-group-row__value-text\">69.8 mm<\/div>\n<\/div>\n<\/div>\n<div class=\"features-group-row\">\n<div class=\"single-feature-label\" data-feature-id=\"icecat_automatic_1464_14\">Altura<\/div>\n<div class=\"single-feature-value\">\n<div class=\"features-group-row__value-text\">24.5 mm<\/div>\n<\/div>\n<\/div>\n<div class=\"features-group-row\">\n<div class=\"single-feature-label\" data-feature-id=\"icecat_automatic_94_14\">Peso<\/div>\n<div class=\"single-feature-value\">\n<div class=\"features-group-row__value-text\">80 g<\/div>\n<\/div>\n<\/div>\n<\/div>\n<div class=\"features-group\">\n<div class=\"features-group-title\">Dados log\u00edsticos<\/div>\n<div class=\"features-group-row\">\n<div class=\"single-feature-label\" data-feature-id=\"icecat_automatic_23731_198\">C\u00f3digo de Sistema Harmonizado (HS)<\/div>\n<div class=\"single-feature-value\">\n<div class=\"features-group-row__value-text\">84733020<\/div>\n<\/div>\n<\/div>\n<\/div>\n<\/div>\n<\/div>\n<\/div>\n<\/div>\n<div id=\"attribute_productSafety\" class=\"attribute-desc-section \">\n<div class=\"attribute-desc-section__title\">\n<h2>Seguran\u00e7a do produto<\/h2>\n<\/div>\n<div class=\"attribute-desc-section__content\">\n<div class=\"new-specification\">\n<div class=\"features-group\">\n<div class=\"features-group-title\">Dados do fabricante<\/div>\n<div class=\"features-group-row\">\n<div class=\"single-feature-label\">Nome<\/div>\n<div class=\"single-feature-value\">\n<div class=\"features-group-row__value-text\">Dell Technologies<\/div>\n<\/div>\n<\/div>\n<div class=\"features-group-row\">\n<div class=\"single-feature-label\">Endere\u00e7o<\/div>\n<div class=\"single-feature-value\">\n<div class=\"features-group-row__value-text\">One Dell Way, Round Rock, TX 78682, United States<\/div>\n<\/div>\n<\/div>\n<div class=\"features-group-row\">\n<div class=\"single-feature-label\">Site web<\/div>\n<div class=\"single-feature-value\">\n<div class=\"features-group-row__value-text\">https:\/\/www.dell.com\/<\/div>\n<\/div>\n<\/div>\n<div class=\"features-group-row\">\n<div class=\"single-feature-label\">E-mail<\/div>\n<div class=\"single-feature-value\">\n<div class=\"features-group-row__value-text\">info@dell.com<\/div>\n<\/div>\n<\/div>\n<\/div>\n<div class=\"features-group\">\n<div class=\"features-group-title\">Entidade respons\u00e1vel<\/div>\n<div class=\"features-group-row\">\n<div class=\"single-feature-label\">Nome<\/div>\n<div class=\"single-feature-value\">\n<div class=\"features-group-row__value-text\">Dell Technologies Deutschland GmbH<\/div>\n<\/div>\n<\/div>\n<div class=\"features-group-row\">\n<div class=\"single-feature-label\">Endere\u00e7o<\/div>\n<div class=\"single-feature-value\">\n<div class=\"features-group-row__value-text\">Unterschweinstiege 10, 60549 Frankfurt am Main, Germany<\/div>\n<\/div>\n<\/div>\n<div class=\"features-group-row\">\n<div class=\"single-feature-label\">Site web<\/div>\n<div class=\"single-feature-value\">\n<div class=\"features-group-row__value-text\">https:\/\/www.dell.de\/<\/div>\n<\/div>\n<\/div>\n<div class=\"features-group-row\">\n<div class=\"single-feature-label\">E-mail<\/div>\n<div class=\"single-feature-value\">\n<div class=\"features-group-row__value-text\">kontakt@dell.com<\/div>\n<\/div>\n<\/div>\n<\/div>\n<\/div>\n<\/div>\n<\/div>\n","protected":false},"excerpt":{"rendered":"<p>Com fios<\/p>\n<p>&gt;Interface do host: USB 3.2 Gen 2 (3.1 Gen 2) Type-C<\/p>\n<p>&gt;Ethernet LAN 10,100,1000 Mbit\/s Pronto para Wake-on-LAN<\/p>\n<p>&gt;Plug and Play<\/p>\n","protected":false},"featured_media":11420,"comment_status":"open","ping_status":"closed","template":"","meta":{"_joinchat":[]},"product_brand":[838],"product_cat":[387,378],"product_tag":[],"class_list":{"0":"post-11412","1":"product","2":"type-product","3":"status-publish","4":"has-post-thumbnail","6":"product_brand-dell","7":"product_cat-acessorios-e-perifericos","8":"product_cat-informatica","10":"first","11":"instock","12":"shipping-taxable","13":"purchasable","14":"product-type-simple"},"yoast_head":"<!-- This site is optimized with the Yoast SEO plugin v27.4 - https:\/\/yoast.com\/product\/yoast-seo-wordpress\/ -->\n<title>DELL USB-C Mobile Adapter \u2013 DA310 Part number: Dell-DA310 EAN: 5397184513637 - Cyberlogics Technologies Angola<\/title>\n<meta name=\"description\" content=\"A Maior Loja Online de Angola de Licen\u00e7as Microsoft Office | Chaves Sistemas Operativos Windows | Antiv\u00edrus | Cloud Adobe | Inform\u00e1tica &amp; Servidores | Softwares de Gest\u00e3o ERP | Gaming Hardware | UPS e Baterias &amp; Muito Mais...\" \/>\n<meta name=\"robots\" content=\"index, follow, max-snippet:-1, max-image-preview:large, max-video-preview:-1\" \/>\n<link rel=\"canonical\" href=\"https:\/\/cyberlogics.ao\/index.php\/product\/dell-usb-c-mobile-adapter-da310-part-number-dell-da310-ean-5397184513637\/\" \/>\n<meta property=\"og:locale\" content=\"pt_PT\" \/>\n<meta property=\"og:type\" content=\"article\" \/>\n<meta property=\"og:title\" content=\"DELL USB-C Mobile Adapter \u2013 DA310 Part number: Dell-DA310 EAN: 5397184513637 - Cyberlogics Technologies Angola\" \/>\n<meta property=\"og:description\" content=\"A Maior Loja Online de Angola de Licen\u00e7as Microsoft Office | Chaves Sistemas Operativos Windows | Antiv\u00edrus | Cloud Adobe | Inform\u00e1tica &amp; Servidores | Softwares de Gest\u00e3o ERP | Gaming Hardware | UPS e Baterias &amp; Muito Mais...\" \/>\n<meta property=\"og:url\" content=\"https:\/\/cyberlogics.ao\/index.php\/product\/dell-usb-c-mobile-adapter-da310-part-number-dell-da310-ean-5397184513637\/\" \/>\n<meta property=\"og:site_name\" content=\"Cyberlogics Technologies Angola\" \/>\n<meta property=\"og:image\" content=\"http:\/\/cyberlogics.ao\/wp-content\/uploads\/2026\/03\/0bcad9c77cd9632a3ea55a62b042fca5e7a2bfe9_1652741_Dell_DA310_image2-1.webp\" \/>\n\t<meta property=\"og:image:width\" content=\"1200\" \/>\n\t<meta property=\"og:image:height\" content=\"1200\" \/>\n\t<meta property=\"og:image:type\" content=\"image\/webp\" \/>\n<meta name=\"twitter:card\" content=\"summary_large_image\" \/>\n<meta name=\"twitter:label1\" content=\"Tempo estimado de leitura\" \/>\n\t<meta name=\"twitter:data1\" content=\"1 minuto\" \/>\n<script type=\"application\/ld+json\" class=\"yoast-schema-graph\">{\"@context\":\"https:\\\/\\\/schema.org\",\"@graph\":[{\"@type\":\"WebPage\",\"@id\":\"https:\\\/\\\/cyberlogics.ao\\\/index.php\\\/product\\\/dell-usb-c-mobile-adapter-da310-part-number-dell-da310-ean-5397184513637\\\/\",\"url\":\"https:\\\/\\\/cyberlogics.ao\\\/index.php\\\/product\\\/dell-usb-c-mobile-adapter-da310-part-number-dell-da310-ean-5397184513637\\\/\",\"name\":\"DELL USB-C Mobile Adapter \u2013 DA310 Part number: Dell-DA310 EAN: 5397184513637 - Cyberlogics Technologies Angola\",\"isPartOf\":{\"@id\":\"https:\\\/\\\/cyberlogics.ao\\\/#website\"},\"primaryImageOfPage\":{\"@id\":\"https:\\\/\\\/cyberlogics.ao\\\/index.php\\\/product\\\/dell-usb-c-mobile-adapter-da310-part-number-dell-da310-ean-5397184513637\\\/#primaryimage\"},\"image\":{\"@id\":\"https:\\\/\\\/cyberlogics.ao\\\/index.php\\\/product\\\/dell-usb-c-mobile-adapter-da310-part-number-dell-da310-ean-5397184513637\\\/#primaryimage\"},\"thumbnailUrl\":\"https:\\\/\\\/cyberlogics.ao\\\/wp-content\\\/uploads\\\/2026\\\/03\\\/0bcad9c77cd9632a3ea55a62b042fca5e7a2bfe9_1652741_Dell_DA310_image2-1.webp\",\"datePublished\":\"2026-03-05T17:20:26+00:00\",\"description\":\"A Maior Loja Online de Angola de Licen\u00e7as Microsoft Office | Chaves Sistemas Operativos Windows | Antiv\u00edrus | Cloud Adobe | Inform\u00e1tica & Servidores | Softwares de Gest\u00e3o ERP | Gaming Hardware | UPS e Baterias & Muito Mais...\",\"breadcrumb\":{\"@id\":\"https:\\\/\\\/cyberlogics.ao\\\/index.php\\\/product\\\/dell-usb-c-mobile-adapter-da310-part-number-dell-da310-ean-5397184513637\\\/#breadcrumb\"},\"inLanguage\":\"pt-PT\",\"potentialAction\":[{\"@type\":\"ReadAction\",\"target\":[\"https:\\\/\\\/cyberlogics.ao\\\/index.php\\\/product\\\/dell-usb-c-mobile-adapter-da310-part-number-dell-da310-ean-5397184513637\\\/\"]}]},{\"@type\":\"ImageObject\",\"inLanguage\":\"pt-PT\",\"@id\":\"https:\\\/\\\/cyberlogics.ao\\\/index.php\\\/product\\\/dell-usb-c-mobile-adapter-da310-part-number-dell-da310-ean-5397184513637\\\/#primaryimage\",\"url\":\"https:\\\/\\\/cyberlogics.ao\\\/wp-content\\\/uploads\\\/2026\\\/03\\\/0bcad9c77cd9632a3ea55a62b042fca5e7a2bfe9_1652741_Dell_DA310_image2-1.webp\",\"contentUrl\":\"https:\\\/\\\/cyberlogics.ao\\\/wp-content\\\/uploads\\\/2026\\\/03\\\/0bcad9c77cd9632a3ea55a62b042fca5e7a2bfe9_1652741_Dell_DA310_image2-1.webp\",\"width\":1200,\"height\":1200},{\"@type\":\"BreadcrumbList\",\"@id\":\"https:\\\/\\\/cyberlogics.ao\\\/index.php\\\/product\\\/dell-usb-c-mobile-adapter-da310-part-number-dell-da310-ean-5397184513637\\\/#breadcrumb\",\"itemListElement\":[{\"@type\":\"ListItem\",\"position\":1,\"name\":\"In\u00edcio\",\"item\":\"https:\\\/\\\/cyberlogics.ao\\\/\"},{\"@type\":\"ListItem\",\"position\":2,\"name\":\"Produtos\",\"item\":\"https:\\\/\\\/cyberlogics.ao\\\/index.php\\\/shop-2\\\/\"},{\"@type\":\"ListItem\",\"position\":3,\"name\":\"DELL USB-C Mobile Adapter \u2013 DA310 Part number: Dell-DA310 EAN: 5397184513637\"}]},{\"@type\":\"WebSite\",\"@id\":\"https:\\\/\\\/cyberlogics.ao\\\/#website\",\"url\":\"https:\\\/\\\/cyberlogics.ao\\\/\",\"name\":\"Cyberlogics Technologies Angola\",\"description\":\"Loja Online de Licen\u00e7as de Softwares e Inform\u00e1tica\",\"publisher\":{\"@id\":\"https:\\\/\\\/cyberlogics.ao\\\/#organization\"},\"potentialAction\":[{\"@type\":\"SearchAction\",\"target\":{\"@type\":\"EntryPoint\",\"urlTemplate\":\"https:\\\/\\\/cyberlogics.ao\\\/?s={search_term_string}\"},\"query-input\":{\"@type\":\"PropertyValueSpecification\",\"valueRequired\":true,\"valueName\":\"search_term_string\"}}],\"inLanguage\":\"pt-PT\"},{\"@type\":\"Organization\",\"@id\":\"https:\\\/\\\/cyberlogics.ao\\\/#organization\",\"name\":\"Cyberlogics Ao Technologies - Loja Online de Licen\u00e7as de Softwares e Inform\u00e1tica\",\"url\":\"https:\\\/\\\/cyberlogics.ao\\\/\",\"logo\":{\"@type\":\"ImageObject\",\"inLanguage\":\"pt-PT\",\"@id\":\"https:\\\/\\\/cyberlogics.ao\\\/#\\\/schema\\\/logo\\\/image\\\/\",\"url\":\"https:\\\/\\\/cyberlogics.ao\\\/wp-content\\\/uploads\\\/2022\\\/04\\\/CT-logo.png\",\"contentUrl\":\"https:\\\/\\\/cyberlogics.ao\\\/wp-content\\\/uploads\\\/2022\\\/04\\\/CT-logo.png\",\"width\":190,\"height\":75,\"caption\":\"Cyberlogics Ao Technologies - Loja Online de Licen\u00e7as de Softwares e Inform\u00e1tica\"},\"image\":{\"@id\":\"https:\\\/\\\/cyberlogics.ao\\\/#\\\/schema\\\/logo\\\/image\\\/\"}}]}<\/script>\n<!-- \/ Yoast SEO plugin. -->","yoast_head_json":{"title":"DELL USB-C Mobile Adapter \u2013 DA310 Part number: Dell-DA310 EAN: 5397184513637 - Cyberlogics Technologies Angola","description":"A Maior Loja Online de Angola de Licen\u00e7as Microsoft Office | Chaves Sistemas Operativos Windows | Antiv\u00edrus | Cloud Adobe | Inform\u00e1tica & Servidores | Softwares de Gest\u00e3o ERP | Gaming Hardware | UPS e Baterias & Muito Mais...","robots":{"index":"index","follow":"follow","max-snippet":"max-snippet:-1","max-image-preview":"max-image-preview:large","max-video-preview":"max-video-preview:-1"},"canonical":"https:\/\/cyberlogics.ao\/index.php\/product\/dell-usb-c-mobile-adapter-da310-part-number-dell-da310-ean-5397184513637\/","og_locale":"pt_PT","og_type":"article","og_title":"DELL USB-C Mobile Adapter \u2013 DA310 Part number: Dell-DA310 EAN: 5397184513637 - Cyberlogics Technologies Angola","og_description":"A Maior Loja Online de Angola de Licen\u00e7as Microsoft Office | Chaves Sistemas Operativos Windows | Antiv\u00edrus | Cloud Adobe | Inform\u00e1tica & Servidores | Softwares de Gest\u00e3o ERP | Gaming Hardware | UPS e Baterias & Muito Mais...","og_url":"https:\/\/cyberlogics.ao\/index.php\/product\/dell-usb-c-mobile-adapter-da310-part-number-dell-da310-ean-5397184513637\/","og_site_name":"Cyberlogics Technologies Angola","og_image":[{"width":1200,"height":1200,"url":"http:\/\/cyberlogics.ao\/wp-content\/uploads\/2026\/03\/0bcad9c77cd9632a3ea55a62b042fca5e7a2bfe9_1652741_Dell_DA310_image2-1.webp","type":"image\/webp"}],"twitter_card":"summary_large_image","twitter_misc":{"Tempo estimado de leitura":"1 minuto"},"schema":{"@context":"https:\/\/schema.org","@graph":[{"@type":"WebPage","@id":"https:\/\/cyberlogics.ao\/index.php\/product\/dell-usb-c-mobile-adapter-da310-part-number-dell-da310-ean-5397184513637\/","url":"https:\/\/cyberlogics.ao\/index.php\/product\/dell-usb-c-mobile-adapter-da310-part-number-dell-da310-ean-5397184513637\/","name":"DELL USB-C Mobile Adapter \u2013 DA310 Part number: Dell-DA310 EAN: 5397184513637 - Cyberlogics Technologies Angola","isPartOf":{"@id":"https:\/\/cyberlogics.ao\/#website"},"primaryImageOfPage":{"@id":"https:\/\/cyberlogics.ao\/index.php\/product\/dell-usb-c-mobile-adapter-da310-part-number-dell-da310-ean-5397184513637\/#primaryimage"},"image":{"@id":"https:\/\/cyberlogics.ao\/index.php\/product\/dell-usb-c-mobile-adapter-da310-part-number-dell-da310-ean-5397184513637\/#primaryimage"},"thumbnailUrl":"https:\/\/cyberlogics.ao\/wp-content\/uploads\/2026\/03\/0bcad9c77cd9632a3ea55a62b042fca5e7a2bfe9_1652741_Dell_DA310_image2-1.webp","datePublished":"2026-03-05T17:20:26+00:00","description":"A Maior Loja Online de Angola de Licen\u00e7as Microsoft Office | Chaves Sistemas Operativos Windows | Antiv\u00edrus | Cloud Adobe | Inform\u00e1tica & Servidores | Softwares de Gest\u00e3o ERP | Gaming Hardware | UPS e Baterias & Muito Mais...","breadcrumb":{"@id":"https:\/\/cyberlogics.ao\/index.php\/product\/dell-usb-c-mobile-adapter-da310-part-number-dell-da310-ean-5397184513637\/#breadcrumb"},"inLanguage":"pt-PT","potentialAction":[{"@type":"ReadAction","target":["https:\/\/cyberlogics.ao\/index.php\/product\/dell-usb-c-mobile-adapter-da310-part-number-dell-da310-ean-5397184513637\/"]}]},{"@type":"ImageObject","inLanguage":"pt-PT","@id":"https:\/\/cyberlogics.ao\/index.php\/product\/dell-usb-c-mobile-adapter-da310-part-number-dell-da310-ean-5397184513637\/#primaryimage","url":"https:\/\/cyberlogics.ao\/wp-content\/uploads\/2026\/03\/0bcad9c77cd9632a3ea55a62b042fca5e7a2bfe9_1652741_Dell_DA310_image2-1.webp","contentUrl":"https:\/\/cyberlogics.ao\/wp-content\/uploads\/2026\/03\/0bcad9c77cd9632a3ea55a62b042fca5e7a2bfe9_1652741_Dell_DA310_image2-1.webp","width":1200,"height":1200},{"@type":"BreadcrumbList","@id":"https:\/\/cyberlogics.ao\/index.php\/product\/dell-usb-c-mobile-adapter-da310-part-number-dell-da310-ean-5397184513637\/#breadcrumb","itemListElement":[{"@type":"ListItem","position":1,"name":"In\u00edcio","item":"https:\/\/cyberlogics.ao\/"},{"@type":"ListItem","position":2,"name":"Produtos","item":"https:\/\/cyberlogics.ao\/index.php\/shop-2\/"},{"@type":"ListItem","position":3,"name":"DELL USB-C Mobile Adapter \u2013 DA310 Part number: Dell-DA310 EAN: 5397184513637"}]},{"@type":"WebSite","@id":"https:\/\/cyberlogics.ao\/#website","url":"https:\/\/cyberlogics.ao\/","name":"Cyberlogics Technologies Angola","description":"Loja Online de Licen\u00e7as de Softwares e Inform\u00e1tica","publisher":{"@id":"https:\/\/cyberlogics.ao\/#organization"},"potentialAction":[{"@type":"SearchAction","target":{"@type":"EntryPoint","urlTemplate":"https:\/\/cyberlogics.ao\/?s={search_term_string}"},"query-input":{"@type":"PropertyValueSpecification","valueRequired":true,"valueName":"search_term_string"}}],"inLanguage":"pt-PT"},{"@type":"Organization","@id":"https:\/\/cyberlogics.ao\/#organization","name":"Cyberlogics Ao Technologies - Loja Online de Licen\u00e7as de Softwares e Inform\u00e1tica","url":"https:\/\/cyberlogics.ao\/","logo":{"@type":"ImageObject","inLanguage":"pt-PT","@id":"https:\/\/cyberlogics.ao\/#\/schema\/logo\/image\/","url":"https:\/\/cyberlogics.ao\/wp-content\/uploads\/2022\/04\/CT-logo.png","contentUrl":"https:\/\/cyberlogics.ao\/wp-content\/uploads\/2022\/04\/CT-logo.png","width":190,"height":75,"caption":"Cyberlogics Ao Technologies - Loja Online de Licen\u00e7as de Softwares e Inform\u00e1tica"},"image":{"@id":"https:\/\/cyberlogics.ao\/#\/schema\/logo\/image\/"}}]}},"_links":{"self":[{"href":"https:\/\/cyberlogics.ao\/index.php\/wp-json\/wp\/v2\/product\/11412","targetHints":{"allow":["GET"]}}],"collection":[{"href":"https:\/\/cyberlogics.ao\/index.php\/wp-json\/wp\/v2\/product"}],"about":[{"href":"https:\/\/cyberlogics.ao\/index.php\/wp-json\/wp\/v2\/types\/product"}],"replies":[{"embeddable":true,"href":"https:\/\/cyberlogics.ao\/index.php\/wp-json\/wp\/v2\/comments?post=11412"}],"wp:featuredmedia":[{"embeddable":true,"href":"https:\/\/cyberlogics.ao\/index.php\/wp-json\/wp\/v2\/media\/11420"}],"wp:attachment":[{"href":"https:\/\/cyberlogics.ao\/index.php\/wp-json\/wp\/v2\/media?parent=11412"}],"wp:term":[{"taxonomy":"product_brand","embeddable":true,"href":"https:\/\/cyberlogics.ao\/index.php\/wp-json\/wp\/v2\/product_brand?post=11412"},{"taxonomy":"product_cat","embeddable":true,"href":"https:\/\/cyberlogics.ao\/index.php\/wp-json\/wp\/v2\/product_cat?post=11412"},{"taxonomy":"product_tag","embeddable":true,"href":"https:\/\/cyberlogics.ao\/index.php\/wp-json\/wp\/v2\/product_tag?post=11412"}],"curies":[{"name":"wp","href":"https:\/\/api.w.org\/{rel}","templated":true}]}}