{"id":11454,"date":"2026-03-05T21:18:17","date_gmt":"2026-03-05T21:18:17","guid":{"rendered":"https:\/\/cyberlogics.ao\/?post_type=product&#038;p=11454"},"modified":"2026-03-05T21:18:17","modified_gmt":"2026-03-05T21:18:17","slug":"dell-memory-upgrade-32-gb-2rx8-ddr5-rdimm-5600mt-s-not-compatible-with-4800mt-s-dimms-part-number-ac830717-ean-5397184878842","status":"publish","type":"product","link":"https:\/\/cyberlogics.ao\/index.php\/product\/dell-memory-upgrade-32-gb-2rx8-ddr5-rdimm-5600mt-s-not-compatible-with-4800mt-s-dimms-part-number-ac830717-ean-5397184878842\/","title":{"rendered":"DELL Memory Upgrade &#8211; 32 GB &#8211; 2Rx8 DDR5 RDIMM 5600MT\/s Not Compatible with 4800mT\/s DIMMs Part number: AC830717 EAN: 5397184878842"},"content":{"rendered":"<div class=\"features-group\">\n<div class=\"features-group-title\">Caracter\u00edsticas<\/div>\n<div class=\"features-group-row\">\n<div class=\"single-feature-label\" data-feature-id=\"icecat_automatic_38209_185\">Tipo de mem\u00f3ria armazenada<\/div>\n<div class=\"single-feature-value\">\n<div class=\"features-group-row__value-text\">Registered (buffered)<\/div>\n<\/div>\n<\/div>\n<div class=\"features-group-row\">\n<div class=\"single-feature-label\" data-feature-id=\"icecat_automatic_16023_185\">Configura\u00e7\u00e3o da mem\u00f3ria (m\u00f3dulos x dimens\u00f5es)<\/div>\n<div class=\"single-feature-value\">\n<div class=\"features-group-row__value-text\">1 x 32 GB<\/div>\n<\/div>\n<\/div>\n<div class=\"features-group-row\">\n<div class=\"single-feature-label\" data-feature-id=\"icecat_automatic_7696_185\">Factor de forma de mem\u00f3ria<\/div>\n<div class=\"single-feature-value\">\n<div class=\"features-group-row__value-text\">288-pin DIMM<\/div>\n<\/div>\n<\/div>\n<div class=\"features-group-row\">\n<div class=\"single-feature-label\" data-feature-id=\"icecat_automatic_427_185\">Tipo de mem\u00f3ria interna<\/div>\n<div class=\"single-feature-value\">\n<div class=\"features-group-row__value-text\">DDR5<\/div>\n<\/div>\n<\/div>\n<div class=\"features-group-row\">\n<div class=\"single-feature-label\" data-feature-id=\"icecat_automatic_9163_185\">Componente para<\/div>\n<div class=\"single-feature-value\">\n<div class=\"features-group-row__value-text\">Servidor<\/div>\n<\/div>\n<\/div>\n<div class=\"features-group-row\">\n<div class=\"single-feature-label\" data-feature-id=\"icecat_automatic_11381_185\">Capacidade da mem\u00f3ria incorporada<\/div>\n<div class=\"single-feature-value\">\n<div class=\"features-group-row__value-text\">32 GB<\/div>\n<\/div>\n<\/div>\n<div class=\"features-group-row\">\n<div class=\"single-feature-label\" data-feature-id=\"icecat_automatic_2900_185\">Velocidade do clock de mem\u00f3ria<\/div>\n<div class=\"single-feature-value\">\n<div class=\"features-group-row__value-text\">5600 MHz<\/div>\n<\/div>\n<\/div>\n<div class=\"features-group-row\">\n<div class=\"single-feature-label\" data-feature-id=\"icecat_automatic_2190_185\">Produtos compat\u00edveis<\/div>\n<div class=\"single-feature-value\">\n<div class=\"features-group-row__value-text\">PowerEdge C6620 PowerEdge HS5610 PowerEdge HS5620 PowerEdge MX760C PowerEdge R660 PowerEdge R660XS PowerEdge R760 PowerEdge R760XA PowerEdge R760XD2 PowerEdge R760XS PowerEdge T560 Precision Workstation 7875 Tower Precision Workstation 7875XL Tower<\/div>\n<\/div>\n<\/div>\n<div class=\"features-group-row\">\n<div class=\"single-feature-label\" data-feature-id=\"icecat_automatic_37536_185\">Taxa de transfer\u00eancia de dados de mem\u00f3ria<\/div>\n<div class=\"single-feature-value\">\n<div class=\"features-group-row__value-text\">5600 MT\/s<\/div>\n<\/div>\n<\/div>\n<\/div>\n<div class=\"features-group\">\n<div class=\"features-group-title\">Outras caracter\u00edsticas<\/div>\n<div class=\"features-group-row\">\n<div class=\"single-feature-label\" data-feature-id=\"icecat_automatic_6579_146\">Organiza\u00e7\u00e3o dos chips<\/div>\n<\/div>\n<\/div>\n","protected":false},"excerpt":{"rendered":"<p>DELL AC830717. Componente para: Servidor, Capacidade da mem\u00f3ria incorporada: 32 GB, Configura\u00e7\u00e3o da mem\u00f3ria (m\u00f3dulos x dimens\u00f5es): 1 x 32 GB, Tipo de mem\u00f3ria interna: DDR5, Velocidade do clock de mem\u00f3ria: 5600 MHz, Factor de forma de mem\u00f3ria: 288-pin DIMM<\/p>\n","protected":false},"featured_media":11455,"comment_status":"open","ping_status":"closed","template":"","meta":{"_joinchat":[]},"product_brand":[838],"product_cat":[387,378],"product_tag":[],"class_list":{"0":"post-11454","1":"product","2":"type-product","3":"status-publish","4":"has-post-thumbnail","6":"product_brand-dell","7":"product_cat-acessorios-e-perifericos","8":"product_cat-informatica","10":"first","11":"instock","12":"shipping-taxable","13":"purchasable","14":"product-type-simple"},"yoast_head":"<!-- This site is optimized with the Yoast SEO plugin v27.4 - https:\/\/yoast.com\/product\/yoast-seo-wordpress\/ -->\n<title>DELL Memory Upgrade - 32 GB - 2Rx8 DDR5 RDIMM 5600MT\/s Not Compatible with 4800mT\/s DIMMs Part number: AC830717 EAN: 5397184878842 - Cyberlogics Technologies Angola<\/title>\n<meta name=\"description\" content=\"A Maior Loja Online de Angola de Licen\u00e7as Microsoft Office | Chaves Sistemas Operativos Windows | Antiv\u00edrus | Cloud Adobe | Inform\u00e1tica &amp; Servidores | Softwares de Gest\u00e3o ERP | Gaming Hardware | UPS e Baterias &amp; Muito Mais...\" \/>\n<meta name=\"robots\" content=\"index, follow, max-snippet:-1, max-image-preview:large, max-video-preview:-1\" \/>\n<link rel=\"canonical\" href=\"https:\/\/cyberlogics.ao\/index.php\/product\/dell-memory-upgrade-32-gb-2rx8-ddr5-rdimm-5600mt-s-not-compatible-with-4800mt-s-dimms-part-number-ac830717-ean-5397184878842\/\" \/>\n<meta property=\"og:locale\" content=\"pt_PT\" \/>\n<meta property=\"og:type\" content=\"article\" \/>\n<meta property=\"og:title\" content=\"DELL Memory Upgrade - 32 GB - 2Rx8 DDR5 RDIMM 5600MT\/s Not Compatible with 4800mT\/s DIMMs Part number: AC830717 EAN: 5397184878842 - Cyberlogics Technologies Angola\" \/>\n<meta property=\"og:description\" content=\"A Maior Loja Online de Angola de Licen\u00e7as Microsoft Office | Chaves Sistemas Operativos Windows | Antiv\u00edrus | Cloud Adobe | Inform\u00e1tica &amp; Servidores | Softwares de Gest\u00e3o ERP | Gaming Hardware | UPS e Baterias &amp; Muito Mais...\" \/>\n<meta property=\"og:url\" content=\"https:\/\/cyberlogics.ao\/index.php\/product\/dell-memory-upgrade-32-gb-2rx8-ddr5-rdimm-5600mt-s-not-compatible-with-4800mt-s-dimms-part-number-ac830717-ean-5397184878842\/\" \/>\n<meta property=\"og:site_name\" content=\"Cyberlogics Technologies Angola\" \/>\n<meta property=\"og:image\" content=\"http:\/\/cyberlogics.ao\/wp-content\/uploads\/2026\/03\/be10466f10d46dc214d3faeba9cd2190845fd53f_1763737__thumbnail_image.webp\" \/>\n\t<meta property=\"og:image:width\" content=\"400\" \/>\n\t<meta property=\"og:image:height\" content=\"400\" \/>\n\t<meta property=\"og:image:type\" content=\"image\/webp\" \/>\n<meta name=\"twitter:card\" content=\"summary_large_image\" \/>\n<meta name=\"twitter:label1\" content=\"Tempo estimado de leitura\" \/>\n\t<meta name=\"twitter:data1\" content=\"1 minuto\" \/>\n<script type=\"application\/ld+json\" class=\"yoast-schema-graph\">{\"@context\":\"https:\\\/\\\/schema.org\",\"@graph\":[{\"@type\":\"WebPage\",\"@id\":\"https:\\\/\\\/cyberlogics.ao\\\/index.php\\\/product\\\/dell-memory-upgrade-32-gb-2rx8-ddr5-rdimm-5600mt-s-not-compatible-with-4800mt-s-dimms-part-number-ac830717-ean-5397184878842\\\/\",\"url\":\"https:\\\/\\\/cyberlogics.ao\\\/index.php\\\/product\\\/dell-memory-upgrade-32-gb-2rx8-ddr5-rdimm-5600mt-s-not-compatible-with-4800mt-s-dimms-part-number-ac830717-ean-5397184878842\\\/\",\"name\":\"DELL Memory Upgrade - 32 GB - 2Rx8 DDR5 RDIMM 5600MT\\\/s Not Compatible with 4800mT\\\/s DIMMs Part number: AC830717 EAN: 5397184878842 - Cyberlogics Technologies Angola\",\"isPartOf\":{\"@id\":\"https:\\\/\\\/cyberlogics.ao\\\/#website\"},\"primaryImageOfPage\":{\"@id\":\"https:\\\/\\\/cyberlogics.ao\\\/index.php\\\/product\\\/dell-memory-upgrade-32-gb-2rx8-ddr5-rdimm-5600mt-s-not-compatible-with-4800mt-s-dimms-part-number-ac830717-ean-5397184878842\\\/#primaryimage\"},\"image\":{\"@id\":\"https:\\\/\\\/cyberlogics.ao\\\/index.php\\\/product\\\/dell-memory-upgrade-32-gb-2rx8-ddr5-rdimm-5600mt-s-not-compatible-with-4800mt-s-dimms-part-number-ac830717-ean-5397184878842\\\/#primaryimage\"},\"thumbnailUrl\":\"https:\\\/\\\/cyberlogics.ao\\\/wp-content\\\/uploads\\\/2026\\\/03\\\/be10466f10d46dc214d3faeba9cd2190845fd53f_1763737__thumbnail_image.webp\",\"datePublished\":\"2026-03-05T21:18:17+00:00\",\"description\":\"A Maior Loja Online de Angola de Licen\u00e7as Microsoft Office | Chaves Sistemas Operativos Windows | Antiv\u00edrus | Cloud Adobe | Inform\u00e1tica & Servidores | Softwares de Gest\u00e3o ERP | Gaming Hardware | UPS e Baterias & Muito Mais...\",\"breadcrumb\":{\"@id\":\"https:\\\/\\\/cyberlogics.ao\\\/index.php\\\/product\\\/dell-memory-upgrade-32-gb-2rx8-ddr5-rdimm-5600mt-s-not-compatible-with-4800mt-s-dimms-part-number-ac830717-ean-5397184878842\\\/#breadcrumb\"},\"inLanguage\":\"pt-PT\",\"potentialAction\":[{\"@type\":\"ReadAction\",\"target\":[\"https:\\\/\\\/cyberlogics.ao\\\/index.php\\\/product\\\/dell-memory-upgrade-32-gb-2rx8-ddr5-rdimm-5600mt-s-not-compatible-with-4800mt-s-dimms-part-number-ac830717-ean-5397184878842\\\/\"]}]},{\"@type\":\"ImageObject\",\"inLanguage\":\"pt-PT\",\"@id\":\"https:\\\/\\\/cyberlogics.ao\\\/index.php\\\/product\\\/dell-memory-upgrade-32-gb-2rx8-ddr5-rdimm-5600mt-s-not-compatible-with-4800mt-s-dimms-part-number-ac830717-ean-5397184878842\\\/#primaryimage\",\"url\":\"https:\\\/\\\/cyberlogics.ao\\\/wp-content\\\/uploads\\\/2026\\\/03\\\/be10466f10d46dc214d3faeba9cd2190845fd53f_1763737__thumbnail_image.webp\",\"contentUrl\":\"https:\\\/\\\/cyberlogics.ao\\\/wp-content\\\/uploads\\\/2026\\\/03\\\/be10466f10d46dc214d3faeba9cd2190845fd53f_1763737__thumbnail_image.webp\",\"width\":400,\"height\":400},{\"@type\":\"BreadcrumbList\",\"@id\":\"https:\\\/\\\/cyberlogics.ao\\\/index.php\\\/product\\\/dell-memory-upgrade-32-gb-2rx8-ddr5-rdimm-5600mt-s-not-compatible-with-4800mt-s-dimms-part-number-ac830717-ean-5397184878842\\\/#breadcrumb\",\"itemListElement\":[{\"@type\":\"ListItem\",\"position\":1,\"name\":\"In\u00edcio\",\"item\":\"https:\\\/\\\/cyberlogics.ao\\\/\"},{\"@type\":\"ListItem\",\"position\":2,\"name\":\"Produtos\",\"item\":\"https:\\\/\\\/cyberlogics.ao\\\/index.php\\\/shop-2\\\/\"},{\"@type\":\"ListItem\",\"position\":3,\"name\":\"DELL Memory Upgrade &#8211; 32 GB &#8211; 2Rx8 DDR5 RDIMM 5600MT\\\/s Not Compatible with 4800mT\\\/s DIMMs Part number: AC830717 EAN: 5397184878842\"}]},{\"@type\":\"WebSite\",\"@id\":\"https:\\\/\\\/cyberlogics.ao\\\/#website\",\"url\":\"https:\\\/\\\/cyberlogics.ao\\\/\",\"name\":\"Cyberlogics Technologies Angola\",\"description\":\"Loja Online de Licen\u00e7as de Softwares e Inform\u00e1tica\",\"publisher\":{\"@id\":\"https:\\\/\\\/cyberlogics.ao\\\/#organization\"},\"potentialAction\":[{\"@type\":\"SearchAction\",\"target\":{\"@type\":\"EntryPoint\",\"urlTemplate\":\"https:\\\/\\\/cyberlogics.ao\\\/?s={search_term_string}\"},\"query-input\":{\"@type\":\"PropertyValueSpecification\",\"valueRequired\":true,\"valueName\":\"search_term_string\"}}],\"inLanguage\":\"pt-PT\"},{\"@type\":\"Organization\",\"@id\":\"https:\\\/\\\/cyberlogics.ao\\\/#organization\",\"name\":\"Cyberlogics Ao Technologies - Loja Online de Licen\u00e7as de Softwares e Inform\u00e1tica\",\"url\":\"https:\\\/\\\/cyberlogics.ao\\\/\",\"logo\":{\"@type\":\"ImageObject\",\"inLanguage\":\"pt-PT\",\"@id\":\"https:\\\/\\\/cyberlogics.ao\\\/#\\\/schema\\\/logo\\\/image\\\/\",\"url\":\"https:\\\/\\\/cyberlogics.ao\\\/wp-content\\\/uploads\\\/2022\\\/04\\\/CT-logo.png\",\"contentUrl\":\"https:\\\/\\\/cyberlogics.ao\\\/wp-content\\\/uploads\\\/2022\\\/04\\\/CT-logo.png\",\"width\":190,\"height\":75,\"caption\":\"Cyberlogics Ao Technologies - Loja Online de Licen\u00e7as de Softwares e Inform\u00e1tica\"},\"image\":{\"@id\":\"https:\\\/\\\/cyberlogics.ao\\\/#\\\/schema\\\/logo\\\/image\\\/\"}}]}<\/script>\n<!-- \/ Yoast SEO plugin. -->","yoast_head_json":{"title":"DELL Memory Upgrade - 32 GB - 2Rx8 DDR5 RDIMM 5600MT\/s Not Compatible with 4800mT\/s DIMMs Part number: AC830717 EAN: 5397184878842 - Cyberlogics Technologies Angola","description":"A Maior Loja Online de Angola de Licen\u00e7as Microsoft Office | Chaves Sistemas Operativos Windows | Antiv\u00edrus | Cloud Adobe | Inform\u00e1tica & Servidores | Softwares de Gest\u00e3o ERP | Gaming Hardware | UPS e Baterias & Muito Mais...","robots":{"index":"index","follow":"follow","max-snippet":"max-snippet:-1","max-image-preview":"max-image-preview:large","max-video-preview":"max-video-preview:-1"},"canonical":"https:\/\/cyberlogics.ao\/index.php\/product\/dell-memory-upgrade-32-gb-2rx8-ddr5-rdimm-5600mt-s-not-compatible-with-4800mt-s-dimms-part-number-ac830717-ean-5397184878842\/","og_locale":"pt_PT","og_type":"article","og_title":"DELL Memory Upgrade - 32 GB - 2Rx8 DDR5 RDIMM 5600MT\/s Not Compatible with 4800mT\/s DIMMs Part number: AC830717 EAN: 5397184878842 - Cyberlogics Technologies Angola","og_description":"A Maior Loja Online de Angola de Licen\u00e7as Microsoft Office | Chaves Sistemas Operativos Windows | Antiv\u00edrus | Cloud Adobe | Inform\u00e1tica & Servidores | Softwares de Gest\u00e3o ERP | Gaming Hardware | UPS e Baterias & Muito Mais...","og_url":"https:\/\/cyberlogics.ao\/index.php\/product\/dell-memory-upgrade-32-gb-2rx8-ddr5-rdimm-5600mt-s-not-compatible-with-4800mt-s-dimms-part-number-ac830717-ean-5397184878842\/","og_site_name":"Cyberlogics Technologies Angola","og_image":[{"width":400,"height":400,"url":"http:\/\/cyberlogics.ao\/wp-content\/uploads\/2026\/03\/be10466f10d46dc214d3faeba9cd2190845fd53f_1763737__thumbnail_image.webp","type":"image\/webp"}],"twitter_card":"summary_large_image","twitter_misc":{"Tempo estimado de leitura":"1 minuto"},"schema":{"@context":"https:\/\/schema.org","@graph":[{"@type":"WebPage","@id":"https:\/\/cyberlogics.ao\/index.php\/product\/dell-memory-upgrade-32-gb-2rx8-ddr5-rdimm-5600mt-s-not-compatible-with-4800mt-s-dimms-part-number-ac830717-ean-5397184878842\/","url":"https:\/\/cyberlogics.ao\/index.php\/product\/dell-memory-upgrade-32-gb-2rx8-ddr5-rdimm-5600mt-s-not-compatible-with-4800mt-s-dimms-part-number-ac830717-ean-5397184878842\/","name":"DELL Memory Upgrade - 32 GB - 2Rx8 DDR5 RDIMM 5600MT\/s Not Compatible with 4800mT\/s DIMMs Part number: AC830717 EAN: 5397184878842 - Cyberlogics Technologies Angola","isPartOf":{"@id":"https:\/\/cyberlogics.ao\/#website"},"primaryImageOfPage":{"@id":"https:\/\/cyberlogics.ao\/index.php\/product\/dell-memory-upgrade-32-gb-2rx8-ddr5-rdimm-5600mt-s-not-compatible-with-4800mt-s-dimms-part-number-ac830717-ean-5397184878842\/#primaryimage"},"image":{"@id":"https:\/\/cyberlogics.ao\/index.php\/product\/dell-memory-upgrade-32-gb-2rx8-ddr5-rdimm-5600mt-s-not-compatible-with-4800mt-s-dimms-part-number-ac830717-ean-5397184878842\/#primaryimage"},"thumbnailUrl":"https:\/\/cyberlogics.ao\/wp-content\/uploads\/2026\/03\/be10466f10d46dc214d3faeba9cd2190845fd53f_1763737__thumbnail_image.webp","datePublished":"2026-03-05T21:18:17+00:00","description":"A Maior Loja Online de Angola de Licen\u00e7as Microsoft Office | Chaves Sistemas Operativos Windows | Antiv\u00edrus | Cloud Adobe | Inform\u00e1tica & Servidores | Softwares de Gest\u00e3o ERP | Gaming Hardware | UPS e Baterias & Muito Mais...","breadcrumb":{"@id":"https:\/\/cyberlogics.ao\/index.php\/product\/dell-memory-upgrade-32-gb-2rx8-ddr5-rdimm-5600mt-s-not-compatible-with-4800mt-s-dimms-part-number-ac830717-ean-5397184878842\/#breadcrumb"},"inLanguage":"pt-PT","potentialAction":[{"@type":"ReadAction","target":["https:\/\/cyberlogics.ao\/index.php\/product\/dell-memory-upgrade-32-gb-2rx8-ddr5-rdimm-5600mt-s-not-compatible-with-4800mt-s-dimms-part-number-ac830717-ean-5397184878842\/"]}]},{"@type":"ImageObject","inLanguage":"pt-PT","@id":"https:\/\/cyberlogics.ao\/index.php\/product\/dell-memory-upgrade-32-gb-2rx8-ddr5-rdimm-5600mt-s-not-compatible-with-4800mt-s-dimms-part-number-ac830717-ean-5397184878842\/#primaryimage","url":"https:\/\/cyberlogics.ao\/wp-content\/uploads\/2026\/03\/be10466f10d46dc214d3faeba9cd2190845fd53f_1763737__thumbnail_image.webp","contentUrl":"https:\/\/cyberlogics.ao\/wp-content\/uploads\/2026\/03\/be10466f10d46dc214d3faeba9cd2190845fd53f_1763737__thumbnail_image.webp","width":400,"height":400},{"@type":"BreadcrumbList","@id":"https:\/\/cyberlogics.ao\/index.php\/product\/dell-memory-upgrade-32-gb-2rx8-ddr5-rdimm-5600mt-s-not-compatible-with-4800mt-s-dimms-part-number-ac830717-ean-5397184878842\/#breadcrumb","itemListElement":[{"@type":"ListItem","position":1,"name":"In\u00edcio","item":"https:\/\/cyberlogics.ao\/"},{"@type":"ListItem","position":2,"name":"Produtos","item":"https:\/\/cyberlogics.ao\/index.php\/shop-2\/"},{"@type":"ListItem","position":3,"name":"DELL Memory Upgrade &#8211; 32 GB &#8211; 2Rx8 DDR5 RDIMM 5600MT\/s Not Compatible with 4800mT\/s DIMMs Part number: AC830717 EAN: 5397184878842"}]},{"@type":"WebSite","@id":"https:\/\/cyberlogics.ao\/#website","url":"https:\/\/cyberlogics.ao\/","name":"Cyberlogics Technologies Angola","description":"Loja Online de Licen\u00e7as de Softwares e Inform\u00e1tica","publisher":{"@id":"https:\/\/cyberlogics.ao\/#organization"},"potentialAction":[{"@type":"SearchAction","target":{"@type":"EntryPoint","urlTemplate":"https:\/\/cyberlogics.ao\/?s={search_term_string}"},"query-input":{"@type":"PropertyValueSpecification","valueRequired":true,"valueName":"search_term_string"}}],"inLanguage":"pt-PT"},{"@type":"Organization","@id":"https:\/\/cyberlogics.ao\/#organization","name":"Cyberlogics Ao Technologies - Loja Online de Licen\u00e7as de Softwares e Inform\u00e1tica","url":"https:\/\/cyberlogics.ao\/","logo":{"@type":"ImageObject","inLanguage":"pt-PT","@id":"https:\/\/cyberlogics.ao\/#\/schema\/logo\/image\/","url":"https:\/\/cyberlogics.ao\/wp-content\/uploads\/2022\/04\/CT-logo.png","contentUrl":"https:\/\/cyberlogics.ao\/wp-content\/uploads\/2022\/04\/CT-logo.png","width":190,"height":75,"caption":"Cyberlogics Ao Technologies - Loja Online de Licen\u00e7as de Softwares e Inform\u00e1tica"},"image":{"@id":"https:\/\/cyberlogics.ao\/#\/schema\/logo\/image\/"}}]}},"_links":{"self":[{"href":"https:\/\/cyberlogics.ao\/index.php\/wp-json\/wp\/v2\/product\/11454","targetHints":{"allow":["GET"]}}],"collection":[{"href":"https:\/\/cyberlogics.ao\/index.php\/wp-json\/wp\/v2\/product"}],"about":[{"href":"https:\/\/cyberlogics.ao\/index.php\/wp-json\/wp\/v2\/types\/product"}],"replies":[{"embeddable":true,"href":"https:\/\/cyberlogics.ao\/index.php\/wp-json\/wp\/v2\/comments?post=11454"}],"wp:featuredmedia":[{"embeddable":true,"href":"https:\/\/cyberlogics.ao\/index.php\/wp-json\/wp\/v2\/media\/11455"}],"wp:attachment":[{"href":"https:\/\/cyberlogics.ao\/index.php\/wp-json\/wp\/v2\/media?parent=11454"}],"wp:term":[{"taxonomy":"product_brand","embeddable":true,"href":"https:\/\/cyberlogics.ao\/index.php\/wp-json\/wp\/v2\/product_brand?post=11454"},{"taxonomy":"product_cat","embeddable":true,"href":"https:\/\/cyberlogics.ao\/index.php\/wp-json\/wp\/v2\/product_cat?post=11454"},{"taxonomy":"product_tag","embeddable":true,"href":"https:\/\/cyberlogics.ao\/index.php\/wp-json\/wp\/v2\/product_tag?post=11454"}],"curies":[{"name":"wp","href":"https:\/\/api.w.org\/{rel}","templated":true}]}}