{"id":11477,"date":"2026-03-06T16:04:35","date_gmt":"2026-03-06T16:04:35","guid":{"rendered":"https:\/\/cyberlogics.ao\/?post_type=product&#038;p=11477"},"modified":"2026-03-06T16:04:35","modified_gmt":"2026-03-06T16:04:35","slug":"dell-memory-upgrade-16gb-2rx8-ddr4-rdimm-3200mhz-part-number-aa799064-ean-5397184330401","status":"publish","type":"product","link":"https:\/\/cyberlogics.ao\/index.php\/product\/dell-memory-upgrade-16gb-2rx8-ddr4-rdimm-3200mhz-part-number-aa799064-ean-5397184330401\/","title":{"rendered":"Dell Memory Upgrade &#8211; 16GB &#8211; 2Rx8 DDR4 RDIMM 3200MHz Part number: AA799064 EAN: 5397184330401"},"content":{"rendered":"<div class=\"features-group\">\n<div class=\"features-group-title\">Caracter\u00edsticas<\/div>\n<div class=\"features-group-row\">\n<div class=\"single-feature-label\" data-feature-id=\"icecat_automatic_38209_185\">Tipo de mem\u00f3ria armazenada<\/div>\n<div class=\"single-feature-value\">\n<div class=\"features-group-row__value-text\">Registered (buffered)<\/div>\n<\/div>\n<\/div>\n<div class=\"features-group-row\">\n<div class=\"single-feature-label\" data-feature-id=\"icecat_automatic_16023_185\">Configura\u00e7\u00e3o da mem\u00f3ria (m\u00f3dulos x dimens\u00f5es)<\/div>\n<div class=\"single-feature-value\">\n<div class=\"features-group-row__value-text\">1 x 16 GB<\/div>\n<\/div>\n<\/div>\n<div class=\"features-group-row\">\n<div class=\"single-feature-label\" data-feature-id=\"icecat_automatic_7696_185\">Factor de forma de mem\u00f3ria<\/div>\n<div class=\"single-feature-value\">\n<div class=\"features-group-row__value-text\">288-pin DIMM<\/div>\n<\/div>\n<\/div>\n<div class=\"features-group-row\">\n<div class=\"single-feature-label\" data-feature-id=\"icecat_automatic_1628_185\">ECC<\/div>\n<div class=\"single-feature-value\">\n<div class=\"features-group-row__value-text\">Sim<\/div>\n<\/div>\n<\/div>\n<div class=\"features-group-row\">\n<div class=\"single-feature-label\" data-feature-id=\"icecat_automatic_427_185\">Tipo de mem\u00f3ria interna<\/div>\n<div class=\"single-feature-value\">\n<div class=\"features-group-row__value-text\">DDR4<\/div>\n<\/div>\n<\/div>\n<div class=\"features-group-row\">\n<div class=\"single-feature-label\" data-feature-id=\"icecat_automatic_9163_185\">Componente para<\/div>\n<div class=\"single-feature-value\">\n<div class=\"features-group-row__value-text\">PC\/server<\/div>\n<\/div>\n<\/div>\n<div class=\"features-group-row\">\n<div class=\"single-feature-label\" data-feature-id=\"icecat_automatic_8216_185\">Classifica\u00e7\u00e3o de mem\u00f3ria<\/div>\n<div class=\"single-feature-value\">\n<div class=\"features-group-row__value-text\">2<\/div>\n<\/div>\n<\/div>\n<div class=\"features-group-row\">\n<div class=\"single-feature-label\" data-feature-id=\"icecat_automatic_6266_185\">Voltagem de mem\u00f3ria<\/div>\n<div class=\"single-feature-value\">\n<div class=\"features-group-row__value-text\">1.2<\/div>\n<\/div>\n<\/div>\n<div class=\"features-group-row\">\n<div class=\"single-feature-label\" data-feature-id=\"icecat_automatic_11381_185\">Capacidade da mem\u00f3ria incorporada<\/div>\n<div class=\"single-feature-value\">\n<div class=\"features-group-row__value-text\">16 GB<\/div>\n<\/div>\n<\/div>\n<div class=\"features-group-row\">\n<div class=\"single-feature-label\" data-feature-id=\"icecat_automatic_2900_185\">Velocidade do clock de mem\u00f3ria<\/div>\n<div class=\"single-feature-value\">\n<div class=\"features-group-row__value-text\">3200 MHz<\/div>\n<\/div>\n<\/div>\n<div class=\"features-group-row\">\n<div class=\"single-feature-label\" data-feature-id=\"icecat_automatic_2190_185\">Produtos compat\u00edveis<\/div>\n<div class=\"single-feature-value\">\n<div class=\"features-group-row__value-text\">&#8211; PowerEdge R6515 &#8211; PowerEdge C6525 &#8211; PowerEdge R7525 &#8211; PowerEdge R7515 &#8211; PowerEdge R6525<\/div>\n<\/div>\n<\/div>\n<\/div>\n<div class=\"features-group\">\n<div class=\"features-group-title\">Outras caracter\u00edsticas<\/div>\n<div class=\"features-group-row\">\n<div class=\"single-feature-label\" data-feature-id=\"icecat_automatic_6579_146\">Organiza\u00e7\u00e3o dos chips<\/div>\n<div class=\"single-feature-value\">\n<div class=\"features-group-row__value-text\">2Rx8<\/div>\n<\/div>\n<\/div>\n<\/div>\n<div class=\"features-group\">\n<div class=\"features-group-title\">Dados log\u00edsticos<\/div>\n<div class=\"features-group-row\">\n<div class=\"single-feature-label\" data-feature-id=\"icecat_automatic_23731_198\">C\u00f3digo de Sistema<\/div>\n<\/div>\n<\/div>\n","protected":false},"excerpt":{"rendered":"<p>PC\/server 16 GB DDR4<\/p>\n<p>&gt;288-pin DIMM 1 x 16 GB<\/p>\n<p>&gt;1.2 V<\/p>\n<p>&gt;ECC<\/p>\n","protected":false},"featured_media":11478,"comment_status":"open","ping_status":"closed","template":"","meta":{"_joinchat":[]},"product_brand":[838],"product_cat":[341,378],"product_tag":[],"class_list":{"0":"post-11477","1":"product","2":"type-product","3":"status-publish","4":"has-post-thumbnail","6":"product_brand-dell","7":"product_cat-armazenamentos","8":"product_cat-informatica","10":"first","11":"instock","12":"shipping-taxable","13":"purchasable","14":"product-type-simple"},"yoast_head":"<!-- This site is optimized with the Yoast SEO plugin v27.4 - https:\/\/yoast.com\/product\/yoast-seo-wordpress\/ -->\n<title>Dell Memory Upgrade - 16GB - 2Rx8 DDR4 RDIMM 3200MHz Part number: AA799064 EAN: 5397184330401 - Cyberlogics Technologies Angola<\/title>\n<meta name=\"description\" content=\"A Maior Loja Online de Angola de Licen\u00e7as Microsoft Office | Chaves Sistemas Operativos Windows | Antiv\u00edrus | Cloud Adobe | Inform\u00e1tica &amp; Servidores | Softwares de Gest\u00e3o ERP | Gaming Hardware | UPS e Baterias &amp; Muito Mais...\" \/>\n<meta name=\"robots\" content=\"index, follow, max-snippet:-1, max-image-preview:large, max-video-preview:-1\" \/>\n<link rel=\"canonical\" href=\"https:\/\/cyberlogics.ao\/index.php\/product\/dell-memory-upgrade-16gb-2rx8-ddr4-rdimm-3200mhz-part-number-aa799064-ean-5397184330401\/\" \/>\n<meta property=\"og:locale\" content=\"pt_PT\" \/>\n<meta property=\"og:type\" content=\"article\" \/>\n<meta property=\"og:title\" content=\"Dell Memory Upgrade - 16GB - 2Rx8 DDR4 RDIMM 3200MHz Part number: AA799064 EAN: 5397184330401 - Cyberlogics Technologies Angola\" \/>\n<meta property=\"og:description\" content=\"A Maior Loja Online de Angola de Licen\u00e7as Microsoft Office | Chaves Sistemas Operativos Windows | Antiv\u00edrus | Cloud Adobe | Inform\u00e1tica &amp; Servidores | Softwares de Gest\u00e3o ERP | Gaming Hardware | UPS e Baterias &amp; Muito Mais...\" \/>\n<meta property=\"og:url\" content=\"https:\/\/cyberlogics.ao\/index.php\/product\/dell-memory-upgrade-16gb-2rx8-ddr4-rdimm-3200mhz-part-number-aa799064-ean-5397184330401\/\" \/>\n<meta property=\"og:site_name\" content=\"Cyberlogics Technologies Angola\" \/>\n<meta property=\"og:image\" content=\"http:\/\/cyberlogics.ao\/wp-content\/uploads\/2026\/03\/d795f87d9b7b134d7770f207bc99daf0f070c8da_1624054_AA799064_image1.webp\" \/>\n\t<meta property=\"og:image:width\" content=\"500\" \/>\n\t<meta property=\"og:image:height\" content=\"500\" \/>\n\t<meta property=\"og:image:type\" content=\"image\/webp\" \/>\n<meta name=\"twitter:card\" content=\"summary_large_image\" \/>\n<script type=\"application\/ld+json\" class=\"yoast-schema-graph\">{\"@context\":\"https:\\\/\\\/schema.org\",\"@graph\":[{\"@type\":\"WebPage\",\"@id\":\"https:\\\/\\\/cyberlogics.ao\\\/index.php\\\/product\\\/dell-memory-upgrade-16gb-2rx8-ddr4-rdimm-3200mhz-part-number-aa799064-ean-5397184330401\\\/\",\"url\":\"https:\\\/\\\/cyberlogics.ao\\\/index.php\\\/product\\\/dell-memory-upgrade-16gb-2rx8-ddr4-rdimm-3200mhz-part-number-aa799064-ean-5397184330401\\\/\",\"name\":\"Dell Memory Upgrade - 16GB - 2Rx8 DDR4 RDIMM 3200MHz Part number: AA799064 EAN: 5397184330401 - Cyberlogics Technologies Angola\",\"isPartOf\":{\"@id\":\"https:\\\/\\\/cyberlogics.ao\\\/#website\"},\"primaryImageOfPage\":{\"@id\":\"https:\\\/\\\/cyberlogics.ao\\\/index.php\\\/product\\\/dell-memory-upgrade-16gb-2rx8-ddr4-rdimm-3200mhz-part-number-aa799064-ean-5397184330401\\\/#primaryimage\"},\"image\":{\"@id\":\"https:\\\/\\\/cyberlogics.ao\\\/index.php\\\/product\\\/dell-memory-upgrade-16gb-2rx8-ddr4-rdimm-3200mhz-part-number-aa799064-ean-5397184330401\\\/#primaryimage\"},\"thumbnailUrl\":\"https:\\\/\\\/cyberlogics.ao\\\/wp-content\\\/uploads\\\/2026\\\/03\\\/d795f87d9b7b134d7770f207bc99daf0f070c8da_1624054_AA799064_image1.webp\",\"datePublished\":\"2026-03-06T16:04:35+00:00\",\"description\":\"A Maior Loja Online de Angola de Licen\u00e7as Microsoft Office | Chaves Sistemas Operativos Windows | Antiv\u00edrus | Cloud Adobe | Inform\u00e1tica & Servidores | Softwares de Gest\u00e3o ERP | Gaming Hardware | UPS e Baterias & Muito Mais...\",\"breadcrumb\":{\"@id\":\"https:\\\/\\\/cyberlogics.ao\\\/index.php\\\/product\\\/dell-memory-upgrade-16gb-2rx8-ddr4-rdimm-3200mhz-part-number-aa799064-ean-5397184330401\\\/#breadcrumb\"},\"inLanguage\":\"pt-PT\",\"potentialAction\":[{\"@type\":\"ReadAction\",\"target\":[\"https:\\\/\\\/cyberlogics.ao\\\/index.php\\\/product\\\/dell-memory-upgrade-16gb-2rx8-ddr4-rdimm-3200mhz-part-number-aa799064-ean-5397184330401\\\/\"]}]},{\"@type\":\"ImageObject\",\"inLanguage\":\"pt-PT\",\"@id\":\"https:\\\/\\\/cyberlogics.ao\\\/index.php\\\/product\\\/dell-memory-upgrade-16gb-2rx8-ddr4-rdimm-3200mhz-part-number-aa799064-ean-5397184330401\\\/#primaryimage\",\"url\":\"https:\\\/\\\/cyberlogics.ao\\\/wp-content\\\/uploads\\\/2026\\\/03\\\/d795f87d9b7b134d7770f207bc99daf0f070c8da_1624054_AA799064_image1.webp\",\"contentUrl\":\"https:\\\/\\\/cyberlogics.ao\\\/wp-content\\\/uploads\\\/2026\\\/03\\\/d795f87d9b7b134d7770f207bc99daf0f070c8da_1624054_AA799064_image1.webp\",\"width\":500,\"height\":500},{\"@type\":\"BreadcrumbList\",\"@id\":\"https:\\\/\\\/cyberlogics.ao\\\/index.php\\\/product\\\/dell-memory-upgrade-16gb-2rx8-ddr4-rdimm-3200mhz-part-number-aa799064-ean-5397184330401\\\/#breadcrumb\",\"itemListElement\":[{\"@type\":\"ListItem\",\"position\":1,\"name\":\"In\u00edcio\",\"item\":\"https:\\\/\\\/cyberlogics.ao\\\/\"},{\"@type\":\"ListItem\",\"position\":2,\"name\":\"Produtos\",\"item\":\"https:\\\/\\\/cyberlogics.ao\\\/index.php\\\/shop-2\\\/\"},{\"@type\":\"ListItem\",\"position\":3,\"name\":\"Dell Memory Upgrade &#8211; 16GB &#8211; 2Rx8 DDR4 RDIMM 3200MHz Part number: AA799064 EAN: 5397184330401\"}]},{\"@type\":\"WebSite\",\"@id\":\"https:\\\/\\\/cyberlogics.ao\\\/#website\",\"url\":\"https:\\\/\\\/cyberlogics.ao\\\/\",\"name\":\"Cyberlogics Technologies Angola\",\"description\":\"Loja Online de Licen\u00e7as de Softwares e Inform\u00e1tica\",\"publisher\":{\"@id\":\"https:\\\/\\\/cyberlogics.ao\\\/#organization\"},\"potentialAction\":[{\"@type\":\"SearchAction\",\"target\":{\"@type\":\"EntryPoint\",\"urlTemplate\":\"https:\\\/\\\/cyberlogics.ao\\\/?s={search_term_string}\"},\"query-input\":{\"@type\":\"PropertyValueSpecification\",\"valueRequired\":true,\"valueName\":\"search_term_string\"}}],\"inLanguage\":\"pt-PT\"},{\"@type\":\"Organization\",\"@id\":\"https:\\\/\\\/cyberlogics.ao\\\/#organization\",\"name\":\"Cyberlogics Ao Technologies - Loja Online de Licen\u00e7as de Softwares e Inform\u00e1tica\",\"url\":\"https:\\\/\\\/cyberlogics.ao\\\/\",\"logo\":{\"@type\":\"ImageObject\",\"inLanguage\":\"pt-PT\",\"@id\":\"https:\\\/\\\/cyberlogics.ao\\\/#\\\/schema\\\/logo\\\/image\\\/\",\"url\":\"https:\\\/\\\/cyberlogics.ao\\\/wp-content\\\/uploads\\\/2022\\\/04\\\/CT-logo.png\",\"contentUrl\":\"https:\\\/\\\/cyberlogics.ao\\\/wp-content\\\/uploads\\\/2022\\\/04\\\/CT-logo.png\",\"width\":190,\"height\":75,\"caption\":\"Cyberlogics Ao Technologies - Loja Online de Licen\u00e7as de Softwares e Inform\u00e1tica\"},\"image\":{\"@id\":\"https:\\\/\\\/cyberlogics.ao\\\/#\\\/schema\\\/logo\\\/image\\\/\"}}]}<\/script>\n<!-- \/ Yoast SEO plugin. -->","yoast_head_json":{"title":"Dell Memory Upgrade - 16GB - 2Rx8 DDR4 RDIMM 3200MHz Part number: AA799064 EAN: 5397184330401 - Cyberlogics Technologies Angola","description":"A Maior Loja Online de Angola de Licen\u00e7as Microsoft Office | Chaves Sistemas Operativos Windows | Antiv\u00edrus | Cloud Adobe | Inform\u00e1tica & Servidores | Softwares de Gest\u00e3o ERP | Gaming Hardware | UPS e Baterias & Muito Mais...","robots":{"index":"index","follow":"follow","max-snippet":"max-snippet:-1","max-image-preview":"max-image-preview:large","max-video-preview":"max-video-preview:-1"},"canonical":"https:\/\/cyberlogics.ao\/index.php\/product\/dell-memory-upgrade-16gb-2rx8-ddr4-rdimm-3200mhz-part-number-aa799064-ean-5397184330401\/","og_locale":"pt_PT","og_type":"article","og_title":"Dell Memory Upgrade - 16GB - 2Rx8 DDR4 RDIMM 3200MHz Part number: AA799064 EAN: 5397184330401 - Cyberlogics Technologies Angola","og_description":"A Maior Loja Online de Angola de Licen\u00e7as Microsoft Office | Chaves Sistemas Operativos Windows | Antiv\u00edrus | Cloud Adobe | Inform\u00e1tica & Servidores | Softwares de Gest\u00e3o ERP | Gaming Hardware | UPS e Baterias & Muito Mais...","og_url":"https:\/\/cyberlogics.ao\/index.php\/product\/dell-memory-upgrade-16gb-2rx8-ddr4-rdimm-3200mhz-part-number-aa799064-ean-5397184330401\/","og_site_name":"Cyberlogics Technologies Angola","og_image":[{"width":500,"height":500,"url":"http:\/\/cyberlogics.ao\/wp-content\/uploads\/2026\/03\/d795f87d9b7b134d7770f207bc99daf0f070c8da_1624054_AA799064_image1.webp","type":"image\/webp"}],"twitter_card":"summary_large_image","schema":{"@context":"https:\/\/schema.org","@graph":[{"@type":"WebPage","@id":"https:\/\/cyberlogics.ao\/index.php\/product\/dell-memory-upgrade-16gb-2rx8-ddr4-rdimm-3200mhz-part-number-aa799064-ean-5397184330401\/","url":"https:\/\/cyberlogics.ao\/index.php\/product\/dell-memory-upgrade-16gb-2rx8-ddr4-rdimm-3200mhz-part-number-aa799064-ean-5397184330401\/","name":"Dell Memory Upgrade - 16GB - 2Rx8 DDR4 RDIMM 3200MHz Part number: AA799064 EAN: 5397184330401 - Cyberlogics Technologies Angola","isPartOf":{"@id":"https:\/\/cyberlogics.ao\/#website"},"primaryImageOfPage":{"@id":"https:\/\/cyberlogics.ao\/index.php\/product\/dell-memory-upgrade-16gb-2rx8-ddr4-rdimm-3200mhz-part-number-aa799064-ean-5397184330401\/#primaryimage"},"image":{"@id":"https:\/\/cyberlogics.ao\/index.php\/product\/dell-memory-upgrade-16gb-2rx8-ddr4-rdimm-3200mhz-part-number-aa799064-ean-5397184330401\/#primaryimage"},"thumbnailUrl":"https:\/\/cyberlogics.ao\/wp-content\/uploads\/2026\/03\/d795f87d9b7b134d7770f207bc99daf0f070c8da_1624054_AA799064_image1.webp","datePublished":"2026-03-06T16:04:35+00:00","description":"A Maior Loja Online de Angola de Licen\u00e7as Microsoft Office | Chaves Sistemas Operativos Windows | Antiv\u00edrus | Cloud Adobe | Inform\u00e1tica & Servidores | Softwares de Gest\u00e3o ERP | Gaming Hardware | UPS e Baterias & Muito Mais...","breadcrumb":{"@id":"https:\/\/cyberlogics.ao\/index.php\/product\/dell-memory-upgrade-16gb-2rx8-ddr4-rdimm-3200mhz-part-number-aa799064-ean-5397184330401\/#breadcrumb"},"inLanguage":"pt-PT","potentialAction":[{"@type":"ReadAction","target":["https:\/\/cyberlogics.ao\/index.php\/product\/dell-memory-upgrade-16gb-2rx8-ddr4-rdimm-3200mhz-part-number-aa799064-ean-5397184330401\/"]}]},{"@type":"ImageObject","inLanguage":"pt-PT","@id":"https:\/\/cyberlogics.ao\/index.php\/product\/dell-memory-upgrade-16gb-2rx8-ddr4-rdimm-3200mhz-part-number-aa799064-ean-5397184330401\/#primaryimage","url":"https:\/\/cyberlogics.ao\/wp-content\/uploads\/2026\/03\/d795f87d9b7b134d7770f207bc99daf0f070c8da_1624054_AA799064_image1.webp","contentUrl":"https:\/\/cyberlogics.ao\/wp-content\/uploads\/2026\/03\/d795f87d9b7b134d7770f207bc99daf0f070c8da_1624054_AA799064_image1.webp","width":500,"height":500},{"@type":"BreadcrumbList","@id":"https:\/\/cyberlogics.ao\/index.php\/product\/dell-memory-upgrade-16gb-2rx8-ddr4-rdimm-3200mhz-part-number-aa799064-ean-5397184330401\/#breadcrumb","itemListElement":[{"@type":"ListItem","position":1,"name":"In\u00edcio","item":"https:\/\/cyberlogics.ao\/"},{"@type":"ListItem","position":2,"name":"Produtos","item":"https:\/\/cyberlogics.ao\/index.php\/shop-2\/"},{"@type":"ListItem","position":3,"name":"Dell Memory Upgrade &#8211; 16GB &#8211; 2Rx8 DDR4 RDIMM 3200MHz Part number: AA799064 EAN: 5397184330401"}]},{"@type":"WebSite","@id":"https:\/\/cyberlogics.ao\/#website","url":"https:\/\/cyberlogics.ao\/","name":"Cyberlogics Technologies Angola","description":"Loja Online de Licen\u00e7as de Softwares e Inform\u00e1tica","publisher":{"@id":"https:\/\/cyberlogics.ao\/#organization"},"potentialAction":[{"@type":"SearchAction","target":{"@type":"EntryPoint","urlTemplate":"https:\/\/cyberlogics.ao\/?s={search_term_string}"},"query-input":{"@type":"PropertyValueSpecification","valueRequired":true,"valueName":"search_term_string"}}],"inLanguage":"pt-PT"},{"@type":"Organization","@id":"https:\/\/cyberlogics.ao\/#organization","name":"Cyberlogics Ao Technologies - Loja Online de Licen\u00e7as de Softwares e Inform\u00e1tica","url":"https:\/\/cyberlogics.ao\/","logo":{"@type":"ImageObject","inLanguage":"pt-PT","@id":"https:\/\/cyberlogics.ao\/#\/schema\/logo\/image\/","url":"https:\/\/cyberlogics.ao\/wp-content\/uploads\/2022\/04\/CT-logo.png","contentUrl":"https:\/\/cyberlogics.ao\/wp-content\/uploads\/2022\/04\/CT-logo.png","width":190,"height":75,"caption":"Cyberlogics Ao Technologies - Loja Online de Licen\u00e7as de Softwares e Inform\u00e1tica"},"image":{"@id":"https:\/\/cyberlogics.ao\/#\/schema\/logo\/image\/"}}]}},"_links":{"self":[{"href":"https:\/\/cyberlogics.ao\/index.php\/wp-json\/wp\/v2\/product\/11477","targetHints":{"allow":["GET"]}}],"collection":[{"href":"https:\/\/cyberlogics.ao\/index.php\/wp-json\/wp\/v2\/product"}],"about":[{"href":"https:\/\/cyberlogics.ao\/index.php\/wp-json\/wp\/v2\/types\/product"}],"replies":[{"embeddable":true,"href":"https:\/\/cyberlogics.ao\/index.php\/wp-json\/wp\/v2\/comments?post=11477"}],"wp:featuredmedia":[{"embeddable":true,"href":"https:\/\/cyberlogics.ao\/index.php\/wp-json\/wp\/v2\/media\/11478"}],"wp:attachment":[{"href":"https:\/\/cyberlogics.ao\/index.php\/wp-json\/wp\/v2\/media?parent=11477"}],"wp:term":[{"taxonomy":"product_brand","embeddable":true,"href":"https:\/\/cyberlogics.ao\/index.php\/wp-json\/wp\/v2\/product_brand?post=11477"},{"taxonomy":"product_cat","embeddable":true,"href":"https:\/\/cyberlogics.ao\/index.php\/wp-json\/wp\/v2\/product_cat?post=11477"},{"taxonomy":"product_tag","embeddable":true,"href":"https:\/\/cyberlogics.ao\/index.php\/wp-json\/wp\/v2\/product_tag?post=11477"}],"curies":[{"name":"wp","href":"https:\/\/api.w.org\/{rel}","templated":true}]}}