{"id":11607,"date":"2026-03-10T13:43:10","date_gmt":"2026-03-10T13:43:10","guid":{"rendered":"https:\/\/cyberlogics.ao\/?post_type=product&#038;p=11607"},"modified":"2026-03-10T13:43:10","modified_gmt":"2026-03-10T13:43:10","slug":"dell-960gb-ssd-sata-ri-6gbps-512e-2-5inch-hot-plug-ck-part-number-345-bdrk-ean-5397184922873","status":"publish","type":"product","link":"https:\/\/cyberlogics.ao\/index.php\/product\/dell-960gb-ssd-sata-ri-6gbps-512e-2-5inch-hot-plug-ck-part-number-345-bdrk-ean-5397184922873\/","title":{"rendered":"DELL 960GB SSD SATA RI 6Gbps 512e 2.5inch Hot-Plug CK Part number: 345-BDRK EAN: 5397184922873"},"content":{"rendered":"<div class=\"features-group\">\n<div class=\"features-group-title\">Caracter\u00edsticas<\/div>\n<div class=\"features-group-row\">\n<div class=\"single-feature-label\" data-feature-id=\"icecat_automatic_9163_185\">Componente para<\/div>\n<div class=\"single-feature-value\">\n<div class=\"features-group-row__value-text\">Servidor\/workstation<\/div>\n<\/div>\n<\/div>\n<div class=\"features-group-row\">\n<div class=\"single-feature-label\" data-feature-id=\"icecat_automatic_21731_185\">Fator de forma SSD<\/div>\n<div class=\"single-feature-value\">\n<div class=\"features-group-row__value-text\">2.5&#8243;<\/div>\n<\/div>\n<\/div>\n<div class=\"features-group-row\">\n<div class=\"single-feature-label\" data-feature-id=\"icecat_automatic_1644_185\">Velocidade de leitura<\/div>\n<div class=\"single-feature-value\">\n<div class=\"features-group-row__value-text\">550 Mbyte\/s<\/div>\n<\/div>\n<\/div>\n<div class=\"features-group-row\">\n<div class=\"single-feature-label\" data-feature-id=\"icecat_automatic_1645_185\">Velocidade de escrita<\/div>\n<div class=\"single-feature-value\">\n<div class=\"features-group-row__value-text\">510 Mbyte\/s<\/div>\n<\/div>\n<\/div>\n<div class=\"features-group-row\">\n<div class=\"single-feature-label\" data-feature-id=\"icecat_automatic_21_185\">Interface<\/div>\n<div class=\"single-feature-value\">\n<div class=\"features-group-row__value-text\">Serial ATA III<\/div>\n<\/div>\n<\/div>\n<div class=\"features-group-row\">\n<div class=\"single-feature-label\" data-feature-id=\"icecat_automatic_5586_185\">Capacidade da drive SSD<\/div>\n<div class=\"single-feature-value\">\n<div class=\"features-group-row__value-text\">960 GB<\/div>\n<\/div>\n<\/div>\n<div class=\"features-group-row\">\n<div class=\"single-feature-label\" data-feature-id=\"icecat_automatic_2378_185\">Suporte para Hot-Plug<\/div>\n<div class=\"single-feature-value\">\n<div class=\"features-group-row__value-text\">Sim<\/div>\n<\/div>\n<\/div>\n<div class=\"features-group-row\">\n<div class=\"single-feature-label\" data-feature-id=\"icecat_automatic_42375_185\">Grava\u00e7\u00f5es de disco por dia (DWPD)<\/div>\n<div class=\"single-feature-value\">\n<div class=\"features-group-row__value-text\">1<\/div>\n<\/div>\n<\/div>\n<div class=\"features-group-row\">\n<div class=\"single-feature-label\" data-feature-id=\"icecat_automatic_1551_185\">Taxa de transfer\u00eancia de dados<\/div>\n<div class=\"single-feature-value\">\n<div class=\"features-group-row__value-text\">6 Gbit\/s<\/div>\n<\/div>\n<\/div>\n<div class=\"features-group-row\">\n<div class=\"single-feature-label\" data-feature-id=\"icecat_automatic_3100_185\">Bytes por setor<\/div>\n<div class=\"single-feature-value\">\n<div class=\"features-group-row__value-text\">512e<\/div>\n<\/div>\n<\/div>\n<\/div>\n<div class=\"features-group\">\n<div class=\"features-group-title\">Outras caracter\u00edsticas<\/div>\n<div class=\"features-group-row features-group-row--expandable\">\n<div class=\"single-feature-label\" data-feature-id=\"icecat_automatic_2190_146\">Produtos compat\u00edveis<\/div>\n<div class=\"single-feature-value\">\n<div class=\"features-group-row__value-text features-group-row__value-text--expandable\">PowerEdge C6420 PowerEdge C6520 PowerEdge C6525 PowerEdge R340 PowerEdge R440 PowerEdge R640 PowerEdge R650 PowerEdge R6515 PowerEdge R6525 PowerEdge R740 PowerEdge R740XD PowerEdge R7425 PowerEdge R750 PowerEdge R750xa PowerEdge R7515 PowerEdge R7525 PowerEdge R840 PowerEdge R940 PowerEdge R940xa<\/div>\n<div class=\"features-group-row__expand\">mostrar mais<\/div>\n<\/div>\n<\/div>\n<\/div>\n","protected":false},"excerpt":{"rendered":"<p>DELL 345-BDRK. Capacidade da drive SSD: 960 GB, Fator de forma SSD: 2.5&#8243;, Taxa de transfer\u00eancia de dados: 6 Gbit\/s, Componente para: Servidor\/workstation<\/p>\n","protected":false},"featured_media":11608,"comment_status":"open","ping_status":"closed","template":"","meta":{"_joinchat":[]},"product_brand":[838],"product_cat":[341,378],"product_tag":[],"class_list":{"0":"post-11607","1":"product","2":"type-product","3":"status-publish","4":"has-post-thumbnail","6":"product_brand-dell","7":"product_cat-armazenamentos","8":"product_cat-informatica","10":"first","11":"instock","12":"shipping-taxable","13":"purchasable","14":"product-type-simple"},"yoast_head":"<!-- This site is optimized with the Yoast SEO plugin v27.4 - https:\/\/yoast.com\/product\/yoast-seo-wordpress\/ -->\n<title>DELL 960GB SSD SATA RI 6Gbps 512e 2.5inch Hot-Plug CK Part number: 345-BDRK EAN: 5397184922873 - Cyberlogics Technologies Angola<\/title>\n<meta name=\"description\" content=\"A Maior Loja Online de Angola de Licen\u00e7as Microsoft Office | Chaves Sistemas Operativos Windows | Antiv\u00edrus | Cloud Adobe | Inform\u00e1tica &amp; Servidores | Softwares de Gest\u00e3o ERP | Gaming Hardware | UPS e Baterias &amp; Muito Mais...\" \/>\n<meta name=\"robots\" content=\"index, follow, max-snippet:-1, max-image-preview:large, max-video-preview:-1\" \/>\n<link rel=\"canonical\" href=\"https:\/\/cyberlogics.ao\/index.php\/product\/dell-960gb-ssd-sata-ri-6gbps-512e-2-5inch-hot-plug-ck-part-number-345-bdrk-ean-5397184922873\/\" \/>\n<meta property=\"og:locale\" content=\"pt_PT\" \/>\n<meta property=\"og:type\" content=\"article\" \/>\n<meta property=\"og:title\" content=\"DELL 960GB SSD SATA RI 6Gbps 512e 2.5inch Hot-Plug CK Part number: 345-BDRK EAN: 5397184922873 - Cyberlogics Technologies Angola\" \/>\n<meta property=\"og:description\" content=\"A Maior Loja Online de Angola de Licen\u00e7as Microsoft Office | Chaves Sistemas Operativos Windows | Antiv\u00edrus | Cloud Adobe | Inform\u00e1tica &amp; Servidores | Softwares de Gest\u00e3o ERP | Gaming Hardware | UPS e Baterias &amp; Muito Mais...\" \/>\n<meta property=\"og:url\" content=\"https:\/\/cyberlogics.ao\/index.php\/product\/dell-960gb-ssd-sata-ri-6gbps-512e-2-5inch-hot-plug-ck-part-number-345-bdrk-ean-5397184922873\/\" \/>\n<meta property=\"og:site_name\" content=\"Cyberlogics Technologies Angola\" \/>\n<meta property=\"og:image\" content=\"http:\/\/cyberlogics.ao\/wp-content\/uploads\/2026\/03\/045367d44b47a1e388a436da02e8f676a5c35e56_1763734_345_BDRK_image1.jpg\" \/>\n\t<meta property=\"og:image:width\" content=\"500\" \/>\n\t<meta property=\"og:image:height\" content=\"500\" \/>\n\t<meta property=\"og:image:type\" content=\"image\/jpeg\" \/>\n<meta name=\"twitter:card\" content=\"summary_large_image\" \/>\n<meta name=\"twitter:label1\" content=\"Tempo estimado de leitura\" \/>\n\t<meta name=\"twitter:data1\" content=\"1 minuto\" \/>\n<script type=\"application\/ld+json\" class=\"yoast-schema-graph\">{\"@context\":\"https:\\\/\\\/schema.org\",\"@graph\":[{\"@type\":\"WebPage\",\"@id\":\"https:\\\/\\\/cyberlogics.ao\\\/index.php\\\/product\\\/dell-960gb-ssd-sata-ri-6gbps-512e-2-5inch-hot-plug-ck-part-number-345-bdrk-ean-5397184922873\\\/\",\"url\":\"https:\\\/\\\/cyberlogics.ao\\\/index.php\\\/product\\\/dell-960gb-ssd-sata-ri-6gbps-512e-2-5inch-hot-plug-ck-part-number-345-bdrk-ean-5397184922873\\\/\",\"name\":\"DELL 960GB SSD SATA RI 6Gbps 512e 2.5inch Hot-Plug CK Part number: 345-BDRK EAN: 5397184922873 - Cyberlogics Technologies Angola\",\"isPartOf\":{\"@id\":\"https:\\\/\\\/cyberlogics.ao\\\/#website\"},\"primaryImageOfPage\":{\"@id\":\"https:\\\/\\\/cyberlogics.ao\\\/index.php\\\/product\\\/dell-960gb-ssd-sata-ri-6gbps-512e-2-5inch-hot-plug-ck-part-number-345-bdrk-ean-5397184922873\\\/#primaryimage\"},\"image\":{\"@id\":\"https:\\\/\\\/cyberlogics.ao\\\/index.php\\\/product\\\/dell-960gb-ssd-sata-ri-6gbps-512e-2-5inch-hot-plug-ck-part-number-345-bdrk-ean-5397184922873\\\/#primaryimage\"},\"thumbnailUrl\":\"https:\\\/\\\/cyberlogics.ao\\\/wp-content\\\/uploads\\\/2026\\\/03\\\/045367d44b47a1e388a436da02e8f676a5c35e56_1763734_345_BDRK_image1.jpg\",\"datePublished\":\"2026-03-10T13:43:10+00:00\",\"description\":\"A Maior Loja Online de Angola de Licen\u00e7as Microsoft Office | Chaves Sistemas Operativos Windows | Antiv\u00edrus | Cloud Adobe | Inform\u00e1tica & Servidores | Softwares de Gest\u00e3o ERP | Gaming Hardware | UPS e Baterias & Muito Mais...\",\"breadcrumb\":{\"@id\":\"https:\\\/\\\/cyberlogics.ao\\\/index.php\\\/product\\\/dell-960gb-ssd-sata-ri-6gbps-512e-2-5inch-hot-plug-ck-part-number-345-bdrk-ean-5397184922873\\\/#breadcrumb\"},\"inLanguage\":\"pt-PT\",\"potentialAction\":[{\"@type\":\"ReadAction\",\"target\":[\"https:\\\/\\\/cyberlogics.ao\\\/index.php\\\/product\\\/dell-960gb-ssd-sata-ri-6gbps-512e-2-5inch-hot-plug-ck-part-number-345-bdrk-ean-5397184922873\\\/\"]}]},{\"@type\":\"ImageObject\",\"inLanguage\":\"pt-PT\",\"@id\":\"https:\\\/\\\/cyberlogics.ao\\\/index.php\\\/product\\\/dell-960gb-ssd-sata-ri-6gbps-512e-2-5inch-hot-plug-ck-part-number-345-bdrk-ean-5397184922873\\\/#primaryimage\",\"url\":\"https:\\\/\\\/cyberlogics.ao\\\/wp-content\\\/uploads\\\/2026\\\/03\\\/045367d44b47a1e388a436da02e8f676a5c35e56_1763734_345_BDRK_image1.jpg\",\"contentUrl\":\"https:\\\/\\\/cyberlogics.ao\\\/wp-content\\\/uploads\\\/2026\\\/03\\\/045367d44b47a1e388a436da02e8f676a5c35e56_1763734_345_BDRK_image1.jpg\",\"width\":500,\"height\":500},{\"@type\":\"BreadcrumbList\",\"@id\":\"https:\\\/\\\/cyberlogics.ao\\\/index.php\\\/product\\\/dell-960gb-ssd-sata-ri-6gbps-512e-2-5inch-hot-plug-ck-part-number-345-bdrk-ean-5397184922873\\\/#breadcrumb\",\"itemListElement\":[{\"@type\":\"ListItem\",\"position\":1,\"name\":\"In\u00edcio\",\"item\":\"https:\\\/\\\/cyberlogics.ao\\\/\"},{\"@type\":\"ListItem\",\"position\":2,\"name\":\"Produtos\",\"item\":\"https:\\\/\\\/cyberlogics.ao\\\/index.php\\\/shop-2\\\/\"},{\"@type\":\"ListItem\",\"position\":3,\"name\":\"DELL 960GB SSD SATA RI 6Gbps 512e 2.5inch Hot-Plug CK Part number: 345-BDRK EAN: 5397184922873\"}]},{\"@type\":\"WebSite\",\"@id\":\"https:\\\/\\\/cyberlogics.ao\\\/#website\",\"url\":\"https:\\\/\\\/cyberlogics.ao\\\/\",\"name\":\"Cyberlogics Technologies Angola\",\"description\":\"Loja Online de Licen\u00e7as de Softwares e Inform\u00e1tica\",\"publisher\":{\"@id\":\"https:\\\/\\\/cyberlogics.ao\\\/#organization\"},\"potentialAction\":[{\"@type\":\"SearchAction\",\"target\":{\"@type\":\"EntryPoint\",\"urlTemplate\":\"https:\\\/\\\/cyberlogics.ao\\\/?s={search_term_string}\"},\"query-input\":{\"@type\":\"PropertyValueSpecification\",\"valueRequired\":true,\"valueName\":\"search_term_string\"}}],\"inLanguage\":\"pt-PT\"},{\"@type\":\"Organization\",\"@id\":\"https:\\\/\\\/cyberlogics.ao\\\/#organization\",\"name\":\"Cyberlogics Ao Technologies - Loja Online de Licen\u00e7as de Softwares e Inform\u00e1tica\",\"url\":\"https:\\\/\\\/cyberlogics.ao\\\/\",\"logo\":{\"@type\":\"ImageObject\",\"inLanguage\":\"pt-PT\",\"@id\":\"https:\\\/\\\/cyberlogics.ao\\\/#\\\/schema\\\/logo\\\/image\\\/\",\"url\":\"https:\\\/\\\/cyberlogics.ao\\\/wp-content\\\/uploads\\\/2022\\\/04\\\/CT-logo.png\",\"contentUrl\":\"https:\\\/\\\/cyberlogics.ao\\\/wp-content\\\/uploads\\\/2022\\\/04\\\/CT-logo.png\",\"width\":190,\"height\":75,\"caption\":\"Cyberlogics Ao Technologies - Loja Online de Licen\u00e7as de Softwares e Inform\u00e1tica\"},\"image\":{\"@id\":\"https:\\\/\\\/cyberlogics.ao\\\/#\\\/schema\\\/logo\\\/image\\\/\"}}]}<\/script>\n<!-- \/ Yoast SEO plugin. -->","yoast_head_json":{"title":"DELL 960GB SSD SATA RI 6Gbps 512e 2.5inch Hot-Plug CK Part number: 345-BDRK EAN: 5397184922873 - Cyberlogics Technologies Angola","description":"A Maior Loja Online de Angola de Licen\u00e7as Microsoft Office | Chaves Sistemas Operativos Windows | Antiv\u00edrus | Cloud Adobe | Inform\u00e1tica & Servidores | Softwares de Gest\u00e3o ERP | Gaming Hardware | UPS e Baterias & Muito Mais...","robots":{"index":"index","follow":"follow","max-snippet":"max-snippet:-1","max-image-preview":"max-image-preview:large","max-video-preview":"max-video-preview:-1"},"canonical":"https:\/\/cyberlogics.ao\/index.php\/product\/dell-960gb-ssd-sata-ri-6gbps-512e-2-5inch-hot-plug-ck-part-number-345-bdrk-ean-5397184922873\/","og_locale":"pt_PT","og_type":"article","og_title":"DELL 960GB SSD SATA RI 6Gbps 512e 2.5inch Hot-Plug CK Part number: 345-BDRK EAN: 5397184922873 - Cyberlogics Technologies Angola","og_description":"A Maior Loja Online de Angola de Licen\u00e7as Microsoft Office | Chaves Sistemas Operativos Windows | Antiv\u00edrus | Cloud Adobe | Inform\u00e1tica & Servidores | Softwares de Gest\u00e3o ERP | Gaming Hardware | UPS e Baterias & Muito Mais...","og_url":"https:\/\/cyberlogics.ao\/index.php\/product\/dell-960gb-ssd-sata-ri-6gbps-512e-2-5inch-hot-plug-ck-part-number-345-bdrk-ean-5397184922873\/","og_site_name":"Cyberlogics Technologies Angola","og_image":[{"width":500,"height":500,"url":"http:\/\/cyberlogics.ao\/wp-content\/uploads\/2026\/03\/045367d44b47a1e388a436da02e8f676a5c35e56_1763734_345_BDRK_image1.jpg","type":"image\/jpeg"}],"twitter_card":"summary_large_image","twitter_misc":{"Tempo estimado de leitura":"1 minuto"},"schema":{"@context":"https:\/\/schema.org","@graph":[{"@type":"WebPage","@id":"https:\/\/cyberlogics.ao\/index.php\/product\/dell-960gb-ssd-sata-ri-6gbps-512e-2-5inch-hot-plug-ck-part-number-345-bdrk-ean-5397184922873\/","url":"https:\/\/cyberlogics.ao\/index.php\/product\/dell-960gb-ssd-sata-ri-6gbps-512e-2-5inch-hot-plug-ck-part-number-345-bdrk-ean-5397184922873\/","name":"DELL 960GB SSD SATA RI 6Gbps 512e 2.5inch Hot-Plug CK Part number: 345-BDRK EAN: 5397184922873 - Cyberlogics Technologies Angola","isPartOf":{"@id":"https:\/\/cyberlogics.ao\/#website"},"primaryImageOfPage":{"@id":"https:\/\/cyberlogics.ao\/index.php\/product\/dell-960gb-ssd-sata-ri-6gbps-512e-2-5inch-hot-plug-ck-part-number-345-bdrk-ean-5397184922873\/#primaryimage"},"image":{"@id":"https:\/\/cyberlogics.ao\/index.php\/product\/dell-960gb-ssd-sata-ri-6gbps-512e-2-5inch-hot-plug-ck-part-number-345-bdrk-ean-5397184922873\/#primaryimage"},"thumbnailUrl":"https:\/\/cyberlogics.ao\/wp-content\/uploads\/2026\/03\/045367d44b47a1e388a436da02e8f676a5c35e56_1763734_345_BDRK_image1.jpg","datePublished":"2026-03-10T13:43:10+00:00","description":"A Maior Loja Online de Angola de Licen\u00e7as Microsoft Office | Chaves Sistemas Operativos Windows | Antiv\u00edrus | Cloud Adobe | Inform\u00e1tica & Servidores | Softwares de Gest\u00e3o ERP | Gaming Hardware | UPS e Baterias & Muito Mais...","breadcrumb":{"@id":"https:\/\/cyberlogics.ao\/index.php\/product\/dell-960gb-ssd-sata-ri-6gbps-512e-2-5inch-hot-plug-ck-part-number-345-bdrk-ean-5397184922873\/#breadcrumb"},"inLanguage":"pt-PT","potentialAction":[{"@type":"ReadAction","target":["https:\/\/cyberlogics.ao\/index.php\/product\/dell-960gb-ssd-sata-ri-6gbps-512e-2-5inch-hot-plug-ck-part-number-345-bdrk-ean-5397184922873\/"]}]},{"@type":"ImageObject","inLanguage":"pt-PT","@id":"https:\/\/cyberlogics.ao\/index.php\/product\/dell-960gb-ssd-sata-ri-6gbps-512e-2-5inch-hot-plug-ck-part-number-345-bdrk-ean-5397184922873\/#primaryimage","url":"https:\/\/cyberlogics.ao\/wp-content\/uploads\/2026\/03\/045367d44b47a1e388a436da02e8f676a5c35e56_1763734_345_BDRK_image1.jpg","contentUrl":"https:\/\/cyberlogics.ao\/wp-content\/uploads\/2026\/03\/045367d44b47a1e388a436da02e8f676a5c35e56_1763734_345_BDRK_image1.jpg","width":500,"height":500},{"@type":"BreadcrumbList","@id":"https:\/\/cyberlogics.ao\/index.php\/product\/dell-960gb-ssd-sata-ri-6gbps-512e-2-5inch-hot-plug-ck-part-number-345-bdrk-ean-5397184922873\/#breadcrumb","itemListElement":[{"@type":"ListItem","position":1,"name":"In\u00edcio","item":"https:\/\/cyberlogics.ao\/"},{"@type":"ListItem","position":2,"name":"Produtos","item":"https:\/\/cyberlogics.ao\/index.php\/shop-2\/"},{"@type":"ListItem","position":3,"name":"DELL 960GB SSD SATA RI 6Gbps 512e 2.5inch Hot-Plug CK Part number: 345-BDRK EAN: 5397184922873"}]},{"@type":"WebSite","@id":"https:\/\/cyberlogics.ao\/#website","url":"https:\/\/cyberlogics.ao\/","name":"Cyberlogics Technologies Angola","description":"Loja Online de Licen\u00e7as de Softwares e Inform\u00e1tica","publisher":{"@id":"https:\/\/cyberlogics.ao\/#organization"},"potentialAction":[{"@type":"SearchAction","target":{"@type":"EntryPoint","urlTemplate":"https:\/\/cyberlogics.ao\/?s={search_term_string}"},"query-input":{"@type":"PropertyValueSpecification","valueRequired":true,"valueName":"search_term_string"}}],"inLanguage":"pt-PT"},{"@type":"Organization","@id":"https:\/\/cyberlogics.ao\/#organization","name":"Cyberlogics Ao Technologies - Loja Online de Licen\u00e7as de Softwares e Inform\u00e1tica","url":"https:\/\/cyberlogics.ao\/","logo":{"@type":"ImageObject","inLanguage":"pt-PT","@id":"https:\/\/cyberlogics.ao\/#\/schema\/logo\/image\/","url":"https:\/\/cyberlogics.ao\/wp-content\/uploads\/2022\/04\/CT-logo.png","contentUrl":"https:\/\/cyberlogics.ao\/wp-content\/uploads\/2022\/04\/CT-logo.png","width":190,"height":75,"caption":"Cyberlogics Ao Technologies - Loja Online de Licen\u00e7as de Softwares e Inform\u00e1tica"},"image":{"@id":"https:\/\/cyberlogics.ao\/#\/schema\/logo\/image\/"}}]}},"_links":{"self":[{"href":"https:\/\/cyberlogics.ao\/index.php\/wp-json\/wp\/v2\/product\/11607","targetHints":{"allow":["GET"]}}],"collection":[{"href":"https:\/\/cyberlogics.ao\/index.php\/wp-json\/wp\/v2\/product"}],"about":[{"href":"https:\/\/cyberlogics.ao\/index.php\/wp-json\/wp\/v2\/types\/product"}],"replies":[{"embeddable":true,"href":"https:\/\/cyberlogics.ao\/index.php\/wp-json\/wp\/v2\/comments?post=11607"}],"wp:featuredmedia":[{"embeddable":true,"href":"https:\/\/cyberlogics.ao\/index.php\/wp-json\/wp\/v2\/media\/11608"}],"wp:attachment":[{"href":"https:\/\/cyberlogics.ao\/index.php\/wp-json\/wp\/v2\/media?parent=11607"}],"wp:term":[{"taxonomy":"product_brand","embeddable":true,"href":"https:\/\/cyberlogics.ao\/index.php\/wp-json\/wp\/v2\/product_brand?post=11607"},{"taxonomy":"product_cat","embeddable":true,"href":"https:\/\/cyberlogics.ao\/index.php\/wp-json\/wp\/v2\/product_cat?post=11607"},{"taxonomy":"product_tag","embeddable":true,"href":"https:\/\/cyberlogics.ao\/index.php\/wp-json\/wp\/v2\/product_tag?post=11607"}],"curies":[{"name":"wp","href":"https:\/\/api.w.org\/{rel}","templated":true}]}}