{"id":11610,"date":"2026-03-10T14:08:11","date_gmt":"2026-03-10T14:08:11","guid":{"rendered":"https:\/\/cyberlogics.ao\/?post_type=product&#038;p=11610"},"modified":"2026-03-10T14:08:11","modified_gmt":"2026-03-10T14:08:11","slug":"dell-161-bchf-unidade-de-disco-rigido-24-tb-10000-rpm-2-5-sas-part-number-161-bchf-ean-5397184878163","status":"publish","type":"product","link":"https:\/\/cyberlogics.ao\/index.php\/product\/dell-161-bchf-unidade-de-disco-rigido-24-tb-10000-rpm-2-5-sas-part-number-161-bchf-ean-5397184878163\/","title":{"rendered":"DELL 161-BCHF unidade de disco r\u00edgido 2,4 TB 10000 RPM 2.5&#8243; SAS Part number: 161-BCHF EAN: 5397184878163"},"content":{"rendered":"<div class=\"features-group-title\">Caracter\u00edsticas<\/div>\n<div class=\"features-group-row\">\n<div class=\"single-feature-label\" data-feature-id=\"icecat_automatic_9163_185\">Componente para<\/div>\n<div class=\"single-feature-value\">\n<div class=\"features-group-row__value-text\">Servidor\/workstation<\/div>\n<\/div>\n<\/div>\n<div class=\"features-group-row\">\n<div class=\"single-feature-label\" data-feature-id=\"icecat_automatic_31_185\">Tipo<\/div>\n<div class=\"single-feature-value\">\n<div class=\"features-group-row__value-text\">HDD<\/div>\n<\/div>\n<\/div>\n<div class=\"features-group-row\">\n<div class=\"single-feature-label\" data-feature-id=\"icecat_automatic_7_185\">Capacidade do Disco R\u00edgido<\/div>\n<div class=\"single-feature-value\">\n<div class=\"features-group-row__value-text\">2400 GB<\/div>\n<\/div>\n<\/div>\n<div class=\"features-group-row\">\n<div class=\"single-feature-label\" data-feature-id=\"icecat_automatic_17979_185\">Velocidade de transfer\u00eancia da interface do disco r\u00edgido<\/div>\n<div class=\"single-feature-value\">\n<div class=\"features-group-row__value-text\">12 Gbit\/s<\/div>\n<\/div>\n<\/div>\n<div class=\"features-group-row\">\n<div class=\"single-feature-label\" data-feature-id=\"icecat_automatic_21_185\">Interface<\/div>\n<div class=\"single-feature-value\">\n<div class=\"features-group-row__value-text\">SAS<\/div>\n<\/div>\n<\/div>\n<div class=\"features-group-row\">\n<div class=\"single-feature-label\" data-feature-id=\"icecat_automatic_430_185\">Velocidade do disco r\u00edgido<\/div>\n<div class=\"single-feature-value\">\n<div class=\"features-group-row__value-text\">10000<\/div>\n<\/div>\n<\/div>\n<div class=\"features-group-row\">\n<div class=\"single-feature-label\" data-feature-id=\"icecat_automatic_1926_185\">Tamanho do disco r\u00edgido<\/div>\n<div class=\"single-feature-value\">\n<div class=\"features-group-row__value-text\">2.5<\/div>\n<\/div>\n<\/div>\n<div class=\"features-group-row\">\n<div class=\"single-feature-label\" data-feature-id=\"icecat_automatic_3100_185\">Bytes por setor<\/div>\n<div class=\"single-feature-value\">\n<div class=\"features-group-row__value-text\">512e<\/div>\n<\/div>\n<\/div>\n<div class=\"features-group-row\">\n<div class=\"single-feature-label\" data-feature-id=\"icecat_automatic_5576_185\">Hot-swap<\/div>\n<div class=\"single-feature-value\">\n<div class=\"features-group-row__value-text\">Sim<\/div>\n<\/div>\n<\/div>\n","protected":false},"excerpt":{"rendered":"<p>2,4 TB 2.5&#8243; 10000 RPM SAS<\/p>\n<p>&gt;Servidor\/workstation HDD<\/p>\n<p>&gt;12 Gbit\/s<\/p>\n","protected":false},"featured_media":11611,"comment_status":"open","ping_status":"closed","template":"","meta":{"_joinchat":[]},"product_brand":[838],"product_cat":[341,378],"product_tag":[],"class_list":{"0":"post-11610","1":"product","2":"type-product","3":"status-publish","4":"has-post-thumbnail","6":"product_brand-dell","7":"product_cat-armazenamentos","8":"product_cat-informatica","10":"first","11":"instock","12":"shipping-taxable","13":"purchasable","14":"product-type-simple"},"yoast_head":"<!-- This site is optimized with the Yoast SEO plugin v27.4 - https:\/\/yoast.com\/product\/yoast-seo-wordpress\/ -->\n<title>DELL 161-BCHF unidade de disco r\u00edgido 2,4 TB 10000 RPM 2.5&quot; SAS Part number: 161-BCHF EAN: 5397184878163 - Cyberlogics Technologies Angola<\/title>\n<meta name=\"description\" content=\"A Maior Loja Online de Angola de Licen\u00e7as Microsoft Office | Chaves Sistemas Operativos Windows | Antiv\u00edrus | Cloud Adobe | Inform\u00e1tica &amp; Servidores | Softwares de Gest\u00e3o ERP | Gaming Hardware | UPS e Baterias &amp; Muito Mais...\" \/>\n<meta name=\"robots\" content=\"index, follow, max-snippet:-1, max-image-preview:large, max-video-preview:-1\" \/>\n<link rel=\"canonical\" href=\"https:\/\/cyberlogics.ao\/index.php\/product\/dell-161-bchf-unidade-de-disco-rigido-24-tb-10000-rpm-2-5-sas-part-number-161-bchf-ean-5397184878163\/\" \/>\n<meta property=\"og:locale\" content=\"pt_PT\" \/>\n<meta property=\"og:type\" content=\"article\" \/>\n<meta property=\"og:title\" content=\"DELL 161-BCHF unidade de disco r\u00edgido 2,4 TB 10000 RPM 2.5&quot; SAS Part number: 161-BCHF EAN: 5397184878163 - Cyberlogics Technologies Angola\" \/>\n<meta property=\"og:description\" content=\"A Maior Loja Online de Angola de Licen\u00e7as Microsoft Office | Chaves Sistemas Operativos Windows | Antiv\u00edrus | Cloud Adobe | Inform\u00e1tica &amp; Servidores | Softwares de Gest\u00e3o ERP | Gaming Hardware | UPS e Baterias &amp; Muito Mais...\" \/>\n<meta property=\"og:url\" content=\"https:\/\/cyberlogics.ao\/index.php\/product\/dell-161-bchf-unidade-de-disco-rigido-24-tb-10000-rpm-2-5-sas-part-number-161-bchf-ean-5397184878163\/\" \/>\n<meta property=\"og:site_name\" content=\"Cyberlogics Technologies Angola\" \/>\n<meta property=\"og:image\" content=\"http:\/\/cyberlogics.ao\/wp-content\/uploads\/2026\/03\/9ffdca1794e096604abce0b2b7ecf3af7dc41373_161_BCHF_v1.webp\" \/>\n\t<meta property=\"og:image:width\" content=\"500\" \/>\n\t<meta property=\"og:image:height\" content=\"500\" \/>\n\t<meta property=\"og:image:type\" content=\"image\/webp\" \/>\n<meta name=\"twitter:card\" content=\"summary_large_image\" \/>\n<script type=\"application\/ld+json\" class=\"yoast-schema-graph\">{\"@context\":\"https:\\\/\\\/schema.org\",\"@graph\":[{\"@type\":\"WebPage\",\"@id\":\"https:\\\/\\\/cyberlogics.ao\\\/index.php\\\/product\\\/dell-161-bchf-unidade-de-disco-rigido-24-tb-10000-rpm-2-5-sas-part-number-161-bchf-ean-5397184878163\\\/\",\"url\":\"https:\\\/\\\/cyberlogics.ao\\\/index.php\\\/product\\\/dell-161-bchf-unidade-de-disco-rigido-24-tb-10000-rpm-2-5-sas-part-number-161-bchf-ean-5397184878163\\\/\",\"name\":\"DELL 161-BCHF unidade de disco r\u00edgido 2,4 TB 10000 RPM 2.5\\\" SAS Part number: 161-BCHF EAN: 5397184878163 - Cyberlogics Technologies Angola\",\"isPartOf\":{\"@id\":\"https:\\\/\\\/cyberlogics.ao\\\/#website\"},\"primaryImageOfPage\":{\"@id\":\"https:\\\/\\\/cyberlogics.ao\\\/index.php\\\/product\\\/dell-161-bchf-unidade-de-disco-rigido-24-tb-10000-rpm-2-5-sas-part-number-161-bchf-ean-5397184878163\\\/#primaryimage\"},\"image\":{\"@id\":\"https:\\\/\\\/cyberlogics.ao\\\/index.php\\\/product\\\/dell-161-bchf-unidade-de-disco-rigido-24-tb-10000-rpm-2-5-sas-part-number-161-bchf-ean-5397184878163\\\/#primaryimage\"},\"thumbnailUrl\":\"https:\\\/\\\/cyberlogics.ao\\\/wp-content\\\/uploads\\\/2026\\\/03\\\/9ffdca1794e096604abce0b2b7ecf3af7dc41373_161_BCHF_v1.webp\",\"datePublished\":\"2026-03-10T14:08:11+00:00\",\"description\":\"A Maior Loja Online de Angola de Licen\u00e7as Microsoft Office | Chaves Sistemas Operativos Windows | Antiv\u00edrus | Cloud Adobe | Inform\u00e1tica & Servidores | Softwares de Gest\u00e3o ERP | Gaming Hardware | UPS e Baterias & Muito Mais...\",\"breadcrumb\":{\"@id\":\"https:\\\/\\\/cyberlogics.ao\\\/index.php\\\/product\\\/dell-161-bchf-unidade-de-disco-rigido-24-tb-10000-rpm-2-5-sas-part-number-161-bchf-ean-5397184878163\\\/#breadcrumb\"},\"inLanguage\":\"pt-PT\",\"potentialAction\":[{\"@type\":\"ReadAction\",\"target\":[\"https:\\\/\\\/cyberlogics.ao\\\/index.php\\\/product\\\/dell-161-bchf-unidade-de-disco-rigido-24-tb-10000-rpm-2-5-sas-part-number-161-bchf-ean-5397184878163\\\/\"]}]},{\"@type\":\"ImageObject\",\"inLanguage\":\"pt-PT\",\"@id\":\"https:\\\/\\\/cyberlogics.ao\\\/index.php\\\/product\\\/dell-161-bchf-unidade-de-disco-rigido-24-tb-10000-rpm-2-5-sas-part-number-161-bchf-ean-5397184878163\\\/#primaryimage\",\"url\":\"https:\\\/\\\/cyberlogics.ao\\\/wp-content\\\/uploads\\\/2026\\\/03\\\/9ffdca1794e096604abce0b2b7ecf3af7dc41373_161_BCHF_v1.webp\",\"contentUrl\":\"https:\\\/\\\/cyberlogics.ao\\\/wp-content\\\/uploads\\\/2026\\\/03\\\/9ffdca1794e096604abce0b2b7ecf3af7dc41373_161_BCHF_v1.webp\",\"width\":500,\"height\":500},{\"@type\":\"BreadcrumbList\",\"@id\":\"https:\\\/\\\/cyberlogics.ao\\\/index.php\\\/product\\\/dell-161-bchf-unidade-de-disco-rigido-24-tb-10000-rpm-2-5-sas-part-number-161-bchf-ean-5397184878163\\\/#breadcrumb\",\"itemListElement\":[{\"@type\":\"ListItem\",\"position\":1,\"name\":\"In\u00edcio\",\"item\":\"https:\\\/\\\/cyberlogics.ao\\\/\"},{\"@type\":\"ListItem\",\"position\":2,\"name\":\"Produtos\",\"item\":\"https:\\\/\\\/cyberlogics.ao\\\/index.php\\\/shop-2\\\/\"},{\"@type\":\"ListItem\",\"position\":3,\"name\":\"DELL 161-BCHF unidade de disco r\u00edgido 2,4 TB 10000 RPM 2.5&#8243; SAS Part number: 161-BCHF EAN: 5397184878163\"}]},{\"@type\":\"WebSite\",\"@id\":\"https:\\\/\\\/cyberlogics.ao\\\/#website\",\"url\":\"https:\\\/\\\/cyberlogics.ao\\\/\",\"name\":\"Cyberlogics Technologies Angola\",\"description\":\"Loja Online de Licen\u00e7as de Softwares e Inform\u00e1tica\",\"publisher\":{\"@id\":\"https:\\\/\\\/cyberlogics.ao\\\/#organization\"},\"potentialAction\":[{\"@type\":\"SearchAction\",\"target\":{\"@type\":\"EntryPoint\",\"urlTemplate\":\"https:\\\/\\\/cyberlogics.ao\\\/?s={search_term_string}\"},\"query-input\":{\"@type\":\"PropertyValueSpecification\",\"valueRequired\":true,\"valueName\":\"search_term_string\"}}],\"inLanguage\":\"pt-PT\"},{\"@type\":\"Organization\",\"@id\":\"https:\\\/\\\/cyberlogics.ao\\\/#organization\",\"name\":\"Cyberlogics Ao Technologies - Loja Online de Licen\u00e7as de Softwares e Inform\u00e1tica\",\"url\":\"https:\\\/\\\/cyberlogics.ao\\\/\",\"logo\":{\"@type\":\"ImageObject\",\"inLanguage\":\"pt-PT\",\"@id\":\"https:\\\/\\\/cyberlogics.ao\\\/#\\\/schema\\\/logo\\\/image\\\/\",\"url\":\"https:\\\/\\\/cyberlogics.ao\\\/wp-content\\\/uploads\\\/2022\\\/04\\\/CT-logo.png\",\"contentUrl\":\"https:\\\/\\\/cyberlogics.ao\\\/wp-content\\\/uploads\\\/2022\\\/04\\\/CT-logo.png\",\"width\":190,\"height\":75,\"caption\":\"Cyberlogics Ao Technologies - Loja Online de Licen\u00e7as de Softwares e Inform\u00e1tica\"},\"image\":{\"@id\":\"https:\\\/\\\/cyberlogics.ao\\\/#\\\/schema\\\/logo\\\/image\\\/\"}}]}<\/script>\n<!-- \/ Yoast SEO plugin. -->","yoast_head_json":{"title":"DELL 161-BCHF unidade de disco r\u00edgido 2,4 TB 10000 RPM 2.5\" SAS Part number: 161-BCHF EAN: 5397184878163 - Cyberlogics Technologies Angola","description":"A Maior Loja Online de Angola de Licen\u00e7as Microsoft Office | Chaves Sistemas Operativos Windows | Antiv\u00edrus | Cloud Adobe | Inform\u00e1tica & Servidores | Softwares de Gest\u00e3o ERP | Gaming Hardware | UPS e Baterias & Muito Mais...","robots":{"index":"index","follow":"follow","max-snippet":"max-snippet:-1","max-image-preview":"max-image-preview:large","max-video-preview":"max-video-preview:-1"},"canonical":"https:\/\/cyberlogics.ao\/index.php\/product\/dell-161-bchf-unidade-de-disco-rigido-24-tb-10000-rpm-2-5-sas-part-number-161-bchf-ean-5397184878163\/","og_locale":"pt_PT","og_type":"article","og_title":"DELL 161-BCHF unidade de disco r\u00edgido 2,4 TB 10000 RPM 2.5\" SAS Part number: 161-BCHF EAN: 5397184878163 - Cyberlogics Technologies Angola","og_description":"A Maior Loja Online de Angola de Licen\u00e7as Microsoft Office | Chaves Sistemas Operativos Windows | Antiv\u00edrus | Cloud Adobe | Inform\u00e1tica & Servidores | Softwares de Gest\u00e3o ERP | Gaming Hardware | UPS e Baterias & Muito Mais...","og_url":"https:\/\/cyberlogics.ao\/index.php\/product\/dell-161-bchf-unidade-de-disco-rigido-24-tb-10000-rpm-2-5-sas-part-number-161-bchf-ean-5397184878163\/","og_site_name":"Cyberlogics Technologies Angola","og_image":[{"width":500,"height":500,"url":"http:\/\/cyberlogics.ao\/wp-content\/uploads\/2026\/03\/9ffdca1794e096604abce0b2b7ecf3af7dc41373_161_BCHF_v1.webp","type":"image\/webp"}],"twitter_card":"summary_large_image","schema":{"@context":"https:\/\/schema.org","@graph":[{"@type":"WebPage","@id":"https:\/\/cyberlogics.ao\/index.php\/product\/dell-161-bchf-unidade-de-disco-rigido-24-tb-10000-rpm-2-5-sas-part-number-161-bchf-ean-5397184878163\/","url":"https:\/\/cyberlogics.ao\/index.php\/product\/dell-161-bchf-unidade-de-disco-rigido-24-tb-10000-rpm-2-5-sas-part-number-161-bchf-ean-5397184878163\/","name":"DELL 161-BCHF unidade de disco r\u00edgido 2,4 TB 10000 RPM 2.5\" SAS Part number: 161-BCHF EAN: 5397184878163 - Cyberlogics Technologies Angola","isPartOf":{"@id":"https:\/\/cyberlogics.ao\/#website"},"primaryImageOfPage":{"@id":"https:\/\/cyberlogics.ao\/index.php\/product\/dell-161-bchf-unidade-de-disco-rigido-24-tb-10000-rpm-2-5-sas-part-number-161-bchf-ean-5397184878163\/#primaryimage"},"image":{"@id":"https:\/\/cyberlogics.ao\/index.php\/product\/dell-161-bchf-unidade-de-disco-rigido-24-tb-10000-rpm-2-5-sas-part-number-161-bchf-ean-5397184878163\/#primaryimage"},"thumbnailUrl":"https:\/\/cyberlogics.ao\/wp-content\/uploads\/2026\/03\/9ffdca1794e096604abce0b2b7ecf3af7dc41373_161_BCHF_v1.webp","datePublished":"2026-03-10T14:08:11+00:00","description":"A Maior Loja Online de Angola de Licen\u00e7as Microsoft Office | Chaves Sistemas Operativos Windows | Antiv\u00edrus | Cloud Adobe | Inform\u00e1tica & Servidores | Softwares de Gest\u00e3o ERP | Gaming Hardware | UPS e Baterias & Muito Mais...","breadcrumb":{"@id":"https:\/\/cyberlogics.ao\/index.php\/product\/dell-161-bchf-unidade-de-disco-rigido-24-tb-10000-rpm-2-5-sas-part-number-161-bchf-ean-5397184878163\/#breadcrumb"},"inLanguage":"pt-PT","potentialAction":[{"@type":"ReadAction","target":["https:\/\/cyberlogics.ao\/index.php\/product\/dell-161-bchf-unidade-de-disco-rigido-24-tb-10000-rpm-2-5-sas-part-number-161-bchf-ean-5397184878163\/"]}]},{"@type":"ImageObject","inLanguage":"pt-PT","@id":"https:\/\/cyberlogics.ao\/index.php\/product\/dell-161-bchf-unidade-de-disco-rigido-24-tb-10000-rpm-2-5-sas-part-number-161-bchf-ean-5397184878163\/#primaryimage","url":"https:\/\/cyberlogics.ao\/wp-content\/uploads\/2026\/03\/9ffdca1794e096604abce0b2b7ecf3af7dc41373_161_BCHF_v1.webp","contentUrl":"https:\/\/cyberlogics.ao\/wp-content\/uploads\/2026\/03\/9ffdca1794e096604abce0b2b7ecf3af7dc41373_161_BCHF_v1.webp","width":500,"height":500},{"@type":"BreadcrumbList","@id":"https:\/\/cyberlogics.ao\/index.php\/product\/dell-161-bchf-unidade-de-disco-rigido-24-tb-10000-rpm-2-5-sas-part-number-161-bchf-ean-5397184878163\/#breadcrumb","itemListElement":[{"@type":"ListItem","position":1,"name":"In\u00edcio","item":"https:\/\/cyberlogics.ao\/"},{"@type":"ListItem","position":2,"name":"Produtos","item":"https:\/\/cyberlogics.ao\/index.php\/shop-2\/"},{"@type":"ListItem","position":3,"name":"DELL 161-BCHF unidade de disco r\u00edgido 2,4 TB 10000 RPM 2.5&#8243; SAS Part number: 161-BCHF EAN: 5397184878163"}]},{"@type":"WebSite","@id":"https:\/\/cyberlogics.ao\/#website","url":"https:\/\/cyberlogics.ao\/","name":"Cyberlogics Technologies Angola","description":"Loja Online de Licen\u00e7as de Softwares e Inform\u00e1tica","publisher":{"@id":"https:\/\/cyberlogics.ao\/#organization"},"potentialAction":[{"@type":"SearchAction","target":{"@type":"EntryPoint","urlTemplate":"https:\/\/cyberlogics.ao\/?s={search_term_string}"},"query-input":{"@type":"PropertyValueSpecification","valueRequired":true,"valueName":"search_term_string"}}],"inLanguage":"pt-PT"},{"@type":"Organization","@id":"https:\/\/cyberlogics.ao\/#organization","name":"Cyberlogics Ao Technologies - Loja Online de Licen\u00e7as de Softwares e Inform\u00e1tica","url":"https:\/\/cyberlogics.ao\/","logo":{"@type":"ImageObject","inLanguage":"pt-PT","@id":"https:\/\/cyberlogics.ao\/#\/schema\/logo\/image\/","url":"https:\/\/cyberlogics.ao\/wp-content\/uploads\/2022\/04\/CT-logo.png","contentUrl":"https:\/\/cyberlogics.ao\/wp-content\/uploads\/2022\/04\/CT-logo.png","width":190,"height":75,"caption":"Cyberlogics Ao Technologies - Loja Online de Licen\u00e7as de Softwares e Inform\u00e1tica"},"image":{"@id":"https:\/\/cyberlogics.ao\/#\/schema\/logo\/image\/"}}]}},"_links":{"self":[{"href":"https:\/\/cyberlogics.ao\/index.php\/wp-json\/wp\/v2\/product\/11610","targetHints":{"allow":["GET"]}}],"collection":[{"href":"https:\/\/cyberlogics.ao\/index.php\/wp-json\/wp\/v2\/product"}],"about":[{"href":"https:\/\/cyberlogics.ao\/index.php\/wp-json\/wp\/v2\/types\/product"}],"replies":[{"embeddable":true,"href":"https:\/\/cyberlogics.ao\/index.php\/wp-json\/wp\/v2\/comments?post=11610"}],"wp:featuredmedia":[{"embeddable":true,"href":"https:\/\/cyberlogics.ao\/index.php\/wp-json\/wp\/v2\/media\/11611"}],"wp:attachment":[{"href":"https:\/\/cyberlogics.ao\/index.php\/wp-json\/wp\/v2\/media?parent=11610"}],"wp:term":[{"taxonomy":"product_brand","embeddable":true,"href":"https:\/\/cyberlogics.ao\/index.php\/wp-json\/wp\/v2\/product_brand?post=11610"},{"taxonomy":"product_cat","embeddable":true,"href":"https:\/\/cyberlogics.ao\/index.php\/wp-json\/wp\/v2\/product_cat?post=11610"},{"taxonomy":"product_tag","embeddable":true,"href":"https:\/\/cyberlogics.ao\/index.php\/wp-json\/wp\/v2\/product_tag?post=11610"}],"curies":[{"name":"wp","href":"https:\/\/api.w.org\/{rel}","templated":true}]}}