{"id":11641,"date":"2026-03-13T15:24:34","date_gmt":"2026-03-13T15:24:34","guid":{"rendered":"https:\/\/cyberlogics.ao\/?post_type=product&#038;p=11641"},"modified":"2026-03-13T15:24:34","modified_gmt":"2026-03-13T15:24:34","slug":"ubiquiti-networks-af-11-bridge-repeater-network-bridge-1000-mbit-s-white-part-number-af-11-ean-810010071620","status":"publish","type":"product","link":"https:\/\/cyberlogics.ao\/index.php\/product\/ubiquiti-networks-af-11-bridge-repeater-network-bridge-1000-mbit-s-white-part-number-af-11-ean-810010071620\/","title":{"rendered":"Ubiquiti Networks AF-11 bridge\/repeater Network bridge 1000 Mbit\/s White Part number: AF-11 EAN: 810010071620"},"content":{"rendered":"<div class=\"features-group\">\n<div class=\"features-group-title\">Seguran\u00e7a<\/div>\n<div class=\"features-group-row\">\n<div class=\"single-feature-label\" data-feature-id=\"icecat_automatic_454_75\">Codifica\u00e7\u00e3o \/ seguran\u00e7a<\/div>\n<div class=\"single-feature-value\">\n<div class=\"features-group-row__value-text\">128-bit AES<\/div>\n<\/div>\n<\/div>\n<\/div>\n<div class=\"features-group\">\n<div class=\"features-group-title\">Conectividade<\/div>\n<div class=\"features-group-row\">\n<div class=\"single-feature-label\" data-feature-id=\"icecat_automatic_2312_12\">Quantidade de portas Ethernet LAN (RJ-45)<\/div>\n<div class=\"single-feature-value\">\n<div class=\"features-group-row__value-text\">2<\/div>\n<\/div>\n<\/div>\n<\/div>\n<div class=\"features-group\">\n<div class=\"features-group-title\">Processador<\/div>\n<div class=\"features-group-row\">\n<div class=\"single-feature-label\" data-feature-id=\"icecat_automatic_47_1\">Modelo de processador<\/div>\n<div class=\"single-feature-value\">\n<div class=\"features-group-row__value-text\">INVICTUS 2 IC<\/div>\n<\/div>\n<\/div>\n<\/div>\n<div class=\"features-group\">\n<div class=\"features-group-title\">Rede<\/div>\n<div class=\"features-group-row\">\n<div class=\"single-feature-label\" data-feature-id=\"icecat_automatic_3768_35\">Taxa de transfer\u00eancia de dados Ethernet LAN<\/div>\n<div class=\"single-feature-value\">\n<div class=\"features-group-row__value-text\">10,100,1000 Mbit\/s<\/div>\n<\/div>\n<\/div>\n<div class=\"features-group-row\">\n<div class=\"single-feature-label\" data-feature-id=\"icecat_automatic_1347_35\">Ethernet LAN<\/div>\n<div class=\"single-feature-value\">\n<div class=\"features-group-row__value-text\">Sim<\/div>\n<\/div>\n<\/div>\n<div class=\"features-group-row\">\n<div class=\"single-feature-label\" data-feature-id=\"icecat_automatic_24562_35\">Tipo de interface de ethernet LAN<\/div>\n<div class=\"single-feature-value\">\n<div class=\"features-group-row__value-text\">Gigabit Ethernet<\/div>\n<\/div>\n<\/div>\n<\/div>\n<div class=\"features-group\">\n<div class=\"features-group-title\">Caracter\u00edsticas<\/div>\n<div class=\"features-group-row\">\n<div class=\"single-feature-label\" data-feature-id=\"icecat_automatic_1766_185\">Cor do produto<\/div>\n<div class=\"single-feature-value\">\n<div class=\"features-group-row__value-text\">Branco<\/div>\n<\/div>\n<\/div>\n<div class=\"features-group-row\">\n<div class=\"single-feature-label\" data-feature-id=\"icecat_automatic_47_185\">Modelo de processador<\/div>\n<div class=\"single-feature-value\">\n<div class=\"features-group-row__value-text\">INVICTUS 2 IC<\/div>\n<\/div>\n<\/div>\n<div class=\"features-group-row\">\n<div class=\"single-feature-label\" data-feature-id=\"icecat_automatic_14052_185\">Tipo de produto<\/div>\n<div class=\"single-feature-value\">\n<div class=\"features-group-row__value-text\">Ponte de rede<\/div>\n<\/div>\n<\/div>\n<div class=\"features-group-row\">\n<div class=\"single-feature-label\" data-feature-id=\"icecat_automatic_1501_185\">Indicadores LED<\/div>\n<div class=\"single-feature-value\">\n<div class=\"features-group-row__value-text\">Sim<\/div>\n<\/div>\n<\/div>\n<\/div>\n<div class=\"features-group\">\n<div class=\"features-group-title\">Condi\u00e7\u00f5es ambientais<\/div>\n<div class=\"features-group-row\">\n<div class=\"single-feature-label\" data-feature-id=\"icecat_automatic_1112_28\">Temperatura de funcionamento (T-T)<\/div>\n<div class=\"single-feature-value\">\n<div class=\"features-group-row__value-text\">-40 &#8211; 50<\/div>\n<\/div>\n<\/div>\n<\/div>\n<div class=\"features-group\">\n<div class=\"features-group-title\">Wireless LAN caracter\u00edsticas<\/div>\n<div class=\"features-group-row\">\n<div class=\"single-feature-label\" data-feature-id=\"icecat_automatic_22517_91\">Banda wi-fi<\/div>\n<div class=\"single-feature-value\">\n<div class=\"features-group-row__value-text\">Single_band__5_GHz_<\/div>\n<\/div>\n<\/div>\n<div class=\"features-group-row\">\n<div class=\"single-feature-label\" data-feature-id=\"icecat_automatic_3239_91\">Wi-Fi<\/div>\n<div class=\"single-feature-value\">\n<div class=\"features-group-row__value-text\">Sim<\/div>\n<\/div>\n<\/div>\n<\/div>\n<div class=\"features-group\">\n<div class=\"features-group-title\">Aprova\u00e7\u00e3o regulamentar<\/div>\n<div class=\"features-group-row\">\n<div class=\"single-feature-label\" data-feature-id=\"icecat_automatic_249_76\">Certifica\u00e7\u00e3o<\/div>\n<div class=\"single-feature-value\">\n<div class=\"features-group-row__value-text\">FCC Part 101, ETSI EN 302 217<\/div>\n<\/div>\n<\/div>\n<\/div>\n<div class=\"features-group\">\n<div class=\"features-group-title\">Transmiss\u00e3o de dados<\/div>\n<div class=\"features-group-row\">\n<div class=\"single-feature-label\" data-feature-id=\"icecat_automatic_1165_62\">Taxa m\u00e1xima de transfer\u00eancia de dados<\/div>\n<div class=\"single-feature-value\">\n<div class=\"features-group-row__value-text\">1000 Mbit\/s<\/div>\n<\/div>\n<\/div>\n<\/div>\n<div class=\"features-group\">\n<div class=\"features-group-title\">Gest\u00e3o de energia<\/div>\n<div class=\"features-group-row\">\n<div class=\"single-feature-label\" data-feature-id=\"icecat_automatic_8005_27\">Tipo de fonte de alimenta\u00e7\u00e3o<\/div>\n<div class=\"single-feature-value\">\n<div class=\"features-group-row__value-text\">DC, PoE<\/div>\n<\/div>\n<\/div>\n<\/div>\n<div class=\"features-group\">\n<div class=\"features-group-title\">Pesos e dimens\u00f5es<\/div>\n<div class=\"features-group-row\">\n<div class=\"single-feature-label\" data-feature-id=\"icecat_automatic_1650_14\">Profundidade<\/div>\n<div class=\"single-feature-value\">\n<div class=\"features-group-row__value-text\">86 mm<\/div>\n<\/div>\n<\/div>\n<div class=\"features-group-row\">\n<div class=\"single-feature-label\" data-feature-id=\"icecat_automatic_1649_14\">Largura<\/div>\n<div class=\"single-feature-value\">\n<div class=\"features-group-row__value-text\">112 mm<\/div>\n<\/div>\n<\/div>\n<div class=\"features-group-row\">\n<div class=\"single-feature-label\" data-feature-id=\"icecat_automatic_1464_14\">Altura<\/div>\n<div class=\"single-feature-value\">\n<div class=\"features-group-row__value-text\">327 mm<\/div>\n<\/div>\n<\/div>\n<div class=\"features-group-row\">\n<div class=\"single-feature-label\" data-feature-id=\"icecat_automatic_94_14\">Peso<\/div>\n<div class=\"single-feature-value\">\n<div class=\"features-group-row__value-text\">2260 g<\/div>\n<\/div>\n<\/div>\n<\/div>\n<div class=\"features-group\">\n<div class=\"features-group-title\">Dados log\u00edsticos<\/div>\n<div class=\"features-group-row\">\n<div class=\"single-feature-label\" data-feature-id=\"icecat_automatic_23731_198\">C\u00f3digo de Sistema Harmonizado (HS)<\/div>\n<div class=\"single-feature-value\">\n<div class=\"features-group-row__value-text\">85176990<\/div>\n<\/div>\n<\/div>\n<\/div>\n","protected":false},"excerpt":{"rendered":"<div class=\"attribute-desc-section__attribute attribute-desc-section__attribute--seo-description\">\n<p>Sistema de r\u00e1dio compacto ponto-a-ponto que opera na frequ\u00eancia de 11 GHz.<\/p>\n<\/div>\n<div class=\"attribute-desc-section__attribute attribute-desc-section__attribute--key-features\">\n<div>\n<p>11 GHz, alcance de liga\u00e7\u00e3o de 300+ km<\/p>\n<p>1.2+ Gbps de taxa de transfer\u00eancia<\/p>\n<p>Frequ\u00eancias RX e TX distintas<\/p>\n<p>Processamento de 1+ Mpps<\/p>\n<\/div>\n<\/div>\n","protected":false},"featured_media":11642,"comment_status":"open","ping_status":"closed","template":"","meta":{"_joinchat":[]},"product_brand":[],"product_cat":[387,378],"product_tag":[],"class_list":{"0":"post-11641","1":"product","2":"type-product","3":"status-publish","4":"has-post-thumbnail","6":"product_cat-acessorios-e-perifericos","7":"product_cat-informatica","9":"first","10":"instock","11":"shipping-taxable","12":"purchasable","13":"product-type-simple"},"yoast_head":"<!-- This site is optimized with the Yoast SEO plugin v27.3 - https:\/\/yoast.com\/product\/yoast-seo-wordpress\/ -->\n<title>Ubiquiti Networks AF-11 bridge\/repeater Network bridge 1000 Mbit\/s White Part number: AF-11 EAN: 810010071620 - Cyberlogics Technologies Angola<\/title>\n<meta name=\"description\" content=\"A Maior Loja Online de Angola de Licen\u00e7as Microsoft Office | Chaves Sistemas Operativos Windows | Antiv\u00edrus | Cloud Adobe | Inform\u00e1tica &amp; Servidores | Softwares de Gest\u00e3o ERP | Gaming Hardware | UPS e Baterias &amp; Muito Mais...\" \/>\n<meta name=\"robots\" content=\"index, follow, max-snippet:-1, max-image-preview:large, max-video-preview:-1\" \/>\n<link rel=\"canonical\" href=\"https:\/\/cyberlogics.ao\/index.php\/product\/ubiquiti-networks-af-11-bridge-repeater-network-bridge-1000-mbit-s-white-part-number-af-11-ean-810010071620\/\" \/>\n<meta property=\"og:locale\" content=\"pt_PT\" \/>\n<meta property=\"og:type\" content=\"article\" \/>\n<meta property=\"og:title\" content=\"Ubiquiti Networks AF-11 bridge\/repeater Network bridge 1000 Mbit\/s White Part number: AF-11 EAN: 810010071620 - Cyberlogics Technologies Angola\" \/>\n<meta property=\"og:description\" content=\"A Maior Loja Online de Angola de Licen\u00e7as Microsoft Office | Chaves Sistemas Operativos Windows | Antiv\u00edrus | Cloud Adobe | Inform\u00e1tica &amp; Servidores | Softwares de Gest\u00e3o ERP | Gaming Hardware | UPS e Baterias &amp; Muito Mais...\" \/>\n<meta property=\"og:url\" content=\"https:\/\/cyberlogics.ao\/index.php\/product\/ubiquiti-networks-af-11-bridge-repeater-network-bridge-1000-mbit-s-white-part-number-af-11-ean-810010071620\/\" \/>\n<meta property=\"og:site_name\" content=\"Cyberlogics Technologies Angola\" \/>\n<meta property=\"og:image\" content=\"http:\/\/cyberlogics.ao\/wp-content\/uploads\/2026\/03\/2d36d7b9d42ed9b55b59ba10040c8a29656fcf6e_1046889_AF_11_custom_image1.png\" \/>\n\t<meta property=\"og:image:width\" content=\"1500\" \/>\n\t<meta property=\"og:image:height\" content=\"1500\" \/>\n\t<meta property=\"og:image:type\" content=\"image\/png\" \/>\n<meta name=\"twitter:card\" content=\"summary_large_image\" \/>\n<meta name=\"twitter:label1\" content=\"Tempo estimado de leitura\" \/>\n\t<meta name=\"twitter:data1\" content=\"1 minuto\" \/>\n<script type=\"application\/ld+json\" class=\"yoast-schema-graph\">{\"@context\":\"https:\\\/\\\/schema.org\",\"@graph\":[{\"@type\":\"WebPage\",\"@id\":\"https:\\\/\\\/cyberlogics.ao\\\/index.php\\\/product\\\/ubiquiti-networks-af-11-bridge-repeater-network-bridge-1000-mbit-s-white-part-number-af-11-ean-810010071620\\\/\",\"url\":\"https:\\\/\\\/cyberlogics.ao\\\/index.php\\\/product\\\/ubiquiti-networks-af-11-bridge-repeater-network-bridge-1000-mbit-s-white-part-number-af-11-ean-810010071620\\\/\",\"name\":\"Ubiquiti Networks AF-11 bridge\\\/repeater Network bridge 1000 Mbit\\\/s White Part number: AF-11 EAN: 810010071620 - Cyberlogics Technologies Angola\",\"isPartOf\":{\"@id\":\"https:\\\/\\\/cyberlogics.ao\\\/#website\"},\"primaryImageOfPage\":{\"@id\":\"https:\\\/\\\/cyberlogics.ao\\\/index.php\\\/product\\\/ubiquiti-networks-af-11-bridge-repeater-network-bridge-1000-mbit-s-white-part-number-af-11-ean-810010071620\\\/#primaryimage\"},\"image\":{\"@id\":\"https:\\\/\\\/cyberlogics.ao\\\/index.php\\\/product\\\/ubiquiti-networks-af-11-bridge-repeater-network-bridge-1000-mbit-s-white-part-number-af-11-ean-810010071620\\\/#primaryimage\"},\"thumbnailUrl\":\"https:\\\/\\\/cyberlogics.ao\\\/wp-content\\\/uploads\\\/2026\\\/03\\\/2d36d7b9d42ed9b55b59ba10040c8a29656fcf6e_1046889_AF_11_custom_image1.png\",\"datePublished\":\"2026-03-13T15:24:34+00:00\",\"description\":\"A Maior Loja Online de Angola de Licen\u00e7as Microsoft Office | Chaves Sistemas Operativos Windows | Antiv\u00edrus | Cloud Adobe | Inform\u00e1tica & Servidores | Softwares de Gest\u00e3o ERP | Gaming Hardware | UPS e Baterias & Muito Mais...\",\"breadcrumb\":{\"@id\":\"https:\\\/\\\/cyberlogics.ao\\\/index.php\\\/product\\\/ubiquiti-networks-af-11-bridge-repeater-network-bridge-1000-mbit-s-white-part-number-af-11-ean-810010071620\\\/#breadcrumb\"},\"inLanguage\":\"pt-PT\",\"potentialAction\":[{\"@type\":\"ReadAction\",\"target\":[\"https:\\\/\\\/cyberlogics.ao\\\/index.php\\\/product\\\/ubiquiti-networks-af-11-bridge-repeater-network-bridge-1000-mbit-s-white-part-number-af-11-ean-810010071620\\\/\"]}]},{\"@type\":\"ImageObject\",\"inLanguage\":\"pt-PT\",\"@id\":\"https:\\\/\\\/cyberlogics.ao\\\/index.php\\\/product\\\/ubiquiti-networks-af-11-bridge-repeater-network-bridge-1000-mbit-s-white-part-number-af-11-ean-810010071620\\\/#primaryimage\",\"url\":\"https:\\\/\\\/cyberlogics.ao\\\/wp-content\\\/uploads\\\/2026\\\/03\\\/2d36d7b9d42ed9b55b59ba10040c8a29656fcf6e_1046889_AF_11_custom_image1.png\",\"contentUrl\":\"https:\\\/\\\/cyberlogics.ao\\\/wp-content\\\/uploads\\\/2026\\\/03\\\/2d36d7b9d42ed9b55b59ba10040c8a29656fcf6e_1046889_AF_11_custom_image1.png\",\"width\":1500,\"height\":1500},{\"@type\":\"BreadcrumbList\",\"@id\":\"https:\\\/\\\/cyberlogics.ao\\\/index.php\\\/product\\\/ubiquiti-networks-af-11-bridge-repeater-network-bridge-1000-mbit-s-white-part-number-af-11-ean-810010071620\\\/#breadcrumb\",\"itemListElement\":[{\"@type\":\"ListItem\",\"position\":1,\"name\":\"In\u00edcio\",\"item\":\"https:\\\/\\\/cyberlogics.ao\\\/\"},{\"@type\":\"ListItem\",\"position\":2,\"name\":\"Produtos\",\"item\":\"https:\\\/\\\/cyberlogics.ao\\\/index.php\\\/shop-2\\\/\"},{\"@type\":\"ListItem\",\"position\":3,\"name\":\"Ubiquiti Networks AF-11 bridge\\\/repeater Network bridge 1000 Mbit\\\/s White Part number: AF-11 EAN: 810010071620\"}]},{\"@type\":\"WebSite\",\"@id\":\"https:\\\/\\\/cyberlogics.ao\\\/#website\",\"url\":\"https:\\\/\\\/cyberlogics.ao\\\/\",\"name\":\"Cyberlogics Technologies Angola\",\"description\":\"Loja Online de Licen\u00e7as de Softwares e Inform\u00e1tica\",\"publisher\":{\"@id\":\"https:\\\/\\\/cyberlogics.ao\\\/#organization\"},\"potentialAction\":[{\"@type\":\"SearchAction\",\"target\":{\"@type\":\"EntryPoint\",\"urlTemplate\":\"https:\\\/\\\/cyberlogics.ao\\\/?s={search_term_string}\"},\"query-input\":{\"@type\":\"PropertyValueSpecification\",\"valueRequired\":true,\"valueName\":\"search_term_string\"}}],\"inLanguage\":\"pt-PT\"},{\"@type\":\"Organization\",\"@id\":\"https:\\\/\\\/cyberlogics.ao\\\/#organization\",\"name\":\"Cyberlogics Ao Technologies - Loja Online de Licen\u00e7as de Softwares e Inform\u00e1tica\",\"url\":\"https:\\\/\\\/cyberlogics.ao\\\/\",\"logo\":{\"@type\":\"ImageObject\",\"inLanguage\":\"pt-PT\",\"@id\":\"https:\\\/\\\/cyberlogics.ao\\\/#\\\/schema\\\/logo\\\/image\\\/\",\"url\":\"https:\\\/\\\/cyberlogics.ao\\\/wp-content\\\/uploads\\\/2022\\\/04\\\/CT-logo.png\",\"contentUrl\":\"https:\\\/\\\/cyberlogics.ao\\\/wp-content\\\/uploads\\\/2022\\\/04\\\/CT-logo.png\",\"width\":190,\"height\":75,\"caption\":\"Cyberlogics Ao Technologies - Loja Online de Licen\u00e7as de Softwares e Inform\u00e1tica\"},\"image\":{\"@id\":\"https:\\\/\\\/cyberlogics.ao\\\/#\\\/schema\\\/logo\\\/image\\\/\"}}]}<\/script>\n<!-- \/ Yoast SEO plugin. -->","yoast_head_json":{"title":"Ubiquiti Networks AF-11 bridge\/repeater Network bridge 1000 Mbit\/s White Part number: AF-11 EAN: 810010071620 - Cyberlogics Technologies Angola","description":"A Maior Loja Online de Angola de Licen\u00e7as Microsoft Office | Chaves Sistemas Operativos Windows | Antiv\u00edrus | Cloud Adobe | Inform\u00e1tica & Servidores | Softwares de Gest\u00e3o ERP | Gaming Hardware | UPS e Baterias & Muito Mais...","robots":{"index":"index","follow":"follow","max-snippet":"max-snippet:-1","max-image-preview":"max-image-preview:large","max-video-preview":"max-video-preview:-1"},"canonical":"https:\/\/cyberlogics.ao\/index.php\/product\/ubiquiti-networks-af-11-bridge-repeater-network-bridge-1000-mbit-s-white-part-number-af-11-ean-810010071620\/","og_locale":"pt_PT","og_type":"article","og_title":"Ubiquiti Networks AF-11 bridge\/repeater Network bridge 1000 Mbit\/s White Part number: AF-11 EAN: 810010071620 - Cyberlogics Technologies Angola","og_description":"A Maior Loja Online de Angola de Licen\u00e7as Microsoft Office | Chaves Sistemas Operativos Windows | Antiv\u00edrus | Cloud Adobe | Inform\u00e1tica & Servidores | Softwares de Gest\u00e3o ERP | Gaming Hardware | UPS e Baterias & Muito Mais...","og_url":"https:\/\/cyberlogics.ao\/index.php\/product\/ubiquiti-networks-af-11-bridge-repeater-network-bridge-1000-mbit-s-white-part-number-af-11-ean-810010071620\/","og_site_name":"Cyberlogics Technologies Angola","og_image":[{"width":1500,"height":1500,"url":"http:\/\/cyberlogics.ao\/wp-content\/uploads\/2026\/03\/2d36d7b9d42ed9b55b59ba10040c8a29656fcf6e_1046889_AF_11_custom_image1.png","type":"image\/png"}],"twitter_card":"summary_large_image","twitter_misc":{"Tempo estimado de leitura":"1 minuto"},"schema":{"@context":"https:\/\/schema.org","@graph":[{"@type":"WebPage","@id":"https:\/\/cyberlogics.ao\/index.php\/product\/ubiquiti-networks-af-11-bridge-repeater-network-bridge-1000-mbit-s-white-part-number-af-11-ean-810010071620\/","url":"https:\/\/cyberlogics.ao\/index.php\/product\/ubiquiti-networks-af-11-bridge-repeater-network-bridge-1000-mbit-s-white-part-number-af-11-ean-810010071620\/","name":"Ubiquiti Networks AF-11 bridge\/repeater Network bridge 1000 Mbit\/s White Part number: AF-11 EAN: 810010071620 - Cyberlogics Technologies Angola","isPartOf":{"@id":"https:\/\/cyberlogics.ao\/#website"},"primaryImageOfPage":{"@id":"https:\/\/cyberlogics.ao\/index.php\/product\/ubiquiti-networks-af-11-bridge-repeater-network-bridge-1000-mbit-s-white-part-number-af-11-ean-810010071620\/#primaryimage"},"image":{"@id":"https:\/\/cyberlogics.ao\/index.php\/product\/ubiquiti-networks-af-11-bridge-repeater-network-bridge-1000-mbit-s-white-part-number-af-11-ean-810010071620\/#primaryimage"},"thumbnailUrl":"https:\/\/cyberlogics.ao\/wp-content\/uploads\/2026\/03\/2d36d7b9d42ed9b55b59ba10040c8a29656fcf6e_1046889_AF_11_custom_image1.png","datePublished":"2026-03-13T15:24:34+00:00","description":"A Maior Loja Online de Angola de Licen\u00e7as Microsoft Office | Chaves Sistemas Operativos Windows | Antiv\u00edrus | Cloud Adobe | Inform\u00e1tica & Servidores | Softwares de Gest\u00e3o ERP | Gaming Hardware | UPS e Baterias & Muito Mais...","breadcrumb":{"@id":"https:\/\/cyberlogics.ao\/index.php\/product\/ubiquiti-networks-af-11-bridge-repeater-network-bridge-1000-mbit-s-white-part-number-af-11-ean-810010071620\/#breadcrumb"},"inLanguage":"pt-PT","potentialAction":[{"@type":"ReadAction","target":["https:\/\/cyberlogics.ao\/index.php\/product\/ubiquiti-networks-af-11-bridge-repeater-network-bridge-1000-mbit-s-white-part-number-af-11-ean-810010071620\/"]}]},{"@type":"ImageObject","inLanguage":"pt-PT","@id":"https:\/\/cyberlogics.ao\/index.php\/product\/ubiquiti-networks-af-11-bridge-repeater-network-bridge-1000-mbit-s-white-part-number-af-11-ean-810010071620\/#primaryimage","url":"https:\/\/cyberlogics.ao\/wp-content\/uploads\/2026\/03\/2d36d7b9d42ed9b55b59ba10040c8a29656fcf6e_1046889_AF_11_custom_image1.png","contentUrl":"https:\/\/cyberlogics.ao\/wp-content\/uploads\/2026\/03\/2d36d7b9d42ed9b55b59ba10040c8a29656fcf6e_1046889_AF_11_custom_image1.png","width":1500,"height":1500},{"@type":"BreadcrumbList","@id":"https:\/\/cyberlogics.ao\/index.php\/product\/ubiquiti-networks-af-11-bridge-repeater-network-bridge-1000-mbit-s-white-part-number-af-11-ean-810010071620\/#breadcrumb","itemListElement":[{"@type":"ListItem","position":1,"name":"In\u00edcio","item":"https:\/\/cyberlogics.ao\/"},{"@type":"ListItem","position":2,"name":"Produtos","item":"https:\/\/cyberlogics.ao\/index.php\/shop-2\/"},{"@type":"ListItem","position":3,"name":"Ubiquiti Networks AF-11 bridge\/repeater Network bridge 1000 Mbit\/s White Part number: AF-11 EAN: 810010071620"}]},{"@type":"WebSite","@id":"https:\/\/cyberlogics.ao\/#website","url":"https:\/\/cyberlogics.ao\/","name":"Cyberlogics Technologies Angola","description":"Loja Online de Licen\u00e7as de Softwares e Inform\u00e1tica","publisher":{"@id":"https:\/\/cyberlogics.ao\/#organization"},"potentialAction":[{"@type":"SearchAction","target":{"@type":"EntryPoint","urlTemplate":"https:\/\/cyberlogics.ao\/?s={search_term_string}"},"query-input":{"@type":"PropertyValueSpecification","valueRequired":true,"valueName":"search_term_string"}}],"inLanguage":"pt-PT"},{"@type":"Organization","@id":"https:\/\/cyberlogics.ao\/#organization","name":"Cyberlogics Ao Technologies - Loja Online de Licen\u00e7as de Softwares e Inform\u00e1tica","url":"https:\/\/cyberlogics.ao\/","logo":{"@type":"ImageObject","inLanguage":"pt-PT","@id":"https:\/\/cyberlogics.ao\/#\/schema\/logo\/image\/","url":"https:\/\/cyberlogics.ao\/wp-content\/uploads\/2022\/04\/CT-logo.png","contentUrl":"https:\/\/cyberlogics.ao\/wp-content\/uploads\/2022\/04\/CT-logo.png","width":190,"height":75,"caption":"Cyberlogics Ao Technologies - Loja Online de Licen\u00e7as de Softwares e Inform\u00e1tica"},"image":{"@id":"https:\/\/cyberlogics.ao\/#\/schema\/logo\/image\/"}}]}},"_links":{"self":[{"href":"https:\/\/cyberlogics.ao\/index.php\/wp-json\/wp\/v2\/product\/11641","targetHints":{"allow":["GET"]}}],"collection":[{"href":"https:\/\/cyberlogics.ao\/index.php\/wp-json\/wp\/v2\/product"}],"about":[{"href":"https:\/\/cyberlogics.ao\/index.php\/wp-json\/wp\/v2\/types\/product"}],"replies":[{"embeddable":true,"href":"https:\/\/cyberlogics.ao\/index.php\/wp-json\/wp\/v2\/comments?post=11641"}],"wp:featuredmedia":[{"embeddable":true,"href":"https:\/\/cyberlogics.ao\/index.php\/wp-json\/wp\/v2\/media\/11642"}],"wp:attachment":[{"href":"https:\/\/cyberlogics.ao\/index.php\/wp-json\/wp\/v2\/media?parent=11641"}],"wp:term":[{"taxonomy":"product_brand","embeddable":true,"href":"https:\/\/cyberlogics.ao\/index.php\/wp-json\/wp\/v2\/product_brand?post=11641"},{"taxonomy":"product_cat","embeddable":true,"href":"https:\/\/cyberlogics.ao\/index.php\/wp-json\/wp\/v2\/product_cat?post=11641"},{"taxonomy":"product_tag","embeddable":true,"href":"https:\/\/cyberlogics.ao\/index.php\/wp-json\/wp\/v2\/product_tag?post=11641"}],"curies":[{"name":"wp","href":"https:\/\/api.w.org\/{rel}","templated":true}]}}