{"id":11685,"date":"2026-03-14T16:30:58","date_gmt":"2026-03-14T16:30:58","guid":{"rendered":"https:\/\/cyberlogics.ao\/?post_type=product&#038;p=11685"},"modified":"2026-03-14T16:30:58","modified_gmt":"2026-03-14T16:30:58","slug":"ubiquiti-networks-unifi-usw-24-network-switch-managed-l2-gigabit-ethernet-10-100-1000-silver-usw-24-part-number-usw-24-ean-810010071385","status":"publish","type":"product","link":"https:\/\/cyberlogics.ao\/index.php\/product\/ubiquiti-networks-unifi-usw-24-network-switch-managed-l2-gigabit-ethernet-10-100-1000-silver-usw-24-part-number-usw-24-ean-810010071385\/","title":{"rendered":"Ubiquiti Networks UniFi USW-24 Network Switch Managed L2 Gigabit Ethernet (10\/100\/1000) Silver (USW-24) Part number: USW-24 EAN: 810010071385"},"content":{"rendered":"<div class=\"features-group\">\n<div class=\"features-group-title\">Funcionalidades de gest\u00e3o<\/div>\n<div class=\"features-group-row\">\n<div class=\"single-feature-label\" data-feature-id=\"icecat_automatic_3769_93\">Tipo de switch<\/div>\n<div class=\"single-feature-value\">\n<div class=\"features-group-row__value-text\">Gerido<\/div>\n<\/div>\n<\/div>\n<div class=\"features-group-row\">\n<div class=\"single-feature-label\" data-feature-id=\"icecat_automatic_3241_93\">Camada de switches<\/div>\n<div class=\"single-feature-value\">\n<div class=\"features-group-row__value-text\">L2<\/div>\n<\/div>\n<\/div>\n<div class=\"features-group-row\">\n<div class=\"single-feature-label\" data-feature-id=\"icecat_automatic_3635_93\">Gest\u00e3o web-based<\/div>\n<div class=\"single-feature-value\">\n<div class=\"features-group-row__value-text\">Sim<\/div>\n<\/div>\n<\/div>\n<\/div>\n<div class=\"features-group\">\n<div class=\"features-group-title\">PoE<\/div>\n<div class=\"features-group-row\">\n<div class=\"single-feature-label\" data-feature-id=\"icecat_automatic_2988_174\">Power over Ethernet (PoE)<\/div>\n<div class=\"single-feature-value\">\n<div class=\"features-group-row__value-text\">N\u00e3o<\/div>\n<\/div>\n<\/div>\n<\/div>\n<div class=\"features-group\">\n<div class=\"features-group-title\">Conectividade<\/div>\n<div class=\"features-group-row\">\n<div class=\"single-feature-label\" data-feature-id=\"icecat_automatic_13503_12\">N\u00famero de portas ethernet Basic switching RJ-45<\/div>\n<div class=\"single-feature-value\">\n<div class=\"features-group-row__value-text\">24<\/div>\n<\/div>\n<\/div>\n<div class=\"features-group-row\">\n<div class=\"single-feature-label\" data-feature-id=\"icecat_automatic_13502_12\">Tipos de portas ethernet Basic switching RJ-45<\/div>\n<div class=\"single-feature-value\">\n<div class=\"features-group-row__value-text\">Gigabit Ethernet (10\/100\/1000)<\/div>\n<\/div>\n<\/div>\n<div class=\"features-group-row\">\n<div class=\"single-feature-label\" data-feature-id=\"icecat_automatic_25745_12\">Conetor de alimenta\u00e7\u00e3o<\/div>\n<div class=\"single-feature-value\">\n<div class=\"features-group-row__value-text\">Conector de entrada AC<\/div>\n<\/div>\n<\/div>\n<div class=\"features-group-row\">\n<div class=\"single-feature-label\" data-feature-id=\"icecat_automatic_24681_12\">Quantidade de ranhuras de m\u00f3dulos SFP<\/div>\n<div class=\"single-feature-value\">\n<div class=\"features-group-row__value-text\">2<\/div>\n<\/div>\n<\/div>\n<\/div>\n<div class=\"features-group\">\n<div class=\"features-group-title\">Rede<\/div>\n<div class=\"features-group-row\">\n<div class=\"single-feature-label\" data-feature-id=\"icecat_automatic_7364_35\">Suporte 10G<\/div>\n<div class=\"single-feature-value\">\n<div class=\"features-group-row__value-text\">N\u00e3o<\/div>\n<\/div>\n<\/div>\n<div class=\"features-group-row\">\n<div class=\"single-feature-label\" data-feature-id=\"icecat_automatic_3768_35\">Taxa de transfer\u00eancia de dados Ethernet LAN<\/div>\n<div class=\"single-feature-value\">\n<div class=\"features-group-row__value-text\">10,100,1000 Mbit\/s<\/div>\n<\/div>\n<\/div>\n<div class=\"features-group-row\">\n<div class=\"single-feature-label\" data-feature-id=\"icecat_automatic_1802_35\">Normas de Comunica\u00e7\u00f5es<\/div>\n<div class=\"single-feature-value\">\n<div class=\"features-group-row__value-text\">IEEE 802.3af, IEEE 802.3at<\/div>\n<\/div>\n<\/div>\n<\/div>\n<div class=\"features-group\">\n<div class=\"features-group-title\">Design<\/div>\n<div class=\"features-group-row\">\n<div class=\"single-feature-label\" data-feature-id=\"icecat_automatic_483_148\">Montagem em prateleira<\/div>\n<div class=\"single-feature-value\">\n<div class=\"features-group-row__value-text\">Sim<\/div>\n<\/div>\n<\/div>\n<div class=\"features-group-row\">\n<div class=\"single-feature-label\" data-feature-id=\"icecat_automatic_1766_148\">Cor do produto<\/div>\n<div class=\"single-feature-value\">\n<div class=\"features-group-row__value-text\">Prateado<\/div>\n<\/div>\n<\/div>\n<div class=\"features-group-row\">\n<div class=\"single-feature-label\" data-feature-id=\"icecat_automatic_3245_148\">Empilh\u00e1vel<\/div>\n<div class=\"single-feature-value\">\n<div class=\"features-group-row__value-text\">Sim<\/div>\n<\/div>\n<\/div>\n<div class=\"features-group-row\">\n<div class=\"single-feature-label\" data-feature-id=\"icecat_automatic_249_148\">Certifica\u00e7\u00e3o<\/div>\n<div class=\"single-feature-value\">\n<div class=\"features-group-row__value-text\">CE, FCC, IC<\/div>\n<\/div>\n<\/div>\n<\/div>\n<div class=\"features-group\">\n<div class=\"features-group-title\">Condi\u00e7\u00f5es ambientais<\/div>\n<div class=\"features-group-row\">\n<div class=\"single-feature-label\" data-feature-id=\"icecat_automatic_703_28\">Humidade relativa de funcionamento (H-H)<\/div>\n<div class=\"single-feature-value\">\n<div class=\"features-group-row__value-text\">10 &#8211; 90<\/div>\n<\/div>\n<\/div>\n<div class=\"features-group-row\">\n<div class=\"single-feature-label\" data-feature-id=\"icecat_automatic_1112_28\">Temperatura de funcionamento (T-T)<\/div>\n<div class=\"single-feature-value\">\n<div class=\"features-group-row__value-text\">-5 &#8211; 40<\/div>\n<\/div>\n<\/div>\n<\/div>\n<div class=\"features-group\">\n<div class=\"features-group-title\">Aprova\u00e7\u00e3o regulamentar<\/div>\n<div class=\"features-group-row\">\n<div class=\"single-feature-label\" data-feature-id=\"icecat_automatic_249_76\">Certifica\u00e7\u00e3o<\/div>\n<div class=\"single-feature-value\">\n<div class=\"features-group-row__value-text\">CE, FCC, IC<\/div>\n<\/div>\n<\/div>\n<\/div>\n<div class=\"features-group\">\n<div class=\"features-group-title\">Gest\u00e3o de energia<\/div>\n<div class=\"features-group-row\">\n<div class=\"single-feature-label\" data-feature-id=\"icecat_automatic_8491_27\">Voltagem de entrada AC<\/div>\n<div class=\"single-feature-value\">\n<div class=\"features-group-row__value-text\">100 &#8211; 240 V<\/div>\n<\/div>\n<\/div>\n<div class=\"features-group-row\">\n<div class=\"single-feature-label\" data-feature-id=\"icecat_automatic_9644_27\">Fonte de alimenta\u00e7\u00e3o inclu\u00edda<\/div>\n<div class=\"single-feature-value\">\n<div class=\"features-group-row__value-text\">Sim<\/div>\n<\/div>\n<\/div>\n<div class=\"features-group-row\">\n<div class=\"single-feature-label\" data-feature-id=\"icecat_automatic_445_27\">Consumo de energia (t\u00edpico)<\/div>\n<div class=\"single-feature-value\">\n<div class=\"features-group-row__value-text\">120.0000<\/div>\n<\/div>\n<\/div>\n<div class=\"features-group-row\">\n<div class=\"single-feature-label\" data-feature-id=\"icecat_automatic_8484_27\">Frequ\u00eancia de entrada AC<\/div>\n<div class=\"single-feature-value\">\n<div class=\"features-group-row__value-text\">50 &#8211; 60 Hz<\/div>\n<\/div>\n<\/div>\n<div class=\"features-group-row\">\n<div class=\"single-feature-label\" data-feature-id=\"icecat_automatic_1390_27\">Fonte de alimenta\u00e7\u00e3o<\/div>\n<div class=\"single-feature-value\">\n<div class=\"features-group-row__value-text\">AC<\/div>\n<\/div>\n<\/div>\n<\/div>\n<div class=\"features-group\">\n<div class=\"features-group-title\">Pesos e dimens\u00f5es<\/div>\n<div class=\"features-group-row\">\n<div class=\"single-feature-label\" data-feature-id=\"icecat_automatic_1650_14\">Profundidade<\/div>\n<div class=\"single-feature-value\">\n<div class=\"features-group-row__value-text\">200 mm<\/div>\n<\/div>\n<\/div>\n<div class=\"features-group-row\">\n<div class=\"single-feature-label\" data-feature-id=\"icecat_automatic_1649_14\">Largura<\/div>\n<div class=\"single-feature-value\">\n<div class=\"features-group-row__value-text\">442.4 mm<\/div>\n<\/div>\n<\/div>\n<div class=\"features-group-row\">\n<div class=\"single-feature-label\" data-feature-id=\"icecat_automatic_1464_14\">Altura<\/div>\n<div class=\"single-feature-value\">\n<div class=\"features-group-row__value-text\">43.7 mm<\/div>\n<\/div>\n<\/div>\n<div class=\"features-group-row\">\n<div class=\"single-feature-label\" data-feature-id=\"icecat_automatic_94_14\">Peso<\/div>\n<div class=\"single-feature-value\">\n<div class=\"features-group-row__value-text\">2700 g<\/div>\n<\/div>\n<\/div>\n<\/div>\n<div class=\"features-group\">\n<div class=\"features-group-title\">Dados log\u00edsticos<\/div>\n<div class=\"features-group-row\">\n<div class=\"single-feature-label\" data-feature-id=\"icecat_automatic_23731_198\">C\u00f3digo de Sistema Harmonizado (HS)<\/div>\n<div class=\"single-feature-value\">\n<div class=\"features-group-row__value-text\">85176990<\/div>\n<\/div>\n<\/div>\n<\/div>\n","protected":false},"excerpt":{"rendered":"<div class=\"attribute-desc-section__attribute attribute-desc-section__attribute--seo-description\">\n<p>Um switch de 24 portas, de Camada 2, com um sistema de refrigera\u00e7\u00e3o silencioso e sem ventilador.<\/p>\n<\/div>\n<div class=\"attribute-desc-section__attribute attribute-desc-section__attribute--key-features\">\n<div>\n<p>(24) portas GbE<\/p>\n<p>(2) portas SFP de 1G<\/p>\n<p>Refrigera\u00e7\u00e3o sem ventoinha, silenciosa<\/p>\n<\/div>\n<\/div>\n","protected":false},"featured_media":11686,"comment_status":"open","ping_status":"closed","template":"","meta":{"_joinchat":[]},"product_brand":[],"product_cat":[115,260],"product_tag":[],"class_list":{"0":"post-11685","1":"product","2":"type-product","3":"status-publish","4":"has-post-thumbnail","6":"product_cat-servidores","7":"product_cat-servidores-torre","9":"first","10":"instock","11":"shipping-taxable","12":"purchasable","13":"product-type-simple"},"yoast_head":"<!-- This site is optimized with the Yoast SEO plugin v27.3 - https:\/\/yoast.com\/product\/yoast-seo-wordpress\/ -->\n<title>Ubiquiti Networks UniFi USW-24 Network Switch Managed L2 Gigabit Ethernet (10\/100\/1000) Silver (USW-24) Part number: USW-24 EAN: 810010071385 - Cyberlogics Technologies Angola<\/title>\n<meta name=\"description\" content=\"A Maior Loja Online de Angola de Licen\u00e7as Microsoft Office | Chaves Sistemas Operativos Windows | Antiv\u00edrus | Cloud Adobe | Inform\u00e1tica &amp; Servidores | Softwares de Gest\u00e3o ERP | Gaming Hardware | UPS e Baterias &amp; Muito Mais...\" \/>\n<meta name=\"robots\" content=\"index, follow, max-snippet:-1, max-image-preview:large, max-video-preview:-1\" \/>\n<link rel=\"canonical\" href=\"https:\/\/cyberlogics.ao\/index.php\/product\/ubiquiti-networks-unifi-usw-24-network-switch-managed-l2-gigabit-ethernet-10-100-1000-silver-usw-24-part-number-usw-24-ean-810010071385\/\" \/>\n<meta property=\"og:locale\" content=\"pt_PT\" \/>\n<meta property=\"og:type\" content=\"article\" \/>\n<meta property=\"og:title\" content=\"Ubiquiti Networks UniFi USW-24 Network Switch Managed L2 Gigabit Ethernet (10\/100\/1000) Silver (USW-24) Part number: USW-24 EAN: 810010071385 - Cyberlogics Technologies Angola\" \/>\n<meta property=\"og:description\" content=\"A Maior Loja Online de Angola de Licen\u00e7as Microsoft Office | Chaves Sistemas Operativos Windows | Antiv\u00edrus | Cloud Adobe | Inform\u00e1tica &amp; Servidores | Softwares de Gest\u00e3o ERP | Gaming Hardware | UPS e Baterias &amp; Muito Mais...\" \/>\n<meta property=\"og:url\" content=\"https:\/\/cyberlogics.ao\/index.php\/product\/ubiquiti-networks-unifi-usw-24-network-switch-managed-l2-gigabit-ethernet-10-100-1000-silver-usw-24-part-number-usw-24-ean-810010071385\/\" \/>\n<meta property=\"og:site_name\" content=\"Cyberlogics Technologies Angola\" \/>\n<meta property=\"og:image\" content=\"http:\/\/cyberlogics.ao\/wp-content\/uploads\/2026\/03\/05e248d0e99128c82b05b865a5e80f4296dce7c1_1033519_USW_24_custom_image3.png\" \/>\n\t<meta property=\"og:image:width\" content=\"1500\" \/>\n\t<meta property=\"og:image:height\" content=\"1500\" \/>\n\t<meta property=\"og:image:type\" content=\"image\/png\" \/>\n<meta name=\"twitter:card\" content=\"summary_large_image\" \/>\n<meta name=\"twitter:label1\" content=\"Tempo estimado de leitura\" \/>\n\t<meta name=\"twitter:data1\" content=\"1 minuto\" \/>\n<script type=\"application\/ld+json\" class=\"yoast-schema-graph\">{\"@context\":\"https:\\\/\\\/schema.org\",\"@graph\":[{\"@type\":\"WebPage\",\"@id\":\"https:\\\/\\\/cyberlogics.ao\\\/index.php\\\/product\\\/ubiquiti-networks-unifi-usw-24-network-switch-managed-l2-gigabit-ethernet-10-100-1000-silver-usw-24-part-number-usw-24-ean-810010071385\\\/\",\"url\":\"https:\\\/\\\/cyberlogics.ao\\\/index.php\\\/product\\\/ubiquiti-networks-unifi-usw-24-network-switch-managed-l2-gigabit-ethernet-10-100-1000-silver-usw-24-part-number-usw-24-ean-810010071385\\\/\",\"name\":\"Ubiquiti Networks UniFi USW-24 Network Switch Managed L2 Gigabit Ethernet (10\\\/100\\\/1000) Silver (USW-24) Part number: USW-24 EAN: 810010071385 - Cyberlogics Technologies Angola\",\"isPartOf\":{\"@id\":\"https:\\\/\\\/cyberlogics.ao\\\/#website\"},\"primaryImageOfPage\":{\"@id\":\"https:\\\/\\\/cyberlogics.ao\\\/index.php\\\/product\\\/ubiquiti-networks-unifi-usw-24-network-switch-managed-l2-gigabit-ethernet-10-100-1000-silver-usw-24-part-number-usw-24-ean-810010071385\\\/#primaryimage\"},\"image\":{\"@id\":\"https:\\\/\\\/cyberlogics.ao\\\/index.php\\\/product\\\/ubiquiti-networks-unifi-usw-24-network-switch-managed-l2-gigabit-ethernet-10-100-1000-silver-usw-24-part-number-usw-24-ean-810010071385\\\/#primaryimage\"},\"thumbnailUrl\":\"https:\\\/\\\/cyberlogics.ao\\\/wp-content\\\/uploads\\\/2026\\\/03\\\/05e248d0e99128c82b05b865a5e80f4296dce7c1_1033519_USW_24_custom_image3.png\",\"datePublished\":\"2026-03-14T16:30:58+00:00\",\"description\":\"A Maior Loja Online de Angola de Licen\u00e7as Microsoft Office | Chaves Sistemas Operativos Windows | Antiv\u00edrus | Cloud Adobe | Inform\u00e1tica & Servidores | Softwares de Gest\u00e3o ERP | Gaming Hardware | UPS e Baterias & Muito Mais...\",\"breadcrumb\":{\"@id\":\"https:\\\/\\\/cyberlogics.ao\\\/index.php\\\/product\\\/ubiquiti-networks-unifi-usw-24-network-switch-managed-l2-gigabit-ethernet-10-100-1000-silver-usw-24-part-number-usw-24-ean-810010071385\\\/#breadcrumb\"},\"inLanguage\":\"pt-PT\",\"potentialAction\":[{\"@type\":\"ReadAction\",\"target\":[\"https:\\\/\\\/cyberlogics.ao\\\/index.php\\\/product\\\/ubiquiti-networks-unifi-usw-24-network-switch-managed-l2-gigabit-ethernet-10-100-1000-silver-usw-24-part-number-usw-24-ean-810010071385\\\/\"]}]},{\"@type\":\"ImageObject\",\"inLanguage\":\"pt-PT\",\"@id\":\"https:\\\/\\\/cyberlogics.ao\\\/index.php\\\/product\\\/ubiquiti-networks-unifi-usw-24-network-switch-managed-l2-gigabit-ethernet-10-100-1000-silver-usw-24-part-number-usw-24-ean-810010071385\\\/#primaryimage\",\"url\":\"https:\\\/\\\/cyberlogics.ao\\\/wp-content\\\/uploads\\\/2026\\\/03\\\/05e248d0e99128c82b05b865a5e80f4296dce7c1_1033519_USW_24_custom_image3.png\",\"contentUrl\":\"https:\\\/\\\/cyberlogics.ao\\\/wp-content\\\/uploads\\\/2026\\\/03\\\/05e248d0e99128c82b05b865a5e80f4296dce7c1_1033519_USW_24_custom_image3.png\",\"width\":1500,\"height\":1500},{\"@type\":\"BreadcrumbList\",\"@id\":\"https:\\\/\\\/cyberlogics.ao\\\/index.php\\\/product\\\/ubiquiti-networks-unifi-usw-24-network-switch-managed-l2-gigabit-ethernet-10-100-1000-silver-usw-24-part-number-usw-24-ean-810010071385\\\/#breadcrumb\",\"itemListElement\":[{\"@type\":\"ListItem\",\"position\":1,\"name\":\"In\u00edcio\",\"item\":\"https:\\\/\\\/cyberlogics.ao\\\/\"},{\"@type\":\"ListItem\",\"position\":2,\"name\":\"Produtos\",\"item\":\"https:\\\/\\\/cyberlogics.ao\\\/index.php\\\/shop-2\\\/\"},{\"@type\":\"ListItem\",\"position\":3,\"name\":\"Ubiquiti Networks UniFi USW-24 Network Switch Managed L2 Gigabit Ethernet (10\\\/100\\\/1000) Silver (USW-24) Part number: USW-24 EAN: 810010071385\"}]},{\"@type\":\"WebSite\",\"@id\":\"https:\\\/\\\/cyberlogics.ao\\\/#website\",\"url\":\"https:\\\/\\\/cyberlogics.ao\\\/\",\"name\":\"Cyberlogics Technologies Angola\",\"description\":\"Loja Online de Licen\u00e7as de Softwares e Inform\u00e1tica\",\"publisher\":{\"@id\":\"https:\\\/\\\/cyberlogics.ao\\\/#organization\"},\"potentialAction\":[{\"@type\":\"SearchAction\",\"target\":{\"@type\":\"EntryPoint\",\"urlTemplate\":\"https:\\\/\\\/cyberlogics.ao\\\/?s={search_term_string}\"},\"query-input\":{\"@type\":\"PropertyValueSpecification\",\"valueRequired\":true,\"valueName\":\"search_term_string\"}}],\"inLanguage\":\"pt-PT\"},{\"@type\":\"Organization\",\"@id\":\"https:\\\/\\\/cyberlogics.ao\\\/#organization\",\"name\":\"Cyberlogics Ao Technologies - Loja Online de Licen\u00e7as de Softwares e Inform\u00e1tica\",\"url\":\"https:\\\/\\\/cyberlogics.ao\\\/\",\"logo\":{\"@type\":\"ImageObject\",\"inLanguage\":\"pt-PT\",\"@id\":\"https:\\\/\\\/cyberlogics.ao\\\/#\\\/schema\\\/logo\\\/image\\\/\",\"url\":\"https:\\\/\\\/cyberlogics.ao\\\/wp-content\\\/uploads\\\/2022\\\/04\\\/CT-logo.png\",\"contentUrl\":\"https:\\\/\\\/cyberlogics.ao\\\/wp-content\\\/uploads\\\/2022\\\/04\\\/CT-logo.png\",\"width\":190,\"height\":75,\"caption\":\"Cyberlogics Ao Technologies - Loja Online de Licen\u00e7as de Softwares e Inform\u00e1tica\"},\"image\":{\"@id\":\"https:\\\/\\\/cyberlogics.ao\\\/#\\\/schema\\\/logo\\\/image\\\/\"}}]}<\/script>\n<!-- \/ Yoast SEO plugin. -->","yoast_head_json":{"title":"Ubiquiti Networks UniFi USW-24 Network Switch Managed L2 Gigabit Ethernet (10\/100\/1000) Silver (USW-24) Part number: USW-24 EAN: 810010071385 - Cyberlogics Technologies Angola","description":"A Maior Loja Online de Angola de Licen\u00e7as Microsoft Office | Chaves Sistemas Operativos Windows | Antiv\u00edrus | Cloud Adobe | Inform\u00e1tica & Servidores | Softwares de Gest\u00e3o ERP | Gaming Hardware | UPS e Baterias & Muito Mais...","robots":{"index":"index","follow":"follow","max-snippet":"max-snippet:-1","max-image-preview":"max-image-preview:large","max-video-preview":"max-video-preview:-1"},"canonical":"https:\/\/cyberlogics.ao\/index.php\/product\/ubiquiti-networks-unifi-usw-24-network-switch-managed-l2-gigabit-ethernet-10-100-1000-silver-usw-24-part-number-usw-24-ean-810010071385\/","og_locale":"pt_PT","og_type":"article","og_title":"Ubiquiti Networks UniFi USW-24 Network Switch Managed L2 Gigabit Ethernet (10\/100\/1000) Silver (USW-24) Part number: USW-24 EAN: 810010071385 - Cyberlogics Technologies Angola","og_description":"A Maior Loja Online de Angola de Licen\u00e7as Microsoft Office | Chaves Sistemas Operativos Windows | Antiv\u00edrus | Cloud Adobe | Inform\u00e1tica & Servidores | Softwares de Gest\u00e3o ERP | Gaming Hardware | UPS e Baterias & Muito Mais...","og_url":"https:\/\/cyberlogics.ao\/index.php\/product\/ubiquiti-networks-unifi-usw-24-network-switch-managed-l2-gigabit-ethernet-10-100-1000-silver-usw-24-part-number-usw-24-ean-810010071385\/","og_site_name":"Cyberlogics Technologies Angola","og_image":[{"width":1500,"height":1500,"url":"http:\/\/cyberlogics.ao\/wp-content\/uploads\/2026\/03\/05e248d0e99128c82b05b865a5e80f4296dce7c1_1033519_USW_24_custom_image3.png","type":"image\/png"}],"twitter_card":"summary_large_image","twitter_misc":{"Tempo estimado de leitura":"1 minuto"},"schema":{"@context":"https:\/\/schema.org","@graph":[{"@type":"WebPage","@id":"https:\/\/cyberlogics.ao\/index.php\/product\/ubiquiti-networks-unifi-usw-24-network-switch-managed-l2-gigabit-ethernet-10-100-1000-silver-usw-24-part-number-usw-24-ean-810010071385\/","url":"https:\/\/cyberlogics.ao\/index.php\/product\/ubiquiti-networks-unifi-usw-24-network-switch-managed-l2-gigabit-ethernet-10-100-1000-silver-usw-24-part-number-usw-24-ean-810010071385\/","name":"Ubiquiti Networks UniFi USW-24 Network Switch Managed L2 Gigabit Ethernet (10\/100\/1000) Silver (USW-24) Part number: USW-24 EAN: 810010071385 - Cyberlogics Technologies Angola","isPartOf":{"@id":"https:\/\/cyberlogics.ao\/#website"},"primaryImageOfPage":{"@id":"https:\/\/cyberlogics.ao\/index.php\/product\/ubiquiti-networks-unifi-usw-24-network-switch-managed-l2-gigabit-ethernet-10-100-1000-silver-usw-24-part-number-usw-24-ean-810010071385\/#primaryimage"},"image":{"@id":"https:\/\/cyberlogics.ao\/index.php\/product\/ubiquiti-networks-unifi-usw-24-network-switch-managed-l2-gigabit-ethernet-10-100-1000-silver-usw-24-part-number-usw-24-ean-810010071385\/#primaryimage"},"thumbnailUrl":"https:\/\/cyberlogics.ao\/wp-content\/uploads\/2026\/03\/05e248d0e99128c82b05b865a5e80f4296dce7c1_1033519_USW_24_custom_image3.png","datePublished":"2026-03-14T16:30:58+00:00","description":"A Maior Loja Online de Angola de Licen\u00e7as Microsoft Office | Chaves Sistemas Operativos Windows | Antiv\u00edrus | Cloud Adobe | Inform\u00e1tica & Servidores | Softwares de Gest\u00e3o ERP | Gaming Hardware | UPS e Baterias & Muito Mais...","breadcrumb":{"@id":"https:\/\/cyberlogics.ao\/index.php\/product\/ubiquiti-networks-unifi-usw-24-network-switch-managed-l2-gigabit-ethernet-10-100-1000-silver-usw-24-part-number-usw-24-ean-810010071385\/#breadcrumb"},"inLanguage":"pt-PT","potentialAction":[{"@type":"ReadAction","target":["https:\/\/cyberlogics.ao\/index.php\/product\/ubiquiti-networks-unifi-usw-24-network-switch-managed-l2-gigabit-ethernet-10-100-1000-silver-usw-24-part-number-usw-24-ean-810010071385\/"]}]},{"@type":"ImageObject","inLanguage":"pt-PT","@id":"https:\/\/cyberlogics.ao\/index.php\/product\/ubiquiti-networks-unifi-usw-24-network-switch-managed-l2-gigabit-ethernet-10-100-1000-silver-usw-24-part-number-usw-24-ean-810010071385\/#primaryimage","url":"https:\/\/cyberlogics.ao\/wp-content\/uploads\/2026\/03\/05e248d0e99128c82b05b865a5e80f4296dce7c1_1033519_USW_24_custom_image3.png","contentUrl":"https:\/\/cyberlogics.ao\/wp-content\/uploads\/2026\/03\/05e248d0e99128c82b05b865a5e80f4296dce7c1_1033519_USW_24_custom_image3.png","width":1500,"height":1500},{"@type":"BreadcrumbList","@id":"https:\/\/cyberlogics.ao\/index.php\/product\/ubiquiti-networks-unifi-usw-24-network-switch-managed-l2-gigabit-ethernet-10-100-1000-silver-usw-24-part-number-usw-24-ean-810010071385\/#breadcrumb","itemListElement":[{"@type":"ListItem","position":1,"name":"In\u00edcio","item":"https:\/\/cyberlogics.ao\/"},{"@type":"ListItem","position":2,"name":"Produtos","item":"https:\/\/cyberlogics.ao\/index.php\/shop-2\/"},{"@type":"ListItem","position":3,"name":"Ubiquiti Networks UniFi USW-24 Network Switch Managed L2 Gigabit Ethernet (10\/100\/1000) Silver (USW-24) Part number: USW-24 EAN: 810010071385"}]},{"@type":"WebSite","@id":"https:\/\/cyberlogics.ao\/#website","url":"https:\/\/cyberlogics.ao\/","name":"Cyberlogics Technologies Angola","description":"Loja Online de Licen\u00e7as de Softwares e Inform\u00e1tica","publisher":{"@id":"https:\/\/cyberlogics.ao\/#organization"},"potentialAction":[{"@type":"SearchAction","target":{"@type":"EntryPoint","urlTemplate":"https:\/\/cyberlogics.ao\/?s={search_term_string}"},"query-input":{"@type":"PropertyValueSpecification","valueRequired":true,"valueName":"search_term_string"}}],"inLanguage":"pt-PT"},{"@type":"Organization","@id":"https:\/\/cyberlogics.ao\/#organization","name":"Cyberlogics Ao Technologies - Loja Online de Licen\u00e7as de Softwares e Inform\u00e1tica","url":"https:\/\/cyberlogics.ao\/","logo":{"@type":"ImageObject","inLanguage":"pt-PT","@id":"https:\/\/cyberlogics.ao\/#\/schema\/logo\/image\/","url":"https:\/\/cyberlogics.ao\/wp-content\/uploads\/2022\/04\/CT-logo.png","contentUrl":"https:\/\/cyberlogics.ao\/wp-content\/uploads\/2022\/04\/CT-logo.png","width":190,"height":75,"caption":"Cyberlogics Ao Technologies - Loja Online de Licen\u00e7as de Softwares e Inform\u00e1tica"},"image":{"@id":"https:\/\/cyberlogics.ao\/#\/schema\/logo\/image\/"}}]}},"_links":{"self":[{"href":"https:\/\/cyberlogics.ao\/index.php\/wp-json\/wp\/v2\/product\/11685","targetHints":{"allow":["GET"]}}],"collection":[{"href":"https:\/\/cyberlogics.ao\/index.php\/wp-json\/wp\/v2\/product"}],"about":[{"href":"https:\/\/cyberlogics.ao\/index.php\/wp-json\/wp\/v2\/types\/product"}],"replies":[{"embeddable":true,"href":"https:\/\/cyberlogics.ao\/index.php\/wp-json\/wp\/v2\/comments?post=11685"}],"wp:featuredmedia":[{"embeddable":true,"href":"https:\/\/cyberlogics.ao\/index.php\/wp-json\/wp\/v2\/media\/11686"}],"wp:attachment":[{"href":"https:\/\/cyberlogics.ao\/index.php\/wp-json\/wp\/v2\/media?parent=11685"}],"wp:term":[{"taxonomy":"product_brand","embeddable":true,"href":"https:\/\/cyberlogics.ao\/index.php\/wp-json\/wp\/v2\/product_brand?post=11685"},{"taxonomy":"product_cat","embeddable":true,"href":"https:\/\/cyberlogics.ao\/index.php\/wp-json\/wp\/v2\/product_cat?post=11685"},{"taxonomy":"product_tag","embeddable":true,"href":"https:\/\/cyberlogics.ao\/index.php\/wp-json\/wp\/v2\/product_tag?post=11685"}],"curies":[{"name":"wp","href":"https:\/\/api.w.org\/{rel}","templated":true}]}}