{"id":11744,"date":"2026-03-15T11:42:51","date_gmt":"2026-03-15T11:42:51","guid":{"rendered":"https:\/\/cyberlogics.ao\/?post_type=product&#038;p=11744"},"modified":"2026-03-15T11:42:51","modified_gmt":"2026-03-15T11:42:51","slug":"ubiquiti-networks-es-24-250w-network-switch-managed-l2-l3-gigabit-ethernet-10-100-1000-power-over-ethernet-poe-1u-black-es-24-250w-part-number-es-24-250w-ean-810354022241","status":"publish","type":"product","link":"https:\/\/cyberlogics.ao\/index.php\/product\/ubiquiti-networks-es-24-250w-network-switch-managed-l2-l3-gigabit-ethernet-10-100-1000-power-over-ethernet-poe-1u-black-es-24-250w-part-number-es-24-250w-ean-810354022241\/","title":{"rendered":"Ubiquiti Networks ES-24-250W network switch Managed L2\/L3 Gigabit Ethernet (10\/100\/1000) Power over Ethernet (PoE) 1U Black (ES-24-250W) Part number: ES-24-250W EAN: 810354022241"},"content":{"rendered":"<div class=\"features-group\">\n<div class=\"features-group-title\">Funcionalidades de gest\u00e3o<\/div>\n<div class=\"features-group-row\">\n<div class=\"single-feature-label\" data-feature-id=\"icecat_automatic_3769_93\">Tipo de switch<\/div>\n<div class=\"single-feature-value\">\n<div class=\"features-group-row__value-text\">Gerido<\/div>\n<\/div>\n<\/div>\n<div class=\"features-group-row\">\n<div class=\"single-feature-label\" data-feature-id=\"icecat_automatic_3241_93\">Camada de switches<\/div>\n<div class=\"single-feature-value\">\n<div class=\"features-group-row__value-text\">L2\/L3<\/div>\n<\/div>\n<\/div>\n<\/div>\n<div class=\"features-group\">\n<div class=\"features-group-title\">PoE<\/div>\n<div class=\"features-group-row\">\n<div class=\"single-feature-label\" data-feature-id=\"icecat_automatic_2988_174\">Power over Ethernet (PoE)<\/div>\n<div class=\"single-feature-value\">\n<div class=\"features-group-row__value-text\">Sim<\/div>\n<\/div>\n<\/div>\n<\/div>\n<div class=\"features-group\">\n<div class=\"features-group-title\">Conectividade<\/div>\n<div class=\"features-group-row\">\n<div class=\"single-feature-label\" data-feature-id=\"icecat_automatic_13503_12\">N\u00famero de portas ethernet Basic switching RJ-45<\/div>\n<div class=\"single-feature-value\">\n<div class=\"features-group-row__value-text\">24<\/div>\n<\/div>\n<\/div>\n<div class=\"features-group-row\">\n<div class=\"single-feature-label\" data-feature-id=\"icecat_automatic_13502_12\">Tipos de portas ethernet Basic switching RJ-45<\/div>\n<div class=\"single-feature-value\">\n<div class=\"features-group-row__value-text\">Gigabit Ethernet (10\/100\/1000)<\/div>\n<\/div>\n<\/div>\n<div class=\"features-group-row\">\n<div class=\"single-feature-label\" data-feature-id=\"icecat_automatic_24681_12\">Quantidade de ranhuras de m\u00f3dulos SFP<\/div>\n<div class=\"single-feature-value\">\n<div class=\"features-group-row__value-text\">2<\/div>\n<\/div>\n<\/div>\n<\/div>\n<div class=\"features-group\">\n<div class=\"features-group-title\">Rede<\/div>\n<div class=\"features-group-row\">\n<div class=\"single-feature-label\" data-feature-id=\"icecat_automatic_7364_35\">Suporte 10G<\/div>\n<div class=\"single-feature-value\">\n<div class=\"features-group-row__value-text\">N\u00e3o<\/div>\n<\/div>\n<\/div>\n<div class=\"features-group-row\">\n<div class=\"single-feature-label\" data-feature-id=\"icecat_automatic_1802_35\">Normas de Comunica\u00e7\u00f5es<\/div>\n<div class=\"single-feature-value\">\n<div class=\"features-group-row__value-text\">IEEE 802.3af, IEEE 802.3at<\/div>\n<\/div>\n<\/div>\n<\/div>\n<div class=\"features-group\">\n<div class=\"features-group-title\">Design<\/div>\n<div class=\"features-group-row\">\n<div class=\"single-feature-label\" data-feature-id=\"icecat_automatic_483_148\">Montagem em prateleira<\/div>\n<div class=\"single-feature-value\">\n<div class=\"features-group-row__value-text\">Sim<\/div>\n<\/div>\n<\/div>\n<div class=\"features-group-row\">\n<div class=\"single-feature-label\" data-feature-id=\"icecat_automatic_1766_148\">Cor do produto<\/div>\n<div class=\"single-feature-value\">\n<div class=\"features-group-row__value-text\">Preto<\/div>\n<\/div>\n<\/div>\n<div class=\"features-group-row\">\n<div class=\"single-feature-label\" data-feature-id=\"icecat_automatic_3245_148\">Empilh\u00e1vel<\/div>\n<div class=\"single-feature-value\">\n<div class=\"features-group-row__value-text\">Sim<\/div>\n<\/div>\n<\/div>\n<div class=\"features-group-row\">\n<div class=\"single-feature-label\" data-feature-id=\"icecat_automatic_771_148\">Forma<\/div>\n<div class=\"single-feature-value\">\n<div class=\"features-group-row__value-text\">1U<\/div>\n<\/div>\n<\/div>\n<div class=\"features-group-row\">\n<div class=\"single-feature-label\" data-feature-id=\"icecat_automatic_1501_148\">Indicadores LED<\/div>\n<div class=\"single-feature-value\">\n<div class=\"features-group-row__value-text\">Atividade, Liga\u00e7\u00e3o, PoE<\/div>\n<\/div>\n<\/div>\n<div class=\"features-group-row\">\n<div class=\"single-feature-label\" data-feature-id=\"icecat_automatic_249_148\">Certifica\u00e7\u00e3o<\/div>\n<div class=\"single-feature-value\">\n<div class=\"features-group-row__value-text\">CE, FCC, IC<\/div>\n<\/div>\n<\/div>\n<\/div>\n<div class=\"features-group\">\n<div class=\"features-group-title\">Condi\u00e7\u00f5es ambientais<\/div>\n<div class=\"features-group-row\">\n<div class=\"single-feature-label\" data-feature-id=\"icecat_automatic_703_28\">Humidade relativa de funcionamento (H-H)<\/div>\n<div class=\"single-feature-value\">\n<div class=\"features-group-row__value-text\">5 &#8211; 95<\/div>\n<\/div>\n<\/div>\n<div class=\"features-group-row\">\n<div class=\"single-feature-label\" data-feature-id=\"icecat_automatic_1112_28\">Temperatura de funcionamento (T-T)<\/div>\n<div class=\"single-feature-value\">\n<div class=\"features-group-row__value-text\">-5 &#8211; 40<\/div>\n<\/div>\n<\/div>\n<\/div>\n<div class=\"features-group\">\n<div class=\"features-group-title\">Aprova\u00e7\u00e3o regulamentar<\/div>\n<div class=\"features-group-row\">\n<div class=\"single-feature-label\" data-feature-id=\"icecat_automatic_249_76\">Certifica\u00e7\u00e3o<\/div>\n<div class=\"single-feature-value\">\n<div class=\"features-group-row__value-text\">CE, FCC, IC<\/div>\n<\/div>\n<\/div>\n<\/div>\n<div class=\"features-group\">\n<div class=\"features-group-title\">Transmiss\u00e3o de dados<\/div>\n<div class=\"features-group-row\">\n<div class=\"single-feature-label\" data-feature-id=\"icecat_automatic_1801_62\">Capacidade de routing\/switching<\/div>\n<div class=\"single-feature-value\">\n<div class=\"features-group-row__value-text\">52 Gbit\/s<\/div>\n<\/div>\n<\/div>\n<div class=\"features-group-row\">\n<div class=\"single-feature-label\" data-feature-id=\"icecat_automatic_13516_62\">Produtividade<\/div>\n<div class=\"single-feature-value\">\n<div class=\"features-group-row__value-text\">38,69 Mpps<\/div>\n<\/div>\n<\/div>\n<div class=\"features-group-row\">\n<div class=\"single-feature-label\" data-feature-id=\"icecat_automatic_566_62\">Tabela de endere\u00e7os MAC<\/div>\n<div class=\"single-feature-value\">\n<div class=\"features-group-row__value-text\">8000 entradas<\/div>\n<\/div>\n<\/div>\n<\/div>\n<div class=\"features-group\">\n<div class=\"features-group-title\">Gest\u00e3o de energia<\/div>\n<div class=\"features-group-row\">\n<div class=\"single-feature-label\" data-feature-id=\"icecat_automatic_8491_27\">Voltagem de entrada AC<\/div>\n<div class=\"single-feature-value\">\n<div class=\"features-group-row__value-text\">100 &#8211; 240 V<\/div>\n<\/div>\n<\/div>\n<div class=\"features-group-row\">\n<div class=\"single-feature-label\" data-feature-id=\"icecat_automatic_445_27\">Consumo de energia (t\u00edpico)<\/div>\n<div class=\"single-feature-value\">\n<div class=\"features-group-row__value-text\">250.0000<\/div>\n<\/div>\n<\/div>\n<div class=\"features-group-row\">\n<div class=\"single-feature-label\" data-feature-id=\"icecat_automatic_8484_27\">Frequ\u00eancia de entrada AC<\/div>\n<div class=\"single-feature-value\">\n<div class=\"features-group-row__value-text\">50 &#8211; 60 Hz<\/div>\n<\/div>\n<\/div>\n<\/div>\n<div class=\"features-group\">\n<div class=\"features-group-title\">Pesos e dimens\u00f5es<\/div>\n<div class=\"features-group-row\">\n<div class=\"single-feature-label\" data-feature-id=\"icecat_automatic_1650_14\">Profundidade<\/div>\n<div class=\"single-feature-value\">\n<div class=\"features-group-row__value-text\">285.6 mm<\/div>\n<\/div>\n<\/div>\n<div class=\"features-group-row\">\n<div class=\"single-feature-label\" data-feature-id=\"icecat_automatic_1649_14\">Largura<\/div>\n<div class=\"single-feature-value\">\n<div class=\"features-group-row__value-text\">485.04 mm<\/div>\n<\/div>\n<\/div>\n<div class=\"features-group-row\">\n<div class=\"single-feature-label\" data-feature-id=\"icecat_automatic_1464_14\">Altura<\/div>\n<div class=\"single-feature-value\">\n<div class=\"features-group-row__value-text\">44.45 mm<\/div>\n<\/div>\n<\/div>\n<div class=\"features-group-row\">\n<div class=\"single-feature-label\" data-feature-id=\"icecat_automatic_94_14\">Peso<\/div>\n<div class=\"single-feature-value\">\n<div class=\"features-group-row__value-text\">3700 g<\/div>\n<\/div>\n<\/div>\n<\/div>\n<div class=\"features-group\">\n<div class=\"features-group-title\">Dados log\u00edsticos<\/div>\n<div class=\"features-group-row\">\n<div class=\"single-feature-label\" data-feature-id=\"icecat_automatic_23731_198\">C\u00f3digo de Sistema Harmonizado (HS)<\/div>\n<div class=\"single-feature-value\">\n<div class=\"features-group-row__value-text\">85176990<\/div>\n<\/div>\n<\/div>\n<\/div>\n","protected":false},"excerpt":{"rendered":"<div class=\"attribute-desc-section__attribute attribute-desc-section__attribute--seo-description\">\n<p>Switch PoE de camada 2\/3 com (24) portas Gigabit RJ45, (2) portas SFP e uma fonte de alimenta\u00e7\u00e3o de 250W.<\/p>\n<\/div>\n<div class=\"attribute-desc-section__attribute attribute-desc-section__attribute--key-features\">\n<div>\n<p>(24) portas GbE RJ45<\/p>\n<p>(2) portas SFP<\/p>\n<p>Disponibilidade total de PoE de 250W<\/p>\n<p>Mont\u00e1vel em rack, 1U<\/p>\n<\/div>\n<\/div>\n","protected":false},"featured_media":11749,"comment_status":"open","ping_status":"closed","template":"","meta":{"_joinchat":[]},"product_brand":[],"product_cat":[115,797],"product_tag":[],"class_list":{"0":"post-11744","1":"product","2":"type-product","3":"status-publish","4":"has-post-thumbnail","6":"product_cat-servidores","7":"product_cat-switch-de-rede-ethernet","9":"first","10":"instock","11":"shipping-taxable","12":"purchasable","13":"product-type-simple"},"yoast_head":"<!-- This site is optimized with the Yoast SEO plugin v27.3 - https:\/\/yoast.com\/product\/yoast-seo-wordpress\/ -->\n<title>Ubiquiti Networks ES-24-250W network switch Managed L2\/L3 Gigabit Ethernet (10\/100\/1000) Power over Ethernet (PoE) 1U Black (ES-24-250W) Part number: ES-24-250W EAN: 810354022241 - Cyberlogics Technologies Angola<\/title>\n<meta name=\"description\" content=\"A Maior Loja Online de Angola de Licen\u00e7as Microsoft Office | Chaves Sistemas Operativos Windows | Antiv\u00edrus | Cloud Adobe | Inform\u00e1tica &amp; Servidores | Softwares de Gest\u00e3o ERP | Gaming Hardware | UPS e Baterias &amp; Muito Mais...\" \/>\n<meta name=\"robots\" content=\"index, follow, max-snippet:-1, max-image-preview:large, max-video-preview:-1\" \/>\n<link rel=\"canonical\" href=\"https:\/\/cyberlogics.ao\/index.php\/product\/ubiquiti-networks-es-24-250w-network-switch-managed-l2-l3-gigabit-ethernet-10-100-1000-power-over-ethernet-poe-1u-black-es-24-250w-part-number-es-24-250w-ean-810354022241\/\" \/>\n<meta property=\"og:locale\" content=\"pt_PT\" \/>\n<meta property=\"og:type\" content=\"article\" \/>\n<meta property=\"og:title\" content=\"Ubiquiti Networks ES-24-250W network switch Managed L2\/L3 Gigabit Ethernet (10\/100\/1000) Power over Ethernet (PoE) 1U Black (ES-24-250W) Part number: ES-24-250W EAN: 810354022241 - Cyberlogics Technologies Angola\" \/>\n<meta property=\"og:description\" content=\"A Maior Loja Online de Angola de Licen\u00e7as Microsoft Office | Chaves Sistemas Operativos Windows | Antiv\u00edrus | Cloud Adobe | Inform\u00e1tica &amp; Servidores | Softwares de Gest\u00e3o ERP | Gaming Hardware | UPS e Baterias &amp; Muito Mais...\" \/>\n<meta property=\"og:url\" content=\"https:\/\/cyberlogics.ao\/index.php\/product\/ubiquiti-networks-es-24-250w-network-switch-managed-l2-l3-gigabit-ethernet-10-100-1000-power-over-ethernet-poe-1u-black-es-24-250w-part-number-es-24-250w-ean-810354022241\/\" \/>\n<meta property=\"og:site_name\" content=\"Cyberlogics Technologies Angola\" \/>\n<meta property=\"og:image\" content=\"http:\/\/cyberlogics.ao\/wp-content\/uploads\/2026\/03\/efa03d18e3e04178f999fca88d21369c1a6841ac_1018299_ES_24_250W_custom_image5.webp\" \/>\n\t<meta property=\"og:image:width\" content=\"800\" \/>\n\t<meta property=\"og:image:height\" content=\"800\" \/>\n\t<meta property=\"og:image:type\" content=\"image\/webp\" \/>\n<meta name=\"twitter:card\" content=\"summary_large_image\" \/>\n<meta name=\"twitter:label1\" content=\"Tempo estimado de leitura\" \/>\n\t<meta name=\"twitter:data1\" content=\"1 minuto\" \/>\n<script type=\"application\/ld+json\" class=\"yoast-schema-graph\">{\"@context\":\"https:\\\/\\\/schema.org\",\"@graph\":[{\"@type\":\"WebPage\",\"@id\":\"https:\\\/\\\/cyberlogics.ao\\\/index.php\\\/product\\\/ubiquiti-networks-es-24-250w-network-switch-managed-l2-l3-gigabit-ethernet-10-100-1000-power-over-ethernet-poe-1u-black-es-24-250w-part-number-es-24-250w-ean-810354022241\\\/\",\"url\":\"https:\\\/\\\/cyberlogics.ao\\\/index.php\\\/product\\\/ubiquiti-networks-es-24-250w-network-switch-managed-l2-l3-gigabit-ethernet-10-100-1000-power-over-ethernet-poe-1u-black-es-24-250w-part-number-es-24-250w-ean-810354022241\\\/\",\"name\":\"Ubiquiti Networks ES-24-250W network switch Managed L2\\\/L3 Gigabit Ethernet (10\\\/100\\\/1000) Power over Ethernet (PoE) 1U Black (ES-24-250W) Part number: ES-24-250W EAN: 810354022241 - Cyberlogics Technologies Angola\",\"isPartOf\":{\"@id\":\"https:\\\/\\\/cyberlogics.ao\\\/#website\"},\"primaryImageOfPage\":{\"@id\":\"https:\\\/\\\/cyberlogics.ao\\\/index.php\\\/product\\\/ubiquiti-networks-es-24-250w-network-switch-managed-l2-l3-gigabit-ethernet-10-100-1000-power-over-ethernet-poe-1u-black-es-24-250w-part-number-es-24-250w-ean-810354022241\\\/#primaryimage\"},\"image\":{\"@id\":\"https:\\\/\\\/cyberlogics.ao\\\/index.php\\\/product\\\/ubiquiti-networks-es-24-250w-network-switch-managed-l2-l3-gigabit-ethernet-10-100-1000-power-over-ethernet-poe-1u-black-es-24-250w-part-number-es-24-250w-ean-810354022241\\\/#primaryimage\"},\"thumbnailUrl\":\"https:\\\/\\\/cyberlogics.ao\\\/wp-content\\\/uploads\\\/2026\\\/03\\\/efa03d18e3e04178f999fca88d21369c1a6841ac_1018299_ES_24_250W_custom_image5.webp\",\"datePublished\":\"2026-03-15T11:42:51+00:00\",\"description\":\"A Maior Loja Online de Angola de Licen\u00e7as Microsoft Office | Chaves Sistemas Operativos Windows | Antiv\u00edrus | Cloud Adobe | Inform\u00e1tica & Servidores | Softwares de Gest\u00e3o ERP | Gaming Hardware | UPS e Baterias & Muito Mais...\",\"breadcrumb\":{\"@id\":\"https:\\\/\\\/cyberlogics.ao\\\/index.php\\\/product\\\/ubiquiti-networks-es-24-250w-network-switch-managed-l2-l3-gigabit-ethernet-10-100-1000-power-over-ethernet-poe-1u-black-es-24-250w-part-number-es-24-250w-ean-810354022241\\\/#breadcrumb\"},\"inLanguage\":\"pt-PT\",\"potentialAction\":[{\"@type\":\"ReadAction\",\"target\":[\"https:\\\/\\\/cyberlogics.ao\\\/index.php\\\/product\\\/ubiquiti-networks-es-24-250w-network-switch-managed-l2-l3-gigabit-ethernet-10-100-1000-power-over-ethernet-poe-1u-black-es-24-250w-part-number-es-24-250w-ean-810354022241\\\/\"]}]},{\"@type\":\"ImageObject\",\"inLanguage\":\"pt-PT\",\"@id\":\"https:\\\/\\\/cyberlogics.ao\\\/index.php\\\/product\\\/ubiquiti-networks-es-24-250w-network-switch-managed-l2-l3-gigabit-ethernet-10-100-1000-power-over-ethernet-poe-1u-black-es-24-250w-part-number-es-24-250w-ean-810354022241\\\/#primaryimage\",\"url\":\"https:\\\/\\\/cyberlogics.ao\\\/wp-content\\\/uploads\\\/2026\\\/03\\\/efa03d18e3e04178f999fca88d21369c1a6841ac_1018299_ES_24_250W_custom_image5.webp\",\"contentUrl\":\"https:\\\/\\\/cyberlogics.ao\\\/wp-content\\\/uploads\\\/2026\\\/03\\\/efa03d18e3e04178f999fca88d21369c1a6841ac_1018299_ES_24_250W_custom_image5.webp\",\"width\":800,\"height\":800},{\"@type\":\"BreadcrumbList\",\"@id\":\"https:\\\/\\\/cyberlogics.ao\\\/index.php\\\/product\\\/ubiquiti-networks-es-24-250w-network-switch-managed-l2-l3-gigabit-ethernet-10-100-1000-power-over-ethernet-poe-1u-black-es-24-250w-part-number-es-24-250w-ean-810354022241\\\/#breadcrumb\",\"itemListElement\":[{\"@type\":\"ListItem\",\"position\":1,\"name\":\"In\u00edcio\",\"item\":\"https:\\\/\\\/cyberlogics.ao\\\/\"},{\"@type\":\"ListItem\",\"position\":2,\"name\":\"Produtos\",\"item\":\"https:\\\/\\\/cyberlogics.ao\\\/index.php\\\/shop-2\\\/\"},{\"@type\":\"ListItem\",\"position\":3,\"name\":\"Ubiquiti Networks ES-24-250W network switch Managed L2\\\/L3 Gigabit Ethernet (10\\\/100\\\/1000) Power over Ethernet (PoE) 1U Black (ES-24-250W) Part number: ES-24-250W EAN: 810354022241\"}]},{\"@type\":\"WebSite\",\"@id\":\"https:\\\/\\\/cyberlogics.ao\\\/#website\",\"url\":\"https:\\\/\\\/cyberlogics.ao\\\/\",\"name\":\"Cyberlogics Technologies Angola\",\"description\":\"Loja Online de Licen\u00e7as de Softwares e Inform\u00e1tica\",\"publisher\":{\"@id\":\"https:\\\/\\\/cyberlogics.ao\\\/#organization\"},\"potentialAction\":[{\"@type\":\"SearchAction\",\"target\":{\"@type\":\"EntryPoint\",\"urlTemplate\":\"https:\\\/\\\/cyberlogics.ao\\\/?s={search_term_string}\"},\"query-input\":{\"@type\":\"PropertyValueSpecification\",\"valueRequired\":true,\"valueName\":\"search_term_string\"}}],\"inLanguage\":\"pt-PT\"},{\"@type\":\"Organization\",\"@id\":\"https:\\\/\\\/cyberlogics.ao\\\/#organization\",\"name\":\"Cyberlogics Ao Technologies - Loja Online de Licen\u00e7as de Softwares e Inform\u00e1tica\",\"url\":\"https:\\\/\\\/cyberlogics.ao\\\/\",\"logo\":{\"@type\":\"ImageObject\",\"inLanguage\":\"pt-PT\",\"@id\":\"https:\\\/\\\/cyberlogics.ao\\\/#\\\/schema\\\/logo\\\/image\\\/\",\"url\":\"https:\\\/\\\/cyberlogics.ao\\\/wp-content\\\/uploads\\\/2022\\\/04\\\/CT-logo.png\",\"contentUrl\":\"https:\\\/\\\/cyberlogics.ao\\\/wp-content\\\/uploads\\\/2022\\\/04\\\/CT-logo.png\",\"width\":190,\"height\":75,\"caption\":\"Cyberlogics Ao Technologies - Loja Online de Licen\u00e7as de Softwares e Inform\u00e1tica\"},\"image\":{\"@id\":\"https:\\\/\\\/cyberlogics.ao\\\/#\\\/schema\\\/logo\\\/image\\\/\"}}]}<\/script>\n<!-- \/ Yoast SEO plugin. -->","yoast_head_json":{"title":"Ubiquiti Networks ES-24-250W network switch Managed L2\/L3 Gigabit Ethernet (10\/100\/1000) Power over Ethernet (PoE) 1U Black (ES-24-250W) Part number: ES-24-250W EAN: 810354022241 - Cyberlogics Technologies Angola","description":"A Maior Loja Online de Angola de Licen\u00e7as Microsoft Office | Chaves Sistemas Operativos Windows | Antiv\u00edrus | Cloud Adobe | Inform\u00e1tica & Servidores | Softwares de Gest\u00e3o ERP | Gaming Hardware | UPS e Baterias & Muito Mais...","robots":{"index":"index","follow":"follow","max-snippet":"max-snippet:-1","max-image-preview":"max-image-preview:large","max-video-preview":"max-video-preview:-1"},"canonical":"https:\/\/cyberlogics.ao\/index.php\/product\/ubiquiti-networks-es-24-250w-network-switch-managed-l2-l3-gigabit-ethernet-10-100-1000-power-over-ethernet-poe-1u-black-es-24-250w-part-number-es-24-250w-ean-810354022241\/","og_locale":"pt_PT","og_type":"article","og_title":"Ubiquiti Networks ES-24-250W network switch Managed L2\/L3 Gigabit Ethernet (10\/100\/1000) Power over Ethernet (PoE) 1U Black (ES-24-250W) Part number: ES-24-250W EAN: 810354022241 - Cyberlogics Technologies Angola","og_description":"A Maior Loja Online de Angola de Licen\u00e7as Microsoft Office | Chaves Sistemas Operativos Windows | Antiv\u00edrus | Cloud Adobe | Inform\u00e1tica & Servidores | Softwares de Gest\u00e3o ERP | Gaming Hardware | UPS e Baterias & Muito Mais...","og_url":"https:\/\/cyberlogics.ao\/index.php\/product\/ubiquiti-networks-es-24-250w-network-switch-managed-l2-l3-gigabit-ethernet-10-100-1000-power-over-ethernet-poe-1u-black-es-24-250w-part-number-es-24-250w-ean-810354022241\/","og_site_name":"Cyberlogics Technologies Angola","og_image":[{"width":800,"height":800,"url":"http:\/\/cyberlogics.ao\/wp-content\/uploads\/2026\/03\/efa03d18e3e04178f999fca88d21369c1a6841ac_1018299_ES_24_250W_custom_image5.webp","type":"image\/webp"}],"twitter_card":"summary_large_image","twitter_misc":{"Tempo estimado de leitura":"1 minuto"},"schema":{"@context":"https:\/\/schema.org","@graph":[{"@type":"WebPage","@id":"https:\/\/cyberlogics.ao\/index.php\/product\/ubiquiti-networks-es-24-250w-network-switch-managed-l2-l3-gigabit-ethernet-10-100-1000-power-over-ethernet-poe-1u-black-es-24-250w-part-number-es-24-250w-ean-810354022241\/","url":"https:\/\/cyberlogics.ao\/index.php\/product\/ubiquiti-networks-es-24-250w-network-switch-managed-l2-l3-gigabit-ethernet-10-100-1000-power-over-ethernet-poe-1u-black-es-24-250w-part-number-es-24-250w-ean-810354022241\/","name":"Ubiquiti Networks ES-24-250W network switch Managed L2\/L3 Gigabit Ethernet (10\/100\/1000) Power over Ethernet (PoE) 1U Black (ES-24-250W) Part number: ES-24-250W EAN: 810354022241 - Cyberlogics Technologies Angola","isPartOf":{"@id":"https:\/\/cyberlogics.ao\/#website"},"primaryImageOfPage":{"@id":"https:\/\/cyberlogics.ao\/index.php\/product\/ubiquiti-networks-es-24-250w-network-switch-managed-l2-l3-gigabit-ethernet-10-100-1000-power-over-ethernet-poe-1u-black-es-24-250w-part-number-es-24-250w-ean-810354022241\/#primaryimage"},"image":{"@id":"https:\/\/cyberlogics.ao\/index.php\/product\/ubiquiti-networks-es-24-250w-network-switch-managed-l2-l3-gigabit-ethernet-10-100-1000-power-over-ethernet-poe-1u-black-es-24-250w-part-number-es-24-250w-ean-810354022241\/#primaryimage"},"thumbnailUrl":"https:\/\/cyberlogics.ao\/wp-content\/uploads\/2026\/03\/efa03d18e3e04178f999fca88d21369c1a6841ac_1018299_ES_24_250W_custom_image5.webp","datePublished":"2026-03-15T11:42:51+00:00","description":"A Maior Loja Online de Angola de Licen\u00e7as Microsoft Office | Chaves Sistemas Operativos Windows | Antiv\u00edrus | Cloud Adobe | Inform\u00e1tica & Servidores | Softwares de Gest\u00e3o ERP | Gaming Hardware | UPS e Baterias & Muito Mais...","breadcrumb":{"@id":"https:\/\/cyberlogics.ao\/index.php\/product\/ubiquiti-networks-es-24-250w-network-switch-managed-l2-l3-gigabit-ethernet-10-100-1000-power-over-ethernet-poe-1u-black-es-24-250w-part-number-es-24-250w-ean-810354022241\/#breadcrumb"},"inLanguage":"pt-PT","potentialAction":[{"@type":"ReadAction","target":["https:\/\/cyberlogics.ao\/index.php\/product\/ubiquiti-networks-es-24-250w-network-switch-managed-l2-l3-gigabit-ethernet-10-100-1000-power-over-ethernet-poe-1u-black-es-24-250w-part-number-es-24-250w-ean-810354022241\/"]}]},{"@type":"ImageObject","inLanguage":"pt-PT","@id":"https:\/\/cyberlogics.ao\/index.php\/product\/ubiquiti-networks-es-24-250w-network-switch-managed-l2-l3-gigabit-ethernet-10-100-1000-power-over-ethernet-poe-1u-black-es-24-250w-part-number-es-24-250w-ean-810354022241\/#primaryimage","url":"https:\/\/cyberlogics.ao\/wp-content\/uploads\/2026\/03\/efa03d18e3e04178f999fca88d21369c1a6841ac_1018299_ES_24_250W_custom_image5.webp","contentUrl":"https:\/\/cyberlogics.ao\/wp-content\/uploads\/2026\/03\/efa03d18e3e04178f999fca88d21369c1a6841ac_1018299_ES_24_250W_custom_image5.webp","width":800,"height":800},{"@type":"BreadcrumbList","@id":"https:\/\/cyberlogics.ao\/index.php\/product\/ubiquiti-networks-es-24-250w-network-switch-managed-l2-l3-gigabit-ethernet-10-100-1000-power-over-ethernet-poe-1u-black-es-24-250w-part-number-es-24-250w-ean-810354022241\/#breadcrumb","itemListElement":[{"@type":"ListItem","position":1,"name":"In\u00edcio","item":"https:\/\/cyberlogics.ao\/"},{"@type":"ListItem","position":2,"name":"Produtos","item":"https:\/\/cyberlogics.ao\/index.php\/shop-2\/"},{"@type":"ListItem","position":3,"name":"Ubiquiti Networks ES-24-250W network switch Managed L2\/L3 Gigabit Ethernet (10\/100\/1000) Power over Ethernet (PoE) 1U Black (ES-24-250W) Part number: ES-24-250W EAN: 810354022241"}]},{"@type":"WebSite","@id":"https:\/\/cyberlogics.ao\/#website","url":"https:\/\/cyberlogics.ao\/","name":"Cyberlogics Technologies Angola","description":"Loja Online de Licen\u00e7as de Softwares e Inform\u00e1tica","publisher":{"@id":"https:\/\/cyberlogics.ao\/#organization"},"potentialAction":[{"@type":"SearchAction","target":{"@type":"EntryPoint","urlTemplate":"https:\/\/cyberlogics.ao\/?s={search_term_string}"},"query-input":{"@type":"PropertyValueSpecification","valueRequired":true,"valueName":"search_term_string"}}],"inLanguage":"pt-PT"},{"@type":"Organization","@id":"https:\/\/cyberlogics.ao\/#organization","name":"Cyberlogics Ao Technologies - Loja Online de Licen\u00e7as de Softwares e Inform\u00e1tica","url":"https:\/\/cyberlogics.ao\/","logo":{"@type":"ImageObject","inLanguage":"pt-PT","@id":"https:\/\/cyberlogics.ao\/#\/schema\/logo\/image\/","url":"https:\/\/cyberlogics.ao\/wp-content\/uploads\/2022\/04\/CT-logo.png","contentUrl":"https:\/\/cyberlogics.ao\/wp-content\/uploads\/2022\/04\/CT-logo.png","width":190,"height":75,"caption":"Cyberlogics Ao Technologies - Loja Online de Licen\u00e7as de Softwares e Inform\u00e1tica"},"image":{"@id":"https:\/\/cyberlogics.ao\/#\/schema\/logo\/image\/"}}]}},"_links":{"self":[{"href":"https:\/\/cyberlogics.ao\/index.php\/wp-json\/wp\/v2\/product\/11744","targetHints":{"allow":["GET"]}}],"collection":[{"href":"https:\/\/cyberlogics.ao\/index.php\/wp-json\/wp\/v2\/product"}],"about":[{"href":"https:\/\/cyberlogics.ao\/index.php\/wp-json\/wp\/v2\/types\/product"}],"replies":[{"embeddable":true,"href":"https:\/\/cyberlogics.ao\/index.php\/wp-json\/wp\/v2\/comments?post=11744"}],"wp:featuredmedia":[{"embeddable":true,"href":"https:\/\/cyberlogics.ao\/index.php\/wp-json\/wp\/v2\/media\/11749"}],"wp:attachment":[{"href":"https:\/\/cyberlogics.ao\/index.php\/wp-json\/wp\/v2\/media?parent=11744"}],"wp:term":[{"taxonomy":"product_brand","embeddable":true,"href":"https:\/\/cyberlogics.ao\/index.php\/wp-json\/wp\/v2\/product_brand?post=11744"},{"taxonomy":"product_cat","embeddable":true,"href":"https:\/\/cyberlogics.ao\/index.php\/wp-json\/wp\/v2\/product_cat?post=11744"},{"taxonomy":"product_tag","embeddable":true,"href":"https:\/\/cyberlogics.ao\/index.php\/wp-json\/wp\/v2\/product_tag?post=11744"}],"curies":[{"name":"wp","href":"https:\/\/api.w.org\/{rel}","templated":true}]}}