{"id":11751,"date":"2026-03-15T12:50:18","date_gmt":"2026-03-15T12:50:18","guid":{"rendered":"https:\/\/cyberlogics.ao\/?post_type=product&#038;p=11751"},"modified":"2026-03-15T12:50:18","modified_gmt":"2026-03-15T12:50:18","slug":"ubiquiti-networks-u-rack-6u-tl-rack-base-part-number-u-rack-6u-tl-ean-810010075390","status":"publish","type":"product","link":"https:\/\/cyberlogics.ao\/index.php\/product\/ubiquiti-networks-u-rack-6u-tl-rack-base-part-number-u-rack-6u-tl-ean-810010075390\/","title":{"rendered":"Ubiquiti Networks U-Rack-6U-TL Rack base Part number: U-RACK-6U-TL EAN: 810010075390"},"content":{"rendered":"<div class=\"features-group\">\n<div class=\"features-group-title\">Caracter\u00edsticas<\/div>\n<div class=\"features-group-row\">\n<div class=\"single-feature-label\" data-feature-id=\"icecat_automatic_31_185\">Tipo<\/div>\n<div class=\"single-feature-value\">\n<div class=\"features-group-row__value-text\">Base<\/div>\n<\/div>\n<\/div>\n<div class=\"features-group-row\">\n<div class=\"single-feature-label\" data-feature-id=\"icecat_automatic_1766_185\">Cor do produto<\/div>\n<div class=\"single-feature-value\">\n<div class=\"features-group-row__value-text\">A\u00e7o<\/div>\n<\/div>\n<\/div>\n<div class=\"features-group-row\">\n<div class=\"single-feature-label\" data-feature-id=\"icecat_automatic_3173_185\">Capacidade do rack<\/div>\n<div class=\"single-feature-value\">\n<div class=\"features-group-row__value-text\">6U<\/div>\n<\/div>\n<\/div>\n<div class=\"features-group-row\">\n<div class=\"single-feature-label\" data-feature-id=\"icecat_automatic_2718_185\">Peso m\u00e1ximo (capacidade)<\/div>\n<div class=\"single-feature-value\">\n<div class=\"features-group-row__value-text\">35.0000<\/div>\n<\/div>\n<\/div>\n<div class=\"features-group-row\">\n<div class=\"single-feature-label\" data-feature-id=\"icecat_automatic_5214_185\">Material do corpo do produto<\/div>\n<div class=\"single-feature-value\">\n<div class=\"features-group-row__value-text\">A\u00e7o carbono, SPCC, A\u00e7o inoxid\u00e1vel<\/div>\n<\/div>\n<\/div>\n<div class=\"features-group-row\">\n<div class=\"single-feature-label\" data-feature-id=\"icecat_automatic_10603_185\">Tipo de estrutura<\/div>\n<div class=\"single-feature-value\">\n<div class=\"features-group-row__value-text\">Aberto<\/div>\n<\/div>\n<\/div>\n<\/div>\n<div class=\"features-group\">\n<div class=\"features-group-title\">Embalagem<\/div>\n<div class=\"features-group-row\">\n<div class=\"single-feature-label\" data-feature-id=\"icecat_automatic_20228_67\">Quantidade por conjunto<\/div>\n<div class=\"single-feature-value\">\n<div class=\"features-group-row__value-text\">1.0000<\/div>\n<\/div>\n<\/div>\n<\/div>\n<div class=\"features-group\">\n<div class=\"features-group-title\">Pesos e dimens\u00f5es<\/div>\n<div class=\"features-group-row\">\n<div class=\"single-feature-label\" data-feature-id=\"icecat_automatic_1650_14\">Profundidade<\/div>\n<div class=\"single-feature-value\">\n<div class=\"features-group-row__value-text\">460 mm<\/div>\n<\/div>\n<\/div>\n<div class=\"features-group-row\">\n<div class=\"single-feature-label\" data-feature-id=\"icecat_automatic_1649_14\">Largura<\/div>\n<div class=\"single-feature-value\">\n<div class=\"features-group-row__value-text\">519 mm<\/div>\n<\/div>\n<\/div>\n<div class=\"features-group-row\">\n<div class=\"single-feature-label\" data-feature-id=\"icecat_automatic_1464_14\">Altura<\/div>\n<div class=\"single-feature-value\">\n<div class=\"features-group-row__value-text\">485 mm<\/div>\n<\/div>\n<\/div>\n<div class=\"features-group-row\">\n<div class=\"single-feature-label\" data-feature-id=\"icecat_automatic_94_14\">Peso<\/div>\n<div class=\"single-feature-value\">\n<div class=\"features-group-row__value-text\">10270 g<\/div>\n<\/div>\n<\/div>\n<\/div>\n","protected":false},"excerpt":{"rendered":"<div class=\"attribute-desc-section__attribute attribute-desc-section__attribute--seo-description\">\n<p>6U-sized dispositivo de rack com um painel de remendo em branco de 24 portas que pode ser montado sem ferramentas.<\/p>\n<\/div>\n<div class=\"attribute-desc-section__attribute attribute-desc-section__attribute--key-features\">\n<div>\n<p>Rack de dispositivo de tamanho 6U<\/p>\n<p>Combine dois Mini Racks em um rack de 12U com um Kit de Empilhamento<\/p>\n<p>Painel de patch em branco de 24 portas<\/p>\n<p>Montagem sem ferramentas e fixa\u00e7\u00e3o de dispositivos*<\/p>\n<p>Rod\u00edzios com trava<\/p>\n<p><sub>*Verifique a especifica\u00e7\u00e3o t\u00e9cnica para compatibilidade de dispositivos.<\/sub><\/p>\n<\/div>\n<\/div>\n","protected":false},"featured_media":11752,"comment_status":"open","ping_status":"closed","template":"","meta":{"_joinchat":[]},"product_brand":[],"product_cat":[387,378],"product_tag":[],"class_list":{"0":"post-11751","1":"product","2":"type-product","3":"status-publish","4":"has-post-thumbnail","6":"product_cat-acessorios-e-perifericos","7":"product_cat-informatica","9":"first","10":"instock","11":"shipping-taxable","12":"purchasable","13":"product-type-simple"},"yoast_head":"<!-- This site is optimized with the Yoast SEO plugin v27.3 - https:\/\/yoast.com\/product\/yoast-seo-wordpress\/ -->\n<title>Ubiquiti Networks U-Rack-6U-TL Rack base Part number: U-RACK-6U-TL EAN: 810010075390 - Cyberlogics Technologies Angola<\/title>\n<meta name=\"description\" content=\"A Maior Loja Online de Angola de Licen\u00e7as Microsoft Office | Chaves Sistemas Operativos Windows | Antiv\u00edrus | Cloud Adobe | Inform\u00e1tica &amp; Servidores | Softwares de Gest\u00e3o ERP | Gaming Hardware | UPS e Baterias &amp; Muito Mais...\" \/>\n<meta name=\"robots\" content=\"index, follow, max-snippet:-1, max-image-preview:large, max-video-preview:-1\" \/>\n<link rel=\"canonical\" href=\"https:\/\/cyberlogics.ao\/index.php\/product\/ubiquiti-networks-u-rack-6u-tl-rack-base-part-number-u-rack-6u-tl-ean-810010075390\/\" \/>\n<meta property=\"og:locale\" content=\"pt_PT\" \/>\n<meta property=\"og:type\" content=\"article\" \/>\n<meta property=\"og:title\" content=\"Ubiquiti Networks U-Rack-6U-TL Rack base Part number: U-RACK-6U-TL EAN: 810010075390 - Cyberlogics Technologies Angola\" \/>\n<meta property=\"og:description\" content=\"A Maior Loja Online de Angola de Licen\u00e7as Microsoft Office | Chaves Sistemas Operativos Windows | Antiv\u00edrus | Cloud Adobe | Inform\u00e1tica &amp; Servidores | Softwares de Gest\u00e3o ERP | Gaming Hardware | UPS e Baterias &amp; Muito Mais...\" \/>\n<meta property=\"og:url\" content=\"https:\/\/cyberlogics.ao\/index.php\/product\/ubiquiti-networks-u-rack-6u-tl-rack-base-part-number-u-rack-6u-tl-ean-810010075390\/\" \/>\n<meta property=\"og:site_name\" content=\"Cyberlogics Technologies Angola\" \/>\n<meta property=\"og:image\" content=\"http:\/\/cyberlogics.ao\/wp-content\/uploads\/2026\/03\/4b0ca594d7d994c7b4f98200127b132ce3baa61a_1680668_U_RACK_6U_TL_custom_image1.webp\" \/>\n\t<meta property=\"og:image:width\" content=\"1500\" \/>\n\t<meta property=\"og:image:height\" content=\"1500\" \/>\n\t<meta property=\"og:image:type\" content=\"image\/webp\" \/>\n<meta name=\"twitter:card\" content=\"summary_large_image\" \/>\n<script type=\"application\/ld+json\" class=\"yoast-schema-graph\">{\"@context\":\"https:\\\/\\\/schema.org\",\"@graph\":[{\"@type\":\"WebPage\",\"@id\":\"https:\\\/\\\/cyberlogics.ao\\\/index.php\\\/product\\\/ubiquiti-networks-u-rack-6u-tl-rack-base-part-number-u-rack-6u-tl-ean-810010075390\\\/\",\"url\":\"https:\\\/\\\/cyberlogics.ao\\\/index.php\\\/product\\\/ubiquiti-networks-u-rack-6u-tl-rack-base-part-number-u-rack-6u-tl-ean-810010075390\\\/\",\"name\":\"Ubiquiti Networks U-Rack-6U-TL Rack base Part number: U-RACK-6U-TL EAN: 810010075390 - Cyberlogics Technologies Angola\",\"isPartOf\":{\"@id\":\"https:\\\/\\\/cyberlogics.ao\\\/#website\"},\"primaryImageOfPage\":{\"@id\":\"https:\\\/\\\/cyberlogics.ao\\\/index.php\\\/product\\\/ubiquiti-networks-u-rack-6u-tl-rack-base-part-number-u-rack-6u-tl-ean-810010075390\\\/#primaryimage\"},\"image\":{\"@id\":\"https:\\\/\\\/cyberlogics.ao\\\/index.php\\\/product\\\/ubiquiti-networks-u-rack-6u-tl-rack-base-part-number-u-rack-6u-tl-ean-810010075390\\\/#primaryimage\"},\"thumbnailUrl\":\"https:\\\/\\\/cyberlogics.ao\\\/wp-content\\\/uploads\\\/2026\\\/03\\\/4b0ca594d7d994c7b4f98200127b132ce3baa61a_1680668_U_RACK_6U_TL_custom_image1.webp\",\"datePublished\":\"2026-03-15T12:50:18+00:00\",\"description\":\"A Maior Loja Online de Angola de Licen\u00e7as Microsoft Office | Chaves Sistemas Operativos Windows | Antiv\u00edrus | Cloud Adobe | Inform\u00e1tica & Servidores | Softwares de Gest\u00e3o ERP | Gaming Hardware | UPS e Baterias & Muito Mais...\",\"breadcrumb\":{\"@id\":\"https:\\\/\\\/cyberlogics.ao\\\/index.php\\\/product\\\/ubiquiti-networks-u-rack-6u-tl-rack-base-part-number-u-rack-6u-tl-ean-810010075390\\\/#breadcrumb\"},\"inLanguage\":\"pt-PT\",\"potentialAction\":[{\"@type\":\"ReadAction\",\"target\":[\"https:\\\/\\\/cyberlogics.ao\\\/index.php\\\/product\\\/ubiquiti-networks-u-rack-6u-tl-rack-base-part-number-u-rack-6u-tl-ean-810010075390\\\/\"]}]},{\"@type\":\"ImageObject\",\"inLanguage\":\"pt-PT\",\"@id\":\"https:\\\/\\\/cyberlogics.ao\\\/index.php\\\/product\\\/ubiquiti-networks-u-rack-6u-tl-rack-base-part-number-u-rack-6u-tl-ean-810010075390\\\/#primaryimage\",\"url\":\"https:\\\/\\\/cyberlogics.ao\\\/wp-content\\\/uploads\\\/2026\\\/03\\\/4b0ca594d7d994c7b4f98200127b132ce3baa61a_1680668_U_RACK_6U_TL_custom_image1.webp\",\"contentUrl\":\"https:\\\/\\\/cyberlogics.ao\\\/wp-content\\\/uploads\\\/2026\\\/03\\\/4b0ca594d7d994c7b4f98200127b132ce3baa61a_1680668_U_RACK_6U_TL_custom_image1.webp\",\"width\":1500,\"height\":1500},{\"@type\":\"BreadcrumbList\",\"@id\":\"https:\\\/\\\/cyberlogics.ao\\\/index.php\\\/product\\\/ubiquiti-networks-u-rack-6u-tl-rack-base-part-number-u-rack-6u-tl-ean-810010075390\\\/#breadcrumb\",\"itemListElement\":[{\"@type\":\"ListItem\",\"position\":1,\"name\":\"In\u00edcio\",\"item\":\"https:\\\/\\\/cyberlogics.ao\\\/\"},{\"@type\":\"ListItem\",\"position\":2,\"name\":\"Produtos\",\"item\":\"https:\\\/\\\/cyberlogics.ao\\\/index.php\\\/shop-2\\\/\"},{\"@type\":\"ListItem\",\"position\":3,\"name\":\"Ubiquiti Networks U-Rack-6U-TL Rack base Part number: U-RACK-6U-TL EAN: 810010075390\"}]},{\"@type\":\"WebSite\",\"@id\":\"https:\\\/\\\/cyberlogics.ao\\\/#website\",\"url\":\"https:\\\/\\\/cyberlogics.ao\\\/\",\"name\":\"Cyberlogics Technologies Angola\",\"description\":\"Loja Online de Licen\u00e7as de Softwares e Inform\u00e1tica\",\"publisher\":{\"@id\":\"https:\\\/\\\/cyberlogics.ao\\\/#organization\"},\"potentialAction\":[{\"@type\":\"SearchAction\",\"target\":{\"@type\":\"EntryPoint\",\"urlTemplate\":\"https:\\\/\\\/cyberlogics.ao\\\/?s={search_term_string}\"},\"query-input\":{\"@type\":\"PropertyValueSpecification\",\"valueRequired\":true,\"valueName\":\"search_term_string\"}}],\"inLanguage\":\"pt-PT\"},{\"@type\":\"Organization\",\"@id\":\"https:\\\/\\\/cyberlogics.ao\\\/#organization\",\"name\":\"Cyberlogics Ao Technologies - Loja Online de Licen\u00e7as de Softwares e Inform\u00e1tica\",\"url\":\"https:\\\/\\\/cyberlogics.ao\\\/\",\"logo\":{\"@type\":\"ImageObject\",\"inLanguage\":\"pt-PT\",\"@id\":\"https:\\\/\\\/cyberlogics.ao\\\/#\\\/schema\\\/logo\\\/image\\\/\",\"url\":\"https:\\\/\\\/cyberlogics.ao\\\/wp-content\\\/uploads\\\/2022\\\/04\\\/CT-logo.png\",\"contentUrl\":\"https:\\\/\\\/cyberlogics.ao\\\/wp-content\\\/uploads\\\/2022\\\/04\\\/CT-logo.png\",\"width\":190,\"height\":75,\"caption\":\"Cyberlogics Ao Technologies - Loja Online de Licen\u00e7as de Softwares e Inform\u00e1tica\"},\"image\":{\"@id\":\"https:\\\/\\\/cyberlogics.ao\\\/#\\\/schema\\\/logo\\\/image\\\/\"}}]}<\/script>\n<!-- \/ Yoast SEO plugin. -->","yoast_head_json":{"title":"Ubiquiti Networks U-Rack-6U-TL Rack base Part number: U-RACK-6U-TL EAN: 810010075390 - Cyberlogics Technologies Angola","description":"A Maior Loja Online de Angola de Licen\u00e7as Microsoft Office | Chaves Sistemas Operativos Windows | Antiv\u00edrus | Cloud Adobe | Inform\u00e1tica & Servidores | Softwares de Gest\u00e3o ERP | Gaming Hardware | UPS e Baterias & Muito Mais...","robots":{"index":"index","follow":"follow","max-snippet":"max-snippet:-1","max-image-preview":"max-image-preview:large","max-video-preview":"max-video-preview:-1"},"canonical":"https:\/\/cyberlogics.ao\/index.php\/product\/ubiquiti-networks-u-rack-6u-tl-rack-base-part-number-u-rack-6u-tl-ean-810010075390\/","og_locale":"pt_PT","og_type":"article","og_title":"Ubiquiti Networks U-Rack-6U-TL Rack base Part number: U-RACK-6U-TL EAN: 810010075390 - Cyberlogics Technologies Angola","og_description":"A Maior Loja Online de Angola de Licen\u00e7as Microsoft Office | Chaves Sistemas Operativos Windows | Antiv\u00edrus | Cloud Adobe | Inform\u00e1tica & Servidores | Softwares de Gest\u00e3o ERP | Gaming Hardware | UPS e Baterias & Muito Mais...","og_url":"https:\/\/cyberlogics.ao\/index.php\/product\/ubiquiti-networks-u-rack-6u-tl-rack-base-part-number-u-rack-6u-tl-ean-810010075390\/","og_site_name":"Cyberlogics Technologies Angola","og_image":[{"width":1500,"height":1500,"url":"http:\/\/cyberlogics.ao\/wp-content\/uploads\/2026\/03\/4b0ca594d7d994c7b4f98200127b132ce3baa61a_1680668_U_RACK_6U_TL_custom_image1.webp","type":"image\/webp"}],"twitter_card":"summary_large_image","schema":{"@context":"https:\/\/schema.org","@graph":[{"@type":"WebPage","@id":"https:\/\/cyberlogics.ao\/index.php\/product\/ubiquiti-networks-u-rack-6u-tl-rack-base-part-number-u-rack-6u-tl-ean-810010075390\/","url":"https:\/\/cyberlogics.ao\/index.php\/product\/ubiquiti-networks-u-rack-6u-tl-rack-base-part-number-u-rack-6u-tl-ean-810010075390\/","name":"Ubiquiti Networks U-Rack-6U-TL Rack base Part number: U-RACK-6U-TL EAN: 810010075390 - Cyberlogics Technologies Angola","isPartOf":{"@id":"https:\/\/cyberlogics.ao\/#website"},"primaryImageOfPage":{"@id":"https:\/\/cyberlogics.ao\/index.php\/product\/ubiquiti-networks-u-rack-6u-tl-rack-base-part-number-u-rack-6u-tl-ean-810010075390\/#primaryimage"},"image":{"@id":"https:\/\/cyberlogics.ao\/index.php\/product\/ubiquiti-networks-u-rack-6u-tl-rack-base-part-number-u-rack-6u-tl-ean-810010075390\/#primaryimage"},"thumbnailUrl":"https:\/\/cyberlogics.ao\/wp-content\/uploads\/2026\/03\/4b0ca594d7d994c7b4f98200127b132ce3baa61a_1680668_U_RACK_6U_TL_custom_image1.webp","datePublished":"2026-03-15T12:50:18+00:00","description":"A Maior Loja Online de Angola de Licen\u00e7as Microsoft Office | Chaves Sistemas Operativos Windows | Antiv\u00edrus | Cloud Adobe | Inform\u00e1tica & Servidores | Softwares de Gest\u00e3o ERP | Gaming Hardware | UPS e Baterias & Muito Mais...","breadcrumb":{"@id":"https:\/\/cyberlogics.ao\/index.php\/product\/ubiquiti-networks-u-rack-6u-tl-rack-base-part-number-u-rack-6u-tl-ean-810010075390\/#breadcrumb"},"inLanguage":"pt-PT","potentialAction":[{"@type":"ReadAction","target":["https:\/\/cyberlogics.ao\/index.php\/product\/ubiquiti-networks-u-rack-6u-tl-rack-base-part-number-u-rack-6u-tl-ean-810010075390\/"]}]},{"@type":"ImageObject","inLanguage":"pt-PT","@id":"https:\/\/cyberlogics.ao\/index.php\/product\/ubiquiti-networks-u-rack-6u-tl-rack-base-part-number-u-rack-6u-tl-ean-810010075390\/#primaryimage","url":"https:\/\/cyberlogics.ao\/wp-content\/uploads\/2026\/03\/4b0ca594d7d994c7b4f98200127b132ce3baa61a_1680668_U_RACK_6U_TL_custom_image1.webp","contentUrl":"https:\/\/cyberlogics.ao\/wp-content\/uploads\/2026\/03\/4b0ca594d7d994c7b4f98200127b132ce3baa61a_1680668_U_RACK_6U_TL_custom_image1.webp","width":1500,"height":1500},{"@type":"BreadcrumbList","@id":"https:\/\/cyberlogics.ao\/index.php\/product\/ubiquiti-networks-u-rack-6u-tl-rack-base-part-number-u-rack-6u-tl-ean-810010075390\/#breadcrumb","itemListElement":[{"@type":"ListItem","position":1,"name":"In\u00edcio","item":"https:\/\/cyberlogics.ao\/"},{"@type":"ListItem","position":2,"name":"Produtos","item":"https:\/\/cyberlogics.ao\/index.php\/shop-2\/"},{"@type":"ListItem","position":3,"name":"Ubiquiti Networks U-Rack-6U-TL Rack base Part number: U-RACK-6U-TL EAN: 810010075390"}]},{"@type":"WebSite","@id":"https:\/\/cyberlogics.ao\/#website","url":"https:\/\/cyberlogics.ao\/","name":"Cyberlogics Technologies Angola","description":"Loja Online de Licen\u00e7as de Softwares e Inform\u00e1tica","publisher":{"@id":"https:\/\/cyberlogics.ao\/#organization"},"potentialAction":[{"@type":"SearchAction","target":{"@type":"EntryPoint","urlTemplate":"https:\/\/cyberlogics.ao\/?s={search_term_string}"},"query-input":{"@type":"PropertyValueSpecification","valueRequired":true,"valueName":"search_term_string"}}],"inLanguage":"pt-PT"},{"@type":"Organization","@id":"https:\/\/cyberlogics.ao\/#organization","name":"Cyberlogics Ao Technologies - Loja Online de Licen\u00e7as de Softwares e Inform\u00e1tica","url":"https:\/\/cyberlogics.ao\/","logo":{"@type":"ImageObject","inLanguage":"pt-PT","@id":"https:\/\/cyberlogics.ao\/#\/schema\/logo\/image\/","url":"https:\/\/cyberlogics.ao\/wp-content\/uploads\/2022\/04\/CT-logo.png","contentUrl":"https:\/\/cyberlogics.ao\/wp-content\/uploads\/2022\/04\/CT-logo.png","width":190,"height":75,"caption":"Cyberlogics Ao Technologies - Loja Online de Licen\u00e7as de Softwares e Inform\u00e1tica"},"image":{"@id":"https:\/\/cyberlogics.ao\/#\/schema\/logo\/image\/"}}]}},"_links":{"self":[{"href":"https:\/\/cyberlogics.ao\/index.php\/wp-json\/wp\/v2\/product\/11751","targetHints":{"allow":["GET"]}}],"collection":[{"href":"https:\/\/cyberlogics.ao\/index.php\/wp-json\/wp\/v2\/product"}],"about":[{"href":"https:\/\/cyberlogics.ao\/index.php\/wp-json\/wp\/v2\/types\/product"}],"replies":[{"embeddable":true,"href":"https:\/\/cyberlogics.ao\/index.php\/wp-json\/wp\/v2\/comments?post=11751"}],"wp:featuredmedia":[{"embeddable":true,"href":"https:\/\/cyberlogics.ao\/index.php\/wp-json\/wp\/v2\/media\/11752"}],"wp:attachment":[{"href":"https:\/\/cyberlogics.ao\/index.php\/wp-json\/wp\/v2\/media?parent=11751"}],"wp:term":[{"taxonomy":"product_brand","embeddable":true,"href":"https:\/\/cyberlogics.ao\/index.php\/wp-json\/wp\/v2\/product_brand?post=11751"},{"taxonomy":"product_cat","embeddable":true,"href":"https:\/\/cyberlogics.ao\/index.php\/wp-json\/wp\/v2\/product_cat?post=11751"},{"taxonomy":"product_tag","embeddable":true,"href":"https:\/\/cyberlogics.ao\/index.php\/wp-json\/wp\/v2\/product_tag?post=11751"}],"curies":[{"name":"wp","href":"https:\/\/api.w.org\/{rel}","templated":true}]}}