{"id":11795,"date":"2026-03-15T15:22:38","date_gmt":"2026-03-15T15:22:38","guid":{"rendered":"https:\/\/cyberlogics.ao\/?post_type=product&#038;p=11795"},"modified":"2026-03-15T15:22:38","modified_gmt":"2026-03-15T15:22:38","slug":"rack-ats-230v-10a-entrada-c14-12-saida-c13-part-number-ap4421a-ean-731304432425","status":"publish","type":"product","link":"https:\/\/cyberlogics.ao\/index.php\/product\/rack-ats-230v-10a-entrada-c14-12-saida-c13-part-number-ap4421a-ean-731304432425\/","title":{"rendered":"Rack ATS, 230V, 10A, entrada C14, (12) sa\u00edda C13 Part number: AP4421A EAN: 731304432425"},"content":{"rendered":"<div class=\"features-group\">\n<div class=\"features-group-title\">Conectividade<\/div>\n<div class=\"features-group-row\">\n<div class=\"single-feature-label\" data-feature-id=\"icecat_automatic_2556_12\">Quantidade de sa\u00eddas AC<\/div>\n<div class=\"single-feature-value\">\n<div class=\"features-group-row__value-text\">12 tomada(s) CA<\/div>\n<\/div>\n<\/div>\n<div class=\"features-group-row\">\n<div class=\"single-feature-label\" data-feature-id=\"icecat_automatic_8138_12\">Tipos de tomada AC<\/div>\n<div class=\"single-feature-value\">\n<div class=\"features-group-row__value-text\">Acoplador C13<\/div>\n<\/div>\n<\/div>\n<\/div>\n<div class=\"features-group\">\n<div class=\"features-group-title\">Design<\/div>\n<div class=\"features-group-row\">\n<div class=\"single-feature-label\" data-feature-id=\"icecat_automatic_1766_148\">Cor do produto<\/div>\n<div class=\"single-feature-value\">\n<div class=\"features-group-row__value-text\">Preto<\/div>\n<\/div>\n<\/div>\n<div class=\"features-group-row\">\n<div class=\"single-feature-label\" data-feature-id=\"icecat_automatic_771_148\">Forma<\/div>\n<div class=\"single-feature-value\">\n<div class=\"features-group-row__value-text\">Montagem em rack<\/div>\n<\/div>\n<\/div>\n<div class=\"features-group-row\">\n<div class=\"single-feature-label\" data-feature-id=\"icecat_automatic_3173_148\">Capacidade do rack<\/div>\n<div class=\"single-feature-value\">\n<div class=\"features-group-row__value-text\">1U<\/div>\n<\/div>\n<\/div>\n<div class=\"features-group-row\">\n<div class=\"single-feature-label\" data-feature-id=\"icecat_automatic_83_148\">Visor<\/div>\n<div class=\"single-feature-value\">\n<div class=\"features-group-row__value-text\">LCD<\/div>\n<\/div>\n<\/div>\n<\/div>\n<div class=\"features-group\">\n<div class=\"features-group-title\">Condi\u00e7\u00f5es ambientais<\/div>\n<div class=\"features-group-row\">\n<div class=\"single-feature-label\" data-feature-id=\"icecat_automatic_757_28\">Limite de temperaturas (armazenamento)<\/div>\n<div class=\"single-feature-value\">\n<div class=\"features-group-row__value-text\">-25 &#8211; 65<\/div>\n<\/div>\n<\/div>\n<div class=\"features-group-row\">\n<div class=\"single-feature-label\" data-feature-id=\"icecat_automatic_703_28\">Humidade relativa de funcionamento (H-H)<\/div>\n<div class=\"single-feature-value\">\n<div class=\"features-group-row__value-text\">5 &#8211; 95<\/div>\n<\/div>\n<\/div>\n<div class=\"features-group-row\">\n<div class=\"single-feature-label\" data-feature-id=\"icecat_automatic_1112_28\">Temperatura de funcionamento (T-T)<\/div>\n<div class=\"single-feature-value\">\n<div class=\"features-group-row__value-text\">-5 &#8211; 45<\/div>\n<\/div>\n<\/div>\n<\/div>\n<div class=\"features-group\">\n<div class=\"features-group-title\">Detalhes t\u00e9cnicos<\/div>\n<div class=\"features-group-row\">\n<div class=\"single-feature-label\" data-feature-id=\"icecat_automatic_45795_0\">Pegada de carbono total (kg of CO2e)<\/div>\n<div class=\"single-feature-value\">\n<div class=\"features-group-row__value-text\">450,72<\/div>\n<\/div>\n<\/div>\n<\/div>\n<div class=\"features-group\">\n<div class=\"features-group-title\">Gest\u00e3o de energia<\/div>\n<div class=\"features-group-row\">\n<div class=\"single-feature-label\" data-feature-id=\"icecat_automatic_8804_27\">Voltagem de entrada operativa (m\u00edn.)<\/div>\n<div class=\"single-feature-value\">\n<div class=\"features-group-row__value-text\">207.0000<\/div>\n<\/div>\n<\/div>\n<div class=\"features-group-row\">\n<div class=\"single-feature-label\" data-feature-id=\"icecat_automatic_8803_27\">Voltagem de entrada operativa (m\u00e1x.)<\/div>\n<div class=\"single-feature-value\">\n<div class=\"features-group-row__value-text\">253.0000<\/div>\n<\/div>\n<\/div>\n<div class=\"features-group-row\">\n<div class=\"single-feature-label\" data-feature-id=\"icecat_automatic_3378_27\">Corrente de sa\u00edda<\/div>\n<div class=\"single-feature-value\">\n<div class=\"features-group-row__value-text\">10.0000<\/div>\n<\/div>\n<\/div>\n<div class=\"features-group-row\">\n<div class=\"single-feature-label\" data-feature-id=\"icecat_automatic_3377_27\">Corrente de entrada<\/div>\n<div class=\"single-feature-value\">\n<div class=\"features-group-row__value-text\">10 A<\/div>\n<\/div>\n<\/div>\n<div class=\"features-group-row\">\n<div class=\"single-feature-label\" data-feature-id=\"icecat_automatic_8484_27\">Frequ\u00eancia de entrada AC<\/div>\n<div class=\"single-feature-value\">\n<div class=\"features-group-row__value-text\">50 &#8211; 60 Hz<\/div>\n<\/div>\n<\/div>\n<\/div>\n<div class=\"features-group\">\n<div class=\"features-group-title\">Pesos e dimens\u00f5es<\/div>\n<div class=\"features-group-row\">\n<div class=\"single-feature-label\" data-feature-id=\"icecat_automatic_1650_14\">Profundidade<\/div>\n<div class=\"single-feature-value\">\n<div class=\"features-group-row__value-text\">236 mm<\/div>\n<\/div>\n<\/div>\n<div class=\"features-group-row\">\n<div class=\"single-feature-label\" data-feature-id=\"icecat_automatic_1649_14\">Largura<\/div>\n<div class=\"single-feature-value\">\n<div class=\"features-group-row__value-text\">432 mm<\/div>\n<\/div>\n<\/div>\n<div class=\"features-group-row\">\n<div class=\"single-feature-label\" data-feature-id=\"icecat_automatic_1464_14\">Altura<\/div>\n<div class=\"single-feature-value\">\n<div class=\"features-group-row__value-text\">44 mm<\/div>\n<\/div>\n<\/div>\n<div class=\"features-group-row\">\n<div class=\"single-feature-label\" data-feature-id=\"icecat_automatic_94_14\">Peso<\/div>\n<div class=\"single-feature-value\">\n<div class=\"features-group-row__value-text\">3930 g<\/div>\n<\/div>\n<\/div>\n<\/div>\n","protected":false},"excerpt":{"rendered":"<p>APC AP4421A. Voltagem de entrada operativa (m\u00edn.): 207 V, Voltagem de entrada operativa (m\u00e1x.): 253 V, Frequ\u00eancia de entrada AC: 50 &#8211; 60 Hz. Forma: Montagem em rack, Capacidade do rack: 1U, Cor do produto: Preto. Quantidade de sa\u00eddas AC: 12 tomada(s) CA, Tipos de tomada AC: Acoplador C13. Largura: 432 mm, Profundidade: 236 mm, Altura: 44 mm<\/p>\n","protected":false},"featured_media":11796,"comment_status":"open","ping_status":"closed","template":"","meta":{"_joinchat":[]},"product_brand":[],"product_cat":[403,272],"product_tag":[],"class_list":{"0":"post-11795","1":"product","2":"type-product","3":"status-publish","4":"has-post-thumbnail","6":"product_cat-blocos-de-tomadas","7":"product_cat-energia","9":"first","10":"instock","11":"shipping-taxable","12":"purchasable","13":"product-type-simple"},"yoast_head":"<!-- This site is optimized with the Yoast SEO plugin v27.3 - https:\/\/yoast.com\/product\/yoast-seo-wordpress\/ -->\n<title>Rack ATS, 230V, 10A, entrada C14, (12) sa\u00edda C13 Part number: AP4421A EAN: 731304432425 - Cyberlogics Technologies Angola<\/title>\n<meta name=\"description\" content=\"A Maior Loja Online de Angola de Licen\u00e7as Microsoft Office | Chaves Sistemas Operativos Windows | Antiv\u00edrus | Cloud Adobe | Inform\u00e1tica &amp; Servidores | Softwares de Gest\u00e3o ERP | Gaming Hardware | UPS e Baterias &amp; Muito Mais...\" \/>\n<meta name=\"robots\" content=\"index, follow, max-snippet:-1, max-image-preview:large, max-video-preview:-1\" \/>\n<link rel=\"canonical\" href=\"https:\/\/cyberlogics.ao\/index.php\/product\/rack-ats-230v-10a-entrada-c14-12-saida-c13-part-number-ap4421a-ean-731304432425\/\" \/>\n<meta property=\"og:locale\" content=\"pt_PT\" \/>\n<meta property=\"og:type\" content=\"article\" \/>\n<meta property=\"og:title\" content=\"Rack ATS, 230V, 10A, entrada C14, (12) sa\u00edda C13 Part number: AP4421A EAN: 731304432425 - Cyberlogics Technologies Angola\" \/>\n<meta property=\"og:description\" content=\"A Maior Loja Online de Angola de Licen\u00e7as Microsoft Office | Chaves Sistemas Operativos Windows | Antiv\u00edrus | Cloud Adobe | Inform\u00e1tica &amp; Servidores | Softwares de Gest\u00e3o ERP | Gaming Hardware | UPS e Baterias &amp; Muito Mais...\" \/>\n<meta property=\"og:url\" content=\"https:\/\/cyberlogics.ao\/index.php\/product\/rack-ats-230v-10a-entrada-c14-12-saida-c13-part-number-ap4421a-ean-731304432425\/\" \/>\n<meta property=\"og:site_name\" content=\"Cyberlogics Technologies Angola\" \/>\n<meta property=\"og:image\" content=\"http:\/\/cyberlogics.ao\/wp-content\/uploads\/2026\/03\/68bb7b1b7402ccc35cb709d761e5ac974b471eb8_1710391_AP4421A_image2.jpg\" \/>\n\t<meta property=\"og:image:width\" content=\"1200\" \/>\n\t<meta property=\"og:image:height\" content=\"1200\" \/>\n\t<meta property=\"og:image:type\" content=\"image\/jpeg\" \/>\n<meta name=\"twitter:card\" content=\"summary_large_image\" \/>\n<meta name=\"twitter:label1\" content=\"Tempo estimado de leitura\" \/>\n\t<meta name=\"twitter:data1\" content=\"1 minuto\" \/>\n<script type=\"application\/ld+json\" class=\"yoast-schema-graph\">{\"@context\":\"https:\\\/\\\/schema.org\",\"@graph\":[{\"@type\":\"WebPage\",\"@id\":\"https:\\\/\\\/cyberlogics.ao\\\/index.php\\\/product\\\/rack-ats-230v-10a-entrada-c14-12-saida-c13-part-number-ap4421a-ean-731304432425\\\/\",\"url\":\"https:\\\/\\\/cyberlogics.ao\\\/index.php\\\/product\\\/rack-ats-230v-10a-entrada-c14-12-saida-c13-part-number-ap4421a-ean-731304432425\\\/\",\"name\":\"Rack ATS, 230V, 10A, entrada C14, (12) sa\u00edda C13 Part number: AP4421A EAN: 731304432425 - Cyberlogics Technologies Angola\",\"isPartOf\":{\"@id\":\"https:\\\/\\\/cyberlogics.ao\\\/#website\"},\"primaryImageOfPage\":{\"@id\":\"https:\\\/\\\/cyberlogics.ao\\\/index.php\\\/product\\\/rack-ats-230v-10a-entrada-c14-12-saida-c13-part-number-ap4421a-ean-731304432425\\\/#primaryimage\"},\"image\":{\"@id\":\"https:\\\/\\\/cyberlogics.ao\\\/index.php\\\/product\\\/rack-ats-230v-10a-entrada-c14-12-saida-c13-part-number-ap4421a-ean-731304432425\\\/#primaryimage\"},\"thumbnailUrl\":\"https:\\\/\\\/cyberlogics.ao\\\/wp-content\\\/uploads\\\/2026\\\/03\\\/68bb7b1b7402ccc35cb709d761e5ac974b471eb8_1710391_AP4421A_image2.jpg\",\"datePublished\":\"2026-03-15T15:22:38+00:00\",\"description\":\"A Maior Loja Online de Angola de Licen\u00e7as Microsoft Office | Chaves Sistemas Operativos Windows | Antiv\u00edrus | Cloud Adobe | Inform\u00e1tica & Servidores | Softwares de Gest\u00e3o ERP | Gaming Hardware | UPS e Baterias & Muito Mais...\",\"breadcrumb\":{\"@id\":\"https:\\\/\\\/cyberlogics.ao\\\/index.php\\\/product\\\/rack-ats-230v-10a-entrada-c14-12-saida-c13-part-number-ap4421a-ean-731304432425\\\/#breadcrumb\"},\"inLanguage\":\"pt-PT\",\"potentialAction\":[{\"@type\":\"ReadAction\",\"target\":[\"https:\\\/\\\/cyberlogics.ao\\\/index.php\\\/product\\\/rack-ats-230v-10a-entrada-c14-12-saida-c13-part-number-ap4421a-ean-731304432425\\\/\"]}]},{\"@type\":\"ImageObject\",\"inLanguage\":\"pt-PT\",\"@id\":\"https:\\\/\\\/cyberlogics.ao\\\/index.php\\\/product\\\/rack-ats-230v-10a-entrada-c14-12-saida-c13-part-number-ap4421a-ean-731304432425\\\/#primaryimage\",\"url\":\"https:\\\/\\\/cyberlogics.ao\\\/wp-content\\\/uploads\\\/2026\\\/03\\\/68bb7b1b7402ccc35cb709d761e5ac974b471eb8_1710391_AP4421A_image2.jpg\",\"contentUrl\":\"https:\\\/\\\/cyberlogics.ao\\\/wp-content\\\/uploads\\\/2026\\\/03\\\/68bb7b1b7402ccc35cb709d761e5ac974b471eb8_1710391_AP4421A_image2.jpg\",\"width\":1200,\"height\":1200},{\"@type\":\"BreadcrumbList\",\"@id\":\"https:\\\/\\\/cyberlogics.ao\\\/index.php\\\/product\\\/rack-ats-230v-10a-entrada-c14-12-saida-c13-part-number-ap4421a-ean-731304432425\\\/#breadcrumb\",\"itemListElement\":[{\"@type\":\"ListItem\",\"position\":1,\"name\":\"In\u00edcio\",\"item\":\"https:\\\/\\\/cyberlogics.ao\\\/\"},{\"@type\":\"ListItem\",\"position\":2,\"name\":\"Produtos\",\"item\":\"https:\\\/\\\/cyberlogics.ao\\\/index.php\\\/shop-2\\\/\"},{\"@type\":\"ListItem\",\"position\":3,\"name\":\"Rack ATS, 230V, 10A, entrada C14, (12) sa\u00edda C13 Part number: AP4421A EAN: 731304432425\"}]},{\"@type\":\"WebSite\",\"@id\":\"https:\\\/\\\/cyberlogics.ao\\\/#website\",\"url\":\"https:\\\/\\\/cyberlogics.ao\\\/\",\"name\":\"Cyberlogics Technologies Angola\",\"description\":\"Loja Online de Licen\u00e7as de Softwares e Inform\u00e1tica\",\"publisher\":{\"@id\":\"https:\\\/\\\/cyberlogics.ao\\\/#organization\"},\"potentialAction\":[{\"@type\":\"SearchAction\",\"target\":{\"@type\":\"EntryPoint\",\"urlTemplate\":\"https:\\\/\\\/cyberlogics.ao\\\/?s={search_term_string}\"},\"query-input\":{\"@type\":\"PropertyValueSpecification\",\"valueRequired\":true,\"valueName\":\"search_term_string\"}}],\"inLanguage\":\"pt-PT\"},{\"@type\":\"Organization\",\"@id\":\"https:\\\/\\\/cyberlogics.ao\\\/#organization\",\"name\":\"Cyberlogics Ao Technologies - Loja Online de Licen\u00e7as de Softwares e Inform\u00e1tica\",\"url\":\"https:\\\/\\\/cyberlogics.ao\\\/\",\"logo\":{\"@type\":\"ImageObject\",\"inLanguage\":\"pt-PT\",\"@id\":\"https:\\\/\\\/cyberlogics.ao\\\/#\\\/schema\\\/logo\\\/image\\\/\",\"url\":\"https:\\\/\\\/cyberlogics.ao\\\/wp-content\\\/uploads\\\/2022\\\/04\\\/CT-logo.png\",\"contentUrl\":\"https:\\\/\\\/cyberlogics.ao\\\/wp-content\\\/uploads\\\/2022\\\/04\\\/CT-logo.png\",\"width\":190,\"height\":75,\"caption\":\"Cyberlogics Ao Technologies - Loja Online de Licen\u00e7as de Softwares e Inform\u00e1tica\"},\"image\":{\"@id\":\"https:\\\/\\\/cyberlogics.ao\\\/#\\\/schema\\\/logo\\\/image\\\/\"}}]}<\/script>\n<!-- \/ Yoast SEO plugin. -->","yoast_head_json":{"title":"Rack ATS, 230V, 10A, entrada C14, (12) sa\u00edda C13 Part number: AP4421A EAN: 731304432425 - Cyberlogics Technologies Angola","description":"A Maior Loja Online de Angola de Licen\u00e7as Microsoft Office | Chaves Sistemas Operativos Windows | Antiv\u00edrus | Cloud Adobe | Inform\u00e1tica & Servidores | Softwares de Gest\u00e3o ERP | Gaming Hardware | UPS e Baterias & Muito Mais...","robots":{"index":"index","follow":"follow","max-snippet":"max-snippet:-1","max-image-preview":"max-image-preview:large","max-video-preview":"max-video-preview:-1"},"canonical":"https:\/\/cyberlogics.ao\/index.php\/product\/rack-ats-230v-10a-entrada-c14-12-saida-c13-part-number-ap4421a-ean-731304432425\/","og_locale":"pt_PT","og_type":"article","og_title":"Rack ATS, 230V, 10A, entrada C14, (12) sa\u00edda C13 Part number: AP4421A EAN: 731304432425 - Cyberlogics Technologies Angola","og_description":"A Maior Loja Online de Angola de Licen\u00e7as Microsoft Office | Chaves Sistemas Operativos Windows | Antiv\u00edrus | Cloud Adobe | Inform\u00e1tica & Servidores | Softwares de Gest\u00e3o ERP | Gaming Hardware | UPS e Baterias & Muito Mais...","og_url":"https:\/\/cyberlogics.ao\/index.php\/product\/rack-ats-230v-10a-entrada-c14-12-saida-c13-part-number-ap4421a-ean-731304432425\/","og_site_name":"Cyberlogics Technologies Angola","og_image":[{"width":1200,"height":1200,"url":"http:\/\/cyberlogics.ao\/wp-content\/uploads\/2026\/03\/68bb7b1b7402ccc35cb709d761e5ac974b471eb8_1710391_AP4421A_image2.jpg","type":"image\/jpeg"}],"twitter_card":"summary_large_image","twitter_misc":{"Tempo estimado de leitura":"1 minuto"},"schema":{"@context":"https:\/\/schema.org","@graph":[{"@type":"WebPage","@id":"https:\/\/cyberlogics.ao\/index.php\/product\/rack-ats-230v-10a-entrada-c14-12-saida-c13-part-number-ap4421a-ean-731304432425\/","url":"https:\/\/cyberlogics.ao\/index.php\/product\/rack-ats-230v-10a-entrada-c14-12-saida-c13-part-number-ap4421a-ean-731304432425\/","name":"Rack ATS, 230V, 10A, entrada C14, (12) sa\u00edda C13 Part number: AP4421A EAN: 731304432425 - Cyberlogics Technologies Angola","isPartOf":{"@id":"https:\/\/cyberlogics.ao\/#website"},"primaryImageOfPage":{"@id":"https:\/\/cyberlogics.ao\/index.php\/product\/rack-ats-230v-10a-entrada-c14-12-saida-c13-part-number-ap4421a-ean-731304432425\/#primaryimage"},"image":{"@id":"https:\/\/cyberlogics.ao\/index.php\/product\/rack-ats-230v-10a-entrada-c14-12-saida-c13-part-number-ap4421a-ean-731304432425\/#primaryimage"},"thumbnailUrl":"https:\/\/cyberlogics.ao\/wp-content\/uploads\/2026\/03\/68bb7b1b7402ccc35cb709d761e5ac974b471eb8_1710391_AP4421A_image2.jpg","datePublished":"2026-03-15T15:22:38+00:00","description":"A Maior Loja Online de Angola de Licen\u00e7as Microsoft Office | Chaves Sistemas Operativos Windows | Antiv\u00edrus | Cloud Adobe | Inform\u00e1tica & Servidores | Softwares de Gest\u00e3o ERP | Gaming Hardware | UPS e Baterias & Muito Mais...","breadcrumb":{"@id":"https:\/\/cyberlogics.ao\/index.php\/product\/rack-ats-230v-10a-entrada-c14-12-saida-c13-part-number-ap4421a-ean-731304432425\/#breadcrumb"},"inLanguage":"pt-PT","potentialAction":[{"@type":"ReadAction","target":["https:\/\/cyberlogics.ao\/index.php\/product\/rack-ats-230v-10a-entrada-c14-12-saida-c13-part-number-ap4421a-ean-731304432425\/"]}]},{"@type":"ImageObject","inLanguage":"pt-PT","@id":"https:\/\/cyberlogics.ao\/index.php\/product\/rack-ats-230v-10a-entrada-c14-12-saida-c13-part-number-ap4421a-ean-731304432425\/#primaryimage","url":"https:\/\/cyberlogics.ao\/wp-content\/uploads\/2026\/03\/68bb7b1b7402ccc35cb709d761e5ac974b471eb8_1710391_AP4421A_image2.jpg","contentUrl":"https:\/\/cyberlogics.ao\/wp-content\/uploads\/2026\/03\/68bb7b1b7402ccc35cb709d761e5ac974b471eb8_1710391_AP4421A_image2.jpg","width":1200,"height":1200},{"@type":"BreadcrumbList","@id":"https:\/\/cyberlogics.ao\/index.php\/product\/rack-ats-230v-10a-entrada-c14-12-saida-c13-part-number-ap4421a-ean-731304432425\/#breadcrumb","itemListElement":[{"@type":"ListItem","position":1,"name":"In\u00edcio","item":"https:\/\/cyberlogics.ao\/"},{"@type":"ListItem","position":2,"name":"Produtos","item":"https:\/\/cyberlogics.ao\/index.php\/shop-2\/"},{"@type":"ListItem","position":3,"name":"Rack ATS, 230V, 10A, entrada C14, (12) sa\u00edda C13 Part number: AP4421A EAN: 731304432425"}]},{"@type":"WebSite","@id":"https:\/\/cyberlogics.ao\/#website","url":"https:\/\/cyberlogics.ao\/","name":"Cyberlogics Technologies Angola","description":"Loja Online de Licen\u00e7as de Softwares e Inform\u00e1tica","publisher":{"@id":"https:\/\/cyberlogics.ao\/#organization"},"potentialAction":[{"@type":"SearchAction","target":{"@type":"EntryPoint","urlTemplate":"https:\/\/cyberlogics.ao\/?s={search_term_string}"},"query-input":{"@type":"PropertyValueSpecification","valueRequired":true,"valueName":"search_term_string"}}],"inLanguage":"pt-PT"},{"@type":"Organization","@id":"https:\/\/cyberlogics.ao\/#organization","name":"Cyberlogics Ao Technologies - Loja Online de Licen\u00e7as de Softwares e Inform\u00e1tica","url":"https:\/\/cyberlogics.ao\/","logo":{"@type":"ImageObject","inLanguage":"pt-PT","@id":"https:\/\/cyberlogics.ao\/#\/schema\/logo\/image\/","url":"https:\/\/cyberlogics.ao\/wp-content\/uploads\/2022\/04\/CT-logo.png","contentUrl":"https:\/\/cyberlogics.ao\/wp-content\/uploads\/2022\/04\/CT-logo.png","width":190,"height":75,"caption":"Cyberlogics Ao Technologies - Loja Online de Licen\u00e7as de Softwares e Inform\u00e1tica"},"image":{"@id":"https:\/\/cyberlogics.ao\/#\/schema\/logo\/image\/"}}]}},"_links":{"self":[{"href":"https:\/\/cyberlogics.ao\/index.php\/wp-json\/wp\/v2\/product\/11795","targetHints":{"allow":["GET"]}}],"collection":[{"href":"https:\/\/cyberlogics.ao\/index.php\/wp-json\/wp\/v2\/product"}],"about":[{"href":"https:\/\/cyberlogics.ao\/index.php\/wp-json\/wp\/v2\/types\/product"}],"replies":[{"embeddable":true,"href":"https:\/\/cyberlogics.ao\/index.php\/wp-json\/wp\/v2\/comments?post=11795"}],"wp:featuredmedia":[{"embeddable":true,"href":"https:\/\/cyberlogics.ao\/index.php\/wp-json\/wp\/v2\/media\/11796"}],"wp:attachment":[{"href":"https:\/\/cyberlogics.ao\/index.php\/wp-json\/wp\/v2\/media?parent=11795"}],"wp:term":[{"taxonomy":"product_brand","embeddable":true,"href":"https:\/\/cyberlogics.ao\/index.php\/wp-json\/wp\/v2\/product_brand?post=11795"},{"taxonomy":"product_cat","embeddable":true,"href":"https:\/\/cyberlogics.ao\/index.php\/wp-json\/wp\/v2\/product_cat?post=11795"},{"taxonomy":"product_tag","embeddable":true,"href":"https:\/\/cyberlogics.ao\/index.php\/wp-json\/wp\/v2\/product_tag?post=11795"}],"curies":[{"name":"wp","href":"https:\/\/api.w.org\/{rel}","templated":true}]}}