{"id":11805,"date":"2026-03-15T15:57:05","date_gmt":"2026-03-15T15:57:05","guid":{"rendered":"https:\/\/cyberlogics.ao\/?post_type=product&#038;p=11805"},"modified":"2026-03-15T15:57:05","modified_gmt":"2026-03-15T15:57:05","slug":"supermicro-cse-la25tqc-r609lp-computer-case-rack-black-600-w-part-number-cse-la25tqc-r609lp-ean-672042384396","status":"publish","type":"product","link":"https:\/\/cyberlogics.ao\/index.php\/product\/supermicro-cse-la25tqc-r609lp-computer-case-rack-black-600-w-part-number-cse-la25tqc-r609lp-ean-672042384396\/","title":{"rendered":"Supermicro CSE-LA25TQC-R609LP computer case Rack Black 600 W Part number: CSE-LA25TQC-R609LP EAN: 672042384396"},"content":{"rendered":"<div class=\"features-group\">\n<div class=\"features-group-title\">Conectividade<\/div>\n<div class=\"features-group-row\">\n<div class=\"single-feature-label\" data-feature-id=\"icecat_automatic_2308_12\">Quantidade de portas USB 2.0<\/div>\n<div class=\"single-feature-value\">\n<div class=\"features-group-row__value-text\">2<\/div>\n<\/div>\n<\/div>\n<div class=\"features-group-row\">\n<div class=\"single-feature-label\" data-feature-id=\"icecat_automatic_22701_12\">Quantidade de portas USB 3.2 Gen 1 (3.1 Gen 1) Tipo A<\/div>\n<div class=\"single-feature-value\">\n<div class=\"features-group-row__value-text\">2<\/div>\n<\/div>\n<\/div>\n<\/div>\n<div class=\"features-group\">\n<div class=\"features-group-title\">Armazenamento<\/div>\n<div class=\"features-group-row\">\n<div class=\"single-feature-label\" data-feature-id=\"icecat_automatic_21731_47\">Fator de forma SSD<\/div>\n<div class=\"single-feature-value\">\n<div class=\"features-group-row__value-text\">3.5&#8243;<\/div>\n<\/div>\n<\/div>\n<div class=\"features-group-row\">\n<div class=\"single-feature-label\" data-feature-id=\"icecat_automatic_3392_47\">N\u00famero de unidades de disco r\u00edgido suportadas<\/div>\n<div class=\"single-feature-value\">\n<div class=\"features-group-row__value-text\">8<\/div>\n<\/div>\n<\/div>\n<div class=\"features-group-row\">\n<div class=\"single-feature-label\" data-feature-id=\"icecat_automatic_7140_47\">Tamanhos de drives de discos r\u00edgidos compat\u00edveis<\/div>\n<div class=\"single-feature-value\">\n<div class=\"features-group-row__value-text\">2.5, 3.5<\/div>\n<\/div>\n<\/div>\n<div class=\"features-group-row\">\n<div class=\"single-feature-label\" data-feature-id=\"icecat_automatic_5576_47\">Hot-swap<\/div>\n<div class=\"single-feature-value\">\n<div class=\"features-group-row__value-text\">Sim<\/div>\n<\/div>\n<\/div>\n<\/div>\n<div class=\"features-group\">\n<div class=\"features-group-title\">Design<\/div>\n<div class=\"features-group-row\">\n<div class=\"single-feature-label\" data-feature-id=\"icecat_automatic_483_148\">Montagem em prateleira<\/div>\n<div class=\"single-feature-value\">\n<div class=\"features-group-row__value-text\">Sim<\/div>\n<\/div>\n<\/div>\n<div class=\"features-group-row\">\n<div class=\"single-feature-label\" data-feature-id=\"icecat_automatic_31_148\">Tipo<\/div>\n<div class=\"single-feature-value\">\n<div class=\"features-group-row__value-text\">Servidor<\/div>\n<\/div>\n<\/div>\n<div class=\"features-group-row\">\n<div class=\"single-feature-label\" data-feature-id=\"icecat_automatic_1766_148\">Cor do produto<\/div>\n<div class=\"single-feature-value\">\n<div class=\"features-group-row__value-text\">Preto<\/div>\n<\/div>\n<\/div>\n<div class=\"features-group-row\">\n<div class=\"single-feature-label\" data-feature-id=\"icecat_automatic_5605_148\">Formas da motherboard suportadas<\/div>\n<div class=\"single-feature-value\">\n<div class=\"features-group-row__value-text\">ATX, EATX<\/div>\n<\/div>\n<\/div>\n<div class=\"features-group-row\">\n<div class=\"single-feature-label\" data-feature-id=\"icecat_automatic_7595_148\">N\u00famero de ba\u00edas de 3,5&#8243;<\/div>\n<div class=\"single-feature-value\">\n<div class=\"features-group-row__value-text\">8<\/div>\n<\/div>\n<\/div>\n<div class=\"features-group-row\">\n<div class=\"single-feature-label\" data-feature-id=\"icecat_automatic_10206_148\">N\u00famero de ba\u00edas de 2,5&#8243;<\/div>\n<div class=\"single-feature-value\">\n<div class=\"features-group-row__value-text\">2<\/div>\n<\/div>\n<\/div>\n<div class=\"features-group-row\">\n<div class=\"single-feature-label\" data-feature-id=\"icecat_automatic_9646_148\">Quantidade de ba\u00edas internas de 3,5&#8243;<\/div>\n<div class=\"single-feature-value\">\n<div class=\"features-group-row__value-text\">2<\/div>\n<\/div>\n<\/div>\n<div class=\"features-group-row\">\n<div class=\"single-feature-label\" data-feature-id=\"icecat_automatic_771_148\">Forma<\/div>\n<div class=\"single-feature-value\">\n<div class=\"features-group-row__value-text\">Rack<\/div>\n<\/div>\n<\/div>\n<div class=\"features-group-row\">\n<div class=\"single-feature-label\" data-feature-id=\"icecat_automatic_3173_148\">Capacidade do rack<\/div>\n<div class=\"single-feature-value\">\n<div class=\"features-group-row__value-text\">2U<\/div>\n<\/div>\n<\/div>\n<div class=\"features-group-row\">\n<div class=\"single-feature-label\" data-feature-id=\"icecat_automatic_1501_148\">Indicadores LED<\/div>\n<div class=\"single-feature-value\">\n<div class=\"features-group-row__value-text\">HDD, Rede, P\u00f3, Falha de energia, Sistema<\/div>\n<\/div>\n<\/div>\n<div class=\"features-group-row\">\n<div class=\"single-feature-label\" data-feature-id=\"icecat_automatic_33228_148\">Bot\u00e3o ligar\/desligar<\/div>\n<div class=\"single-feature-value\">\n<div class=\"features-group-row__value-text\">Sim<\/div>\n<\/div>\n<\/div>\n<div class=\"features-group-row\">\n<div class=\"single-feature-label\" data-feature-id=\"icecat_automatic_3780_148\">Bot\u00e3o reset<\/div>\n<div class=\"single-feature-value\">\n<div class=\"features-group-row__value-text\">Sim<\/div>\n<\/div>\n<\/div>\n<div class=\"features-group-row\">\n<div class=\"single-feature-label\" data-feature-id=\"icecat_automatic_249_148\">Certifica\u00e7\u00e3o<\/div>\n<div class=\"single-feature-value\">\n<div class=\"features-group-row__value-text\">80 PLUS Platinum Certified<\/div>\n<\/div>\n<\/div>\n<\/div>\n<div class=\"features-group\">\n<div class=\"features-group-title\">Condi\u00e7\u00f5es ambientais<\/div>\n<div class=\"features-group-row\">\n<div class=\"single-feature-label\" data-feature-id=\"icecat_automatic_1383_28\">Humidade de n\u00e3o funcionamento<\/div>\n<div class=\"single-feature-value\">\n<div class=\"features-group-row__value-text\">5 &#8211; 95<\/div>\n<\/div>\n<\/div>\n<div class=\"features-group-row\">\n<div class=\"single-feature-label\" data-feature-id=\"icecat_automatic_757_28\">Limite de temperaturas (armazenamento)<\/div>\n<div class=\"single-feature-value\">\n<div class=\"features-group-row__value-text\">-40 &#8211; 70<\/div>\n<\/div>\n<\/div>\n<div class=\"features-group-row\">\n<div class=\"single-feature-label\" data-feature-id=\"icecat_automatic_703_28\">Humidade relativa de funcionamento (H-H)<\/div>\n<div class=\"single-feature-value\">\n<div class=\"features-group-row__value-text\">8 &#8211; 90<\/div>\n<\/div>\n<\/div>\n<div class=\"features-group-row\">\n<div class=\"single-feature-label\" data-feature-id=\"icecat_automatic_1112_28\">Temperatura de funcionamento (T-T)<\/div>\n<div class=\"single-feature-value\">\n<div class=\"features-group-row__value-text\">5 &#8211; 35<\/div>\n<\/div>\n<\/div>\n<\/div>\n<div class=\"features-group\">\n<div class=\"features-group-title\">Embalagem<\/div>\n<div class=\"features-group-row\">\n<div class=\"single-feature-label\" data-feature-id=\"icecat_automatic_3808_67\">Comprimento da embalagem<\/div>\n<div class=\"single-feature-value\">\n<div class=\"features-group-row__value-text\">610 mm<\/div>\n<\/div>\n<\/div>\n<div class=\"features-group-row\">\n<div class=\"single-feature-label\" data-feature-id=\"icecat_automatic_3806_67\">Profundidade da embalagem<\/div>\n<div class=\"single-feature-value\">\n<div class=\"features-group-row__value-text\">864 mm<\/div>\n<\/div>\n<\/div>\n<div class=\"features-group-row\">\n<div class=\"single-feature-label\" data-feature-id=\"icecat_automatic_3807_67\">Altura da embalagem<\/div>\n<div class=\"single-feature-value\">\n<div class=\"features-group-row__value-text\">229 mm<\/div>\n<\/div>\n<\/div>\n<\/div>\n<div class=\"features-group\">\n<div class=\"features-group-title\">Fonte de alimenta\u00e7\u00e3o<\/div>\n<div class=\"features-group-row\">\n<div class=\"single-feature-label\" data-feature-id=\"icecat_automatic_1242_164\">Alimenta\u00e7\u00e3o<\/div>\n<div class=\"single-feature-value\">\n<div class=\"features-group-row__value-text\">600.0000<\/div>\n<\/div>\n<\/div>\n<div class=\"features-group-row\">\n<div class=\"single-feature-label\" data-feature-id=\"icecat_automatic_2815_164\">N\u00famero de conectores SATA<\/div>\n<div class=\"single-feature-value\">\n<div class=\"features-group-row__value-text\">8<\/div>\n<\/div>\n<\/div>\n<div class=\"features-group-row\">\n<div class=\"single-feature-label\" data-feature-id=\"icecat_automatic_9644_164\">Fonte de alimenta\u00e7\u00e3o inclu\u00edda<\/div>\n<div class=\"single-feature-value\">\n<div class=\"features-group-row__value-text\">Sim<\/div>\n<\/div>\n<\/div>\n<\/div>\n<div class=\"features-group\">\n<div class=\"features-group-title\">Refrigera\u00e7\u00e3o<\/div>\n<div class=\"features-group-row\">\n<div class=\"single-feature-label\" data-feature-id=\"icecat_automatic_8150_142\">Ventiladores traseiros instalados<\/div>\n<div class=\"single-feature-value\">\n<div class=\"features-group-row__value-text\">3x 80mm<\/div>\n<\/div>\n<\/div>\n<div class=\"features-group-row\">\n<div class=\"single-feature-label\" data-feature-id=\"icecat_automatic_8144_142\">Quantidade de ventoinhas traseiras compat\u00edveis (max.)<\/div>\n<div class=\"single-feature-value\">\n<div class=\"features-group-row__value-text\">3<\/div>\n<\/div>\n<\/div>\n<div class=\"features-group-row\">\n<div class=\"single-feature-label\" data-feature-id=\"icecat_automatic_8140_142\">Di\u00e2metros de ventiladores traseiros compat\u00edveis<\/div>\n<div class=\"single-feature-value\">\n<div class=\"features-group-row__value-text\">80<\/div>\n<\/div>\n<\/div>\n<\/div>\n<div class=\"features-group\">\n<div class=\"features-group-title\">Pesos e dimens\u00f5es<\/div>\n<div class=\"features-group-row\">\n<div class=\"single-feature-label\" data-feature-id=\"icecat_automatic_1650_14\">Profundidade<\/div>\n<div class=\"single-feature-value\">\n<div class=\"features-group-row__value-text\">647 mm<\/div>\n<\/div>\n<\/div>\n<div class=\"features-group-row\">\n<div class=\"single-feature-label\" data-feature-id=\"icecat_automatic_1649_14\">Largura<\/div>\n<div class=\"single-feature-value\">\n<div class=\"features-group-row__value-text\">437 mm<\/div>\n<\/div>\n<\/div>\n<div class=\"features-group-row\">\n<div class=\"single-feature-label\" data-feature-id=\"icecat_automatic_1464_14\">Altura<\/div>\n<div class=\"single-feature-value\">\n<div class=\"features-group-row__value-text\">89 mm<\/div>\n<\/div>\n<\/div>\n<div class=\"features-group-row\">\n<div class=\"single-feature-label\" data-feature-id=\"icecat_automatic_94_14\">Peso<\/div>\n<div class=\"single-feature-value\">\n<div class=\"features-group-row__value-text\">14970 g<\/div>\n<\/div>\n<\/div>\n<\/div>\n<div class=\"features-group\">\n<div class=\"features-group-title\">Dados log\u00edsticos<\/div>\n<div class=\"features-group-row\">\n<div class=\"single-feature-label\" data-feature-id=\"icecat_automatic_23731_198\">C\u00f3digo de Sistema Harmonizado (HS)<\/div>\n<div class=\"single-feature-value\">\n<div class=\"features-group-row__value-text\">84733080<\/div>\n<\/div>\n<\/div>\n<\/div>\n","protected":false},"excerpt":{"rendered":"<p>Rack Servidor<\/p>\n<p>&gt;ATX, EATX<\/p>\n<p>&gt;Tamanhos de drives de discos r\u00edgidos compat\u00edveis: 2.5,3.5&#8243; Fator de forma SSD: 3.5&#8243;<\/p>\n<p>&gt;N\u00famero de ba\u00edas de 2,5&#8243;: 2 N\u00famero de ba\u00edas de 3,5&#8243;: 8<\/p>\n<p>&gt;Fonte de alimenta\u00e7\u00e3o inclu\u00edda 600 W<\/p>\n<p>&gt;Preto<\/p>\n","protected":false},"featured_media":11807,"comment_status":"open","ping_status":"closed","template":"","meta":{"_joinchat":[]},"product_brand":[],"product_cat":[800,115],"product_tag":[],"class_list":{"0":"post-11805","1":"product","2":"type-product","3":"status-publish","4":"has-post-thumbnail","6":"product_cat-servidor-supermicro-cse","7":"product_cat-servidores","9":"first","10":"instock","11":"shipping-taxable","12":"purchasable","13":"product-type-simple"},"yoast_head":"<!-- This site is optimized with the Yoast SEO plugin v27.3 - https:\/\/yoast.com\/product\/yoast-seo-wordpress\/ -->\n<title>Supermicro CSE-LA25TQC-R609LP computer case Rack Black 600 W Part number: CSE-LA25TQC-R609LP EAN: 672042384396 - Cyberlogics Technologies Angola<\/title>\n<meta name=\"description\" content=\"A Maior Loja Online de Angola de Licen\u00e7as Microsoft Office | Chaves Sistemas Operativos Windows | Antiv\u00edrus | Cloud Adobe | Inform\u00e1tica &amp; Servidores | Softwares de Gest\u00e3o ERP | Gaming Hardware | UPS e Baterias &amp; Muito Mais...\" \/>\n<meta name=\"robots\" content=\"index, follow, max-snippet:-1, max-image-preview:large, max-video-preview:-1\" \/>\n<link rel=\"canonical\" href=\"https:\/\/cyberlogics.ao\/index.php\/product\/supermicro-cse-la25tqc-r609lp-computer-case-rack-black-600-w-part-number-cse-la25tqc-r609lp-ean-672042384396\/\" \/>\n<meta property=\"og:locale\" content=\"pt_PT\" \/>\n<meta property=\"og:type\" content=\"article\" \/>\n<meta property=\"og:title\" content=\"Supermicro CSE-LA25TQC-R609LP computer case Rack Black 600 W Part number: CSE-LA25TQC-R609LP EAN: 672042384396 - Cyberlogics Technologies Angola\" \/>\n<meta property=\"og:description\" content=\"A Maior Loja Online de Angola de Licen\u00e7as Microsoft Office | Chaves Sistemas Operativos Windows | Antiv\u00edrus | Cloud Adobe | Inform\u00e1tica &amp; Servidores | Softwares de Gest\u00e3o ERP | Gaming Hardware | UPS e Baterias &amp; Muito Mais...\" \/>\n<meta property=\"og:url\" content=\"https:\/\/cyberlogics.ao\/index.php\/product\/supermicro-cse-la25tqc-r609lp-computer-case-rack-black-600-w-part-number-cse-la25tqc-r609lp-ean-672042384396\/\" \/>\n<meta property=\"og:site_name\" content=\"Cyberlogics Technologies Angola\" \/>\n<meta property=\"og:image\" content=\"http:\/\/cyberlogics.ao\/wp-content\/uploads\/2026\/03\/706fd7cd6311b23bd353e0ed9260eb73c6a9916b_1661240_CSE_LA25TQC_R609LP_image1.webp\" \/>\n\t<meta property=\"og:image:width\" content=\"1843\" \/>\n\t<meta property=\"og:image:height\" content=\"1200\" \/>\n\t<meta property=\"og:image:type\" content=\"image\/webp\" \/>\n<meta name=\"twitter:card\" content=\"summary_large_image\" \/>\n<meta name=\"twitter:label1\" content=\"Tempo estimado de leitura\" \/>\n\t<meta name=\"twitter:data1\" content=\"1 minuto\" \/>\n<script type=\"application\/ld+json\" class=\"yoast-schema-graph\">{\"@context\":\"https:\\\/\\\/schema.org\",\"@graph\":[{\"@type\":\"WebPage\",\"@id\":\"https:\\\/\\\/cyberlogics.ao\\\/index.php\\\/product\\\/supermicro-cse-la25tqc-r609lp-computer-case-rack-black-600-w-part-number-cse-la25tqc-r609lp-ean-672042384396\\\/\",\"url\":\"https:\\\/\\\/cyberlogics.ao\\\/index.php\\\/product\\\/supermicro-cse-la25tqc-r609lp-computer-case-rack-black-600-w-part-number-cse-la25tqc-r609lp-ean-672042384396\\\/\",\"name\":\"Supermicro CSE-LA25TQC-R609LP computer case Rack Black 600 W Part number: CSE-LA25TQC-R609LP EAN: 672042384396 - Cyberlogics Technologies Angola\",\"isPartOf\":{\"@id\":\"https:\\\/\\\/cyberlogics.ao\\\/#website\"},\"primaryImageOfPage\":{\"@id\":\"https:\\\/\\\/cyberlogics.ao\\\/index.php\\\/product\\\/supermicro-cse-la25tqc-r609lp-computer-case-rack-black-600-w-part-number-cse-la25tqc-r609lp-ean-672042384396\\\/#primaryimage\"},\"image\":{\"@id\":\"https:\\\/\\\/cyberlogics.ao\\\/index.php\\\/product\\\/supermicro-cse-la25tqc-r609lp-computer-case-rack-black-600-w-part-number-cse-la25tqc-r609lp-ean-672042384396\\\/#primaryimage\"},\"thumbnailUrl\":\"https:\\\/\\\/cyberlogics.ao\\\/wp-content\\\/uploads\\\/2026\\\/03\\\/706fd7cd6311b23bd353e0ed9260eb73c6a9916b_1661240_CSE_LA25TQC_R609LP_image1.webp\",\"datePublished\":\"2026-03-15T15:57:05+00:00\",\"description\":\"A Maior Loja Online de Angola de Licen\u00e7as Microsoft Office | Chaves Sistemas Operativos Windows | Antiv\u00edrus | Cloud Adobe | Inform\u00e1tica & Servidores | Softwares de Gest\u00e3o ERP | Gaming Hardware | UPS e Baterias & Muito Mais...\",\"breadcrumb\":{\"@id\":\"https:\\\/\\\/cyberlogics.ao\\\/index.php\\\/product\\\/supermicro-cse-la25tqc-r609lp-computer-case-rack-black-600-w-part-number-cse-la25tqc-r609lp-ean-672042384396\\\/#breadcrumb\"},\"inLanguage\":\"pt-PT\",\"potentialAction\":[{\"@type\":\"ReadAction\",\"target\":[\"https:\\\/\\\/cyberlogics.ao\\\/index.php\\\/product\\\/supermicro-cse-la25tqc-r609lp-computer-case-rack-black-600-w-part-number-cse-la25tqc-r609lp-ean-672042384396\\\/\"]}]},{\"@type\":\"ImageObject\",\"inLanguage\":\"pt-PT\",\"@id\":\"https:\\\/\\\/cyberlogics.ao\\\/index.php\\\/product\\\/supermicro-cse-la25tqc-r609lp-computer-case-rack-black-600-w-part-number-cse-la25tqc-r609lp-ean-672042384396\\\/#primaryimage\",\"url\":\"https:\\\/\\\/cyberlogics.ao\\\/wp-content\\\/uploads\\\/2026\\\/03\\\/706fd7cd6311b23bd353e0ed9260eb73c6a9916b_1661240_CSE_LA25TQC_R609LP_image1.webp\",\"contentUrl\":\"https:\\\/\\\/cyberlogics.ao\\\/wp-content\\\/uploads\\\/2026\\\/03\\\/706fd7cd6311b23bd353e0ed9260eb73c6a9916b_1661240_CSE_LA25TQC_R609LP_image1.webp\",\"width\":1843,\"height\":1200},{\"@type\":\"BreadcrumbList\",\"@id\":\"https:\\\/\\\/cyberlogics.ao\\\/index.php\\\/product\\\/supermicro-cse-la25tqc-r609lp-computer-case-rack-black-600-w-part-number-cse-la25tqc-r609lp-ean-672042384396\\\/#breadcrumb\",\"itemListElement\":[{\"@type\":\"ListItem\",\"position\":1,\"name\":\"In\u00edcio\",\"item\":\"https:\\\/\\\/cyberlogics.ao\\\/\"},{\"@type\":\"ListItem\",\"position\":2,\"name\":\"Produtos\",\"item\":\"https:\\\/\\\/cyberlogics.ao\\\/index.php\\\/shop-2\\\/\"},{\"@type\":\"ListItem\",\"position\":3,\"name\":\"Supermicro CSE-LA25TQC-R609LP computer case Rack Black 600 W Part number: CSE-LA25TQC-R609LP EAN: 672042384396\"}]},{\"@type\":\"WebSite\",\"@id\":\"https:\\\/\\\/cyberlogics.ao\\\/#website\",\"url\":\"https:\\\/\\\/cyberlogics.ao\\\/\",\"name\":\"Cyberlogics Technologies Angola\",\"description\":\"Loja Online de Licen\u00e7as de Softwares e Inform\u00e1tica\",\"publisher\":{\"@id\":\"https:\\\/\\\/cyberlogics.ao\\\/#organization\"},\"potentialAction\":[{\"@type\":\"SearchAction\",\"target\":{\"@type\":\"EntryPoint\",\"urlTemplate\":\"https:\\\/\\\/cyberlogics.ao\\\/?s={search_term_string}\"},\"query-input\":{\"@type\":\"PropertyValueSpecification\",\"valueRequired\":true,\"valueName\":\"search_term_string\"}}],\"inLanguage\":\"pt-PT\"},{\"@type\":\"Organization\",\"@id\":\"https:\\\/\\\/cyberlogics.ao\\\/#organization\",\"name\":\"Cyberlogics Ao Technologies - Loja Online de Licen\u00e7as de Softwares e Inform\u00e1tica\",\"url\":\"https:\\\/\\\/cyberlogics.ao\\\/\",\"logo\":{\"@type\":\"ImageObject\",\"inLanguage\":\"pt-PT\",\"@id\":\"https:\\\/\\\/cyberlogics.ao\\\/#\\\/schema\\\/logo\\\/image\\\/\",\"url\":\"https:\\\/\\\/cyberlogics.ao\\\/wp-content\\\/uploads\\\/2022\\\/04\\\/CT-logo.png\",\"contentUrl\":\"https:\\\/\\\/cyberlogics.ao\\\/wp-content\\\/uploads\\\/2022\\\/04\\\/CT-logo.png\",\"width\":190,\"height\":75,\"caption\":\"Cyberlogics Ao Technologies - Loja Online de Licen\u00e7as de Softwares e Inform\u00e1tica\"},\"image\":{\"@id\":\"https:\\\/\\\/cyberlogics.ao\\\/#\\\/schema\\\/logo\\\/image\\\/\"}}]}<\/script>\n<!-- \/ Yoast SEO plugin. -->","yoast_head_json":{"title":"Supermicro CSE-LA25TQC-R609LP computer case Rack Black 600 W Part number: CSE-LA25TQC-R609LP EAN: 672042384396 - Cyberlogics Technologies Angola","description":"A Maior Loja Online de Angola de Licen\u00e7as Microsoft Office | Chaves Sistemas Operativos Windows | Antiv\u00edrus | Cloud Adobe | Inform\u00e1tica & Servidores | Softwares de Gest\u00e3o ERP | Gaming Hardware | UPS e Baterias & Muito Mais...","robots":{"index":"index","follow":"follow","max-snippet":"max-snippet:-1","max-image-preview":"max-image-preview:large","max-video-preview":"max-video-preview:-1"},"canonical":"https:\/\/cyberlogics.ao\/index.php\/product\/supermicro-cse-la25tqc-r609lp-computer-case-rack-black-600-w-part-number-cse-la25tqc-r609lp-ean-672042384396\/","og_locale":"pt_PT","og_type":"article","og_title":"Supermicro CSE-LA25TQC-R609LP computer case Rack Black 600 W Part number: CSE-LA25TQC-R609LP EAN: 672042384396 - Cyberlogics Technologies Angola","og_description":"A Maior Loja Online de Angola de Licen\u00e7as Microsoft Office | Chaves Sistemas Operativos Windows | Antiv\u00edrus | Cloud Adobe | Inform\u00e1tica & Servidores | Softwares de Gest\u00e3o ERP | Gaming Hardware | UPS e Baterias & Muito Mais...","og_url":"https:\/\/cyberlogics.ao\/index.php\/product\/supermicro-cse-la25tqc-r609lp-computer-case-rack-black-600-w-part-number-cse-la25tqc-r609lp-ean-672042384396\/","og_site_name":"Cyberlogics Technologies Angola","og_image":[{"width":1843,"height":1200,"url":"http:\/\/cyberlogics.ao\/wp-content\/uploads\/2026\/03\/706fd7cd6311b23bd353e0ed9260eb73c6a9916b_1661240_CSE_LA25TQC_R609LP_image1.webp","type":"image\/webp"}],"twitter_card":"summary_large_image","twitter_misc":{"Tempo estimado de leitura":"1 minuto"},"schema":{"@context":"https:\/\/schema.org","@graph":[{"@type":"WebPage","@id":"https:\/\/cyberlogics.ao\/index.php\/product\/supermicro-cse-la25tqc-r609lp-computer-case-rack-black-600-w-part-number-cse-la25tqc-r609lp-ean-672042384396\/","url":"https:\/\/cyberlogics.ao\/index.php\/product\/supermicro-cse-la25tqc-r609lp-computer-case-rack-black-600-w-part-number-cse-la25tqc-r609lp-ean-672042384396\/","name":"Supermicro CSE-LA25TQC-R609LP computer case Rack Black 600 W Part number: CSE-LA25TQC-R609LP EAN: 672042384396 - Cyberlogics Technologies Angola","isPartOf":{"@id":"https:\/\/cyberlogics.ao\/#website"},"primaryImageOfPage":{"@id":"https:\/\/cyberlogics.ao\/index.php\/product\/supermicro-cse-la25tqc-r609lp-computer-case-rack-black-600-w-part-number-cse-la25tqc-r609lp-ean-672042384396\/#primaryimage"},"image":{"@id":"https:\/\/cyberlogics.ao\/index.php\/product\/supermicro-cse-la25tqc-r609lp-computer-case-rack-black-600-w-part-number-cse-la25tqc-r609lp-ean-672042384396\/#primaryimage"},"thumbnailUrl":"https:\/\/cyberlogics.ao\/wp-content\/uploads\/2026\/03\/706fd7cd6311b23bd353e0ed9260eb73c6a9916b_1661240_CSE_LA25TQC_R609LP_image1.webp","datePublished":"2026-03-15T15:57:05+00:00","description":"A Maior Loja Online de Angola de Licen\u00e7as Microsoft Office | Chaves Sistemas Operativos Windows | Antiv\u00edrus | Cloud Adobe | Inform\u00e1tica & Servidores | Softwares de Gest\u00e3o ERP | Gaming Hardware | UPS e Baterias & Muito Mais...","breadcrumb":{"@id":"https:\/\/cyberlogics.ao\/index.php\/product\/supermicro-cse-la25tqc-r609lp-computer-case-rack-black-600-w-part-number-cse-la25tqc-r609lp-ean-672042384396\/#breadcrumb"},"inLanguage":"pt-PT","potentialAction":[{"@type":"ReadAction","target":["https:\/\/cyberlogics.ao\/index.php\/product\/supermicro-cse-la25tqc-r609lp-computer-case-rack-black-600-w-part-number-cse-la25tqc-r609lp-ean-672042384396\/"]}]},{"@type":"ImageObject","inLanguage":"pt-PT","@id":"https:\/\/cyberlogics.ao\/index.php\/product\/supermicro-cse-la25tqc-r609lp-computer-case-rack-black-600-w-part-number-cse-la25tqc-r609lp-ean-672042384396\/#primaryimage","url":"https:\/\/cyberlogics.ao\/wp-content\/uploads\/2026\/03\/706fd7cd6311b23bd353e0ed9260eb73c6a9916b_1661240_CSE_LA25TQC_R609LP_image1.webp","contentUrl":"https:\/\/cyberlogics.ao\/wp-content\/uploads\/2026\/03\/706fd7cd6311b23bd353e0ed9260eb73c6a9916b_1661240_CSE_LA25TQC_R609LP_image1.webp","width":1843,"height":1200},{"@type":"BreadcrumbList","@id":"https:\/\/cyberlogics.ao\/index.php\/product\/supermicro-cse-la25tqc-r609lp-computer-case-rack-black-600-w-part-number-cse-la25tqc-r609lp-ean-672042384396\/#breadcrumb","itemListElement":[{"@type":"ListItem","position":1,"name":"In\u00edcio","item":"https:\/\/cyberlogics.ao\/"},{"@type":"ListItem","position":2,"name":"Produtos","item":"https:\/\/cyberlogics.ao\/index.php\/shop-2\/"},{"@type":"ListItem","position":3,"name":"Supermicro CSE-LA25TQC-R609LP computer case Rack Black 600 W Part number: CSE-LA25TQC-R609LP EAN: 672042384396"}]},{"@type":"WebSite","@id":"https:\/\/cyberlogics.ao\/#website","url":"https:\/\/cyberlogics.ao\/","name":"Cyberlogics Technologies Angola","description":"Loja Online de Licen\u00e7as de Softwares e Inform\u00e1tica","publisher":{"@id":"https:\/\/cyberlogics.ao\/#organization"},"potentialAction":[{"@type":"SearchAction","target":{"@type":"EntryPoint","urlTemplate":"https:\/\/cyberlogics.ao\/?s={search_term_string}"},"query-input":{"@type":"PropertyValueSpecification","valueRequired":true,"valueName":"search_term_string"}}],"inLanguage":"pt-PT"},{"@type":"Organization","@id":"https:\/\/cyberlogics.ao\/#organization","name":"Cyberlogics Ao Technologies - Loja Online de Licen\u00e7as de Softwares e Inform\u00e1tica","url":"https:\/\/cyberlogics.ao\/","logo":{"@type":"ImageObject","inLanguage":"pt-PT","@id":"https:\/\/cyberlogics.ao\/#\/schema\/logo\/image\/","url":"https:\/\/cyberlogics.ao\/wp-content\/uploads\/2022\/04\/CT-logo.png","contentUrl":"https:\/\/cyberlogics.ao\/wp-content\/uploads\/2022\/04\/CT-logo.png","width":190,"height":75,"caption":"Cyberlogics Ao Technologies - Loja Online de Licen\u00e7as de Softwares e Inform\u00e1tica"},"image":{"@id":"https:\/\/cyberlogics.ao\/#\/schema\/logo\/image\/"}}]}},"_links":{"self":[{"href":"https:\/\/cyberlogics.ao\/index.php\/wp-json\/wp\/v2\/product\/11805","targetHints":{"allow":["GET"]}}],"collection":[{"href":"https:\/\/cyberlogics.ao\/index.php\/wp-json\/wp\/v2\/product"}],"about":[{"href":"https:\/\/cyberlogics.ao\/index.php\/wp-json\/wp\/v2\/types\/product"}],"replies":[{"embeddable":true,"href":"https:\/\/cyberlogics.ao\/index.php\/wp-json\/wp\/v2\/comments?post=11805"}],"wp:featuredmedia":[{"embeddable":true,"href":"https:\/\/cyberlogics.ao\/index.php\/wp-json\/wp\/v2\/media\/11807"}],"wp:attachment":[{"href":"https:\/\/cyberlogics.ao\/index.php\/wp-json\/wp\/v2\/media?parent=11805"}],"wp:term":[{"taxonomy":"product_brand","embeddable":true,"href":"https:\/\/cyberlogics.ao\/index.php\/wp-json\/wp\/v2\/product_brand?post=11805"},{"taxonomy":"product_cat","embeddable":true,"href":"https:\/\/cyberlogics.ao\/index.php\/wp-json\/wp\/v2\/product_cat?post=11805"},{"taxonomy":"product_tag","embeddable":true,"href":"https:\/\/cyberlogics.ao\/index.php\/wp-json\/wp\/v2\/product_tag?post=11805"}],"curies":[{"name":"wp","href":"https:\/\/api.w.org\/{rel}","templated":true}]}}