{"id":2619,"date":"2016-03-17T08:22:12","date_gmt":"2016-03-17T08:22:12","guid":{"rendered":"https:\/\/demo2.chethemes.com\/electro\/?post_type=product&#038;p=2619"},"modified":"2026-01-21T13:38:18","modified_gmt":"2026-01-21T13:38:18","slug":"aerocool-en52377-dead-silence-gaming-cube-case","status":"publish","type":"product","link":"https:\/\/cyberlogics.ao\/index.php\/product\/aerocool-en52377-dead-silence-gaming-cube-case\/","title":{"rendered":"Windows Server 2022 Licenciamento"},"content":{"rendered":"<div class=\"indexes__StyledAlertContainer-sc-1vts47h-119 bkWEkg\">\n<div class=\"indexes__StyledAlert-sc-1vts47h-0 kXoaTm\" data-test-id=\"alert\">\n<div class=\"indexes__StyledWrapper-sc-1vts47h-3 eZkbnk\">\n<div class=\"indexes__StyledDescription-sc-1vts47h-2 xWZPM\" data-test-id=\"alert-description\">\n<p>URL de download:\u00a0\u00a0<a href=\"https:\/\/www.microsoft.com\/en-us\/evalcenter\/evaluate-windows-server\" target=\"\" rel=\"noopener\">https:\/\/www.microsoft.com\/en-us\/evalcenter\/evaluate-windows-server<\/a><\/p>\n<p><b>Observa\u00e7\u00e3o:<\/b>\u00a0\u00a0para converter o Windows Server da vers\u00e3o de avalia\u00e7\u00e3o para a vers\u00e3o completa, use este comando DISM:<\/p>\n<ul>\n<li>1. Abra o CMD (Prompt de Comando) como Administrador<\/li>\n<li>2. Voc\u00ea pode verificar a vers\u00e3o atual do seu sistema usando o seguinte comando: DISM \/ Online \/ Get-CurrentEdition<\/li>\n<li>3. Use este comando para converter o Windows Server da vers\u00e3o de avalia\u00e7\u00e3o: DISM \/ online \/ Set-Edition: ServerStandard \/ ProductKey: XXXXX-XXXXX-XXXXX-XXXXX-XXXXX \/ AcceptEula<\/li>\n<\/ul>\n<\/div>\n<\/div>\n<\/div>\n<\/div>\n<div class=\"indexes__StyledProductDescription-sc-1vts47h-120 kIwkcy\" data-locator=\"product-description\">\n<p>Com um n\u00famero crescente de amea\u00e7as \u00e0 seguran\u00e7a cibern\u00e9tica e o impacto dos incidentes aumentando rapidamente, a seguran\u00e7a \u00e9 a principal prioridade de nossos clientes.\u00a0O Windows Server 2022 inclui novos recursos de seguran\u00e7a, como servidor de n\u00facleo protegido e conectividade segura.<\/p>\n<p>&nbsp;<\/p>\n<h3>Servidor de n\u00facleo seguro<\/h3>\n<p>&nbsp;<\/p>\n<p>Prote\u00e7\u00e3o poderosa contra amea\u00e7as em conjunto para fornecer seguran\u00e7a multicamadas em hardware, firmware e sistema operacional.\u00a0Ele usa o Trusted Platform Module 2.0 e o System Guard para inicializar o Windows Server com seguran\u00e7a e minimizar o risco de vulnerabilidades de firmware.\u00a0O servidor Secured-core tamb\u00e9m inclui recursos de seguran\u00e7a baseada em virtualiza\u00e7\u00e3o (VBS), como Credential Guard e Hypervisor-protected code integridade (HVCI).<\/p>\n<p>&nbsp;<\/p>\n<h3>Guarda de Credencial<\/h3>\n<p>&nbsp;<\/p>\n<p>A defesa preventiva para ativos confidenciais, como credenciais e HVCI, aplica seguran\u00e7a enraizada por hardware para evitar que malware avan\u00e7ado adultere o sistema. A conectividade segura adiciona uma camada adicional de seguran\u00e7a durante o transporte para prote\u00e7\u00e3o avan\u00e7ada.\u00a0O Windows Server 2022 melhora a seguran\u00e7a da conex\u00e3o com o protocolo de transfer\u00eancia de hipertexto criptografado mais r\u00e1pido e seguro (HTTPS) e a seguran\u00e7a da camada de transporte (TLS) 1.3 habilitada por padr\u00e3o.\u00a0Os clientes tamb\u00e9m podem proteger ainda mais as comunica\u00e7\u00f5es do servidor com criptografia AES-256 padr\u00e3o da ind\u00fastria, que agora oferece suporte ao protocolo de bloco de mensagens do servidor (SMB) e controles melhores.<\/p>\n<p>&nbsp;<\/p>\n<h3>Recursos h\u00edbridos com o Azure<\/h3>\n<p>&nbsp;<\/p>\n<p>Estamos trazendo novos recursos que permitem aos clientes aproveitar as vantagens da inova\u00e7\u00e3o na nuvem com seus investimentos locais.\u00a0O Azure Arc e o Storage Migration Service s\u00e3o dois recursos h\u00edbridos principais que funcionam melhor com o Windows Server 2022.<\/p>\n<p><b>O Azure Arc\u00a0<\/b>\u00a0permite que os clientes gerenciem, protejam e governem o Windows Server localmente, no limite ou em ambientes com v\u00e1rias nuvens a partir de um \u00fanico plano de controle no Azure.\u00a0Por meio do Azure Arc, os clientes podem empregar facilmente os recursos de gerenciamento do Azure, como a Pol\u00edtica do Azure, o Azure Monitor e o Azure Defender para esses servidores.\u00a0Al\u00e9m do mais, alguns cliques simples no Windows Admin Center podem habilitar a conectividade com o Azure Arc.\u00a0Al\u00e9m disso, aprimoramos o Windows Admin Center v2103 com gerenciamento de m\u00e1quina virtual significativamente aprimorado, um visualizador de eventos mais simples e muitas outras atualiza\u00e7\u00f5es.\u00a0O Windows Admin Center tamb\u00e9m est\u00e1 dispon\u00edvel no portal do Azure.<\/p>\n<p><b>Windows Server 2022<\/b><\/p>\n<p>aprimora a conectividade perfeita de servidores de arquivos locais para servidores de arquivos no Azure.\u00a0As atualiza\u00e7\u00f5es do Servi\u00e7o de Migra\u00e7\u00e3o de Armazenamento permitem que os clientes migrem servidores de arquivos de determinado armazenamento de acesso \u00e0 rede (NAS) e servidores de arquivos do Windows para servidores do Windows no Azure.\u00a0Usar o Servi\u00e7o de Migra\u00e7\u00e3o de Armazenamento para migrar dados para servidores permite que os clientes mantenham baixa lat\u00eancia enquanto reduzem sua pegada de armazenamento local.<\/p>\n<p>&nbsp;<\/p>\n<h3>Plataforma de aplicativo flex\u00edvel<\/h3>\n<p>&nbsp;<\/p>\n<p>Os clientes usam o Windows Server para executar aplicativos em grande escala e distribu\u00eddos.\u00a0Consequentemente, colocamos foco incans\u00e1vel em trazer recursos de plataforma e ferramentas que melhoram a velocidade do desenvolvedor e suporte para cargas de trabalho cr\u00edticas de neg\u00f3cios como o SQL Server. Nesta vers\u00e3o, estamos adicionando v\u00e1rias melhorias de plataforma para Windows Containers, incluindo compatibilidade de aplicativos e a experi\u00eancia de Windows Container com o Kubernetes.\u00a0Uma grande melhoria inclui a redu\u00e7\u00e3o do tamanho da imagem do Windows Container, o que leva a um tempo de download mais r\u00e1pido e melhor desempenho.\u00a0Al\u00e9m disso, agora voc\u00ea pode executar aplicativos que dependem do Azure Active Directory com contas de servi\u00e7os gerenciados de grupo (gMSA) sem ingressar no dom\u00ednio do host do cont\u00eainer.\u00a0Al\u00e9m disso, existem v\u00e1rios outros aprimoramentos que simplificam a experi\u00eancia do Windows Container com o Kubernetes.<br \/>\nAl\u00e9m de melhorias na plataforma, temos uma ferramenta Windows Admin Center atualizada que facilita a coloca\u00e7\u00e3o de aplicativos .NET em cont\u00eaineres.\u00a0Depois que o aplicativo estiver em um cont\u00eainer, voc\u00ea poder\u00e1 hosped\u00e1-lo no Azure Container Registry para implant\u00e1-lo em outros servi\u00e7os do Azure, incluindo o Azure Kubernetes Service.<br \/>\nO Windows Server 2022 oferece suporte a aplicativos cr\u00edticos para os neg\u00f3cios e em grande escala, como o SQL Server, que requerem 48 TB de mem\u00f3ria e 2.048 n\u00facleos l\u00f3gicos executados em 64 soquetes f\u00edsicos.<\/p>\n<\/div>\n","protected":false},"excerpt":{"rendered":"<h1 class=\"product-title product_title entry-title\">Microsoft Windows Server 2022 Standard (Licen\u00e7a Digital) 100% Seguro<\/h1>\n","protected":false},"featured_media":6978,"comment_status":"open","ping_status":"closed","template":"","meta":{"_joinchat":[]},"product_brand":[],"product_cat":[115],"product_tag":[],"class_list":{"0":"post-2619","1":"product","2":"type-product","3":"status-publish","4":"has-post-thumbnail","6":"product_cat-servidores","8":"first","9":"instock","10":"shipping-taxable","11":"purchasable","12":"product-type-simple"},"yoast_head":"<!-- This site is optimized with the Yoast SEO plugin v27.4 - https:\/\/yoast.com\/product\/yoast-seo-wordpress\/ -->\n<title>Windows Server 2022 Licenciamento - Cyberlogics Technologies Angola<\/title>\n<meta name=\"description\" content=\"A Maior Loja Online de Angola de Licen\u00e7as Microsoft Office | Chaves Sistemas Operativos Windows | Antiv\u00edrus | Cloud Adobe | Inform\u00e1tica &amp; Servidores | Softwares de Gest\u00e3o ERP | Gaming Hardware | UPS e Baterias &amp; Muito Mais...\" \/>\n<meta name=\"robots\" content=\"index, follow, max-snippet:-1, max-image-preview:large, max-video-preview:-1\" \/>\n<link rel=\"canonical\" href=\"https:\/\/cyberlogics.ao\/index.php\/product\/aerocool-en52377-dead-silence-gaming-cube-case\/\" \/>\n<meta property=\"og:locale\" content=\"pt_PT\" \/>\n<meta property=\"og:type\" content=\"article\" \/>\n<meta property=\"og:title\" content=\"Windows Server 2022 Licenciamento - Cyberlogics Technologies Angola\" \/>\n<meta property=\"og:description\" content=\"A Maior Loja Online de Angola de Licen\u00e7as Microsoft Office | Chaves Sistemas Operativos Windows | Antiv\u00edrus | Cloud Adobe | Inform\u00e1tica &amp; Servidores | Softwares de Gest\u00e3o ERP | Gaming Hardware | UPS e Baterias &amp; Muito Mais...\" \/>\n<meta property=\"og:url\" content=\"https:\/\/cyberlogics.ao\/index.php\/product\/aerocool-en52377-dead-silence-gaming-cube-case\/\" \/>\n<meta property=\"og:site_name\" content=\"Cyberlogics Technologies Angola\" \/>\n<meta property=\"article:modified_time\" content=\"2026-01-21T13:38:18+00:00\" \/>\n<meta property=\"og:image\" content=\"http:\/\/cyberlogics.ao\/wp-content\/uploads\/2016\/03\/windows_server_2022_standard_edition__91836.jpg\" \/>\n\t<meta property=\"og:image:width\" content=\"1200\" \/>\n\t<meta property=\"og:image:height\" content=\"1200\" \/>\n\t<meta property=\"og:image:type\" content=\"image\/jpeg\" \/>\n<meta name=\"twitter:card\" content=\"summary_large_image\" \/>\n<meta name=\"twitter:label1\" content=\"Tempo estimado de leitura\" \/>\n\t<meta name=\"twitter:data1\" content=\"4 minutos\" \/>\n<script type=\"application\/ld+json\" class=\"yoast-schema-graph\">{\"@context\":\"https:\\\/\\\/schema.org\",\"@graph\":[{\"@type\":\"WebPage\",\"@id\":\"https:\\\/\\\/cyberlogics.ao\\\/index.php\\\/product\\\/aerocool-en52377-dead-silence-gaming-cube-case\\\/\",\"url\":\"https:\\\/\\\/cyberlogics.ao\\\/index.php\\\/product\\\/aerocool-en52377-dead-silence-gaming-cube-case\\\/\",\"name\":\"Windows Server 2022 Licenciamento - Cyberlogics Technologies Angola\",\"isPartOf\":{\"@id\":\"https:\\\/\\\/cyberlogics.ao\\\/#website\"},\"primaryImageOfPage\":{\"@id\":\"https:\\\/\\\/cyberlogics.ao\\\/index.php\\\/product\\\/aerocool-en52377-dead-silence-gaming-cube-case\\\/#primaryimage\"},\"image\":{\"@id\":\"https:\\\/\\\/cyberlogics.ao\\\/index.php\\\/product\\\/aerocool-en52377-dead-silence-gaming-cube-case\\\/#primaryimage\"},\"thumbnailUrl\":\"https:\\\/\\\/cyberlogics.ao\\\/wp-content\\\/uploads\\\/2016\\\/03\\\/windows_server_2022_standard_edition__91836.jpg\",\"datePublished\":\"2016-03-17T08:22:12+00:00\",\"dateModified\":\"2026-01-21T13:38:18+00:00\",\"description\":\"A Maior Loja Online de Angola de Licen\u00e7as Microsoft Office | Chaves Sistemas Operativos Windows | Antiv\u00edrus | Cloud Adobe | Inform\u00e1tica & Servidores | Softwares de Gest\u00e3o ERP | Gaming Hardware | UPS e Baterias & Muito Mais...\",\"breadcrumb\":{\"@id\":\"https:\\\/\\\/cyberlogics.ao\\\/index.php\\\/product\\\/aerocool-en52377-dead-silence-gaming-cube-case\\\/#breadcrumb\"},\"inLanguage\":\"pt-PT\",\"potentialAction\":[{\"@type\":\"ReadAction\",\"target\":[\"https:\\\/\\\/cyberlogics.ao\\\/index.php\\\/product\\\/aerocool-en52377-dead-silence-gaming-cube-case\\\/\"]}]},{\"@type\":\"ImageObject\",\"inLanguage\":\"pt-PT\",\"@id\":\"https:\\\/\\\/cyberlogics.ao\\\/index.php\\\/product\\\/aerocool-en52377-dead-silence-gaming-cube-case\\\/#primaryimage\",\"url\":\"https:\\\/\\\/cyberlogics.ao\\\/wp-content\\\/uploads\\\/2016\\\/03\\\/windows_server_2022_standard_edition__91836.jpg\",\"contentUrl\":\"https:\\\/\\\/cyberlogics.ao\\\/wp-content\\\/uploads\\\/2016\\\/03\\\/windows_server_2022_standard_edition__91836.jpg\",\"width\":1200,\"height\":1200},{\"@type\":\"BreadcrumbList\",\"@id\":\"https:\\\/\\\/cyberlogics.ao\\\/index.php\\\/product\\\/aerocool-en52377-dead-silence-gaming-cube-case\\\/#breadcrumb\",\"itemListElement\":[{\"@type\":\"ListItem\",\"position\":1,\"name\":\"In\u00edcio\",\"item\":\"https:\\\/\\\/cyberlogics.ao\\\/\"},{\"@type\":\"ListItem\",\"position\":2,\"name\":\"Produtos\",\"item\":\"https:\\\/\\\/cyberlogics.ao\\\/index.php\\\/shop-2\\\/\"},{\"@type\":\"ListItem\",\"position\":3,\"name\":\"Windows Server 2022 Licenciamento\"}]},{\"@type\":\"WebSite\",\"@id\":\"https:\\\/\\\/cyberlogics.ao\\\/#website\",\"url\":\"https:\\\/\\\/cyberlogics.ao\\\/\",\"name\":\"Cyberlogics Technologies Angola\",\"description\":\"Loja Online de Licen\u00e7as de Softwares e Inform\u00e1tica\",\"publisher\":{\"@id\":\"https:\\\/\\\/cyberlogics.ao\\\/#organization\"},\"potentialAction\":[{\"@type\":\"SearchAction\",\"target\":{\"@type\":\"EntryPoint\",\"urlTemplate\":\"https:\\\/\\\/cyberlogics.ao\\\/?s={search_term_string}\"},\"query-input\":{\"@type\":\"PropertyValueSpecification\",\"valueRequired\":true,\"valueName\":\"search_term_string\"}}],\"inLanguage\":\"pt-PT\"},{\"@type\":\"Organization\",\"@id\":\"https:\\\/\\\/cyberlogics.ao\\\/#organization\",\"name\":\"Cyberlogics Ao Technologies - Loja Online de Licen\u00e7as de Softwares e Inform\u00e1tica\",\"url\":\"https:\\\/\\\/cyberlogics.ao\\\/\",\"logo\":{\"@type\":\"ImageObject\",\"inLanguage\":\"pt-PT\",\"@id\":\"https:\\\/\\\/cyberlogics.ao\\\/#\\\/schema\\\/logo\\\/image\\\/\",\"url\":\"https:\\\/\\\/cyberlogics.ao\\\/wp-content\\\/uploads\\\/2022\\\/04\\\/CT-logo.png\",\"contentUrl\":\"https:\\\/\\\/cyberlogics.ao\\\/wp-content\\\/uploads\\\/2022\\\/04\\\/CT-logo.png\",\"width\":190,\"height\":75,\"caption\":\"Cyberlogics Ao Technologies - Loja Online de Licen\u00e7as de Softwares e Inform\u00e1tica\"},\"image\":{\"@id\":\"https:\\\/\\\/cyberlogics.ao\\\/#\\\/schema\\\/logo\\\/image\\\/\"}}]}<\/script>\n<!-- \/ Yoast SEO plugin. -->","yoast_head_json":{"title":"Windows Server 2022 Licenciamento - Cyberlogics Technologies Angola","description":"A Maior Loja Online de Angola de Licen\u00e7as Microsoft Office | Chaves Sistemas Operativos Windows | Antiv\u00edrus | Cloud Adobe | Inform\u00e1tica & Servidores | Softwares de Gest\u00e3o ERP | Gaming Hardware | UPS e Baterias & Muito Mais...","robots":{"index":"index","follow":"follow","max-snippet":"max-snippet:-1","max-image-preview":"max-image-preview:large","max-video-preview":"max-video-preview:-1"},"canonical":"https:\/\/cyberlogics.ao\/index.php\/product\/aerocool-en52377-dead-silence-gaming-cube-case\/","og_locale":"pt_PT","og_type":"article","og_title":"Windows Server 2022 Licenciamento - Cyberlogics Technologies Angola","og_description":"A Maior Loja Online de Angola de Licen\u00e7as Microsoft Office | Chaves Sistemas Operativos Windows | Antiv\u00edrus | Cloud Adobe | Inform\u00e1tica & Servidores | Softwares de Gest\u00e3o ERP | Gaming Hardware | UPS e Baterias & Muito Mais...","og_url":"https:\/\/cyberlogics.ao\/index.php\/product\/aerocool-en52377-dead-silence-gaming-cube-case\/","og_site_name":"Cyberlogics Technologies Angola","article_modified_time":"2026-01-21T13:38:18+00:00","og_image":[{"width":1200,"height":1200,"url":"http:\/\/cyberlogics.ao\/wp-content\/uploads\/2016\/03\/windows_server_2022_standard_edition__91836.jpg","type":"image\/jpeg"}],"twitter_card":"summary_large_image","twitter_misc":{"Tempo estimado de leitura":"4 minutos"},"schema":{"@context":"https:\/\/schema.org","@graph":[{"@type":"WebPage","@id":"https:\/\/cyberlogics.ao\/index.php\/product\/aerocool-en52377-dead-silence-gaming-cube-case\/","url":"https:\/\/cyberlogics.ao\/index.php\/product\/aerocool-en52377-dead-silence-gaming-cube-case\/","name":"Windows Server 2022 Licenciamento - Cyberlogics Technologies Angola","isPartOf":{"@id":"https:\/\/cyberlogics.ao\/#website"},"primaryImageOfPage":{"@id":"https:\/\/cyberlogics.ao\/index.php\/product\/aerocool-en52377-dead-silence-gaming-cube-case\/#primaryimage"},"image":{"@id":"https:\/\/cyberlogics.ao\/index.php\/product\/aerocool-en52377-dead-silence-gaming-cube-case\/#primaryimage"},"thumbnailUrl":"https:\/\/cyberlogics.ao\/wp-content\/uploads\/2016\/03\/windows_server_2022_standard_edition__91836.jpg","datePublished":"2016-03-17T08:22:12+00:00","dateModified":"2026-01-21T13:38:18+00:00","description":"A Maior Loja Online de Angola de Licen\u00e7as Microsoft Office | Chaves Sistemas Operativos Windows | Antiv\u00edrus | Cloud Adobe | Inform\u00e1tica & Servidores | Softwares de Gest\u00e3o ERP | Gaming Hardware | UPS e Baterias & Muito Mais...","breadcrumb":{"@id":"https:\/\/cyberlogics.ao\/index.php\/product\/aerocool-en52377-dead-silence-gaming-cube-case\/#breadcrumb"},"inLanguage":"pt-PT","potentialAction":[{"@type":"ReadAction","target":["https:\/\/cyberlogics.ao\/index.php\/product\/aerocool-en52377-dead-silence-gaming-cube-case\/"]}]},{"@type":"ImageObject","inLanguage":"pt-PT","@id":"https:\/\/cyberlogics.ao\/index.php\/product\/aerocool-en52377-dead-silence-gaming-cube-case\/#primaryimage","url":"https:\/\/cyberlogics.ao\/wp-content\/uploads\/2016\/03\/windows_server_2022_standard_edition__91836.jpg","contentUrl":"https:\/\/cyberlogics.ao\/wp-content\/uploads\/2016\/03\/windows_server_2022_standard_edition__91836.jpg","width":1200,"height":1200},{"@type":"BreadcrumbList","@id":"https:\/\/cyberlogics.ao\/index.php\/product\/aerocool-en52377-dead-silence-gaming-cube-case\/#breadcrumb","itemListElement":[{"@type":"ListItem","position":1,"name":"In\u00edcio","item":"https:\/\/cyberlogics.ao\/"},{"@type":"ListItem","position":2,"name":"Produtos","item":"https:\/\/cyberlogics.ao\/index.php\/shop-2\/"},{"@type":"ListItem","position":3,"name":"Windows Server 2022 Licenciamento"}]},{"@type":"WebSite","@id":"https:\/\/cyberlogics.ao\/#website","url":"https:\/\/cyberlogics.ao\/","name":"Cyberlogics Technologies Angola","description":"Loja Online de Licen\u00e7as de Softwares e Inform\u00e1tica","publisher":{"@id":"https:\/\/cyberlogics.ao\/#organization"},"potentialAction":[{"@type":"SearchAction","target":{"@type":"EntryPoint","urlTemplate":"https:\/\/cyberlogics.ao\/?s={search_term_string}"},"query-input":{"@type":"PropertyValueSpecification","valueRequired":true,"valueName":"search_term_string"}}],"inLanguage":"pt-PT"},{"@type":"Organization","@id":"https:\/\/cyberlogics.ao\/#organization","name":"Cyberlogics Ao Technologies - Loja Online de Licen\u00e7as de Softwares e Inform\u00e1tica","url":"https:\/\/cyberlogics.ao\/","logo":{"@type":"ImageObject","inLanguage":"pt-PT","@id":"https:\/\/cyberlogics.ao\/#\/schema\/logo\/image\/","url":"https:\/\/cyberlogics.ao\/wp-content\/uploads\/2022\/04\/CT-logo.png","contentUrl":"https:\/\/cyberlogics.ao\/wp-content\/uploads\/2022\/04\/CT-logo.png","width":190,"height":75,"caption":"Cyberlogics Ao Technologies - Loja Online de Licen\u00e7as de Softwares e Inform\u00e1tica"},"image":{"@id":"https:\/\/cyberlogics.ao\/#\/schema\/logo\/image\/"}}]}},"_links":{"self":[{"href":"https:\/\/cyberlogics.ao\/index.php\/wp-json\/wp\/v2\/product\/2619","targetHints":{"allow":["GET"]}}],"collection":[{"href":"https:\/\/cyberlogics.ao\/index.php\/wp-json\/wp\/v2\/product"}],"about":[{"href":"https:\/\/cyberlogics.ao\/index.php\/wp-json\/wp\/v2\/types\/product"}],"replies":[{"embeddable":true,"href":"https:\/\/cyberlogics.ao\/index.php\/wp-json\/wp\/v2\/comments?post=2619"}],"wp:featuredmedia":[{"embeddable":true,"href":"https:\/\/cyberlogics.ao\/index.php\/wp-json\/wp\/v2\/media\/6978"}],"wp:attachment":[{"href":"https:\/\/cyberlogics.ao\/index.php\/wp-json\/wp\/v2\/media?parent=2619"}],"wp:term":[{"taxonomy":"product_brand","embeddable":true,"href":"https:\/\/cyberlogics.ao\/index.php\/wp-json\/wp\/v2\/product_brand?post=2619"},{"taxonomy":"product_cat","embeddable":true,"href":"https:\/\/cyberlogics.ao\/index.php\/wp-json\/wp\/v2\/product_cat?post=2619"},{"taxonomy":"product_tag","embeddable":true,"href":"https:\/\/cyberlogics.ao\/index.php\/wp-json\/wp\/v2\/product_tag?post=2619"}],"curies":[{"name":"wp","href":"https:\/\/api.w.org\/{rel}","templated":true}]}}