{"id":5447,"date":"2022-02-19T15:32:46","date_gmt":"2022-02-19T15:32:46","guid":{"rendered":"http:\/\/aplusintelligence.ctechnology.ao\/?post_type=product&#038;p=5447"},"modified":"2025-12-12T08:47:07","modified_gmt":"2025-12-12T08:47:07","slug":"windows-11-professional","status":"publish","type":"product","link":"https:\/\/cyberlogics.ao\/index.php\/product\/windows-11-professional\/","title":{"rendered":"Office 365 A3 1TB 5 usuarios PC\/Mac  (Usuario+Password)"},"content":{"rendered":"<div class=\"card__header\">\n<h2 class=\"card__title heading h3\">Descri\u00e7\u00e3o<\/h2>\n<\/div>\n<div class=\"card__section expandable-content expandable-content--expandable\" aria-expanded=\"true\">\n<div class=\"rte text--pull\">\n<p>O office 365 vital\u00edcio original (feito o download direito do site da Microsoft) que a nossa empresa fornece \u00e9 uma\u00a0<strong>NOVA conta<\/strong>\u00a0exclusiva criada para download dos programas no site OFFICE.COM, que te dar\u00e1 permiss\u00e3o para instala\u00e7\u00e3o de aplicativos em at\u00e9 5 (cinco) dispositivos (dentre eles notebook, computadores, sistema Windows, Mac \u2018verificar em caracter\u00edsticas a partir de que vers\u00e3o\u2019, Android ou IOS), da fabricante Microsoft.<\/p>\n<p>Esclarecemos que o produto enviado \u00e9 uma nova conta e n\u00e3o uma key que ativa uma conta j\u00e1 existente ou apenas uma conta para acessar a chave de ativa\u00e7\u00e3o da sua conta pessoal, bem como n\u00e3o h\u00e1 possibilidade de alterar o nome do usu\u00e1rio enviado.<\/p>\n<p>Junto com o produto \u00e9 enviado um link ensinando a instala\u00e7\u00e3o do produto, mas caso n\u00e3o consiga oferecemos o suporte de instala\u00e7\u00e3o.<\/p>\n<p><strong>IMPORTANTE:<\/strong>\u00a0esse produto\u00a0n\u00e3o pode ser\u00a0usado por empresas ou para uso profissional. Se for seu caso, entre em contato conosco solicitando o Office exclusivo para empresas.<\/p>\n<p><strong>OBSERVA\u00c7\u00c3O:\u00a0<\/strong>O nosso envio \u00e9 autom\u00e1tico ap\u00f3s a compra. Confira seu email<\/p>\n<p><strong>CARACTER\u00cdSTICAS<\/strong><\/p>\n<p>-Assinatura permanente;<br \/>\n-O Microsoft 365 Vital\u00edcio \u00e9 a nova vers\u00e3o do Office 365 que funciona para 5 dispositivos conforme a descri\u00e7\u00e3o do produto;<br \/>\n-1TB de armazenamento na nuvem compartilhado entre os 5 usu\u00e1rios (ressaltamos que devido algumas instabilidades, a empresa n\u00e3o se responsabiliza por perdas de arquivo em caso fortuito ou for\u00e7a maior)<br \/>\n-Vers\u00f5es completas do Word, Excel, PowerPoint, Outlook e mais<br \/>\n-Suporte T\u00e9cnico gratuito via whatsapp para a instala\u00e7\u00e3o e d\u00favidas via chat ou e-mail.<br \/>\n-A assinatura permanente dessa nova vers\u00e3o do Office 365 inclui todos os aplicativos mais recentes do Microsoft Office2<br \/>\n-Compartilhe a sua assinatura do Microsoft 365 Vital\u00edcio com at\u00e9 outras quatro outras pessoas da sua casa<br \/>\n-Acesse facilmente seus documentos com aplicativos do Office 365 Mobile para iPhones, Android e Windows Phone<br \/>\n\u2013 Idioma do software: Portugu\u00eas Brasileiro (existem op\u00e7\u00f5es de outros idiomas)<\/p>\n<p><strong>Aplicativos Premium Inclusos<\/strong><br \/>\n-Word;<br \/>\n-Excel;<br \/>\n-Power Point;<br \/>\n-One Note;<br \/>\n-Outlook;<\/p>\n<\/div>\n<\/div>\n","protected":false},"excerpt":{"rendered":"<p>O Microsoft 365 Vital\u00edcio \u00e9 a nova vers\u00e3o do Office 365 que funciona para 5 dispositivos conforme a descri\u00e7\u00e3o do produto<\/p>\n<p><span style=\"color: #000000\"><strong>Vers\u00e3o 100% original.<\/strong><\/span><br \/>\n<span style=\"color: #000000\"><strong>Ambos suporte a vers\u00e3o de 32\/64 bits<\/strong><\/span><br \/>\n<span style=\"color: #000000\"><strong>Licen\u00e7a transfer\u00edvel.<\/strong><\/span><br \/>\n<span style=\"color: #000000\"><strong>Vital\u00edcia eficaz<\/strong><\/span><\/p>\n","protected":false},"featured_media":8761,"comment_status":"closed","ping_status":"closed","template":"","meta":{"_joinchat":[]},"product_brand":[],"product_cat":[420,419],"product_tag":[],"class_list":{"0":"post-5447","1":"product","2":"type-product","3":"status-publish","4":"has-post-thumbnail","6":"product_cat-microsoft-2","7":"product_cat-subscricoes-e-licenciamentos","9":"first","10":"instock","11":"downloadable","12":"virtual","13":"purchasable","14":"product-type-simple"},"yoast_head":"<!-- This site is optimized with the Yoast SEO plugin v27.4 - https:\/\/yoast.com\/product\/yoast-seo-wordpress\/ -->\n<title>Office 365 A3 1TB 5 usuarios PC\/Mac (Usuario+Password) - Cyberlogics Technologies Angola<\/title>\n<meta name=\"description\" content=\"A Maior Loja Online de Angola de Licen\u00e7as Microsoft Office | Chaves Sistemas Operativos Windows | Antiv\u00edrus | Cloud Adobe | Inform\u00e1tica &amp; Servidores | Softwares de Gest\u00e3o ERP | Gaming Hardware | UPS e Baterias &amp; Muito Mais...\" \/>\n<meta name=\"robots\" content=\"index, follow, max-snippet:-1, max-image-preview:large, max-video-preview:-1\" \/>\n<link rel=\"canonical\" href=\"https:\/\/cyberlogics.ao\/index.php\/product\/windows-11-professional\/\" \/>\n<meta property=\"og:locale\" content=\"pt_PT\" \/>\n<meta property=\"og:type\" content=\"article\" \/>\n<meta property=\"og:title\" content=\"Office 365 A3 1TB 5 usuarios PC\/Mac (Usuario+Password) - Cyberlogics Technologies Angola\" \/>\n<meta property=\"og:description\" content=\"A Maior Loja Online de Angola de Licen\u00e7as Microsoft Office | Chaves Sistemas Operativos Windows | Antiv\u00edrus | Cloud Adobe | Inform\u00e1tica &amp; Servidores | Softwares de Gest\u00e3o ERP | Gaming Hardware | UPS e Baterias &amp; Muito Mais...\" \/>\n<meta property=\"og:url\" content=\"https:\/\/cyberlogics.ao\/index.php\/product\/windows-11-professional\/\" \/>\n<meta property=\"og:site_name\" content=\"Cyberlogics Technologies Angola\" \/>\n<meta property=\"article:modified_time\" content=\"2025-12-12T08:47:07+00:00\" \/>\n<meta property=\"og:image\" content=\"http:\/\/cyberlogics.ao\/wp-content\/uploads\/2022\/02\/office-365-proplus.webp\" \/>\n\t<meta property=\"og:image:width\" content=\"600\" \/>\n\t<meta property=\"og:image:height\" content=\"600\" \/>\n\t<meta property=\"og:image:type\" content=\"image\/webp\" \/>\n<meta name=\"twitter:card\" content=\"summary_large_image\" \/>\n<meta name=\"twitter:label1\" content=\"Tempo estimado de leitura\" \/>\n\t<meta name=\"twitter:data1\" content=\"2 minutos\" \/>\n<script type=\"application\/ld+json\" class=\"yoast-schema-graph\">{\"@context\":\"https:\\\/\\\/schema.org\",\"@graph\":[{\"@type\":\"WebPage\",\"@id\":\"https:\\\/\\\/cyberlogics.ao\\\/index.php\\\/product\\\/windows-11-professional\\\/\",\"url\":\"https:\\\/\\\/cyberlogics.ao\\\/index.php\\\/product\\\/windows-11-professional\\\/\",\"name\":\"Office 365 A3 1TB 5 usuarios PC\\\/Mac (Usuario+Password) - Cyberlogics Technologies Angola\",\"isPartOf\":{\"@id\":\"https:\\\/\\\/cyberlogics.ao\\\/#website\"},\"primaryImageOfPage\":{\"@id\":\"https:\\\/\\\/cyberlogics.ao\\\/index.php\\\/product\\\/windows-11-professional\\\/#primaryimage\"},\"image\":{\"@id\":\"https:\\\/\\\/cyberlogics.ao\\\/index.php\\\/product\\\/windows-11-professional\\\/#primaryimage\"},\"thumbnailUrl\":\"https:\\\/\\\/cyberlogics.ao\\\/wp-content\\\/uploads\\\/2022\\\/02\\\/office-365-proplus.webp\",\"datePublished\":\"2022-02-19T15:32:46+00:00\",\"dateModified\":\"2025-12-12T08:47:07+00:00\",\"description\":\"A Maior Loja Online de Angola de Licen\u00e7as Microsoft Office | Chaves Sistemas Operativos Windows | Antiv\u00edrus | Cloud Adobe | Inform\u00e1tica & Servidores | Softwares de Gest\u00e3o ERP | Gaming Hardware | UPS e Baterias & Muito Mais...\",\"breadcrumb\":{\"@id\":\"https:\\\/\\\/cyberlogics.ao\\\/index.php\\\/product\\\/windows-11-professional\\\/#breadcrumb\"},\"inLanguage\":\"pt-PT\",\"potentialAction\":[{\"@type\":\"ReadAction\",\"target\":[\"https:\\\/\\\/cyberlogics.ao\\\/index.php\\\/product\\\/windows-11-professional\\\/\"]}]},{\"@type\":\"ImageObject\",\"inLanguage\":\"pt-PT\",\"@id\":\"https:\\\/\\\/cyberlogics.ao\\\/index.php\\\/product\\\/windows-11-professional\\\/#primaryimage\",\"url\":\"https:\\\/\\\/cyberlogics.ao\\\/wp-content\\\/uploads\\\/2022\\\/02\\\/office-365-proplus.webp\",\"contentUrl\":\"https:\\\/\\\/cyberlogics.ao\\\/wp-content\\\/uploads\\\/2022\\\/02\\\/office-365-proplus.webp\",\"width\":600,\"height\":600},{\"@type\":\"BreadcrumbList\",\"@id\":\"https:\\\/\\\/cyberlogics.ao\\\/index.php\\\/product\\\/windows-11-professional\\\/#breadcrumb\",\"itemListElement\":[{\"@type\":\"ListItem\",\"position\":1,\"name\":\"In\u00edcio\",\"item\":\"https:\\\/\\\/cyberlogics.ao\\\/\"},{\"@type\":\"ListItem\",\"position\":2,\"name\":\"Produtos\",\"item\":\"https:\\\/\\\/cyberlogics.ao\\\/index.php\\\/shop-2\\\/\"},{\"@type\":\"ListItem\",\"position\":3,\"name\":\"Office 365 A3 1TB 5 usuarios PC\\\/Mac (Usuario+Password)\"}]},{\"@type\":\"WebSite\",\"@id\":\"https:\\\/\\\/cyberlogics.ao\\\/#website\",\"url\":\"https:\\\/\\\/cyberlogics.ao\\\/\",\"name\":\"Cyberlogics Technologies Angola\",\"description\":\"Loja Online de Licen\u00e7as de Softwares e Inform\u00e1tica\",\"publisher\":{\"@id\":\"https:\\\/\\\/cyberlogics.ao\\\/#organization\"},\"potentialAction\":[{\"@type\":\"SearchAction\",\"target\":{\"@type\":\"EntryPoint\",\"urlTemplate\":\"https:\\\/\\\/cyberlogics.ao\\\/?s={search_term_string}\"},\"query-input\":{\"@type\":\"PropertyValueSpecification\",\"valueRequired\":true,\"valueName\":\"search_term_string\"}}],\"inLanguage\":\"pt-PT\"},{\"@type\":\"Organization\",\"@id\":\"https:\\\/\\\/cyberlogics.ao\\\/#organization\",\"name\":\"Cyberlogics Ao Technologies - Loja Online de Licen\u00e7as de Softwares e Inform\u00e1tica\",\"url\":\"https:\\\/\\\/cyberlogics.ao\\\/\",\"logo\":{\"@type\":\"ImageObject\",\"inLanguage\":\"pt-PT\",\"@id\":\"https:\\\/\\\/cyberlogics.ao\\\/#\\\/schema\\\/logo\\\/image\\\/\",\"url\":\"https:\\\/\\\/cyberlogics.ao\\\/wp-content\\\/uploads\\\/2022\\\/04\\\/CT-logo.png\",\"contentUrl\":\"https:\\\/\\\/cyberlogics.ao\\\/wp-content\\\/uploads\\\/2022\\\/04\\\/CT-logo.png\",\"width\":190,\"height\":75,\"caption\":\"Cyberlogics Ao Technologies - Loja Online de Licen\u00e7as de Softwares e Inform\u00e1tica\"},\"image\":{\"@id\":\"https:\\\/\\\/cyberlogics.ao\\\/#\\\/schema\\\/logo\\\/image\\\/\"}}]}<\/script>\n<!-- \/ Yoast SEO plugin. -->","yoast_head_json":{"title":"Office 365 A3 1TB 5 usuarios PC\/Mac (Usuario+Password) - Cyberlogics Technologies Angola","description":"A Maior Loja Online de Angola de Licen\u00e7as Microsoft Office | Chaves Sistemas Operativos Windows | Antiv\u00edrus | Cloud Adobe | Inform\u00e1tica & Servidores | Softwares de Gest\u00e3o ERP | Gaming Hardware | UPS e Baterias & Muito Mais...","robots":{"index":"index","follow":"follow","max-snippet":"max-snippet:-1","max-image-preview":"max-image-preview:large","max-video-preview":"max-video-preview:-1"},"canonical":"https:\/\/cyberlogics.ao\/index.php\/product\/windows-11-professional\/","og_locale":"pt_PT","og_type":"article","og_title":"Office 365 A3 1TB 5 usuarios PC\/Mac (Usuario+Password) - Cyberlogics Technologies Angola","og_description":"A Maior Loja Online de Angola de Licen\u00e7as Microsoft Office | Chaves Sistemas Operativos Windows | Antiv\u00edrus | Cloud Adobe | Inform\u00e1tica & Servidores | Softwares de Gest\u00e3o ERP | Gaming Hardware | UPS e Baterias & Muito Mais...","og_url":"https:\/\/cyberlogics.ao\/index.php\/product\/windows-11-professional\/","og_site_name":"Cyberlogics Technologies Angola","article_modified_time":"2025-12-12T08:47:07+00:00","og_image":[{"width":600,"height":600,"url":"http:\/\/cyberlogics.ao\/wp-content\/uploads\/2022\/02\/office-365-proplus.webp","type":"image\/webp"}],"twitter_card":"summary_large_image","twitter_misc":{"Tempo estimado de leitura":"2 minutos"},"schema":{"@context":"https:\/\/schema.org","@graph":[{"@type":"WebPage","@id":"https:\/\/cyberlogics.ao\/index.php\/product\/windows-11-professional\/","url":"https:\/\/cyberlogics.ao\/index.php\/product\/windows-11-professional\/","name":"Office 365 A3 1TB 5 usuarios PC\/Mac (Usuario+Password) - Cyberlogics Technologies Angola","isPartOf":{"@id":"https:\/\/cyberlogics.ao\/#website"},"primaryImageOfPage":{"@id":"https:\/\/cyberlogics.ao\/index.php\/product\/windows-11-professional\/#primaryimage"},"image":{"@id":"https:\/\/cyberlogics.ao\/index.php\/product\/windows-11-professional\/#primaryimage"},"thumbnailUrl":"https:\/\/cyberlogics.ao\/wp-content\/uploads\/2022\/02\/office-365-proplus.webp","datePublished":"2022-02-19T15:32:46+00:00","dateModified":"2025-12-12T08:47:07+00:00","description":"A Maior Loja Online de Angola de Licen\u00e7as Microsoft Office | Chaves Sistemas Operativos Windows | Antiv\u00edrus | Cloud Adobe | Inform\u00e1tica & Servidores | Softwares de Gest\u00e3o ERP | Gaming Hardware | UPS e Baterias & Muito Mais...","breadcrumb":{"@id":"https:\/\/cyberlogics.ao\/index.php\/product\/windows-11-professional\/#breadcrumb"},"inLanguage":"pt-PT","potentialAction":[{"@type":"ReadAction","target":["https:\/\/cyberlogics.ao\/index.php\/product\/windows-11-professional\/"]}]},{"@type":"ImageObject","inLanguage":"pt-PT","@id":"https:\/\/cyberlogics.ao\/index.php\/product\/windows-11-professional\/#primaryimage","url":"https:\/\/cyberlogics.ao\/wp-content\/uploads\/2022\/02\/office-365-proplus.webp","contentUrl":"https:\/\/cyberlogics.ao\/wp-content\/uploads\/2022\/02\/office-365-proplus.webp","width":600,"height":600},{"@type":"BreadcrumbList","@id":"https:\/\/cyberlogics.ao\/index.php\/product\/windows-11-professional\/#breadcrumb","itemListElement":[{"@type":"ListItem","position":1,"name":"In\u00edcio","item":"https:\/\/cyberlogics.ao\/"},{"@type":"ListItem","position":2,"name":"Produtos","item":"https:\/\/cyberlogics.ao\/index.php\/shop-2\/"},{"@type":"ListItem","position":3,"name":"Office 365 A3 1TB 5 usuarios PC\/Mac (Usuario+Password)"}]},{"@type":"WebSite","@id":"https:\/\/cyberlogics.ao\/#website","url":"https:\/\/cyberlogics.ao\/","name":"Cyberlogics Technologies Angola","description":"Loja Online de Licen\u00e7as de Softwares e Inform\u00e1tica","publisher":{"@id":"https:\/\/cyberlogics.ao\/#organization"},"potentialAction":[{"@type":"SearchAction","target":{"@type":"EntryPoint","urlTemplate":"https:\/\/cyberlogics.ao\/?s={search_term_string}"},"query-input":{"@type":"PropertyValueSpecification","valueRequired":true,"valueName":"search_term_string"}}],"inLanguage":"pt-PT"},{"@type":"Organization","@id":"https:\/\/cyberlogics.ao\/#organization","name":"Cyberlogics Ao Technologies - Loja Online de Licen\u00e7as de Softwares e Inform\u00e1tica","url":"https:\/\/cyberlogics.ao\/","logo":{"@type":"ImageObject","inLanguage":"pt-PT","@id":"https:\/\/cyberlogics.ao\/#\/schema\/logo\/image\/","url":"https:\/\/cyberlogics.ao\/wp-content\/uploads\/2022\/04\/CT-logo.png","contentUrl":"https:\/\/cyberlogics.ao\/wp-content\/uploads\/2022\/04\/CT-logo.png","width":190,"height":75,"caption":"Cyberlogics Ao Technologies - Loja Online de Licen\u00e7as de Softwares e Inform\u00e1tica"},"image":{"@id":"https:\/\/cyberlogics.ao\/#\/schema\/logo\/image\/"}}]}},"_links":{"self":[{"href":"https:\/\/cyberlogics.ao\/index.php\/wp-json\/wp\/v2\/product\/5447","targetHints":{"allow":["GET"]}}],"collection":[{"href":"https:\/\/cyberlogics.ao\/index.php\/wp-json\/wp\/v2\/product"}],"about":[{"href":"https:\/\/cyberlogics.ao\/index.php\/wp-json\/wp\/v2\/types\/product"}],"replies":[{"embeddable":true,"href":"https:\/\/cyberlogics.ao\/index.php\/wp-json\/wp\/v2\/comments?post=5447"}],"wp:featuredmedia":[{"embeddable":true,"href":"https:\/\/cyberlogics.ao\/index.php\/wp-json\/wp\/v2\/media\/8761"}],"wp:attachment":[{"href":"https:\/\/cyberlogics.ao\/index.php\/wp-json\/wp\/v2\/media?parent=5447"}],"wp:term":[{"taxonomy":"product_brand","embeddable":true,"href":"https:\/\/cyberlogics.ao\/index.php\/wp-json\/wp\/v2\/product_brand?post=5447"},{"taxonomy":"product_cat","embeddable":true,"href":"https:\/\/cyberlogics.ao\/index.php\/wp-json\/wp\/v2\/product_cat?post=5447"},{"taxonomy":"product_tag","embeddable":true,"href":"https:\/\/cyberlogics.ao\/index.php\/wp-json\/wp\/v2\/product_tag?post=5447"}],"curies":[{"name":"wp","href":"https:\/\/api.w.org\/{rel}","templated":true}]}}