{"id":5451,"date":"2022-02-19T15:37:38","date_gmt":"2022-02-19T15:37:38","guid":{"rendered":"http:\/\/aplusintelligence.ctechnology.ao\/?post_type=product&#038;p=5451"},"modified":"2023-03-22T10:50:49","modified_gmt":"2023-03-22T10:50:49","slug":"microsoft-office-2019-home-and-student","status":"publish","type":"product","link":"https:\/\/cyberlogics.ao\/index.php\/product\/microsoft-office-2019-home-and-student\/","title":{"rendered":"Microsoft Office 2019 Home &amp; Business"},"content":{"rendered":"<p><strong>Microsoft Office Home &amp; Business 2019\u00a0<\/strong><\/p>\n<p>\u2013 Compra \u00fanica para 1 dispositivo<br \/>\n\u2013 Requisitos do sistema: MAC OS<br \/>\n\u2013 Vers\u00f5es cl\u00e1ssicas de 2019 do Word, Excel, PowerPoint e Outlook, mais Onenote para Windows 10<br \/>\n\u2013 Instala\u00e7\u00e3o em 1 MAC<br \/>\n\u2013 Suporte Microsoft inclu\u00eddo por 60 dias sem custo extra<br \/>\n\u2013 Licenciado para uso dom\u00e9stico e comercial<\/p>\n<p><img decoding=\"async\" src=\"https:\/\/i0.wp.com\/centrecomstatic.s3.amazonaws.com\/images\/editor\/image\/20181003\/20181003124547_0080.png?w=1020&amp;ssl=1\" alt=\"MS Office Home Business\" data-recalc-dims=\"1\" \/><\/p>\n<p>&nbsp;<\/p>\n<p><b>Obtenha as vers\u00f5es cl\u00e1ssicas de aplicativos do Office<\/b>\u00a0Para fam\u00edlias e pequenas empresas que desejam aplicativos cl\u00e1ssicos do Office e e-mail instalados em um MAC para uso em casa ou no trabalho.<b><br \/>\n<\/b><\/p>\n<p>&nbsp;<\/p>\n<p><b>Office 2019 Excel<\/b>\u00a0Office 2019 Excel enriquece suas apresenta\u00e7\u00f5es com melhor dimensionamento, novos tipos de gr\u00e1ficos e mais elementos projetados para identificar insights, tend\u00eancias e oportunidades para potencializar seus dados.\u00a0Al\u00e9m disso, usando o tipo de gr\u00e1fico visual, TimeLine, voc\u00ea pode mostrar uma s\u00e9rie de eventos em ordem cronol\u00f3gica ao longo de uma progress\u00e3o linear de tempo.<b><br \/>\n<\/b><\/p>\n<p><img fetchpriority=\"high\" decoding=\"async\" src=\"https:\/\/i0.wp.com\/centrecomstatic.s3.amazonaws.com\/images\/editor\/image\/20181003\/20181003124617_3358.png?w=1020&amp;ssl=1\" alt=\"MS Office Home Business\" width=\"452\" height=\"398\" \/><\/p>\n<p>&nbsp;<\/p>\n<p><b>Office 2019 Outlook<\/b>\u00a0Office 2019 Outlook oferece novos recursos inteligentes e empolgantes, permitindo que voc\u00ea alcance mais, incluindo destacar os principais contatos ao adicionar o s\u00edmbolo @ ao lado de seu nome no conte\u00fado de um e-mail ou item de calend\u00e1rio, verificar reservas de viagens e entrega de pacotes com facilidade, enquanto a caixa de entrada focada ajuda a priorizar seus e-mails mais importantes.<b><br \/>\n<\/b><\/p>\n<p><img decoding=\"async\" src=\"https:\/\/i0.wp.com\/centrecomstatic.s3.amazonaws.com\/images\/editor\/image\/20181003\/20181003124643_8045.png?w=1020&amp;ssl=1\" alt=\"MS Office Home Business\" width=\"446\" height=\"398\" \/><\/p>\n<p>&nbsp;<\/p>\n<p><b>Powerpoint Zoom<\/b>\u00a0Com o PowerPoint Zoom, a narra\u00e7\u00e3o de hist\u00f3rias atinge um n\u00edvel totalmente novo, apresentando narrativas n\u00e3o lineares usando slides de resumo interativos.\u00a0O zoom oferece maior flexibilidade, permitindo que voc\u00ea mantenha sua narrativa sem sair do modo de apresenta\u00e7\u00e3o \u2013 mantendo o p\u00fablico mais focado, enquanto o efeito de zoom cativa sua aten\u00e7\u00e3o.<b><br \/>\n<\/b><\/p>\n<p><img decoding=\"async\" src=\"https:\/\/i0.wp.com\/centrecomstatic.s3.amazonaws.com\/images\/editor\/image\/20181003\/20181003124706_3441.png?w=1020&amp;ssl=1\" alt=\"MS Office Home Business\" data-recalc-dims=\"1\" \/><\/p>\n","protected":false},"excerpt":{"rendered":"<p>O essencial para fazer tudo. O Office Home and Student 2019 \u00e9 para estudantes e fam\u00edlias que desejam aplicativos cl\u00e1ssicos do Office, incluindo: Word, Excel, PowerPoint e OneNote.<\/p>\n<p>Vers\u00e3o 100% original.<br \/>\nFunciona em PC com Windows<br \/>\nVital\u00edcia eficaz<\/p>\n","protected":false},"featured_media":5452,"comment_status":"closed","ping_status":"closed","template":"","meta":{"_joinchat":[]},"product_brand":[],"product_cat":[244],"product_tag":[],"class_list":{"0":"post-5451","1":"product","2":"type-product","3":"status-publish","4":"has-post-thumbnail","6":"product_cat-microsoft-office-win-mac","8":"first","9":"instock","10":"shipping-taxable","11":"purchasable","12":"product-type-simple"},"yoast_head":"<!-- This site is optimized with the Yoast SEO plugin v27.4 - https:\/\/yoast.com\/product\/yoast-seo-wordpress\/ -->\n<title>Microsoft Office 2019 Home &amp; Business - Cyberlogics Technologies Angola<\/title>\n<meta name=\"description\" content=\"A Maior Loja Online de Angola de Licen\u00e7as Microsoft Office | Chaves Sistemas Operativos Windows | Antiv\u00edrus | Cloud Adobe | Inform\u00e1tica &amp; Servidores | Softwares de Gest\u00e3o ERP | Gaming Hardware | UPS e Baterias &amp; Muito Mais...\" \/>\n<meta name=\"robots\" content=\"index, follow, max-snippet:-1, max-image-preview:large, max-video-preview:-1\" \/>\n<link rel=\"canonical\" href=\"https:\/\/cyberlogics.ao\/index.php\/product\/microsoft-office-2019-home-and-student\/\" \/>\n<meta property=\"og:locale\" content=\"pt_PT\" \/>\n<meta property=\"og:type\" content=\"article\" \/>\n<meta property=\"og:title\" content=\"Microsoft Office 2019 Home &amp; Business - Cyberlogics Technologies Angola\" \/>\n<meta property=\"og:description\" content=\"A Maior Loja Online de Angola de Licen\u00e7as Microsoft Office | Chaves Sistemas Operativos Windows | Antiv\u00edrus | Cloud Adobe | Inform\u00e1tica &amp; Servidores | Softwares de Gest\u00e3o ERP | Gaming Hardware | UPS e Baterias &amp; Muito Mais...\" \/>\n<meta property=\"og:url\" content=\"https:\/\/cyberlogics.ao\/index.php\/product\/microsoft-office-2019-home-and-student\/\" \/>\n<meta property=\"og:site_name\" content=\"Cyberlogics Technologies Angola\" \/>\n<meta property=\"article:modified_time\" content=\"2023-03-22T10:50:49+00:00\" \/>\n<meta property=\"og:image\" content=\"http:\/\/cyberlogics.ao\/wp-content\/uploads\/2022\/02\/home-office-2019-2.png\" \/>\n\t<meta property=\"og:image:width\" content=\"600\" \/>\n\t<meta property=\"og:image:height\" content=\"600\" \/>\n\t<meta property=\"og:image:type\" content=\"image\/png\" \/>\n<meta name=\"twitter:card\" content=\"summary_large_image\" \/>\n<meta name=\"twitter:label1\" content=\"Tempo estimado de leitura\" \/>\n\t<meta name=\"twitter:data1\" content=\"1 minuto\" \/>\n<script type=\"application\/ld+json\" class=\"yoast-schema-graph\">{\"@context\":\"https:\\\/\\\/schema.org\",\"@graph\":[{\"@type\":\"WebPage\",\"@id\":\"https:\\\/\\\/cyberlogics.ao\\\/index.php\\\/product\\\/microsoft-office-2019-home-and-student\\\/\",\"url\":\"https:\\\/\\\/cyberlogics.ao\\\/index.php\\\/product\\\/microsoft-office-2019-home-and-student\\\/\",\"name\":\"Microsoft Office 2019 Home &amp; Business - Cyberlogics Technologies Angola\",\"isPartOf\":{\"@id\":\"https:\\\/\\\/cyberlogics.ao\\\/#website\"},\"primaryImageOfPage\":{\"@id\":\"https:\\\/\\\/cyberlogics.ao\\\/index.php\\\/product\\\/microsoft-office-2019-home-and-student\\\/#primaryimage\"},\"image\":{\"@id\":\"https:\\\/\\\/cyberlogics.ao\\\/index.php\\\/product\\\/microsoft-office-2019-home-and-student\\\/#primaryimage\"},\"thumbnailUrl\":\"https:\\\/\\\/cyberlogics.ao\\\/wp-content\\\/uploads\\\/2022\\\/02\\\/home-office-2019-2.png\",\"datePublished\":\"2022-02-19T15:37:38+00:00\",\"dateModified\":\"2023-03-22T10:50:49+00:00\",\"description\":\"A Maior Loja Online de Angola de Licen\u00e7as Microsoft Office | Chaves Sistemas Operativos Windows | Antiv\u00edrus | Cloud Adobe | Inform\u00e1tica & Servidores | Softwares de Gest\u00e3o ERP | Gaming Hardware | UPS e Baterias & Muito Mais...\",\"breadcrumb\":{\"@id\":\"https:\\\/\\\/cyberlogics.ao\\\/index.php\\\/product\\\/microsoft-office-2019-home-and-student\\\/#breadcrumb\"},\"inLanguage\":\"pt-PT\",\"potentialAction\":[{\"@type\":\"ReadAction\",\"target\":[\"https:\\\/\\\/cyberlogics.ao\\\/index.php\\\/product\\\/microsoft-office-2019-home-and-student\\\/\"]}]},{\"@type\":\"ImageObject\",\"inLanguage\":\"pt-PT\",\"@id\":\"https:\\\/\\\/cyberlogics.ao\\\/index.php\\\/product\\\/microsoft-office-2019-home-and-student\\\/#primaryimage\",\"url\":\"https:\\\/\\\/cyberlogics.ao\\\/wp-content\\\/uploads\\\/2022\\\/02\\\/home-office-2019-2.png\",\"contentUrl\":\"https:\\\/\\\/cyberlogics.ao\\\/wp-content\\\/uploads\\\/2022\\\/02\\\/home-office-2019-2.png\",\"width\":600,\"height\":600},{\"@type\":\"BreadcrumbList\",\"@id\":\"https:\\\/\\\/cyberlogics.ao\\\/index.php\\\/product\\\/microsoft-office-2019-home-and-student\\\/#breadcrumb\",\"itemListElement\":[{\"@type\":\"ListItem\",\"position\":1,\"name\":\"In\u00edcio\",\"item\":\"https:\\\/\\\/cyberlogics.ao\\\/\"},{\"@type\":\"ListItem\",\"position\":2,\"name\":\"Produtos\",\"item\":\"https:\\\/\\\/cyberlogics.ao\\\/index.php\\\/shop-2\\\/\"},{\"@type\":\"ListItem\",\"position\":3,\"name\":\"Microsoft Office 2019 Home &amp; Business\"}]},{\"@type\":\"WebSite\",\"@id\":\"https:\\\/\\\/cyberlogics.ao\\\/#website\",\"url\":\"https:\\\/\\\/cyberlogics.ao\\\/\",\"name\":\"Cyberlogics Technologies Angola\",\"description\":\"Loja Online de Licen\u00e7as de Softwares e Inform\u00e1tica\",\"publisher\":{\"@id\":\"https:\\\/\\\/cyberlogics.ao\\\/#organization\"},\"potentialAction\":[{\"@type\":\"SearchAction\",\"target\":{\"@type\":\"EntryPoint\",\"urlTemplate\":\"https:\\\/\\\/cyberlogics.ao\\\/?s={search_term_string}\"},\"query-input\":{\"@type\":\"PropertyValueSpecification\",\"valueRequired\":true,\"valueName\":\"search_term_string\"}}],\"inLanguage\":\"pt-PT\"},{\"@type\":\"Organization\",\"@id\":\"https:\\\/\\\/cyberlogics.ao\\\/#organization\",\"name\":\"Cyberlogics Ao Technologies - Loja Online de Licen\u00e7as de Softwares e Inform\u00e1tica\",\"url\":\"https:\\\/\\\/cyberlogics.ao\\\/\",\"logo\":{\"@type\":\"ImageObject\",\"inLanguage\":\"pt-PT\",\"@id\":\"https:\\\/\\\/cyberlogics.ao\\\/#\\\/schema\\\/logo\\\/image\\\/\",\"url\":\"https:\\\/\\\/cyberlogics.ao\\\/wp-content\\\/uploads\\\/2022\\\/04\\\/CT-logo.png\",\"contentUrl\":\"https:\\\/\\\/cyberlogics.ao\\\/wp-content\\\/uploads\\\/2022\\\/04\\\/CT-logo.png\",\"width\":190,\"height\":75,\"caption\":\"Cyberlogics Ao Technologies - Loja Online de Licen\u00e7as de Softwares e Inform\u00e1tica\"},\"image\":{\"@id\":\"https:\\\/\\\/cyberlogics.ao\\\/#\\\/schema\\\/logo\\\/image\\\/\"}}]}<\/script>\n<!-- \/ Yoast SEO plugin. -->","yoast_head_json":{"title":"Microsoft Office 2019 Home &amp; Business - Cyberlogics Technologies Angola","description":"A Maior Loja Online de Angola de Licen\u00e7as Microsoft Office | Chaves Sistemas Operativos Windows | Antiv\u00edrus | Cloud Adobe | Inform\u00e1tica & Servidores | Softwares de Gest\u00e3o ERP | Gaming Hardware | UPS e Baterias & Muito Mais...","robots":{"index":"index","follow":"follow","max-snippet":"max-snippet:-1","max-image-preview":"max-image-preview:large","max-video-preview":"max-video-preview:-1"},"canonical":"https:\/\/cyberlogics.ao\/index.php\/product\/microsoft-office-2019-home-and-student\/","og_locale":"pt_PT","og_type":"article","og_title":"Microsoft Office 2019 Home &amp; Business - Cyberlogics Technologies Angola","og_description":"A Maior Loja Online de Angola de Licen\u00e7as Microsoft Office | Chaves Sistemas Operativos Windows | Antiv\u00edrus | Cloud Adobe | Inform\u00e1tica & Servidores | Softwares de Gest\u00e3o ERP | Gaming Hardware | UPS e Baterias & Muito Mais...","og_url":"https:\/\/cyberlogics.ao\/index.php\/product\/microsoft-office-2019-home-and-student\/","og_site_name":"Cyberlogics Technologies Angola","article_modified_time":"2023-03-22T10:50:49+00:00","og_image":[{"width":600,"height":600,"url":"http:\/\/cyberlogics.ao\/wp-content\/uploads\/2022\/02\/home-office-2019-2.png","type":"image\/png"}],"twitter_card":"summary_large_image","twitter_misc":{"Tempo estimado de leitura":"1 minuto"},"schema":{"@context":"https:\/\/schema.org","@graph":[{"@type":"WebPage","@id":"https:\/\/cyberlogics.ao\/index.php\/product\/microsoft-office-2019-home-and-student\/","url":"https:\/\/cyberlogics.ao\/index.php\/product\/microsoft-office-2019-home-and-student\/","name":"Microsoft Office 2019 Home &amp; Business - Cyberlogics Technologies Angola","isPartOf":{"@id":"https:\/\/cyberlogics.ao\/#website"},"primaryImageOfPage":{"@id":"https:\/\/cyberlogics.ao\/index.php\/product\/microsoft-office-2019-home-and-student\/#primaryimage"},"image":{"@id":"https:\/\/cyberlogics.ao\/index.php\/product\/microsoft-office-2019-home-and-student\/#primaryimage"},"thumbnailUrl":"https:\/\/cyberlogics.ao\/wp-content\/uploads\/2022\/02\/home-office-2019-2.png","datePublished":"2022-02-19T15:37:38+00:00","dateModified":"2023-03-22T10:50:49+00:00","description":"A Maior Loja Online de Angola de Licen\u00e7as Microsoft Office | Chaves Sistemas Operativos Windows | Antiv\u00edrus | Cloud Adobe | Inform\u00e1tica & Servidores | Softwares de Gest\u00e3o ERP | Gaming Hardware | UPS e Baterias & Muito Mais...","breadcrumb":{"@id":"https:\/\/cyberlogics.ao\/index.php\/product\/microsoft-office-2019-home-and-student\/#breadcrumb"},"inLanguage":"pt-PT","potentialAction":[{"@type":"ReadAction","target":["https:\/\/cyberlogics.ao\/index.php\/product\/microsoft-office-2019-home-and-student\/"]}]},{"@type":"ImageObject","inLanguage":"pt-PT","@id":"https:\/\/cyberlogics.ao\/index.php\/product\/microsoft-office-2019-home-and-student\/#primaryimage","url":"https:\/\/cyberlogics.ao\/wp-content\/uploads\/2022\/02\/home-office-2019-2.png","contentUrl":"https:\/\/cyberlogics.ao\/wp-content\/uploads\/2022\/02\/home-office-2019-2.png","width":600,"height":600},{"@type":"BreadcrumbList","@id":"https:\/\/cyberlogics.ao\/index.php\/product\/microsoft-office-2019-home-and-student\/#breadcrumb","itemListElement":[{"@type":"ListItem","position":1,"name":"In\u00edcio","item":"https:\/\/cyberlogics.ao\/"},{"@type":"ListItem","position":2,"name":"Produtos","item":"https:\/\/cyberlogics.ao\/index.php\/shop-2\/"},{"@type":"ListItem","position":3,"name":"Microsoft Office 2019 Home &amp; Business"}]},{"@type":"WebSite","@id":"https:\/\/cyberlogics.ao\/#website","url":"https:\/\/cyberlogics.ao\/","name":"Cyberlogics Technologies Angola","description":"Loja Online de Licen\u00e7as de Softwares e Inform\u00e1tica","publisher":{"@id":"https:\/\/cyberlogics.ao\/#organization"},"potentialAction":[{"@type":"SearchAction","target":{"@type":"EntryPoint","urlTemplate":"https:\/\/cyberlogics.ao\/?s={search_term_string}"},"query-input":{"@type":"PropertyValueSpecification","valueRequired":true,"valueName":"search_term_string"}}],"inLanguage":"pt-PT"},{"@type":"Organization","@id":"https:\/\/cyberlogics.ao\/#organization","name":"Cyberlogics Ao Technologies - Loja Online de Licen\u00e7as de Softwares e Inform\u00e1tica","url":"https:\/\/cyberlogics.ao\/","logo":{"@type":"ImageObject","inLanguage":"pt-PT","@id":"https:\/\/cyberlogics.ao\/#\/schema\/logo\/image\/","url":"https:\/\/cyberlogics.ao\/wp-content\/uploads\/2022\/04\/CT-logo.png","contentUrl":"https:\/\/cyberlogics.ao\/wp-content\/uploads\/2022\/04\/CT-logo.png","width":190,"height":75,"caption":"Cyberlogics Ao Technologies - Loja Online de Licen\u00e7as de Softwares e Inform\u00e1tica"},"image":{"@id":"https:\/\/cyberlogics.ao\/#\/schema\/logo\/image\/"}}]}},"_links":{"self":[{"href":"https:\/\/cyberlogics.ao\/index.php\/wp-json\/wp\/v2\/product\/5451","targetHints":{"allow":["GET"]}}],"collection":[{"href":"https:\/\/cyberlogics.ao\/index.php\/wp-json\/wp\/v2\/product"}],"about":[{"href":"https:\/\/cyberlogics.ao\/index.php\/wp-json\/wp\/v2\/types\/product"}],"replies":[{"embeddable":true,"href":"https:\/\/cyberlogics.ao\/index.php\/wp-json\/wp\/v2\/comments?post=5451"}],"wp:featuredmedia":[{"embeddable":true,"href":"https:\/\/cyberlogics.ao\/index.php\/wp-json\/wp\/v2\/media\/5452"}],"wp:attachment":[{"href":"https:\/\/cyberlogics.ao\/index.php\/wp-json\/wp\/v2\/media?parent=5451"}],"wp:term":[{"taxonomy":"product_brand","embeddable":true,"href":"https:\/\/cyberlogics.ao\/index.php\/wp-json\/wp\/v2\/product_brand?post=5451"},{"taxonomy":"product_cat","embeddable":true,"href":"https:\/\/cyberlogics.ao\/index.php\/wp-json\/wp\/v2\/product_cat?post=5451"},{"taxonomy":"product_tag","embeddable":true,"href":"https:\/\/cyberlogics.ao\/index.php\/wp-json\/wp\/v2\/product_tag?post=5451"}],"curies":[{"name":"wp","href":"https:\/\/api.w.org\/{rel}","templated":true}]}}