{"id":5453,"date":"2022-02-19T15:39:22","date_gmt":"2022-02-19T15:39:22","guid":{"rendered":"http:\/\/aplusintelligence.ctechnology.ao\/?post_type=product&#038;p=5453"},"modified":"2023-03-22T10:50:33","modified_gmt":"2023-03-22T10:50:33","slug":"kaspersky-antivirus-internet-security-4-dispositivos","status":"publish","type":"product","link":"https:\/\/cyberlogics.ao\/index.php\/product\/kaspersky-antivirus-internet-security-4-dispositivos\/","title":{"rendered":"Kaspersky Antivirus Internet Security 5 Dispositivos"},"content":{"rendered":"<p>A vers\u00e3o mais recente inclui um recurso de \u201cNavega\u00e7\u00e3o privada\u201d que funciona com Chrome, Firefox e Internet Explorer para impedir que sites rastreiem suas atividades.<br \/>\nKaspersky Internet Security 2022 \u2013 oferece prote\u00e7\u00e3o premium contra v\u00edrus, cavalos de Troia, spam, hackers e muito mais. Sua abordagem h\u00edbrida de ponta para seguran\u00e7a digital combina tecnologias inovadoras baseadas na nuvem com prote\u00e7\u00e3o antiv\u00edrus avan\u00e7ada para fornecer uma resposta mais r\u00e1pida e eficaz \u00e0s amea\u00e7as complexas e em constante evolu\u00e7\u00e3o de hoje. Voc\u00ea, seus dados privados e o PC est\u00e3o completamente protegidos enquanto trabalha, deposita, compra e joga online.<br \/>\nRecursos<br \/>\n1) Protege sua privacidade, seu dinheiro e seus filhos dos riscos da Internet<br \/>\n2) Protege seu PC contra as amea\u00e7as atuais da Internet<br \/>\n3) Adiciona seguran\u00e7a extra para compras e servi\u00e7os banc\u00e1rios on-line<br \/>\n4) Protege sua privacidade e informa\u00e7\u00f5es pessoais<br \/>\n5) Ajuda a proteger seus filhos contra amea\u00e7as online<br \/>\n6) Combina seguran\u00e7a superior e desempenho otimizado Tecnologia Unique Safe Money<br \/>\n7) Fornece camadas adicionais de prote\u00e7\u00e3o durante transa\u00e7\u00f5es financeiras, como transa\u00e7\u00f5es banc\u00e1rias e compras on-line e uso de sistemas de pagamento.<br \/>\n8) Combina tecnologias inovadoras baseadas na nuvem com prote\u00e7\u00e3o antiv\u00edrus avan\u00e7ada para garantir que voc\u00ea esteja sempre seguro das amea\u00e7as mais recentes.<br \/>\n9) Utiliza os dados mais recentes da nuvem, tecnologias anti-phishing e um modo de teclado seguro para impedir que seus dados pessoais sejam roubados.<br \/>\n10) Aconselha voc\u00ea sobre a seguran\u00e7a dos links dos resultados de pesquisa e bloqueia sites maliciosos e phishing.<br \/>\n11) Ajuda a garantir que seus filhos sejam seguros e respons\u00e1veis \u200b\u200bon-line enquanto navegam na Web, jogam e desfrutam de redes sociais.<\/p>\n","protected":false},"excerpt":{"rendered":"<p>A vers\u00e3o mais recente inclui um recurso de \u201cNavega\u00e7\u00e3o privada\u201d que funciona com Chrome, Firefox e Internet Explorer para impedir que sites rastreiem suas atividades.<\/p>\n","protected":false},"featured_media":5454,"comment_status":"closed","ping_status":"closed","template":"","meta":{"_joinchat":[]},"product_brand":[],"product_cat":[246,256],"product_tag":[],"class_list":{"0":"post-5453","1":"product","2":"type-product","3":"status-publish","4":"has-post-thumbnail","6":"product_cat-antivirus","7":"product_cat-kaspersky","9":"first","10":"instock","11":"shipping-taxable","12":"purchasable","13":"product-type-simple"},"yoast_head":"<!-- This site is optimized with the Yoast SEO plugin v27.3 - https:\/\/yoast.com\/product\/yoast-seo-wordpress\/ -->\n<title>Kaspersky Antivirus Internet Security 5 Dispositivos - Cyberlogics Technologies Angola<\/title>\n<meta name=\"description\" content=\"A Maior Loja Online de Angola de Licen\u00e7as Microsoft Office | Chaves Sistemas Operativos Windows | Antiv\u00edrus | Cloud Adobe | Inform\u00e1tica &amp; Servidores | Softwares de Gest\u00e3o ERP | Gaming Hardware | UPS e Baterias &amp; Muito Mais...\" \/>\n<meta name=\"robots\" content=\"index, follow, max-snippet:-1, max-image-preview:large, max-video-preview:-1\" \/>\n<link rel=\"canonical\" href=\"https:\/\/cyberlogics.ao\/index.php\/product\/kaspersky-antivirus-internet-security-4-dispositivos\/\" \/>\n<meta property=\"og:locale\" content=\"pt_PT\" \/>\n<meta property=\"og:type\" content=\"article\" \/>\n<meta property=\"og:title\" content=\"Kaspersky Antivirus Internet Security 5 Dispositivos - Cyberlogics Technologies Angola\" \/>\n<meta property=\"og:description\" content=\"A Maior Loja Online de Angola de Licen\u00e7as Microsoft Office | Chaves Sistemas Operativos Windows | Antiv\u00edrus | Cloud Adobe | Inform\u00e1tica &amp; Servidores | Softwares de Gest\u00e3o ERP | Gaming Hardware | UPS e Baterias &amp; Muito Mais...\" \/>\n<meta property=\"og:url\" content=\"https:\/\/cyberlogics.ao\/index.php\/product\/kaspersky-antivirus-internet-security-4-dispositivos\/\" \/>\n<meta property=\"og:site_name\" content=\"Cyberlogics Technologies Angola\" \/>\n<meta property=\"article:modified_time\" content=\"2023-03-22T10:50:33+00:00\" \/>\n<meta property=\"og:image\" content=\"http:\/\/cyberlogics.ao\/wp-content\/uploads\/2022\/02\/sw-antivirus-kaspersky-isec-4-dispositivos.jpg\" \/>\n\t<meta property=\"og:image:width\" content=\"800\" \/>\n\t<meta property=\"og:image:height\" content=\"800\" \/>\n\t<meta property=\"og:image:type\" content=\"image\/jpeg\" \/>\n<meta name=\"twitter:card\" content=\"summary_large_image\" \/>\n<meta name=\"twitter:label1\" content=\"Tempo estimado de leitura\" \/>\n\t<meta name=\"twitter:data1\" content=\"1 minuto\" \/>\n<script type=\"application\/ld+json\" class=\"yoast-schema-graph\">{\"@context\":\"https:\\\/\\\/schema.org\",\"@graph\":[{\"@type\":\"WebPage\",\"@id\":\"https:\\\/\\\/cyberlogics.ao\\\/index.php\\\/product\\\/kaspersky-antivirus-internet-security-4-dispositivos\\\/\",\"url\":\"https:\\\/\\\/cyberlogics.ao\\\/index.php\\\/product\\\/kaspersky-antivirus-internet-security-4-dispositivos\\\/\",\"name\":\"Kaspersky Antivirus Internet Security 5 Dispositivos - Cyberlogics Technologies Angola\",\"isPartOf\":{\"@id\":\"https:\\\/\\\/cyberlogics.ao\\\/#website\"},\"primaryImageOfPage\":{\"@id\":\"https:\\\/\\\/cyberlogics.ao\\\/index.php\\\/product\\\/kaspersky-antivirus-internet-security-4-dispositivos\\\/#primaryimage\"},\"image\":{\"@id\":\"https:\\\/\\\/cyberlogics.ao\\\/index.php\\\/product\\\/kaspersky-antivirus-internet-security-4-dispositivos\\\/#primaryimage\"},\"thumbnailUrl\":\"https:\\\/\\\/cyberlogics.ao\\\/wp-content\\\/uploads\\\/2022\\\/02\\\/sw-antivirus-kaspersky-isec-4-dispositivos.jpg\",\"datePublished\":\"2022-02-19T15:39:22+00:00\",\"dateModified\":\"2023-03-22T10:50:33+00:00\",\"description\":\"A Maior Loja Online de Angola de Licen\u00e7as Microsoft Office | Chaves Sistemas Operativos Windows | Antiv\u00edrus | Cloud Adobe | Inform\u00e1tica & Servidores | Softwares de Gest\u00e3o ERP | Gaming Hardware | UPS e Baterias & Muito Mais...\",\"breadcrumb\":{\"@id\":\"https:\\\/\\\/cyberlogics.ao\\\/index.php\\\/product\\\/kaspersky-antivirus-internet-security-4-dispositivos\\\/#breadcrumb\"},\"inLanguage\":\"pt-PT\",\"potentialAction\":[{\"@type\":\"ReadAction\",\"target\":[\"https:\\\/\\\/cyberlogics.ao\\\/index.php\\\/product\\\/kaspersky-antivirus-internet-security-4-dispositivos\\\/\"]}]},{\"@type\":\"ImageObject\",\"inLanguage\":\"pt-PT\",\"@id\":\"https:\\\/\\\/cyberlogics.ao\\\/index.php\\\/product\\\/kaspersky-antivirus-internet-security-4-dispositivos\\\/#primaryimage\",\"url\":\"https:\\\/\\\/cyberlogics.ao\\\/wp-content\\\/uploads\\\/2022\\\/02\\\/sw-antivirus-kaspersky-isec-4-dispositivos.jpg\",\"contentUrl\":\"https:\\\/\\\/cyberlogics.ao\\\/wp-content\\\/uploads\\\/2022\\\/02\\\/sw-antivirus-kaspersky-isec-4-dispositivos.jpg\",\"width\":800,\"height\":800},{\"@type\":\"BreadcrumbList\",\"@id\":\"https:\\\/\\\/cyberlogics.ao\\\/index.php\\\/product\\\/kaspersky-antivirus-internet-security-4-dispositivos\\\/#breadcrumb\",\"itemListElement\":[{\"@type\":\"ListItem\",\"position\":1,\"name\":\"In\u00edcio\",\"item\":\"https:\\\/\\\/cyberlogics.ao\\\/\"},{\"@type\":\"ListItem\",\"position\":2,\"name\":\"Produtos\",\"item\":\"https:\\\/\\\/cyberlogics.ao\\\/index.php\\\/shop-2\\\/\"},{\"@type\":\"ListItem\",\"position\":3,\"name\":\"Kaspersky Antivirus Internet Security 5 Dispositivos\"}]},{\"@type\":\"WebSite\",\"@id\":\"https:\\\/\\\/cyberlogics.ao\\\/#website\",\"url\":\"https:\\\/\\\/cyberlogics.ao\\\/\",\"name\":\"Cyberlogics Technologies Angola\",\"description\":\"Loja Online de Licen\u00e7as de Softwares e Inform\u00e1tica\",\"publisher\":{\"@id\":\"https:\\\/\\\/cyberlogics.ao\\\/#organization\"},\"potentialAction\":[{\"@type\":\"SearchAction\",\"target\":{\"@type\":\"EntryPoint\",\"urlTemplate\":\"https:\\\/\\\/cyberlogics.ao\\\/?s={search_term_string}\"},\"query-input\":{\"@type\":\"PropertyValueSpecification\",\"valueRequired\":true,\"valueName\":\"search_term_string\"}}],\"inLanguage\":\"pt-PT\"},{\"@type\":\"Organization\",\"@id\":\"https:\\\/\\\/cyberlogics.ao\\\/#organization\",\"name\":\"Cyberlogics Ao Technologies - Loja Online de Licen\u00e7as de Softwares e Inform\u00e1tica\",\"url\":\"https:\\\/\\\/cyberlogics.ao\\\/\",\"logo\":{\"@type\":\"ImageObject\",\"inLanguage\":\"pt-PT\",\"@id\":\"https:\\\/\\\/cyberlogics.ao\\\/#\\\/schema\\\/logo\\\/image\\\/\",\"url\":\"https:\\\/\\\/cyberlogics.ao\\\/wp-content\\\/uploads\\\/2022\\\/04\\\/CT-logo.png\",\"contentUrl\":\"https:\\\/\\\/cyberlogics.ao\\\/wp-content\\\/uploads\\\/2022\\\/04\\\/CT-logo.png\",\"width\":190,\"height\":75,\"caption\":\"Cyberlogics Ao Technologies - Loja Online de Licen\u00e7as de Softwares e Inform\u00e1tica\"},\"image\":{\"@id\":\"https:\\\/\\\/cyberlogics.ao\\\/#\\\/schema\\\/logo\\\/image\\\/\"}}]}<\/script>\n<!-- \/ Yoast SEO plugin. -->","yoast_head_json":{"title":"Kaspersky Antivirus Internet Security 5 Dispositivos - Cyberlogics Technologies Angola","description":"A Maior Loja Online de Angola de Licen\u00e7as Microsoft Office | Chaves Sistemas Operativos Windows | Antiv\u00edrus | Cloud Adobe | Inform\u00e1tica & Servidores | Softwares de Gest\u00e3o ERP | Gaming Hardware | UPS e Baterias & Muito Mais...","robots":{"index":"index","follow":"follow","max-snippet":"max-snippet:-1","max-image-preview":"max-image-preview:large","max-video-preview":"max-video-preview:-1"},"canonical":"https:\/\/cyberlogics.ao\/index.php\/product\/kaspersky-antivirus-internet-security-4-dispositivos\/","og_locale":"pt_PT","og_type":"article","og_title":"Kaspersky Antivirus Internet Security 5 Dispositivos - Cyberlogics Technologies Angola","og_description":"A Maior Loja Online de Angola de Licen\u00e7as Microsoft Office | Chaves Sistemas Operativos Windows | Antiv\u00edrus | Cloud Adobe | Inform\u00e1tica & Servidores | Softwares de Gest\u00e3o ERP | Gaming Hardware | UPS e Baterias & Muito Mais...","og_url":"https:\/\/cyberlogics.ao\/index.php\/product\/kaspersky-antivirus-internet-security-4-dispositivos\/","og_site_name":"Cyberlogics Technologies Angola","article_modified_time":"2023-03-22T10:50:33+00:00","og_image":[{"width":800,"height":800,"url":"http:\/\/cyberlogics.ao\/wp-content\/uploads\/2022\/02\/sw-antivirus-kaspersky-isec-4-dispositivos.jpg","type":"image\/jpeg"}],"twitter_card":"summary_large_image","twitter_misc":{"Tempo estimado de leitura":"1 minuto"},"schema":{"@context":"https:\/\/schema.org","@graph":[{"@type":"WebPage","@id":"https:\/\/cyberlogics.ao\/index.php\/product\/kaspersky-antivirus-internet-security-4-dispositivos\/","url":"https:\/\/cyberlogics.ao\/index.php\/product\/kaspersky-antivirus-internet-security-4-dispositivos\/","name":"Kaspersky Antivirus Internet Security 5 Dispositivos - Cyberlogics Technologies Angola","isPartOf":{"@id":"https:\/\/cyberlogics.ao\/#website"},"primaryImageOfPage":{"@id":"https:\/\/cyberlogics.ao\/index.php\/product\/kaspersky-antivirus-internet-security-4-dispositivos\/#primaryimage"},"image":{"@id":"https:\/\/cyberlogics.ao\/index.php\/product\/kaspersky-antivirus-internet-security-4-dispositivos\/#primaryimage"},"thumbnailUrl":"https:\/\/cyberlogics.ao\/wp-content\/uploads\/2022\/02\/sw-antivirus-kaspersky-isec-4-dispositivos.jpg","datePublished":"2022-02-19T15:39:22+00:00","dateModified":"2023-03-22T10:50:33+00:00","description":"A Maior Loja Online de Angola de Licen\u00e7as Microsoft Office | Chaves Sistemas Operativos Windows | Antiv\u00edrus | Cloud Adobe | Inform\u00e1tica & Servidores | Softwares de Gest\u00e3o ERP | Gaming Hardware | UPS e Baterias & Muito Mais...","breadcrumb":{"@id":"https:\/\/cyberlogics.ao\/index.php\/product\/kaspersky-antivirus-internet-security-4-dispositivos\/#breadcrumb"},"inLanguage":"pt-PT","potentialAction":[{"@type":"ReadAction","target":["https:\/\/cyberlogics.ao\/index.php\/product\/kaspersky-antivirus-internet-security-4-dispositivos\/"]}]},{"@type":"ImageObject","inLanguage":"pt-PT","@id":"https:\/\/cyberlogics.ao\/index.php\/product\/kaspersky-antivirus-internet-security-4-dispositivos\/#primaryimage","url":"https:\/\/cyberlogics.ao\/wp-content\/uploads\/2022\/02\/sw-antivirus-kaspersky-isec-4-dispositivos.jpg","contentUrl":"https:\/\/cyberlogics.ao\/wp-content\/uploads\/2022\/02\/sw-antivirus-kaspersky-isec-4-dispositivos.jpg","width":800,"height":800},{"@type":"BreadcrumbList","@id":"https:\/\/cyberlogics.ao\/index.php\/product\/kaspersky-antivirus-internet-security-4-dispositivos\/#breadcrumb","itemListElement":[{"@type":"ListItem","position":1,"name":"In\u00edcio","item":"https:\/\/cyberlogics.ao\/"},{"@type":"ListItem","position":2,"name":"Produtos","item":"https:\/\/cyberlogics.ao\/index.php\/shop-2\/"},{"@type":"ListItem","position":3,"name":"Kaspersky Antivirus Internet Security 5 Dispositivos"}]},{"@type":"WebSite","@id":"https:\/\/cyberlogics.ao\/#website","url":"https:\/\/cyberlogics.ao\/","name":"Cyberlogics Technologies Angola","description":"Loja Online de Licen\u00e7as de Softwares e Inform\u00e1tica","publisher":{"@id":"https:\/\/cyberlogics.ao\/#organization"},"potentialAction":[{"@type":"SearchAction","target":{"@type":"EntryPoint","urlTemplate":"https:\/\/cyberlogics.ao\/?s={search_term_string}"},"query-input":{"@type":"PropertyValueSpecification","valueRequired":true,"valueName":"search_term_string"}}],"inLanguage":"pt-PT"},{"@type":"Organization","@id":"https:\/\/cyberlogics.ao\/#organization","name":"Cyberlogics Ao Technologies - Loja Online de Licen\u00e7as de Softwares e Inform\u00e1tica","url":"https:\/\/cyberlogics.ao\/","logo":{"@type":"ImageObject","inLanguage":"pt-PT","@id":"https:\/\/cyberlogics.ao\/#\/schema\/logo\/image\/","url":"https:\/\/cyberlogics.ao\/wp-content\/uploads\/2022\/04\/CT-logo.png","contentUrl":"https:\/\/cyberlogics.ao\/wp-content\/uploads\/2022\/04\/CT-logo.png","width":190,"height":75,"caption":"Cyberlogics Ao Technologies - Loja Online de Licen\u00e7as de Softwares e Inform\u00e1tica"},"image":{"@id":"https:\/\/cyberlogics.ao\/#\/schema\/logo\/image\/"}}]}},"_links":{"self":[{"href":"https:\/\/cyberlogics.ao\/index.php\/wp-json\/wp\/v2\/product\/5453","targetHints":{"allow":["GET"]}}],"collection":[{"href":"https:\/\/cyberlogics.ao\/index.php\/wp-json\/wp\/v2\/product"}],"about":[{"href":"https:\/\/cyberlogics.ao\/index.php\/wp-json\/wp\/v2\/types\/product"}],"replies":[{"embeddable":true,"href":"https:\/\/cyberlogics.ao\/index.php\/wp-json\/wp\/v2\/comments?post=5453"}],"wp:featuredmedia":[{"embeddable":true,"href":"https:\/\/cyberlogics.ao\/index.php\/wp-json\/wp\/v2\/media\/5454"}],"wp:attachment":[{"href":"https:\/\/cyberlogics.ao\/index.php\/wp-json\/wp\/v2\/media?parent=5453"}],"wp:term":[{"taxonomy":"product_brand","embeddable":true,"href":"https:\/\/cyberlogics.ao\/index.php\/wp-json\/wp\/v2\/product_brand?post=5453"},{"taxonomy":"product_cat","embeddable":true,"href":"https:\/\/cyberlogics.ao\/index.php\/wp-json\/wp\/v2\/product_cat?post=5453"},{"taxonomy":"product_tag","embeddable":true,"href":"https:\/\/cyberlogics.ao\/index.php\/wp-json\/wp\/v2\/product_tag?post=5453"}],"curies":[{"name":"wp","href":"https:\/\/api.w.org\/{rel}","templated":true}]}}