{"id":5455,"date":"2022-02-19T15:40:57","date_gmt":"2022-02-19T15:40:57","guid":{"rendered":"http:\/\/aplusintelligence.ctechnology.ao\/?post_type=product&#038;p=5455"},"modified":"2023-03-22T10:50:14","modified_gmt":"2023-03-22T10:50:14","slug":"kaspersky-antivirus-endpoint-security-1-ano","status":"publish","type":"product","link":"https:\/\/cyberlogics.ao\/index.php\/product\/kaspersky-antivirus-endpoint-security-1-ano\/","title":{"rendered":"KASPERSKY TOTAL SECURITY 2022 + SAFE KIDS 1 UTILIZADOR 1 ANO"},"content":{"rendered":"<p><strong>SOFTWARE KASPERSKY TOTAL SECURITY 2022 + SAFE KIDS 1 UTILIZADOR 1 ANO<\/strong><\/p>\n<p>A Kaspersky oferece a melhor prote\u00e7\u00e3o para as fam\u00edlias para PC, Mac e dispositivos m\u00f3veis. Como a sua fam\u00edlia \u00e9 importante para si, o Kaspersky Total Security 2022 ajuda-o a proteger o mundo digital de todos em PC, Mac e dispositivos m\u00f3veis.<\/p>\n<p><strong>VANTAGENS KASPERSKY<\/strong>:<\/p>\n<ul>\n<li>\n<ul>\n<li>Protege contra v\u00edrus, spyware, phishing, websites perigosos e muito mais<\/li>\n<li>Protege sem afetar o desempenho<\/li>\n<li>Simplifica a seguran\u00e7a, para lhe poupar tempo e trabalho<\/li>\n<li>Protege os seus dispositivos, em qualquer combina\u00e7\u00e3o (PC, Mac e dispositivos m\u00f3veis)<\/li>\n<li>Ajuda-o a manter a sua vida privada\u2026 em privado<\/li>\n<li>Proporciona n\u00edveis adicionais de seguran\u00e7a enquanto efetua compras ou opera\u00e7\u00f5es banc\u00e1rias online atrav\u00e9s do seu computador<\/li>\n<li>Controlo parental \u2013\u00a0Protege os seus filhos nos seus computadores<\/li>\n<li>Sake kids \u2013\u00a0Proporciona formas mais inovadoras de proteger as crian\u00e7as, em PC, Mac e dispositivos m\u00f3veis<\/li>\n<li>Gere e armazena em seguran\u00e7a as suas palavras-passe e sincroniza-as para um acesso f\u00e1cil a partir de PC, Mac e dispositivos m\u00f3veis<\/li>\n<li>Prote\u00e7\u00e3o de ficheiros \u2013\u00a0Ajuda a proteger as suas fotografias, a sua m\u00fasica e os seus ficheiros valiosos em PC<\/li>\n<\/ul>\n<\/li>\n<\/ul>\n<p><strong>KASPERSKY SAFE KIDS<\/strong><\/p>\n<p>O Kaspersky Safe Kids \u00e9 uma solu\u00e7\u00e3o para v\u00e1rias plataformas que o ajuda a controlar a seguran\u00e7a dos seus filhos no mundo real e no mundo virtual. Tem de decidir o que \u00e9 seguro para a crian\u00e7a, tal como quais os sites que pode visitar, quantas horas podem utilizar o computador ou o smartphone e onde podem ir. A aplica\u00e7\u00e3o certifica-se de que a crian\u00e7a obedece \u00e0s regras definidas.<\/p>\n<p>O Kaspersky Safe Kids \u00e9 compat\u00edvel com dispositivos Windows, macOS, Android e iOS. Se instalar o Kaspersky Safe Kids nos seus dispositivos dos seus filhos, pode gerir a aplica\u00e7\u00e3o nos dispositivos dos seus filhos utilizando a sua conta My Kaspersky ou o modo parental da aplica\u00e7\u00e3o no seu dispositivo m\u00f3vel.<\/p>\n","protected":false},"excerpt":{"rendered":"<p><strong>SOFTWARE KASPERSKY TOTAL SECURITY 2022 + SAFE KIDS 1 UTILIZADOR 1 ANO<\/strong><\/p>\n","protected":false},"featured_media":5456,"comment_status":"closed","ping_status":"closed","template":"","meta":{"_joinchat":[]},"product_brand":[],"product_cat":[246,256],"product_tag":[],"class_list":{"0":"post-5455","1":"product","2":"type-product","3":"status-publish","4":"has-post-thumbnail","6":"product_cat-antivirus","7":"product_cat-kaspersky","9":"first","10":"instock","11":"shipping-taxable","12":"purchasable","13":"product-type-simple"},"yoast_head":"<!-- This site is optimized with the Yoast SEO plugin v27.4 - https:\/\/yoast.com\/product\/yoast-seo-wordpress\/ -->\n<title>KASPERSKY TOTAL SECURITY 2022 + SAFE KIDS 1 UTILIZADOR 1 ANO - Cyberlogics Technologies Angola<\/title>\n<meta name=\"description\" content=\"A Maior Loja Online de Angola de Licen\u00e7as Microsoft Office | Chaves Sistemas Operativos Windows | Antiv\u00edrus | Cloud Adobe | Inform\u00e1tica &amp; Servidores | Softwares de Gest\u00e3o ERP | Gaming Hardware | UPS e Baterias &amp; Muito Mais...\" \/>\n<meta name=\"robots\" content=\"index, follow, max-snippet:-1, max-image-preview:large, max-video-preview:-1\" \/>\n<link rel=\"canonical\" href=\"https:\/\/cyberlogics.ao\/index.php\/product\/kaspersky-antivirus-endpoint-security-1-ano\/\" \/>\n<meta property=\"og:locale\" content=\"pt_PT\" \/>\n<meta property=\"og:type\" content=\"article\" \/>\n<meta property=\"og:title\" content=\"KASPERSKY TOTAL SECURITY 2022 + SAFE KIDS 1 UTILIZADOR 1 ANO - Cyberlogics Technologies Angola\" \/>\n<meta property=\"og:description\" content=\"A Maior Loja Online de Angola de Licen\u00e7as Microsoft Office | Chaves Sistemas Operativos Windows | Antiv\u00edrus | Cloud Adobe | Inform\u00e1tica &amp; Servidores | Softwares de Gest\u00e3o ERP | Gaming Hardware | UPS e Baterias &amp; Muito Mais...\" \/>\n<meta property=\"og:url\" content=\"https:\/\/cyberlogics.ao\/index.php\/product\/kaspersky-antivirus-endpoint-security-1-ano\/\" \/>\n<meta property=\"og:site_name\" content=\"Cyberlogics Technologies Angola\" \/>\n<meta property=\"article:modified_time\" content=\"2023-03-22T10:50:14+00:00\" \/>\n<meta property=\"og:image\" content=\"http:\/\/cyberlogics.ao\/wp-content\/uploads\/2022\/02\/sw-volkaspersky-endpt-secur-renov-1-year.jpg\" \/>\n\t<meta property=\"og:image:width\" content=\"800\" \/>\n\t<meta property=\"og:image:height\" content=\"800\" \/>\n\t<meta property=\"og:image:type\" content=\"image\/jpeg\" \/>\n<meta name=\"twitter:card\" content=\"summary_large_image\" \/>\n<meta name=\"twitter:label1\" content=\"Tempo estimado de leitura\" \/>\n\t<meta name=\"twitter:data1\" content=\"2 minutos\" \/>\n<script type=\"application\/ld+json\" class=\"yoast-schema-graph\">{\"@context\":\"https:\\\/\\\/schema.org\",\"@graph\":[{\"@type\":\"WebPage\",\"@id\":\"https:\\\/\\\/cyberlogics.ao\\\/index.php\\\/product\\\/kaspersky-antivirus-endpoint-security-1-ano\\\/\",\"url\":\"https:\\\/\\\/cyberlogics.ao\\\/index.php\\\/product\\\/kaspersky-antivirus-endpoint-security-1-ano\\\/\",\"name\":\"KASPERSKY TOTAL SECURITY 2022 + SAFE KIDS 1 UTILIZADOR 1 ANO - Cyberlogics Technologies Angola\",\"isPartOf\":{\"@id\":\"https:\\\/\\\/cyberlogics.ao\\\/#website\"},\"primaryImageOfPage\":{\"@id\":\"https:\\\/\\\/cyberlogics.ao\\\/index.php\\\/product\\\/kaspersky-antivirus-endpoint-security-1-ano\\\/#primaryimage\"},\"image\":{\"@id\":\"https:\\\/\\\/cyberlogics.ao\\\/index.php\\\/product\\\/kaspersky-antivirus-endpoint-security-1-ano\\\/#primaryimage\"},\"thumbnailUrl\":\"https:\\\/\\\/cyberlogics.ao\\\/wp-content\\\/uploads\\\/2022\\\/02\\\/sw-volkaspersky-endpt-secur-renov-1-year.jpg\",\"datePublished\":\"2022-02-19T15:40:57+00:00\",\"dateModified\":\"2023-03-22T10:50:14+00:00\",\"description\":\"A Maior Loja Online de Angola de Licen\u00e7as Microsoft Office | Chaves Sistemas Operativos Windows | Antiv\u00edrus | Cloud Adobe | Inform\u00e1tica & Servidores | Softwares de Gest\u00e3o ERP | Gaming Hardware | UPS e Baterias & Muito Mais...\",\"breadcrumb\":{\"@id\":\"https:\\\/\\\/cyberlogics.ao\\\/index.php\\\/product\\\/kaspersky-antivirus-endpoint-security-1-ano\\\/#breadcrumb\"},\"inLanguage\":\"pt-PT\",\"potentialAction\":[{\"@type\":\"ReadAction\",\"target\":[\"https:\\\/\\\/cyberlogics.ao\\\/index.php\\\/product\\\/kaspersky-antivirus-endpoint-security-1-ano\\\/\"]}]},{\"@type\":\"ImageObject\",\"inLanguage\":\"pt-PT\",\"@id\":\"https:\\\/\\\/cyberlogics.ao\\\/index.php\\\/product\\\/kaspersky-antivirus-endpoint-security-1-ano\\\/#primaryimage\",\"url\":\"https:\\\/\\\/cyberlogics.ao\\\/wp-content\\\/uploads\\\/2022\\\/02\\\/sw-volkaspersky-endpt-secur-renov-1-year.jpg\",\"contentUrl\":\"https:\\\/\\\/cyberlogics.ao\\\/wp-content\\\/uploads\\\/2022\\\/02\\\/sw-volkaspersky-endpt-secur-renov-1-year.jpg\",\"width\":800,\"height\":800},{\"@type\":\"BreadcrumbList\",\"@id\":\"https:\\\/\\\/cyberlogics.ao\\\/index.php\\\/product\\\/kaspersky-antivirus-endpoint-security-1-ano\\\/#breadcrumb\",\"itemListElement\":[{\"@type\":\"ListItem\",\"position\":1,\"name\":\"In\u00edcio\",\"item\":\"https:\\\/\\\/cyberlogics.ao\\\/\"},{\"@type\":\"ListItem\",\"position\":2,\"name\":\"Produtos\",\"item\":\"https:\\\/\\\/cyberlogics.ao\\\/index.php\\\/shop-2\\\/\"},{\"@type\":\"ListItem\",\"position\":3,\"name\":\"KASPERSKY TOTAL SECURITY 2022 + SAFE KIDS 1 UTILIZADOR 1 ANO\"}]},{\"@type\":\"WebSite\",\"@id\":\"https:\\\/\\\/cyberlogics.ao\\\/#website\",\"url\":\"https:\\\/\\\/cyberlogics.ao\\\/\",\"name\":\"Cyberlogics Technologies Angola\",\"description\":\"Loja Online de Licen\u00e7as de Softwares e Inform\u00e1tica\",\"publisher\":{\"@id\":\"https:\\\/\\\/cyberlogics.ao\\\/#organization\"},\"potentialAction\":[{\"@type\":\"SearchAction\",\"target\":{\"@type\":\"EntryPoint\",\"urlTemplate\":\"https:\\\/\\\/cyberlogics.ao\\\/?s={search_term_string}\"},\"query-input\":{\"@type\":\"PropertyValueSpecification\",\"valueRequired\":true,\"valueName\":\"search_term_string\"}}],\"inLanguage\":\"pt-PT\"},{\"@type\":\"Organization\",\"@id\":\"https:\\\/\\\/cyberlogics.ao\\\/#organization\",\"name\":\"Cyberlogics Ao Technologies - Loja Online de Licen\u00e7as de Softwares e Inform\u00e1tica\",\"url\":\"https:\\\/\\\/cyberlogics.ao\\\/\",\"logo\":{\"@type\":\"ImageObject\",\"inLanguage\":\"pt-PT\",\"@id\":\"https:\\\/\\\/cyberlogics.ao\\\/#\\\/schema\\\/logo\\\/image\\\/\",\"url\":\"https:\\\/\\\/cyberlogics.ao\\\/wp-content\\\/uploads\\\/2022\\\/04\\\/CT-logo.png\",\"contentUrl\":\"https:\\\/\\\/cyberlogics.ao\\\/wp-content\\\/uploads\\\/2022\\\/04\\\/CT-logo.png\",\"width\":190,\"height\":75,\"caption\":\"Cyberlogics Ao Technologies - Loja Online de Licen\u00e7as de Softwares e Inform\u00e1tica\"},\"image\":{\"@id\":\"https:\\\/\\\/cyberlogics.ao\\\/#\\\/schema\\\/logo\\\/image\\\/\"}}]}<\/script>\n<!-- \/ Yoast SEO plugin. -->","yoast_head_json":{"title":"KASPERSKY TOTAL SECURITY 2022 + SAFE KIDS 1 UTILIZADOR 1 ANO - Cyberlogics Technologies Angola","description":"A Maior Loja Online de Angola de Licen\u00e7as Microsoft Office | Chaves Sistemas Operativos Windows | Antiv\u00edrus | Cloud Adobe | Inform\u00e1tica & Servidores | Softwares de Gest\u00e3o ERP | Gaming Hardware | UPS e Baterias & Muito Mais...","robots":{"index":"index","follow":"follow","max-snippet":"max-snippet:-1","max-image-preview":"max-image-preview:large","max-video-preview":"max-video-preview:-1"},"canonical":"https:\/\/cyberlogics.ao\/index.php\/product\/kaspersky-antivirus-endpoint-security-1-ano\/","og_locale":"pt_PT","og_type":"article","og_title":"KASPERSKY TOTAL SECURITY 2022 + SAFE KIDS 1 UTILIZADOR 1 ANO - Cyberlogics Technologies Angola","og_description":"A Maior Loja Online de Angola de Licen\u00e7as Microsoft Office | Chaves Sistemas Operativos Windows | Antiv\u00edrus | Cloud Adobe | Inform\u00e1tica & Servidores | Softwares de Gest\u00e3o ERP | Gaming Hardware | UPS e Baterias & Muito Mais...","og_url":"https:\/\/cyberlogics.ao\/index.php\/product\/kaspersky-antivirus-endpoint-security-1-ano\/","og_site_name":"Cyberlogics Technologies Angola","article_modified_time":"2023-03-22T10:50:14+00:00","og_image":[{"width":800,"height":800,"url":"http:\/\/cyberlogics.ao\/wp-content\/uploads\/2022\/02\/sw-volkaspersky-endpt-secur-renov-1-year.jpg","type":"image\/jpeg"}],"twitter_card":"summary_large_image","twitter_misc":{"Tempo estimado de leitura":"2 minutos"},"schema":{"@context":"https:\/\/schema.org","@graph":[{"@type":"WebPage","@id":"https:\/\/cyberlogics.ao\/index.php\/product\/kaspersky-antivirus-endpoint-security-1-ano\/","url":"https:\/\/cyberlogics.ao\/index.php\/product\/kaspersky-antivirus-endpoint-security-1-ano\/","name":"KASPERSKY TOTAL SECURITY 2022 + SAFE KIDS 1 UTILIZADOR 1 ANO - Cyberlogics Technologies Angola","isPartOf":{"@id":"https:\/\/cyberlogics.ao\/#website"},"primaryImageOfPage":{"@id":"https:\/\/cyberlogics.ao\/index.php\/product\/kaspersky-antivirus-endpoint-security-1-ano\/#primaryimage"},"image":{"@id":"https:\/\/cyberlogics.ao\/index.php\/product\/kaspersky-antivirus-endpoint-security-1-ano\/#primaryimage"},"thumbnailUrl":"https:\/\/cyberlogics.ao\/wp-content\/uploads\/2022\/02\/sw-volkaspersky-endpt-secur-renov-1-year.jpg","datePublished":"2022-02-19T15:40:57+00:00","dateModified":"2023-03-22T10:50:14+00:00","description":"A Maior Loja Online de Angola de Licen\u00e7as Microsoft Office | Chaves Sistemas Operativos Windows | Antiv\u00edrus | Cloud Adobe | Inform\u00e1tica & Servidores | Softwares de Gest\u00e3o ERP | Gaming Hardware | UPS e Baterias & Muito Mais...","breadcrumb":{"@id":"https:\/\/cyberlogics.ao\/index.php\/product\/kaspersky-antivirus-endpoint-security-1-ano\/#breadcrumb"},"inLanguage":"pt-PT","potentialAction":[{"@type":"ReadAction","target":["https:\/\/cyberlogics.ao\/index.php\/product\/kaspersky-antivirus-endpoint-security-1-ano\/"]}]},{"@type":"ImageObject","inLanguage":"pt-PT","@id":"https:\/\/cyberlogics.ao\/index.php\/product\/kaspersky-antivirus-endpoint-security-1-ano\/#primaryimage","url":"https:\/\/cyberlogics.ao\/wp-content\/uploads\/2022\/02\/sw-volkaspersky-endpt-secur-renov-1-year.jpg","contentUrl":"https:\/\/cyberlogics.ao\/wp-content\/uploads\/2022\/02\/sw-volkaspersky-endpt-secur-renov-1-year.jpg","width":800,"height":800},{"@type":"BreadcrumbList","@id":"https:\/\/cyberlogics.ao\/index.php\/product\/kaspersky-antivirus-endpoint-security-1-ano\/#breadcrumb","itemListElement":[{"@type":"ListItem","position":1,"name":"In\u00edcio","item":"https:\/\/cyberlogics.ao\/"},{"@type":"ListItem","position":2,"name":"Produtos","item":"https:\/\/cyberlogics.ao\/index.php\/shop-2\/"},{"@type":"ListItem","position":3,"name":"KASPERSKY TOTAL SECURITY 2022 + SAFE KIDS 1 UTILIZADOR 1 ANO"}]},{"@type":"WebSite","@id":"https:\/\/cyberlogics.ao\/#website","url":"https:\/\/cyberlogics.ao\/","name":"Cyberlogics Technologies Angola","description":"Loja Online de Licen\u00e7as de Softwares e Inform\u00e1tica","publisher":{"@id":"https:\/\/cyberlogics.ao\/#organization"},"potentialAction":[{"@type":"SearchAction","target":{"@type":"EntryPoint","urlTemplate":"https:\/\/cyberlogics.ao\/?s={search_term_string}"},"query-input":{"@type":"PropertyValueSpecification","valueRequired":true,"valueName":"search_term_string"}}],"inLanguage":"pt-PT"},{"@type":"Organization","@id":"https:\/\/cyberlogics.ao\/#organization","name":"Cyberlogics Ao Technologies - Loja Online de Licen\u00e7as de Softwares e Inform\u00e1tica","url":"https:\/\/cyberlogics.ao\/","logo":{"@type":"ImageObject","inLanguage":"pt-PT","@id":"https:\/\/cyberlogics.ao\/#\/schema\/logo\/image\/","url":"https:\/\/cyberlogics.ao\/wp-content\/uploads\/2022\/04\/CT-logo.png","contentUrl":"https:\/\/cyberlogics.ao\/wp-content\/uploads\/2022\/04\/CT-logo.png","width":190,"height":75,"caption":"Cyberlogics Ao Technologies - Loja Online de Licen\u00e7as de Softwares e Inform\u00e1tica"},"image":{"@id":"https:\/\/cyberlogics.ao\/#\/schema\/logo\/image\/"}}]}},"_links":{"self":[{"href":"https:\/\/cyberlogics.ao\/index.php\/wp-json\/wp\/v2\/product\/5455","targetHints":{"allow":["GET"]}}],"collection":[{"href":"https:\/\/cyberlogics.ao\/index.php\/wp-json\/wp\/v2\/product"}],"about":[{"href":"https:\/\/cyberlogics.ao\/index.php\/wp-json\/wp\/v2\/types\/product"}],"replies":[{"embeddable":true,"href":"https:\/\/cyberlogics.ao\/index.php\/wp-json\/wp\/v2\/comments?post=5455"}],"wp:featuredmedia":[{"embeddable":true,"href":"https:\/\/cyberlogics.ao\/index.php\/wp-json\/wp\/v2\/media\/5456"}],"wp:attachment":[{"href":"https:\/\/cyberlogics.ao\/index.php\/wp-json\/wp\/v2\/media?parent=5455"}],"wp:term":[{"taxonomy":"product_brand","embeddable":true,"href":"https:\/\/cyberlogics.ao\/index.php\/wp-json\/wp\/v2\/product_brand?post=5455"},{"taxonomy":"product_cat","embeddable":true,"href":"https:\/\/cyberlogics.ao\/index.php\/wp-json\/wp\/v2\/product_cat?post=5455"},{"taxonomy":"product_tag","embeddable":true,"href":"https:\/\/cyberlogics.ao\/index.php\/wp-json\/wp\/v2\/product_tag?post=5455"}],"curies":[{"name":"wp","href":"https:\/\/api.w.org\/{rel}","templated":true}]}}