{"id":5457,"date":"2022-02-19T15:43:27","date_gmt":"2022-02-19T15:43:27","guid":{"rendered":"http:\/\/aplusintelligence.ctechnology.ao\/?post_type=product&#038;p=5457"},"modified":"2023-03-22T10:49:47","modified_gmt":"2023-03-22T10:49:47","slug":"windows-server-2019-standard","status":"publish","type":"product","link":"https:\/\/cyberlogics.ao\/index.php\/product\/windows-server-2019-standard\/","title":{"rendered":"Windows Server 2019 Standard"},"content":{"rendered":"<p>O Windows Server \u00e9 o sistema operacional que une os ambientes locais aos servi\u00e7os do Azure, permitindo cen\u00e1rios h\u00edbridos que maximizam os investimentos existentes. Aumente a seguran\u00e7a e reduza o risco comercial com v\u00e1rias camadas de prote\u00e7\u00e3o incorporadas ao sistema operacional. Evolua a infraestrutura do datacenter para obter maior efici\u00eancia e escala com a infraestrutura hiperconvergente. Permita que desenvolvedores e profissionais de TI criem aplicativos nativos da nuvem e modernizem seus aplicativos tradicionais usando cont\u00eaineres e micros servi\u00e7os.<\/p>\n<p>O Microsoft Server 2019 Standard \u00e9 a vers\u00e3o da camada intermedi\u00e1ria de todos os tr\u00eas em termos de pre\u00e7o.\u00a0No entanto, \u00e9 muito semelhante \u00e0 vers\u00e3o mais abrangente do\u00a0Windows Server, o Datacenter.<img fetchpriority=\"high\" decoding=\"async\" src=\"https:\/\/i0.wp.com\/cdn.shopify.com\/s\/files\/1\/0161\/0632\/4032\/files\/11_large.jpg?w=1020&amp;ssl=1\" alt=\"Windows Server Standard\" width=\"480\" height=\"309\" \/><\/p>\n<p>Este software inovador gerencia as cargas de trabalho de tarefas prontas para a nuvem com facilidade, tornando-o ideal para empresas.\u00a0A vers\u00e3o padr\u00e3o \u00e9 perfeita para ambientes f\u00edsicos ou virtualizados.\u00a0Isso significa que empresas de m\u00e9dio a grande porte precisam do acesso m\u00faltiplo ao servidor.\u00a0Os usu\u00e1rios t\u00eam acesso a \u00f3timos recursos, como virtualiza\u00e7\u00e3o de servidores, plataformas de aplicativos da web, desktops virtuais, gerenciamento de servidores e muito mais.<\/p>\n<p>O Windows Server Standard Edition fornece uma plataforma abrangente de servidor f\u00e1cil de implantar, gerenciar e usar.\u00a0Permite que as empresas reduzam o custo total de propriedade (TCO).\u00a0Gra\u00e7as, em parte, ao suporte de muitos parceiros de hardware e software de terceiros da Microsoft, o Windows Server ajuda os usu\u00e1rios a obter o maior retorno sobre os investimentos em servidores.<\/p>\n<p>Projetado para pequenas organiza\u00e7\u00f5es e uso departamental, o Windows Server Standard Edition oferece compartilhamento inteligente de arquivos e impressoras, conectividade segura \u00e0 Internet, implanta\u00e7\u00e3o centralizada de aplicativos de desktop e solu\u00e7\u00f5es Web que conectam funcion\u00e1rios, parceiros e clientes.\u00a0O Windows Server Standard Edition fornece altos n\u00edveis de confiabilidade, escalabilidade e seguran\u00e7a.<\/p>\n<p><img decoding=\"async\" src=\"https:\/\/i0.wp.com\/cdn.shopify.com\/s\/files\/1\/0161\/0632\/4032\/files\/111_large.jpg?w=1020&amp;ssl=1\" alt=\"Windows Server Standard\" data-recalc-dims=\"1\" \/><\/p>\n<p><strong>Seguran\u00e7a aprimorada<br \/>\n<\/strong>A vers\u00e3o padr\u00e3o \u00e9 instalada com seguran\u00e7a em camadas para ajudar a bloquear ataques do servidor e viola\u00e7\u00f5es do sistema.\u00a0Ele protege a nuvem detectando atividades suspeitas com apenas softwares confi\u00e1veis \u200b\u200bcom permiss\u00e3o para executar com o Device Guard.<br \/>\nO Control Flow Guard protege contra ataques de mem\u00f3ria externos e internos.\u00a0O sistema de m\u00faltiplas camadas ajuda a proteger a integridade dos seus dados.<\/p>\n<p><strong>Datacenter eficiente<\/strong><br \/>\nO principal recurso do Server Standard 2019 \u00e9 sua velocidade e flexibilidade com um datacenter eficiente.\u00a0O sistema operacional se adapta \u00e0s suas necessidades e reduz os custos devido \u00e0s suas m\u00faltiplas fun\u00e7\u00f5es de computa\u00e7\u00e3o, armazenamento e rede.<\/p>\n<p>Voc\u00ea pode transferir automaticamente as camadas de controle de rede do hardware para o software, sem a necessidade de definir switches.\u00a0Possui um armazenamento poderoso e um sistema operacional de servidor robusto que possui recursos de armazenamento definidos por software.<\/p>\n<p><strong>Aplicativos baseados em nuvem<br \/>\n<\/strong>A vers\u00e3o padr\u00e3o vem com v\u00e1rios aplicativos baseados em nuvem para permitir a execu\u00e7\u00e3o segura de aplicativos existentes no Windows Server 2019 sem precisar alter\u00e1-los.\u00a0Voc\u00ea tamb\u00e9m pode mover aplicativos existentes para o ambiente DevOps sem ver nenhum efeito da altera\u00e7\u00e3o.\u00a0Se voc\u00ea precisar usar aplicativos diferentes, o servidor permitir\u00e1 criar aplicativos em nuvem e h\u00edbridos.<\/p>\n<p>&nbsp;<\/p>\n<h1 class=\"entry-title\">Converter edi\u00e7\u00f5es de avalia\u00e7\u00e3o do Windows Server em padr\u00e3o<\/h1>\n<p><span class=\"TextRun SCXW115982839\" lang=\"EN-US\" xml:lang=\"EN-US\"><span class=\"NormalTextRun SCXW115982839\">Se voc\u00ea, como eu, construiu rapidamente um novo servidor ou VM usando o download de Avalia\u00e7\u00e3o da Microsoft, ver\u00e1 que, quando obt\u00e9m sua chave de licen\u00e7a e tenta conect\u00e1-la, ela n\u00e3o funciona.\u00a0Voc\u00ea n\u00e3o pode simplesmente usar uma chave v\u00e1lida em uma c\u00f3pia de avalia\u00e7\u00e3o do\u00a0<a href=\"https:\/\/www.pei.com\/core-solutions\/windows-server-2012-r2\/\" target=\"_blank\" rel=\"noopener noreferrer\">Windows Server<\/a>\u00a0.\u00a0<\/span><\/span><span class=\"EOP SCXW115982839\" data-ccp-props=\"{&quot;201341983&quot;:0,&quot;335559739&quot;:160,&quot;335559740&quot;:259}\">\u00a0<\/span><\/p>\n<p><span class=\"TextRun SCXW267131369\" lang=\"EN-US\" xml:lang=\"EN-US\"><span class=\"NormalTextRun SCXW267131369\">Mas n\u00e3o se preocupe, a solu\u00e7\u00e3o \u00e9 bastante simples.\u00a0Voc\u00ea s\u00f3 precisa executar este comando em um prompt de comando elevado:<\/span><\/span><span class=\"EOP SCXW267131369\" data-ccp-props=\"{&quot;201341983&quot;:0,&quot;335559739&quot;:160,&quot;335559740&quot;:259}\">\u00a0<\/span><\/p>\n<p><span class=\"TextRun SCXW89243024\" lang=\"EN-US\" xml:lang=\"EN-US\"><span class=\"NormalTextRun SCXW89243024\">DISM \/ online \/ Edi\u00e7\u00e3o de conjunto: &lt;ID da edi\u00e7\u00e3o&gt; \/\u00a0<\/span><\/span><span class=\"TextRun SCXW89243024\" lang=\"EN-US\" xml:lang=\"EN-US\"><span class=\"SpellingError SCXW89243024\">ProductKey: XXXXX\u00a0<\/span><\/span><span class=\"TextRun SCXW89243024\" lang=\"EN-US\" xml:lang=\"EN-US\"><span class=\"SpellingError SCXW89243024\">-XXXXX-XXXXX-XXXXX-XXXXX\u00a0<\/span><\/span><span class=\"TextRun SCXW89243024\" lang=\"EN-US\" xml:lang=\"EN-US\"><span class=\"NormalTextRun SCXW89243024\">\u00a0\/\u00a0<\/span><\/span><span class=\"TextRun SCXW89243024\" lang=\"EN-US\" xml:lang=\"EN-US\"><span class=\"SpellingError SCXW89243024\">AcceptEula<\/span><\/span><span class=\"EOP SCXW89243024\" data-ccp-props=\"{&quot;201341983&quot;:0,&quot;335559739&quot;:160,&quot;335559740&quot;:259}\">\u00a0<\/span><\/p>\n<p><span class=\"TextRun SCXW192901674\" lang=\"EN-US\" xml:lang=\"EN-US\"><span class=\"NormalTextRun SCXW192901674\">O ID da edi\u00e7\u00e3o ser\u00e1\u00a0\u00a0<\/span><\/span><span class=\"TextRun SCXW192901674\" lang=\"EN-US\" xml:lang=\"EN-US\"><span class=\"SpellingError SCXW192901674\">ServerStandard\u00a0<\/span><\/span><span class=\"TextRun SCXW192901674\" lang=\"EN-US\" xml:lang=\"EN-US\"><span class=\"NormalTextRun SCXW192901674\">e insira a chave do produto.\u00a0O servidor executar\u00e1 o processo de convers\u00e3o de imagem e reiniciar\u00e1 duas vezes.<\/span><\/span><span class=\"EOP SCXW192901674\" data-ccp-props=\"{&quot;201341983&quot;:0,&quot;335559739&quot;:160,&quot;335559740&quot;:259}\">\u00a0<\/span><\/p>\n<p><span class=\"TextRun SCXW172590989\" lang=\"EN-US\" xml:lang=\"EN-US\"><span class=\"NormalTextRun SCXW172590989\">Ap\u00f3s o servidor reiniciar, voc\u00ea precisar\u00e1 reativ\u00e1-lo e inserir a Chave novamente.<\/span><\/span><\/p>\n<p><span class=\"TextRun SCXW240707285\" lang=\"EN-US\" xml:lang=\"EN-US\"><span class=\"NormalTextRun SCXW240707285\">\u00c9 importante observar que, se voc\u00ea usou uma edi\u00e7\u00e3o de avalia\u00e7\u00e3o para criar um controlador de dom\u00ednio, n\u00e3o poder\u00e1 alterar a edi\u00e7\u00e3o.\u00a0Voc\u00ea precisar\u00e1 criar um novo controlador de dom\u00ednio ou rebaixar o controlador de dom\u00ednio da edi\u00e7\u00e3o de avalia\u00e7\u00e3o, definir o ID da vers\u00e3o e promov\u00ea-lo novamente.<\/span><\/span><\/p>\n","protected":false},"excerpt":{"rendered":"<p>100% genu\u00edno (vers\u00e3o de varejo).<br \/>\nAmbos suporte a vers\u00e3o de 32\/64 bits<br \/>\nSuporte a todas as vers\u00f5es de idiomas.<\/p>\n","protected":false},"featured_media":5458,"comment_status":"closed","ping_status":"closed","template":"","meta":{"_joinchat":[]},"product_brand":[],"product_cat":[245,251],"product_tag":[],"class_list":{"0":"post-5457","1":"product","2":"type-product","3":"status-publish","4":"has-post-thumbnail","6":"product_cat-sistemas-operativos","7":"product_cat-windows-server","9":"first","10":"instock","11":"shipping-taxable","12":"purchasable","13":"product-type-simple"},"yoast_head":"<!-- This site is optimized with the Yoast SEO plugin v27.4 - https:\/\/yoast.com\/product\/yoast-seo-wordpress\/ -->\n<title>Windows Server 2019 Standard - Cyberlogics Technologies Angola<\/title>\n<meta name=\"description\" content=\"A Maior Loja Online de Angola de Licen\u00e7as Microsoft Office | Chaves Sistemas Operativos Windows | Antiv\u00edrus | Cloud Adobe | Inform\u00e1tica &amp; Servidores | Softwares de Gest\u00e3o ERP | Gaming Hardware | UPS e Baterias &amp; Muito Mais...\" \/>\n<meta name=\"robots\" content=\"index, follow, max-snippet:-1, max-image-preview:large, max-video-preview:-1\" \/>\n<link rel=\"canonical\" href=\"https:\/\/cyberlogics.ao\/index.php\/product\/windows-server-2019-standard\/\" \/>\n<meta property=\"og:locale\" content=\"pt_PT\" \/>\n<meta property=\"og:type\" content=\"article\" \/>\n<meta property=\"og:title\" content=\"Windows Server 2019 Standard - Cyberlogics Technologies Angola\" \/>\n<meta property=\"og:description\" content=\"A Maior Loja Online de Angola de Licen\u00e7as Microsoft Office | Chaves Sistemas Operativos Windows | Antiv\u00edrus | Cloud Adobe | Inform\u00e1tica &amp; Servidores | Softwares de Gest\u00e3o ERP | Gaming Hardware | UPS e Baterias &amp; Muito Mais...\" \/>\n<meta property=\"og:url\" content=\"https:\/\/cyberlogics.ao\/index.php\/product\/windows-server-2019-standard\/\" \/>\n<meta property=\"og:site_name\" content=\"Cyberlogics Technologies Angola\" \/>\n<meta property=\"article:modified_time\" content=\"2023-03-22T10:49:47+00:00\" \/>\n<meta property=\"og:image\" content=\"http:\/\/cyberlogics.ao\/wp-content\/uploads\/2022\/02\/Windows-server-2019-standard-key.jpg\" \/>\n\t<meta property=\"og:image:width\" content=\"600\" \/>\n\t<meta property=\"og:image:height\" content=\"583\" \/>\n\t<meta property=\"og:image:type\" content=\"image\/jpeg\" \/>\n<meta name=\"twitter:card\" content=\"summary_large_image\" \/>\n<meta name=\"twitter:label1\" content=\"Tempo estimado de leitura\" \/>\n\t<meta name=\"twitter:data1\" content=\"4 minutos\" \/>\n<script type=\"application\/ld+json\" class=\"yoast-schema-graph\">{\"@context\":\"https:\\\/\\\/schema.org\",\"@graph\":[{\"@type\":\"WebPage\",\"@id\":\"https:\\\/\\\/cyberlogics.ao\\\/index.php\\\/product\\\/windows-server-2019-standard\\\/\",\"url\":\"https:\\\/\\\/cyberlogics.ao\\\/index.php\\\/product\\\/windows-server-2019-standard\\\/\",\"name\":\"Windows Server 2019 Standard - Cyberlogics Technologies Angola\",\"isPartOf\":{\"@id\":\"https:\\\/\\\/cyberlogics.ao\\\/#website\"},\"primaryImageOfPage\":{\"@id\":\"https:\\\/\\\/cyberlogics.ao\\\/index.php\\\/product\\\/windows-server-2019-standard\\\/#primaryimage\"},\"image\":{\"@id\":\"https:\\\/\\\/cyberlogics.ao\\\/index.php\\\/product\\\/windows-server-2019-standard\\\/#primaryimage\"},\"thumbnailUrl\":\"https:\\\/\\\/cyberlogics.ao\\\/wp-content\\\/uploads\\\/2022\\\/02\\\/Windows-server-2019-standard-key.jpg\",\"datePublished\":\"2022-02-19T15:43:27+00:00\",\"dateModified\":\"2023-03-22T10:49:47+00:00\",\"description\":\"A Maior Loja Online de Angola de Licen\u00e7as Microsoft Office | Chaves Sistemas Operativos Windows | Antiv\u00edrus | Cloud Adobe | Inform\u00e1tica & Servidores | Softwares de Gest\u00e3o ERP | Gaming Hardware | UPS e Baterias & Muito Mais...\",\"breadcrumb\":{\"@id\":\"https:\\\/\\\/cyberlogics.ao\\\/index.php\\\/product\\\/windows-server-2019-standard\\\/#breadcrumb\"},\"inLanguage\":\"pt-PT\",\"potentialAction\":[{\"@type\":\"ReadAction\",\"target\":[\"https:\\\/\\\/cyberlogics.ao\\\/index.php\\\/product\\\/windows-server-2019-standard\\\/\"]}]},{\"@type\":\"ImageObject\",\"inLanguage\":\"pt-PT\",\"@id\":\"https:\\\/\\\/cyberlogics.ao\\\/index.php\\\/product\\\/windows-server-2019-standard\\\/#primaryimage\",\"url\":\"https:\\\/\\\/cyberlogics.ao\\\/wp-content\\\/uploads\\\/2022\\\/02\\\/Windows-server-2019-standard-key.jpg\",\"contentUrl\":\"https:\\\/\\\/cyberlogics.ao\\\/wp-content\\\/uploads\\\/2022\\\/02\\\/Windows-server-2019-standard-key.jpg\",\"width\":600,\"height\":583},{\"@type\":\"BreadcrumbList\",\"@id\":\"https:\\\/\\\/cyberlogics.ao\\\/index.php\\\/product\\\/windows-server-2019-standard\\\/#breadcrumb\",\"itemListElement\":[{\"@type\":\"ListItem\",\"position\":1,\"name\":\"In\u00edcio\",\"item\":\"https:\\\/\\\/cyberlogics.ao\\\/\"},{\"@type\":\"ListItem\",\"position\":2,\"name\":\"Produtos\",\"item\":\"https:\\\/\\\/cyberlogics.ao\\\/index.php\\\/shop-2\\\/\"},{\"@type\":\"ListItem\",\"position\":3,\"name\":\"Windows Server 2019 Standard\"}]},{\"@type\":\"WebSite\",\"@id\":\"https:\\\/\\\/cyberlogics.ao\\\/#website\",\"url\":\"https:\\\/\\\/cyberlogics.ao\\\/\",\"name\":\"Cyberlogics Technologies Angola\",\"description\":\"Loja Online de Licen\u00e7as de Softwares e Inform\u00e1tica\",\"publisher\":{\"@id\":\"https:\\\/\\\/cyberlogics.ao\\\/#organization\"},\"potentialAction\":[{\"@type\":\"SearchAction\",\"target\":{\"@type\":\"EntryPoint\",\"urlTemplate\":\"https:\\\/\\\/cyberlogics.ao\\\/?s={search_term_string}\"},\"query-input\":{\"@type\":\"PropertyValueSpecification\",\"valueRequired\":true,\"valueName\":\"search_term_string\"}}],\"inLanguage\":\"pt-PT\"},{\"@type\":\"Organization\",\"@id\":\"https:\\\/\\\/cyberlogics.ao\\\/#organization\",\"name\":\"Cyberlogics Ao Technologies - Loja Online de Licen\u00e7as de Softwares e Inform\u00e1tica\",\"url\":\"https:\\\/\\\/cyberlogics.ao\\\/\",\"logo\":{\"@type\":\"ImageObject\",\"inLanguage\":\"pt-PT\",\"@id\":\"https:\\\/\\\/cyberlogics.ao\\\/#\\\/schema\\\/logo\\\/image\\\/\",\"url\":\"https:\\\/\\\/cyberlogics.ao\\\/wp-content\\\/uploads\\\/2022\\\/04\\\/CT-logo.png\",\"contentUrl\":\"https:\\\/\\\/cyberlogics.ao\\\/wp-content\\\/uploads\\\/2022\\\/04\\\/CT-logo.png\",\"width\":190,\"height\":75,\"caption\":\"Cyberlogics Ao Technologies - Loja Online de Licen\u00e7as de Softwares e Inform\u00e1tica\"},\"image\":{\"@id\":\"https:\\\/\\\/cyberlogics.ao\\\/#\\\/schema\\\/logo\\\/image\\\/\"}}]}<\/script>\n<!-- \/ Yoast SEO plugin. -->","yoast_head_json":{"title":"Windows Server 2019 Standard - Cyberlogics Technologies Angola","description":"A Maior Loja Online de Angola de Licen\u00e7as Microsoft Office | Chaves Sistemas Operativos Windows | Antiv\u00edrus | Cloud Adobe | Inform\u00e1tica & Servidores | Softwares de Gest\u00e3o ERP | Gaming Hardware | UPS e Baterias & Muito Mais...","robots":{"index":"index","follow":"follow","max-snippet":"max-snippet:-1","max-image-preview":"max-image-preview:large","max-video-preview":"max-video-preview:-1"},"canonical":"https:\/\/cyberlogics.ao\/index.php\/product\/windows-server-2019-standard\/","og_locale":"pt_PT","og_type":"article","og_title":"Windows Server 2019 Standard - Cyberlogics Technologies Angola","og_description":"A Maior Loja Online de Angola de Licen\u00e7as Microsoft Office | Chaves Sistemas Operativos Windows | Antiv\u00edrus | Cloud Adobe | Inform\u00e1tica & Servidores | Softwares de Gest\u00e3o ERP | Gaming Hardware | UPS e Baterias & Muito Mais...","og_url":"https:\/\/cyberlogics.ao\/index.php\/product\/windows-server-2019-standard\/","og_site_name":"Cyberlogics Technologies Angola","article_modified_time":"2023-03-22T10:49:47+00:00","og_image":[{"width":600,"height":583,"url":"http:\/\/cyberlogics.ao\/wp-content\/uploads\/2022\/02\/Windows-server-2019-standard-key.jpg","type":"image\/jpeg"}],"twitter_card":"summary_large_image","twitter_misc":{"Tempo estimado de leitura":"4 minutos"},"schema":{"@context":"https:\/\/schema.org","@graph":[{"@type":"WebPage","@id":"https:\/\/cyberlogics.ao\/index.php\/product\/windows-server-2019-standard\/","url":"https:\/\/cyberlogics.ao\/index.php\/product\/windows-server-2019-standard\/","name":"Windows Server 2019 Standard - Cyberlogics Technologies Angola","isPartOf":{"@id":"https:\/\/cyberlogics.ao\/#website"},"primaryImageOfPage":{"@id":"https:\/\/cyberlogics.ao\/index.php\/product\/windows-server-2019-standard\/#primaryimage"},"image":{"@id":"https:\/\/cyberlogics.ao\/index.php\/product\/windows-server-2019-standard\/#primaryimage"},"thumbnailUrl":"https:\/\/cyberlogics.ao\/wp-content\/uploads\/2022\/02\/Windows-server-2019-standard-key.jpg","datePublished":"2022-02-19T15:43:27+00:00","dateModified":"2023-03-22T10:49:47+00:00","description":"A Maior Loja Online de Angola de Licen\u00e7as Microsoft Office | Chaves Sistemas Operativos Windows | Antiv\u00edrus | Cloud Adobe | Inform\u00e1tica & Servidores | Softwares de Gest\u00e3o ERP | Gaming Hardware | UPS e Baterias & Muito Mais...","breadcrumb":{"@id":"https:\/\/cyberlogics.ao\/index.php\/product\/windows-server-2019-standard\/#breadcrumb"},"inLanguage":"pt-PT","potentialAction":[{"@type":"ReadAction","target":["https:\/\/cyberlogics.ao\/index.php\/product\/windows-server-2019-standard\/"]}]},{"@type":"ImageObject","inLanguage":"pt-PT","@id":"https:\/\/cyberlogics.ao\/index.php\/product\/windows-server-2019-standard\/#primaryimage","url":"https:\/\/cyberlogics.ao\/wp-content\/uploads\/2022\/02\/Windows-server-2019-standard-key.jpg","contentUrl":"https:\/\/cyberlogics.ao\/wp-content\/uploads\/2022\/02\/Windows-server-2019-standard-key.jpg","width":600,"height":583},{"@type":"BreadcrumbList","@id":"https:\/\/cyberlogics.ao\/index.php\/product\/windows-server-2019-standard\/#breadcrumb","itemListElement":[{"@type":"ListItem","position":1,"name":"In\u00edcio","item":"https:\/\/cyberlogics.ao\/"},{"@type":"ListItem","position":2,"name":"Produtos","item":"https:\/\/cyberlogics.ao\/index.php\/shop-2\/"},{"@type":"ListItem","position":3,"name":"Windows Server 2019 Standard"}]},{"@type":"WebSite","@id":"https:\/\/cyberlogics.ao\/#website","url":"https:\/\/cyberlogics.ao\/","name":"Cyberlogics Technologies Angola","description":"Loja Online de Licen\u00e7as de Softwares e Inform\u00e1tica","publisher":{"@id":"https:\/\/cyberlogics.ao\/#organization"},"potentialAction":[{"@type":"SearchAction","target":{"@type":"EntryPoint","urlTemplate":"https:\/\/cyberlogics.ao\/?s={search_term_string}"},"query-input":{"@type":"PropertyValueSpecification","valueRequired":true,"valueName":"search_term_string"}}],"inLanguage":"pt-PT"},{"@type":"Organization","@id":"https:\/\/cyberlogics.ao\/#organization","name":"Cyberlogics Ao Technologies - Loja Online de Licen\u00e7as de Softwares e Inform\u00e1tica","url":"https:\/\/cyberlogics.ao\/","logo":{"@type":"ImageObject","inLanguage":"pt-PT","@id":"https:\/\/cyberlogics.ao\/#\/schema\/logo\/image\/","url":"https:\/\/cyberlogics.ao\/wp-content\/uploads\/2022\/04\/CT-logo.png","contentUrl":"https:\/\/cyberlogics.ao\/wp-content\/uploads\/2022\/04\/CT-logo.png","width":190,"height":75,"caption":"Cyberlogics Ao Technologies - Loja Online de Licen\u00e7as de Softwares e Inform\u00e1tica"},"image":{"@id":"https:\/\/cyberlogics.ao\/#\/schema\/logo\/image\/"}}]}},"_links":{"self":[{"href":"https:\/\/cyberlogics.ao\/index.php\/wp-json\/wp\/v2\/product\/5457","targetHints":{"allow":["GET"]}}],"collection":[{"href":"https:\/\/cyberlogics.ao\/index.php\/wp-json\/wp\/v2\/product"}],"about":[{"href":"https:\/\/cyberlogics.ao\/index.php\/wp-json\/wp\/v2\/types\/product"}],"replies":[{"embeddable":true,"href":"https:\/\/cyberlogics.ao\/index.php\/wp-json\/wp\/v2\/comments?post=5457"}],"wp:featuredmedia":[{"embeddable":true,"href":"https:\/\/cyberlogics.ao\/index.php\/wp-json\/wp\/v2\/media\/5458"}],"wp:attachment":[{"href":"https:\/\/cyberlogics.ao\/index.php\/wp-json\/wp\/v2\/media?parent=5457"}],"wp:term":[{"taxonomy":"product_brand","embeddable":true,"href":"https:\/\/cyberlogics.ao\/index.php\/wp-json\/wp\/v2\/product_brand?post=5457"},{"taxonomy":"product_cat","embeddable":true,"href":"https:\/\/cyberlogics.ao\/index.php\/wp-json\/wp\/v2\/product_cat?post=5457"},{"taxonomy":"product_tag","embeddable":true,"href":"https:\/\/cyberlogics.ao\/index.php\/wp-json\/wp\/v2\/product_tag?post=5457"}],"curies":[{"name":"wp","href":"https:\/\/api.w.org\/{rel}","templated":true}]}}