{"id":5849,"date":"2022-04-22T14:47:26","date_gmt":"2022-04-22T14:47:26","guid":{"rendered":"https:\/\/cyberlogics.ao\/?post_type=product&#038;p=5849"},"modified":"2025-12-12T09:19:24","modified_gmt":"2025-12-12T09:19:24","slug":"microsoft-office-2021-lifetime","status":"publish","type":"product","link":"https:\/\/cyberlogics.ao\/index.php\/product\/microsoft-office-2021-lifetime\/","title":{"rendered":"Microsoft Office 2021 Pro Plus- Lifetime"},"content":{"rendered":"<p>\ud83d\udcd8Descri\u00e7\u00e3o\ud83d\udcd8<\/p>\n<p>Office 2021 Pro Plus:<br \/>\nO pacote Office mais recente para Windows 11 e Windows 10 com uma lista expandida de aplicativos.<br \/>\nOs programas da su\u00edte foram melhorados visualmente e funcionalmente. Foram adicionados mais de 30 recursos exclusivos que est\u00e3o dispon\u00edveis apenas no novo Office 2021, mas tamb\u00e9m v\u00e1rias melhorias na funcionalidade antiga. Desempenho otimizado do pr\u00f3prio sistema, e agora os aplicativos do Office s\u00e3o o mais responsivos poss\u00edvel no trabalho, mesmo em computadores de baixo desempenho. M\u00e1xima compatibilidade com v\u00e1rios formatos de documentos criados em vers\u00f5es mais antigas do Microsoft Office. O Microsoft Outlook adicionou um tradutor autom\u00e1tico para mais de 70 idiomas, bem como a possibilidade de entrada de texto manuscrito, usando a tela sens\u00edvel ao toque, caneta ou mouse.<br \/>\nAdicionadas muitas fun\u00e7\u00f5es para o Microsoft Excel, pesquisa de dados, filtragem, classifica\u00e7\u00e3o e an\u00e1lise com armazenamento de valores intermedi\u00e1rios, bem como ferramentas para trabalhar com matrizes. Aqui est\u00e1 uma breve lista de fun\u00e7\u00f5es adicionadas e atualizadas no Microsoft Exel: XLOOKUP, XMATCH, FILTER, SORT, SORTBY, UNIQUE, SEQUENCE e RANDARRAY. Os aplicativos padr\u00e3o do Word e PowerPoint tamb\u00e9m foram atualizados para adicionar um grande n\u00famero de imagens de banco de imagens, uma corre\u00e7\u00e3o de rep\u00f3rter de v\u00eddeo, entrada manuscrita e entrada de ponteiro laser.<\/p>\n<p>O Microsoft Office Professional 2021 inclui:<\/p>\n<p>palavra<br \/>\nsobressair<br \/>\nPower Point<br \/>\nPanorama<br \/>\neditor<br \/>\nAcesso<br \/>\ne equipes da Microsoft<\/p>\n<p>\ud83c\udd70\ud83c\udd72\ud83c\udd83\ud83c\udd78\ud83c\udd85\ud83c\udd70\ud83c\udd83\ud83c\udd78\ud83c\udd7e\ud83c\udd7d \ud83c\udd73\ud83c\udd74\ud83c\udd83\ud83c\udd70\ud83c\udd78\ud83c\udd7b\ud83c\udd82:<\/p>\n<p>Parece com isto: CHAVE DO PRODUTO: XXXXX-XXXXX-XXXXX-XXXXX-XXXXX<\/p>\n<p>1. Use a chave em https:\/\/redeem.microsoft.com\/ para ativar o software de escrit\u00f3rio em sua conta da Microsoft.<\/p>\n<p>2. Uma vez ativado em sua conta da Microsoft, voc\u00ea pode baixar o escrit\u00f3rio e us\u00e1-lo sem problemas!<\/p>\n<p>Sem uma chave de produto, voc\u00ea n\u00e3o poder\u00e1 ativar o escrit\u00f3rio!<\/p>\n<p>\ud835\udc08\ud835\udc0c\ud835\udc0f\ud835\udc0e\ud835\udc11\ud835\udc13\ud835\udc00\ud835\udc0d\ud835\udc13|\ud835\udc08\ud835\udc0c\ud835\udc0f\ud835\udc0e\ud835\udc11\ud835\udc13\ud835\udc00\ud835\udc0d\ud835\udc13|\ud835\udc08\ud835\udc0c\ud835\udc0f\ud835\udc0e\ud835\udc11\ud835\udc13\ud835\udc00\ud835\udc0d\ud835\udc13<br \/>\n1 Chave = 1 PC<br \/>\nLICEN\u00c7A VITAL\u00cdCIA = VINCULAR \u00c0 SUA CONTA MICROSOFT<br \/>\nREGI\u00c3O GLOBAL &#8211; O PRODUTO FUNCIONAR\u00c1 EM TODO O MUNDO<\/p>\n<p>Se voc\u00ea encontrar algum tipo de problema durante a ativa\u00e7\u00e3o da chave, entre em contato conosco na aba de correspond\u00eancia da p\u00e1gina de compra\/chat\/ &#8211; ap\u00f3s a compra, voc\u00ea ser\u00e1 redirecionado para uma p\u00e1gina onde poder\u00e1 ver sua chave e poder\u00e1 entrar em contato conosco \/voc\u00ea pode acessar esta p\u00e1gina com o e-mail, usado durante a compra do item, clique em &#8220;Minhas compras&#8221; no topo da p\u00e1gina e digite seu e-mail, ent\u00e3o voc\u00ea receber\u00e1 um e-mail que cont\u00e9m um link que o levar\u00e1 para sua p\u00e1gina de pedidos\/compra anteriores\/\/.<\/p>\n","protected":false},"excerpt":{"rendered":"<p>Office 2021 Pro Plus:<br \/>\nO pacote Office mais recente para Windows 11 e Windows 10 com uma lista expandida de aplicativos.<\/p>\n","protected":false},"featured_media":5850,"comment_status":"closed","ping_status":"closed","template":"","meta":{"_joinchat":[]},"product_brand":[],"product_cat":[244,257],"product_tag":[],"class_list":{"0":"post-5849","1":"product","2":"type-product","3":"status-publish","4":"has-post-thumbnail","6":"product_cat-microsoft-office-win-mac","7":"product_cat-office-365","9":"first","10":"instock","11":"shipping-taxable","12":"purchasable","13":"product-type-simple"},"yoast_head":"<!-- This site is optimized with the Yoast SEO plugin v27.4 - https:\/\/yoast.com\/product\/yoast-seo-wordpress\/ -->\n<title>Microsoft Office 2021 Pro Plus- Lifetime - Cyberlogics Technologies Angola<\/title>\n<meta name=\"description\" content=\"A Maior Loja Online de Angola de Licen\u00e7as Microsoft Office | Chaves Sistemas Operativos Windows | Antiv\u00edrus | Cloud Adobe | Inform\u00e1tica &amp; Servidores | Softwares de Gest\u00e3o ERP | Gaming Hardware | UPS e Baterias &amp; Muito Mais...\" \/>\n<meta name=\"robots\" content=\"index, follow, max-snippet:-1, max-image-preview:large, max-video-preview:-1\" \/>\n<link rel=\"canonical\" href=\"https:\/\/cyberlogics.ao\/index.php\/product\/microsoft-office-2021-lifetime\/\" \/>\n<meta property=\"og:locale\" content=\"pt_PT\" \/>\n<meta property=\"og:type\" content=\"article\" \/>\n<meta property=\"og:title\" content=\"Microsoft Office 2021 Pro Plus- Lifetime - Cyberlogics Technologies Angola\" \/>\n<meta property=\"og:description\" content=\"A Maior Loja Online de Angola de Licen\u00e7as Microsoft Office | Chaves Sistemas Operativos Windows | Antiv\u00edrus | Cloud Adobe | Inform\u00e1tica &amp; Servidores | Softwares de Gest\u00e3o ERP | Gaming Hardware | UPS e Baterias &amp; Muito Mais...\" \/>\n<meta property=\"og:url\" content=\"https:\/\/cyberlogics.ao\/index.php\/product\/microsoft-office-2021-lifetime\/\" \/>\n<meta property=\"og:site_name\" content=\"Cyberlogics Technologies Angola\" \/>\n<meta property=\"article:modified_time\" content=\"2025-12-12T09:19:24+00:00\" \/>\n<meta property=\"og:image\" content=\"http:\/\/cyberlogics.ao\/wp-content\/uploads\/2022\/04\/office-2021-Home-Student_d3ke-uk.webp\" \/>\n\t<meta property=\"og:image:width\" content=\"600\" \/>\n\t<meta property=\"og:image:height\" content=\"481\" \/>\n\t<meta property=\"og:image:type\" content=\"image\/webp\" \/>\n<meta name=\"twitter:card\" content=\"summary_large_image\" \/>\n<meta name=\"twitter:label1\" content=\"Tempo estimado de leitura\" \/>\n\t<meta name=\"twitter:data1\" content=\"2 minutos\" \/>\n<script type=\"application\/ld+json\" class=\"yoast-schema-graph\">{\"@context\":\"https:\\\/\\\/schema.org\",\"@graph\":[{\"@type\":\"WebPage\",\"@id\":\"https:\\\/\\\/cyberlogics.ao\\\/index.php\\\/product\\\/microsoft-office-2021-lifetime\\\/\",\"url\":\"https:\\\/\\\/cyberlogics.ao\\\/index.php\\\/product\\\/microsoft-office-2021-lifetime\\\/\",\"name\":\"Microsoft Office 2021 Pro Plus- Lifetime - Cyberlogics Technologies Angola\",\"isPartOf\":{\"@id\":\"https:\\\/\\\/cyberlogics.ao\\\/#website\"},\"primaryImageOfPage\":{\"@id\":\"https:\\\/\\\/cyberlogics.ao\\\/index.php\\\/product\\\/microsoft-office-2021-lifetime\\\/#primaryimage\"},\"image\":{\"@id\":\"https:\\\/\\\/cyberlogics.ao\\\/index.php\\\/product\\\/microsoft-office-2021-lifetime\\\/#primaryimage\"},\"thumbnailUrl\":\"https:\\\/\\\/cyberlogics.ao\\\/wp-content\\\/uploads\\\/2022\\\/04\\\/office-2021-Home-Student_d3ke-uk.webp\",\"datePublished\":\"2022-04-22T14:47:26+00:00\",\"dateModified\":\"2025-12-12T09:19:24+00:00\",\"description\":\"A Maior Loja Online de Angola de Licen\u00e7as Microsoft Office | Chaves Sistemas Operativos Windows | Antiv\u00edrus | Cloud Adobe | Inform\u00e1tica & Servidores | Softwares de Gest\u00e3o ERP | Gaming Hardware | UPS e Baterias & Muito Mais...\",\"breadcrumb\":{\"@id\":\"https:\\\/\\\/cyberlogics.ao\\\/index.php\\\/product\\\/microsoft-office-2021-lifetime\\\/#breadcrumb\"},\"inLanguage\":\"pt-PT\",\"potentialAction\":[{\"@type\":\"ReadAction\",\"target\":[\"https:\\\/\\\/cyberlogics.ao\\\/index.php\\\/product\\\/microsoft-office-2021-lifetime\\\/\"]}]},{\"@type\":\"ImageObject\",\"inLanguage\":\"pt-PT\",\"@id\":\"https:\\\/\\\/cyberlogics.ao\\\/index.php\\\/product\\\/microsoft-office-2021-lifetime\\\/#primaryimage\",\"url\":\"https:\\\/\\\/cyberlogics.ao\\\/wp-content\\\/uploads\\\/2022\\\/04\\\/office-2021-Home-Student_d3ke-uk.webp\",\"contentUrl\":\"https:\\\/\\\/cyberlogics.ao\\\/wp-content\\\/uploads\\\/2022\\\/04\\\/office-2021-Home-Student_d3ke-uk.webp\",\"width\":600,\"height\":481},{\"@type\":\"BreadcrumbList\",\"@id\":\"https:\\\/\\\/cyberlogics.ao\\\/index.php\\\/product\\\/microsoft-office-2021-lifetime\\\/#breadcrumb\",\"itemListElement\":[{\"@type\":\"ListItem\",\"position\":1,\"name\":\"In\u00edcio\",\"item\":\"https:\\\/\\\/cyberlogics.ao\\\/\"},{\"@type\":\"ListItem\",\"position\":2,\"name\":\"Produtos\",\"item\":\"https:\\\/\\\/cyberlogics.ao\\\/index.php\\\/shop-2\\\/\"},{\"@type\":\"ListItem\",\"position\":3,\"name\":\"Microsoft Office 2021 Pro Plus- Lifetime\"}]},{\"@type\":\"WebSite\",\"@id\":\"https:\\\/\\\/cyberlogics.ao\\\/#website\",\"url\":\"https:\\\/\\\/cyberlogics.ao\\\/\",\"name\":\"Cyberlogics Technologies Angola\",\"description\":\"Loja Online de Licen\u00e7as de Softwares e Inform\u00e1tica\",\"publisher\":{\"@id\":\"https:\\\/\\\/cyberlogics.ao\\\/#organization\"},\"potentialAction\":[{\"@type\":\"SearchAction\",\"target\":{\"@type\":\"EntryPoint\",\"urlTemplate\":\"https:\\\/\\\/cyberlogics.ao\\\/?s={search_term_string}\"},\"query-input\":{\"@type\":\"PropertyValueSpecification\",\"valueRequired\":true,\"valueName\":\"search_term_string\"}}],\"inLanguage\":\"pt-PT\"},{\"@type\":\"Organization\",\"@id\":\"https:\\\/\\\/cyberlogics.ao\\\/#organization\",\"name\":\"Cyberlogics Ao Technologies - Loja Online de Licen\u00e7as de Softwares e Inform\u00e1tica\",\"url\":\"https:\\\/\\\/cyberlogics.ao\\\/\",\"logo\":{\"@type\":\"ImageObject\",\"inLanguage\":\"pt-PT\",\"@id\":\"https:\\\/\\\/cyberlogics.ao\\\/#\\\/schema\\\/logo\\\/image\\\/\",\"url\":\"https:\\\/\\\/cyberlogics.ao\\\/wp-content\\\/uploads\\\/2022\\\/04\\\/CT-logo.png\",\"contentUrl\":\"https:\\\/\\\/cyberlogics.ao\\\/wp-content\\\/uploads\\\/2022\\\/04\\\/CT-logo.png\",\"width\":190,\"height\":75,\"caption\":\"Cyberlogics Ao Technologies - Loja Online de Licen\u00e7as de Softwares e Inform\u00e1tica\"},\"image\":{\"@id\":\"https:\\\/\\\/cyberlogics.ao\\\/#\\\/schema\\\/logo\\\/image\\\/\"}}]}<\/script>\n<!-- \/ Yoast SEO plugin. -->","yoast_head_json":{"title":"Microsoft Office 2021 Pro Plus- Lifetime - Cyberlogics Technologies Angola","description":"A Maior Loja Online de Angola de Licen\u00e7as Microsoft Office | Chaves Sistemas Operativos Windows | Antiv\u00edrus | Cloud Adobe | Inform\u00e1tica & Servidores | Softwares de Gest\u00e3o ERP | Gaming Hardware | UPS e Baterias & Muito Mais...","robots":{"index":"index","follow":"follow","max-snippet":"max-snippet:-1","max-image-preview":"max-image-preview:large","max-video-preview":"max-video-preview:-1"},"canonical":"https:\/\/cyberlogics.ao\/index.php\/product\/microsoft-office-2021-lifetime\/","og_locale":"pt_PT","og_type":"article","og_title":"Microsoft Office 2021 Pro Plus- Lifetime - Cyberlogics Technologies Angola","og_description":"A Maior Loja Online de Angola de Licen\u00e7as Microsoft Office | Chaves Sistemas Operativos Windows | Antiv\u00edrus | Cloud Adobe | Inform\u00e1tica & Servidores | Softwares de Gest\u00e3o ERP | Gaming Hardware | UPS e Baterias & Muito Mais...","og_url":"https:\/\/cyberlogics.ao\/index.php\/product\/microsoft-office-2021-lifetime\/","og_site_name":"Cyberlogics Technologies Angola","article_modified_time":"2025-12-12T09:19:24+00:00","og_image":[{"width":600,"height":481,"url":"http:\/\/cyberlogics.ao\/wp-content\/uploads\/2022\/04\/office-2021-Home-Student_d3ke-uk.webp","type":"image\/webp"}],"twitter_card":"summary_large_image","twitter_misc":{"Tempo estimado de leitura":"2 minutos"},"schema":{"@context":"https:\/\/schema.org","@graph":[{"@type":"WebPage","@id":"https:\/\/cyberlogics.ao\/index.php\/product\/microsoft-office-2021-lifetime\/","url":"https:\/\/cyberlogics.ao\/index.php\/product\/microsoft-office-2021-lifetime\/","name":"Microsoft Office 2021 Pro Plus- Lifetime - Cyberlogics Technologies Angola","isPartOf":{"@id":"https:\/\/cyberlogics.ao\/#website"},"primaryImageOfPage":{"@id":"https:\/\/cyberlogics.ao\/index.php\/product\/microsoft-office-2021-lifetime\/#primaryimage"},"image":{"@id":"https:\/\/cyberlogics.ao\/index.php\/product\/microsoft-office-2021-lifetime\/#primaryimage"},"thumbnailUrl":"https:\/\/cyberlogics.ao\/wp-content\/uploads\/2022\/04\/office-2021-Home-Student_d3ke-uk.webp","datePublished":"2022-04-22T14:47:26+00:00","dateModified":"2025-12-12T09:19:24+00:00","description":"A Maior Loja Online de Angola de Licen\u00e7as Microsoft Office | Chaves Sistemas Operativos Windows | Antiv\u00edrus | Cloud Adobe | Inform\u00e1tica & Servidores | Softwares de Gest\u00e3o ERP | Gaming Hardware | UPS e Baterias & Muito Mais...","breadcrumb":{"@id":"https:\/\/cyberlogics.ao\/index.php\/product\/microsoft-office-2021-lifetime\/#breadcrumb"},"inLanguage":"pt-PT","potentialAction":[{"@type":"ReadAction","target":["https:\/\/cyberlogics.ao\/index.php\/product\/microsoft-office-2021-lifetime\/"]}]},{"@type":"ImageObject","inLanguage":"pt-PT","@id":"https:\/\/cyberlogics.ao\/index.php\/product\/microsoft-office-2021-lifetime\/#primaryimage","url":"https:\/\/cyberlogics.ao\/wp-content\/uploads\/2022\/04\/office-2021-Home-Student_d3ke-uk.webp","contentUrl":"https:\/\/cyberlogics.ao\/wp-content\/uploads\/2022\/04\/office-2021-Home-Student_d3ke-uk.webp","width":600,"height":481},{"@type":"BreadcrumbList","@id":"https:\/\/cyberlogics.ao\/index.php\/product\/microsoft-office-2021-lifetime\/#breadcrumb","itemListElement":[{"@type":"ListItem","position":1,"name":"In\u00edcio","item":"https:\/\/cyberlogics.ao\/"},{"@type":"ListItem","position":2,"name":"Produtos","item":"https:\/\/cyberlogics.ao\/index.php\/shop-2\/"},{"@type":"ListItem","position":3,"name":"Microsoft Office 2021 Pro Plus- Lifetime"}]},{"@type":"WebSite","@id":"https:\/\/cyberlogics.ao\/#website","url":"https:\/\/cyberlogics.ao\/","name":"Cyberlogics Technologies Angola","description":"Loja Online de Licen\u00e7as de Softwares e Inform\u00e1tica","publisher":{"@id":"https:\/\/cyberlogics.ao\/#organization"},"potentialAction":[{"@type":"SearchAction","target":{"@type":"EntryPoint","urlTemplate":"https:\/\/cyberlogics.ao\/?s={search_term_string}"},"query-input":{"@type":"PropertyValueSpecification","valueRequired":true,"valueName":"search_term_string"}}],"inLanguage":"pt-PT"},{"@type":"Organization","@id":"https:\/\/cyberlogics.ao\/#organization","name":"Cyberlogics Ao Technologies - Loja Online de Licen\u00e7as de Softwares e Inform\u00e1tica","url":"https:\/\/cyberlogics.ao\/","logo":{"@type":"ImageObject","inLanguage":"pt-PT","@id":"https:\/\/cyberlogics.ao\/#\/schema\/logo\/image\/","url":"https:\/\/cyberlogics.ao\/wp-content\/uploads\/2022\/04\/CT-logo.png","contentUrl":"https:\/\/cyberlogics.ao\/wp-content\/uploads\/2022\/04\/CT-logo.png","width":190,"height":75,"caption":"Cyberlogics Ao Technologies - Loja Online de Licen\u00e7as de Softwares e Inform\u00e1tica"},"image":{"@id":"https:\/\/cyberlogics.ao\/#\/schema\/logo\/image\/"}}]}},"_links":{"self":[{"href":"https:\/\/cyberlogics.ao\/index.php\/wp-json\/wp\/v2\/product\/5849","targetHints":{"allow":["GET"]}}],"collection":[{"href":"https:\/\/cyberlogics.ao\/index.php\/wp-json\/wp\/v2\/product"}],"about":[{"href":"https:\/\/cyberlogics.ao\/index.php\/wp-json\/wp\/v2\/types\/product"}],"replies":[{"embeddable":true,"href":"https:\/\/cyberlogics.ao\/index.php\/wp-json\/wp\/v2\/comments?post=5849"}],"wp:featuredmedia":[{"embeddable":true,"href":"https:\/\/cyberlogics.ao\/index.php\/wp-json\/wp\/v2\/media\/5850"}],"wp:attachment":[{"href":"https:\/\/cyberlogics.ao\/index.php\/wp-json\/wp\/v2\/media?parent=5849"}],"wp:term":[{"taxonomy":"product_brand","embeddable":true,"href":"https:\/\/cyberlogics.ao\/index.php\/wp-json\/wp\/v2\/product_brand?post=5849"},{"taxonomy":"product_cat","embeddable":true,"href":"https:\/\/cyberlogics.ao\/index.php\/wp-json\/wp\/v2\/product_cat?post=5849"},{"taxonomy":"product_tag","embeddable":true,"href":"https:\/\/cyberlogics.ao\/index.php\/wp-json\/wp\/v2\/product_tag?post=5849"}],"curies":[{"name":"wp","href":"https:\/\/api.w.org\/{rel}","templated":true}]}}