{"id":5934,"date":"2022-04-22T17:19:39","date_gmt":"2022-04-22T17:19:39","guid":{"rendered":"https:\/\/cyberlogics.ao\/?post_type=product&#038;p=5934"},"modified":"2024-06-10T15:15:21","modified_gmt":"2024-06-10T15:15:21","slug":"office-2019-pofissional-plus","status":"publish","type":"product","link":"https:\/\/cyberlogics.ao\/index.php\/product\/office-2019-pofissional-plus\/","title":{"rendered":"Microsoft Office 2019 &#8211; Pofissional Plus"},"content":{"rendered":"<p>AP\u00d3S O PAGAMENTO VOC\u00ca RECEBER\u00c1 A CHAVE\/C\u00d3DIGO DO PRODUTO NO SEU EMAIL (ESPECIFICADO AO PAGAR), TAMB\u00c9M SER\u00c1 REDIRECIONADO PARA A P\u00c1GINA DE COMPRA, ONDE VOC\u00ca PODE VER A CHAVE\/C\u00d3DIGO DO PRODUTO, INSTRU\u00c7\u00d5ES E ENTRAR EM CONTATO.<br \/>\nObserve que a chave do produto \u00e9 apenas para o sistema operacional Windows e n\u00e3o funcionar\u00e1 para o MAC.<\/p>\n<p>&nbsp;<\/p>\n<p>Inclui: Word 2019, Excel 2019, PowerPoint 2019, Outlook 2019, OneNote 2019, Publisher 2019, Access 2019<br \/>\nCompra \u00fanica para 1 PC.<br \/>\nVers\u00f5es cl\u00e1ssicas de 2019 do Word, Excel, PowerPoint, OneNote e Outlook.<br \/>\nO suporte da Microsoft est\u00e1 inclu\u00eddo por 60 dias sem custo extra.<br \/>\nLicenciado para uso dom\u00e9stico e comercial<br \/>\nO essencial para fazer tudo. O Office Professional Plus 2019 \u00e9 para fam\u00edlias e pequenas empresas que desejam aplicativos e email cl\u00e1ssicos do Office. Inclui Word, Excel, PowerPoint e Outlook, al\u00e9m do OneNote para Windows 10.<br \/>\nUma compra \u00fanica instalada no PC para uso em casa ou no trabalho.<\/p>\n<p>Novidades no Office 2019:<\/p>\n<p>Traga interesse visual para seus documentos, planilhas e apresenta\u00e7\u00f5es inserindo Scalable Vector Graphics (SVG) que possuem filtros aplicados a eles.<br \/>\nTraduza palavras, frases e outras sele\u00e7\u00f5es de texto para outro idioma com o MS Translator.<br \/>\nConverta tinta em formas, escreva problemas matem\u00e1ticos complexos, destaque texto e muito mais. Use um dedo ou uma caneta. Um mouse tamb\u00e9m funciona!<br \/>\nAtive as dicas de \u00e1udio para gui\u00e1-lo enquanto trabalha. As dicas de \u00e1udio fazem parte dos efeitos sonoros, que voc\u00ea pode encontrar em Op\u00e7\u00f5es &gt; Facilidade de Acesso.<\/p>\n<p>Detalhes de activa\u00e7\u00e3o:<\/p>\n<p>Parece com isto: CHAVE DO PRODUTO: XXXXX-XXXXX-XXXXX-XXXXX-XXXXX<\/p>\n<p>Use a chave em https:\/\/setup.office.com\/ para baixar o setup.<\/p>\n<p>Sem uma chave de produto, voc\u00ea n\u00e3o poder\u00e1 ativar o escrit\u00f3rio!<\/p>\n<p>\ud835\udc08\ud835\udc0c\ud835\udc0f\ud835\udc0e\ud835\udc11\ud835\udc13\ud835\udc00\ud835\udc0d\ud835\udc13E|\ud835\udc08\ud835\udc0c\ud835\udc0f\ud835\udc0e\ud835\udc11\ud835\udc13\ud835\udc00\ud835\udc0d\ud835\udc13E|\ud835\udc08\ud835\udc0c\ud835\udc0f\ud835\udc0e\ud835\udc11\ud835\udc13\ud835\udc00\ud835\udc0d\ud835\udc13E<br \/>\n1 Chave = 1 PC<br \/>\nLICEN\u00c7A VITAL\u00cdCIA, A MENOS QUE VOC\u00ca REINSTALE SEU PC, FORMATANDO-O.<br \/>\nESTA CHAVE N\u00c3O EST\u00c1 LIGADA A UMA CONTA MAS \u00c0 PLACA M\u00c3E DO SEU PC!<br \/>\nREGI\u00c3O GLOBAL &#8211; O PRODUTO FUNCIONAR\u00c1 EM TODO O MUNDO<\/p>\n<p>Se voc\u00ea encontrar algum tipo de problema durante a ativa\u00e7\u00e3o da chave, entre em contato conosco na aba de correspond\u00eancia da p\u00e1gina de compra\/chat\/ &#8211; ap\u00f3s a compra, voc\u00ea ser\u00e1 redirecionado para uma p\u00e1gina onde poder\u00e1 ver sua chave e poder\u00e1 entrar em contato conosco \/voc\u00ea pode acessar esta p\u00e1gina com o e-mail, usado durante a compra do item, clique em &#8220;Minhas compras&#8221; no topo da p\u00e1gina e digite seu e-mail, ent\u00e3o voc\u00ea receber\u00e1 um e-mail que cont\u00e9m um link que o levar\u00e1 para sua p\u00e1gina de pedidos\/compra anteriores\/\/.<\/p>\n<p>&nbsp;<\/p>\n<p>Estamos resolvendo todos os tipos de problemas rapidamente! POR FAVOR, N\u00c3O ABRA RECLAMA\u00c7\u00d5ES NO PAYPAL E N\u00c3O ESCREVA FEEDBACK NEGATIVO ANTES DE TENTAR RESOLVER SEU PROBLEMA!<\/p>\n","protected":false},"excerpt":{"rendered":"<p>Inclui: <strong>Word 2019, Excel 2019, PowerPoint 2019, Outlook 2019, OneNote 2019, Publisher 2019, Access 2019<\/strong><\/p>\n<p>Compra \u00fanica para 1 PC.<\/p>\n<p>Vers\u00f5es cl\u00e1ssicas de 2019 do Word, Excel, PowerPoint, OneNote e Outlook.<\/p>\n<p>O suporte da Microsoft est\u00e1 inclu\u00eddo por 60 dias sem custo extra.<\/p>\n<p>Licenciado para uso dom\u00e9stico e comercial<\/p>\n<p>O essencial para fazer tudo. O Office Professional Plus 2019 \u00e9 para fam\u00edlias e pequenas empresas que desejam aplicativos e email cl\u00e1ssicos do Office. Inclui Word, Excel, PowerPoint e Outlook, al\u00e9m do OneNote para Windows 10.<\/p>\n<p>Uma compra \u00fanica instalada no PC para uso em casa ou no trabalho.<\/p>\n","protected":false},"featured_media":5935,"comment_status":"open","ping_status":"closed","template":"","meta":{"_joinchat":[]},"product_brand":[],"product_cat":[244,258],"product_tag":[],"class_list":{"0":"post-5934","1":"product","2":"type-product","3":"status-publish","4":"has-post-thumbnail","6":"product_cat-microsoft-office-win-mac","7":"product_cat-profissional","9":"first","10":"instock","11":"sale","12":"downloadable","13":"virtual","14":"purchasable","15":"product-type-simple"},"yoast_head":"<!-- This site is optimized with the Yoast SEO plugin v27.4 - https:\/\/yoast.com\/product\/yoast-seo-wordpress\/ -->\n<title>Microsoft Office 2019 - Pofissional Plus - Cyberlogics Technologies Angola<\/title>\n<meta name=\"description\" content=\"A Maior Loja Online de Angola de Licen\u00e7as Microsoft Office | Chaves Sistemas Operativos Windows | Antiv\u00edrus | Cloud Adobe | Inform\u00e1tica &amp; Servidores | Softwares de Gest\u00e3o ERP | Gaming Hardware | UPS e Baterias &amp; Muito Mais...\" \/>\n<meta name=\"robots\" content=\"index, follow, max-snippet:-1, max-image-preview:large, max-video-preview:-1\" \/>\n<link rel=\"canonical\" href=\"https:\/\/cyberlogics.ao\/index.php\/product\/office-2019-pofissional-plus\/\" \/>\n<meta property=\"og:locale\" content=\"pt_PT\" \/>\n<meta property=\"og:type\" content=\"article\" \/>\n<meta property=\"og:title\" content=\"Microsoft Office 2019 - Pofissional Plus - Cyberlogics Technologies Angola\" \/>\n<meta property=\"og:description\" content=\"A Maior Loja Online de Angola de Licen\u00e7as Microsoft Office | Chaves Sistemas Operativos Windows | Antiv\u00edrus | Cloud Adobe | Inform\u00e1tica &amp; Servidores | Softwares de Gest\u00e3o ERP | Gaming Hardware | UPS e Baterias &amp; Muito Mais...\" \/>\n<meta property=\"og:url\" content=\"https:\/\/cyberlogics.ao\/index.php\/product\/office-2019-pofissional-plus\/\" \/>\n<meta property=\"og:site_name\" content=\"Cyberlogics Technologies Angola\" \/>\n<meta property=\"article:modified_time\" content=\"2024-06-10T15:15:21+00:00\" \/>\n<meta property=\"og:image\" content=\"http:\/\/cyberlogics.ao\/wp-content\/uploads\/2022\/04\/p1_2742119_b33b2839.jpg\" \/>\n\t<meta property=\"og:image:width\" content=\"1000\" \/>\n\t<meta property=\"og:image:height\" content=\"1000\" \/>\n\t<meta property=\"og:image:type\" content=\"image\/jpeg\" \/>\n<meta name=\"twitter:card\" content=\"summary_large_image\" \/>\n<meta name=\"twitter:label1\" content=\"Tempo estimado de leitura\" \/>\n\t<meta name=\"twitter:data1\" content=\"2 minutos\" \/>\n<script type=\"application\/ld+json\" class=\"yoast-schema-graph\">{\"@context\":\"https:\\\/\\\/schema.org\",\"@graph\":[{\"@type\":\"WebPage\",\"@id\":\"https:\\\/\\\/cyberlogics.ao\\\/index.php\\\/product\\\/office-2019-pofissional-plus\\\/\",\"url\":\"https:\\\/\\\/cyberlogics.ao\\\/index.php\\\/product\\\/office-2019-pofissional-plus\\\/\",\"name\":\"Microsoft Office 2019 - Pofissional Plus - Cyberlogics Technologies Angola\",\"isPartOf\":{\"@id\":\"https:\\\/\\\/cyberlogics.ao\\\/#website\"},\"primaryImageOfPage\":{\"@id\":\"https:\\\/\\\/cyberlogics.ao\\\/index.php\\\/product\\\/office-2019-pofissional-plus\\\/#primaryimage\"},\"image\":{\"@id\":\"https:\\\/\\\/cyberlogics.ao\\\/index.php\\\/product\\\/office-2019-pofissional-plus\\\/#primaryimage\"},\"thumbnailUrl\":\"https:\\\/\\\/cyberlogics.ao\\\/wp-content\\\/uploads\\\/2022\\\/04\\\/p1_2742119_b33b2839.jpg\",\"datePublished\":\"2022-04-22T17:19:39+00:00\",\"dateModified\":\"2024-06-10T15:15:21+00:00\",\"description\":\"A Maior Loja Online de Angola de Licen\u00e7as Microsoft Office | Chaves Sistemas Operativos Windows | Antiv\u00edrus | Cloud Adobe | Inform\u00e1tica & Servidores | Softwares de Gest\u00e3o ERP | Gaming Hardware | UPS e Baterias & Muito Mais...\",\"breadcrumb\":{\"@id\":\"https:\\\/\\\/cyberlogics.ao\\\/index.php\\\/product\\\/office-2019-pofissional-plus\\\/#breadcrumb\"},\"inLanguage\":\"pt-PT\",\"potentialAction\":[{\"@type\":\"ReadAction\",\"target\":[\"https:\\\/\\\/cyberlogics.ao\\\/index.php\\\/product\\\/office-2019-pofissional-plus\\\/\"]}]},{\"@type\":\"ImageObject\",\"inLanguage\":\"pt-PT\",\"@id\":\"https:\\\/\\\/cyberlogics.ao\\\/index.php\\\/product\\\/office-2019-pofissional-plus\\\/#primaryimage\",\"url\":\"https:\\\/\\\/cyberlogics.ao\\\/wp-content\\\/uploads\\\/2022\\\/04\\\/p1_2742119_b33b2839.jpg\",\"contentUrl\":\"https:\\\/\\\/cyberlogics.ao\\\/wp-content\\\/uploads\\\/2022\\\/04\\\/p1_2742119_b33b2839.jpg\",\"width\":1000,\"height\":1000},{\"@type\":\"BreadcrumbList\",\"@id\":\"https:\\\/\\\/cyberlogics.ao\\\/index.php\\\/product\\\/office-2019-pofissional-plus\\\/#breadcrumb\",\"itemListElement\":[{\"@type\":\"ListItem\",\"position\":1,\"name\":\"In\u00edcio\",\"item\":\"https:\\\/\\\/cyberlogics.ao\\\/\"},{\"@type\":\"ListItem\",\"position\":2,\"name\":\"Produtos\",\"item\":\"https:\\\/\\\/cyberlogics.ao\\\/index.php\\\/shop-2\\\/\"},{\"@type\":\"ListItem\",\"position\":3,\"name\":\"Microsoft Office 2019 &#8211; Pofissional Plus\"}]},{\"@type\":\"WebSite\",\"@id\":\"https:\\\/\\\/cyberlogics.ao\\\/#website\",\"url\":\"https:\\\/\\\/cyberlogics.ao\\\/\",\"name\":\"Cyberlogics Technologies Angola\",\"description\":\"Loja Online de Licen\u00e7as de Softwares e Inform\u00e1tica\",\"publisher\":{\"@id\":\"https:\\\/\\\/cyberlogics.ao\\\/#organization\"},\"potentialAction\":[{\"@type\":\"SearchAction\",\"target\":{\"@type\":\"EntryPoint\",\"urlTemplate\":\"https:\\\/\\\/cyberlogics.ao\\\/?s={search_term_string}\"},\"query-input\":{\"@type\":\"PropertyValueSpecification\",\"valueRequired\":true,\"valueName\":\"search_term_string\"}}],\"inLanguage\":\"pt-PT\"},{\"@type\":\"Organization\",\"@id\":\"https:\\\/\\\/cyberlogics.ao\\\/#organization\",\"name\":\"Cyberlogics Ao Technologies - Loja Online de Licen\u00e7as de Softwares e Inform\u00e1tica\",\"url\":\"https:\\\/\\\/cyberlogics.ao\\\/\",\"logo\":{\"@type\":\"ImageObject\",\"inLanguage\":\"pt-PT\",\"@id\":\"https:\\\/\\\/cyberlogics.ao\\\/#\\\/schema\\\/logo\\\/image\\\/\",\"url\":\"https:\\\/\\\/cyberlogics.ao\\\/wp-content\\\/uploads\\\/2022\\\/04\\\/CT-logo.png\",\"contentUrl\":\"https:\\\/\\\/cyberlogics.ao\\\/wp-content\\\/uploads\\\/2022\\\/04\\\/CT-logo.png\",\"width\":190,\"height\":75,\"caption\":\"Cyberlogics Ao Technologies - Loja Online de Licen\u00e7as de Softwares e Inform\u00e1tica\"},\"image\":{\"@id\":\"https:\\\/\\\/cyberlogics.ao\\\/#\\\/schema\\\/logo\\\/image\\\/\"}}]}<\/script>\n<!-- \/ Yoast SEO plugin. -->","yoast_head_json":{"title":"Microsoft Office 2019 - Pofissional Plus - Cyberlogics Technologies Angola","description":"A Maior Loja Online de Angola de Licen\u00e7as Microsoft Office | Chaves Sistemas Operativos Windows | Antiv\u00edrus | Cloud Adobe | Inform\u00e1tica & Servidores | Softwares de Gest\u00e3o ERP | Gaming Hardware | UPS e Baterias & Muito Mais...","robots":{"index":"index","follow":"follow","max-snippet":"max-snippet:-1","max-image-preview":"max-image-preview:large","max-video-preview":"max-video-preview:-1"},"canonical":"https:\/\/cyberlogics.ao\/index.php\/product\/office-2019-pofissional-plus\/","og_locale":"pt_PT","og_type":"article","og_title":"Microsoft Office 2019 - Pofissional Plus - Cyberlogics Technologies Angola","og_description":"A Maior Loja Online de Angola de Licen\u00e7as Microsoft Office | Chaves Sistemas Operativos Windows | Antiv\u00edrus | Cloud Adobe | Inform\u00e1tica & Servidores | Softwares de Gest\u00e3o ERP | Gaming Hardware | UPS e Baterias & Muito Mais...","og_url":"https:\/\/cyberlogics.ao\/index.php\/product\/office-2019-pofissional-plus\/","og_site_name":"Cyberlogics Technologies Angola","article_modified_time":"2024-06-10T15:15:21+00:00","og_image":[{"width":1000,"height":1000,"url":"http:\/\/cyberlogics.ao\/wp-content\/uploads\/2022\/04\/p1_2742119_b33b2839.jpg","type":"image\/jpeg"}],"twitter_card":"summary_large_image","twitter_misc":{"Tempo estimado de leitura":"2 minutos"},"schema":{"@context":"https:\/\/schema.org","@graph":[{"@type":"WebPage","@id":"https:\/\/cyberlogics.ao\/index.php\/product\/office-2019-pofissional-plus\/","url":"https:\/\/cyberlogics.ao\/index.php\/product\/office-2019-pofissional-plus\/","name":"Microsoft Office 2019 - Pofissional Plus - Cyberlogics Technologies Angola","isPartOf":{"@id":"https:\/\/cyberlogics.ao\/#website"},"primaryImageOfPage":{"@id":"https:\/\/cyberlogics.ao\/index.php\/product\/office-2019-pofissional-plus\/#primaryimage"},"image":{"@id":"https:\/\/cyberlogics.ao\/index.php\/product\/office-2019-pofissional-plus\/#primaryimage"},"thumbnailUrl":"https:\/\/cyberlogics.ao\/wp-content\/uploads\/2022\/04\/p1_2742119_b33b2839.jpg","datePublished":"2022-04-22T17:19:39+00:00","dateModified":"2024-06-10T15:15:21+00:00","description":"A Maior Loja Online de Angola de Licen\u00e7as Microsoft Office | Chaves Sistemas Operativos Windows | Antiv\u00edrus | Cloud Adobe | Inform\u00e1tica & Servidores | Softwares de Gest\u00e3o ERP | Gaming Hardware | UPS e Baterias & Muito Mais...","breadcrumb":{"@id":"https:\/\/cyberlogics.ao\/index.php\/product\/office-2019-pofissional-plus\/#breadcrumb"},"inLanguage":"pt-PT","potentialAction":[{"@type":"ReadAction","target":["https:\/\/cyberlogics.ao\/index.php\/product\/office-2019-pofissional-plus\/"]}]},{"@type":"ImageObject","inLanguage":"pt-PT","@id":"https:\/\/cyberlogics.ao\/index.php\/product\/office-2019-pofissional-plus\/#primaryimage","url":"https:\/\/cyberlogics.ao\/wp-content\/uploads\/2022\/04\/p1_2742119_b33b2839.jpg","contentUrl":"https:\/\/cyberlogics.ao\/wp-content\/uploads\/2022\/04\/p1_2742119_b33b2839.jpg","width":1000,"height":1000},{"@type":"BreadcrumbList","@id":"https:\/\/cyberlogics.ao\/index.php\/product\/office-2019-pofissional-plus\/#breadcrumb","itemListElement":[{"@type":"ListItem","position":1,"name":"In\u00edcio","item":"https:\/\/cyberlogics.ao\/"},{"@type":"ListItem","position":2,"name":"Produtos","item":"https:\/\/cyberlogics.ao\/index.php\/shop-2\/"},{"@type":"ListItem","position":3,"name":"Microsoft Office 2019 &#8211; Pofissional Plus"}]},{"@type":"WebSite","@id":"https:\/\/cyberlogics.ao\/#website","url":"https:\/\/cyberlogics.ao\/","name":"Cyberlogics Technologies Angola","description":"Loja Online de Licen\u00e7as de Softwares e Inform\u00e1tica","publisher":{"@id":"https:\/\/cyberlogics.ao\/#organization"},"potentialAction":[{"@type":"SearchAction","target":{"@type":"EntryPoint","urlTemplate":"https:\/\/cyberlogics.ao\/?s={search_term_string}"},"query-input":{"@type":"PropertyValueSpecification","valueRequired":true,"valueName":"search_term_string"}}],"inLanguage":"pt-PT"},{"@type":"Organization","@id":"https:\/\/cyberlogics.ao\/#organization","name":"Cyberlogics Ao Technologies - Loja Online de Licen\u00e7as de Softwares e Inform\u00e1tica","url":"https:\/\/cyberlogics.ao\/","logo":{"@type":"ImageObject","inLanguage":"pt-PT","@id":"https:\/\/cyberlogics.ao\/#\/schema\/logo\/image\/","url":"https:\/\/cyberlogics.ao\/wp-content\/uploads\/2022\/04\/CT-logo.png","contentUrl":"https:\/\/cyberlogics.ao\/wp-content\/uploads\/2022\/04\/CT-logo.png","width":190,"height":75,"caption":"Cyberlogics Ao Technologies - Loja Online de Licen\u00e7as de Softwares e Inform\u00e1tica"},"image":{"@id":"https:\/\/cyberlogics.ao\/#\/schema\/logo\/image\/"}}]}},"_links":{"self":[{"href":"https:\/\/cyberlogics.ao\/index.php\/wp-json\/wp\/v2\/product\/5934","targetHints":{"allow":["GET"]}}],"collection":[{"href":"https:\/\/cyberlogics.ao\/index.php\/wp-json\/wp\/v2\/product"}],"about":[{"href":"https:\/\/cyberlogics.ao\/index.php\/wp-json\/wp\/v2\/types\/product"}],"replies":[{"embeddable":true,"href":"https:\/\/cyberlogics.ao\/index.php\/wp-json\/wp\/v2\/comments?post=5934"}],"wp:featuredmedia":[{"embeddable":true,"href":"https:\/\/cyberlogics.ao\/index.php\/wp-json\/wp\/v2\/media\/5935"}],"wp:attachment":[{"href":"https:\/\/cyberlogics.ao\/index.php\/wp-json\/wp\/v2\/media?parent=5934"}],"wp:term":[{"taxonomy":"product_brand","embeddable":true,"href":"https:\/\/cyberlogics.ao\/index.php\/wp-json\/wp\/v2\/product_brand?post=5934"},{"taxonomy":"product_cat","embeddable":true,"href":"https:\/\/cyberlogics.ao\/index.php\/wp-json\/wp\/v2\/product_cat?post=5934"},{"taxonomy":"product_tag","embeddable":true,"href":"https:\/\/cyberlogics.ao\/index.php\/wp-json\/wp\/v2\/product_tag?post=5934"}],"curies":[{"name":"wp","href":"https:\/\/api.w.org\/{rel}","templated":true}]}}