{"id":5939,"date":"2022-04-22T17:38:37","date_gmt":"2022-04-22T17:38:37","guid":{"rendered":"https:\/\/cyberlogics.ao\/?post_type=product&#038;p=5939"},"modified":"2024-02-09T15:23:08","modified_gmt":"2024-02-09T15:23:08","slug":"windows-8-1-profissional","status":"publish","type":"product","link":"https:\/\/cyberlogics.ao\/index.php\/product\/windows-8-1-profissional\/","title":{"rendered":"Windows 8.1 Profissional"},"content":{"rendered":"<p>A ativa\u00e7\u00e3o ajuda a verificar se sua c\u00f3pia do Windows \u00e9 genu\u00edna e n\u00e3o foi usada em mais dispositivos do que os Termos de Licen\u00e7a para Software Microsoft permitem. Uma chave de produto do Windows \u00e9 um c\u00f3digo de 25 caracteres usado para ativar o Windows.<\/p>\n<p>Parece com isto: CHAVE DO PRODUTO: XXXXX-XXXXX-XXXXX-XXXXX-XXXXX<\/p>\n<p>Ative a chave atrav\u00e9s das configura\u00e7\u00f5es do computador.<\/p>\n<p>Sem uma chave de produto, voc\u00ea n\u00e3o poder\u00e1 ativar seu dispositivo.<\/p>\n<p>\ud835\udc08\ud835\udc0c\ud835\udc0f\ud835\udc0e\ud835\udc11\ud835\udc13\ud835\udc00\ud835\udc0d\ud835\udc13|\ud835\udc08\ud835\udc0c\ud835\udc0f\ud835\udc0e\ud835\udc11\ud835\udc13\ud835\udc00\ud835\udc0d\ud835\udc13|\ud835\udc08\ud835\udc0c\ud835\udc0f\ud835\udc0e\ud835\udc11\ud835\udc13\ud835\udc00\ud835\udc0d\ud835\udc13<br \/>\nA CHAVE N\u00c3O PODE SER USADA PARA ATUALIZAR DE OUTRA VERS\u00c3O DO WINDOWS!<br \/>\n1 Chave = 1 PC.<br \/>\nTipo de licen\u00e7a: VAREJO (n\u00e3o \u00e9 chaves falsas como mak ou sonhosaprk)<br \/>\nVIDA!<br \/>\nSe voc\u00ea encontrar algum tipo de problema durante a ativa\u00e7\u00e3o da chave, entre em contato conosco na aba de correspond\u00eancia da p\u00e1gina de compra\/chat\/ &#8211; ap\u00f3s a compra, voc\u00ea ser\u00e1 redirecionado para uma p\u00e1gina onde poder\u00e1 ver sua chave e poder\u00e1 entrar em contato conosco \/voc\u00ea pode acessar esta p\u00e1gina com o e-mail, usado durante a compra do item, clique em &#8220;Minhas compras&#8221; no topo da p\u00e1gina e digite seu e-mail, ent\u00e3o voc\u00ea receber\u00e1 um e-mail que cont\u00e9m um link que o levar\u00e1 para sua p\u00e1gina de pedidos\/compra anteriores\/\/.<\/p>\n<p>Estamos resolvendo todos os tipos de problemas rapidamente! POR FAVOR, N\u00c3O ABRA RECLAMA\u00c7\u00d5ES NO PAYPAL E N\u00c3O ESCREVA FEEDBACK NEGATIVO ANTES DE TENTAR RESOLVER SEU PROBLEMA!<\/p>\n","protected":false},"excerpt":{"rendered":"<p>Com o Windows 8.1, voc\u00ea pode iniciar na \u00e1rea de trabalho que sempre conheceu ou na tela inicial moderna com aplicativos como Live Tiles. Voc\u00ea pode usar o toque, o mouse ou o teclado \u2013 o que for mais f\u00e1cil. E voc\u00ea pode usar os acess\u00f3rios que quiser porque o Windows \u00e9 compat\u00edvel com quase todos eles. Al\u00e9m disso, voc\u00ea pode pesquisar em seu PC, na Web, na nuvem e em aplicativos ao mesmo tempo com o Bing Smart Search. Basta acessar o bot\u00e3o Pesquisar no lado direito da tela.<\/p>\n<p>\ud83c\udd75\ud83c\udd74\ud83c\udd70\ud83c\udd83\ud83c\udd84\ud83c\udd81\ud83c\udd74\ud83c\udd82:<br \/>\nUma bela nova tela inicial com blocos din\u00e2micos, al\u00e9m da \u00e1rea de trabalho familiar e do bot\u00e3o Iniciar.<br \/>\nProjetado para toque, mouse e teclado.<br \/>\n\u00d3timos aplicativos integrados, como Mail, Calend\u00e1rio, Fotos e Skype, com muitos outros dispon\u00edveis na Windows Store.<br \/>\nArmazenamento em nuvem integrado com o OneDrive para acesso f\u00e1cil \u00e0s suas imagens, arquivos e configura\u00e7\u00f5es.<br \/>\nInclui o Internet Explorer 11 para uma navega\u00e7\u00e3o na Web mais r\u00e1pida e segura.<br \/>\nMant\u00e9m voc\u00ea atualizado e mais seguro com o Windows Defender, o Firewall do Windows e o Windows Update.<\/p>\n","protected":false},"featured_media":5940,"comment_status":"open","ping_status":"closed","template":"","meta":{"_joinchat":[]},"product_brand":[],"product_cat":[245,249],"product_tag":[],"class_list":{"0":"post-5939","1":"product","2":"type-product","3":"status-publish","4":"has-post-thumbnail","6":"product_cat-sistemas-operativos","7":"product_cat-windows-8","9":"first","10":"instock","11":"shipping-taxable","12":"purchasable","13":"product-type-simple"},"yoast_head":"<!-- This site is optimized with the Yoast SEO plugin v27.4 - https:\/\/yoast.com\/product\/yoast-seo-wordpress\/ -->\n<title>Windows 8.1 Profissional - Cyberlogics Technologies Angola<\/title>\n<meta name=\"description\" content=\"A Maior Loja Online de Angola de Licen\u00e7as Microsoft Office | Chaves Sistemas Operativos Windows | Antiv\u00edrus | Cloud Adobe | Inform\u00e1tica &amp; Servidores | Softwares de Gest\u00e3o ERP | Gaming Hardware | UPS e Baterias &amp; Muito Mais...\" \/>\n<meta name=\"robots\" content=\"index, follow, max-snippet:-1, max-image-preview:large, max-video-preview:-1\" \/>\n<link rel=\"canonical\" href=\"https:\/\/cyberlogics.ao\/index.php\/product\/windows-8-1-profissional\/\" \/>\n<meta property=\"og:locale\" content=\"pt_PT\" \/>\n<meta property=\"og:type\" content=\"article\" \/>\n<meta property=\"og:title\" content=\"Windows 8.1 Profissional - Cyberlogics Technologies Angola\" \/>\n<meta property=\"og:description\" content=\"A Maior Loja Online de Angola de Licen\u00e7as Microsoft Office | Chaves Sistemas Operativos Windows | Antiv\u00edrus | Cloud Adobe | Inform\u00e1tica &amp; Servidores | Softwares de Gest\u00e3o ERP | Gaming Hardware | UPS e Baterias &amp; Muito Mais...\" \/>\n<meta property=\"og:url\" content=\"https:\/\/cyberlogics.ao\/index.php\/product\/windows-8-1-profissional\/\" \/>\n<meta property=\"og:site_name\" content=\"Cyberlogics Technologies Angola\" \/>\n<meta property=\"article:modified_time\" content=\"2024-02-09T15:23:08+00:00\" \/>\n<meta property=\"og:image\" content=\"http:\/\/cyberlogics.ao\/wp-content\/uploads\/2022\/04\/p1_2742064_569e9386.jpg\" \/>\n\t<meta property=\"og:image:width\" content=\"700\" \/>\n\t<meta property=\"og:image:height\" content=\"700\" \/>\n\t<meta property=\"og:image:type\" content=\"image\/jpeg\" \/>\n<meta name=\"twitter:card\" content=\"summary_large_image\" \/>\n<meta name=\"twitter:label1\" content=\"Tempo estimado de leitura\" \/>\n\t<meta name=\"twitter:data1\" content=\"1 minuto\" \/>\n<script type=\"application\/ld+json\" class=\"yoast-schema-graph\">{\"@context\":\"https:\\\/\\\/schema.org\",\"@graph\":[{\"@type\":\"WebPage\",\"@id\":\"https:\\\/\\\/cyberlogics.ao\\\/index.php\\\/product\\\/windows-8-1-profissional\\\/\",\"url\":\"https:\\\/\\\/cyberlogics.ao\\\/index.php\\\/product\\\/windows-8-1-profissional\\\/\",\"name\":\"Windows 8.1 Profissional - Cyberlogics Technologies Angola\",\"isPartOf\":{\"@id\":\"https:\\\/\\\/cyberlogics.ao\\\/#website\"},\"primaryImageOfPage\":{\"@id\":\"https:\\\/\\\/cyberlogics.ao\\\/index.php\\\/product\\\/windows-8-1-profissional\\\/#primaryimage\"},\"image\":{\"@id\":\"https:\\\/\\\/cyberlogics.ao\\\/index.php\\\/product\\\/windows-8-1-profissional\\\/#primaryimage\"},\"thumbnailUrl\":\"https:\\\/\\\/cyberlogics.ao\\\/wp-content\\\/uploads\\\/2022\\\/04\\\/p1_2742064_569e9386.jpg\",\"datePublished\":\"2022-04-22T17:38:37+00:00\",\"dateModified\":\"2024-02-09T15:23:08+00:00\",\"description\":\"A Maior Loja Online de Angola de Licen\u00e7as Microsoft Office | Chaves Sistemas Operativos Windows | Antiv\u00edrus | Cloud Adobe | Inform\u00e1tica & Servidores | Softwares de Gest\u00e3o ERP | Gaming Hardware | UPS e Baterias & Muito Mais...\",\"breadcrumb\":{\"@id\":\"https:\\\/\\\/cyberlogics.ao\\\/index.php\\\/product\\\/windows-8-1-profissional\\\/#breadcrumb\"},\"inLanguage\":\"pt-PT\",\"potentialAction\":[{\"@type\":\"ReadAction\",\"target\":[\"https:\\\/\\\/cyberlogics.ao\\\/index.php\\\/product\\\/windows-8-1-profissional\\\/\"]}]},{\"@type\":\"ImageObject\",\"inLanguage\":\"pt-PT\",\"@id\":\"https:\\\/\\\/cyberlogics.ao\\\/index.php\\\/product\\\/windows-8-1-profissional\\\/#primaryimage\",\"url\":\"https:\\\/\\\/cyberlogics.ao\\\/wp-content\\\/uploads\\\/2022\\\/04\\\/p1_2742064_569e9386.jpg\",\"contentUrl\":\"https:\\\/\\\/cyberlogics.ao\\\/wp-content\\\/uploads\\\/2022\\\/04\\\/p1_2742064_569e9386.jpg\",\"width\":700,\"height\":700},{\"@type\":\"BreadcrumbList\",\"@id\":\"https:\\\/\\\/cyberlogics.ao\\\/index.php\\\/product\\\/windows-8-1-profissional\\\/#breadcrumb\",\"itemListElement\":[{\"@type\":\"ListItem\",\"position\":1,\"name\":\"In\u00edcio\",\"item\":\"https:\\\/\\\/cyberlogics.ao\\\/\"},{\"@type\":\"ListItem\",\"position\":2,\"name\":\"Produtos\",\"item\":\"https:\\\/\\\/cyberlogics.ao\\\/index.php\\\/shop-2\\\/\"},{\"@type\":\"ListItem\",\"position\":3,\"name\":\"Windows 8.1 Profissional\"}]},{\"@type\":\"WebSite\",\"@id\":\"https:\\\/\\\/cyberlogics.ao\\\/#website\",\"url\":\"https:\\\/\\\/cyberlogics.ao\\\/\",\"name\":\"Cyberlogics Technologies Angola\",\"description\":\"Loja Online de Licen\u00e7as de Softwares e Inform\u00e1tica\",\"publisher\":{\"@id\":\"https:\\\/\\\/cyberlogics.ao\\\/#organization\"},\"potentialAction\":[{\"@type\":\"SearchAction\",\"target\":{\"@type\":\"EntryPoint\",\"urlTemplate\":\"https:\\\/\\\/cyberlogics.ao\\\/?s={search_term_string}\"},\"query-input\":{\"@type\":\"PropertyValueSpecification\",\"valueRequired\":true,\"valueName\":\"search_term_string\"}}],\"inLanguage\":\"pt-PT\"},{\"@type\":\"Organization\",\"@id\":\"https:\\\/\\\/cyberlogics.ao\\\/#organization\",\"name\":\"Cyberlogics Ao Technologies - Loja Online de Licen\u00e7as de Softwares e Inform\u00e1tica\",\"url\":\"https:\\\/\\\/cyberlogics.ao\\\/\",\"logo\":{\"@type\":\"ImageObject\",\"inLanguage\":\"pt-PT\",\"@id\":\"https:\\\/\\\/cyberlogics.ao\\\/#\\\/schema\\\/logo\\\/image\\\/\",\"url\":\"https:\\\/\\\/cyberlogics.ao\\\/wp-content\\\/uploads\\\/2022\\\/04\\\/CT-logo.png\",\"contentUrl\":\"https:\\\/\\\/cyberlogics.ao\\\/wp-content\\\/uploads\\\/2022\\\/04\\\/CT-logo.png\",\"width\":190,\"height\":75,\"caption\":\"Cyberlogics Ao Technologies - Loja Online de Licen\u00e7as de Softwares e Inform\u00e1tica\"},\"image\":{\"@id\":\"https:\\\/\\\/cyberlogics.ao\\\/#\\\/schema\\\/logo\\\/image\\\/\"}}]}<\/script>\n<!-- \/ Yoast SEO plugin. -->","yoast_head_json":{"title":"Windows 8.1 Profissional - Cyberlogics Technologies Angola","description":"A Maior Loja Online de Angola de Licen\u00e7as Microsoft Office | Chaves Sistemas Operativos Windows | Antiv\u00edrus | Cloud Adobe | Inform\u00e1tica & Servidores | Softwares de Gest\u00e3o ERP | Gaming Hardware | UPS e Baterias & Muito Mais...","robots":{"index":"index","follow":"follow","max-snippet":"max-snippet:-1","max-image-preview":"max-image-preview:large","max-video-preview":"max-video-preview:-1"},"canonical":"https:\/\/cyberlogics.ao\/index.php\/product\/windows-8-1-profissional\/","og_locale":"pt_PT","og_type":"article","og_title":"Windows 8.1 Profissional - Cyberlogics Technologies Angola","og_description":"A Maior Loja Online de Angola de Licen\u00e7as Microsoft Office | Chaves Sistemas Operativos Windows | Antiv\u00edrus | Cloud Adobe | Inform\u00e1tica & Servidores | Softwares de Gest\u00e3o ERP | Gaming Hardware | UPS e Baterias & Muito Mais...","og_url":"https:\/\/cyberlogics.ao\/index.php\/product\/windows-8-1-profissional\/","og_site_name":"Cyberlogics Technologies Angola","article_modified_time":"2024-02-09T15:23:08+00:00","og_image":[{"width":700,"height":700,"url":"http:\/\/cyberlogics.ao\/wp-content\/uploads\/2022\/04\/p1_2742064_569e9386.jpg","type":"image\/jpeg"}],"twitter_card":"summary_large_image","twitter_misc":{"Tempo estimado de leitura":"1 minuto"},"schema":{"@context":"https:\/\/schema.org","@graph":[{"@type":"WebPage","@id":"https:\/\/cyberlogics.ao\/index.php\/product\/windows-8-1-profissional\/","url":"https:\/\/cyberlogics.ao\/index.php\/product\/windows-8-1-profissional\/","name":"Windows 8.1 Profissional - Cyberlogics Technologies Angola","isPartOf":{"@id":"https:\/\/cyberlogics.ao\/#website"},"primaryImageOfPage":{"@id":"https:\/\/cyberlogics.ao\/index.php\/product\/windows-8-1-profissional\/#primaryimage"},"image":{"@id":"https:\/\/cyberlogics.ao\/index.php\/product\/windows-8-1-profissional\/#primaryimage"},"thumbnailUrl":"https:\/\/cyberlogics.ao\/wp-content\/uploads\/2022\/04\/p1_2742064_569e9386.jpg","datePublished":"2022-04-22T17:38:37+00:00","dateModified":"2024-02-09T15:23:08+00:00","description":"A Maior Loja Online de Angola de Licen\u00e7as Microsoft Office | Chaves Sistemas Operativos Windows | Antiv\u00edrus | Cloud Adobe | Inform\u00e1tica & Servidores | Softwares de Gest\u00e3o ERP | Gaming Hardware | UPS e Baterias & Muito Mais...","breadcrumb":{"@id":"https:\/\/cyberlogics.ao\/index.php\/product\/windows-8-1-profissional\/#breadcrumb"},"inLanguage":"pt-PT","potentialAction":[{"@type":"ReadAction","target":["https:\/\/cyberlogics.ao\/index.php\/product\/windows-8-1-profissional\/"]}]},{"@type":"ImageObject","inLanguage":"pt-PT","@id":"https:\/\/cyberlogics.ao\/index.php\/product\/windows-8-1-profissional\/#primaryimage","url":"https:\/\/cyberlogics.ao\/wp-content\/uploads\/2022\/04\/p1_2742064_569e9386.jpg","contentUrl":"https:\/\/cyberlogics.ao\/wp-content\/uploads\/2022\/04\/p1_2742064_569e9386.jpg","width":700,"height":700},{"@type":"BreadcrumbList","@id":"https:\/\/cyberlogics.ao\/index.php\/product\/windows-8-1-profissional\/#breadcrumb","itemListElement":[{"@type":"ListItem","position":1,"name":"In\u00edcio","item":"https:\/\/cyberlogics.ao\/"},{"@type":"ListItem","position":2,"name":"Produtos","item":"https:\/\/cyberlogics.ao\/index.php\/shop-2\/"},{"@type":"ListItem","position":3,"name":"Windows 8.1 Profissional"}]},{"@type":"WebSite","@id":"https:\/\/cyberlogics.ao\/#website","url":"https:\/\/cyberlogics.ao\/","name":"Cyberlogics Technologies Angola","description":"Loja Online de Licen\u00e7as de Softwares e Inform\u00e1tica","publisher":{"@id":"https:\/\/cyberlogics.ao\/#organization"},"potentialAction":[{"@type":"SearchAction","target":{"@type":"EntryPoint","urlTemplate":"https:\/\/cyberlogics.ao\/?s={search_term_string}"},"query-input":{"@type":"PropertyValueSpecification","valueRequired":true,"valueName":"search_term_string"}}],"inLanguage":"pt-PT"},{"@type":"Organization","@id":"https:\/\/cyberlogics.ao\/#organization","name":"Cyberlogics Ao Technologies - Loja Online de Licen\u00e7as de Softwares e Inform\u00e1tica","url":"https:\/\/cyberlogics.ao\/","logo":{"@type":"ImageObject","inLanguage":"pt-PT","@id":"https:\/\/cyberlogics.ao\/#\/schema\/logo\/image\/","url":"https:\/\/cyberlogics.ao\/wp-content\/uploads\/2022\/04\/CT-logo.png","contentUrl":"https:\/\/cyberlogics.ao\/wp-content\/uploads\/2022\/04\/CT-logo.png","width":190,"height":75,"caption":"Cyberlogics Ao Technologies - Loja Online de Licen\u00e7as de Softwares e Inform\u00e1tica"},"image":{"@id":"https:\/\/cyberlogics.ao\/#\/schema\/logo\/image\/"}}]}},"_links":{"self":[{"href":"https:\/\/cyberlogics.ao\/index.php\/wp-json\/wp\/v2\/product\/5939","targetHints":{"allow":["GET"]}}],"collection":[{"href":"https:\/\/cyberlogics.ao\/index.php\/wp-json\/wp\/v2\/product"}],"about":[{"href":"https:\/\/cyberlogics.ao\/index.php\/wp-json\/wp\/v2\/types\/product"}],"replies":[{"embeddable":true,"href":"https:\/\/cyberlogics.ao\/index.php\/wp-json\/wp\/v2\/comments?post=5939"}],"wp:featuredmedia":[{"embeddable":true,"href":"https:\/\/cyberlogics.ao\/index.php\/wp-json\/wp\/v2\/media\/5940"}],"wp:attachment":[{"href":"https:\/\/cyberlogics.ao\/index.php\/wp-json\/wp\/v2\/media?parent=5939"}],"wp:term":[{"taxonomy":"product_brand","embeddable":true,"href":"https:\/\/cyberlogics.ao\/index.php\/wp-json\/wp\/v2\/product_brand?post=5939"},{"taxonomy":"product_cat","embeddable":true,"href":"https:\/\/cyberlogics.ao\/index.php\/wp-json\/wp\/v2\/product_cat?post=5939"},{"taxonomy":"product_tag","embeddable":true,"href":"https:\/\/cyberlogics.ao\/index.php\/wp-json\/wp\/v2\/product_tag?post=5939"}],"curies":[{"name":"wp","href":"https:\/\/api.w.org\/{rel}","templated":true}]}}